{"id":344,"date":"2024-06-28T09:45:28","date_gmt":"2024-06-28T09:45:28","guid":{"rendered":"https:\/\/rfid-laundry-tag.com\/?post_type=product&#038;p=344"},"modified":"2024-06-28T09:50:44","modified_gmt":"2024-06-28T09:50:44","slug":"13-56mhz-rfid-1k-token-coin-tag","status":"publish","type":"product","link":"https:\/\/rfid-laundry-tag.com\/de\/13-56mhz-rfid-1k-token-coin-tag\/","title":{"rendered":"13,56 MHz RFID 1K Token-M\u00fcnzanh\u00e4nger"},"content":{"rendered":"<p><strong>13,56 MHz RFID 1K Token-M\u00fcnzanh\u00e4nger<\/strong><\/p>\n<p style=\"text-align: left;\">Wichtige Informationen: Waffelfest und langlebig.<\/p>\n<p style=\"text-align: left;\">Gr\u00f6\u00dfe und Logo k\u00f6nnen individuell angepasst werden.<\/p>\n<p style=\"text-align: left;\">Druck: wei\u00dfe Farbe oder individuelles Logo<\/p>\n<p style=\"text-align: left;\">Gr\u00f6\u00dfe: Durchmesser 25 mm, 30 mm<\/p>\n<p style=\"text-align: left;\">Mindestmenge: 1000 St\u00fcck<\/p>\n<p style=\"text-align: left;\">Chips: RFID 1K usw.<\/p>\n<p style=\"text-align: left;\">Zus\u00e4tzliche Funktionen: Logo, gedruckte Seriennummer, QR-Code, Barcodes, variable Daten und Serialisierung usw.<\/p>\n<table border=\"1\" cellspacing=\"0\" cellpadding=\"0\">\n<tbody>\n<tr>\n<td colspan=\"2\">\n<p align=\"left\">Technische Daten<\/p>\n<\/td>\n<\/tr>\n<tr>\n<td>\n<p align=\"left\">Etiketten-\/Chiptyp<\/p>\n<\/td>\n<td>\n<p align=\"left\">RFID 1K<\/p>\n<\/td>\n<\/tr>\n<tr>\n<td>\n<p align=\"left\">Betriebsfrequenz<\/p>\n<\/td>\n<td>\n<p align=\"left\">13,56 MHz<\/p>\n<\/td>\n<\/tr>\n<tr>\n<td>\n<p align=\"left\">Getestete Lesereichweite<\/p>\n<\/td>\n<td>\n<p align=\"left\">0 \u2013 100 mm abh\u00e4ngig von der Leistung des Leseger\u00e4ts<\/p>\n<\/td>\n<\/tr>\n<tr>\n<td>\n<p align=\"left\">Mehrfacherkennung<\/p>\n<\/td>\n<td>\n<p align=\"left\">Ja<\/p>\n<\/td>\n<\/tr>\n<tr>\n<td>\n<p align=\"left\">Gr\u00f6\u00dfe<\/p>\n<\/td>\n<td>Durchmesser 25 mm, Durchmesser 30 mm usw.<\/td>\n<\/tr>\n<tr>\n<td>\n<p align=\"left\">Material<\/p>\n<\/td>\n<td>\n<p align=\"left\">PVC \/ PET \/ Antenne usw.<\/p>\n<\/td>\n<\/tr>\n<tr>\n<td>\n<p align=\"left\">Protokoll:<\/p>\n<\/td>\n<td>\n<p align=\"left\">ISO14443A<\/p>\n<\/td>\n<\/tr>\n<tr>\n<td>\n<p align=\"left\">Umgebungsbedingungen<\/p>\n<\/td>\n<td>\n<p align=\"left\">Haltbarkeit 5 Jahre<\/p>\n<p align=\"left\">Empfohlen: -25 \u00b0C bis +50 \u00b0C<\/p>\n<p align=\"left\">Lagerbedingungen: 20% bis 90%RH<\/p>\n<p align=\"left\">Betriebstemperatur: -40 \u00b0C bis +65 \u00b0C<\/p>\n<\/td>\n<\/tr>\n<tr>\n<td>\n<p align=\"left\">Lese-\/Schreibzeiten:<\/p>\n<\/td>\n<td>\n<p align=\"left\">100000 mal<\/p>\n<\/td>\n<\/tr>\n<tr>\n<td>\n<p align=\"left\">Anwendung:<\/p>\n<\/td>\n<td>\n<p align=\"left\" data-spm-anchor-id=\"a2700.wholesale.0.i54.a0d8206fLph15n\">\u00d6ffentliche Verkehrsmittel, Zugangsmanagement, E-Tickets, Logistik- und Versorgungsmanagement, Produktion, Fertigung und Montage, Windschutzscheibenetiketten, Dokumentenverfolgung, W\u00e4schemanagement, Bibliotheksverwaltung, Tieridentit\u00e4t und so weiter<\/p>\n<\/td>\n<\/tr>\n<\/tbody>\n<\/table>\n<p>&nbsp;<\/p>\n<p>Dieses RFID-NFC-M\u00fcnzetikett mit Klebstoff scheint ein robustes und zuverl\u00e4ssiges Produkt zu sein, insbesondere mit den von Ihnen genannten Funktionen. Die Verwendung von Antimetallmaterialien, 3M-Kleber und Ultraschallschwei\u00dfen verbessert seine Leistung auf Metalloberfl\u00e4chen und gew\u00e4hrleistet Wasserdichtigkeit und Schlagfestigkeit. Die Verwendung einer Spule aus reinem Kupferdraht zur Frequenzstabilit\u00e4t ist eine gute Wahl, da sie auch in anspruchsvollen Umgebungen konstante Kartenlesedistanzen erm\u00f6glicht. Insgesamt sollte diese Technologie eine zuverl\u00e4ssige und konstante Leistung bieten und sich daher f\u00fcr raue Bedingungen eignen.<\/p>\n<p>&nbsp;<\/p>","protected":false},"excerpt":{"rendered":"<p>Der 13,56 MHz RFID 1K Token-M\u00fcnzanh\u00e4nger ist aufgrund seiner geringen Gr\u00f6\u00dfe, einfachen Installation und Haltbarkeit eine solide Wahl f\u00fcr die Anlagenverfolgung. Bei PVC- oder PET-Material betr\u00e4gt der Chipspeicher 1 KByte.<\/p>","protected":false},"featured_media":345,"template":"","meta":{"_kad_post_transparent":"default","_kad_post_title":"","_kad_post_layout":"default","_kad_post_sidebar_id":"","_kad_post_content_style":"default","_kad_post_vertical_padding":"default","_kad_post_feature":"","_kad_post_feature_position":"","_kad_post_header":false,"_kad_post_footer":false,"_kad_post_classname":""},"product_brand":[],"product_cat":[54],"product_tag":[149,145],"class_list":{"0":"post-344","1":"product","2":"type-product","3":"status-publish","4":"has-post-thumbnail","6":"product_cat-hot-selling-rfid-tags","7":"product_tag-13-56mhz-rfid-1k-token-coin-tag","8":"product_tag-anti-metal-nfc-tag","10":"first","11":"instock","12":"shipping-taxable","13":"product-type-simple","14":"entry","15":"content-bg","16":"loop-entry"},"_links":{"self":[{"href":"https:\/\/rfid-laundry-tag.com\/de\/wp-json\/wp\/v2\/product\/344","targetHints":{"allow":["GET"]}}],"collection":[{"href":"https:\/\/rfid-laundry-tag.com\/de\/wp-json\/wp\/v2\/product"}],"about":[{"href":"https:\/\/rfid-laundry-tag.com\/de\/wp-json\/wp\/v2\/types\/product"}],"version-history":[{"count":0,"href":"https:\/\/rfid-laundry-tag.com\/de\/wp-json\/wp\/v2\/product\/344\/revisions"}],"wp:featuredmedia":[{"embeddable":true,"href":"https:\/\/rfid-laundry-tag.com\/de\/wp-json\/wp\/v2\/media\/345"}],"wp:attachment":[{"href":"https:\/\/rfid-laundry-tag.com\/de\/wp-json\/wp\/v2\/media?parent=344"}],"wp:term":[{"taxonomy":"product_brand","embeddable":true,"href":"https:\/\/rfid-laundry-tag.com\/de\/wp-json\/wp\/v2\/product_brand?post=344"},{"taxonomy":"product_cat","embeddable":true,"href":"https:\/\/rfid-laundry-tag.com\/de\/wp-json\/wp\/v2\/product_cat?post=344"},{"taxonomy":"product_tag","embeddable":true,"href":"https:\/\/rfid-laundry-tag.com\/de\/wp-json\/wp\/v2\/product_tag?post=344"}],"curies":[{"name":"wp","href":"https:\/\/api.w.org\/{rel}","templated":true}]}}