{"id":338,"date":"2024-06-28T08:41:45","date_gmt":"2024-06-28T08:41:45","guid":{"rendered":"https:\/\/rfid-laundry-tag.com\/?post_type=product&#038;p=338"},"modified":"2024-07-16T16:20:17","modified_gmt":"2024-07-16T16:20:17","slug":"nxp-mifare-1k-rfid-nfc-inlay-sticker","status":"publish","type":"product","link":"https:\/\/rfid-laundry-tag.com\/de\/nxp-mifare-1k-rfid-nfc-inlay-sticker\/","title":{"rendered":"NXP Mifare 1k RFID NFC Inlay-Aufkleber"},"content":{"rendered":"<table class=\"has-title all magic-13\">\n<tbody>\n<tr>\n<td colspan=\"1\" rowspan=\"1\">\n<div class=\"magic-14\" data-spm-anchor-id=\"a2700.details.0.i37.2ec61361oDo4aX\">Produktname<\/div>\n<\/td>\n<td colspan=\"1\" rowspan=\"1\">\n<div class=\"magic-15\">NXP Mifare 1k RFID NFC Inlay-Aufkleber<\/div>\n<\/td>\n<\/tr>\n<tr>\n<td colspan=\"1\" rowspan=\"1\">\n<div class=\"magic-14\">Chip<\/div>\n<\/td>\n<td colspan=\"1\" rowspan=\"1\">\n<div class=\"magic-15\">MIFARE Classic\u00ae 1K<\/div>\n<\/td>\n<\/tr>\n<tr>\n<td colspan=\"1\" rowspan=\"1\">\n<div class=\"magic-14\">Frequenz<\/div>\n<\/td>\n<td colspan=\"1\" rowspan=\"1\">\n<div class=\"magic-15\">13,56 MHz<\/div>\n<\/td>\n<\/tr>\n<tr>\n<td colspan=\"1\" rowspan=\"1\">\n<div class=\"magic-14\">Leseabstand<\/div>\n<\/td>\n<td colspan=\"1\" rowspan=\"1\">\n<div class=\"magic-15\">1-5 CM<\/div>\n<\/td>\n<\/tr>\n<tr>\n<td colspan=\"1\" rowspan=\"1\">\n<div class=\"magic-14\">Material<\/div>\n<\/td>\n<td colspan=\"1\" rowspan=\"1\">\n<div class=\"magic-15\">Beschichtetes Papier<\/div>\n<\/td>\n<\/tr>\n<tr>\n<td colspan=\"1\" rowspan=\"1\">\n<div class=\"magic-14\">Substrat<\/div>\n<\/td>\n<td colspan=\"1\" rowspan=\"1\">\n<div class=\"magic-15\">HAUSTIER<\/div>\n<\/td>\n<\/tr>\n<tr>\n<td colspan=\"1\" rowspan=\"1\">\n<div class=\"magic-14\">Durchmesser 50 mmGr\u00f6\u00dfe<\/div>\n<\/td>\n<td colspan=\"1\" rowspan=\"1\">\n<div class=\"magic-15\">Durchmesser 25 mm oder Anpassung<\/div>\n<\/td>\n<\/tr>\n<tr>\n<td colspan=\"1\" rowspan=\"1\">\n<div class=\"magic-14\">Arbeitsweise<\/div>\n<\/td>\n<td colspan=\"1\" rowspan=\"1\">\n<div class=\"magic-15\">Passiv<\/div>\n<\/td>\n<\/tr>\n<tr>\n<td colspan=\"1\" rowspan=\"1\">\n<div class=\"magic-14\">Schreibzyklen<\/div>\n<\/td>\n<td colspan=\"1\" rowspan=\"1\">\n<div class=\"magic-15\">100000<\/div>\n<\/td>\n<\/tr>\n<tr>\n<td colspan=\"1\" rowspan=\"1\">\n<div class=\"magic-14\">Betriebstemperatur \/ Luftfeuchtigkeit<\/div>\n<\/td>\n<td colspan=\"1\" rowspan=\"1\">\n<div class=\"magic-15\">-40 bis 70 \u00b0C\/20,1 bis 90,1 TP3T relative Luftfeuchtigkeit<\/div>\n<\/td>\n<\/tr>\n<tr>\n<td colspan=\"1\" rowspan=\"1\">\n<div class=\"magic-14\">Lagertemperatur \/ Luftfeuchtigkeit<\/div>\n<\/td>\n<td colspan=\"1\" rowspan=\"1\">\n<div class=\"magic-15\">-20\u201350 \u00b0C\/20,1\u201390,1 TP3T relative Luftfeuchtigkeit (ohne Kondensation).<\/div>\n<\/td>\n<\/tr>\n<tr>\n<td colspan=\"1\" rowspan=\"1\">\n<div class=\"magic-14\">Probenverf\u00fcgbarkeit<\/div>\n<\/td>\n<td colspan=\"1\" rowspan=\"1\">\n<div class=\"magic-15\">Kostenlose Muster sind auf Anfrage erh\u00e4ltlich<\/div>\n<\/td>\n<\/tr>\n<tr>\n<td colspan=\"1\" rowspan=\"1\">\n<div class=\"magic-14\">Verpackung<\/div>\n<\/td>\n<td colspan=\"1\" rowspan=\"1\">\n<div class=\"magic-15\">1000-5000 St\u00fcck\/Rolle, 4 Rollen\/Karton<\/div>\n<\/td>\n<\/tr>\n<tr>\n<td colspan=\"1\" rowspan=\"1\">\n<div class=\"magic-14\">\n<p>Anwendung<\/p>\n<div><\/div>\n<\/div>\n<\/td>\n<td colspan=\"1\" rowspan=\"1\">\n<div class=\"magic-15\" data-spm-anchor-id=\"a2700.details.0.i47.2ec61361oDo4aX\">Sichere Einlasskontrolle\/Bargeldloses Bezahlen Mitgliedschafts- und Treueprogramme Eventzugang und Branding\/Social Media\/Einzelhandel<br \/>\nUmwelt\/Spiele &amp; Spielzeug Standort\/Elektronik\/Messen\/Events\/Anrufanfrage\/Visitenkarten<\/div>\n<\/td>\n<\/tr>\n<\/tbody>\n<\/table>\n<p>&nbsp;<\/p>\n<p><strong>NXP<sup>\u00ae<\/sup>\u00a0hat das MIFARE<sup>\u00ae<\/sup>\u00a0MF1ICS50 zur Verwendung in einer kontaktlosen Chipkarte gem\u00e4\u00df ISO\/IEC 14443 Typ-A.<\/strong><\/p>\n<p>Der MIFARE MF1ICS50 IC wird in Anwendungen wie dem Ticketverkauf im \u00f6ffentlichen Nahverkehr eingesetzt, wo Gro\u00dfst\u00e4dte MIFARE als bevorzugte E-Ticketing-L\u00f6sung eingef\u00fchrt haben.<\/p>\n<p>Eine intelligente Antikollisionsfunktion erm\u00f6glicht den gleichzeitigen Einsatz mehrerer Karten im Feld. Der Antikollisionsalgorithmus w\u00e4hlt jede Karte einzeln aus und stellt sicher, dass die Ausf\u00fchrung einer Transaktion mit einer ausgew\u00e4hlten Karte korrekt erfolgt, ohne dass es zu Datenverf\u00e4lschungen durch andere Karten im Feld kommt.<\/p>\n<p>Das MF1ICS50 ist auf einfache Integration und Benutzerfreundlichkeit ausgelegt. So k\u00f6nnen komplette Tickettransaktionen in weniger als 100 ms abgewickelt werden. Der Benutzer der MF1ICS50-Karte muss daher nicht am Leseger\u00e4t anhalten, was zu einem hohen Durchsatz an den Toren und k\u00fcrzeren Einstiegszeiten in Busse f\u00fchrt. Die auf MIFARE basierende Karte kann w\u00e4hrend der Transaktion auch in der Brieftasche verbleiben, selbst wenn sich M\u00fcnzen darin befinden.<\/p>\n<p>Einige h\u00e4ufig gestellte Fragen zu NXP Mifare 1k RFID NFC-Inlay-Aufklebern:<\/p>\n<ol>\n<li>Was ist ein NXP Mifare 1k RFID NFC-Inlay-Aufkleber?<\/li>\n<\/ol>\n<ul>\n<li>Ein Inlay-Aufkleber besteht normalerweise aus einem kleinen RFID\/NFC-Chip und einer Antenne, die in eine d\u00fcnne Klebeschicht eingebettet sind. Der NXP Mifare 1k bezieht sich auf den spezifischen Chiptyp, der im Inlay verwendet wird.<\/li>\n<\/ul>\n<ol start=\"2\">\n<li>Welche Merkmale haben die NXP Mifare 1k RFID NFC-Inlay-Aufkleber?<\/li>\n<\/ol>\n<ul>\n<li>Der NXP Mifare 1k-Chip wird h\u00e4ufig in Anwendungen wie Zugangskontrolle, Transport und Treueprogrammen verwendet. Er bietet 1 Kilobyte Speicher und unterst\u00fctzt mehrere Authentifizierungsmethoden f\u00fcr die sichere Datenspeicherung.<\/li>\n<\/ul>\n<ol start=\"3\">\n<li>Wie k\u00f6nnen NXP Mifare 1k RFID NFC-Inlay-Aufkleber programmiert werden?<\/li>\n<\/ol>\n<ul>\n<li>Diese Inlay-Aufkleber k\u00f6nnen mit NFC-f\u00e4higen Ger\u00e4ten wie Smartphones oder speziellen RFID\/NFC-Leseger\u00e4ten programmiert werden. Dies erm\u00f6glicht die Personalisierung der auf dem Chip gespeicherten Daten, wie beispielsweise eindeutige Kennungen oder Sicherheitsschl\u00fcssel.<\/li>\n<\/ul>\n<ol start=\"4\">\n<li>Was sind die typischen Anwendungsf\u00e4lle f\u00fcr NXP Mifare 1k RFID NFC-Inlay-Aufkleber?<\/li>\n<\/ol>\n<ul>\n<li>Diese Inlay-Aufkleber werden h\u00e4ufig f\u00fcr kontaktlose Zahlungssysteme, Zugangskontrollkarten, Ticketl\u00f6sungen und Bestandsverfolgung verwendet. Sie sind vielseitig und k\u00f6nnen in verschiedene Anwendungen integriert werden, die RFID\/NFC-Technologie erfordern.<\/li>\n<\/ul>\n<ol start=\"5\">\n<li>Sind NXP Mifare 1k RFID NFC-Inlay-Aufkleber sicher?<\/li>\n<\/ol>\n<ul>\n<li>Der NXP Mifare 1k-Chip bietet integrierte Sicherheitsfunktionen wie Verschl\u00fcsselungs- und Authentifizierungsprotokolle, um unbefugten Zugriff auf auf dem Chip gespeicherte Daten zu verhindern. Die ordnungsgem\u00e4\u00dfe Umsetzung von Sicherheitsma\u00dfnahmen ist jedoch wichtig, um die Gesamtsicherheit des Systems zu gew\u00e4hrleisten.<\/li>\n<\/ul>","protected":false},"excerpt":{"rendered":"<p>NFC-Inlay mit einem MIFARE Classic EV1 1K (MF1S503yX) NFC-Chip. Diese Inlays sind d\u00fcnn und kosteng\u00fcnstig, wobei der Chip und die Antenne mit der Vorderseite nach unten auf dem Klebstoff platziert sind. Das Inlay hat eine 4-Byte-NUID und die Antenne ist normalerweise erkennbar, wenn man mit dem Finger \u00fcber die Oberfl\u00e4che f\u00e4hrt.<\/p>","protected":false},"featured_media":339,"template":"","meta":{"_kad_post_transparent":"default","_kad_post_title":"","_kad_post_layout":"default","_kad_post_sidebar_id":"","_kad_post_content_style":"default","_kad_post_vertical_padding":"default","_kad_post_feature":"","_kad_post_feature_position":"","_kad_post_header":false,"_kad_post_footer":false,"_kad_post_classname":""},"product_brand":[],"product_cat":[54,189],"product_tag":[112,147],"class_list":{"0":"post-338","1":"product","2":"type-product","3":"status-publish","4":"has-post-thumbnail","6":"product_cat-hot-selling-rfid-tags","7":"product_cat-rfid-inlay","8":"product_tag-13-56mhz-rfid-inlay","9":"product_tag-nxp-mifare-1k-rfid-nfc-inlay-sticker","11":"first","12":"instock","13":"shipping-taxable","14":"product-type-simple","15":"entry","16":"content-bg","17":"loop-entry"},"_links":{"self":[{"href":"https:\/\/rfid-laundry-tag.com\/de\/wp-json\/wp\/v2\/product\/338","targetHints":{"allow":["GET"]}}],"collection":[{"href":"https:\/\/rfid-laundry-tag.com\/de\/wp-json\/wp\/v2\/product"}],"about":[{"href":"https:\/\/rfid-laundry-tag.com\/de\/wp-json\/wp\/v2\/types\/product"}],"version-history":[{"count":1,"href":"https:\/\/rfid-laundry-tag.com\/de\/wp-json\/wp\/v2\/product\/338\/revisions"}],"predecessor-version":[{"id":717,"href":"https:\/\/rfid-laundry-tag.com\/de\/wp-json\/wp\/v2\/product\/338\/revisions\/717"}],"wp:featuredmedia":[{"embeddable":true,"href":"https:\/\/rfid-laundry-tag.com\/de\/wp-json\/wp\/v2\/media\/339"}],"wp:attachment":[{"href":"https:\/\/rfid-laundry-tag.com\/de\/wp-json\/wp\/v2\/media?parent=338"}],"wp:term":[{"taxonomy":"product_brand","embeddable":true,"href":"https:\/\/rfid-laundry-tag.com\/de\/wp-json\/wp\/v2\/product_brand?post=338"},{"taxonomy":"product_cat","embeddable":true,"href":"https:\/\/rfid-laundry-tag.com\/de\/wp-json\/wp\/v2\/product_cat?post=338"},{"taxonomy":"product_tag","embeddable":true,"href":"https:\/\/rfid-laundry-tag.com\/de\/wp-json\/wp\/v2\/product_tag?post=338"}],"curies":[{"name":"wp","href":"https:\/\/api.w.org\/{rel}","templated":true}]}}