{"id":332,"date":"2024-06-28T07:49:21","date_gmt":"2024-06-28T07:49:21","guid":{"rendered":"https:\/\/rfid-laundry-tag.com\/?post_type=product&#038;p=332"},"modified":"2024-06-28T08:02:32","modified_gmt":"2024-06-28T08:02:32","slug":"waterproof-pvc-ntag215-coin-nfc-tag","status":"publish","type":"product","link":"https:\/\/rfid-laundry-tag.com\/de\/waterproof-pvc-ntag215-coin-nfc-tag\/","title":{"rendered":"Wasserdichter NFC-M\u00fcnztag Ntag215 aus PVC"},"content":{"rendered":"<p><strong>Wasserdichter NFC-M\u00fcnztag Ntag215 aus PVC<\/strong><\/p>\n<p>Der <strong>Ntag215-NFC-M\u00fcnztag<\/strong>, aus PVC (oder transparentem PVC), ist aufgrund folgender Eigenschaften eine ausgezeichnete Option f\u00fcr die Nachverfolgung von Verm\u00f6genswerten:<\/p>\n<ul>\n<li><strong>Kleine Gr\u00f6\u00dfe:<\/strong>\u00a0Einfache Installation auf verschiedenen Assets ohne zus\u00e4tzliche Masse.<\/li>\n<li><strong>Wasserdichtes Design:<\/strong>\u00a0Geeignet f\u00fcr Innen- und Au\u00dfenanwendungen, auch in rauen Umgebungen.<\/li>\n<li><strong>Eingebetteter 13,56 MHz NFC-Chip:<\/strong>\u00a0Erm\u00f6glicht zuverl\u00e4ssige Daten\u00fcbertragung und Kommunikation mit RFID-Leseger\u00e4ten.<\/li>\n<\/ul>\n<p><strong>Hauptmerkmale:<\/strong><\/p>\n<ul>\n<li><strong>Material:<\/strong>\u00a0PVC (oder transparentes PVC)<\/li>\n<li><strong>Chip:<\/strong>\u00a0Ntag215<\/li>\n<li><strong>Frequenz:<\/strong>\u00a013,56 MHz<\/li>\n<li><strong>Wasserdicht:<\/strong>\u00a0Ja<\/li>\n<li><strong>Anwendungen:<\/strong>\u00a0Anlagenverfolgung, Bestandsverwaltung, Zugangskontrolle und mehr.<\/li>\n<\/ul>\n<table border=\"1\" cellspacing=\"0\" cellpadding=\"0\">\n<tbody>\n<tr>\n<td colspan=\"2\">\n<p align=\"left\">Technische Daten<\/p>\n<\/td>\n<\/tr>\n<tr>\n<td>\n<p align=\"left\">Etiketten-\/Chiptyp<\/p>\n<\/td>\n<td>\n<p align=\"left\">NXP Ntag215<\/p>\n<\/td>\n<\/tr>\n<tr>\n<td>\n<p align=\"left\">Betriebsfrequenz<\/p>\n<\/td>\n<td>\n<p align=\"left\">13,56 MHz<\/p>\n<\/td>\n<\/tr>\n<tr>\n<td>\n<p align=\"left\">Getestete Lesereichweite<\/p>\n<\/td>\n<td>\n<p align=\"left\">0 \u2013 100 mm abh\u00e4ngig von der Leistung des Leseger\u00e4ts<\/p>\n<\/td>\n<\/tr>\n<tr>\n<td>\n<p align=\"left\">Mehrfacherkennung<\/p>\n<\/td>\n<td>\n<p align=\"left\">Ja<\/p>\n<\/td>\n<\/tr>\n<tr>\n<td>\n<p align=\"left\">Gr\u00f6\u00dfe<\/p>\n<\/td>\n<td>Durchmesser 25 mm<\/td>\n<\/tr>\n<tr>\n<td>\n<p align=\"left\">Material<\/p>\n<\/td>\n<td>\n<p align=\"left\">PVC \/ PET \/ Antenne usw.<\/p>\n<\/td>\n<\/tr>\n<tr>\n<td>\n<p align=\"left\">Protokoll:<\/p>\n<\/td>\n<td>\n<p align=\"left\">ISO14443A<\/p>\n<\/td>\n<\/tr>\n<tr>\n<td>\n<p align=\"left\">Umgebungsbedingungen<\/p>\n<\/td>\n<td>\n<p align=\"left\">Haltbarkeit 5 Jahre<\/p>\n<p align=\"left\">Empfohlen: -25 \u00b0C bis +50 \u00b0C<\/p>\n<p align=\"left\">Lagerbedingungen: 20% bis 90%RH<\/p>\n<p align=\"left\">Betriebstemperatur: -40 \u00b0C bis +65 \u00b0C<\/p>\n<\/td>\n<\/tr>\n<tr>\n<td>\n<p align=\"left\">Lese-\/Schreibzeiten:<\/p>\n<\/td>\n<td>\n<p align=\"left\">100000 mal<\/p>\n<\/td>\n<\/tr>\n<tr>\n<td>\n<p align=\"left\">Anwendung:<\/p>\n<\/td>\n<td>\n<p align=\"left\" data-spm-anchor-id=\"a2700.wholesale.0.i54.a0d8206fLph15n\">\u00d6ffentliche Verkehrsmittel, Zugangsmanagement, E-Tickets, Logistik- und Versorgungsmanagement, Produktion, Fertigung und Montage, Windschutzscheibenetiketten, Dokumentenverfolgung, W\u00e4schemanagement, Bibliotheksverwaltung, Tieridentit\u00e4t und so weiter<\/p>\n<\/td>\n<\/tr>\n<\/tbody>\n<\/table>\n<p>&nbsp;<\/p>\n<p><strong>Vorteile:<\/strong><\/p>\n<ul>\n<li><strong>Verbesserte Sicherheit:<\/strong>\u00a0Die RFID-Technologie sch\u00fctzt vor Diebstahl und unbefugtem Zugriff.<\/li>\n<li><strong>Verbesserte Effizienz:<\/strong>\u00a0Durch die Echtzeitverfolgung sind eine effiziente Anlagenverwaltung und Bestandskontrolle m\u00f6glich.<\/li>\n<li><strong>Wirtschaftlichkeit:<\/strong>\u00a0Die langlebige Konstruktion und das wasserdichte Design minimieren die Austauschkosten.<\/li>\n<li><strong>Vielseitige Einsatzm\u00f6glichkeiten:<\/strong>\u00a0Geeignet f\u00fcr zahlreiche Branchen und Anwendungsf\u00e4lle.<\/li>\n<\/ul>","protected":false},"excerpt":{"rendered":"<p>Der wasserdichte NFC-M\u00fcnztag Ntag215 aus PVC bietet eine zuverl\u00e4ssige und vielseitige L\u00f6sung f\u00fcr die Nachverfolgung von Verm\u00f6genswerten. Seine kompakte Gr\u00f6\u00dfe, das wasserdichte Design und der eingebettete NFC-Chip machen ihn zu einem wertvollen Werkzeug f\u00fcr Unternehmen, die ihre Asset-Management-Prozesse optimieren m\u00f6chten.<\/p>","protected":false},"featured_media":333,"template":"","meta":{"_kad_post_transparent":"default","_kad_post_title":"","_kad_post_layout":"default","_kad_post_sidebar_id":"","_kad_post_content_style":"default","_kad_post_vertical_padding":"default","_kad_post_feature":"","_kad_post_feature_position":"","_kad_post_header":false,"_kad_post_footer":false,"_kad_post_classname":""},"product_brand":[],"product_cat":[54],"product_tag":[145,144],"class_list":{"0":"post-332","1":"product","2":"type-product","3":"status-publish","4":"has-post-thumbnail","6":"product_cat-hot-selling-rfid-tags","7":"product_tag-anti-metal-nfc-tag","8":"product_tag-anti-metal-rfid-nfc-sticker","10":"first","11":"instock","12":"shipping-taxable","13":"product-type-simple","14":"entry","15":"content-bg","16":"loop-entry"},"_links":{"self":[{"href":"https:\/\/rfid-laundry-tag.com\/de\/wp-json\/wp\/v2\/product\/332","targetHints":{"allow":["GET"]}}],"collection":[{"href":"https:\/\/rfid-laundry-tag.com\/de\/wp-json\/wp\/v2\/product"}],"about":[{"href":"https:\/\/rfid-laundry-tag.com\/de\/wp-json\/wp\/v2\/types\/product"}],"version-history":[{"count":0,"href":"https:\/\/rfid-laundry-tag.com\/de\/wp-json\/wp\/v2\/product\/332\/revisions"}],"wp:featuredmedia":[{"embeddable":true,"href":"https:\/\/rfid-laundry-tag.com\/de\/wp-json\/wp\/v2\/media\/333"}],"wp:attachment":[{"href":"https:\/\/rfid-laundry-tag.com\/de\/wp-json\/wp\/v2\/media?parent=332"}],"wp:term":[{"taxonomy":"product_brand","embeddable":true,"href":"https:\/\/rfid-laundry-tag.com\/de\/wp-json\/wp\/v2\/product_brand?post=332"},{"taxonomy":"product_cat","embeddable":true,"href":"https:\/\/rfid-laundry-tag.com\/de\/wp-json\/wp\/v2\/product_cat?post=332"},{"taxonomy":"product_tag","embeddable":true,"href":"https:\/\/rfid-laundry-tag.com\/de\/wp-json\/wp\/v2\/product_tag?post=332"}],"curies":[{"name":"wp","href":"https:\/\/api.w.org\/{rel}","templated":true}]}}