{"id":329,"date":"2024-06-28T07:30:57","date_gmt":"2024-06-28T07:30:57","guid":{"rendered":"https:\/\/rfid-laundry-tag.com\/?post_type=product&#038;p=329"},"modified":"2024-06-28T07:37:14","modified_gmt":"2024-06-28T07:37:14","slug":"mifare-ultralight-ev1-inlay-sticker","status":"publish","type":"product","link":"https:\/\/rfid-laundry-tag.com\/de\/mifare-ultralight-ev1-inlay-sticker\/","title":{"rendered":"Mifare Ultralight ev1 Inlay-Aufkleber"},"content":{"rendered":"<div>\n<div class=\"auto-hide-last-sibling-br paragraph_9dc5f paragraph-element\"><strong>MIFARE Ultralight EV1 Inlay-Aufkleber<\/strong> sind aufgrund ihrer Zweckm\u00e4\u00dfigkeit und Kompatibilit\u00e4t mit einer Vielzahl von Ger\u00e4ten sehr beliebt und weit verbreitet. Hier sind einige verf\u00fcgbare Optionen:<\/div>\n<p><br class=\"container_21264 wrapper_661ac undefined\" \/><\/p>\n<ol class=\"auto-hide-last-sibling-br\">\n<li>\n<div class=\"auto-hide-last-sibling-br paragraph_9dc5f paragraph-element\"><strong>NFC-Papieraufkleber MIFARE Ultralight\u00ae EV1 35x35mm<\/strong>: Diese selbstklebenden NFC-Tags aus Papier sind mit einem integrierten NXP MIFARE Ultralight\u00ae NFC-Chip ausgestattet, der mit Android- und BlackBerry-Smartphones und -Tablets kompatibel ist. Ihre Kapazit\u00e4t betr\u00e4gt 41 Byte. Diese Sticker funktionieren nach den Standards von ISO\/IEC 14443 Typ-A und scheinen derzeit leider nicht vorr\u00e4tig zu sein.<\/div>\n<\/li>\n<li><strong>RFID-Etikett 56x18mm NXP Mifare\u00aeUltralight EV1 50pf |<\/strong>: Dieses hochwertige RFID-Etikett verf\u00fcgt \u00fcber den NXP Mifare\u00ae Ultralight EV1-Chip, der mit einer Kapazit\u00e4t von 50 pF ausgestattet ist und so eine optimale Lesereichweite und Leistung gew\u00e4hrleistet. Es ist vollst\u00e4ndig ISO14443A-konform und eignet sich perfekt f\u00fcr den Einsatz in Anwendungen vom \u00f6ffentlichen Nahverkehr und Treueprogrammen bis hin zu Event-Ticketing und Smart-City-L\u00f6sungen.<\/li>\n<\/ol>\n<\/div>\n<div class=\"text-title\"><strong><span class=\"magic-26\" style=\"font-family: Arial;\" data-spm-anchor-id=\"a2700.details.0.i47.6f4d7d7dnursE7\">Trockeneinlage<\/span><\/strong><\/div>\n<div class=\"text-content\">\n<p><span class=\"magic-6\" style=\"font-family: Arial;\">Einfach ausgedr\u00fcckt ist ein RFID-Dry-Inlay eine Kombination aus RFID-Chip und Antenne. Es kann zur Herstellung von NFC-Aufklebern, RFID-Etiketten, RFID-Tickets und verschiedenen RFID-Tags verwendet werden. <\/span><\/p>\n<div data-spm-anchor-id=\"a2700.details.0.i46.6f4d7d7dnursE7\">\n<p><span class=\"magic-6\" style=\"font-family: Arial;\"> Die Antenne mit Trockeneinlage ist aus Aluminium ge\u00e4tzt und im Vergleich zu einer Kupferspule d\u00fcnner. Die Form der Antenne kann auf Anfrage angepasst und neu gestaltet werden.<\/span><\/p>\n<p>&nbsp;<\/p>\n<\/div>\n<\/div>\n<div>\n<div class=\"text-title\"><strong><span class=\"magic-26\" style=\"font-family: Arial;\">Nasseinlage<\/span><\/strong><\/div>\n<div class=\"text-content\">\n<p><span class=\"magic-6\" style=\"font-family: Arial;\" data-spm-anchor-id=\"a2700.details.0.i49.6f4d7d7dnursE7\">Ein mit Klebstoff versehenes RFID-Trockeninlay wird als Nassinlay bezeichnet. Es kann direkt als RFID-Etikett oder NFC-Aufkleber verwendet werden, wenn kein Aufdruck auf der Oberfl\u00e4che erforderlich ist. Das Aufkleben auf Objekte kann Kosten sparen und denselben Zweck erf\u00fcllen. Es wird auch h\u00e4ufig zur Herstellung von RFID-Tags verwendet. Die Antenne des Nassinlays ist eine Aluminium\u00e4tzung, die im Vergleich zu einer Kupferspule d\u00fcnner ist. Die Form der Antenne kann auf Anfrage angepasst und neu gestaltet werden.<\/span><\/p>\n<div><strong>Mifare Ultralight ev1 Inlay-Aufkleber<\/strong><\/div>\n<div><\/div>\n<div data-spm-anchor-id=\"a2700.details.0.i48.6f4d7d7dnursE7\">\n<table class=\"hight-light-first-column all magic-14\">\n<tbody>\n<tr>\n<td colspan=\"1\" rowspan=\"1\">\n<div class=\"magic-15\"><b>Material<\/b><\/div>\n<\/td>\n<td colspan=\"1\" rowspan=\"1\">\n<div class=\"magic-16\" data-spm-anchor-id=\"a2700.details.0.i34.21f6414cWQ4Zrf\">Papier \/ Thermopapier \/ Stoff \/ PVC \/ PET<\/div>\n<\/td>\n<\/tr>\n<tr>\n<td colspan=\"1\" rowspan=\"1\">\n<div class=\"magic-15\"><b>Gr\u00f6\u00dfe<\/b><\/div>\n<\/td>\n<td colspan=\"1\" rowspan=\"1\">\n<div class=\"magic-16\">18 x 56 mm, 25 x 25 mm, 30 x 30 mm, 40 x 40 mm, Durchmesser 18 mm, Durchmesser 20 mm, Durchmesser 22 mm, Durchmesser 25 mm oder Sondergr\u00f6\u00dfe.<\/div>\n<\/td>\n<\/tr>\n<tr>\n<td colspan=\"1\" rowspan=\"1\">\n<div class=\"magic-15\"><b>Drucken<\/b><\/div>\n<\/td>\n<td colspan=\"1\" rowspan=\"1\">\n<div class=\"magic-16\">Kein Drucken n\u00f6tig<\/div>\n<\/td>\n<\/tr>\n<tr>\n<td colspan=\"1\" rowspan=\"1\">\n<div class=\"magic-15\"><b>Verf\u00fcgbarer Chip<\/b><\/div>\n<\/td>\n<td colspan=\"1\" rowspan=\"1\">\n<div class=\"magic-16\">\n<p><strong>Mifare Ultralight ev1 <\/strong><\/p>\n<\/div>\n<\/td>\n<\/tr>\n<tr>\n<td colspan=\"1\" rowspan=\"1\">\n<div class=\"magic-21\"><b>Protokoll:<\/b><\/div>\n<\/td>\n<td colspan=\"4\" rowspan=\"1\">\n<div class=\"magic-22\">ISO\/IEC 14443 Typ A<\/div>\n<\/td>\n<\/tr>\n<tr>\n<td colspan=\"1\" rowspan=\"1\">\n<div class=\"magic-26\"><b>Kunsthandwerk:<\/b><\/div>\n<\/td>\n<td colspan=\"4\" rowspan=\"1\">\n<div class=\"magic-22\" data-spm-anchor-id=\"a2700.details.0.i33.21f6414cWQ4Zrf\">Aufdruck, Barcode, QR-Code etc.<\/div>\n<\/td>\n<\/tr>\n<\/tbody>\n<\/table>\n<\/div>\n<\/div>\n<\/div>","protected":false},"excerpt":{"rendered":"<p>Mifare Ultralight ev1 Inlay-Aufkleber oder Transponder, eine Art unfertiges Bauteil, k\u00f6nnen in verschiedene Gegenst\u00e4nde wie Tickets, Ausweise, Etiketten oder Karten umgewandelt werden. Gleichzeitig k\u00f6nnen diese HF NFC RFID-Inlays in einer Reihe von Gr\u00f6\u00dfen hergestellt werden, die an Ihre spezifischen Anforderungen angepasst sind.<\/p>","protected":false},"featured_media":328,"template":"","meta":{"_kad_post_transparent":"default","_kad_post_title":"","_kad_post_layout":"default","_kad_post_sidebar_id":"","_kad_post_content_style":"default","_kad_post_vertical_padding":"default","_kad_post_feature":"","_kad_post_feature_position":"","_kad_post_header":false,"_kad_post_footer":false,"_kad_post_classname":""},"product_brand":[],"product_cat":[54],"product_tag":[112,142,143],"class_list":{"0":"post-329","1":"product","2":"type-product","3":"status-publish","4":"has-post-thumbnail","6":"product_cat-hot-selling-rfid-tags","7":"product_tag-13-56mhz-rfid-inlay","8":"product_tag-mifare-ultralight-ev1-inlay-sticker","9":"product_tag-ultralight-ev1-nfc-inlay-sticker","11":"first","12":"instock","13":"shipping-taxable","14":"product-type-simple","15":"entry","16":"content-bg","17":"loop-entry"},"_links":{"self":[{"href":"https:\/\/rfid-laundry-tag.com\/de\/wp-json\/wp\/v2\/product\/329","targetHints":{"allow":["GET"]}}],"collection":[{"href":"https:\/\/rfid-laundry-tag.com\/de\/wp-json\/wp\/v2\/product"}],"about":[{"href":"https:\/\/rfid-laundry-tag.com\/de\/wp-json\/wp\/v2\/types\/product"}],"version-history":[{"count":0,"href":"https:\/\/rfid-laundry-tag.com\/de\/wp-json\/wp\/v2\/product\/329\/revisions"}],"wp:featuredmedia":[{"embeddable":true,"href":"https:\/\/rfid-laundry-tag.com\/de\/wp-json\/wp\/v2\/media\/328"}],"wp:attachment":[{"href":"https:\/\/rfid-laundry-tag.com\/de\/wp-json\/wp\/v2\/media?parent=329"}],"wp:term":[{"taxonomy":"product_brand","embeddable":true,"href":"https:\/\/rfid-laundry-tag.com\/de\/wp-json\/wp\/v2\/product_brand?post=329"},{"taxonomy":"product_cat","embeddable":true,"href":"https:\/\/rfid-laundry-tag.com\/de\/wp-json\/wp\/v2\/product_cat?post=329"},{"taxonomy":"product_tag","embeddable":true,"href":"https:\/\/rfid-laundry-tag.com\/de\/wp-json\/wp\/v2\/product_tag?post=329"}],"curies":[{"name":"wp","href":"https:\/\/api.w.org\/{rel}","templated":true}]}}