{"id":3242,"date":"2026-01-13T13:41:34","date_gmt":"2026-01-13T13:41:34","guid":{"rendered":"https:\/\/rfid-laundry-tag.com\/?post_type=product&#038;p=3242"},"modified":"2026-03-12T10:03:35","modified_gmt":"2026-03-12T10:03:35","slug":"mifare-s50-rfid-inlay","status":"publish","type":"product","link":"https:\/\/rfid-laundry-tag.com\/de\/mifare-s50-rfid-inlay\/","title":{"rendered":"MIFARE S50 RFID-Einlage"},"content":{"rendered":"<h2>MIFARE S50 RFID-Einlage<\/h2>\n<p><span class=\"ng-star-inserted\">Der <a href=\"https:\/\/rfid-laundry-tag.com\/de\/rfid-inlay\/\">MIFARE S50\u00a0<\/a><\/span><strong class=\"ng-star-inserted\"><span class=\"ng-star-inserted\">RFID-Inlay<\/span><\/strong><span class=\"ng-star-inserted\">\u00a0ist eine innovative L\u00f6sung, die Ihre Abl\u00e4ufe optimiert, die Sicherheit erh\u00f6ht und das Nutzererlebnis in einer Vielzahl von Anwendungen verbessert. Diese leistungsstarke und dennoch unauff\u00e4llige Technologie erm\u00f6glicht Ihnen die m\u00fchelose Verwaltung von Zutritten, die Zahlungsabwicklung, die Nachverfolgung von Verm\u00f6genswerten und die innovative Kundenansprache. Dieses Produkt ist eine lohnende Investition, da es un\u00fcbertroffene Zuverl\u00e4ssigkeit, Kompatibilit\u00e4t und einfache Integration bietet und somit die ideale Wahl f\u00fcr Unternehmen darstellt, die die Vorteile von RFID nutzen m\u00f6chten. Ob Sie eine sichere Zutrittskontrolle implementieren, ein nahtloses bargeldloses Zahlungssystem einrichten oder Ihr Bestandsmanagement revolutionieren m\u00f6chten \u2013 die L\u00f6sung bietet Ihnen die passende L\u00f6sung. <a href=\"https:\/\/rfid-laundry-tag.com\/de\/rfid-inlay\/\">MIFARE S50\u00a0<\/a><\/span><strong class=\"ng-star-inserted\"><span class=\"ng-star-inserted\">RFID-Inlay<\/span><\/strong><span class=\"ng-star-inserted\">\u00a0Dieses Produkt bietet die Leistung und Vielseitigkeit, die Sie f\u00fcr Ihren Erfolg ben\u00f6tigen. Kurz gesagt: Dieses Produkt ist unverzichtbar.<\/span><\/p>\n<table class=\"has-title all magic-13\">\n<tbody>\n<tr>\n<td colspan=\"1\" rowspan=\"1\">\n<div class=\"magic-14\" data-spm-anchor-id=\"a2700.details.0.i37.2ec61361oDo4aX\">Produktname<\/div>\n<\/td>\n<td colspan=\"1\" rowspan=\"1\">\n<div class=\"magic-15\">MIFARE S50 RFID-Einlage<\/div>\n<\/td>\n<\/tr>\n<tr>\n<td colspan=\"1\" rowspan=\"1\">\n<div class=\"magic-14\">Chip<\/div>\n<\/td>\n<td colspan=\"1\" rowspan=\"1\">\n<div class=\"magic-15\">MIFARE Classic\u00ae 1K<\/div>\n<\/td>\n<\/tr>\n<tr>\n<td colspan=\"1\" rowspan=\"1\">\n<div class=\"magic-14\">Frequenz<\/div>\n<\/td>\n<td colspan=\"1\" rowspan=\"1\">\n<div class=\"magic-15\">13,56 MHz<\/div>\n<\/td>\n<\/tr>\n<tr>\n<td colspan=\"1\" rowspan=\"1\">\n<div class=\"magic-14\">Leseabstand<\/div>\n<\/td>\n<td colspan=\"1\" rowspan=\"1\">\n<div class=\"magic-15\">1-5 CM<\/div>\n<\/td>\n<\/tr>\n<tr>\n<td colspan=\"1\" rowspan=\"1\">\n<div class=\"magic-14\">Material<\/div>\n<\/td>\n<td colspan=\"1\" rowspan=\"1\">\n<div class=\"magic-15\">Beschichtetes Papier<\/div>\n<\/td>\n<\/tr>\n<tr>\n<td colspan=\"1\" rowspan=\"1\">\n<div class=\"magic-14\">Substrat<\/div>\n<\/td>\n<td colspan=\"1\" rowspan=\"1\">\n<div class=\"magic-15\">HAUSTIER<\/div>\n<\/td>\n<\/tr>\n<tr>\n<td colspan=\"1\" rowspan=\"1\">\n<div class=\"magic-14\">Durchmesser 50 mmGr\u00f6\u00dfe<\/div>\n<\/td>\n<td colspan=\"1\" rowspan=\"1\">\n<div class=\"magic-15\">Durchmesser 25 mm oder Anpassung<\/div>\n<\/td>\n<\/tr>\n<tr>\n<td colspan=\"1\" rowspan=\"1\">\n<div class=\"magic-14\">Arbeitsweise<\/div>\n<\/td>\n<td colspan=\"1\" rowspan=\"1\">\n<div class=\"magic-15\">Passiv<\/div>\n<\/td>\n<\/tr>\n<tr>\n<td colspan=\"1\" rowspan=\"1\">\n<div class=\"magic-14\">Schreibzyklen<\/div>\n<\/td>\n<td colspan=\"1\" rowspan=\"1\">\n<div class=\"magic-15\">100000<\/div>\n<\/td>\n<\/tr>\n<tr>\n<td colspan=\"1\" rowspan=\"1\">\n<div class=\"magic-14\">Betriebstemperatur \/ Luftfeuchtigkeit<\/div>\n<\/td>\n<td colspan=\"1\" rowspan=\"1\">\n<div class=\"magic-15\">-40 bis 70 \u00b0C\/20,1 bis 90,1 TP3T relative Luftfeuchtigkeit<\/div>\n<\/td>\n<\/tr>\n<tr>\n<td colspan=\"1\" rowspan=\"1\">\n<div class=\"magic-14\">Lagertemperatur \/ Luftfeuchtigkeit<\/div>\n<\/td>\n<td colspan=\"1\" rowspan=\"1\">\n<div class=\"magic-15\">-20\u201350 \u00b0C\/20,1\u201390,1 TP3T relative Luftfeuchtigkeit (ohne Kondensation).<\/div>\n<\/td>\n<\/tr>\n<tr>\n<td colspan=\"1\" rowspan=\"1\">\n<div class=\"magic-14\">Probenverf\u00fcgbarkeit<\/div>\n<\/td>\n<td colspan=\"1\" rowspan=\"1\">\n<div class=\"magic-15\">Kostenlose Muster sind auf Anfrage erh\u00e4ltlich<\/div>\n<\/td>\n<\/tr>\n<tr>\n<td colspan=\"1\" rowspan=\"1\">\n<div class=\"magic-14\">Verpackung<\/div>\n<\/td>\n<td colspan=\"1\" rowspan=\"1\">\n<div class=\"magic-15\">1000-5000 St\u00fcck\/Rolle, 4 Rollen\/Karton<\/div>\n<\/td>\n<\/tr>\n<tr>\n<td colspan=\"1\" rowspan=\"1\">\n<div class=\"magic-14\">\n<p>Anwendung<\/p>\n<div><\/div>\n<\/div>\n<\/td>\n<td colspan=\"1\" rowspan=\"1\">\n<div class=\"magic-15\" data-spm-anchor-id=\"a2700.details.0.i47.2ec61361oDo4aX\">Sichere Einlasskontrolle\/Bargeldloses Bezahlen Mitgliedschafts- und Treueprogramme Eventzugang und Branding\/Social Media\/Einzelhandel<br \/>\nUmwelt\/Spiele &amp; Spielzeug Standort\/Elektronik\/Messen\/Events\/Anrufanfrage\/Visitenkarten<\/div>\n<\/td>\n<\/tr>\n<\/tbody>\n<\/table>\n<p>&nbsp;<\/p>\n<p>Der MIFARE S50<a href=\"https:\/\/rfid-laundry-tag.com\/de\/rfid-inlay\/\"> RFID-Inlay\u00a0<\/a>ist eine vielseitige L\u00f6sung, die den wachsenden Anforderungen moderner Anwendungen gerecht wird. Dieses NFC-f\u00e4hige Inlay arbeitet mit einer Frequenz von 13,56 MHz und verf\u00fcgt \u00fcber alle wesentlichen Funktionen der MIFARE Classic-Technologie, bietet aber gleichzeitig benutzerfreundliche Funktionen. Mit seiner kompakten Gr\u00f6\u00dfe von 25 mm Durchmesser und 0,5 mm Dicke ist es in einem praktischen leeren M\u00fcnzetikettenformat erh\u00e4ltlich, sodass es sich leicht anbringen und in verschiedenen Anwendungen verwenden l\u00e4sst. Egal, ob Sie nach RFID-L\u00f6sungen f\u00fcr Zahlungssysteme, Zugangskontrolle oder Identifikation suchen, das MIFARE Classic 1K-Inlay bietet un\u00fcbertroffene Zuverl\u00e4ssigkeit und Leistung.<\/p>\n<h3>Warum sollten Sie sich f\u00fcr das MIFARE S50 RFID-Inlay entscheiden?<\/h3>\n<ul>\n<li><strong>Einfache Integration<\/strong>: Dieses Inlay ist ideal f\u00fcr eine Vielzahl von Anwendungen, von Zahlungssystemen bis zum Ticketverkauf von Veranstaltungen, und l\u00e4sst sich nahtlos in vorhandene Plattformen integrieren.<\/li>\n<li><strong>Kosteng\u00fcnstige L\u00f6sung<\/strong>: Mit seinem niedrigen Preis, der hohen Qualit\u00e4t und dem langlebigen Design stellt es eine wirtschaftliche Option ohne Kompromisse bei der Leistung dar.<\/li>\n<li><strong>Benutzerfreundlich<\/strong>: Das leere Aufkleberformat erm\u00f6glicht eine einfache Beschriftung und benutzerdefinierte Anwendungen und verbessert so das Benutzererlebnis.<\/li>\n<\/ul>\n<h3>NFC-Technologie erkl\u00e4rt<\/h3>\n<p>Die NFC-Technologie (Near Field Communication) bildet das R\u00fcckgrat der <strong>MIFARE Classic 1K Inlay<\/strong>. Durch den Einsatz dieser Technologie erm\u00f6glicht das Inlay den kontaktlosen Datenaustausch zwischen Ger\u00e4ten. Diese Funktion beschr\u00e4nkt sich nicht nur auf die Interaktion von Karte und Leseger\u00e4t, sondern erm\u00f6glicht auch mobile Zahlungen und sichere Zutrittskontrolle.<\/p>\n<h3>Hauptvorteile von MIFARE Classic 1K<\/h3>\n<ul>\n<li><strong>Verbesserte Sicherheit<\/strong>: Mit einer einzigartigen 4-Byte-UID tr\u00e4gt das MIFARE Classic 1K-Inlay dazu bei, Datenduplizierung zu verhindern und f\u00fcgt Ihren Anwendungen eine zus\u00e4tzliche Sicherheitsebene hinzu.<\/li>\n<li><strong>Vielseitigkeit<\/strong>: Geeignet f\u00fcr verschiedene kontaktlose Anwendungen, vom Einzelhandel bis zum Transport, und steigert die Benutzereinbindung.<\/li>\n<li><strong>Kompatibilit\u00e4t<\/strong>: Vollst\u00e4ndig kompatibel mit dem ACR122U-Lese-\/Schreibger\u00e4t sowie anderen MIFARE Classic-Ger\u00e4ten und damit ein universelles Werkzeug in Ihrem NFC-Arsenal.<\/li>\n<\/ul>\n<h3>Gebrauchsanweisung<\/h3>\n<p>Um das MIFARE S50 RFID-Inlay zu verwenden, befestigen Sie es einfach mit der mitgelieferten Klebefolie an der gew\u00fcnschten Oberfl\u00e4che. Achten Sie darauf, dass die Oberfl\u00e4che f\u00fcr optimale Haftung sauber und trocken ist. Nach dem Anbringen kann das Inlay mit einem NFC-f\u00e4higen Ger\u00e4t oder einem kompatiblen Leseger\u00e4t wie dem ACR122U gelesen und beschrieben werden.<\/p>\n<h3>Umweltauswirkungen<\/h3>\n<p>Das MIFARE S50 RFID-Inlay wird unter Ber\u00fccksichtigung der Umwelt hergestellt. Durch die Verwendung langlebiger und recycelbarer Materialien wird sichergestellt, dass Sie nicht nur Ihren pers\u00f6nlichen oder gesch\u00e4ftlichen Bed\u00fcrfnissen gerecht werden, sondern auch umweltfreundliche Praktiken unterst\u00fctzen.<\/p>\n<h2 class=\"ng-star-inserted\"><strong class=\"ng-star-inserted\"><span class=\"ng-star-inserted\">RFID-Tag und -Inlay: Unbegrenzte Anwendungsm\u00f6glichkeiten<\/span><\/strong><\/h2>\n<p class=\"ng-star-inserted\"><span class=\"ng-star-inserted\">Das MIFARE S50 RFID-Inlay<\/span><span class=\"ng-star-inserted\">\u00a0ist eine vielseitige L\u00f6sung, die in einer breiten Palette von Anwendungen eingesetzt werden kann, darunter:<\/span><\/p>\n<ul class=\"ng-star-inserted\">\n<li class=\"ng-star-inserted\">\n<p class=\"ng-star-inserted\"><strong class=\"ng-star-inserted\"><span class=\"ng-star-inserted\">Sichere Zutrittskontrolle:<\/span><\/strong><span class=\"ng-star-inserted\">\u00a0Gew\u00e4hren Sie autorisiertem Personal Zutritt und verhindern Sie unbefugten Zutritt. Ideal f\u00fcr B\u00fcros, Veranstaltungen und Sicherheitsbereiche.<\/span><\/p>\n<\/li>\n<li class=\"ng-star-inserted\">\n<p class=\"ng-star-inserted\"><strong class=\"ng-star-inserted\"><span class=\"ng-star-inserted\">Bargeldloses Bezahlen:<\/span><\/strong><span class=\"ng-star-inserted\">\u00a0Erm\u00f6glichen Sie nahtlose und sichere Zahlungen in geschlossenen Systemen wie Freizeitparks, Resorts und Firmengel\u00e4nden.<\/span><\/p>\n<\/li>\n<li class=\"ng-star-inserted\">\n<p class=\"ng-star-inserted\"><strong class=\"ng-star-inserted\"><span class=\"ng-star-inserted\">Mitgliedschafts- und Treueprogramme:<\/span><\/strong><span class=\"ng-star-inserted\">\u00a0Verfolgen Sie die Aktivit\u00e4ten Ihrer Mitglieder, belohnen Sie treue Kunden und personalisieren Sie das Kundenerlebnis.<\/span><\/p>\n<\/li>\n<li class=\"ng-star-inserted\">\n<p class=\"ng-star-inserted\"><strong class=\"ng-star-inserted\"><span class=\"ng-star-inserted\">Veranstaltungszugang und Branding:<\/span><\/strong><span class=\"ng-star-inserted\">\u00a0Den Zugang vereinfachen, wertvolle Daten sammeln und die Teilnehmerbindung erh\u00f6hen.<\/span><\/p>\n<\/li>\n<li class=\"ng-star-inserted\">\n<p class=\"ng-star-inserted\"><strong class=\"ng-star-inserted\"><span class=\"ng-star-inserted\">Soziale Medien:<\/span><\/strong><span class=\"ng-star-inserted\">\u00a0Schaffen Sie interaktive Erlebnisse, indem Sie Inlays in Werbematerialien einbetten, die es den Nutzern erm\u00f6glichen, online mit Ihrer Marke in Kontakt zu treten.<\/span><\/p>\n<\/li>\n<li class=\"ng-star-inserted\">\n<p class=\"ng-star-inserted\"><strong class=\"ng-star-inserted\"><span class=\"ng-star-inserted\">Einzelhandelsumfeld:<\/span><\/strong><span class=\"ng-star-inserted\">\u00a0Verwalten Sie Ihren Warenbestand, beugen Sie Diebstahl vor und gewinnen Sie wertvolle Einblicke in das Kundenverhalten.<\/span><\/p>\n<\/li>\n<li class=\"ng-star-inserted\">\n<p class=\"ng-star-inserted\"><strong class=\"ng-star-inserted\"><span class=\"ng-star-inserted\">Spiele &amp; Spielzeug:<\/span><\/strong><span class=\"ng-star-inserted\">\u00a0Verleihen Sie Spielzeug und Spielen eine neue Dimension der Interaktivit\u00e4t und des Spielspa\u00dfes.<\/span><\/p>\n<\/li>\n<li class=\"ng-star-inserted\">\n<p class=\"ng-star-inserted\"><strong class=\"ng-star-inserted\"><span class=\"ng-star-inserted\">Standort:<\/span><\/strong><span class=\"ng-star-inserted\">\u00a0Anlagen verfolgen, Bewegungen \u00fcberwachen und die Logistikeffizienz verbessern.<\/span><\/p>\n<\/li>\n<li class=\"ng-star-inserted\">\n<p class=\"ng-star-inserted\"><strong class=\"ng-star-inserted\"><span class=\"ng-star-inserted\">Elektronik:<\/span><\/strong><span class=\"ng-star-inserted\">\u00a0In elektronische Ger\u00e4te werden Einlagen zur Authentifizierung, Nachverfolgung und zum Schutz vor Produktf\u00e4lschungen integriert.<\/span><\/p>\n<\/li>\n<li class=\"ng-star-inserted\">\n<p class=\"ng-star-inserted\"><strong class=\"ng-star-inserted\"><span class=\"ng-star-inserted\">Messen\/Veranstaltungen:<\/span><\/strong><span class=\"ng-star-inserted\">\u00a0Die Generierung von Leads erleichtern, die Interessen der Teilnehmer verfolgen und interaktive Erlebnisse bieten.<\/span><\/p>\n<\/li>\n<li class=\"ng-star-inserted\">\n<p class=\"ng-star-inserted\"><strong class=\"ng-star-inserted\"><span class=\"ng-star-inserted\">Anrufanfrage:<\/span><\/strong><span class=\"ng-star-inserted\">\u00a0Erm\u00f6glichen Sie es Benutzern, mit einem einfachen Fingertipp Informationen oder Unterst\u00fctzung anzufordern.<\/span><\/p>\n<\/li>\n<li class=\"ng-star-inserted\">\n<p class=\"ng-star-inserted\"><strong class=\"ng-star-inserted\"><span class=\"ng-star-inserted\">Visitenkarten:<\/span><\/strong><span class=\"ng-star-inserted\">\u00a0Verwandeln Sie traditionelle Visitenkarten in interaktive Werkzeuge f\u00fcr Networking und Informationsaustausch.<\/span><\/p>\n<\/li>\n<\/ul>\n<h2>FAQs<\/h2>\n<ul>\n<li><strong>Welche Reichweite hat das MIFARE S50 RFID-Inlay?<\/strong><br \/>\nDie effektive Reichweite betr\u00e4gt bei Verwendung typischer NFC-Leseger\u00e4te normalerweise etwa 10 cm.<\/li>\n<li><strong>Kann ich das MIFARE S50 RFID-Inlay individuell gestalten?<\/strong><br \/>\nJa, die Inlays k\u00f6nnen mit individuellen Daten bedruckt oder kodiert werden und sind somit f\u00fcr vielf\u00e4ltige Einsatzzwecke geeignet.<\/li>\n<li><strong>Ist das MIFARE S50 RFID-Inlay wasserdicht?<\/strong><br \/>\nObwohl die Inlays f\u00fcr gem\u00e4\u00dfigte Umweltbedingungen ausgelegt sind, wird empfohlen, eine l\u00e4ngere Einwirkung von Wasser zu vermeiden, um die optimale Funktionalit\u00e4t aufrechtzuerhalten.<\/li>\n<\/ul>","protected":false},"excerpt":{"rendered":"<p>MIFARE S50 RFID Inlay, eine vielseitige NFC-L\u00f6sung mit 1K Speicher f\u00fcr sichere, kontaktlose Anwendungen in verschiedenen Umgebungen.<\/p>","protected":false},"featured_media":3243,"template":"","meta":{"_kad_post_transparent":"default","_kad_post_title":"","_kad_post_layout":"default","_kad_post_sidebar_id":"","_kad_post_content_style":"default","_kad_post_vertical_padding":"default","_kad_post_feature":"","_kad_post_feature_position":"","_kad_post_header":false,"_kad_post_footer":false,"_kad_post_classname":""},"product_brand":[],"product_cat":[189],"product_tag":[398,111,194,393,108,399],"class_list":{"0":"post-3242","1":"product","2":"type-product","3":"status-publish","4":"has-post-thumbnail","6":"product_cat-rfid-inlay","7":"product_tag-mifare-s50-rfid-inlay","8":"product_tag-nfc-inlay","9":"product_tag-nfc-rfid-inlay","10":"product_tag-nfc-wet-inlay-sticker-tag-clear","11":"product_tag-rfid-inlay","12":"product_tag-rfid-inlay-factory","14":"first","15":"instock","16":"shipping-taxable","17":"product-type-simple","18":"entry","19":"content-bg","20":"loop-entry"},"_links":{"self":[{"href":"https:\/\/rfid-laundry-tag.com\/de\/wp-json\/wp\/v2\/product\/3242","targetHints":{"allow":["GET"]}}],"collection":[{"href":"https:\/\/rfid-laundry-tag.com\/de\/wp-json\/wp\/v2\/product"}],"about":[{"href":"https:\/\/rfid-laundry-tag.com\/de\/wp-json\/wp\/v2\/types\/product"}],"version-history":[{"count":1,"href":"https:\/\/rfid-laundry-tag.com\/de\/wp-json\/wp\/v2\/product\/3242\/revisions"}],"predecessor-version":[{"id":3247,"href":"https:\/\/rfid-laundry-tag.com\/de\/wp-json\/wp\/v2\/product\/3242\/revisions\/3247"}],"wp:featuredmedia":[{"embeddable":true,"href":"https:\/\/rfid-laundry-tag.com\/de\/wp-json\/wp\/v2\/media\/3243"}],"wp:attachment":[{"href":"https:\/\/rfid-laundry-tag.com\/de\/wp-json\/wp\/v2\/media?parent=3242"}],"wp:term":[{"taxonomy":"product_brand","embeddable":true,"href":"https:\/\/rfid-laundry-tag.com\/de\/wp-json\/wp\/v2\/product_brand?post=3242"},{"taxonomy":"product_cat","embeddable":true,"href":"https:\/\/rfid-laundry-tag.com\/de\/wp-json\/wp\/v2\/product_cat?post=3242"},{"taxonomy":"product_tag","embeddable":true,"href":"https:\/\/rfid-laundry-tag.com\/de\/wp-json\/wp\/v2\/product_tag?post=3242"}],"curies":[{"name":"wp","href":"https:\/\/api.w.org\/{rel}","templated":true}]}}