{"id":324,"date":"2024-06-28T06:46:40","date_gmt":"2024-06-28T06:46:40","guid":{"rendered":"https:\/\/rfid-laundry-tag.com\/?post_type=product&#038;p=324"},"modified":"2024-08-14T16:46:59","modified_gmt":"2024-08-14T16:46:59","slug":"nxp-ntag213-nfc-inlay-144byte","status":"publish","type":"product","link":"https:\/\/rfid-laundry-tag.com\/de\/nxp-ntag213-nfc-inlay-144byte\/","title":{"rendered":"NXP Ntag213 NFC-Inlay 144Byte"},"content":{"rendered":"<div>\n<div>NXP Ntag213 NFC-Inlay 144Byte<\/div>\n<div><\/div>\n<div>RFID-NFC-Inlays spielen eine wesentliche Rolle f\u00fcr den optimierten Betrieb hochfrequenzbasierter Systeme.<\/div>\n<div>Dies kann insbesondere im Zusammenhang mit dem NXP Ntag213 NFC-Inlay mit einer Kapazit\u00e4t von 144 Byte zutreffen.<\/div>\n<div>Diese Inlays gibt es in zwei Formen, nass und trocken, und jede dient einem einzigartigen Zweck.<\/div>\n<div><\/div>\n<div><\/div>\n<div class=\"auto-hide-last-sibling-br paragraph_9dc5f paragraph-element\">Der NTAG213-Chip bietet eine Reihe von Vorteilen, wie zum Beispiel:<\/div>\n<p>&nbsp;<\/p>\n<ul class=\"auto-hide-last-sibling-br\">\n<li>Kontaktlose Energie- und Daten\u00fcbertragung<\/li>\n<li>Schnelle Lesef\u00e4higkeit<\/li>\n<li>Verbesserte HF-Leistung<\/li>\n<li>Sicherheitsfunktionen, einschlie\u00dflich Passwortschutz und Antikollisionsfunktionen<\/li>\n<li>Volle \u00dcbereinstimmung mit den Spezifikationen des NFC Forum Tag Typ 2<\/li>\n<\/ul>\n<\/div>\n<div>\n<table class=\"all magic-9\">\n<tbody>\n<tr>\n<td colspan=\"1\" rowspan=\"1\">\n<div class=\"magic-10\">Material<\/div>\n<\/td>\n<td colspan=\"1\" rowspan=\"1\">\n<div class=\"magic-11\" data-spm-anchor-id=\"a2700.details.0.i85.504d267eS1Hb6u\">PET, PVC, beschichtetes Papier usw.<\/div>\n<\/td>\n<\/tr>\n<tr>\n<td colspan=\"1\" rowspan=\"1\">\n<div class=\"magic-10\">Chip<\/div>\n<\/td>\n<td colspan=\"1\" rowspan=\"1\">\n<div class=\"magic-11\">Ntag213\/Ntag215\/Ntag216 usw.<\/div>\n<\/td>\n<\/tr>\n<tr>\n<td colspan=\"1\" rowspan=\"1\">\n<div class=\"magic-10\">Frequenz<\/div>\n<\/td>\n<td colspan=\"1\" rowspan=\"1\">\n<div class=\"magic-11\">13,56 MHz<\/div>\n<\/td>\n<\/tr>\n<tr>\n<td colspan=\"1\" rowspan=\"1\">\n<div class=\"magic-10\">Protokoll<\/div>\n<\/td>\n<td colspan=\"1\" rowspan=\"1\">\n<div class=\"magic-11\">ISO 14443A<\/div>\n<\/td>\n<\/tr>\n<tr>\n<td colspan=\"1\" rowspan=\"1\">\n<div class=\"magic-10\">Gr\u00f6\u00dfe<\/div>\n<\/td>\n<td colspan=\"1\" rowspan=\"1\">\n<div class=\"magic-11\">Durchmesser 25, 30, 35mm oder Sondergr\u00f6\u00dfe<\/div>\n<\/td>\n<\/tr>\n<tr>\n<td colspan=\"1\" rowspan=\"1\">\n<div class=\"magic-10\">Besonderheit<\/div>\n<\/td>\n<td colspan=\"1\" rowspan=\"1\">\n<div class=\"magic-11\">Wasserfest, strapazierf\u00e4hig, individueller Druck<\/div>\n<\/td>\n<\/tr>\n<tr>\n<td colspan=\"1\" rowspan=\"1\">\n<div class=\"magic-10\">Probe<\/div>\n<\/td>\n<td colspan=\"1\" rowspan=\"1\">\n<div class=\"magic-11\">frei verf\u00fcgbar<\/div>\n<\/td>\n<\/tr>\n<tr>\n<td colspan=\"1\" rowspan=\"1\">\n<div class=\"magic-10\">Leseabstand<\/div>\n<\/td>\n<td colspan=\"1\" rowspan=\"1\">\n<div class=\"magic-11\" data-spm-anchor-id=\"a2700.details.0.i84.504d267eS1Hb6u\">0-10 cm<\/div>\n<\/td>\n<\/tr>\n<\/tbody>\n<\/table>\n<\/div>\n<div><\/div>\n<div><\/div>\n<div><strong>RFID NFC Inlays<\/strong> gibt es in zwei Ausf\u00fchrungen: nass und trocken. Ein nasses RFID-NFC-Inlay hat eine klebrige R\u00fcckseite, ein trockenes nicht. Sie bieten eine Tag-Option mit 13,56 MHz, die speziell f\u00fcr Erstausr\u00fcster (OEMs) entwickelt wurde. F\u00fcr diese Inlays sind sowohl NFC-Speicherchips nach ISO 15693 als auch 14443 erh\u00e4ltlich.<\/div>\n<div><\/div>\n<div class=\"text-title\"><strong><span class=\"magic-26\" style=\"font-family: Arial;\" data-spm-anchor-id=\"a2700.details.0.i47.6f4d7d7dnursE7\">Trockeneinlage<\/span><\/strong><\/div>\n<div class=\"text-content\">\n<p><span class=\"magic-6\" style=\"font-family: Arial;\">Einfach ausgedr\u00fcckt ist ein RFID-Dry-Inlay eine Kombination aus RFID-Chip und Antenne. Es kann zur Herstellung von NFC-Aufklebern, RFID-Etiketten, RFID-Tickets und verschiedenen RFID-Tags verwendet werden. <\/span><\/p>\n<div data-spm-anchor-id=\"a2700.details.0.i46.6f4d7d7dnursE7\">\n<p><span class=\"magic-6\" style=\"font-family: Arial;\"> Die Antenne mit Trockeneinlage ist aus Aluminium ge\u00e4tzt und im Vergleich zu einer Kupferspule d\u00fcnner. Die Form der Antenne kann auf Anfrage angepasst und neu gestaltet werden.<\/span><\/p>\n<p>&nbsp;<\/p>\n<\/div>\n<\/div>\n<div>\n<div class=\"text-title\"><strong><span class=\"magic-26\" style=\"font-family: Arial;\">Nasseinlage<\/span><\/strong><\/div>\n<div class=\"text-content\">\n<p><span class=\"magic-6\" style=\"font-family: Arial;\" data-spm-anchor-id=\"a2700.details.0.i49.6f4d7d7dnursE7\">Ein mit Klebstoff versehenes RFID-Trockeninlay wird als Nassinlay bezeichnet. Es kann direkt als RFID-Etikett oder NFC-Aufkleber verwendet werden, wenn kein Aufdruck auf der Oberfl\u00e4che erforderlich ist. Das Aufkleben auf Objekte kann Kosten sparen und denselben Zweck erf\u00fcllen. Es wird auch h\u00e4ufig zur Herstellung von RFID-Tags verwendet. Die Antenne des Nassinlays ist eine Aluminium\u00e4tzung, die im Vergleich zu einer Kupferspule d\u00fcnner ist. Die Form der Antenne kann auf Anfrage angepasst und neu gestaltet werden.<\/span><\/p>\n<div><span class=\"magic-6\" style=\"font-family: Arial;\">\u00a0<\/span><\/div>\n<div data-spm-anchor-id=\"a2700.details.0.i48.6f4d7d7dnursE7\"><\/div>\n<\/div>\n<\/div>","protected":false},"excerpt":{"rendered":"<p>NXP Ntag213 NFC Inlay 144Byte ist ein spezieller IC-Typ, der mit dem NFC Forum Type 2 Tag kompatibel ist und \u00fcber 144 Byte Benutzerspeicher verf\u00fcgt. Es ist vielseitig einsetzbar und eignet sich f\u00fcr verschiedene Anwendungen in Branchen wie Einzelhandel, Gaming und Unterhaltungselektronik.<\/p>","protected":false},"featured_media":326,"template":"","meta":{"_kad_post_transparent":"default","_kad_post_title":"","_kad_post_layout":"default","_kad_post_sidebar_id":"","_kad_post_content_style":"default","_kad_post_vertical_padding":"default","_kad_post_feature":"","_kad_post_feature_position":"","_kad_post_header":false,"_kad_post_footer":false,"_kad_post_classname":""},"product_brand":[],"product_cat":[54,189],"product_tag":[111,140,110],"class_list":{"0":"post-324","1":"product","2":"type-product","3":"status-publish","4":"has-post-thumbnail","6":"product_cat-hot-selling-rfid-tags","7":"product_cat-rfid-inlay","8":"product_tag-nfc-inlay","9":"product_tag-nxp-ntag213-nfc-inlay-144byte","10":"product_tag-rfid-nfc-inlay","12":"first","13":"instock","14":"shipping-taxable","15":"product-type-simple","16":"entry","17":"content-bg","18":"loop-entry"},"_links":{"self":[{"href":"https:\/\/rfid-laundry-tag.com\/de\/wp-json\/wp\/v2\/product\/324","targetHints":{"allow":["GET"]}}],"collection":[{"href":"https:\/\/rfid-laundry-tag.com\/de\/wp-json\/wp\/v2\/product"}],"about":[{"href":"https:\/\/rfid-laundry-tag.com\/de\/wp-json\/wp\/v2\/types\/product"}],"version-history":[{"count":3,"href":"https:\/\/rfid-laundry-tag.com\/de\/wp-json\/wp\/v2\/product\/324\/revisions"}],"predecessor-version":[{"id":1336,"href":"https:\/\/rfid-laundry-tag.com\/de\/wp-json\/wp\/v2\/product\/324\/revisions\/1336"}],"wp:featuredmedia":[{"embeddable":true,"href":"https:\/\/rfid-laundry-tag.com\/de\/wp-json\/wp\/v2\/media\/326"}],"wp:attachment":[{"href":"https:\/\/rfid-laundry-tag.com\/de\/wp-json\/wp\/v2\/media?parent=324"}],"wp:term":[{"taxonomy":"product_brand","embeddable":true,"href":"https:\/\/rfid-laundry-tag.com\/de\/wp-json\/wp\/v2\/product_brand?post=324"},{"taxonomy":"product_cat","embeddable":true,"href":"https:\/\/rfid-laundry-tag.com\/de\/wp-json\/wp\/v2\/product_cat?post=324"},{"taxonomy":"product_tag","embeddable":true,"href":"https:\/\/rfid-laundry-tag.com\/de\/wp-json\/wp\/v2\/product_tag?post=324"}],"curies":[{"name":"wp","href":"https:\/\/api.w.org\/{rel}","templated":true}]}}