{"id":321,"date":"2024-06-28T06:45:35","date_gmt":"2024-06-28T06:45:35","guid":{"rendered":"https:\/\/rfid-laundry-tag.com\/?post_type=product&#038;p=321"},"modified":"2024-06-28T06:45:35","modified_gmt":"2024-06-28T06:45:35","slug":"i-code-slix-rfid-library-book-sticker-5050mm","status":"publish","type":"product","link":"https:\/\/rfid-laundry-tag.com\/de\/i-code-slix-rfid-library-book-sticker-5050mm\/","title":{"rendered":"I CODE SLIX RFID-Bibliotheksbuchaufkleber 50*50mm"},"content":{"rendered":"<table style=\"font-family: var(--global-body-font-family);\" width=\"772\">\n<tbody>\n<tr>\n<td width=\"153\"><strong>Produktname<\/strong><\/td>\n<td width=\"619\"><strong>\u00a0I CODE SLIX RFID-Bibliotheksbuchaufkleber\u00a0<\/strong><\/td>\n<\/tr>\n<tr>\n<td width=\"153\">Material<\/td>\n<td width=\"619\">PET+Al+Papier\/PVC\/PET<\/td>\n<\/tr>\n<tr>\n<td width=\"153\">Farbe<\/td>\n<td width=\"619\">CMYK, Vierfarbdruck<\/td>\n<\/tr>\n<tr>\n<td width=\"153\">Beschriftungsdimension<\/td>\n<td width=\"619\">45 x 45 mm, 50 x 50 mm usw.<\/td>\n<\/tr>\n<tr>\n<td width=\"153\">Chip<\/td>\n<td width=\"619\">\u00a0I CODE SLIX, ICODE\u00ae SLIX-S usw.<\/td>\n<\/tr>\n<tr>\n<td width=\"153\">Protokoll<\/td>\n<td width=\"619\">ISO 15693-Richtlinie<\/td>\n<\/tr>\n<tr>\n<td width=\"153\">Frequenz<\/td>\n<td width=\"619\">13,56 MHz<\/td>\n<\/tr>\n<tr>\n<td width=\"153\">Leseabstand<\/td>\n<td width=\"619\">HF: 1-30 cm, abh\u00e4ngig vom Leser und der Umgebung<\/td>\n<\/tr>\n<tr>\n<td width=\"153\">Drucken<\/td>\n<td width=\"619\">CMYK, Sonderdruck, blanko<\/td>\n<\/tr>\n<tr>\n<td width=\"153\">Paket<\/td>\n<td width=\"619\">2000 St\u00fcck\/Rolle, 16000 St\u00fcck\/Karton, kundenspezifisch<\/td>\n<\/tr>\n<tr>\n<td width=\"153\">Kostenlose Probe<\/td>\n<td width=\"619\">Ja<\/td>\n<\/tr>\n<\/tbody>\n<\/table>\n<p>&nbsp;<\/p>\n<p>Das System wurde in erster Linie zur Verbesserung der Effizienz von Buch- und Dateiverwaltungsverfahren entwickelt und unterst\u00fctzt unter anderem bei Bestandspr\u00fcfungen, der Standortverfolgung, der Aktivierung von Selbstbedienungssystemen f\u00fcr die Buchr\u00fcckgabe und der Diebstahlpr\u00e4vention. Seine Verwendung optimiert den Bibliotheksbetrieb erheblich und macht es zu einer intelligenten Wahl f\u00fcr moderne Bibliotheken.<\/p>\n<div class=\"auto-hide-last-sibling-br paragraph_9dc5f paragraph-element\">Der I CODE SLIX RFID-Bibliotheksbuchaufkleber ist eine effektive L\u00f6sung f\u00fcr die intelligente Verwaltung von Bibliotheksressourcen. Hier sind seine Funktionen und Antworten auf einige h\u00e4ufig gestellte Fragen:<\/div>\n<p>&nbsp;<\/p>\n<div class=\"auto-hide-last-sibling-br paragraph_9dc5f paragraph-element\"><strong>Merkmale des I CODE SLIX RFID-Bibliotheksbuchaufklebers:<\/strong><\/div>\n<ol class=\"auto-hide-last-sibling-br\">\n<li>Dieser ISO15693-RFID-Tag ist speziell f\u00fcr Bibliotheksverwaltungssysteme konzipiert.<\/li>\n<li>Es arbeitet im Hochfrequenzbereich (HF) bei 13,56 MHz.<\/li>\n<li>Diese Aufkleber gibt es in verschiedenen Gr\u00f6\u00dfen, insbesondere 85*<em>50mm und 50*<\/em>50 mm.<\/li>\n<li>Sie verf\u00fcgen \u00fcber wasserfeste Eigenschaften und sind zudem selbstklebend.<\/li>\n<li>Sie bieten einen Leseabstand von 1\u201315\u00a0cm und einen Benutzerspeicher von 896\u00a0Bit.<\/li>\n<li>Sie eignen sich optimal f\u00fcr Anwendungen mit begrenztem Platz, am h\u00e4ufigsten in Dokumentenmanagementsystemen.<\/li>\n<\/ol>\n<p>&nbsp;<\/p>\n<div class=\"auto-hide-last-sibling-br paragraph_9dc5f paragraph-element\"><strong>H\u00e4ufig gestellte Fragen (FAQs):<\/strong><\/div>\n<ul class=\"auto-hide-last-sibling-br\">\n<li>\n<div class=\"auto-hide-last-sibling-br paragraph_9dc5f paragraph-element\"><strong>Frage 1:<\/strong>\u00a0Wie kann ich eine Bestellung aufgeben?<\/div>\n<ul class=\"auto-hide-last-sibling-br\">\n<li>A: Sie k\u00f6nnen dem Kundendienst Ihre Anforderungen mitteilen, die Produktspezifikationen festlegen, Ihre Zahlung vornehmen und dann die Produktlieferung veranlassen.<\/li>\n<\/ul>\n<\/li>\n<li>\n<div class=\"auto-hide-last-sibling-br paragraph_9dc5f paragraph-element\"><strong>Frage 2:<\/strong>\u00a0Wie lange dauert die Produktion\/Lieferung voraussichtlich?<\/div>\n<ul class=\"auto-hide-last-sibling-br\">\n<li>A: Der voraussichtliche Zeitrahmen f\u00fcr Produktion und Lieferung betr\u00e4gt normalerweise 20 Tage. Dies kann sich jedoch aufgrund spezifischer Auftragskonfigurationen \u00e4ndern.<\/li>\n<\/ul>\n<\/li>\n<li>\n<div class=\"auto-hide-last-sibling-br paragraph_9dc5f paragraph-element\"><strong>Frage 3:<\/strong>\u00a0Werden alle Artikel vor dem Versand getestet?<\/div>\n<ul class=\"auto-hide-last-sibling-br\">\n<li>A: Tats\u00e4chlich werden alle Artikel vor dem Versand umfassenden Tests unterzogen, einschlie\u00dflich grundlegender Ausr\u00fcstungskontrollen.<\/li>\n<\/ul>\n<\/li>\n<li>\n<div class=\"auto-hide-last-sibling-br paragraph_9dc5f paragraph-element\"><strong>Frage 4:<\/strong>\u00a0Ist es m\u00f6glich, Muster zu erhalten?<\/div>\n<ul class=\"auto-hide-last-sibling-br\">\n<li>A: Ja, wir stellen unseren Kunden die tats\u00e4chlichen Produkte als Muster zur Verf\u00fcgung.<\/li>\n<\/ul>\n<\/li>\n<\/ul>","protected":false},"excerpt":{"rendered":"<p>Der I CODE SLIX RFID-Bibliotheksbuchaufkleber mit den Abmessungen 50 x 50 mm spielt eine entscheidende Rolle bei der Verwaltung von Bibliotheksb\u00fcchern und -dateien. In Verbindung mit einer RFID-Antenne und einem RFID-Leseger\u00e4t tr\u00e4gt er zur intelligenten Verwaltung von Bibliotheksressourcen bei.<\/p>","protected":false},"featured_media":323,"template":"","meta":{"_kad_post_transparent":"default","_kad_post_title":"","_kad_post_layout":"default","_kad_post_sidebar_id":"","_kad_post_content_style":"default","_kad_post_vertical_padding":"default","_kad_post_feature":"","_kad_post_feature_position":"","_kad_post_header":false,"_kad_post_footer":false,"_kad_post_classname":""},"product_brand":[],"product_cat":[54],"product_tag":[138,139],"class_list":{"0":"post-321","1":"product","2":"type-product","3":"status-publish","4":"has-post-thumbnail","6":"product_cat-hot-selling-rfid-tags","7":"product_tag-i-code-slix-rfid-library-book-sticker","8":"product_tag-i-code-slix-rfid-sticker","10":"first","11":"instock","12":"shipping-taxable","13":"product-type-simple","14":"entry","15":"content-bg","16":"loop-entry"},"_links":{"self":[{"href":"https:\/\/rfid-laundry-tag.com\/de\/wp-json\/wp\/v2\/product\/321","targetHints":{"allow":["GET"]}}],"collection":[{"href":"https:\/\/rfid-laundry-tag.com\/de\/wp-json\/wp\/v2\/product"}],"about":[{"href":"https:\/\/rfid-laundry-tag.com\/de\/wp-json\/wp\/v2\/types\/product"}],"version-history":[{"count":0,"href":"https:\/\/rfid-laundry-tag.com\/de\/wp-json\/wp\/v2\/product\/321\/revisions"}],"wp:featuredmedia":[{"embeddable":true,"href":"https:\/\/rfid-laundry-tag.com\/de\/wp-json\/wp\/v2\/media\/323"}],"wp:attachment":[{"href":"https:\/\/rfid-laundry-tag.com\/de\/wp-json\/wp\/v2\/media?parent=321"}],"wp:term":[{"taxonomy":"product_brand","embeddable":true,"href":"https:\/\/rfid-laundry-tag.com\/de\/wp-json\/wp\/v2\/product_brand?post=321"},{"taxonomy":"product_cat","embeddable":true,"href":"https:\/\/rfid-laundry-tag.com\/de\/wp-json\/wp\/v2\/product_cat?post=321"},{"taxonomy":"product_tag","embeddable":true,"href":"https:\/\/rfid-laundry-tag.com\/de\/wp-json\/wp\/v2\/product_tag?post=321"}],"curies":[{"name":"wp","href":"https:\/\/api.w.org\/{rel}","templated":true}]}}