{"id":3191,"date":"2026-01-09T13:46:57","date_gmt":"2026-01-09T13:46:57","guid":{"rendered":"https:\/\/rfid-laundry-tag.com\/?post_type=product&#038;p=3191"},"modified":"2026-01-09T13:46:57","modified_gmt":"2026-01-09T13:46:57","slug":"uhf-wash-care-label-rfid-chips-in-garment","status":"publish","type":"product","link":"https:\/\/rfid-laundry-tag.com\/de\/uhf-wash-care-label-rfid-chips-in-garment\/","title":{"rendered":"UHF-Waschetiketten-RFID-Chips im Kleidungsst\u00fcck"},"content":{"rendered":"<div class=\"J_module\">\n<div class=\"ife-detail-decorate-table\">\n<table class=\"hight-light-first-column all magic-14\">\n<tbody>\n<tr>\n<td colspan=\"1\" rowspan=\"1\">\n<div class=\"magic-15\" data-spm-anchor-id=\"a2700.details.0.i95.236a58c1ycsfva\">Produktionsname:<\/div>\n<\/td>\n<td colspan=\"1\" rowspan=\"1\">\n<div class=\"magic-16\"><strong>UHF-Waschetiketten-RFID-Chips im Kleidungsst\u00fcck<\/strong><\/div>\n<\/td>\n<\/tr>\n<tr>\n<td colspan=\"1\" rowspan=\"1\">\n<div class=\"magic-15\"><span class=\"magic-17\">Material:<\/span><\/div>\n<\/td>\n<td colspan=\"1\" rowspan=\"1\">\n<div class=\"magic-16\">Polyester\/Zusammensetzung\/Satin\/Baumwolle\/Vlies\/PET usw.<\/div>\n<\/td>\n<\/tr>\n<tr>\n<td colspan=\"1\" rowspan=\"1\">\n<div class=\"magic-15\"><span class=\"magic-17\">Gr\u00f6\u00dfe:<\/span><\/div>\n<\/td>\n<td colspan=\"1\" rowspan=\"1\">\n<div class=\"magic-16\"><span class=\"magic-17\">80*38 mm \/ 60*30 mm \/ 61*26 mm \/ 60*22 mm \/ usw. oder kundenspezifisch<\/span><\/div>\n<\/td>\n<\/tr>\n<tr>\n<td colspan=\"1\" rowspan=\"1\">\n<div class=\"magic-15\"><span class=\"magic-17\">Typ:<\/span><\/div>\n<\/td>\n<td colspan=\"1\" rowspan=\"1\">\n<div class=\"magic-16\"><span class=\"magic-17\">Passiv, RFID<\/span><\/div>\n<\/td>\n<\/tr>\n<tr>\n<td colspan=\"1\" rowspan=\"1\">\n<div class=\"magic-15\">RF-Protokoll:<\/div>\n<\/td>\n<td colspan=\"1\" rowspan=\"1\">\n<div class=\"magic-16\">ISO 18000-6C; EPC Klasse 1 Gen 2<\/div>\n<\/td>\n<\/tr>\n<tr>\n<td colspan=\"1\" rowspan=\"1\">\n<div class=\"magic-15\"><span class=\"magic-17\">Frequenz:<\/span><\/div>\n<\/td>\n<td colspan=\"1\" rowspan=\"1\">\n<div class=\"magic-16\"><span class=\"magic-17\">860~960MHz<\/span><\/div>\n<\/td>\n<\/tr>\n<tr>\n<td colspan=\"1\" rowspan=\"1\">\n<div class=\"magic-15\">Chip<\/div>\n<\/td>\n<td colspan=\"1\" rowspan=\"1\">\n<div class=\"magic-16\">U8, U9, Alien Higgs, Monza 4D, Monza 4QT, Monza R6, Monza R6-P, Impinj M730, Impinj M750 usw.<\/div>\n<\/td>\n<\/tr>\n<tr>\n<td colspan=\"1\" rowspan=\"1\">\n<div class=\"magic-15\"><span class=\"magic-17\">Leseentfernung:<\/span><\/div>\n<\/td>\n<td colspan=\"1\" rowspan=\"1\">\n<div class=\"magic-16\"><span class=\"magic-17\">UHF: 1~10\u00a0m (abh\u00e4ngig vom Leseger\u00e4t und der Antenne)<\/span><\/div>\n<\/td>\n<\/tr>\n<tr>\n<td colspan=\"1\" rowspan=\"1\">\n<div class=\"magic-15\"><span class=\"magic-17\">Fester Weg:<\/span><\/div>\n<\/td>\n<td colspan=\"1\" rowspan=\"1\">\n<div class=\"magic-16\"><span class=\"magic-17\">N\u00e4hen \/ B\u00fcgeln<\/span><\/div>\n<\/td>\n<\/tr>\n<tr>\n<td colspan=\"1\" rowspan=\"1\">\n<div class=\"magic-15\"><span class=\"magic-17\">Drucken:<\/span><\/div>\n<\/td>\n<td colspan=\"1\" rowspan=\"1\">\n<div class=\"magic-16\"><span class=\"magic-17\">Aufdruck, Kodierung, Seriennummer, Design etc.<\/span><\/div>\n<\/td>\n<\/tr>\n<tr>\n<td colspan=\"1\" rowspan=\"1\">\n<div class=\"magic-15\"><span class=\"magic-17\">IC-Lebensdauer:<\/span><\/div>\n<\/td>\n<td colspan=\"1\" rowspan=\"1\">\n<div class=\"magic-16\" data-spm-anchor-id=\"a2700.details.0.i94.236a58c1ycsfva\"><span class=\"magic-17\">100.000 Programmierzyklen<br \/>\n10 Jahre Datenaufbewahrung<\/span><\/div>\n<\/td>\n<\/tr>\n<tr>\n<td colspan=\"1\" rowspan=\"1\">\n<div class=\"magic-15\"><span class=\"magic-17\">Probenverf\u00fcgbarkeit:<\/span><\/div>\n<\/td>\n<td colspan=\"1\" rowspan=\"1\">\n<div class=\"magic-16\"><span class=\"magic-17\">Kostenlose Muster sind auf Anfrage erh\u00e4ltlich<\/span><\/div>\n<\/td>\n<\/tr>\n<tr>\n<td colspan=\"1\" rowspan=\"1\">\n<div class=\"magic-15\"><span class=\"magic-17\">Anwendungen:\u00a0<\/span><\/div>\n<\/td>\n<td colspan=\"1\" rowspan=\"1\">\n<div class=\"magic-16\"><span class=\"magic-17\">\u00b7 Bestandsverwaltung<br \/>\n\u00b7 Lieferkette<br \/>\n\u00b7 Einzelhandel<\/span><\/div>\n<\/td>\n<\/tr>\n<tr>\n<td colspan=\"1\" rowspan=\"1\">\n<div class=\"magic-15\"><span class=\"magic-17\">Verwenden<\/span><\/div>\n<\/td>\n<td colspan=\"1\" rowspan=\"1\">\n<div class=\"magic-16\"><span class=\"magic-17\">Kleidung, Bekleidung, Taschen, Schuhe usw.<\/span><\/div>\n<\/td>\n<\/tr>\n<\/tbody>\n<\/table>\n<\/div>\n<\/div>\n<div class=\"J_module\">\n<div class=\"detail-decorate-json-renderer-container\">\n<div class=\"magic-1\">\n<div class=\"magic-5\">\n<div class=\"magic-6\">\n<div><\/div>\n<\/div>\n<div>\n<div class=\"auto-hide-last-sibling-br paragraph_1252f paragraph-element\">\n<div class=\"auto-hide-last-sibling-br paragraph_1252f paragraph-element\">\n<div class=\"auto-hide-last-sibling-br paragraph_1252f paragraph-element\">\n<p>&nbsp;<\/p>\n<div class=\"auto-hide-last-sibling-br paragraph_1252f paragraph-element\">\n<p><a href=\"https:\/\/rfid-laundry-tag.com\/de\/\"><strong>UHF-Waschetikett-RFID-Chips<\/strong>\u00a0<\/a>Sie bieten eine komfortablere und hautfreundlichere Alternative zu herk\u00f6mmlichen Kleidungsetiketten. Diese Etiketten sind f\u00fcr die einfache Integration in Kleidungsst\u00fccke konzipiert und optimieren so das Kleidermanagement.<\/p>\n<\/div>\n<\/div>\n<\/div>\n<div><\/div>\n<div class=\"auto-hide-last-sibling-br paragraph_1252f paragraph-element\">\n<div class=\"auto-hide-last-sibling-br paragraph_1252f paragraph-element\">\n<h2 class=\"AnswerParser_AnswerParserH2__SIHnF\">Verbessern Sie die Transparenz Ihrer Lieferkette<\/h2>\n<p><span class=\"AnswerParser_TextContainer__z_Iiv\" data-testid=\"youchat-text\">Durch die Integration unserer UHF-RFID-Chips f\u00fcr Waschetiketten in Ihre Textilien erhalten Sie eine beispiellose Transparenz Ihrer Lieferkette. Verfolgen Sie Ihre Kleidung von der Herstellung bis zum Verkauf und sogar \u00fcber mehrere Waschg\u00e4nge in industriellen W\u00e4schereien hinweg.<\/span><span class=\"AnswerParser_TextContainer__z_Iiv\" data-testid=\"youchat-text\">Diese verbesserte Sichtbarkeit erm\u00f6glicht Ihnen:<\/span><\/p>\n<ul class=\"AnswerParser_AnswerParserUnorderedList__P_1FW\">\n<li class=\"AnswerParser_ListItem__XqLOV\" translate=\"yes\">Reduzieren Sie Schrumpfung und Verlust<\/li>\n<li class=\"AnswerParser_ListItem__XqLOV\" translate=\"yes\">Verbessern Sie die Effizienz des Produktaustauschs<\/li>\n<li class=\"AnswerParser_ListItem__XqLOV\" translate=\"yes\">Optimieren Sie Lagerbest\u00e4nde<\/li>\n<li class=\"AnswerParser_ListItem__XqLOV\" translate=\"yes\">Steigern Sie die Kundenzufriedenheit durch bessere Produktverf\u00fcgbarkeit<\/li>\n<\/ul>\n<h2 class=\"AnswerParser_AnswerParserH2__SIHnF\">Einfache Installation und Verwendung<\/h2>\n<p><span class=\"AnswerParser_TextContainer__z_Iiv\" data-testid=\"youchat-text\">Unsere RFID-Waschpflegeetiketten sind f\u00fcr die nahtlose Integration in Ihre Kleidungsst\u00fccke konzipiert:<\/span><\/p>\n<ol class=\"AnswerParser_AnswerParserOrderedList__kl_2Y\">\n<li class=\"AnswerParser_ListItem__XqLOV\" translate=\"yes\"><strong>Einn\u00e4hoption<\/strong>: Traditionelle Befestigungsmethode f\u00fcr Langlebigkeit.<\/li>\n<li class=\"AnswerParser_ListItem__XqLOV\" translate=\"yes\"><strong>Aufb\u00fcgelbare Applikation<\/strong>: Schnelle und einfache Installation durch W\u00e4rme\u00fcbertragungstechnologie.<\/li>\n<\/ol>\n<p><span class=\"AnswerParser_TextContainer__z_Iiv\" data-testid=\"youchat-text\">Beide Methoden gew\u00e4hrleisten, dass das Etikett w\u00e4hrend der gesamten Lebensdauer des Kleidungsst\u00fccks sicher befestigt bleibt.<\/span><\/p>\n<h3 class=\"auto-hide-last-sibling-br paragraph_1252f paragraph-element\"><strong>Hier sind einige Beispiele, wie erstklassige Bekleidungsmarken RFID-UHF-Tags erfolgreich implementiert haben:<\/strong><\/h3>\n<ol class=\"auto-hide-last-sibling-br\">\n<li>\n<div class=\"auto-hide-last-sibling-br paragraph_1252f paragraph-element\"><strong>Prada<\/strong>: Diese ber\u00fchmte italienische Luxusmarke f\u00fchrte 2001 RFID-Tags ein, die eine detaillierte Aufzeichnung von Informationen wie Stil, Gr\u00f6\u00dfe, Farbe und Preis erm\u00f6glichen. Interessanterweise werden den Prada-Kunden, wenn sie durch ihre Gesch\u00e4fte gehen, entsprechende Outfits an den Models im Laden angezeigt, was einem High-Fashion-Laufsteg in Mailand \u00e4hnelt. Dieser innovative Einsatz der RFID-Technologie erh\u00f6ht die Zufriedenheit der Prada-Kunden nach dem Kauf.<\/div>\n<\/li>\n<li>\n<div class=\"auto-hide-last-sibling-br paragraph_1252f paragraph-element\"><strong>HM<\/strong>: Diese internationale Marke nutzt seit 2014 die RFID-Technologie. In geplanten 1.800 Gesch\u00e4ften erm\u00f6glicht die RFID-Technologie die automatische Verfolgung von Produktkategorien, Mengen und Verbrauch.<\/div>\n<\/li>\n<li>\n<div class=\"auto-hide-last-sibling-br paragraph_1252f paragraph-element\"><strong>ZARA<\/strong>Im ersten Halbjahr 2016 gab Inditex, die Muttergesellschaft von ZARA, bekannt, dass der Einsatz von RFID-Technologie die Bestands- und Lieferkettenverwaltung f\u00fcr rund 701.000 Marken verbessert habe. Diese Implementierung f\u00fchrte zu einem Umsatzplus von 11.110.000 Artikeln und einem Gewinnanstieg von 7.510.000 Artikeln, was einem Gesamtbetrag von 1,26 Milliarden Euro entspricht.<\/div>\n<\/li>\n<li>\n<div class=\"auto-hide-last-sibling-br paragraph_1252f paragraph-element\"><strong>Uniqlo<\/strong>: Im Jahr 2017 k\u00fcndigte Uniqlo seinen Plan an, RFID-UHF-Tags in 3.000 Gesch\u00e4ften weltweit einzuf\u00fchren und war damit der erste japanische Einzelh\u00e4ndler, der weltweit elektronische Tags einsetzt.<\/div>\n<\/li>\n<\/ol>\n<div class=\"auto-hide-last-sibling-br paragraph_1252f paragraph-element\">Dies sind nur einige Einblicke, wie f\u00fchrende Bekleidungsmarken RFID-Tags einsetzen. Seit 2019 verwenden praktisch alle Weltmarken RFID-Tags an ihren Kleidungsst\u00fccken, was zu \u00fcber 20 Milliarden gekennzeichneten Kleidungsst\u00fccken gef\u00fchrt hat \u2013 eine Zahl, die weiterhin deutlich w\u00e4chst. Zu den weiteren namhaften Marken, die diese Technologie nutzen, geh\u00f6ren Nike und Walmart.<\/div>\n<\/div>\n<\/div>\n<\/div>\n<h2 class=\"AnswerParser_AnswerParserH2__SIHnF\">Kontaktieren Sie uns f\u00fcr eine individuelle L\u00f6sung<\/h2>\n<p><span class=\"AnswerParser_TextContainer__z_Iiv\" data-testid=\"youchat-text\">Sind Sie bereit, Ihr Textilmanagement mit unseren UHF-RFID-Waschetiketten zu revolutionieren? Wir helfen Ihnen gerne, die perfekte L\u00f6sung f\u00fcr Ihre Bed\u00fcrfnisse zu finden.<\/span><\/p>\n<ul class=\"AnswerParser_AnswerParserUnorderedList__P_1FW\">\n<li class=\"AnswerParser_ListItem__XqLOV\" translate=\"yes\"><strong>Kostenlose Proben<\/strong>: Fordern Sie kostenlose Muster zum Testen in Ihrer Umgebung an.<\/li>\n<li class=\"AnswerParser_ListItem__XqLOV\" translate=\"yes\"><strong>Anpassung<\/strong>: Teilen Sie uns Ihre spezifischen Anforderungen f\u00fcr eine ma\u00dfgeschneiderte L\u00f6sung mit.<\/li>\n<li class=\"AnswerParser_ListItem__XqLOV\" translate=\"yes\"><strong>Fachberatung<\/strong>: Unser Team aus RFID-Spezialisten beantwortet gerne Ihre Fragen.<\/li>\n<\/ul>\n<p>Zusammenfassend l\u00e4sst sich sagen, dass UHF-Satin-Waschetiketten Komfort, Benutzerfreundlichkeit und fortschrittliche Technologie vereinen und somit eine ausgezeichnete Wahl sowohl f\u00fcr Hersteller als auch f\u00fcr Verbraucher darstellen, die eine bessere Etikettierungsl\u00f6sung suchen.<\/p>\n<p>&nbsp;<\/p>\n<\/div>\n<\/div>\n<\/div>\n<\/div>\n<\/div>","protected":false},"excerpt":{"rendered":"<p><strong>UHF-Waschetiketten-RFID-Chips im Kleidungsst\u00fcck<\/strong>\u00a0Wir bieten mit \u00fcber 15 Jahren Erfahrung eine komfortablere und hautfreundlichere Alternative zu herk\u00f6mmlichen Bekleidungsmarken!<\/p>","protected":false},"featured_media":3192,"template":"","meta":{"_kad_post_transparent":"default","_kad_post_title":"","_kad_post_layout":"default","_kad_post_sidebar_id":"","_kad_post_content_style":"default","_kad_post_vertical_padding":"default","_kad_post_feature":"","_kad_post_feature_position":"","_kad_post_header":false,"_kad_post_footer":false,"_kad_post_classname":""},"product_brand":[],"product_cat":[81],"product_tag":[389,390,388,391],"class_list":{"0":"post-3191","1":"product","2":"type-product","3":"status-publish","4":"has-post-thumbnail","6":"product_cat-rfid-wash-care-clothing-label","7":"product_tag-rfid-chips-in-garment","8":"product_tag-uhf-wash-care-labe","9":"product_tag-uhf-wash-care-label-rfid-chips-in-garment","10":"product_tag-wash-care-label-rfid","12":"first","13":"instock","14":"shipping-taxable","15":"product-type-simple","16":"entry","17":"content-bg","18":"loop-entry"},"_links":{"self":[{"href":"https:\/\/rfid-laundry-tag.com\/de\/wp-json\/wp\/v2\/product\/3191","targetHints":{"allow":["GET"]}}],"collection":[{"href":"https:\/\/rfid-laundry-tag.com\/de\/wp-json\/wp\/v2\/product"}],"about":[{"href":"https:\/\/rfid-laundry-tag.com\/de\/wp-json\/wp\/v2\/types\/product"}],"version-history":[{"count":1,"href":"https:\/\/rfid-laundry-tag.com\/de\/wp-json\/wp\/v2\/product\/3191\/revisions"}],"predecessor-version":[{"id":3194,"href":"https:\/\/rfid-laundry-tag.com\/de\/wp-json\/wp\/v2\/product\/3191\/revisions\/3194"}],"wp:featuredmedia":[{"embeddable":true,"href":"https:\/\/rfid-laundry-tag.com\/de\/wp-json\/wp\/v2\/media\/3192"}],"wp:attachment":[{"href":"https:\/\/rfid-laundry-tag.com\/de\/wp-json\/wp\/v2\/media?parent=3191"}],"wp:term":[{"taxonomy":"product_brand","embeddable":true,"href":"https:\/\/rfid-laundry-tag.com\/de\/wp-json\/wp\/v2\/product_brand?post=3191"},{"taxonomy":"product_cat","embeddable":true,"href":"https:\/\/rfid-laundry-tag.com\/de\/wp-json\/wp\/v2\/product_cat?post=3191"},{"taxonomy":"product_tag","embeddable":true,"href":"https:\/\/rfid-laundry-tag.com\/de\/wp-json\/wp\/v2\/product_tag?post=3191"}],"curies":[{"name":"wp","href":"https:\/\/api.w.org\/{rel}","templated":true}]}}