{"id":319,"date":"2024-06-28T06:17:02","date_gmt":"2024-06-28T06:17:02","guid":{"rendered":"https:\/\/rfid-laundry-tag.com\/?post_type=product&#038;p=319"},"modified":"2024-09-23T10:21:27","modified_gmt":"2024-09-23T10:21:27","slug":"iso15693-i-code-slix-rfid-inlay","status":"publish","type":"product","link":"https:\/\/rfid-laundry-tag.com\/de\/iso15693-i-code-slix-rfid-inlay\/","title":{"rendered":"ISO15693 ICODE SLIX RFID-Inlay"},"content":{"rendered":"<table class=\"hight-light-first-column all magic-1\">\n<tbody>\n<tr>\n<td colspan=\"1\" rowspan=\"1\">\n<div class=\"magic-2\">\n<div class=\"magic-3\" data-spm-anchor-id=\"a2700.pc-decorate.0.i24.7f543333WPG8F0\"><span class=\"magic-4\" data-spm-anchor-id=\"a2700.pc-decorate.0.i23.7f543333WPG8F0\"><span class=\"magic-5\" style=\"color: #000000; font-family: Roboto;\"><b class=\"magic-4\" data-spm-anchor-id=\"a2700.pc-decorate.0.i114.7f543333WPG8F0\">Artikel<\/b><\/span><\/span><\/div>\n<\/div>\n<\/td>\n<td colspan=\"4\" rowspan=\"1\">\n<div class=\"magic-6\"><strong>ISO15693 ICODE SLIX RFID-Inlay<\/strong><\/div>\n<\/td>\n<\/tr>\n<tr>\n<td colspan=\"1\" rowspan=\"1\">\n<div class=\"magic-2\">\n<div class=\"magic-3\" data-spm-anchor-id=\"a2700.pc-decorate.0.i22.7f543333WPG8F0\"><span class=\"magic-4\" data-spm-anchor-id=\"a2700.pc-decorate.0.i10.7f543333WPG8F0\"><b class=\"magic-4\"><span class=\"magic-5\" style=\"color: #000000; font-family: Roboto;\">Material<\/span><\/b><\/span><\/div>\n<\/div>\n<\/td>\n<td colspan=\"4\" rowspan=\"1\">\n<div class=\"magic-9\"><span class=\"magic-5\" style=\"color: #000000;\">Papier \/ PP-Folie \/PET \/Inlay<\/span><\/div>\n<\/td>\n<\/tr>\n<tr>\n<td colspan=\"1\" rowspan=\"1\">\n<div class=\"magic-2\">\n<div class=\"magic-3\" data-spm-anchor-id=\"a2700.pc-decorate.0.i34.7f543333WPG8F0\"><b class=\"magic-13\" data-spm-anchor-id=\"a2700.pc-decorate.0.i111.7f543333WPG8F0\"><span class=\"magic-5\" style=\"color: #000000; font-family: Roboto;\">Frequenz<\/span><\/b><\/div>\n<\/div>\n<\/td>\n<td colspan=\"4\" rowspan=\"1\">\n<div class=\"magic-6\"><span class=\"magic-5\" style=\"color: #000000; font-family: Roboto;\" data-spm-anchor-id=\"a2700.details.0.i25.244e512bmtbZH7\">13,56 MHz<\/span><\/div>\n<\/td>\n<\/tr>\n<tr>\n<td colspan=\"1\" rowspan=\"1\">\n<div class=\"magic-2\">\n<div class=\"magic-3\" data-spm-anchor-id=\"a2700.pc-decorate.0.i33.7f543333WPG8F0\"><b class=\"magic-4\"><span class=\"magic-5\" style=\"color: #000000; font-family: Roboto;\">Gr\u00f6\u00dfe<\/span><\/b><\/div>\n<\/div>\n<\/td>\n<td colspan=\"4\" rowspan=\"1\">\n<div class=\"magic-9\"><span class=\"magic-5\" style=\"color: #000000;\">50*50\/45*45\/30*15\/40*25\/ Dia 25\/30 oder kundenspezifische Gr\u00f6\u00dfe<\/span><\/div>\n<\/td>\n<\/tr>\n<tr>\n<td colspan=\"1\" rowspan=\"1\">\n<div class=\"magic-2\">\n<div class=\"magic-3\"><b class=\"magic-14\">Anwendungen<\/b><\/div>\n<\/div>\n<\/td>\n<td colspan=\"4\" rowspan=\"1\">\n<div class=\"magic-6\" data-spm-anchor-id=\"a2700.details.0.i24.244e512bmtbZH7\"><span class=\"magic-5\" style=\"color: #000000; font-family: Roboto;\">Weit verbreitet in der Verm\u00f6gensverwaltung, Bekleidungsverwaltung, Inventarisierung, Bibliotheks-, Schmuck-, Logistik usw.<\/span><\/div>\n<\/td>\n<\/tr>\n<\/tbody>\n<\/table>\n<p>&nbsp;<\/p>\n<p>Der ICODE SLIX IC ist ein dedizierter Chip f\u00fcr intelligente Etikettenanwendungen wie Bibliotheken, Produktauthentifizierung in verschiedenen Branchen wie Pharmazeutik, Medizinprodukte und Alkohol sowie Produktionsmanagement in verschiedenen Bereichen der Branche. Dieser IC ist die dritte Generation einer Produktfamilie von Smart-Label-ICs, die auf den ISO-Standards ISO\/IEC 15693 und ISO\/IEC 18000-3 basieren und eine Erfolgsgeschichte von NXP fortsetzen.<sup>\u00ae<\/sup>\u00a0im Bereich der Umgebungsidentifikationssysteme.<\/p>\n<h3>Kontaktlose Energie- und Daten\u00fcbertragung<\/h3>\n<p>Bei Anschluss an eine sehr einfache und leicht herzustellende Antenne (aufgrund der Tr\u00e4gerfrequenz von 13,56 MHz), die aus wenigen Windungen einer gedruckten, gewickelten, ge\u00e4tzten oder gestanzten Spule besteht, kann der ICODE SLIX IC ohne Sichtverbindung bis zu einer Entfernung von 1,5 m (Torbreite) betrieben werden. Es wird keine Batterie ben\u00f6tigt. Wenn das Smart Label im Feld einer Abfrageantenne positioniert ist, erm\u00f6glicht die Hochgeschwindigkeits-RF-Kommunikationsschnittstelle eine Daten\u00fcbertragung mit bis zu 53 kbit\/s.<\/p>\n<h3>Antikollisions<\/h3>\n<p>Eine intelligente Antikollisionsfunktion erm\u00f6glicht den gleichzeitigen Einsatz mehrerer Tags im Feld. Der Antikollisionsalgorithmus w\u00e4hlt jeden Tag einzeln aus und stellt sicher, dass die Ausf\u00fchrung einer Transaktion mit einem ausgew\u00e4hlten Tag korrekt erfolgt, ohne dass es zu Datenbesch\u00e4digungen durch andere Tags im Feld kommt.<\/p>\n<h3>Merkmale des ISO15693 ICODE SLIX RFID-Inlay-Chips<\/h3>\n<div id=\"featuresXsp\" class=\"features-list\">\n<div class=\"features-xsp\">\n<div class=\"collapse-mobile ste-list\">\n<h3>ICODE SLIX HF-Schnittstelle (ISO\/IEC 15693)<\/h3>\n<ul class=\"boxes\">\n<li>Kontaktlose Daten\u00fcbertragung und Energieversorgung (keine Batterie notwendig)<\/li>\n<li>Reichweite: bis zu 1,5 m (abh\u00e4ngig von der Antennengeometrie)<\/li>\n<li>Betriebsfrequenz: 13,56 MHz (ISM, weltweite Lizenz frei verf\u00fcgbar)<\/li>\n<li>Schnelle Daten\u00fcbertragung: bis zu 53 kbit\/s<\/li>\n<li>Hohe Datenintegrit\u00e4t: 16-Bit CRC, Framing<\/li>\n<li>Echte Kollisionsvermeidung<\/li>\n<li>Passwortgesch\u00fctzte elektronische Artikel\u00fcberwachung (EAS)<\/li>\n<li>Passwortgesch\u00fctzter Application Family Identifier (AFI)<\/li>\n<li>Datenspeicherformat-ID (DSFID)<\/li>\n<li>Zus\u00e4tzliches schnelles Antikollisionslesen<\/li>\n<li>Schreibdistanz gleich Lesedistanz<\/li>\n<\/ul>\n<\/div>\n<div class=\"collapse-mobile ste-list\">\n<h3>EEPROM<\/h3>\n<ul class=\"boxes\">\n<li>1024 Bit, organisiert in 32 Bl\u00f6cken zu je 4 Byte<\/li>\n<li>50 Jahre Datenaufbewahrung<\/li>\n<li>Schreiblebensdauer von 100000 Zyklen<\/li>\n<\/ul>\n<\/div>\n<div class=\"collapse-mobile ste-list\">\n<h3>Sicherheit<\/h3>\n<ul class=\"boxes\">\n<li>Eindeutige Kennung f\u00fcr jedes Ger\u00e4t<\/li>\n<li>Sperrmechanismus f\u00fcr jeden Benutzerspeicherblock (Schreibschutz)<\/li>\n<li>Verriegelungsmechanismus f\u00fcr DSFID, AFI, EAS<\/li>\n<li>Passwortgesch\u00fctzte (32-Bit) EAS- und AFI-Funktionalit\u00e4t<\/li>\n<\/ul>\n<\/div>\n<\/div>\n<\/div>\n<div class=\"auto-hide-last-sibling-br paragraph_9dc5f paragraph-element\"><strong>ISO15693 ICODE SLIX RFID-Inlay:<\/strong>\u00a0Ein RFID-Inlay besteht aus einer Antenne und einem Mikrochip, wobei der Chip Daten speichert und die Antenne f\u00fcr die \u00dcbertragung dieser Daten an das RFID-Leseger\u00e4t zust\u00e4ndig ist.<\/div>\n<p>&nbsp;<\/p>\n<div class=\"auto-hide-last-sibling-br paragraph_9dc5f paragraph-element\"><strong>Nasse Inlays:<\/strong>\u00a0Dabei handelt es sich um RFID-Inlays, die auf einer Klebeschicht und einer transparenten PET-Schicht (Polyethylenterephthalat) platziert werden. Die PET-Schicht dient zum Schutz vor physischen Sch\u00e4den. Da die Klebeseite vom Etikett oder Material abgewandt ist, k\u00f6nnen diese bequem zum Erstellen von RFID-Etiketten verwendet werden, weshalb sie bei der Etikettenerstellung f\u00fcr verschiedene Branchen weit verbreitet sind.<\/div>\n<div><\/div>\n<div>\n<div class=\"auto-hide-last-sibling-br paragraph_9dc5f paragraph-element\">\u00a0ISO15693 ICODE SLIX NFC-Tags werden aus verschiedenen Materialien wie Papier, PP-Folie, PET oder Inlays und in verschiedenen Gr\u00f6\u00dfen hergestellt und sind weit verbreitet. Sie finden sie h\u00e4ufig in Branchen wie:<\/div>\n<p>&nbsp;<\/p>\n<ul class=\"auto-hide-last-sibling-br\">\n<li><strong>Verm\u00f6gensverwaltung:<\/strong>\u00a0Tags werden zum Verfolgen physischer Verm\u00f6genswerte in zahlreichen Umgebungen verwendet, beispielsweise zur \u00dcberwachung von Ger\u00e4ten im Gesundheitswesen oder in der IT.<\/li>\n<li><strong>Bekleidungsmanagement:<\/strong>\u00a0Im Modeeinzelhandel erleichtern diese Etiketten die Bestandsverfolgung, dienen als Diebstahlschutz und verbessern das Kundenerlebnis im Gesch\u00e4ft.<\/li>\n<li><strong>Bestandsverwaltung:<\/strong>\u00a0In Lagern und im Einzelhandel werden RFID-Tags verwendet, um Lagerbest\u00e4nde effizient zu verwalten, manuelle Arbeit zu reduzieren und Fehler zu minimieren.<\/li>\n<li><strong>Bibliotheksverwaltung:<\/strong>\u00a0Sie dienen der Automatisierung von Ausleih- und R\u00fcckgabeprozessen, verbessern die Bestandsverwaltung und bieten Sicherheit vor Diebstahl.<\/li>\n<li><strong>Schmuckmanagement:<\/strong>\u00a0Diese leichten und pr\u00e4zisen Etiketten erm\u00f6glichen eine sichere und effektive Bestandskontrolle in der Schmuckbranche.<\/li>\n<li><strong>Logistik:<\/strong> RFID-Tags werden zum Verfolgen von Waren w\u00e4hrend des Transports eingesetzt, verbessern die Versandgenauigkeit und erh\u00f6hen die Transparenz in der Lieferkette.<\/li>\n<\/ul>\n<div class=\"auto-hide-last-sibling-br paragraph_9dc5f paragraph-element\">Gr\u00f6\u00dfe und Form des Tags k\u00f6nnen je nach Anwendung individuell angepasst werden, was seine Flexibilit\u00e4t und Anpassungsf\u00e4higkeit in verschiedenen Anwendungsf\u00e4llen verbessert.<\/div>\n<\/div>\n<div><\/div>\n<div>\n<h2 class=\"AnswerParser_AnswerParserH2__SIHnF\">Beginnen Sie noch heute mit NXP ICODE SLIX RFID<\/h2>\n<p><span class=\"AnswerParser_TextContainer__z_Iiv\" data-testid=\"youchat-text\">Sind Sie bereit, Ihre Asset-Management- und Authentifizierungsprozesse zu revolutionieren? Machen Sie den ersten Schritt in eine effizientere Zukunft:<\/span><\/p>\n<ol class=\"AnswerParser_AnswerParserOrderedList__kl_2Y\">\n<li class=\"AnswerParser_ListItem__XqLOV\" translate=\"yes\"><strong>Fordern Sie ein kostenloses Muster an<\/strong>: Erleben Sie die Qualit\u00e4t und Leistung aus erster Hand<\/li>\n<li class=\"AnswerParser_ListItem__XqLOV\" translate=\"yes\"><strong>Lassen Sie sich von unseren Experten beraten<\/strong>: Erhalten Sie pers\u00f6nliche Beratung zur Implementierung von RFID in Ihrem Unternehmen<\/li>\n<li class=\"AnswerParser_ListItem__XqLOV\" translate=\"yes\"><strong>Individuelles Angebot<\/strong>: Erhalten Sie einen ma\u00dfgeschneiderten Preisplan basierend auf Ihren spezifischen Bed\u00fcrfnissen und Volumenanforderungen<\/li>\n<\/ol>\n<p><span class=\"AnswerParser_TextContainer__z_Iiv\" data-testid=\"youchat-text\">Lassen Sie nicht zu, dass veraltete Tracking-Methoden Ihr Unternehmen behindern. Nutzen Sie die Leistungsf\u00e4higkeit der NXP ICODE SLIX RFID-Technologie und bleiben Sie der Konkurrenz einen Schritt voraus. F\u00fcllen Sie noch heute unser Anfrageformular aus, um Ihren Weg zu intelligenteren, effizienteren Abl\u00e4ufen zu beginnen.<\/span><\/div>","protected":false},"excerpt":{"rendered":"<p>Revolutionieren Sie das Anlagenmanagement mit dem NXP ICODE SLIX 13,56 MHz RFID-Inlay und verbessern Sie die Bestandseffizienz und Produktauthentifizierung branchen\u00fcbergreifend.<\/p>","protected":false},"featured_media":320,"template":"","meta":{"_kad_post_transparent":"default","_kad_post_title":"","_kad_post_layout":"default","_kad_post_sidebar_id":"","_kad_post_content_style":"default","_kad_post_vertical_padding":"default","_kad_post_feature":"","_kad_post_feature_position":"","_kad_post_header":false,"_kad_post_footer":false,"_kad_post_classname":""},"product_brand":[],"product_cat":[54,189],"product_tag":[306,111,108],"class_list":{"0":"post-319","1":"product","2":"type-product","3":"status-publish","4":"has-post-thumbnail","6":"product_cat-hot-selling-rfid-tags","7":"product_cat-rfid-inlay","8":"product_tag-icode-slix-rfid-inlay","9":"product_tag-nfc-inlay","10":"product_tag-rfid-inlay","12":"first","13":"instock","14":"shipping-taxable","15":"product-type-simple","16":"entry","17":"content-bg","18":"loop-entry"},"_links":{"self":[{"href":"https:\/\/rfid-laundry-tag.com\/de\/wp-json\/wp\/v2\/product\/319","targetHints":{"allow":["GET"]}}],"collection":[{"href":"https:\/\/rfid-laundry-tag.com\/de\/wp-json\/wp\/v2\/product"}],"about":[{"href":"https:\/\/rfid-laundry-tag.com\/de\/wp-json\/wp\/v2\/types\/product"}],"version-history":[{"count":3,"href":"https:\/\/rfid-laundry-tag.com\/de\/wp-json\/wp\/v2\/product\/319\/revisions"}],"predecessor-version":[{"id":2656,"href":"https:\/\/rfid-laundry-tag.com\/de\/wp-json\/wp\/v2\/product\/319\/revisions\/2656"}],"wp:featuredmedia":[{"embeddable":true,"href":"https:\/\/rfid-laundry-tag.com\/de\/wp-json\/wp\/v2\/media\/320"}],"wp:attachment":[{"href":"https:\/\/rfid-laundry-tag.com\/de\/wp-json\/wp\/v2\/media?parent=319"}],"wp:term":[{"taxonomy":"product_brand","embeddable":true,"href":"https:\/\/rfid-laundry-tag.com\/de\/wp-json\/wp\/v2\/product_brand?post=319"},{"taxonomy":"product_cat","embeddable":true,"href":"https:\/\/rfid-laundry-tag.com\/de\/wp-json\/wp\/v2\/product_cat?post=319"},{"taxonomy":"product_tag","embeddable":true,"href":"https:\/\/rfid-laundry-tag.com\/de\/wp-json\/wp\/v2\/product_tag?post=319"}],"curies":[{"name":"wp","href":"https:\/\/api.w.org\/{rel}","templated":true}]}}