{"id":3186,"date":"2026-01-09T13:37:43","date_gmt":"2026-01-09T13:37:43","guid":{"rendered":"https:\/\/rfid-laundry-tag.com\/?post_type=product&#038;p=3186"},"modified":"2026-01-09T13:37:44","modified_gmt":"2026-01-09T13:37:44","slug":"fabric-woven-rfid-wash-care-tag","status":"publish","type":"product","link":"https:\/\/rfid-laundry-tag.com\/de\/fabric-woven-rfid-wash-care-tag\/","title":{"rendered":"Gewebtes RFID-Waschetikett aus Stoff"},"content":{"rendered":"<div>\n<div>\n<table>\n<tbody>\n<tr>\n<td colspan=\"1\" rowspan=\"1\">\n<div data-spm-anchor-id=\"a2700.details.0.i95.236a58c1ycsfva\">Produktionsname:<\/div>\n<\/td>\n<td colspan=\"1\" rowspan=\"1\">\n<div><strong>Gewebtes RFID-Waschetikett aus Stoff<\/strong><\/div>\n<\/td>\n<\/tr>\n<tr>\n<td colspan=\"1\" rowspan=\"1\">\n<div>Material:<\/div>\n<\/td>\n<td colspan=\"1\" rowspan=\"1\">\n<div>Polyester\/Gewebe\/Mischgewebe\/Satin\/Baumwolle\/Vliesstoff\/PET usw.<\/div>\n<\/td>\n<\/tr>\n<tr>\n<td colspan=\"1\" rowspan=\"1\">\n<div>Gr\u00f6\u00dfe:<\/div>\n<\/td>\n<td colspan=\"1\" rowspan=\"1\">\n<div>80*38 mm \/ 60*30 mm \/ 61*26 mm \/ 60*22 mm \/ usw. oder kundenspezifisch<\/div>\n<\/td>\n<\/tr>\n<tr>\n<td colspan=\"1\" rowspan=\"1\">\n<div>Typ:<\/div>\n<\/td>\n<td colspan=\"1\" rowspan=\"1\">\n<div>Passiv, RFID<\/div>\n<\/td>\n<\/tr>\n<tr>\n<td colspan=\"1\" rowspan=\"1\">\n<div>RF-Protokoll:<\/div>\n<\/td>\n<td colspan=\"1\" rowspan=\"1\">\n<div>ISO 18000-6C; EPC Klasse 1 Gen 2<\/div>\n<\/td>\n<\/tr>\n<tr>\n<td colspan=\"1\" rowspan=\"1\">\n<div>Frequenz:<\/div>\n<\/td>\n<td colspan=\"1\" rowspan=\"1\">\n<div>860~960MHz<\/div>\n<\/td>\n<\/tr>\n<tr>\n<td colspan=\"1\" rowspan=\"1\">\n<div>Chip<\/div>\n<\/td>\n<td colspan=\"1\" rowspan=\"1\">\n<div>U8, U9, Alien Higgs, Monza 4D, Monza 4QT, Monza R6, Monza R6-P, Impinj M730, Impinj M750 usw.<\/div>\n<\/td>\n<\/tr>\n<tr>\n<td colspan=\"1\" rowspan=\"1\">\n<div>Leseentfernung:<\/div>\n<\/td>\n<td colspan=\"1\" rowspan=\"1\">\n<div>UHF: 1~10\u00a0m (abh\u00e4ngig vom Leseger\u00e4t und der Antenne)<\/div>\n<\/td>\n<\/tr>\n<tr>\n<td colspan=\"1\" rowspan=\"1\">\n<div>Fester Weg:<\/div>\n<\/td>\n<td colspan=\"1\" rowspan=\"1\">\n<div>N\u00e4hen \/ B\u00fcgeln<\/div>\n<\/td>\n<\/tr>\n<tr>\n<td colspan=\"1\" rowspan=\"1\">\n<div>Drucken:<\/div>\n<\/td>\n<td colspan=\"1\" rowspan=\"1\">\n<div>Aufdruck, Kodierung, Seriennummer, Design etc.<\/div>\n<\/td>\n<\/tr>\n<tr>\n<td colspan=\"1\" rowspan=\"1\">\n<div>IC-Lebensdauer:<\/div>\n<\/td>\n<td colspan=\"1\" rowspan=\"1\">\n<div data-spm-anchor-id=\"a2700.details.0.i94.236a58c1ycsfva\">100.000 Programmierzyklen<br \/>\n10 Jahre Datenaufbewahrung<\/div>\n<\/td>\n<\/tr>\n<tr>\n<td colspan=\"1\" rowspan=\"1\">\n<div>Probenverf\u00fcgbarkeit:<\/div>\n<\/td>\n<td colspan=\"1\" rowspan=\"1\">\n<div>Kostenlose Muster sind auf Anfrage erh\u00e4ltlich<\/div>\n<\/td>\n<\/tr>\n<tr>\n<td colspan=\"1\" rowspan=\"1\">\n<div>Anwendungen:<\/div>\n<\/td>\n<td colspan=\"1\" rowspan=\"1\">\n<div>\u00b7 Bestandsverwaltung<br \/>\n\u00b7 Lieferkette<br \/>\n\u00b7 Einzelhandel<\/div>\n<\/td>\n<\/tr>\n<tr>\n<td colspan=\"1\" rowspan=\"1\">\n<div>Verwenden<\/div>\n<\/td>\n<td colspan=\"1\" rowspan=\"1\">\n<div>Kleidung, Bekleidung, Taschen, Schuhe usw.<\/div>\n<\/td>\n<\/tr>\n<\/tbody>\n<\/table>\n<\/div>\n<\/div>\n<div>\n<div>\n<div>\n<div>\n<div>\n<div><\/div>\n<\/div>\n<div>\n<div>\n<h2>Das Nylongewebe ist weich und abriebfest.<\/h2>\n<div><a href=\"https:\/\/rfid-laundry-tag.com\/de\/\">Gewebtes RFID-Waschetikett aus Stoff<\/a>\u00a0Das Nylongewebe zeichnet sich durch gute Z\u00e4higkeit, einen glatten Stoff und hervorragende Druckeigenschaften aus und ist waschbest\u00e4ndig, ohne schnell zu verschlei\u00dfen.<\/div>\n<div>Es wird derzeit in gro\u00dfem Umfang in den Bereichen Bekleidung, Schuhe, Taschen, Heimtextilien und Hotelw\u00e4sche verwendet.<\/div>\n<\/div>\n<\/div>\n<\/div>\n<div><\/div>\n<div>Der gewebte RFID-Waschetikett verf\u00fcgt \u00fcber einen integrierten UHF-Chip und erm\u00f6glicht das Auslesen \u00fcber gro\u00dfe Entfernungen.<br \/>\nAusgestattet mit einem UHF-Chip, kann es neu beschrieben werden<br \/>\nBis zu 100.000 Mal k\u00f6nnen Daten f\u00fcr 10 Jahre gespeichert werden, und es bietet eine stabile und zuverl\u00e4ssige Leistung.<\/div>\n<\/div>\n<div><\/div>\n<div>Gewebtes RFID-Waschetikett aus Stoff, anpassbar, kostenloses Design<br \/>\nAnpassbar mit Kodierung, Logo, 1D\/2D-Barcodes nach Wunsch,<\/div>\n<div>und ist auch in individuellen Gr\u00f6\u00dfen, Chipmodellen, Farben usw. erh\u00e4ltlich.<\/div>\n<div>\n<div><\/div>\n<div>\n<div>\n<div>\n<div>\n<div>\n<h2>Einfache Installation und Verwendung<\/h2>\n<p>Unsere gewebten RFID-Waschetiketten sind f\u00fcr die nahtlose Integration in Ihre Kleidungsst\u00fccke konzipiert:<\/p>\n<ol>\n<li translate=\"yes\">Einn\u00e4hoption: Traditionelle Befestigungsmethode f\u00fcr Langlebigkeit.<\/li>\n<li translate=\"yes\">Aufb\u00fcgelbare Anwendung: Schnelle und einfache Anbringung dank W\u00e4rme\u00fcbertragungstechnologie.<\/li>\n<\/ol>\n<p>Beide Methoden gew\u00e4hrleisten, dass der RFID-Tag w\u00e4hrend der gesamten Lebensdauer des Kleidungsst\u00fccks sicher befestigt bleibt.<\/p>\n<h3>Hier einige Beispiele daf\u00fcr, wie f\u00fchrende Bekleidungsmarken erfolgreich gewebte RFID-Waschetiketten aus Stoff implementiert haben:<\/h3>\n<ol>\n<li>\n<div>Prada: Die ber\u00fchmte italienische Luxusmarke f\u00fchrte 2001 RFID-Pflegeetiketten ein, die eine detaillierte Erfassung von Informationen wie Stil, Gr\u00f6\u00dfe, Farbe und Preis erm\u00f6glichen. Interessanterweise werden Kundinnen und Kunden, die Prada-Kleidung tragen, beim Betreten der Gesch\u00e4fte die entsprechenden Outfits an den Schaufensterpuppen angezeigt \u2013 ganz wie auf einem Laufsteg in Mailand. Diese innovative Nutzung der RFID-Technologie steigert die Kundenzufriedenheit nach dem Kauf.<\/div>\n<\/li>\n<li>\n<div>H&amp;M: Diese internationale Marke begann 2014 mit dem Einsatz der RFID-Technologie. In den geplanten 1.800 Filialen erm\u00f6glicht die RFID-Technologie die automatische Verfolgung von Produktkategorien, Mengen und Verbrauch.<\/div>\n<\/li>\n<li>\n<div>ZARA: Im ersten Halbjahr 2016 gab Inditex, die Muttergesellschaft von ZARA, bekannt, dass der Einsatz von RFID-Technologie die Bestands- und Lieferkettenverwaltung f\u00fcr rund 701.000 Marken verbessert hat. Diese Implementierung f\u00fchrte zu einem Umsatzplus von 11.110.000 Artikeln und einem Gewinnanstieg von 7.510.000 Artikeln, was einem Gesamtbetrag von 1,26 Milliarden Euro entspricht.<\/div>\n<\/li>\n<li>\n<div>Uniqlo: Im Jahr 2017 k\u00fcndigte Uniqlo seinen Plan an, RFID-UHF-Tags in 3.000 Filialen weltweit einzusetzen und war damit der erste japanische Einzelh\u00e4ndler, der weltweit elektronische Tags verwendete.<\/div>\n<\/li>\n<\/ol>\n<div>Dies sind nur einige Einblicke, wie f\u00fchrende Bekleidungsmarken RFID-Tags einsetzen. Seit 2019 verwenden praktisch alle Weltmarken RFID-Tags an ihren Kleidungsst\u00fccken, was zu \u00fcber 20 Milliarden gekennzeichneten Kleidungsst\u00fccken gef\u00fchrt hat \u2013 eine Zahl, die weiterhin deutlich w\u00e4chst. Zu den weiteren namhaften Marken, die diese Technologie nutzen, geh\u00f6ren Nike und Walmart.<\/div>\n<\/div>\n<\/div>\n<\/div>\n<\/div>\n<\/div>\n<\/div>\n<\/div>\n<\/div>","protected":false},"excerpt":{"rendered":"<div class=\"elementor-element elementor-element-4f79c63 e-flex e-con-boxed e-con e-parent e-lazyloaded\" data-id=\"4f79c63\" data-element_type=\"container\" data-settings=\"{&quot;_ha_eqh_enable&quot;:false}\">\n<div class=\"e-con-inner\">\n<div class=\"elementor-element elementor-element-be3873c elementor-widget elementor-widget-woocommerce-product-short-description\" data-id=\"be3873c\" data-element_type=\"widget\" data-widget_type=\"woocommerce-product-short-description.default\">\n<div class=\"elementor-widget-container\">\n<div class=\"woocommerce-product-details__short-description\">\n<p>Dauerhaft <strong>RFID-Waschetikett aus Nylongewebe<\/strong> Mit UHF-Chip, 100.000 Mal wiederbeschreibbar, langlebig, anpassbares Design, ideal f\u00fcr Textilien und Bekleidung.<\/p>\n<\/div>\n<\/div>\n<\/div>\n<\/div>\n<\/div>\n<div class=\"elementor-element elementor-element-3ad806e e-flex e-con-boxed e-con e-parent e-lazyloaded\" data-id=\"3ad806e\" data-element_type=\"container\" data-settings=\"{&quot;_ha_eqh_enable&quot;:false}\">\n<div class=\"e-con-inner\">\n<div class=\"elementor-element elementor-element-362020f elementor-widget elementor-widget-woocommerce-product-data-tabs\" data-id=\"362020f\" data-element_type=\"widget\" data-widget_type=\"woocommerce-product-data-tabs.default\">\n<div class=\"elementor-widget-container\">\n<div class=\"woocommerce-tabs wc-tabs-wrapper\"><\/div>\n<\/div>\n<\/div>\n<\/div>\n<\/div>","protected":false},"featured_media":3187,"template":"","meta":{"_kad_post_transparent":"default","_kad_post_title":"","_kad_post_layout":"default","_kad_post_sidebar_id":"","_kad_post_content_style":"default","_kad_post_vertical_padding":"default","_kad_post_feature":"","_kad_post_feature_position":"","_kad_post_header":false,"_kad_post_footer":false,"_kad_post_classname":""},"product_brand":[],"product_cat":[81],"product_tag":[386,285,387],"class_list":{"0":"post-3186","1":"product","2":"type-product","3":"status-publish","4":"has-post-thumbnail","6":"product_cat-rfid-wash-care-clothing-label","7":"product_tag-fabric-woven-rfid-wash-care-tag","8":"product_tag-rfid-tag","9":"product_tag-rfid-wash-care-tag","11":"first","12":"instock","13":"shipping-taxable","14":"product-type-simple","15":"entry","16":"content-bg","17":"loop-entry"},"_links":{"self":[{"href":"https:\/\/rfid-laundry-tag.com\/de\/wp-json\/wp\/v2\/product\/3186","targetHints":{"allow":["GET"]}}],"collection":[{"href":"https:\/\/rfid-laundry-tag.com\/de\/wp-json\/wp\/v2\/product"}],"about":[{"href":"https:\/\/rfid-laundry-tag.com\/de\/wp-json\/wp\/v2\/types\/product"}],"version-history":[{"count":1,"href":"https:\/\/rfid-laundry-tag.com\/de\/wp-json\/wp\/v2\/product\/3186\/revisions"}],"predecessor-version":[{"id":3190,"href":"https:\/\/rfid-laundry-tag.com\/de\/wp-json\/wp\/v2\/product\/3186\/revisions\/3190"}],"wp:featuredmedia":[{"embeddable":true,"href":"https:\/\/rfid-laundry-tag.com\/de\/wp-json\/wp\/v2\/media\/3187"}],"wp:attachment":[{"href":"https:\/\/rfid-laundry-tag.com\/de\/wp-json\/wp\/v2\/media?parent=3186"}],"wp:term":[{"taxonomy":"product_brand","embeddable":true,"href":"https:\/\/rfid-laundry-tag.com\/de\/wp-json\/wp\/v2\/product_brand?post=3186"},{"taxonomy":"product_cat","embeddable":true,"href":"https:\/\/rfid-laundry-tag.com\/de\/wp-json\/wp\/v2\/product_cat?post=3186"},{"taxonomy":"product_tag","embeddable":true,"href":"https:\/\/rfid-laundry-tag.com\/de\/wp-json\/wp\/v2\/product_tag?post=3186"}],"curies":[{"name":"wp","href":"https:\/\/api.w.org\/{rel}","templated":true}]}}