{"id":3180,"date":"2026-01-09T13:29:20","date_gmt":"2026-01-09T13:29:20","guid":{"rendered":"https:\/\/rfid-laundry-tag.com\/?post_type=product&#038;p=3180"},"modified":"2026-01-09T13:29:20","modified_gmt":"2026-01-09T13:29:20","slug":"rfid-garment-tag-for-apparel-and-fashion","status":"publish","type":"product","link":"https:\/\/rfid-laundry-tag.com\/de\/rfid-garment-tag-for-apparel-and-fashion\/","title":{"rendered":"RFID-Kleidungsetikett f\u00fcr Bekleidung und Mode"},"content":{"rendered":"<h2 class=\"ng-star-inserted\"><strong class=\"ng-star-inserted\"><span class=\"ng-star-inserted\">RFID-Kleidungsetikett f\u00fcr Bekleidung und Mode<\/span><\/strong><\/h2>\n<h2 class=\"ng-star-inserted\"><strong class=\"ng-star-inserted\"><span class=\"ng-star-inserted\">Der Aufstieg von RFID in Bekleidung und Mode<\/span><\/strong><\/h2>\n<p class=\"ng-star-inserted\"><span class=\"ng-star-inserted\">Der\u00a0<\/span><strong class=\"ng-star-inserted\"><span class=\"ng-star-inserted\">Bekleidung<\/span><\/strong><span class=\"ng-star-inserted\">\u00a0und die Modebranche nimmt es rasant an\u00a0<\/span><strong class=\"ng-star-inserted\"><span class=\"ng-star-inserted\">RFID<\/span><\/strong><span class=\"ng-star-inserted\">\u00a0(<\/span><strong class=\"ng-star-inserted\"><span class=\"ng-star-inserted\">Funkfrequenz<\/span><\/strong><span class=\"ng-star-inserted\">\u00a0Identifikation)\u00a0<\/span><strong class=\"ng-star-inserted\"><span class=\"ng-star-inserted\">Technologie<\/span><\/strong><span class=\"ng-star-inserted\">\u00a0um die Abl\u00e4ufe zu optimieren und das Kundenerlebnis zu verbessern.\u00a0<\/span><strong class=\"ng-star-inserted\"><span class=\"ng-star-inserted\">RFID<\/span><\/strong><span class=\"ng-star-inserted\">\u00a0<\/span><strong class=\"ng-star-inserted\"><span class=\"ng-star-inserted\">Kleidungsst\u00fcck<\/span><\/strong><span class=\"ng-star-inserted\">\u00a0<\/span><strong class=\"ng-star-inserted\"><span class=\"ng-star-inserted\">Schlagworte<\/span><\/strong><span class=\"ng-star-inserted\">\u00a0bieten eine leistungsstarke M\u00f6glichkeit, Artikel w\u00e4hrend ihres gesamten Lebenszyklus zu verfolgen, von der Herstellung bis zum Verkauf und dar\u00fcber hinaus.\u00a0<\/span><strong class=\"ng-star-inserted\"><span class=\"ng-star-inserted\">RFID<\/span><\/strong><span class=\"ng-star-inserted\">\u00a0erm\u00f6glicht ein\u00a0<\/span><strong class=\"ng-star-inserted\"><span class=\"ng-star-inserted\">neu<\/span><\/strong><span class=\"ng-star-inserted\">\u00a0\u00c4ra der Effizienz, Transparenz und datengest\u00fctzten Entscheidungsfindung.<\/span><\/p>\n<p class=\"ng-star-inserted\"><span class=\"ng-star-inserted\">Im Gegensatz zu traditionellen\u00a0<\/span><strong class=\"ng-star-inserted\"><span class=\"ng-star-inserted\">Barcode<\/span><\/strong><span class=\"ng-star-inserted\">S,\u00a0<\/span><strong class=\"ng-star-inserted\"><span class=\"ng-star-inserted\">RFID<\/span><\/strong><span class=\"ng-star-inserted\">\u00a0<\/span><strong class=\"ng-star-inserted\"><span class=\"ng-star-inserted\">Etikett<\/span><\/strong><span class=\"ng-star-inserted\">Sie ben\u00f6tigen keine Sichtverbindung. Dies erm\u00f6glicht eine schnellere und effizientere Datenerfassung, selbst in anspruchsvollen Umgebungen wie \u00fcberf\u00fcllten Lagerhallen oder stark frequentierten Einzelhandelsgesch\u00e4ften. Die F\u00e4higkeit, mehrere Daten gleichzeitig zu lesen, ist ein weiterer Vorteil.\u00a0<\/span><strong class=\"ng-star-inserted\"><span class=\"ng-star-inserted\">Schlagworte<\/span><\/strong><span class=\"ng-star-inserted\">\u00a0gleichzeitig ist ein entscheidender Vorteil von\u00a0<\/span><strong class=\"ng-star-inserted\"><span class=\"ng-star-inserted\">RFID<\/span><\/strong><span class=\"ng-star-inserted\">, wodurch Prozesse wie Inventuren und\u00a0<\/span><strong class=\"ng-star-inserted\"><span class=\"ng-star-inserted\">Kasse<\/span><\/strong><span class=\"ng-star-inserted\">. Es kann mehrere elektronische Objekte mit hoher Geschwindigkeit identifizieren.\u00a0<\/span><strong class=\"ng-star-inserted\"><span class=\"ng-star-inserted\">Schlagworte<\/span><\/strong><span class=\"ng-star-inserted\">\u00a0gleichzeitig\u00a0<\/span><strong class=\"ng-star-inserted\"><span class=\"ng-star-inserted\">Zeit<\/span><\/strong><span class=\"ng-star-inserted\">\u00a0durch die\u00a0<\/span><strong class=\"ng-star-inserted\"><span class=\"ng-star-inserted\">RFID<\/span><\/strong><span class=\"ng-star-inserted\">\u00a0<\/span><strong class=\"ng-star-inserted\"><span class=\"ng-star-inserted\">Technologie<\/span><\/strong><span class=\"ng-star-inserted\">.<\/span><\/p>\n<h2 class=\"ng-star-inserted\"><strong class=\"ng-star-inserted\"><span class=\"ng-star-inserted\">RFID-H\u00e4ngeetiketten: Revolutionierung des Einzelhandels<\/span><\/strong><\/h2>\n<p class=\"ng-star-inserted\"><strong class=\"ng-star-inserted\"><span class=\"ng-star-inserted\">RFID-Anh\u00e4nger<\/span><\/strong><span class=\"ng-star-inserted\">\u00a0Sie ver\u00e4ndern die Einzelhandelslandschaft, indem sie beispiellose Transparenz \u00fcber den Warenbestand bieten und die Sicherheit erh\u00f6hen.\u00a0<\/span><strong class=\"ng-star-inserted\"><span class=\"ng-star-inserted\">Schlagworte<\/span><\/strong><span class=\"ng-star-inserted\">, Sie werden typischerweise an Kleidung, H\u00fcten, Taschen und Schuhen angebracht und enthalten einen Mikrochip, der Produktinformationen und eine eindeutige Kennung speichert. Durch Einbetten\u00a0<\/span><strong class=\"ng-star-inserted\"><span class=\"ng-star-inserted\">RFID<\/span><\/strong><span class=\"ng-star-inserted\">\u00a0<\/span><strong class=\"ng-star-inserted\"><span class=\"ng-star-inserted\">Technologie<\/span><\/strong><span class=\"ng-star-inserted\">\u00a0In\u00a0<\/span><strong class=\"ng-star-inserted\"><span class=\"ng-star-inserted\">aufh\u00e4ngen<\/span><\/strong><span class=\"ng-star-inserted\">\u00a0<\/span><strong class=\"ng-star-inserted\"><span class=\"ng-star-inserted\">Etikett<\/span><\/strong><span class=\"ng-star-inserted\">Somit kann dieses Problem effektiv gel\u00f6st werden.<\/span><\/p>\n<p class=\"ng-star-inserted\"><strong class=\"ng-star-inserted\"><span class=\"ng-star-inserted\">RFID-Anh\u00e4nger<\/span><\/strong><span class=\"ng-star-inserted\">\u00a0bieten zahlreiche Vorteile, darunter:<\/span><\/p>\n<ul class=\"ng-star-inserted\">\n<li class=\"ng-star-inserted\">\n<p class=\"ng-star-inserted\"><strong class=\"ng-star-inserted\"><span class=\"ng-star-inserted\">Verbesserte Bestandsgenauigkeit:<\/span><\/strong><span class=\"ng-star-inserted\">\u00a0<\/span><strong class=\"ng-star-inserted\"><span class=\"ng-star-inserted\">Echtzeit<\/span><\/strong><span class=\"ng-star-inserted\">\u00a0\u00dcberwachung der Lagerbest\u00e4nde, Reduzierung von Fehlbest\u00e4nden und \u00dcberbest\u00e4nden.<\/span><\/p>\n<\/li>\n<li class=\"ng-star-inserted\">\n<p class=\"ng-star-inserted\"><strong class=\"ng-star-inserted\"><span class=\"ng-star-inserted\">Verlustverh\u00fctung:<\/span><\/strong><span class=\"ng-star-inserted\">\u00a0<\/span><strong class=\"ng-star-inserted\"><span class=\"ng-star-inserted\">RFID<\/span><\/strong><span class=\"ng-star-inserted\">\u00a0<\/span><strong class=\"ng-star-inserted\"><span class=\"ng-star-inserted\">Etikett<\/span><\/strong><span class=\"ng-star-inserted\">Sie k\u00f6nnen als Teil eines elektronischen Warensicherungssystems (EAS) zur Diebstahlpr\u00e4vention eingesetzt werden. Sie k\u00f6nnen auch dazu beitragen, Produktf\u00e4lschungen zu verhindern.\u00a0<\/span><strong class=\"ng-star-inserted\"><span class=\"ng-star-inserted\">Kleidungsst\u00fcck<\/span><\/strong><span class=\"ng-star-inserted\">S.<\/span><\/p>\n<\/li>\n<li class=\"ng-star-inserted\">\n<p class=\"ng-star-inserted\"><strong class=\"ng-star-inserted\"><span class=\"ng-star-inserted\">Markenauthentifizierung:<\/span><\/strong><span class=\"ng-star-inserted\">\u00a0<\/span><strong class=\"ng-star-inserted\"><span class=\"ng-star-inserted\">RFID<\/span><\/strong><span class=\"ng-star-inserted\">\u00a0Hilft dabei, die Echtheit von Produkten zu \u00fcberpr\u00fcfen und so Ihre Marke und Ihre Kunden zu sch\u00fctzen.<\/span><\/p>\n<\/li>\n<li class=\"ng-star-inserted\">\n<p class=\"ng-star-inserted\"><strong class=\"ng-star-inserted\"><span class=\"ng-star-inserted\">Verbessertes Kundenerlebnis:<\/span><\/strong><span class=\"ng-star-inserted\">\u00a0Schneller\u00a0<\/span><strong class=\"ng-star-inserted\"><span class=\"ng-star-inserted\">Kasse<\/span><\/strong><span class=\"ng-star-inserted\">\u00a0Prozesse und personalisierte Empfehlungen durch intelligente Regale und Umkleidekabinen.<\/span><\/p>\n<\/li>\n<\/ul>\n<p class=\"ng-star-inserted\">\n<h2 class=\"ng-star-inserted\"><strong class=\"ng-star-inserted\"><span class=\"ng-star-inserted\">Technisch\u00a0<\/span><\/strong><\/h2>\n<div class=\"table-container ng-star-inserted\">\n<table>\n<tbody>\n<tr class=\"table-header ng-star-inserted\">\n<td class=\"ng-star-inserted\"><span class=\"ng-star-inserted\">Besonderheit<\/span><\/td>\n<td class=\"ng-star-inserted\"><span class=\"ng-star-inserted\">Spezifikation<\/span><\/td>\n<\/tr>\n<tr class=\"ng-star-inserted\">\n<td class=\"ng-star-inserted\"><strong class=\"ng-star-inserted\"><span class=\"ng-star-inserted\">Frequenz<\/span><\/strong><\/td>\n<td class=\"ng-star-inserted\"><strong class=\"ng-star-inserted\"><span class=\"ng-star-inserted\">RFID-Technologie<\/span><\/strong><span class=\"ng-star-inserted\">\u00a0(860-960 MHz),\u00a0<\/span><strong class=\"ng-star-inserted\"><span class=\"ng-star-inserted\">RAIN RFID<\/span><\/strong><\/td>\n<\/tr>\n<tr class=\"ng-star-inserted\">\n<td class=\"ng-star-inserted\"><strong class=\"ng-star-inserted\"><span class=\"ng-star-inserted\">Protokoll<\/span><\/strong><\/td>\n<td class=\"ng-star-inserted\"><strong class=\"ng-star-inserted\"><span class=\"ng-star-inserted\">ISO 18000-6C<\/span><\/strong><span class=\"ng-star-inserted\">\u00a0(<\/span><strong class=\"ng-star-inserted\"><span class=\"ng-star-inserted\">EPC Klasse 1 Gen2<\/span><\/strong><span class=\"ng-star-inserted\">)<\/span><\/td>\n<\/tr>\n<tr class=\"ng-star-inserted\">\n<td class=\"ng-star-inserted\"><strong class=\"ng-star-inserted\"><span class=\"ng-star-inserted\">Chiptyp<\/span><\/strong><\/td>\n<td class=\"ng-star-inserted\"><span class=\"ng-star-inserted\">Impinj Monza, NXP UCODE, Alien Higgs<\/span><\/td>\n<\/tr>\n<tr class=\"ng-star-inserted\">\n<td class=\"ng-star-inserted\"><strong class=\"ng-star-inserted\"><span class=\"ng-star-inserted\">Erinnerung<\/span><\/strong><\/td>\n<td class=\"ng-star-inserted\"><strong class=\"ng-star-inserted\"><span class=\"ng-star-inserted\">EP\u00dc<\/span><\/strong><span class=\"ng-star-inserted\">\u00a096-Bit,\u00a0<\/span><strong class=\"ng-star-inserted\"><span class=\"ng-star-inserted\">Datenspeicherung<\/span><\/strong><span class=\"ng-star-inserted\">\u00a0Benutzerspeicher 512 Bit (variiert je nach Chip)<\/span><\/td>\n<\/tr>\n<tr class=\"ng-star-inserted\">\n<td class=\"ng-star-inserted\"><strong class=\"ng-star-inserted\"><span class=\"ng-star-inserted\">Lesebereich<\/span><\/strong><\/td>\n<td class=\"ng-star-inserted\"><span class=\"ng-star-inserted\">Bis zu 10 Meter (variiert je nach Leseger\u00e4t und Umgebung)<\/span><\/td>\n<\/tr>\n<tr class=\"ng-star-inserted\">\n<td class=\"ng-star-inserted\"><strong class=\"ng-star-inserted\"><span class=\"ng-star-inserted\">Datenaufbewahrung<\/span><\/strong><\/td>\n<td class=\"ng-star-inserted\"><span class=\"ng-star-inserted\">10 Jahre<\/span><\/td>\n<\/tr>\n<tr class=\"ng-star-inserted\">\n<td class=\"ng-star-inserted\"><strong class=\"ng-star-inserted\"><span class=\"ng-star-inserted\">Ausdauer schreiben<\/span><\/strong><\/td>\n<td class=\"ng-star-inserted\"><span class=\"ng-star-inserted\">100.000 Zyklen<\/span><\/td>\n<\/tr>\n<tr class=\"ng-star-inserted\">\n<td class=\"ng-star-inserted\"><strong class=\"ng-star-inserted\"><span class=\"ng-star-inserted\">Betriebstemperatur<\/span><\/strong><\/td>\n<td class=\"ng-star-inserted\"><span class=\"ng-star-inserted\">-40 \u00b0C bis +85 \u00b0C (variiert um\u00a0<\/span><strong class=\"ng-star-inserted\"><span class=\"ng-star-inserted\">Etikett<\/span><\/strong><span class=\"ng-star-inserted\">\u00a0Typ)<\/span><\/td>\n<\/tr>\n<tr class=\"ng-star-inserted\">\n<td class=\"ng-star-inserted\"><strong class=\"ng-star-inserted\"><span class=\"ng-star-inserted\">Material<\/span><\/strong><\/td>\n<td class=\"ng-star-inserted\"><span class=\"ng-star-inserted\">Papier, Satin, Nylon usw.<\/span><\/td>\n<\/tr>\n<tr class=\"ng-star-inserted\">\n<td class=\"ng-star-inserted\"><strong class=\"ng-star-inserted\"><span class=\"ng-star-inserted\">Anhang<\/span><\/strong><\/td>\n<td class=\"ng-star-inserted\"><strong class=\"ng-star-inserted\"><span class=\"ng-star-inserted\">Klebstoff<\/span><\/strong><span class=\"ng-star-inserted\">, Hei\u00dfsiegeln, Einn\u00e4hen,\u00a0<\/span><strong class=\"ng-star-inserted\"><span class=\"ng-star-inserted\">Anh\u00e4nger<\/span><\/strong><\/td>\n<\/tr>\n<tr class=\"ng-star-inserted\">\n<td class=\"ng-star-inserted\"><strong class=\"ng-star-inserted\"><span class=\"ng-star-inserted\">Anpassung<\/span><\/strong><\/td>\n<td class=\"ng-star-inserted\"><span class=\"ng-star-inserted\">Drucken, Kodieren,\u00a0<\/span><strong class=\"ng-star-inserted\"><span class=\"ng-star-inserted\">Barcode<\/span><\/strong><span class=\"ng-star-inserted\">, Logo<\/span><\/td>\n<\/tr>\n<tr class=\"ng-star-inserted\">\n<td class=\"ng-star-inserted\"><strong class=\"ng-star-inserted\"><span class=\"ng-star-inserted\">Formfaktor<\/span><\/strong><\/td>\n<td class=\"ng-star-inserted\"><strong class=\"ng-star-inserted\"><span class=\"ng-star-inserted\">Anh\u00e4nger<\/span><\/strong><span class=\"ng-star-inserted\">,\u00a0<\/span><strong class=\"ng-star-inserted\"><span class=\"ng-star-inserted\">Aufkleber<\/span><\/strong><span class=\"ng-star-inserted\">,\u00a0<\/span><strong class=\"ng-star-inserted\"><span class=\"ng-star-inserted\">Gewebtes Etikett<\/span><\/strong><span class=\"ng-star-inserted\">,\u00a0<\/span><strong class=\"ng-star-inserted\"><span class=\"ng-star-inserted\">Inlay<\/span><\/strong><\/td>\n<\/tr>\n<tr class=\"ng-star-inserted\">\n<td class=\"ng-star-inserted\"><strong class=\"ng-star-inserted\"><span class=\"ng-star-inserted\">Umwelt<\/span><\/strong><\/td>\n<td class=\"ng-star-inserted\"><span class=\"ng-star-inserted\">100% umweltfreundliche papierbasierte Antenne\u00a0<\/span><strong class=\"ng-star-inserted\"><span class=\"ng-star-inserted\">Option<\/span><\/strong><span class=\"ng-star-inserted\">\u00a0verf\u00fcgbar<\/span><\/td>\n<\/tr>\n<\/tbody>\n<\/table>\n<p>&nbsp;<\/p>\n<\/div>\n<p class=\"ng-star-inserted\"><strong class=\"ng-star-inserted\"><span class=\"ng-star-inserted\">RFID-Kleidungsetikett<\/span><\/strong><span class=\"ng-star-inserted\">\u00a0ist die herausragendste Anwendung, bei der\u00a0<\/span><strong class=\"ng-star-inserted\"><span class=\"ng-star-inserted\">RFID<\/span><\/strong><span class=\"ng-star-inserted\">\u00a0<\/span><strong class=\"ng-star-inserted\"><span class=\"ng-star-inserted\">Technologie<\/span><\/strong><span class=\"ng-star-inserted\">\u00a0hat Auswirkungen auf die Bekleidungsindustrie. Durch\u00a0<\/span><strong class=\"ng-star-inserted\"><span class=\"ng-star-inserted\">Funkfrequenz<\/span><\/strong><span class=\"ng-star-inserted\">\u00a0Signale, die\u00a0<\/span><strong class=\"ng-star-inserted\"><span class=\"ng-star-inserted\">RFID<\/span><\/strong><span class=\"ng-star-inserted\">\u00a0<\/span><strong class=\"ng-star-inserted\"><span class=\"ng-star-inserted\">Kleidungsst\u00fcck<\/span><\/strong><span class=\"ng-star-inserted\">\u00a0<\/span><strong class=\"ng-star-inserted\"><span class=\"ng-star-inserted\">Etikett<\/span><\/strong><span class=\"ng-star-inserted\">\u00a0Es kann Zielobjekte automatisch erkennen, relevante Daten erfassen und Arbeitsabl\u00e4ufe ohne manuelles Eingreifen identifizieren. Es funktioniert auch unter widrigsten Bedingungen.\u00a0<\/span><strong class=\"ng-star-inserted\"><span class=\"ng-star-inserted\">Etiketten sind so gestaltet<\/span><\/strong><span class=\"ng-star-inserted\">\u00a0um unterschiedlichen Bed\u00fcrfnissen gerecht zu werden.<\/span><\/p>\n<h2 class=\"ng-star-inserted\"><strong class=\"ng-star-inserted\"><span class=\"ng-star-inserted\">Anpassung und Integration<\/span><\/strong><\/h2>\n<p class=\"ng-star-inserted\"><strong class=\"ng-star-inserted\"><span class=\"ng-star-inserted\">RFID<\/span><\/strong><span class=\"ng-star-inserted\">\u00a0<\/span><strong class=\"ng-star-inserted\"><span class=\"ng-star-inserted\">Kleidungsst\u00fcck<\/span><\/strong><span class=\"ng-star-inserted\">\u00a0<\/span><strong class=\"ng-star-inserted\"><span class=\"ng-star-inserted\">Schlagworte<\/span><\/strong><span class=\"ng-star-inserted\">\u00a0kann individuell an die spezifischen Bed\u00fcrfnisse Ihrer Marke und Ihres Betriebs angepasst werden.\u00a0<\/span><strong class=\"ng-star-inserted\"><span class=\"ng-star-inserted\">Anh\u00e4nger<\/span><\/strong><span class=\"ng-star-inserted\">Die Etiketten k\u00f6nnen mit Ihrem Logo, Ihren Markenfarben und Produktinformationen individuell gestaltet werden. Pflegeetiketten mit\u00a0<\/span><strong class=\"ng-star-inserted\"><span class=\"ng-star-inserted\">RFID<\/span><\/strong><span class=\"ng-star-inserted\">\u00a0<\/span><strong class=\"ng-star-inserted\"><span class=\"ng-star-inserted\">Inlay<\/span><\/strong><span class=\"ng-star-inserted\">Sie k\u00f6nnen so gestaltet werden, dass sie sich nahtlos in Ihre bestehende L\u00f6sung integrieren lassen.\u00a0<\/span><strong class=\"ng-star-inserted\"><span class=\"ng-star-inserted\">Kleidungsst\u00fcck<\/span><\/strong><span class=\"ng-star-inserted\">\u00a0Fertigungsprozesse.<\/span><\/p>\n<h2 class=\"ng-star-inserted\"><strong class=\"ng-star-inserted\"><span class=\"ng-star-inserted\">Kontaktieren Sie uns, um Ihre RFID-Strategie umzusetzen.<\/span><\/strong><\/h2>\n<p class=\"ng-star-inserted\"><span class=\"ng-star-inserted\">Bereit, die Kraft von\u00a0<\/span><strong class=\"ng-star-inserted\"><span class=\"ng-star-inserted\">RFID<\/span><\/strong><span class=\"ng-star-inserted\">\u00a0<\/span><strong class=\"ng-star-inserted\"><span class=\"ng-star-inserted\">Technologie<\/span><\/strong><span class=\"ng-star-inserted\">\u00a0um Ihr\u00a0<\/span><strong class=\"ng-star-inserted\"><span class=\"ng-star-inserted\">Bekleidung<\/span><\/strong><span class=\"ng-star-inserted\">\u00a0Gesch\u00e4ft?\u00a0<\/span><strong class=\"ng-star-inserted\"><span class=\"ng-star-inserted\">Kontaktieren Sie uns<\/span><\/strong><span class=\"ng-star-inserted\">\u00a0Lassen Sie uns heute Ihre individuellen Bed\u00fcrfnisse besprechen und mehr \u00fcber unser umfassendes Angebot erfahren.\u00a0<\/span><strong class=\"ng-star-inserted\"><span class=\"ng-star-inserted\">RFID<\/span><\/strong><span class=\"ng-star-inserted\">\u00a0L\u00f6sungen, einschlie\u00dflich\u00a0<\/span><strong class=\"ng-star-inserted\"><span class=\"ng-star-inserted\">RFID<\/span><\/strong><span class=\"ng-star-inserted\">\u00a0<\/span><strong class=\"ng-star-inserted\"><span class=\"ng-star-inserted\">Kleidungsst\u00fcck<\/span><\/strong><span class=\"ng-star-inserted\">\u00a0<\/span><strong class=\"ng-star-inserted\"><span class=\"ng-star-inserted\">Schlagworte<\/span><\/strong><span class=\"ng-star-inserted\">,\u00a0<\/span><strong class=\"ng-star-inserted\"><span class=\"ng-star-inserted\">RFID<\/span><\/strong><span class=\"ng-star-inserted\">\u00a0Leser und Software.<\/span><\/p>","protected":false},"excerpt":{"rendered":"<p><span class=\"ng-star-inserted\">Wir bieten an\u00a0<\/span><strong class=\"ng-star-inserted\"><span class=\"ng-star-inserted\">Gratisproben<\/span><\/strong><span class=\"ng-star-inserted\"> von\u00a0 <\/span><strong class=\"ng-star-inserted\"><span class=\"ng-star-inserted\">RFID-Kleidung<\/span><\/strong><span class=\"ng-star-inserted\">\u00a0<\/span><strong class=\"ng-star-inserted\"><span class=\"ng-star-inserted\">Schlagworte<\/span><\/strong><span class=\"ng-star-inserted\">\u00a0So k\u00f6nnen Sie ihre Leistung in Ihrer eigenen Umgebung beurteilen. Unsere Produktionsst\u00e4tte ist mit folgender Ausr\u00fcstung ausgestattet:\u00a0<\/span><strong class=\"ng-star-inserted\"><span class=\"ng-star-inserted\">letzte<\/span><\/strong><span class=\"ng-star-inserted\">\u00a0<\/span><strong class=\"ng-star-inserted\"><span class=\"ng-star-inserted\">Technologie<\/span><\/strong><span class=\"ng-star-inserted\">\u00a0um sicherzustellen\u00a0<\/span><strong class=\"ng-star-inserted\"><span class=\"ng-star-inserted\">hohe Qualit\u00e4t<\/span><\/strong><span class=\"ng-star-inserted\">\u00a0<\/span><strong class=\"ng-star-inserted\"><span class=\"ng-star-inserted\">Etikett<\/span><\/strong><span class=\"ng-star-inserted\">zu wettbewerbsf\u00e4higen Preisen.<\/span><\/p>","protected":false},"featured_media":3181,"template":"","meta":{"_kad_post_transparent":"default","_kad_post_title":"","_kad_post_layout":"default","_kad_post_sidebar_id":"","_kad_post_content_style":"default","_kad_post_vertical_padding":"default","_kad_post_feature":"","_kad_post_feature_position":"","_kad_post_header":false,"_kad_post_footer":false,"_kad_post_classname":""},"product_brand":[],"product_cat":[53],"product_tag":[385,383,384],"class_list":{"0":"post-3180","1":"product","2":"type-product","3":"status-publish","4":"has-post-thumbnail","6":"product_cat-rfid-clothes-tag","7":"product_tag-rfid-garment-paper-tag","8":"product_tag-rfid-garment-tag","9":"product_tag-rfid-hang-tag","11":"first","12":"instock","13":"shipping-taxable","14":"product-type-simple","15":"entry","16":"content-bg","17":"loop-entry"},"_links":{"self":[{"href":"https:\/\/rfid-laundry-tag.com\/de\/wp-json\/wp\/v2\/product\/3180","targetHints":{"allow":["GET"]}}],"collection":[{"href":"https:\/\/rfid-laundry-tag.com\/de\/wp-json\/wp\/v2\/product"}],"about":[{"href":"https:\/\/rfid-laundry-tag.com\/de\/wp-json\/wp\/v2\/types\/product"}],"version-history":[{"count":1,"href":"https:\/\/rfid-laundry-tag.com\/de\/wp-json\/wp\/v2\/product\/3180\/revisions"}],"predecessor-version":[{"id":3185,"href":"https:\/\/rfid-laundry-tag.com\/de\/wp-json\/wp\/v2\/product\/3180\/revisions\/3185"}],"wp:featuredmedia":[{"embeddable":true,"href":"https:\/\/rfid-laundry-tag.com\/de\/wp-json\/wp\/v2\/media\/3181"}],"wp:attachment":[{"href":"https:\/\/rfid-laundry-tag.com\/de\/wp-json\/wp\/v2\/media?parent=3180"}],"wp:term":[{"taxonomy":"product_brand","embeddable":true,"href":"https:\/\/rfid-laundry-tag.com\/de\/wp-json\/wp\/v2\/product_brand?post=3180"},{"taxonomy":"product_cat","embeddable":true,"href":"https:\/\/rfid-laundry-tag.com\/de\/wp-json\/wp\/v2\/product_cat?post=3180"},{"taxonomy":"product_tag","embeddable":true,"href":"https:\/\/rfid-laundry-tag.com\/de\/wp-json\/wp\/v2\/product_tag?post=3180"}],"curies":[{"name":"wp","href":"https:\/\/api.w.org\/{rel}","templated":true}]}}