{"id":3174,"date":"2026-01-09T13:11:22","date_gmt":"2026-01-09T13:11:22","guid":{"rendered":"https:\/\/rfid-laundry-tag.com\/?post_type=product&#038;p=3174"},"modified":"2026-01-09T13:11:23","modified_gmt":"2026-01-09T13:11:23","slug":"rfid-mifare-desfire-ev3-2k-4k-8k-inlay","status":"publish","type":"product","link":"https:\/\/rfid-laundry-tag.com\/de\/rfid-mifare-desfire-ev3-2k-4k-8k-inlay\/","title":{"rendered":"RFID Mifare Desfire EV3 2K 4K 8K Inlay"},"content":{"rendered":"<h2>RFID Mifare Desfire EV3 2K 4K 8K Inlay<\/h2>\n<p>Der\u00a0<strong>MIFARE\u00ae DESFire\u00ae EV3<\/strong>\u00a0Die Serie von NXP Semiconductor stellt eine hochmoderne L\u00f6sung f\u00fcr sichere, kontaktlose RFID-Technologie dar und eignet sich ideal f\u00fcr diverse Anwendungen, die hohe Sicherheit und Flexibilit\u00e4t erfordern. Hier ein kurzer \u00dcberblick \u00fcber die Funktionen, Speicheroptionen, Sicherheitsverbesserungen, Anwendungsbereiche und Anpassungsm\u00f6glichkeiten:<\/p>\n<h3>Speicheroptionen<\/h3>\n<p>Der MIFARE\u00ae DESFire\u00ae EV3 ist in drei Speicherkonfigurationen erh\u00e4ltlich:<\/p>\n<ul>\n<li><strong>2K<\/strong>Am besten geeignet f\u00fcr einfache Anwendungen wie Zutrittskontrolle oder Einwegtickets.<\/li>\n<li><strong>4K<\/strong>Geeignet f\u00fcr Anwendungen im mittleren Bereich, wie z. B. Treueprogramme und kleine \u00f6ffentliche Verkehrssysteme.<\/li>\n<li><strong>8K<\/strong>: Konzipiert f\u00fcr komplexe Multi-Anwendungsumgebungen wie Smart Cities und gro\u00dfe Unternehmen.<\/li>\n<\/ul>\n<p>Jede Konfiguration unterst\u00fctzt mehrere Anwendungen und bietet die M\u00f6glichkeit, bis zu\u00a0<strong>32 Dateien pro Antrag<\/strong>, Dadurch k\u00f6nnen Unternehmen L\u00f6sungen an ihre Bed\u00fcrfnisse anpassen.<\/p>\n<h3>Erweiterte Sicherheitsfunktionen<\/h3>\n<p>Sicherheit ist ein wichtiger Schwerpunkt des EV3, der folgende Merkmale aufweist:<\/p>\n<ul>\n<li><strong>AES-Verschl\u00fcsselung<\/strong>: Sch\u00fctzt Daten w\u00e4hrend der \u00dcbertragung.<\/li>\n<li><strong>EAL5+ Zertifizierung<\/strong>Gew\u00e4hrleistet ein hohes Ma\u00df an Sicherheit f\u00fcr sensible Daten.<\/li>\n<li><strong>Sichere, einzigartige NFC-Authentifizierung<\/strong>Jede Karte hat eine eindeutige Kennung, um Duplikate zu verhindern.<\/li>\n<li><strong>Mehrschichtige Sicherheit<\/strong>Unterst\u00fctzt verschiedene Verschl\u00fcsselungsprotokolle, darunter AES und DES\/Triple-DES.<\/li>\n<\/ul>\n<p>Diese Eigenschaften machen den EV3 geeignet f\u00fcr Anwendungen mit hohen Sicherheitsanforderungen wie Zutrittskontrolle, bargeldloses Bezahlen und intelligente T\u00fcrschl\u00f6sser.<\/p>\n<h3>Anwendungen<\/h3>\n<p>Die Vielseitigkeit der <a href=\"https:\/\/rfid-laundry-tag.com\/de\/rfid-inlay\/\">RFID Mifare Desfire EV3 2K 4K 8K Inlay<\/a>\u00a0erm\u00f6glicht den Einsatz in verschiedenen Sektoren:<\/p>\n<ul>\n<li><strong>Zugriffskontrolle<\/strong>: Sichere Zugangskontrolle f\u00fcr Geb\u00e4ude und Sperrbereiche.<\/li>\n<li><strong>\u00d6ffentliche Verkehrsmittel<\/strong>: Erm\u00f6glicht einen effizienten Ticketverkauf und eine effiziente Fahrgelderhebung.<\/li>\n<li><strong>Treueprogramme<\/strong>: Speichert Kundendaten und Pr\u00e4mien sicher.<\/li>\n<li><strong>Intelligente St\u00e4dte<\/strong>Unterst\u00fctzt Infrastrukturen mit robuster Leistung und Kompatibilit\u00e4t mit NFC- und RFID-Technologien.<\/li>\n<\/ul>\n<h3>Anpassung und Support<\/h3>\n<p>NXP bietet umfangreiche Anpassungsm\u00f6glichkeiten, um spezifischen Gesch\u00e4ftsanforderungen gerecht zu werden:<\/p>\n<ul>\n<li><strong>Individueller Druck<\/strong>Personalisieren Sie Karten mit Logos und Branding.<\/li>\n<li><strong>Benutzerdefinierte Speicherzuweisung<\/strong>: Speicherkonfigurationen an spezifische Anwendungen anpassen.<\/li>\n<li><strong>Anpassbare Sicherheitseinstellungen<\/strong>: Verschl\u00fcsselungs- und Authentifizierungsmethoden anpassen.<\/li>\n<\/ul>\n<p>Unternehmen k\u00f6nnen Muster mit einer Vorlaufzeit von nur\u00a0<strong>1-2 Tage<\/strong>, wodurch eine schnelle Bewertung und Umsetzung erm\u00f6glicht wird.<\/p>\n<h2><strong><b>Technische Spezifikationen<\/b><\/strong><\/h2>\n<div class=\"collapse-mobile ste-list\">\n<h3>HF-Schnittstelle: ISO\/IEC 14443 Typ A<\/h3>\n<ul class=\"boxes\">\n<li>Kontaktlose Schnittstelle konform mit ISO\/IEC 14443-2\/3 A<\/li>\n<li>Niedriger Hmin erm\u00f6glicht einen Betriebsabstand von bis zu 100 mm (abh\u00e4ngig von der vom PCD bereitgestellten Leistung und der Antennengeometrie)<\/li>\n<li>Schnelle Daten\u00fcbertragung: 106 kbit\/s, 212 kbit\/s, 424 kbit\/s, 848 kbit\/s<\/li>\n<li>7 Byte eindeutige Kennung (Option f\u00fcr Zufalls-ID)<\/li>\n<li>Verwendet das \u00dcbertragungsprotokoll ISO\/IEC 14443-4<\/li>\n<li>Konfigurierbares FSCI zur Unterst\u00fctzung einer Framegr\u00f6\u00dfe von bis zu 256 Byte.<\/li>\n<\/ul>\n<\/div>\n<div class=\"collapse-mobile ste-list\">\n<h3>Nichtfl\u00fcchtiger Speicher<\/h3>\n<ul class=\"boxes\">\n<li>2 kB, 4 kB, 8 kB und 16 kB<\/li>\n<li>Datenaufbewahrung von 25 Jahren<\/li>\n<li>Schreibe Ausdauer, typisch 1.000.000 Zyklen<\/li>\n<li>Schnelle Programmierzyklen<\/li>\n<\/ul>\n<\/div>\n<div class=\"collapse-mobile ste-list\">\n<h3>NV-Speicherorganisation und Unterst\u00fctzung mehrerer Anwendungen<\/h3>\n<ul class=\"boxes\">\n<li>Flexibles Dateisystem: Benutzer k\u00f6nnen Anwendungsstrukturen auf PICC frei definieren<\/li>\n<li>So viele Anwendungen, wie der Speicherplatz zul\u00e4sst<\/li>\n<li>Bis zu 32 Dateien pro Anwendung (6 Dateitypen verf\u00fcgbar: Standarddatendatei, Sicherungsdatendatei, Wertedatei, Lineare Datensatzdatei, Zyklische Datensatzdatei und Transaktions-MAC-Datei)<\/li>\n<li>Die Dateigr\u00f6\u00dfe wird bei der Erstellung bestimmt (nicht bei Transaktions-MAC-Dateien)<\/li>\n<li>MlsmartApp (Delegierte Anwendungsverwaltung)<\/li>\n<li>Speichernutzung in DAM-Anwendungen (Formatierungsanwendung)<\/li>\n<li>Werkseitig installierte DAM-Schl\u00fcssel von NXP f\u00fcr die AppXplorer-Dienstunterst\u00fctzung<\/li>\n<li>Zugriff auf Dateien aus zwei beliebigen Anwendungen w\u00e4hrend einer einzigen Transaktion<\/li>\n<\/ul>\n<\/div>\n<div class=\"collapse-mobile ste-list\">\n<h3>Sicherheit und Datenschutz<\/h3>\n<ul class=\"boxes\">\n<li>Common Criteria-Zertifizierung: EAL5+ (Hardware und Software)<\/li>\n<li>Einzigartige 7-Byte-Seriennummer f\u00fcr jedes Ger\u00e4t<\/li>\n<li>Optionale \u201cZUF\u00c4LLIGE\u201d ID f\u00fcr erh\u00f6hte Sicherheit und Privatsph\u00e4re<\/li>\n<li>Gegenseitige Drei-Pass-Authentifizierung<\/li>\n<li>Gegenseitige Authentifizierung gem\u00e4\u00df ISO\/IEC 7816-4<\/li>\n<li>Flexibles Schl\u00fcsselmanagement: 1 Karte\u00a0<span class=\"Footnote\" data-id=\"Inclusive Language\">F\u00fchrer<\/span>\u00a0Schl\u00fcssel und bis zu 14 Schl\u00fcssel pro Anwendung<\/li>\n<li>Mehrfache Tastenzuordnung f\u00fcr jedes Dateizugriffsrecht (bis zu 8)<\/li>\n<li>Mehrere Tastens\u00e4tze pro Anwendung mit schnellem Tastenrollmechanismus (bis zu 16 S\u00e4tze).<\/li>\n<li>Hardware DES mit 56\/112\/168-Bit-Schl\u00fcsseln und Schl\u00fcsselversion<\/li>\n<li>Hardware-AES mit 128-Bit-Schl\u00fcsseln und Schl\u00fcsselversion<\/li>\n<li>Datenauthentizit\u00e4t durch 8-Byte-CMAC<\/li>\n<li>MF3ICD40-kompatibler Modus: 4 Byte MAC, CRC 16<\/li>\n<li>Datenverschl\u00fcsselung auf dem HF-Kanal<\/li>\n<li>Authentifizierung auf Anwendungsebene<\/li>\n<li>Hardware-Ausnahmesensoren<\/li>\n<li>Selbstsicherndes Dateisystem<\/li>\n<li>Die Transaktion wurde pro Anwendung mit einem geheimen Schl\u00fcssel als MAC-Transaktion signiert.<\/li>\n<li>Virtuelle Kartenarchitektur f\u00fcr verbesserte Karten-\/Anwendungsauswahl auf Multi-VC-Ger\u00e4ten mit Datenschutz<\/li>\n<li>N\u00e4hepr\u00fcfung zum Schutz vor Relay-Angriffen<\/li>\n<li>Echtheitspr\u00fcfung zum Nachweis der Echtheit des NXP-Produkts<\/li>\n<\/ul>\n<\/div>","protected":false},"excerpt":{"rendered":"<p><strong>RFID Mifare Desfire EV3 2K 4K 8K Inlay<\/strong> ist eine fortschrittliche RFID-L\u00f6sung, die hohe Sicherheit, schnelle Daten\u00fcbertragung, flexible Speicheroptionen und nahtlose Integration f\u00fcr vielf\u00e4ltige Anwendungen bietet.<\/p>","protected":false},"featured_media":3175,"template":"","meta":{"_kad_post_transparent":"default","_kad_post_title":"","_kad_post_layout":"default","_kad_post_sidebar_id":"","_kad_post_content_style":"default","_kad_post_vertical_padding":"default","_kad_post_feature":"","_kad_post_feature_position":"","_kad_post_header":false,"_kad_post_footer":false,"_kad_post_classname":""},"product_brand":[],"product_cat":[189],"product_tag":[111,108,382],"class_list":{"0":"post-3174","1":"product","2":"type-product","3":"status-publish","4":"has-post-thumbnail","6":"product_cat-rfid-inlay","7":"product_tag-nfc-inlay","8":"product_tag-rfid-inlay","9":"product_tag-rfid-mifare-desfire-ev3-2k-4k-8k-inlay","11":"first","12":"instock","13":"shipping-taxable","14":"product-type-simple","15":"entry","16":"content-bg","17":"loop-entry"},"_links":{"self":[{"href":"https:\/\/rfid-laundry-tag.com\/de\/wp-json\/wp\/v2\/product\/3174","targetHints":{"allow":["GET"]}}],"collection":[{"href":"https:\/\/rfid-laundry-tag.com\/de\/wp-json\/wp\/v2\/product"}],"about":[{"href":"https:\/\/rfid-laundry-tag.com\/de\/wp-json\/wp\/v2\/types\/product"}],"version-history":[{"count":1,"href":"https:\/\/rfid-laundry-tag.com\/de\/wp-json\/wp\/v2\/product\/3174\/revisions"}],"predecessor-version":[{"id":3179,"href":"https:\/\/rfid-laundry-tag.com\/de\/wp-json\/wp\/v2\/product\/3174\/revisions\/3179"}],"wp:featuredmedia":[{"embeddable":true,"href":"https:\/\/rfid-laundry-tag.com\/de\/wp-json\/wp\/v2\/media\/3175"}],"wp:attachment":[{"href":"https:\/\/rfid-laundry-tag.com\/de\/wp-json\/wp\/v2\/media?parent=3174"}],"wp:term":[{"taxonomy":"product_brand","embeddable":true,"href":"https:\/\/rfid-laundry-tag.com\/de\/wp-json\/wp\/v2\/product_brand?post=3174"},{"taxonomy":"product_cat","embeddable":true,"href":"https:\/\/rfid-laundry-tag.com\/de\/wp-json\/wp\/v2\/product_cat?post=3174"},{"taxonomy":"product_tag","embeddable":true,"href":"https:\/\/rfid-laundry-tag.com\/de\/wp-json\/wp\/v2\/product_tag?post=3174"}],"curies":[{"name":"wp","href":"https:\/\/api.w.org\/{rel}","templated":true}]}}