{"id":317,"date":"2024-06-28T04:00:12","date_gmt":"2024-06-28T04:00:12","guid":{"rendered":"https:\/\/rfid-laundry-tag.com\/?post_type=product&#038;p=317"},"modified":"2024-06-28T04:00:12","modified_gmt":"2024-06-28T04:00:12","slug":"iso15693-i-code-slix-nfc-tag","status":"publish","type":"product","link":"https:\/\/rfid-laundry-tag.com\/de\/iso15693-i-code-slix-nfc-tag\/","title":{"rendered":"ISO15693 I CODE SLIX NFC-Tag"},"content":{"rendered":"<table class=\"hight-light-first-column all magic-1\">\n<tbody>\n<tr>\n<td colspan=\"1\" rowspan=\"1\">\n<div class=\"magic-2\">\n<div class=\"magic-3\" data-spm-anchor-id=\"a2700.pc-decorate.0.i24.7f543333WPG8F0\"><span class=\"magic-4\" data-spm-anchor-id=\"a2700.pc-decorate.0.i23.7f543333WPG8F0\"><span class=\"magic-5\" style=\"color: #000000; font-family: Roboto;\"><b class=\"magic-4\" data-spm-anchor-id=\"a2700.pc-decorate.0.i114.7f543333WPG8F0\">Artikel<\/b><\/span><\/span><\/div>\n<\/div>\n<\/td>\n<td colspan=\"4\" rowspan=\"1\">\n<div class=\"magic-6\">\u00a0ISO15693 I CODE SLIX NFC-Tag<\/div>\n<\/td>\n<\/tr>\n<tr>\n<td colspan=\"1\" rowspan=\"1\">\n<div class=\"magic-2\">\n<div class=\"magic-3\" data-spm-anchor-id=\"a2700.pc-decorate.0.i22.7f543333WPG8F0\"><span class=\"magic-4\" data-spm-anchor-id=\"a2700.pc-decorate.0.i10.7f543333WPG8F0\"><b class=\"magic-4\"><span class=\"magic-5\" style=\"color: #000000; font-family: Roboto;\">Material<\/span><\/b><\/span><\/div>\n<\/div>\n<\/td>\n<td colspan=\"4\" rowspan=\"1\">\n<div class=\"magic-9\"><span class=\"magic-5\" style=\"color: #000000;\">Papier \/ PP-Folie \/PET \/Inlay<\/span><\/div>\n<\/td>\n<\/tr>\n<tr>\n<td colspan=\"1\" rowspan=\"1\">\n<div class=\"magic-2\">\n<div class=\"magic-3\" data-spm-anchor-id=\"a2700.pc-decorate.0.i34.7f543333WPG8F0\"><b class=\"magic-13\" data-spm-anchor-id=\"a2700.pc-decorate.0.i111.7f543333WPG8F0\"><span class=\"magic-5\" style=\"color: #000000; font-family: Roboto;\">Frequenz<\/span><\/b><\/div>\n<\/div>\n<\/td>\n<td colspan=\"4\" rowspan=\"1\">\n<div class=\"magic-6\"><span class=\"magic-5\" style=\"color: #000000; font-family: Roboto;\" data-spm-anchor-id=\"a2700.details.0.i25.244e512bmtbZH7\">13,56 MHz<\/span><\/div>\n<\/td>\n<\/tr>\n<tr>\n<td colspan=\"1\" rowspan=\"1\">\n<div class=\"magic-2\">\n<div class=\"magic-3\" data-spm-anchor-id=\"a2700.pc-decorate.0.i33.7f543333WPG8F0\"><b class=\"magic-4\"><span class=\"magic-5\" style=\"color: #000000; font-family: Roboto;\">Gr\u00f6\u00dfe<\/span><\/b><\/div>\n<\/div>\n<\/td>\n<td colspan=\"4\" rowspan=\"1\">\n<div class=\"magic-9\"><span class=\"magic-5\" style=\"color: #000000;\">50*50\/45*45\/30*15\/40*25\/ Dia 25\/30 oder kundenspezifische Gr\u00f6\u00dfe<\/span><\/div>\n<\/td>\n<\/tr>\n<tr>\n<td colspan=\"1\" rowspan=\"1\">\n<div class=\"magic-2\">\n<div class=\"magic-3\"><b class=\"magic-14\">Anwendungen<\/b><\/div>\n<\/div>\n<\/td>\n<td colspan=\"4\" rowspan=\"1\">\n<div class=\"magic-6\" data-spm-anchor-id=\"a2700.details.0.i24.244e512bmtbZH7\"><span class=\"magic-5\" style=\"color: #000000; font-family: Roboto;\">Weit verbreitet in der Verm\u00f6gensverwaltung, Bekleidungsverwaltung, Inventarisierung, Bibliotheks-, Schmuck-, Logistik usw.<\/span><\/div>\n<\/td>\n<\/tr>\n<\/tbody>\n<\/table>\n<p>&nbsp;<\/p>\n<div class=\"auto-hide-last-sibling-br paragraph_9dc5f paragraph-element\"><strong>RFID-Inlays:<\/strong>\u00a0Ein RFID-Inlay besteht aus einer Antenne und einem Mikrochip, wobei der Chip Daten speichert und die Antenne f\u00fcr die \u00dcbertragung dieser Daten an das RFID-Leseger\u00e4t zust\u00e4ndig ist.<\/div>\n<p>&nbsp;<\/p>\n<div class=\"auto-hide-last-sibling-br paragraph_9dc5f paragraph-element\"><strong>Nasse Inlays:<\/strong>\u00a0Dabei handelt es sich um RFID-Inlays, die auf einer Klebeschicht und einer transparenten PET-Schicht (Polyethylenterephthalat) platziert werden. Die PET-Schicht dient zum Schutz vor physischen Sch\u00e4den. Da die Klebeseite vom Etikett oder Material abgewandt ist, k\u00f6nnen diese bequem zum Erstellen von RFID-Etiketten verwendet werden, weshalb sie bei der Etikettenerstellung f\u00fcr verschiedene Branchen weit verbreitet sind.<\/div>\n<div><\/div>\n<div>\n<div class=\"auto-hide-last-sibling-br paragraph_9dc5f paragraph-element\">\u00a0ISO15693 I CODE SLIX NFC-Tags werden aus verschiedenen Materialien wie Papier, PP-Folie, PET oder Inlays und in verschiedenen Gr\u00f6\u00dfen hergestellt und sind weit verbreitet. Sie finden sie h\u00e4ufig in Branchen wie:<\/div>\n<p><br class=\"container_21264 wrapper_661ac undefined\" \/><\/p>\n<ul class=\"auto-hide-last-sibling-br\">\n<li><strong>Verm\u00f6gensverwaltung:<\/strong>\u00a0Tags werden zum Verfolgen physischer Verm\u00f6genswerte in zahlreichen Umgebungen verwendet, beispielsweise zur \u00dcberwachung von Ger\u00e4ten im Gesundheitswesen oder in der IT.<\/li>\n<li><strong>Bekleidungsmanagement:<\/strong>\u00a0Im Modeeinzelhandel erleichtern diese Etiketten die Bestandsverfolgung, dienen als Diebstahlschutz und verbessern das Kundenerlebnis im Gesch\u00e4ft.<\/li>\n<li><strong>Bestandsverwaltung:<\/strong>\u00a0In Lagern und im Einzelhandel werden RFID-Tags verwendet, um Lagerbest\u00e4nde effizient zu verwalten, manuelle Arbeit zu reduzieren und Fehler zu minimieren.<\/li>\n<li><strong>Bibliotheksverwaltung:<\/strong>\u00a0Sie dienen der Automatisierung von Ausleih- und R\u00fcckgabeprozessen, verbessern die Bestandsverwaltung und bieten Sicherheit vor Diebstahl.<\/li>\n<li><strong>Schmuckmanagement:<\/strong>\u00a0Diese leichten und pr\u00e4zisen Etiketten erm\u00f6glichen eine sichere und effektive Bestandskontrolle in der Schmuckbranche.<\/li>\n<li><strong>Logistik:<\/strong> RFID-Tags werden zum Verfolgen von Waren w\u00e4hrend des Transports eingesetzt, verbessern die Versandgenauigkeit und erh\u00f6hen die Transparenz in der Lieferkette.<\/li>\n<\/ul>\n<div class=\"auto-hide-last-sibling-br paragraph_9dc5f paragraph-element\">Gr\u00f6\u00dfe und Form des Tags k\u00f6nnen je nach Anwendung individuell angepasst werden, was seine Flexibilit\u00e4t und Anpassungsf\u00e4higkeit in verschiedenen Anwendungsf\u00e4llen verbessert.<\/div>\n<\/div>","protected":false},"excerpt":{"rendered":"<p><strong>ISO15693 I CODE SLIX NFC-Tag:<\/strong>\u00a0Bei diesen Tags handelt es sich um Hochfrequenz-RFID-Tags (13,56 MHz), die dem ISO15693-Standard entsprechen. Der I CODE SLIX-Chip ist f\u00fcr seine bemerkenswerte Lese-\/Schreibreichweite bekannt und ideal f\u00fcr Asset-Management-Anwendungen.<\/p>","protected":false},"featured_media":318,"template":"","meta":{"_kad_post_transparent":"default","_kad_post_title":"","_kad_post_layout":"default","_kad_post_sidebar_id":"","_kad_post_content_style":"default","_kad_post_vertical_padding":"default","_kad_post_feature":"","_kad_post_feature_position":"","_kad_post_header":false,"_kad_post_footer":false,"_kad_post_classname":""},"product_brand":[],"product_cat":[54],"product_tag":[133,132],"class_list":{"0":"post-317","1":"product","2":"type-product","3":"status-publish","4":"has-post-thumbnail","6":"product_cat-hot-selling-rfid-tags","7":"product_tag-i-code-slix-nfc-tag","8":"product_tag-iso15693-i-code-slix-nfc-tag","10":"first","11":"instock","12":"shipping-taxable","13":"product-type-simple","14":"entry","15":"content-bg","16":"loop-entry"},"_links":{"self":[{"href":"https:\/\/rfid-laundry-tag.com\/de\/wp-json\/wp\/v2\/product\/317","targetHints":{"allow":["GET"]}}],"collection":[{"href":"https:\/\/rfid-laundry-tag.com\/de\/wp-json\/wp\/v2\/product"}],"about":[{"href":"https:\/\/rfid-laundry-tag.com\/de\/wp-json\/wp\/v2\/types\/product"}],"version-history":[{"count":0,"href":"https:\/\/rfid-laundry-tag.com\/de\/wp-json\/wp\/v2\/product\/317\/revisions"}],"wp:featuredmedia":[{"embeddable":true,"href":"https:\/\/rfid-laundry-tag.com\/de\/wp-json\/wp\/v2\/media\/318"}],"wp:attachment":[{"href":"https:\/\/rfid-laundry-tag.com\/de\/wp-json\/wp\/v2\/media?parent=317"}],"wp:term":[{"taxonomy":"product_brand","embeddable":true,"href":"https:\/\/rfid-laundry-tag.com\/de\/wp-json\/wp\/v2\/product_brand?post=317"},{"taxonomy":"product_cat","embeddable":true,"href":"https:\/\/rfid-laundry-tag.com\/de\/wp-json\/wp\/v2\/product_cat?post=317"},{"taxonomy":"product_tag","embeddable":true,"href":"https:\/\/rfid-laundry-tag.com\/de\/wp-json\/wp\/v2\/product_tag?post=317"}],"curies":[{"name":"wp","href":"https:\/\/api.w.org\/{rel}","templated":true}]}}