{"id":315,"date":"2024-06-28T01:50:42","date_gmt":"2024-06-28T01:50:42","guid":{"rendered":"https:\/\/rfid-laundry-tag.com\/?post_type=product&#038;p=315"},"modified":"2024-08-19T15:48:20","modified_gmt":"2024-08-19T15:48:20","slug":"tamper-proof-nfc-sticker-ntag424-dna-tt","status":"publish","type":"product","link":"https:\/\/rfid-laundry-tag.com\/de\/tamper-proof-nfc-sticker-ntag424-dna-tt\/","title":{"rendered":"Manipulationssicherer NFC-Aufkleber NTAG424 DNA TT"},"content":{"rendered":"<h2>Manipulationssicherer NFC-Aufkleber NTAG424 DNA TT<\/h2>\n<table class=\"all magic-15\">\n<tbody>\n<tr>\n<td colspan=\"1\" rowspan=\"1\">\n<div class=\"magic-16\" data-spm-anchor-id=\"a2700.details.0.i75.2d9c3353FQLlpS\">Material<\/div>\n<\/td>\n<td colspan=\"4\" rowspan=\"1\">\n<div class=\"magic-17\">Zerbrechliches Papier + Zerbrechliche Antenne<\/div>\n<\/td>\n<\/tr>\n<tr>\n<td colspan=\"1\" rowspan=\"1\">\n<div class=\"magic-16\">Gr\u00f6\u00dfe<\/div>\n<\/td>\n<td colspan=\"4\" rowspan=\"1\">\n<div class=\"magic-17\">24 x 60 mm, 20 x 70 mm, 27 x 77 mm, 35 x 66 mm, 35 x 80 mm usw.<\/div>\n<\/td>\n<\/tr>\n<tr>\n<td colspan=\"1\" rowspan=\"1\">\n<div class=\"magic-16\">Drucken<\/div>\n<\/td>\n<td colspan=\"4\" rowspan=\"1\">\n<div class=\"magic-17\">Vollfarbdruck<\/div>\n<\/td>\n<\/tr>\n<tr>\n<td colspan=\"1\" rowspan=\"1\">\n<div class=\"magic-16\">Frequenz<\/div>\n<\/td>\n<td colspan=\"4\" rowspan=\"1\">\n<div class=\"magic-17\" data-spm-anchor-id=\"a2700.details.0.i74.2d9c3353FQLlpS\">13,56 MHz<\/div>\n<\/td>\n<\/tr>\n<tr>\n<td colspan=\"1\" rowspan=\"1\">\n<div class=\"magic-16\">Protokoll<\/div>\n<\/td>\n<td colspan=\"4\" rowspan=\"1\">\n<div class=\"magic-17\">ISO14443A<\/div>\n<\/td>\n<\/tr>\n<tr>\n<td colspan=\"1\" rowspan=\"2\">\n<div class=\"magic-16\">Chip<\/div>\n<\/td>\n<td colspan=\"4\" rowspan=\"1\">\n<div class=\"magic-17\">\n<p>NTAG213 TT<\/p>\n<p>* 184 Bytes, organisiert in 46 Seiten mit 4 Bytes pro Seite<br \/>\n* 144 Byte frei verf\u00fcgbarer Benutzer-Lese-\/Schreibbereich (36 Seiten)<\/p>\n<\/div>\n<\/td>\n<\/tr>\n<tr>\n<td colspan=\"4\" rowspan=\"1\">\n<div class=\"magic-17\">\n<p>NTAG424 DNA TT Tamper (416 Byte)<\/p>\n<p>416 Byte Speicher, organisiert in einem ISO\/IEC 7816-4-Dateisystem:<br \/>\n* 32 Byte Kapazit\u00e4tscontainer<br \/>\n* 256 Byte NDEF-Datei<br \/>\n* 128 Byte gesch\u00fctzte Datendatei<\/p>\n<\/div>\n<\/td>\n<\/tr>\n<tr>\n<td colspan=\"1\" rowspan=\"1\">\n<div class=\"magic-16\">Leseabstand<\/div>\n<\/td>\n<td colspan=\"4\" rowspan=\"1\">\n<div class=\"magic-17\" data-spm-anchor-id=\"a2700.details.0.i76.2d9c3353FQLlpS\">1\u201310\u00a0CM (abh\u00e4ngig von der Leistung des Lesers und der Arbeitsumgebung)<\/div>\n<\/td>\n<\/tr>\n<tr>\n<td colspan=\"1\" rowspan=\"1\">\n<div class=\"magic-16\">Besonderheit<\/div>\n<\/td>\n<td colspan=\"4\" rowspan=\"1\">\n<div class=\"magic-17\">F\u00e4lschungssicher, manipulationssicher, einmalige Verwendung<\/div>\n<\/td>\n<\/tr>\n<tr>\n<td colspan=\"1\" rowspan=\"1\">\n<div class=\"magic-16\">Ma\u00dfgeschneiderte Unterst\u00fctzung<\/div>\n<\/td>\n<td colspan=\"4\" rowspan=\"1\">\n<div class=\"magic-17\">Material, Gr\u00f6\u00dfe, Chip, Aufdruck, Kodierung, Seriennummer, Form, Verpackung usw.<\/div>\n<\/td>\n<\/tr>\n<tr>\n<td colspan=\"1\" rowspan=\"1\">\n<div class=\"magic-16\">Zertifikat<\/div>\n<\/td>\n<td colspan=\"4\" rowspan=\"1\">\n<div class=\"magic-17\">CE RoHS ISO<\/div>\n<\/td>\n<\/tr>\n<\/tbody>\n<\/table>\n<h3>Funktionsweise von TAG (NTAG213 TagTamper \/ 424 DNA TagTamper)<\/h3>\n<p><strong>Allgemeines Prinzip:<\/strong><\/p>\n<p>Das TAG-System verwendet\u00a0<strong>RFID-Technologie<\/strong>\u00a0mit einem spezialisierten\u00a0<strong>Tag Tamper<\/strong>\u00a0Funktionalit\u00e4t zum Erkennen des unbefugten \u00d6ffnens von Paketen. Es besteht aus zwei Hauptkomponenten:<\/p>\n<ol>\n<li><strong>RFID-Tag:<\/strong>\n<ul>\n<li><strong>Hauptantennenschleife:<\/strong>\u00a0\u00dcbertr\u00e4gt Radiowellen zwischen dem RFID-Leseger\u00e4t und dem IC-Chip.<\/li>\n<li><strong>Erkennungsschleife\/-draht:<\/strong>\u00a0Ein separates Kabel, das bei Manipulation bricht. Dieser Bruch wird vom IC-Chip dauerhaft aufgezeichnet.<\/li>\n<\/ul>\n<\/li>\n<li><strong>RFID-Leseger\u00e4t:<\/strong>\n<ul>\n<li><strong>Liest Daten vom RFID-Tag<\/strong>, einschlie\u00dflich des Status des Erkennungskabels.<\/li>\n<li><strong>\u00dcbertr\u00e4gt die Daten an einen Server<\/strong>, wo es analysiert und f\u00fcr verschiedene Anwendungen verwendet werden kann.<\/li>\n<\/ul>\n<\/li>\n<\/ol>\n<p><strong>Tag-Manipulationsfunktion:<\/strong><\/p>\n<ul>\n<li>Das Erkennungskabel ist mit dem IC-Chip verbunden.<\/li>\n<li>Wenn der Draht gebrochen ist, der Chip\u00a0<strong>speichert eine dauerhafte Aufzeichnung des Manipulationsereignisses<\/strong>.<\/li>\n<li>Diese Informationen k\u00f6nnen\u00a0<strong>im ASCII-Code in den Anwenderspeicher gespiegelt<\/strong>\u00a0Und\u00a0<strong>an die Cloud gemeldet<\/strong>\u00a0zur weiteren Analyse.<\/li>\n<\/ul>\n<p><strong>424 DNA TagTamper mit AES-128-Kryptographie:<\/strong><\/p>\n<ul>\n<li><strong>Eindeutige NFC-Authentifizierungsnachricht (SUN):<\/strong>\u00a0Jedes Mal, wenn der 424 DNA TagTamper mit einem NFC-Mobiltelefon oder -Leseger\u00e4t ber\u00fchrt wird, generiert er eine einzigartige SUN.<\/li>\n<li><strong>Sichere Authentifizierung:<\/strong>\n<ul>\n<li>Die SUN wird zusammen mit einer eindeutigen URL an einen Hostserver gesendet.<\/li>\n<li>Der Host f\u00fchrt die Authentifizierung mithilfe der AES-128-Kryptografie durch.<\/li>\n<li><strong>\u00dcberpr\u00fcfung<\/strong>\u00a0wird an das Leseger\u00e4t\/Mobilger\u00e4t zur\u00fcckgegeben.<\/li>\n<\/ul>\n<\/li>\n<\/ul>\n<p><strong>Anwendungen:<\/strong><\/p>\n<ul>\n<li><strong>Erweiterter F\u00e4lschungsschutz (Produktauthentifizierung):<\/strong>\n<ul>\n<li>\u00dcberpr\u00fcft die Echtheit physischer Waren.<\/li>\n<li>Identifiziert Verk\u00e4ufe au\u00dferhalb autorisierter M\u00e4rkte.<\/li>\n<\/ul>\n<\/li>\n<li><strong>Manipulationserkennung und -schutz (Smart Packaging):<\/strong>\n<ul>\n<li>Erkennt unbefugtes \u00d6ffnen des Produkts.<\/li>\n<li>Sichert die Produktintegrit\u00e4t.<\/li>\n<\/ul>\n<\/li>\n<li><strong>Gesicherte exklusive Benutzererlebnisse basierend auf dem Produktstatus:<\/strong>\n<ul>\n<li>Erm\u00f6glicht erweiterte Benutzerinteraktionen (vor und nach dem Verkauf).<\/li>\n<li>Belohnt Kunden mit personalisierten Inhalten, Angeboten und Privilegien.<\/li>\n<\/ul>\n<\/li>\n<li><strong>Gesch\u00fctzte Anwendungen f\u00fcr sensible Daten:<\/strong>\n<ul>\n<li>Sch\u00fctzt sensible Produkt- und Benutzerdaten.<\/li>\n<li>L\u00f6st bei einem nachgewiesenen Vorfall (z. B. Zahlung) eine Aktion aus.<\/li>\n<\/ul>\n<\/li>\n<li><strong>Sichere Authentifizierung und Konfiguration von Closed-Loop-Ger\u00e4ten:<\/strong>\n<ul>\n<li>Authentifiziert Verbrauchsmaterialien und Teile.<\/li>\n<li>Aktiviert eine Integrit\u00e4tspr\u00fcfung.<\/li>\n<li>\u00dcbertr\u00e4gt Ger\u00e4teeinstellungen automatisch.<\/li>\n<\/ul>\n<\/li>\n<\/ul>\n<p><strong>Hauptvorteile:<\/strong><\/p>\n<ul>\n<li><strong>Hohe Sicherheit:<\/strong>\u00a0Die Manipulationserkennungsfunktion und die AES-128-Verschl\u00fcsselung gew\u00e4hrleisten die Datenintegrit\u00e4t und verhindern unbefugten Zugriff.<\/li>\n<li><strong>Vielseitige Anwendungen:<\/strong>\u00a0Das System kann f\u00fcr verschiedene Zwecke verwendet werden, von der Produktauthentifizierung bis zur Datensicherheit.<\/li>\n<li><strong>Echtzeit-Tracking:<\/strong>\u00a0Die Informationen werden in Echtzeit an die Cloud gesendet, sodass sofortiges Handeln und Nachverfolgen m\u00f6glich ist.<\/li>\n<\/ul>","protected":false},"excerpt":{"rendered":"<p>NTAG 424 DNA ist ein hochsicherer, leistungsstarker, manipulationssicherer NFC-Sticker NTAG424 DNA TT von NXP Semiconductors. Der Tag ist ideal zum Schutz von Verm\u00f6genswerten und Informationen, da er \u00fcber erweiterte Funktionen wie AES-Kryptografie und SUN-Nachrichtenauthentifizierung verf\u00fcgt und die Speicherung vertraulicher Daten sch\u00fctzt.<\/p>","protected":false},"featured_media":316,"template":"","meta":{"_kad_post_transparent":"default","_kad_post_title":"","_kad_post_layout":"default","_kad_post_sidebar_id":"","_kad_post_content_style":"default","_kad_post_vertical_padding":"default","_kad_post_feature":"","_kad_post_feature_position":"","_kad_post_header":false,"_kad_post_footer":false,"_kad_post_classname":""},"product_brand":[],"product_cat":[54],"product_tag":[135,134],"class_list":{"0":"post-315","1":"product","2":"type-product","3":"status-publish","4":"has-post-thumbnail","6":"product_cat-hot-selling-rfid-tags","7":"product_tag-tamper-proof-nfc-sticker","8":"product_tag-tamper-proof-nfc-sticker-ntag424-dna-tt","10":"first","11":"instock","12":"shipping-taxable","13":"product-type-simple","14":"entry","15":"content-bg","16":"loop-entry"},"_links":{"self":[{"href":"https:\/\/rfid-laundry-tag.com\/de\/wp-json\/wp\/v2\/product\/315","targetHints":{"allow":["GET"]}}],"collection":[{"href":"https:\/\/rfid-laundry-tag.com\/de\/wp-json\/wp\/v2\/product"}],"about":[{"href":"https:\/\/rfid-laundry-tag.com\/de\/wp-json\/wp\/v2\/types\/product"}],"version-history":[{"count":1,"href":"https:\/\/rfid-laundry-tag.com\/de\/wp-json\/wp\/v2\/product\/315\/revisions"}],"predecessor-version":[{"id":1566,"href":"https:\/\/rfid-laundry-tag.com\/de\/wp-json\/wp\/v2\/product\/315\/revisions\/1566"}],"wp:featuredmedia":[{"embeddable":true,"href":"https:\/\/rfid-laundry-tag.com\/de\/wp-json\/wp\/v2\/media\/316"}],"wp:attachment":[{"href":"https:\/\/rfid-laundry-tag.com\/de\/wp-json\/wp\/v2\/media?parent=315"}],"wp:term":[{"taxonomy":"product_brand","embeddable":true,"href":"https:\/\/rfid-laundry-tag.com\/de\/wp-json\/wp\/v2\/product_brand?post=315"},{"taxonomy":"product_cat","embeddable":true,"href":"https:\/\/rfid-laundry-tag.com\/de\/wp-json\/wp\/v2\/product_cat?post=315"},{"taxonomy":"product_tag","embeddable":true,"href":"https:\/\/rfid-laundry-tag.com\/de\/wp-json\/wp\/v2\/product_tag?post=315"}],"curies":[{"name":"wp","href":"https:\/\/api.w.org\/{rel}","templated":true}]}}