{"id":312,"date":"2024-06-26T17:16:17","date_gmt":"2024-06-26T17:16:17","guid":{"rendered":"https:\/\/rfid-laundry-tag.com\/?post_type=product&#038;p=312"},"modified":"2024-06-26T17:19:23","modified_gmt":"2024-06-26T17:19:23","slug":"ntag213-nfc-inlay-dia25mm","status":"publish","type":"product","link":"https:\/\/rfid-laundry-tag.com\/de\/ntag213-nfc-inlay-dia25mm\/","title":{"rendered":"Ntag213 NFC-Inlay, Durchmesser 25 mm"},"content":{"rendered":"<div class=\"text-title\"><strong><span class=\"magic-26\" style=\"font-family: Arial;\" data-spm-anchor-id=\"a2700.details.0.i47.6f4d7d7dnursE7\">NFC Dry-Inlay<\/span><\/strong><\/div>\n<div class=\"text-content\">\n<p><span class=\"magic-6\" style=\"font-family: Arial;\">Einfach ausgedr\u00fcckt ist ein RFID-Dry-Inlay eine Kombination aus RFID-Chip und Antenne. Es kann zur Herstellung von NFC-Aufklebern, RFID-Etiketten, RFID-Tickets und verschiedenen RFID-Tags verwendet werden. <\/span><\/p>\n<div data-spm-anchor-id=\"a2700.details.0.i46.6f4d7d7dnursE7\">\n<p><span class=\"magic-6\" style=\"font-family: Arial;\"> Die Antenne mit Trockeneinlage ist aus Aluminium ge\u00e4tzt und im Vergleich zu einer Kupferspule d\u00fcnner. Die Form der Antenne kann auf Anfrage angepasst und neu gestaltet werden.<\/span><\/p>\n<div><\/div>\n<\/div>\n<\/div>\n<div>\n<div class=\"text-title\"><strong><span class=\"magic-26\" style=\"font-family: Arial;\">NFC Nasseinlage<\/span><\/strong><\/div>\n<div class=\"text-content\">\n<p><span class=\"magic-6\" style=\"font-family: Arial;\" data-spm-anchor-id=\"a2700.details.0.i49.6f4d7d7dnursE7\">Ein mit Klebstoff versehenes RFID-Trockeninlay wird als Nassinlay bezeichnet. Es kann direkt als RFID-Etikett oder NFC-Aufkleber verwendet werden, wenn kein Aufdruck auf der Oberfl\u00e4che erforderlich ist. Das Aufkleben auf Objekte kann Kosten sparen und denselben Zweck erf\u00fcllen. Es wird auch h\u00e4ufig zur Herstellung von RFID-Tags verwendet. Die Antenne des Nassinlays ist eine Aluminium\u00e4tzung, die im Vergleich zu einer Kupferspule d\u00fcnner ist. Die Form der Antenne kann auf Anfrage angepasst und neu gestaltet werden.<\/span><\/p>\n<div>\n<h2>Ntag213 NFC-Inlay, Durchmesser 25 mm<\/h2>\n<p>Diese Spezifikation beschreibt ein Ntag213 NFC-Inlay mit einem Durchmesser von 25 mm. Es handelt sich um ein trockenes Inlay, d. h. es hat keine Kleber\u00fcckseite und erfordert zus\u00e4tzliche Schritte zur Befestigung an einem Objekt.<\/p>\n<p><strong>Hauptmerkmale:<\/strong><\/p>\n<ul>\n<li><strong>Chip:<\/strong>\u00a0Ntag213<\/li>\n<li><strong>Durchmesser:<\/strong>\u00a025 mm<\/li>\n<li><strong>Typ:<\/strong>\u00a0Trockeneinlage<\/li>\n<li><strong>Protokoll:<\/strong>\u00a0ISO\/IEC 14443 Typ A<\/li>\n<li><strong>Frequenz:<\/strong>\u00a013,56 MHz<\/li>\n<li><strong>Erinnerung:<\/strong>\u00a0144 Byte<\/li>\n<\/ul>\n<p><strong>Vorteile:<\/strong><\/p>\n<ul>\n<li><strong>Kosteneffizient:<\/strong>\u00a0Ntag213 ist ein weit verbreiteter und kosteng\u00fcnstiger NFC-Chip.<\/li>\n<li><strong>Vielseitig:<\/strong>\u00a0Aufgrund seiner Speichergr\u00f6\u00dfe und Funktionalit\u00e4t f\u00fcr vielf\u00e4ltige Anwendungen geeignet.<\/li>\n<li><strong>Dauerhaft:<\/strong>\u00a0Trockene Inlays bieten im Vergleich zu nassen Inlays eine bessere Haltbarkeit.<\/li>\n<li><strong>Anpassbar:<\/strong>\u00a0Die Antenne kann f\u00fcr bestimmte Anwendungen angepasst werden.<\/li>\n<\/ul>\n<p><strong>Anwendungen:<\/strong><\/p>\n<ul>\n<li><strong>Zugangskontrolle:<\/strong>\u00a0Schl\u00fcsselkarten, RFID-Ausweise und andere sichere Zugangssysteme.<\/li>\n<li><strong>Anlagenverfolgung:<\/strong>\u00a0Verfolgung von Lagerbest\u00e4nden, Ger\u00e4ten und anderen wertvollen Verm\u00f6genswerten.<\/li>\n<li><strong>Marketing und Werbung:<\/strong>\u00a0Interaktive Poster, Werbematerialien und Treueprogramme.<\/li>\n<li><strong>Zahlungssysteme:<\/strong>\u00a0Kontaktlose Zahlungskarten und mobile Geldb\u00f6rsen.<\/li>\n<li><strong>Datenspeicherung:<\/strong>\u00a0Speicherung kleiner Datenmengen, beispielsweise Produktinformationen oder Seriennummern.<\/li>\n<\/ul>\n<\/div>\n<div data-spm-anchor-id=\"a2700.details.0.i48.6f4d7d7dnursE7\"><\/div>\n<\/div>\n<\/div>","protected":false},"excerpt":{"rendered":"<p><strong>RFID NFC Inlays<\/strong> gibt es in zwei Ausf\u00fchrungen: nass und trocken. Ein nasses RFID-NFC-Inlay hat eine klebrige R\u00fcckseite, ein trockenes nicht. Sie bieten eine Tag-Option mit 13,56 MHz, die speziell f\u00fcr Erstausr\u00fcster (OEMs) entwickelt wurde. F\u00fcr diese Inlays sind sowohl NFC-Speicherchips nach ISO 15693 als auch 14443 erh\u00e4ltlich.<\/p>","protected":false},"featured_media":287,"template":"","meta":{"_kad_post_transparent":"default","_kad_post_title":"","_kad_post_layout":"default","_kad_post_sidebar_id":"","_kad_post_content_style":"default","_kad_post_vertical_padding":"default","_kad_post_feature":"","_kad_post_feature_position":"","_kad_post_header":false,"_kad_post_footer":false,"_kad_post_classname":""},"product_brand":[],"product_cat":[54],"product_tag":[111,129],"class_list":{"0":"post-312","1":"product","2":"type-product","3":"status-publish","4":"has-post-thumbnail","6":"product_cat-hot-selling-rfid-tags","7":"product_tag-nfc-inlay","8":"product_tag-ntag213-nfc-inlay-dia25mm","10":"first","11":"instock","12":"shipping-taxable","13":"product-type-simple","14":"entry","15":"content-bg","16":"loop-entry"},"_links":{"self":[{"href":"https:\/\/rfid-laundry-tag.com\/de\/wp-json\/wp\/v2\/product\/312","targetHints":{"allow":["GET"]}}],"collection":[{"href":"https:\/\/rfid-laundry-tag.com\/de\/wp-json\/wp\/v2\/product"}],"about":[{"href":"https:\/\/rfid-laundry-tag.com\/de\/wp-json\/wp\/v2\/types\/product"}],"version-history":[{"count":0,"href":"https:\/\/rfid-laundry-tag.com\/de\/wp-json\/wp\/v2\/product\/312\/revisions"}],"wp:featuredmedia":[{"embeddable":true,"href":"https:\/\/rfid-laundry-tag.com\/de\/wp-json\/wp\/v2\/media\/287"}],"wp:attachment":[{"href":"https:\/\/rfid-laundry-tag.com\/de\/wp-json\/wp\/v2\/media?parent=312"}],"wp:term":[{"taxonomy":"product_brand","embeddable":true,"href":"https:\/\/rfid-laundry-tag.com\/de\/wp-json\/wp\/v2\/product_brand?post=312"},{"taxonomy":"product_cat","embeddable":true,"href":"https:\/\/rfid-laundry-tag.com\/de\/wp-json\/wp\/v2\/product_cat?post=312"},{"taxonomy":"product_tag","embeddable":true,"href":"https:\/\/rfid-laundry-tag.com\/de\/wp-json\/wp\/v2\/product_tag?post=312"}],"curies":[{"name":"wp","href":"https:\/\/api.w.org\/{rel}","templated":true}]}}