{"id":3117,"date":"2025-12-18T12:06:28","date_gmt":"2025-12-18T12:06:28","guid":{"rendered":"https:\/\/rfid-laundry-tag.com\/?post_type=product&#038;p=3117"},"modified":"2026-01-04T12:40:55","modified_gmt":"2026-01-04T12:40:55","slug":"textile-iron-durable-heat-sealed-rfid-laundry-tag","status":"publish","type":"product","link":"https:\/\/rfid-laundry-tag.com\/de\/textile-iron-durable-heat-sealed-rfid-laundry-tag\/","title":{"rendered":"Textilb\u00fcgeleisen Strapazierf\u00e4higer, hitzeversiegelter RFID-W\u00e4scheanh\u00e4nger"},"content":{"rendered":"<div>\n<div>\n<h2>Textilb\u00fcgeleisen Strapazierf\u00e4higer, hitzeversiegelter RFID-W\u00e4scheanh\u00e4nger<\/h2>\n<p>&nbsp;<\/p>\n<p><strong><a href=\"https:\/\/rfid-laundry-tag.com\/de\/textile-rfid-laundry-tag\/\">RFID-W\u00e4scheetikett mit Hei\u00dfsiegelung<\/a>\u00a0\u2013 Langlebige, hochtemperaturbest\u00e4ndige Textilverfolgungsl\u00f6sung<\/strong><\/p>\n<p>Unser RFID-W\u00e4scheetikett f\u00fcr die Hei\u00dfpresstechnik bietet eine robuste und zuverl\u00e4ssige L\u00f6sung zur Textilidentifizierung und -verfolgung in den Bereichen Gesundheitswesen, Industriew\u00e4scherei und Berufsbekleidungsmanagement in Europa, den USA und Kanada. (Auch bekannt als W\u00e4rmetransferverfahren)\u00a0<a href=\"https:\/\/rfid-laundry-tag.com\/de\/textile-rfid-laundry-tag\/\">RFID-W\u00e4scheetikett<\/a>, oder als RFID-W\u00e4scheetikett mit Hei\u00dfsiegelung bietet es au\u00dfergew\u00f6hnliche Leistung unter anspruchsvollen W\u00e4schebedingungen.<\/p>\n<h2>Vorteile:<\/h2>\n<p align=\"left\" data-spm-anchor-id=\"a2700.details-description.0.i1.404eTMiRTMiR6E\">1) Wasserdicht und hitzebest\u00e4ndig<br \/>\n2) 200 Waschzyklen oder 300 Mal<br \/>\n3) 8\u201312 Meter Ablesedistanz<br \/>\n4) Die Lieferzeit betr\u00e4gt 3 Tage.<\/p>\n<\/div>\n<h3>Hauptmerkmale<\/h3>\n<ul>\n<li>Wasserfest und chemikalienbest\u00e4ndig: Entwickelt, um Waschmittel, Weichsp\u00fcler, Bleichmittel (Sauerstoff\/Chlor) und Alkalibehandlungen zu \u00fcberstehen.<\/li>\n<li>Hitzeaktivierter RFID-Tag: L\u00e4sst sich nahtlos in Hei\u00dfsiegelmaschinen integrieren f\u00fcr eine schnelle und feste Anbringung.<\/li>\n<li>Aufb\u00fcgelbares RFID-W\u00e4scheetikett: L\u00e4sst sich einfach mit einer Standard-Hei\u00dfpresse oder durch N\u00e4hen anbringen, ideal zum Einbetten in Textilkanten oder als Pflegeetikett.<\/li>\n<li>Durch Hei\u00dfpressen hergestellter tragbarer RFID-Tag: Gew\u00e4hrleistet dauerhafte Haftung und reduziert so den Tag-Verlust w\u00e4hrend des gesamten Lebenszyklus.<\/li>\n<li>Hochtemperatur-RFID-W\u00e4scheetikett: Entwickelt, um der intensiven Hitze und den mechanischen Belastungen industrieller W\u00e4schereiprozesse standzuhalten.<\/li>\n<\/ul>\n<div>\n<table width=\"637\">\n<tbody>\n<tr>\n<td width=\"328\">Artikelname:<\/td>\n<td width=\"309\">Textilb\u00fcgeleisen Strapazierf\u00e4higer, hitzeversiegelter RFID-W\u00e4scheanh\u00e4nger<\/td>\n<\/tr>\n<tr>\n<td width=\"328\">RFID-Standard:<\/td>\n<td width=\"309\">ISO\/IEC 18000-6 TypC (EPC Gen2)<\/td>\n<\/tr>\n<tr>\n<td width=\"328\">Gr\u00f6\u00dfe Gewicht:<\/td>\n<td width=\"309\">\u00a035 mm x 15 mm; 58 mm x 15 mm; 70 mm x 10 mm; 70 mm x 15 mm; 75 mm x 12 mm; 75 mm x 15 mm oder kundenspezifisch<\/td>\n<\/tr>\n<tr>\n<td width=\"328\">Chip-Typ:<\/td>\n<td width=\"309\">Monza 4QT, NXP U CODE 9, Alien H9 usw.<\/td>\n<\/tr>\n<tr>\n<td width=\"328\">EPC-Speicher:<\/td>\n<td width=\"309\">128 Bit<\/td>\n<\/tr>\n<tr>\n<td width=\"328\">Benutzerspeicher:<\/td>\n<td width=\"309\">512 Bit<\/td>\n<\/tr>\n<tr>\n<td width=\"328\">Lesereichweite (2 W ERP FCC):<\/td>\n<td width=\"309\">8\u201310 m<\/td>\n<\/tr>\n<tr>\n<td width=\"328\">Lesereichweite (2 W ERP ETSI):<\/td>\n<td width=\"309\">8\u201310 m<\/td>\n<\/tr>\n<tr>\n<td width=\"328\">Tagging:<\/td>\n<td width=\"309\">Hei\u00dfpr\u00e4gekleber, Hei\u00dfsiegelung, Loch usw.<\/td>\n<\/tr>\n<tr>\n<td width=\"328\">Gesch\u00e4tzte Lebensdauer:<\/td>\n<td width=\"309\">200 Waschg\u00e4nge oder 300 Mal<\/td>\n<\/tr>\n<tr>\n<td width=\"328\">Waschmethode:<\/td>\n<td width=\"309\">W\u00e4scherei, chemische Reinigung<\/td>\n<\/tr>\n<tr>\n<td width=\"328\">Wasserentnahmedruck:<\/td>\n<td width=\"309\">60 bar<\/td>\n<\/tr>\n<tr>\n<td width=\"328\">Wasserbest\u00e4ndigkeit:<\/td>\n<td width=\"309\">Wasserfest<\/td>\n<\/tr>\n<tr>\n<td width=\"328\">Chemische Resistenz:<\/td>\n<td width=\"309\">Waschmittel, Weichsp\u00fcler, Bleichmittel (Sauerstoff\/Chlor), Alkali<\/td>\n<\/tr>\n<tr>\n<td width=\"328\">Vortrocknen im Tumbler:<\/td>\n<td width=\"309\">125 \u00baC f\u00fcr 15-20 Minuten<\/td>\n<\/tr>\n<tr>\n<td width=\"328\">Sterilisationstemperatur:<\/td>\n<td width=\"309\">135\u00b0C f\u00fcr 15-20 Minuten<\/td>\n<\/tr>\n<tr>\n<td width=\"328\">Waschtemperatur:<\/td>\n<td width=\"309\">90\u00b0C, Bis zu 15 Min.<\/td>\n<\/tr>\n<tr>\n<td width=\"328\">Luftfeuchtigkeit\/Temperatur-Betrieb:<\/td>\n<td width=\"309\">-20 bis 110 \u00b0C, 8 bis 95%RH<\/td>\n<\/tr>\n<tr>\n<td width=\"328\">Luftfeuchtigkeit\/ Temperatur-Lagerung:<\/td>\n<td width=\"309\">-40 bis 110 \u00b0C, 8 bis 95%RH<\/td>\n<\/tr>\n<\/tbody>\n<\/table>\n<\/div>\n<\/div>\n<figure id=\"attachment_3280\" class=\"wp-caption alignnone\" aria-describedby=\"caption-attachment-3280\"><figcaption id=\"caption-attachment-3280\" class=\"wp-caption-text\">\n<figure id=\"attachment_3085\" aria-describedby=\"caption-attachment-3085\" style=\"width: 750px\" class=\"wp-caption alignnone\"><a href=\"https:\/\/rfid-laundry-tag.com\/de\/textile-rfid-laundry-tag\/\"><img fetchpriority=\"high\" decoding=\"async\" class=\"size-full wp-image-3085\" src=\"https:\/\/rfid-laundry-tag.com\/wp-content\/uploads\/2025\/12\/UHF-RFID-washable-laundry-tag-11.jpg\" alt=\"Washable RFID Tags for Laundry Uniform\" width=\"750\" height=\"750\" srcset=\"https:\/\/rfid-laundry-tag.com\/wp-content\/uploads\/2025\/12\/UHF-RFID-washable-laundry-tag-11.jpg 750w, https:\/\/rfid-laundry-tag.com\/wp-content\/uploads\/2025\/12\/UHF-RFID-washable-laundry-tag-11-300x300.jpg 300w, https:\/\/rfid-laundry-tag.com\/wp-content\/uploads\/2025\/12\/UHF-RFID-washable-laundry-tag-11-150x150.jpg 150w, https:\/\/rfid-laundry-tag.com\/wp-content\/uploads\/2025\/12\/UHF-RFID-washable-laundry-tag-11-12x12.jpg 12w, https:\/\/rfid-laundry-tag.com\/wp-content\/uploads\/2025\/12\/UHF-RFID-washable-laundry-tag-11-600x600.jpg 600w, https:\/\/rfid-laundry-tag.com\/wp-content\/uploads\/2025\/12\/UHF-RFID-washable-laundry-tag-11-100x100.jpg 100w\" sizes=\"(max-width: 750px) 100vw, 750px\" \/><\/a><figcaption id=\"caption-attachment-3085\" class=\"wp-caption-text\">Waschbare RFID-Etiketten f\u00fcr W\u00e4scheuniformen<\/figcaption><\/figure>\n<\/figcaption><\/figure>\n<p>Hergestellt aus gewebtem Polyester und hochwertigen, w\u00e4rmeaktivierten Klebstoffen, haftet dieses RFID-W\u00e4scheetikett sicher auf Baumwolle, Polyester und Mischgewebe. Das Etikett \u00fcbersteht intensive Waschzyklen, einschlie\u00dflich Sterilisation bei hohen Temperaturen, und eignet sich daher ideal f\u00fcr den Einsatz in RFID-W\u00e4schemanagementsystemen, die in Krankenh\u00e4usern und Industriew\u00e4schereien weit verbreitet sind.<\/p>\n<div class=\"entry-content-asset videofit\"><iframe title=\"Warum RFID in der Textilreinigung einsetzen?\" src=\"https:\/\/www.youtube.com\/embed\/X_P3EuhS_hE?feature=oembed\" width=\"720\" height=\"405\" frameborder=\"0\" allowfullscreen=\"allowfullscreen\" data-mce-fragment=\"1\"><\/iframe><\/div>\n<div>\n<h3><strong><b>Anwendungen auf globalen M\u00e4rkten<\/b><\/strong><\/h3>\n<p>Unser\u00a0<strong>RFID-Leinenetikett f\u00fcr das Gesundheitswesen<\/strong>\u00a0Erm\u00f6glicht die pr\u00e4zise Nachverfolgung von Bettw\u00e4sche, Handt\u00fcchern und Uniformen und unterst\u00fctzt so die Infektionskontrolle und Bestandsgenauigkeit in Krankenh\u00e4usern in Nordamerika und Europa. Textil-RFID-Etiketten f\u00fcr Krankenh\u00e4user verbessern das Management des W\u00e4schelebenszyklus, reduzieren Verluste und steigern die betriebliche Effizienz in regelintensiven Umgebungen.<\/p>\n<p>In industriellen W\u00e4schereien,\u00a0<strong>Waschbarer RFID-Etikett f\u00fcr die industrielle W\u00e4scherei<\/strong>\u00a0ist entscheidend f\u00fcr die Abwicklung der gro\u00dffl\u00e4chigen W\u00e4scheverarbeitung und bietet eine nahtlose Integration in\u00a0<strong>RFID-W\u00e4schereiverwaltungssysteme<\/strong>\u00a0F\u00fcr anspruchsvolle Waschbedingungen konzipiert.\u00a0<strong>einheitlicher RFID-Tracking-Chip<\/strong>\u00a0In langlebige RFID-Etiketten f\u00fcr Uniformen eingebettet, helfen multinationalen Konzernen und Gesundheitseinrichtungen, die Verantwortlichkeit zu wahren und den Uniformenumlauf zu optimieren.<\/p>\n<h3><strong><b>Installation &amp; Verwendung<\/b><\/strong><\/h3>\n<ul>\n<li><strong>Stichetikettierung:<\/strong>N\u00e4hen Sie die S\u00e4ume der Kleidungsst\u00fccke abseits der Faltkanten fest, um Besch\u00e4digungen zu vermeiden.<\/li>\n<li><strong>Hei\u00dfsiegeln:<\/strong>Bei 200 \u00b0C (392 \u00b0F) f\u00fcr 12\u201314 Sekunden mit branchen\u00fcblichen Hei\u00dfsiegelger\u00e4ten aufbringen.<\/li>\n<li><strong>Im Beutel:<\/strong>Um die Optik des Kleidungsst\u00fccks zu erhalten, sollten Standard-Pflegeetiketten innen eingen\u00e4ht werden.<\/li>\n<\/ul>\n<figure id=\"attachment_3407\" class=\"wp-caption alignnone\" aria-describedby=\"caption-attachment-3407\"><figcaption id=\"caption-attachment-3407\" class=\"wp-caption-text\">\n<figure id=\"attachment_2970\" aria-describedby=\"caption-attachment-2970\" style=\"width: 1000px\" class=\"wp-caption alignnone\"><a href=\"https:\/\/rfid-laundry-tag.com\/de\/textile-rfid-laundry-tag\/\"><img decoding=\"async\" class=\"size-full wp-image-2970\" src=\"https:\/\/rfid-laundry-tag.com\/wp-content\/uploads\/2025\/11\/UHF-RFID-washable-laundry-tag-08.jpg\" alt=\"Textile UHF RFID Tags Labels\" width=\"1000\" height=\"1000\" srcset=\"https:\/\/rfid-laundry-tag.com\/wp-content\/uploads\/2025\/11\/UHF-RFID-washable-laundry-tag-08.jpg 1000w, https:\/\/rfid-laundry-tag.com\/wp-content\/uploads\/2025\/11\/UHF-RFID-washable-laundry-tag-08-300x300.jpg 300w, https:\/\/rfid-laundry-tag.com\/wp-content\/uploads\/2025\/11\/UHF-RFID-washable-laundry-tag-08-150x150.jpg 150w, https:\/\/rfid-laundry-tag.com\/wp-content\/uploads\/2025\/11\/UHF-RFID-washable-laundry-tag-08-768x768.jpg 768w, https:\/\/rfid-laundry-tag.com\/wp-content\/uploads\/2025\/11\/UHF-RFID-washable-laundry-tag-08-12x12.jpg 12w, https:\/\/rfid-laundry-tag.com\/wp-content\/uploads\/2025\/11\/UHF-RFID-washable-laundry-tag-08-600x600.jpg 600w, https:\/\/rfid-laundry-tag.com\/wp-content\/uploads\/2025\/11\/UHF-RFID-washable-laundry-tag-08-100x100.jpg 100w\" sizes=\"(max-width: 1000px) 100vw, 1000px\" \/><\/a><figcaption id=\"caption-attachment-2970\" class=\"wp-caption-text\">Textile UHF RFID-Etiketten<\/figcaption><\/figure>\n<\/figcaption><\/figure>\n<p>Dank der fortschrittlichen Hei\u00dfsiegeltechnologie bieten diese Etiketten einen gleichm\u00e4\u00dfigen Anpressdruck und eine automatische R\u00fcckmeldung, um eine einwandfreie Anbringung zu gew\u00e4hrleisten.<\/p>\n<p>&nbsp;<\/p>\n<\/div>","protected":false},"excerpt":{"rendered":"<p>Wir geh\u00f6ren zu den f\u00fcnf f\u00fchrenden Herstellern von UHF-RFID-W\u00e4scheetiketten.<strong>.Textilb\u00fcgeleisen-best\u00e4ndiges, hitzeversiegeltes RFID-W\u00e4scheetikett <\/strong>Gew\u00e4hrleistet dauerhafte Textilverfolgung im Gesundheitswesen, in W\u00e4schereien und bei Uniformen in ganz Europa, den USA und Kanada \u2013 best\u00e4ndig gegen aggressive Waschzyklen.<\/p>","protected":false},"featured_media":3118,"template":"","meta":{"_kad_post_transparent":"default","_kad_post_title":"","_kad_post_layout":"default","_kad_post_sidebar_id":"","_kad_post_content_style":"default","_kad_post_vertical_padding":"default","_kad_post_feature":"","_kad_post_feature_position":"","_kad_post_header":false,"_kad_post_footer":false,"_kad_post_classname":""},"product_brand":[],"product_cat":[16],"product_tag":[24,375,342,339,65,368,30,374,373],"class_list":{"0":"post-3117","1":"product","2":"type-product","3":"status-publish","4":"has-post-thumbnail","6":"product_cat-uhf-rfid-laundry-tags","7":"product_tag-laundry-rfid-tags","8":"product_tag-rfid-laundry-tag-7015mm","9":"product_tag-rfid-laundry-tags","10":"product_tag-rfid-washable-tags","11":"product_tag-textile-rfid-laundry-tags","12":"product_tag-textile-uhf-rfid-tags-labels","13":"product_tag-uhf-rfid-laundry-tag","14":"product_tag-washable-uhf-rfid-labels","15":"product_tag-washable-uhf-rfid-laundry-textile-labels","17":"first","18":"instock","19":"featured","20":"shipping-taxable","21":"product-type-simple","22":"entry","23":"content-bg","24":"loop-entry"},"_links":{"self":[{"href":"https:\/\/rfid-laundry-tag.com\/de\/wp-json\/wp\/v2\/product\/3117","targetHints":{"allow":["GET"]}}],"collection":[{"href":"https:\/\/rfid-laundry-tag.com\/de\/wp-json\/wp\/v2\/product"}],"about":[{"href":"https:\/\/rfid-laundry-tag.com\/de\/wp-json\/wp\/v2\/types\/product"}],"version-history":[{"count":3,"href":"https:\/\/rfid-laundry-tag.com\/de\/wp-json\/wp\/v2\/product\/3117\/revisions"}],"predecessor-version":[{"id":3168,"href":"https:\/\/rfid-laundry-tag.com\/de\/wp-json\/wp\/v2\/product\/3117\/revisions\/3168"}],"wp:featuredmedia":[{"embeddable":true,"href":"https:\/\/rfid-laundry-tag.com\/de\/wp-json\/wp\/v2\/media\/3118"}],"wp:attachment":[{"href":"https:\/\/rfid-laundry-tag.com\/de\/wp-json\/wp\/v2\/media?parent=3117"}],"wp:term":[{"taxonomy":"product_brand","embeddable":true,"href":"https:\/\/rfid-laundry-tag.com\/de\/wp-json\/wp\/v2\/product_brand?post=3117"},{"taxonomy":"product_cat","embeddable":true,"href":"https:\/\/rfid-laundry-tag.com\/de\/wp-json\/wp\/v2\/product_cat?post=3117"},{"taxonomy":"product_tag","embeddable":true,"href":"https:\/\/rfid-laundry-tag.com\/de\/wp-json\/wp\/v2\/product_tag?post=3117"}],"curies":[{"name":"wp","href":"https:\/\/api.w.org\/{rel}","templated":true}]}}