{"id":310,"date":"2024-06-26T17:12:34","date_gmt":"2024-06-26T17:12:34","guid":{"rendered":"https:\/\/rfid-laundry-tag.com\/?post_type=product&#038;p=310"},"modified":"2024-06-26T17:15:58","modified_gmt":"2024-06-26T17:15:58","slug":"anti-metal-uhf-rfid-tag","status":"publish","type":"product","link":"https:\/\/rfid-laundry-tag.com\/de\/anti-metal-uhf-rfid-tag\/","title":{"rendered":"Anti-Metall-UHF-RFID-Tag"},"content":{"rendered":"<h2>Anti-Metall-UHF-RFID-Tag<\/h2>\n<h2>Verf\u00fcgbare Anpassungen:<\/h2>\n<p><strong>Drucken:<\/strong><\/p>\n<ul>\n<li><strong>Farboptionen:<\/strong>\n<ul>\n<li>Monochromdruck<\/li>\n<li>4-Farben-Offsetdruck<\/li>\n<\/ul>\n<\/li>\n<li><strong>Eingang:<\/strong>\n<ul>\n<li>Grafisches Layout vom Kunden im Vektorformat<\/li>\n<\/ul>\n<\/li>\n<li><strong>Inhalt:<\/strong>\n<ul>\n<li>EPC-Code-Druck<\/li>\n<li>Progressiver Seriencodedruck:\n<ul>\n<li>Aus der Datenbank<\/li>\n<li>Aus einer XLS-Datei<\/li>\n<\/ul>\n<\/li>\n<li>Barcodedruck<\/li>\n<li>QRCode-Druck<\/li>\n<\/ul>\n<\/li>\n<li><strong>Weitere Anpassungsm\u00f6glichkeiten auf Anfrage erh\u00e4ltlich.<\/strong><\/li>\n<\/ul>\n<p><strong>Chip-Speicherkodierung:<\/strong><\/p>\n<ul>\n<li><strong>RFID UHF Transponder Kodierung:<\/strong>\n<ul>\n<li>EPC-Code-Kodierung<\/li>\n<li>UHF-Tag-Speicher schreiben:\n<ul>\n<li>Aus der vom Kunden bereitgestellten Datenbank<\/li>\n<\/ul>\n<\/li>\n<\/ul>\n<\/li>\n<li><strong>Speichersperre:<\/strong>\n<ul>\n<li>Tempor\u00e4re oder permanente Sperrung durch Passwort<\/li>\n<\/ul>\n<\/li>\n<li><strong>Datenzuordnung:<\/strong>\n<ul>\n<li>EPC-Code- und TID-Code-Zuordnung in der Datenbank<\/li>\n<li>TID-Code und Progressive\/Barcode-Zuordnung<\/li>\n<\/ul>\n<\/li>\n<\/ul>\n<table class=\"has-title all magic-4\">\n<tbody>\n<tr>\n<td colspan=\"1\" rowspan=\"1\">\n<div class=\"magic-5\" data-spm-anchor-id=\"a2700.details.0.i72.6b4c1284vyugjJ\">Material<\/div>\n<\/td>\n<td colspan=\"1\" rowspan=\"1\">\n<div class=\"magic-6\">ABS<\/div>\n<\/td>\n<\/tr>\n<tr>\n<td colspan=\"1\" rowspan=\"1\">\n<div class=\"magic-5\">Gr\u00f6\u00dfe<\/div>\n<\/td>\n<td colspan=\"1\" rowspan=\"1\">\n<div class=\"magic-6\">78x31x10mm oder individuell<\/div>\n<\/td>\n<\/tr>\n<tr>\n<td colspan=\"1\" rowspan=\"1\">\n<div class=\"magic-5\">Frequenz<\/div>\n<\/td>\n<td colspan=\"1\" rowspan=\"1\">\n<div class=\"magic-6\">860-960 MHz<\/div>\n<\/td>\n<\/tr>\n<tr>\n<td colspan=\"1\" rowspan=\"1\">\n<div class=\"magic-5\">IC-Typ (Chip)<\/div>\n<\/td>\n<td colspan=\"1\" rowspan=\"1\">\n<div class=\"magic-6\">Impinj Monza R6P<\/div>\n<\/td>\n<\/tr>\n<tr>\n<td colspan=\"1\" rowspan=\"1\">\n<div class=\"magic-5\">Protokoll<\/div>\n<\/td>\n<td colspan=\"1\" rowspan=\"1\">\n<div class=\"magic-6\">EPC Global Klasse 1 Gen2 und ISO18000-6C<\/div>\n<\/td>\n<\/tr>\n<tr>\n<td colspan=\"1\" rowspan=\"1\">\n<div class=\"magic-7\">Erinnerung<\/div>\n<\/td>\n<td colspan=\"1\" rowspan=\"1\">\n<div class=\"magic-6\">EPC 128 Bit, Benutzer 32 Bit<\/div>\n<\/td>\n<\/tr>\n<tr>\n<td colspan=\"1\" rowspan=\"1\">\n<div class=\"magic-5\">Tag-Formfaktor<\/div>\n<\/td>\n<td colspan=\"1\" rowspan=\"1\">\n<div class=\"magic-6\">Hartes Tag<\/div>\n<\/td>\n<\/tr>\n<tr>\n<td colspan=\"1\" rowspan=\"1\">\n<div class=\"magic-5\">Befestigungsmethode<\/div>\n<\/td>\n<td colspan=\"1\" rowspan=\"1\">\n<div class=\"magic-6\" data-spm-anchor-id=\"a2700.details.0.i73.6b4c1284vyugjJ\">Schraubbefestigung, Folienklebung<\/div>\n<\/td>\n<\/tr>\n<tr>\n<td colspan=\"1\" rowspan=\"1\">\n<div class=\"magic-5\">Betriebstemperatur<\/div>\n<\/td>\n<td colspan=\"1\" rowspan=\"1\">\n<div class=\"magic-6\">-35 \u00b0C \/ +90 \u00b0C<\/div>\n<\/td>\n<\/tr>\n<tr>\n<td colspan=\"1\" rowspan=\"1\">\n<div class=\"magic-5\">Lesedistanz<\/div>\n<\/td>\n<td colspan=\"1\" rowspan=\"1\">\n<div class=\"magic-6\" data-spm-anchor-id=\"a2700.details.0.i67.6b4c1284vyugjJ\">Bis zu 10 m<\/div>\n<\/td>\n<\/tr>\n<tr>\n<td colspan=\"1\" rowspan=\"1\">\n<div class=\"magic-8\">Anwendbare Oberfl\u00e4chenmaterialien<\/div>\n<\/td>\n<td colspan=\"1\" rowspan=\"1\">\n<div class=\"magic-6\">Metallische und nichtmetallische Substrate<\/div>\n<\/td>\n<\/tr>\n<tr>\n<td colspan=\"1\" rowspan=\"1\">\n<div class=\"magic-7\">IP-Bewertung<\/div>\n<\/td>\n<td colspan=\"1\" rowspan=\"1\">\n<div class=\"magic-6\">IP68<\/div>\n<\/td>\n<\/tr>\n<tr>\n<td colspan=\"1\" rowspan=\"1\">\n<div class=\"magic-7\">Anwendung<\/div>\n<\/td>\n<td colspan=\"1\" rowspan=\"1\">\n<div class=\"magic-6\">F\u00fcr Anlagen, Schwerindustrie und den Au\u00dfeneinsatz<\/div>\n<\/td>\n<\/tr>\n<\/tbody>\n<\/table>\n<p>&nbsp;<\/p>\n<p><strong>Abschluss:<\/strong><\/p>\n<p>Der ABS RFID-Tag ist eine vielseitige und anpassbare L\u00f6sung f\u00fcr verschiedene Anwendungen und bietet eine Kombination aus robuster Leistung und flexiblen Optionen zur Erf\u00fcllung spezifischer Anforderungen.<\/p>","protected":false},"excerpt":{"rendered":"<p>Der Anti-Metall-UHF-RFID-Tag ist ein leistungsstarker passiver UHF-RFID-Tag mit gro\u00dfer Reichweite, der f\u00fcr anspruchsvolle Umgebungen konzipiert ist. Er kann zuverl\u00e4ssig auf, von und sogar in der N\u00e4he von Metalloberfl\u00e4chen gelesen werden und bietet au\u00dfergew\u00f6hnliche Flexibilit\u00e4t f\u00fcr die Anlagenverfolgung. Seine kompakte Gr\u00f6\u00dfe und die robuste, wasserdichte Konstruktion gew\u00e4hrleisten eine dauerhafte Leistung in Au\u00dfen- und Industrieanwendungen.<\/p>","protected":false},"featured_media":311,"template":"","meta":{"_kad_post_transparent":"default","_kad_post_title":"","_kad_post_layout":"default","_kad_post_sidebar_id":"","_kad_post_content_style":"default","_kad_post_vertical_padding":"default","_kad_post_feature":"","_kad_post_feature_position":"","_kad_post_header":false,"_kad_post_footer":false,"_kad_post_classname":""},"product_brand":[],"product_cat":[54],"product_tag":[128,119],"class_list":{"0":"post-310","1":"product","2":"type-product","3":"status-publish","4":"has-post-thumbnail","6":"product_cat-hot-selling-rfid-tags","7":"product_tag-anti-metal-uhf-rfid-tag","8":"product_tag-on-metal-abs-uhf-rfid-tag","10":"first","11":"instock","12":"shipping-taxable","13":"product-type-simple","14":"entry","15":"content-bg","16":"loop-entry"},"_links":{"self":[{"href":"https:\/\/rfid-laundry-tag.com\/de\/wp-json\/wp\/v2\/product\/310","targetHints":{"allow":["GET"]}}],"collection":[{"href":"https:\/\/rfid-laundry-tag.com\/de\/wp-json\/wp\/v2\/product"}],"about":[{"href":"https:\/\/rfid-laundry-tag.com\/de\/wp-json\/wp\/v2\/types\/product"}],"version-history":[{"count":0,"href":"https:\/\/rfid-laundry-tag.com\/de\/wp-json\/wp\/v2\/product\/310\/revisions"}],"wp:featuredmedia":[{"embeddable":true,"href":"https:\/\/rfid-laundry-tag.com\/de\/wp-json\/wp\/v2\/media\/311"}],"wp:attachment":[{"href":"https:\/\/rfid-laundry-tag.com\/de\/wp-json\/wp\/v2\/media?parent=310"}],"wp:term":[{"taxonomy":"product_brand","embeddable":true,"href":"https:\/\/rfid-laundry-tag.com\/de\/wp-json\/wp\/v2\/product_brand?post=310"},{"taxonomy":"product_cat","embeddable":true,"href":"https:\/\/rfid-laundry-tag.com\/de\/wp-json\/wp\/v2\/product_cat?post=310"},{"taxonomy":"product_tag","embeddable":true,"href":"https:\/\/rfid-laundry-tag.com\/de\/wp-json\/wp\/v2\/product_tag?post=310"}],"curies":[{"name":"wp","href":"https:\/\/api.w.org\/{rel}","templated":true}]}}