{"id":3079,"date":"2025-12-18T10:10:20","date_gmt":"2025-12-18T10:10:20","guid":{"rendered":"https:\/\/rfid-laundry-tag.com\/?post_type=product&#038;p=3079"},"modified":"2026-01-04T13:08:46","modified_gmt":"2026-01-04T13:08:46","slug":"rfid-laundry-tag-7015mm","status":"publish","type":"product","link":"https:\/\/rfid-laundry-tag.com\/de\/rfid-laundry-tag-7015mm\/","title":{"rendered":"RFID-W\u00e4scheanh\u00e4nger \u2013 70 x 15 mm"},"content":{"rendered":"<h2>RFID-W\u00e4scheanh\u00e4nger \u2013 70 x 15 mm<\/h2>\n<p><b>Verwenden<a href=\"https:\/\/rfid-laundry-tag.com\/de\/textile-rfid-laundry-tag\/\">\u00a0RFID-W\u00e4scheetiketten<\/a>\u00a0Vorteile:<\/b><br \/>\n1) Reduzierung der Arbeitskosten: Zusammen mit dem tragbaren UHF-Leseger\u00e4t Scan wird die Menge ermittelt.<br \/>\n2) Sortieren Sie die Kleidung aus verschiedenen Hotels oder Firmen.<br \/>\n3) Datenanalyse: Nach der Datenerhebung k\u00f6nnen Sie mehr erfahren, zum Beispiel:<br \/>\n* Wenn Sie die bessere Textilqualit\u00e4t liefern, k\u00f6nnen Sie sich f\u00fcr das Unternehmen entscheiden, das die besseren Ergebnisse liefert, um bei zuk\u00fcnftigen Bestellungen Kosten zu sparen.<br \/>\nWelche Hotels oder Unternehmen haben Textilien, die leichter besch\u00e4digt werden?<\/p>\n<div class=\"entry-content-asset videofit\"><iframe title=\"Warum RFID in der Textilreinigung einsetzen?\" src=\"https:\/\/www.youtube.com\/embed\/X_P3EuhS_hE?feature=oembed\" width=\"720\" height=\"405\" frameborder=\"0\" allowfullscreen=\"allowfullscreen\" data-mce-fragment=\"1\"><\/iframe><\/div>\n<div class=\"table-with-header rounded-lg border border-solid border-grey-line2-normal w-fit max-w-full mb-2\">\n<div class=\"overflow-x-auto custom-scrollbar custom-scrollbar-float max-w-full\">\n<table class=\"w-fit !mb-0 !max-w-none\">\n<thead>\n<tr>\n<th>Besonderheit<\/th>\n<th>Spezifikation<\/th>\n<\/tr>\n<\/thead>\n<tbody>\n<tr>\n<td><strong>Artikelname<\/strong><\/td>\n<td><strong>RFID-W\u00e4scheetikett<\/strong><\/td>\n<\/tr>\n<tr>\n<td><strong>RFID-Standard<\/strong><\/td>\n<td>ISO\/IEC 18000-6 TypC (EPC Gen2)<\/td>\n<\/tr>\n<tr>\n<td><strong>Gr\u00f6\u00dfe und Gewicht<\/strong><\/td>\n<td>70 \u00d7 15 mm, 0,6 g<\/td>\n<\/tr>\n<tr>\n<td><strong>Chiptyp<\/strong><\/td>\n<td>NXP U CODE 8, NXP U CODE 9<\/td>\n<\/tr>\n<tr>\n<td><strong>EPC-Speicher<\/strong><\/td>\n<td>128 Bit<\/td>\n<\/tr>\n<tr>\n<td><strong>Benutzerspeicher<\/strong><\/td>\n<td>512 Bit<\/td>\n<\/tr>\n<tr>\n<td><strong>Lesebereich<\/strong><\/td>\n<td>8 m (2 W ERP FCC\/ETSI)<\/td>\n<\/tr>\n<tr>\n<td><strong>Tagging<\/strong><\/td>\n<td>N\u00e4hen, Hei\u00dfpr\u00e4gekleber<\/td>\n<\/tr>\n<tr>\n<td><strong>Gesch\u00e4tzte Lebensdauer<\/strong><\/td>\n<td>200 Waschzyklen oder 3 Jahre<\/td>\n<\/tr>\n<tr>\n<td><strong>Waschmethode<\/strong><\/td>\n<td>W\u00e4scherei, chemische Reinigung<\/td>\n<\/tr>\n<tr>\n<td><strong>Wasserentnahmedruck<\/strong><\/td>\n<td>60 bar<\/td>\n<\/tr>\n<tr>\n<td><strong>Wasserbest\u00e4ndigkeit<\/strong><\/td>\n<td>Wasserfest<\/td>\n<\/tr>\n<tr>\n<td><strong>Chemische Resistenz<\/strong><\/td>\n<td>Waschmittel, Weichsp\u00fcler, Bleichmittel (Sauerstoff\/Chlor), Alkali<\/td>\n<\/tr>\n<tr>\n<td>\u00a0B\u00fcgeleisen:<\/td>\n<td>190 \u00b0C bis 225 \u00b0C f\u00fcr 10 bis 15 Sekunden<\/td>\n<\/tr>\n<\/tbody>\n<\/table>\n<\/div>\n<\/div>\n<h3 class=\"wp-block-heading\">Installation<\/h3>\n<p><strong>Stichmarkierung<\/strong>: Zum Einn\u00e4hen in den Saum eines Textils. N\u00e4hen Sie das W\u00e4scheetikett abseits der Faltlinien.<br \/>\n<strong>Hei\u00dfsiegel<\/strong>: Wird bei +200 \u00b0C (392 \u00b0F) f\u00fcr 12\u201314 s direkt auf dem Textil hei\u00dfversiegelt.<br \/>\n<strong>Im Beutel<\/strong>: Wird wie ein normales Pflegeetikett aufgen\u00e4ht. N\u00e4hen Sie das W\u00e4scheetikett abseits der Faltlinien auf.<\/p>\n<p>&nbsp;<\/p>\n<p><strong>Produkteinf\u00fchrung:<\/strong><br \/>\n*Mehr als 200 Mal industriell gewaschen.<br \/>\n*100% Speicherschreibtest;<br \/>\n*Material und Design wurden auf Zuverl\u00e4ssigkeit gepr\u00fcft;<br \/>\n*Das Produkt wurde mit Ger\u00e4ten von Finland Tagformace auf 100%-HF-Konsistenz gepr\u00fcft.<br \/>\n* ECHTE 200-fache industrielle W\u00e4sche.<br \/>\n* Weich, flexibel;<br \/>\n* H\u00e4lt einem Druck von 60 Atmosph\u00e4ren stand.<\/p>\n<figure id=\"attachment_3434\" class=\"wp-caption alignnone\" aria-describedby=\"caption-attachment-3434\">\n<p><figure id=\"attachment_3081\" aria-describedby=\"caption-attachment-3081\" style=\"width: 1000px\" class=\"wp-caption alignnone\"><a href=\"https:\/\/rfid-laundry-tag.com\/de\/textile-rfid-laundry-tag\/\"><img fetchpriority=\"high\" decoding=\"async\" class=\"size-full wp-image-3081\" src=\"https:\/\/rfid-laundry-tag.com\/wp-content\/uploads\/2025\/12\/UHF-RFID-washable-laundry-tag-08.jpg\" alt=\"RFID Laundry Tag-70*15mm\" width=\"1000\" height=\"1000\" srcset=\"https:\/\/rfid-laundry-tag.com\/wp-content\/uploads\/2025\/12\/UHF-RFID-washable-laundry-tag-08.jpg 1000w, https:\/\/rfid-laundry-tag.com\/wp-content\/uploads\/2025\/12\/UHF-RFID-washable-laundry-tag-08-300x300.jpg 300w, https:\/\/rfid-laundry-tag.com\/wp-content\/uploads\/2025\/12\/UHF-RFID-washable-laundry-tag-08-150x150.jpg 150w, https:\/\/rfid-laundry-tag.com\/wp-content\/uploads\/2025\/12\/UHF-RFID-washable-laundry-tag-08-768x768.jpg 768w, https:\/\/rfid-laundry-tag.com\/wp-content\/uploads\/2025\/12\/UHF-RFID-washable-laundry-tag-08-12x12.jpg 12w, https:\/\/rfid-laundry-tag.com\/wp-content\/uploads\/2025\/12\/UHF-RFID-washable-laundry-tag-08-600x600.jpg 600w, https:\/\/rfid-laundry-tag.com\/wp-content\/uploads\/2025\/12\/UHF-RFID-washable-laundry-tag-08-100x100.jpg 100w\" sizes=\"(max-width: 1000px) 100vw, 1000px\" \/><\/a><figcaption id=\"caption-attachment-3081\" class=\"wp-caption-text\">RFID-W\u00e4scheanh\u00e4nger \u2013 70 x 15 mm<\/figcaption><\/figure><figcaption id=\"caption-attachment-3434\" class=\"wp-caption-text\">\u00a0<\/figcaption><\/figure>\n<p><strong>Produktanwendung:<\/strong><br \/>\n* Industriew\u00e4sche;<br \/>\n* Verwaltung der Mitarbeiter- und Schuluniformen;<br \/>\n* Management von medizinischer Bekleidung;<br \/>\n* Personalpatrouillenmanagement;<br \/>\n* Produktionsmanagement von Bekleidungsfabriken.<\/p>\n<h2 data-spm-anchor-id=\"a2700.details-description.0.i0.40e8juJgjuJgsa\"><b><span class=\"magic-29\" data-spm-anchor-id=\"a2700.details-description.0.i4.40e8juJgjuJgsa\">Hauptvorteile:<\/span><\/b><\/h2>\n<div data-spm-anchor-id=\"a2700.details-description.0.i0.40e8juJgjuJgsa\">\n<div data-spm-anchor-id=\"a2700.details-description.0.i3.40e8juJgjuJgsa\"><span class=\"magic-30\"><span class=\"magic-31\">* Bei Installation auf metallischen und nichtmetallischen Oberfl\u00e4chen weist es eine gute Leistung im Bereich der Hochfrequenz auf und entspricht dem europ\u00e4ischen Importlabel 100%;<br \/>\nKonformit\u00e4tspr\u00fcfungssystemtest * nach Validierung und Einsatz bei international renommierten Kunden;<\/span><\/span><\/div>\n<\/div>\n<div class=\"auto-hide-last-sibling-br paragraph_1252f paragraph-element\">\n<figure id=\"attachment_3033\" aria-describedby=\"caption-attachment-3033\" style=\"width: 768px\" class=\"wp-caption alignnone\"><a href=\"https:\/\/rfid-laundry-tag.com\/de\/textile-rfid-laundry-tag\/\"><img decoding=\"async\" class=\"size-large wp-image-3033\" src=\"https:\/\/rfid-laundry-tag.com\/wp-content\/uploads\/2025\/12\/RFID-Laundry-Tag-Installation-Guide-01-768x1024.png\" alt=\"RFID Laundry Tags\" width=\"768\" height=\"1024\" srcset=\"https:\/\/rfid-laundry-tag.com\/wp-content\/uploads\/2025\/12\/RFID-Laundry-Tag-Installation-Guide-01-768x1025.png 768w, https:\/\/rfid-laundry-tag.com\/wp-content\/uploads\/2025\/12\/RFID-Laundry-Tag-Installation-Guide-01-225x300.png 225w, https:\/\/rfid-laundry-tag.com\/wp-content\/uploads\/2025\/12\/RFID-Laundry-Tag-Installation-Guide-01-9x12.png 9w, https:\/\/rfid-laundry-tag.com\/wp-content\/uploads\/2025\/12\/RFID-Laundry-Tag-Installation-Guide-01-600x801.png 600w, https:\/\/rfid-laundry-tag.com\/wp-content\/uploads\/2025\/12\/RFID-Laundry-Tag-Installation-Guide-01.png 790w\" sizes=\"(max-width: 768px) 100vw, 768px\" \/><\/a><figcaption id=\"caption-attachment-3033\" class=\"wp-caption-text\">RFID-W\u00e4scheetiketten<\/figcaption><\/figure>\n<\/div>\n<div>\n<div class=\"J_module\">\n<h2 id=\"ali-anchor-AliMagic-0o5zmv\" class=\"magic-0\" data-section=\"AliMagic-0o5zmv\" data-section-title=\"FAQ\" data-spm-anchor-id=\"a2700.details-description.0.i2.40e8juJgjuJgsa\"><strong>H\u00e4ufig gestellte Fragen<\/strong><\/h2>\n<div data-section=\"AliMagic-0o5zmv\" data-section-title=\"FAQ\" data-spm-anchor-id=\"a2700.details-description.0.i2.40e8juJgjuJgsa\"><\/div>\n<\/div>\n<div class=\"J_module\">\n<div class=\"detail-decorate-json-renderer-container\">\n<div class=\"magic-17\">\n<div class=\"magic-18\">\n<div class=\"magic-19\">\n<div class=\"magic-20\">\n<div data-spm-anchor-id=\"a2700.details-description.0.i5.40e8juJgjuJgsa\"><b class=\"magic-32\">1. K\u00f6nnen Sie uns einige Muster anbieten?<\/b><\/div>\n<div data-spm-anchor-id=\"a2700.details-description.0.i5.40e8juJgjuJgsa\">Sobald wir genau wissen, welche Produkte Sie ben\u00f6tigen, k\u00f6nnen wir Ihnen ein \u00e4hnliches, bereits vorhandenes Muster zur Ansicht anbieten. Das Muster ist kostenlos, lediglich die Versandkosten tragen Sie. Ben\u00f6tigen Sie ein individuell gestaltetes Etikettenmuster nach Ihren Vorgaben, berechnen wir Ihnen die entsprechenden Kosten.<\/div>\n<div data-spm-anchor-id=\"a2700.details-description.0.i5.40e8juJgjuJgsa\"><\/div>\n<div data-spm-anchor-id=\"a2700.details-description.0.i5.40e8juJgjuJgsa\"><b class=\"magic-32\">2. Wir sind keine Experten f\u00fcr den Einkauf in Ihrer Technologie. Welche Informationen ben\u00f6tigen Sie von uns, um Ihnen ein Angebot erstellen zu k\u00f6nnen?<\/b><\/div>\n<div data-spm-anchor-id=\"a2700.details-description.0.i5.40e8juJgjuJgsa\">Lieber Kunde, bitte teilen Sie uns den Anwendungsbereich des RFID-Tags und Ihr gew\u00fcnschtes Ziel mit. Wir unterbreiten Ihnen gerne das passende Produkt zu einem guten Preis.<\/div>\n<div data-spm-anchor-id=\"a2700.details-description.0.i5.40e8juJgjuJgsa\"><\/div>\n<div data-spm-anchor-id=\"a2700.details-description.0.i5.40e8juJgjuJgsa\"><b class=\"magic-32\">3. Wir sind besorgt, da wir bezahlt haben, Sie uns die Ware aber nicht zugesendet haben. .<\/b>\u00a0Wir sind ein f\u00fchrendes Unternehmen f\u00fcr RFID-Tags und betreiben seit Jahren seri\u00f6se Gesch\u00e4fte auf dem internationalen Markt. Wir erhalten stets positives Feedback von unseren Kunden weltweit.<\/div>\n<div data-spm-anchor-id=\"a2700.details-description.0.i5.40e8juJgjuJgsa\"><\/div>\n<div data-spm-anchor-id=\"a2700.details-description.0.i5.40e8juJgjuJgsa\"><span class=\"magic-32\"><b><span class=\"magic-30\">4. K\u00f6nnen wir Ihre Fabrik besichtigen?<\/span><\/b><\/span>\u00a0Ja, wir freuen uns sehr \u00fcber Ihre Werksbesichtigung. Und es ist uns eine Ehre, Sie auf Ihrer Chinareise zu begleiten.<\/div>\n<\/div>\n<div data-spm-anchor-id=\"a2700.details-description.0.i5.40e8juJgjuJgsa\">\n<figure id=\"attachment_3036\" aria-describedby=\"caption-attachment-3036\" style=\"width: 1024px\" class=\"wp-caption alignnone\"><a href=\"https:\/\/rfid-laundry-tag.com\/de\/textile-rfid-laundry-tag\/\"><img decoding=\"async\" class=\"size-large wp-image-3036\" src=\"https:\/\/rfid-laundry-tag.com\/wp-content\/uploads\/2025\/12\/RFID-Laundry-Tag-Installation-Guide-03--1024x590.png\" alt=\"How to Sew RFID Laundry Tags into Linens and Garments\" width=\"1024\" height=\"590\" srcset=\"https:\/\/rfid-laundry-tag.com\/wp-content\/uploads\/2025\/12\/RFID-Laundry-Tag-Installation-Guide-03--1024x590.png 1024w, https:\/\/rfid-laundry-tag.com\/wp-content\/uploads\/2025\/12\/RFID-Laundry-Tag-Installation-Guide-03--300x173.png 300w, https:\/\/rfid-laundry-tag.com\/wp-content\/uploads\/2025\/12\/RFID-Laundry-Tag-Installation-Guide-03--768x442.png 768w, https:\/\/rfid-laundry-tag.com\/wp-content\/uploads\/2025\/12\/RFID-Laundry-Tag-Installation-Guide-03--18x10.png 18w, https:\/\/rfid-laundry-tag.com\/wp-content\/uploads\/2025\/12\/RFID-Laundry-Tag-Installation-Guide-03--600x345.png 600w, https:\/\/rfid-laundry-tag.com\/wp-content\/uploads\/2025\/12\/RFID-Laundry-Tag-Installation-Guide-03-.png 1148w\" sizes=\"(max-width: 1024px) 100vw, 1024px\" \/><\/a><figcaption id=\"caption-attachment-3036\" class=\"wp-caption-text\">Wie man RFID-W\u00e4scheetiketten in Bettw\u00e4sche und Kleidungsst\u00fccke einn\u00e4ht<\/figcaption><\/figure>\n<\/div>\n<\/div>\n<\/div>\n<\/div>\n<\/div>\n<\/div>\n<\/div>","protected":false},"excerpt":{"rendered":"<div class=\"elementor-element elementor-element-4f79c63 e-flex e-con-boxed e-con e-parent e-lazyloaded\" data-id=\"4f79c63\" data-element_type=\"container\" data-settings=\"{&quot;_ha_eqh_enable&quot;:false}\">\n<div class=\"e-con-inner\">\n<div class=\"elementor-element elementor-element-be3873c elementor-widget elementor-widget-woocommerce-product-short-description\" data-id=\"be3873c\" data-element_type=\"widget\" data-widget_type=\"woocommerce-product-short-description.default\">\n<div class=\"elementor-widget-container\">\n<div class=\"woocommerce-product-details__short-description\"><\/div>\n<\/div>\n<\/div>\n<\/div>\n<\/div>\n<div class=\"elementor-element elementor-element-3ad806e e-flex e-con-boxed e-con e-parent e-lazyloaded\" data-id=\"3ad806e\" data-element_type=\"container\" data-settings=\"{&quot;_ha_eqh_enable&quot;:false}\">\n<div class=\"e-con-inner\">\n<div class=\"elementor-element elementor-element-362020f elementor-widget elementor-widget-woocommerce-product-data-tabs\" data-id=\"362020f\" data-element_type=\"widget\" data-widget_type=\"woocommerce-product-data-tabs.default\">\n<div class=\"elementor-widget-container\">\n<div class=\"woocommerce-tabs wc-tabs-wrapper\">\n<h3 class=\"wp-block-heading\">RFID-W\u00e4scheanh\u00e4nger \u2013 70 x 15 mm<\/h3>\n<p>1. Die Gr\u00f6\u00dfe betr\u00e4gt 70 x 15 mm.<br \/>\n2. Garantiert f\u00fcr 200 oder 300 Waschzyklen durch Sterilisation, Entw\u00e4sserung, Hitzebehandlung mit B\u00fcgeleisen unter einem Druck von 60 bar und einer Heiztemperatur von 200 \u00b0C.<br \/>\n3. Die Lieferzeit betr\u00e4gt 1\u20132 Tage.<\/p>\n<\/div>\n<\/div>\n<\/div>\n<\/div>\n<\/div>","protected":false},"featured_media":3080,"template":"","meta":{"_kad_post_transparent":"default","_kad_post_title":"","_kad_post_layout":"default","_kad_post_sidebar_id":"","_kad_post_content_style":"default","_kad_post_vertical_padding":"default","_kad_post_feature":"","_kad_post_feature_position":"","_kad_post_header":false,"_kad_post_footer":false,"_kad_post_classname":""},"product_brand":[],"product_cat":[16],"product_tag":[378,24,375,342,339,380,65,368,30,379,374,373],"class_list":{"0":"post-3079","1":"product","2":"type-product","3":"status-publish","4":"has-post-thumbnail","6":"product_cat-uhf-rfid-laundry-tags","7":"product_tag-laundry-management","8":"product_tag-laundry-rfid-tags","9":"product_tag-rfid-laundry-tag-7015mm","10":"product_tag-rfid-laundry-tags","11":"product_tag-rfid-washable-tags","12":"product_tag-smart-textile","13":"product_tag-textile-rfid-laundry-tags","14":"product_tag-textile-uhf-rfid-tags-labels","15":"product_tag-uhf-rfid-laundry-tag","16":"product_tag-uniform-management","17":"product_tag-washable-uhf-rfid-labels","18":"product_tag-washable-uhf-rfid-laundry-textile-labels","20":"first","21":"instock","22":"featured","23":"shipping-taxable","24":"product-type-simple","25":"entry","26":"content-bg","27":"loop-entry"},"_links":{"self":[{"href":"https:\/\/rfid-laundry-tag.com\/de\/wp-json\/wp\/v2\/product\/3079","targetHints":{"allow":["GET"]}}],"collection":[{"href":"https:\/\/rfid-laundry-tag.com\/de\/wp-json\/wp\/v2\/product"}],"about":[{"href":"https:\/\/rfid-laundry-tag.com\/de\/wp-json\/wp\/v2\/types\/product"}],"version-history":[{"count":3,"href":"https:\/\/rfid-laundry-tag.com\/de\/wp-json\/wp\/v2\/product\/3079\/revisions"}],"predecessor-version":[{"id":3170,"href":"https:\/\/rfid-laundry-tag.com\/de\/wp-json\/wp\/v2\/product\/3079\/revisions\/3170"}],"wp:featuredmedia":[{"embeddable":true,"href":"https:\/\/rfid-laundry-tag.com\/de\/wp-json\/wp\/v2\/media\/3080"}],"wp:attachment":[{"href":"https:\/\/rfid-laundry-tag.com\/de\/wp-json\/wp\/v2\/media?parent=3079"}],"wp:term":[{"taxonomy":"product_brand","embeddable":true,"href":"https:\/\/rfid-laundry-tag.com\/de\/wp-json\/wp\/v2\/product_brand?post=3079"},{"taxonomy":"product_cat","embeddable":true,"href":"https:\/\/rfid-laundry-tag.com\/de\/wp-json\/wp\/v2\/product_cat?post=3079"},{"taxonomy":"product_tag","embeddable":true,"href":"https:\/\/rfid-laundry-tag.com\/de\/wp-json\/wp\/v2\/product_tag?post=3079"}],"curies":[{"name":"wp","href":"https:\/\/api.w.org\/{rel}","templated":true}]}}