{"id":3076,"date":"2025-12-18T09:52:47","date_gmt":"2025-12-18T09:52:47","guid":{"rendered":"https:\/\/rfid-laundry-tag.com\/?post_type=product&#038;p=3076"},"modified":"2026-01-04T13:40:48","modified_gmt":"2026-01-04T13:40:48","slug":"fabric-washable-uhf-rfid-laundry-tags","status":"publish","type":"product","link":"https:\/\/rfid-laundry-tag.com\/de\/fabric-washable-uhf-rfid-laundry-tags\/","title":{"rendered":"Waschbare UHF-RFID-W\u00e4scheetiketten aus Stoff"},"content":{"rendered":"<div class=\"auto-hide-last-sibling-br paragraph_1252f paragraph-element\">\n<h2 class=\"auto-hide-last-sibling-br paragraph_1252f paragraph-element\">Waschbare UHF-RFID-W\u00e4scheetiketten aus Stoff<\/h2>\n<p><a href=\"https:\/\/rfid-laundry-tag.com\/de\/textile-rfid-laundry-tag\/\">Textile UHF W\u00e4scheetiketten\u00a0<\/a>Sie wurden speziell f\u00fcr die Anforderungen der W\u00e4schereibranche, insbesondere in Hotels und Krankenh\u00e4usern, entwickelt. Sie sind langlebig und eignen sich f\u00fcr verschiedene Prozesse wie Waschen, Trocknen, chemische Reinigung und B\u00fcgeln.<\/p>\n<p>Diese Tags zeichnen sich durch eine hohe Empfindlichkeit aus, sodass mehrere Tags gleichzeitig gelesen werden k\u00f6nnen und auch bei unterschiedlichen Signalst\u00f6rungen effektiv funktionieren.<\/p>\n<div data-spm-anchor-id=\"a2700.details.0.i57.23b419c7xXORP0\"><span data-spm-anchor-id=\"a2700.details.0.i75.23b419c7xXORP0\"><b>Merkmale von waschbaren UHF-RFID-W\u00e4scheetiketten aus Stoff:<\/b><br \/>\n1) UHF-Technologie zum gleichzeitigen Lesen von Hunderten von Tags.<br \/>\n2) Lesedistanz von mehr als 8 m bis 12 m.<br \/>\n3) Kann 200 bis 300 Mal gewaschen werden.<\/span><\/div>\n<div data-spm-anchor-id=\"a2700.details.0.i57.23b419c7xXORP0\">\n<div class=\"entry-content-asset videofit\"><iframe title=\"Fabrik f\u00fcr heizbare, selbstklebende UHF-RFID-W\u00e4scheetiketten mit 12 m Lesereichweite getestet\" src=\"https:\/\/www.youtube.com\/embed\/cOnG5fgEIs4?feature=oembed\" width=\"720\" height=\"405\" frameborder=\"0\" allowfullscreen=\"allowfullscreen\" data-mce-fragment=\"1\"><\/iframe><\/div>\n<\/div>\n<\/div>\n<div data-spm-anchor-id=\"a2700.details.0.i57.23b419c7xXORP0\"><\/div>\n<div data-spm-anchor-id=\"a2700.details.0.i57.23b419c7xXORP0\">\n<div class=\"text-content\" data-spm-anchor-id=\"a2700.details.0.i54.23b419c7xXORP0\">\n<table>\n<tbody>\n<tr>\n<td width=\"139\">Produktname<\/td>\n<td width=\"600\">Waschbare UHF-RFID-W\u00e4scheetiketten aus Stoff<\/td>\n<\/tr>\n<tr>\n<td width=\"139\">Material<\/td>\n<td width=\"600\">Stoff\/Gewebe usw.<\/td>\n<\/tr>\n<tr>\n<td width=\"139\">Chip-Modell<\/td>\n<td width=\"600\">UCODE\u00ae 9<\/td>\n<\/tr>\n<tr>\n<td width=\"139\">Erinnerung<\/td>\n<td width=\"600\">EPC: 96 Bit<\/td>\n<\/tr>\n<tr>\n<td width=\"139\">Protokoll<\/td>\n<td width=\"600\">EPC C1 G2<\/td>\n<\/tr>\n<tr>\n<td width=\"139\">Gr\u00f6\u00dfe<\/td>\n<td width=\"600\">70 x 15 mm, 86 x 16 mm, 50 x 20 mm, 72 x 16 mm, 35 x 15 mm usw.<\/td>\n<\/tr>\n<tr>\n<td width=\"139\">Farbe<\/td>\n<td width=\"600\">Wei\u00df<\/td>\n<\/tr>\n<tr>\n<td width=\"139\">Arbeitszeiten<\/td>\n<td width=\"600\">Im Durchschnitt sind es 200 Mal, manche schaffen es mehr als 300 Mal.<\/td>\n<\/tr>\n<tr>\n<td width=\"139\">Betriebstemperatur<\/td>\n<td width=\"600\">-25\u2103 bis +150\u2103<\/td>\n<\/tr>\n<tr>\n<td width=\"139\">Lesedistanz<\/td>\n<td width=\"600\">3-10M<\/td>\n<\/tr>\n<tr>\n<td width=\"139\">Anwendung<\/td>\n<td width=\"600\">W\u00e4schereil\u00f6sungen, Waschsalon, Industriew\u00e4sche, Hoteltextilienmanagement, Supermarkt-\/Textiliengesch\u00e4ftmanagement usw.<\/td>\n<\/tr>\n<\/tbody>\n<\/table>\n<\/div>\n<\/div>\n<div><\/div>\n<h3 class=\"wp-block-heading\">Anleitung zur Installation von waschbaren UHF-RFID-W\u00e4scheetiketten aus Stoff<\/h3>\n<p><strong>Stichmarkierung<\/strong>: Zum Einn\u00e4hen in den Saum eines Textils. N\u00e4hen Sie das W\u00e4scheetikett abseits der Faltlinien.<br \/>\n<strong>Hei\u00dfsiegel<\/strong>: Wird bei +200 \u00b0C (392 \u00b0F) f\u00fcr 12\u201314 s direkt auf dem Textil hei\u00dfversiegelt.<br \/>\n<strong>Im Beutel<\/strong>: Wird wie ein normales Pflegeetikett aufgen\u00e4ht. N\u00e4hen Sie das W\u00e4scheetikett abseits der Faltlinien auf.<\/p>\n<p><b>RFID-W\u00e4scheetiketten k\u00f6nnen in folgenden Bereichen breit eingesetzt werden:<br \/>\n<\/b>1) Tracking-Management<br \/>\n2) Fabrik\/Lagerhalle\/Hotel\/Krankenhaus\/Vergn\u00fcgungspark<br \/>\n3) Krankenhausuniformen\/Bettw\u00e4sche\/Paletten\/Canvas-S\u00e4cke<br \/>\n4) Chemische Reinigung<br \/>\n5) Verwendung in Hotelbettw\u00e4sche\/ An Textilien befestigt\/ Arbeitskleidung<br \/>\n6) Geldw\u00e4scher<\/p>\n<h2>Was sind RFID-Leinenchips?<\/h2>\n<p><a href=\"https:\/\/rfid-laundry-tag.com\/de\/textile-rfid-laundry-tag\/\">RFID-Leinenchips<\/a> Es handelt sich um kompakte, robuste Etiketten mit integriertem RFID-Mikrochip und Antenne, die speziell f\u00fcr die Verfolgung von Textilien wie Bettw\u00e4sche, Handt\u00fcchern und Arbeitskleidung in industriellen Umgebungen entwickelt wurden. Diese Chips k\u00f6nnen durch Hei\u00dfsiegeln oder Einn\u00e4hen in Textilien eingearbeitet werden und erm\u00f6glichen so die automatische Identifizierung und Verfolgung w\u00e4hrend des gesamten Lebenszyklus. Im Gegensatz zu herk\u00f6mmlichen Barcodes ben\u00f6tigen RFID-Chips keine direkte Sichtverbindung zum Scannen und erm\u00f6glichen daher eine effiziente Verfolgung auch bei gestapelten oder verpackten Artikeln.<\/p>\n<h2>Vorteile von RFID in der Textilw\u00e4scherei:<\/h2>\n<p>Mit dem Wachstum der Branchen Industriew\u00e4scherei und Textilvermietung steigt der Bedarf an Automatisierung und pr\u00e4ziser Bestandsverwaltung. Aktuell nutzen weltweit weniger als 11.000 Unternehmen der W\u00e4schereibranche RFID-Technologie, doch die Anwender berichten von deutlichen Vorteilen. RFID gilt als essenziell f\u00fcr technologische Modernisierungen im W\u00e4schereisektor, und ein verst\u00e4rkter Einsatz wird in den n\u00e4chsten Jahren erwartet. Sinkende Kosten und die steigende Qualit\u00e4t von RFID-Ger\u00e4ten und Textiletiketten verschaffen einen Wettbewerbsvorteil und f\u00f6rdern Innovationen.<\/p>\n<ol>\n<li><strong>Stromlinienf\u00f6rmige Bekleidungsklassifizierung:<\/strong>\u00a0An Kleidungsst\u00fccken angebrachte RFID-Etiketten erm\u00f6glichen die automatisierte Sortierung w\u00e4hrend des Waschens und der Weiterverarbeitung, wodurch der Bedarf an manueller Arbeit reduziert und die Effizienz gesteigert wird.<\/li>\n<li><strong>Genaue Aufzeichnungen der Waschzyklen:<\/strong>\u00a0Die Erfassung von Waschzyklen hilft, die Lebensdauer von Kleidungsst\u00fccken vorherzusagen. Das System benachrichtigt die Nutzer, wenn sich Artikel dem Ende ihrer Lebensdauer n\u00e4hern, und erm\u00f6glicht so eine rechtzeitige Nachbestellung und Bestandsverwaltung.<\/li>\n<li><strong>Schneller \u00dcberblick \u00fcber den Lagerbestand:<\/strong>\u00a0RFID-Etiketten erm\u00f6glichen schnelle Bestandspr\u00fcfungen, helfen so, Verluste oder Diebstahl zu verhindern und die betriebliche Effizienz zu gew\u00e4hrleisten.<\/li>\n<li><strong>Verlust und Diebstahl minimieren:<\/strong>\u00a0Jeder RFID-Tag verf\u00fcgt \u00fcber eine eindeutige Kennung, die eine genaue Verfolgung verlorener oder gestohlener Gegenst\u00e4nde erm\u00f6glicht und somit zur Kostendeckung beitr\u00e4gt.<\/li>\n<\/ol>\n<h2>Funktionsweise von RFID-W\u00e4schechips in industriellen W\u00e4schereien:<\/h2>\n<ul>\n<li><strong>Kennzeichnung und Registrierung:<\/strong>\u00a0Jedem Artikel ist ein RFID-Chip beigef\u00fcgt, der mit einer Datenbank verkn\u00fcpft ist, die seine Details enth\u00e4lt.<\/li>\n<li><strong>Automatisierte Nachverfolgung:<\/strong>\u00a0RFID-Leseger\u00e4te an wichtigen Punkten im W\u00e4schereiprozess erfassen Echtzeitdaten, w\u00e4hrend die W\u00e4schest\u00fccke die Phasen Sammlung, Waschen und Verteilung durchlaufen.<\/li>\n<li><strong>Sortierung und Verarbeitung:<\/strong>\u00a0Das System automatisiert die Sortierung nach Typ oder Kunde und reduziert so die Arbeitskosten.<\/li>\n<li><strong>Bestandsverwaltung:<\/strong>\u00a0Kontinuierliche Datenaktualisierungen liefern Einblicke in Lagerbest\u00e4nde und Nutzungsmuster, gew\u00e4hrleisten die Verf\u00fcgbarkeit und verhindern \u00dcberbest\u00e4nde.<\/li>\n<\/ul>\n<p>Gesamt, <a href=\"https:\/\/rfid-laundry-tag.com\/de\/rfid-chips-for-uniform-and-linen\/\">RFID-Leinenchips<\/a> Optimierung der industriellen W\u00e4schereiabl\u00e4ufe durch verbesserte Nachverfolgung, Effizienz und Verlustpr\u00e4vention.<\/p>","protected":false},"excerpt":{"rendered":"<div class=\"elementor-element elementor-element-4f79c63 e-flex e-con-boxed e-con e-parent e-lazyloaded\" data-id=\"4f79c63\" data-element_type=\"container\" data-settings=\"{&quot;_ha_eqh_enable&quot;:false}\">\n<div class=\"e-con-inner\">\n<div class=\"elementor-element elementor-element-be3873c elementor-widget elementor-widget-woocommerce-product-short-description\" data-id=\"be3873c\" data-element_type=\"widget\" data-widget_type=\"woocommerce-product-short-description.default\">\n<div class=\"elementor-widget-container\">\n<div class=\"woocommerce-product-details__short-description\"><\/div>\n<\/div>\n<\/div>\n<\/div>\n<\/div>\n<div class=\"elementor-element elementor-element-3ad806e e-flex e-con-boxed e-con e-parent e-lazyloaded\" data-id=\"3ad806e\" data-element_type=\"container\" data-settings=\"{&quot;_ha_eqh_enable&quot;:false}\">\n<div class=\"e-con-inner\">\n<div class=\"elementor-element elementor-element-362020f elementor-widget elementor-widget-woocommerce-product-data-tabs\" data-id=\"362020f\" data-element_type=\"widget\" data-widget_type=\"woocommerce-product-data-tabs.default\">\n<div class=\"elementor-widget-container\">\n<div class=\"woocommerce-tabs wc-tabs-wrapper\"><strong>Waschbare UHF-RFID-W\u00e4scheetiketten aus Stoff<\/strong> F\u00fcr Hotels und Krankenh\u00e4user geeignet, 200-300 Mal waschbar, liest Hunderte von Tags gleichzeitig aus 8-12 m Entfernung, ideal f\u00fcr effizientes Tracking.<\/div>\n<\/div>\n<\/div>\n<\/div>\n<\/div>","protected":false},"featured_media":3077,"template":"","meta":{"_kad_post_transparent":"default","_kad_post_title":"","_kad_post_layout":"default","_kad_post_sidebar_id":"","_kad_post_content_style":"default","_kad_post_vertical_padding":"default","_kad_post_feature":"","_kad_post_feature_position":"","_kad_post_header":false,"_kad_post_footer":false,"_kad_post_classname":""},"product_brand":[],"product_cat":[19],"product_tag":[381,378,24,342,339,380,65,368,30,379,374,373],"class_list":{"0":"post-3076","1":"product","2":"type-product","3":"status-publish","4":"has-post-thumbnail","6":"product_cat-textile-rfid-laundry-tag","7":"product_tag-industrial-iot","8":"product_tag-laundry-management","9":"product_tag-laundry-rfid-tags","10":"product_tag-rfid-laundry-tags","11":"product_tag-rfid-washable-tags","12":"product_tag-smart-textile","13":"product_tag-textile-rfid-laundry-tags","14":"product_tag-textile-uhf-rfid-tags-labels","15":"product_tag-uhf-rfid-laundry-tag","16":"product_tag-uniform-management","17":"product_tag-washable-uhf-rfid-labels","18":"product_tag-washable-uhf-rfid-laundry-textile-labels","20":"first","21":"instock","22":"featured","23":"shipping-taxable","24":"product-type-simple","25":"entry","26":"content-bg","27":"loop-entry"},"_links":{"self":[{"href":"https:\/\/rfid-laundry-tag.com\/de\/wp-json\/wp\/v2\/product\/3076","targetHints":{"allow":["GET"]}}],"collection":[{"href":"https:\/\/rfid-laundry-tag.com\/de\/wp-json\/wp\/v2\/product"}],"about":[{"href":"https:\/\/rfid-laundry-tag.com\/de\/wp-json\/wp\/v2\/types\/product"}],"version-history":[{"count":3,"href":"https:\/\/rfid-laundry-tag.com\/de\/wp-json\/wp\/v2\/product\/3076\/revisions"}],"predecessor-version":[{"id":3172,"href":"https:\/\/rfid-laundry-tag.com\/de\/wp-json\/wp\/v2\/product\/3076\/revisions\/3172"}],"wp:featuredmedia":[{"embeddable":true,"href":"https:\/\/rfid-laundry-tag.com\/de\/wp-json\/wp\/v2\/media\/3077"}],"wp:attachment":[{"href":"https:\/\/rfid-laundry-tag.com\/de\/wp-json\/wp\/v2\/media?parent=3076"}],"wp:term":[{"taxonomy":"product_brand","embeddable":true,"href":"https:\/\/rfid-laundry-tag.com\/de\/wp-json\/wp\/v2\/product_brand?post=3076"},{"taxonomy":"product_cat","embeddable":true,"href":"https:\/\/rfid-laundry-tag.com\/de\/wp-json\/wp\/v2\/product_cat?post=3076"},{"taxonomy":"product_tag","embeddable":true,"href":"https:\/\/rfid-laundry-tag.com\/de\/wp-json\/wp\/v2\/product_tag?post=3076"}],"curies":[{"name":"wp","href":"https:\/\/api.w.org\/{rel}","templated":true}]}}