{"id":3074,"date":"2025-12-18T09:36:02","date_gmt":"2025-12-18T09:36:02","guid":{"rendered":"https:\/\/rfid-laundry-tag.com\/?post_type=product&#038;p=3074"},"modified":"2025-12-18T09:36:03","modified_gmt":"2025-12-18T09:36:03","slug":"washable-uhf-rfid-laundry-textile-labels","status":"publish","type":"product","link":"https:\/\/rfid-laundry-tag.com\/de\/washable-uhf-rfid-laundry-textile-labels\/","title":{"rendered":"Waschbare UHF-RFID-W\u00e4sche-Textiletiketten"},"content":{"rendered":"<div class=\"auto-hide-last-sibling-br paragraph_1252f paragraph-element\">\n<h2 class=\"auto-hide-last-sibling-br paragraph_1252f paragraph-element\">Waschbare UHF-RFID-W\u00e4sche-Textiletiketten<\/h2>\n<div><\/div>\n<div data-spm-anchor-id=\"a2700.details.0.i57.23b419c7xXORP0\"><span data-spm-anchor-id=\"a2700.details.0.i75.23b419c7xXORP0\"><b>Besonderheit:<\/b><br \/>\n1) UHF-Technologie zum gleichzeitigen Lesen von Hunderten von Tags.<br \/>\n2) Lesedistanz von mehr als 8 m bis 12 m.<br \/>\n3) Neues mechanisches Design f\u00fcr verbesserte Leistung bei Flachw\u00e4sche.<br \/>\n4) Geeignet f\u00fcr Hochdrucksauger bis 60 bar.<br \/>\n5) Geeignet f\u00fcr die Sterilisation im Autoklav.<br \/>\n6) Kleines, weiches, flexibles Material, ideal f\u00fcr Textilien, Bettw\u00e4sche, Kleidungsst\u00fccke und Accessoires.<\/span><\/div>\n<div data-spm-anchor-id=\"a2700.details.0.i57.23b419c7xXORP0\">\n<div class=\"entry-content-asset videofit\"><iframe title=\"Fabrik f\u00fcr heizbare, selbstklebende UHF-RFID-W\u00e4scheetiketten mit 12 m Lesereichweite getestet\" src=\"https:\/\/www.youtube.com\/embed\/cOnG5fgEIs4?feature=oembed\" width=\"720\" height=\"405\" frameborder=\"0\" allowfullscreen=\"allowfullscreen\" data-mce-fragment=\"1\"><\/iframe><\/div>\n<\/div>\n<\/div>\n<div data-spm-anchor-id=\"a2700.details.0.i57.23b419c7xXORP0\"><\/div>\n<div data-spm-anchor-id=\"a2700.details.0.i57.23b419c7xXORP0\">\n<div class=\"text-content\" data-spm-anchor-id=\"a2700.details.0.i54.23b419c7xXORP0\">\n<table>\n<tbody>\n<tr>\n<td width=\"139\">Produktname<\/td>\n<td width=\"600\">Waschbare UHF-RFID-W\u00e4sche-Textiletiketten<\/td>\n<\/tr>\n<tr>\n<td width=\"139\">Material<\/td>\n<td width=\"600\">Stoff\/Gewebe usw.<\/td>\n<\/tr>\n<tr>\n<td width=\"139\">Chip-Modell<\/td>\n<td width=\"600\">UCODE\u00ae 9<\/td>\n<\/tr>\n<tr>\n<td width=\"139\">Erinnerung<\/td>\n<td width=\"600\">EPC: 96 Bit<\/td>\n<\/tr>\n<tr>\n<td width=\"139\">Protokoll<\/td>\n<td width=\"600\">EPC C1 G2<\/td>\n<\/tr>\n<tr>\n<td width=\"139\">Gr\u00f6\u00dfe<\/td>\n<td width=\"600\">70 x 15 mm, 86 x 16 mm, 50 x 20 mm, 72 x 16 mm, 35 x 15 mm usw.<\/td>\n<\/tr>\n<tr>\n<td width=\"139\">Farbe<\/td>\n<td width=\"600\">Wei\u00df<\/td>\n<\/tr>\n<tr>\n<td width=\"139\">Arbeitszeiten<\/td>\n<td width=\"600\">Im Durchschnitt sind es 200 Mal, manche schaffen es mehr als 300 Mal.<\/td>\n<\/tr>\n<tr>\n<td width=\"139\">Betriebstemperatur<\/td>\n<td width=\"600\">-25\u2103 bis +150\u2103<\/td>\n<\/tr>\n<tr>\n<td width=\"139\">Lesedistanz<\/td>\n<td width=\"600\">3-10M<\/td>\n<\/tr>\n<tr>\n<td width=\"139\">Anwendung<\/td>\n<td width=\"600\">W\u00e4schereil\u00f6sungen, Waschsalon, Industriew\u00e4sche, Hoteltextilienmanagement, Supermarkt-\/Textiliengesch\u00e4ftmanagement usw.<\/td>\n<\/tr>\n<\/tbody>\n<\/table>\n<\/div>\n<\/div>\n<div><\/div>\n<div>\n<p>&nbsp;<\/p>\n<h3>Was sind waschbare UHF-RFID-W\u00e4scheetiketten f\u00fcr Textilien?<\/h3>\n<p>Waschbare RFID-Tags sind eine spezielle Art von\u00a0<strong>RFID-Tag<\/strong>\u00a0Diese Etiketten wurden speziell f\u00fcr W\u00e4scheanwendungen entwickelt.\u00a0<strong>Hochleistungs-RFID-Technologie<\/strong>\u00a0Sie erm\u00f6glichen die pr\u00e4zise Nachverfolgung und Verwaltung von Textilartikeln \u00fcber ihren gesamten Lebenszyklus hinweg. Die aus strapazierf\u00e4higen Materialien gefertigten, waschbaren RFID-Tags sind best\u00e4ndig gegen die Belastungen industrieller W\u00e4schereien, einschlie\u00dflich hoher Temperaturen und wiederholter Waschg\u00e4nge.<\/p>\n<\/div>\n<h3 class=\"wp-block-heading\">Installationsanleitung<\/h3>\n<p><strong>Stichmarkierung<\/strong>: Zum Einn\u00e4hen in den Saum eines Textils. N\u00e4hen Sie das W\u00e4scheetikett abseits der Faltlinien.<br \/>\n<strong>Hei\u00dfsiegel<\/strong>: Wird bei +200 \u00b0C (392 \u00b0F) f\u00fcr 12\u201314 s direkt auf dem Textil hei\u00dfversiegelt.<br \/>\n<strong>Im Beutel<\/strong>: Wird wie ein normales Pflegeetikett aufgen\u00e4ht. N\u00e4hen Sie das W\u00e4scheetikett abseits der Faltlinien auf.<\/p>\n<h2>H\u00e4ufig gestellte Fragen (FAQ) \u2013 Waschbare UHF-RFID-W\u00e4scheetiketten f\u00fcr Textilien<\/h2>\n<p>1. Wie verbessern die waschbaren UHF-RFID-W\u00e4sche-Textiletiketten die Bestandsverwaltung?<br \/>\nDie waschbaren UHF-RFID-W\u00e4scheetiketten erm\u00f6glichen die pr\u00e4zise Nachverfolgung von Kleidungsst\u00fccken und automatisieren so die Bestandsverwaltung. Durch den Einsatz von UCODE\u00ae 9-Chips k\u00f6nnen Unternehmen Standort und Status jedes einzelnen Kleidungsst\u00fccks sofort \u00fcberwachen, die betriebliche Effizienz steigern und manuelle Fehler reduzieren.<\/p>\n<p>2. Wie haltbar sind die waschbaren UHF-RFID-W\u00e4scheetiketten f\u00fcr Textilien?<br \/>\nUnsere waschbaren RFID-Etiketten sind so konzipiert, dass sie bis zu 200 Waschzyklen, in manchen F\u00e4llen sogar \u00fcber 300, \u00fcberstehen. Diese Langlebigkeit gew\u00e4hrleistet, dass die Etiketten w\u00e4hrend der gesamten Lebensdauer des Kleidungsst\u00fccks funktionsf\u00e4hig bleiben und reduziert somit die Ersatzkosten.<\/p>\n<p>3. Was ist der Vorteil der UHF-RFID-Technologie mit gro\u00dfer Reichweite?<br \/>\nMithilfe von UHF-RFID-Tags mit gro\u00dfer Reichweite lassen sich Kleidungsst\u00fccke \u00fcber gr\u00f6\u00dfere Entfernungen verfolgen, was die Bearbeitungszeiten in Umgebungen mit hohem Durchsatz, wie beispielsweise Industriew\u00e4schereien, beschleunigt. Diese Technologie f\u00f6rdert die Automatisierung und verbessert so Servicequalit\u00e4t und betriebliche Produktivit\u00e4t.<\/p>\n<p>4. Wie tr\u00e4gt die RFID-Etikettierung zur L\u00f6sung g\u00e4ngiger Probleme in der W\u00e4schereibranche bei?<br \/>\nRFID-Etiketten reduzieren manuelle Erfassungsfehler, gew\u00e4hrleisten eine pr\u00e4zise Bestandsverwaltung und erh\u00f6hen die Haltbarkeit von Kleidungsst\u00fccken. Durch die Automatisierung der Erfassung k\u00f6nnen Unternehmen Zeit sparen, Verluste minimieren und ihre Rentabilit\u00e4t steigern.<\/p>\n<p>5. Warum sollten Sie sich f\u00fcr Ihre RFID-Tags und nicht f\u00fcr andere entscheiden?<br \/>\nAls einer der Top 5 RFID-Etikettenhersteller mit \u00fcber 15 Jahren Erfahrung bieten wir hochwertige, langlebige L\u00f6sungen, die auf die gro\u00dffl\u00e4chige Verwaltung von Bekleidung zugeschnitten sind und einen kosteneffektiven und effizienten Betrieb gew\u00e4hrleisten.<\/p>","protected":false},"excerpt":{"rendered":"<div class=\"elementor-element elementor-element-4f79c63 e-flex e-con-boxed e-con e-parent e-lazyloaded\" data-id=\"4f79c63\" data-element_type=\"container\" data-settings=\"{&quot;_ha_eqh_enable&quot;:false}\">\n<div class=\"e-con-inner\">\n<div class=\"elementor-element elementor-element-be3873c elementor-widget elementor-widget-woocommerce-product-short-description\" data-id=\"be3873c\" data-element_type=\"widget\" data-widget_type=\"woocommerce-product-short-description.default\">\n<div class=\"elementor-widget-container\">\n<div class=\"woocommerce-product-details__short-description\">\n<p><strong>Waschbare UHF-RFID-W\u00e4sche-Textiletiketten<\/strong>, RFID-W\u00e4scheetiketten, oft auch als RFID-W\u00e4scheetiketten bezeichnet, bestehen aus einer weichen, aber robusten Gummioberfl\u00e4che. Diese Etiketten sind flexibel und widerstandsf\u00e4hig und halten bis zu 200 Waschg\u00e4ngen und einem Druck von bis zu 60 bar stand.<\/p>\n<\/div>\n<\/div>\n<\/div>\n<\/div>\n<\/div>\n<div class=\"elementor-element elementor-element-3ad806e e-flex e-con-boxed e-con e-parent e-lazyloaded\" data-id=\"3ad806e\" data-element_type=\"container\" data-settings=\"{&quot;_ha_eqh_enable&quot;:false}\">\n<div class=\"e-con-inner\">\n<div class=\"elementor-element elementor-element-362020f elementor-widget elementor-widget-woocommerce-product-data-tabs\" data-id=\"362020f\" data-element_type=\"widget\" data-widget_type=\"woocommerce-product-data-tabs.default\">\n<div class=\"elementor-widget-container\">\n<div class=\"woocommerce-tabs wc-tabs-wrapper\"><\/div>\n<\/div>\n<\/div>\n<\/div>\n<\/div>","protected":false},"featured_media":2870,"template":"","meta":{"_kad_post_transparent":"default","_kad_post_title":"","_kad_post_layout":"default","_kad_post_sidebar_id":"","_kad_post_content_style":"default","_kad_post_vertical_padding":"default","_kad_post_feature":"","_kad_post_feature_position":"","_kad_post_header":false,"_kad_post_footer":false,"_kad_post_classname":""},"product_brand":[],"product_cat":[19],"product_tag":[24,342,339,65,368,30,374,373],"class_list":{"0":"post-3074","1":"product","2":"type-product","3":"status-publish","4":"has-post-thumbnail","6":"product_cat-textile-rfid-laundry-tag","7":"product_tag-laundry-rfid-tags","8":"product_tag-rfid-laundry-tags","9":"product_tag-rfid-washable-tags","10":"product_tag-textile-rfid-laundry-tags","11":"product_tag-textile-uhf-rfid-tags-labels","12":"product_tag-uhf-rfid-laundry-tag","13":"product_tag-washable-uhf-rfid-labels","14":"product_tag-washable-uhf-rfid-laundry-textile-labels","16":"first","17":"instock","18":"featured","19":"shipping-taxable","20":"product-type-simple","21":"entry","22":"content-bg","23":"loop-entry"},"_links":{"self":[{"href":"https:\/\/rfid-laundry-tag.com\/de\/wp-json\/wp\/v2\/product\/3074","targetHints":{"allow":["GET"]}}],"collection":[{"href":"https:\/\/rfid-laundry-tag.com\/de\/wp-json\/wp\/v2\/product"}],"about":[{"href":"https:\/\/rfid-laundry-tag.com\/de\/wp-json\/wp\/v2\/types\/product"}],"version-history":[{"count":1,"href":"https:\/\/rfid-laundry-tag.com\/de\/wp-json\/wp\/v2\/product\/3074\/revisions"}],"predecessor-version":[{"id":3075,"href":"https:\/\/rfid-laundry-tag.com\/de\/wp-json\/wp\/v2\/product\/3074\/revisions\/3075"}],"wp:featuredmedia":[{"embeddable":true,"href":"https:\/\/rfid-laundry-tag.com\/de\/wp-json\/wp\/v2\/media\/2870"}],"wp:attachment":[{"href":"https:\/\/rfid-laundry-tag.com\/de\/wp-json\/wp\/v2\/media?parent=3074"}],"wp:term":[{"taxonomy":"product_brand","embeddable":true,"href":"https:\/\/rfid-laundry-tag.com\/de\/wp-json\/wp\/v2\/product_brand?post=3074"},{"taxonomy":"product_cat","embeddable":true,"href":"https:\/\/rfid-laundry-tag.com\/de\/wp-json\/wp\/v2\/product_cat?post=3074"},{"taxonomy":"product_tag","embeddable":true,"href":"https:\/\/rfid-laundry-tag.com\/de\/wp-json\/wp\/v2\/product_tag?post=3074"}],"curies":[{"name":"wp","href":"https:\/\/api.w.org\/{rel}","templated":true}]}}