{"id":306,"date":"2024-06-26T17:00:48","date_gmt":"2024-06-26T17:00:48","guid":{"rendered":"https:\/\/rfid-laundry-tag.com\/?post_type=product&#038;p=306"},"modified":"2024-06-26T17:08:25","modified_gmt":"2024-06-26T17:08:25","slug":"mifare-1k-rfid-patrol-disc-tag","status":"publish","type":"product","link":"https:\/\/rfid-laundry-tag.com\/de\/mifare-1k-rfid-patrol-disc-tag\/","title":{"rendered":"Mifare 1k RFID Patrol Disc-Tag"},"content":{"rendered":"<h2>Mifare 1k RFID Patrol Disc-Tag<\/h2>\n<h2>Robuster 13,56-MHz-Tag zur Anlagenverfolgung<\/h2>\n<p>Dieses schwarze ABS-Scheibenetikett ist eine zuverl\u00e4ssige Wahl f\u00fcr die Anlagenverfolgung und bietet ein robustes Design f\u00fcr anspruchsvolle Umgebungen.<\/p>\n<p><strong>Anpassung:<\/strong><\/p>\n<ul>\n<li>Wir bieten individuellen Siebdruck mit Ihren Angaben an. Kontaktieren Sie uns bez\u00fcglich Preis und Verf\u00fcgbarkeit.<\/li>\n<\/ul>\n<p><strong>Merkmale:<\/strong><\/p>\n<ul>\n<li><strong>Durchmesser:<\/strong>\u00a030 mm<\/li>\n<li><strong>Dicke:<\/strong>\u00a02,3 mm (+\/- 0,1 mm)<\/li>\n<li><strong>Loch:<\/strong>\u00a03,3 mm (+\/- 0,1 mm)<\/li>\n<li><strong>Material:<\/strong>\u00a0ABS, Ultraschallgeschwei\u00dft<\/li>\n<li><strong>Gewicht:<\/strong>\u00a02,0 g<\/li>\n<li><strong>Betriebstemperatur:<\/strong>\u00a0-25\u00b0C bis +70\u00b0C<\/li>\n<li><strong>Empfindlichkeit:<\/strong>\u00a027\u00a0Mikrot. RMS bei RT f\u00fcr Lesemodus bei 125\u00a0kHz<\/li>\n<\/ul>\n<p><strong>Mifare 1k S50 Classic \/ ISO14443A Eigenschaften:<\/strong><\/p>\n<ul>\n<li><strong>Betriebsfrequenz:<\/strong>\u00a013,56 MHz<\/li>\n<li><strong>Erinnerung:<\/strong>\u00a01 KB EEPROM Lesen\/Schreiben, organisiert als 16 Sektoren mit je 4 Bl\u00f6cken (je 16 Bytes)<\/li>\n<li><strong>Typische Transaktionszeit:<\/strong>\u00a0&lt;100 ms<\/li>\n<li><strong>Feste Seriennummer:<\/strong>\u00a0Eindeutig, 4 Byte<\/li>\n<li><strong>Ausdauer schreiben:<\/strong>\u00a0Mindestens 100.000 Zyklen<\/li>\n<\/ul>","protected":false},"excerpt":{"rendered":"<p>Dieses robuste schwarze ABS-Scheibenetikett ist Teil einer Reihe passiver, kontaktloser Transponder, die f\u00fcr eine zuverl\u00e4ssige Anlagenverfolgung entwickelt wurden. Die Etiketten verwenden einen Hochfrequenztransponder, der dem Mifare 1k S50 Classic \/ ISO14443A-Standard entspricht, und enthalten eine eindeutige 4-Byte-Identifikationsnummer.<\/p>","protected":false},"featured_media":307,"template":"","meta":{"_kad_post_transparent":"default","_kad_post_title":"","_kad_post_layout":"default","_kad_post_sidebar_id":"","_kad_post_content_style":"default","_kad_post_vertical_padding":"default","_kad_post_feature":"","_kad_post_feature_position":"","_kad_post_header":false,"_kad_post_footer":false,"_kad_post_classname":""},"product_brand":[],"product_cat":[54],"product_tag":[125,126],"class_list":{"0":"post-306","1":"product","2":"type-product","3":"status-publish","4":"has-post-thumbnail","6":"product_cat-hot-selling-rfid-tags","7":"product_tag-mifare-1k-rfid-patrol-disc-tag","8":"product_tag-rfid-patrol-disc-tag","10":"first","11":"instock","12":"shipping-taxable","13":"product-type-simple","14":"entry","15":"content-bg","16":"loop-entry"},"_links":{"self":[{"href":"https:\/\/rfid-laundry-tag.com\/de\/wp-json\/wp\/v2\/product\/306","targetHints":{"allow":["GET"]}}],"collection":[{"href":"https:\/\/rfid-laundry-tag.com\/de\/wp-json\/wp\/v2\/product"}],"about":[{"href":"https:\/\/rfid-laundry-tag.com\/de\/wp-json\/wp\/v2\/types\/product"}],"version-history":[{"count":0,"href":"https:\/\/rfid-laundry-tag.com\/de\/wp-json\/wp\/v2\/product\/306\/revisions"}],"wp:featuredmedia":[{"embeddable":true,"href":"https:\/\/rfid-laundry-tag.com\/de\/wp-json\/wp\/v2\/media\/307"}],"wp:attachment":[{"href":"https:\/\/rfid-laundry-tag.com\/de\/wp-json\/wp\/v2\/media?parent=306"}],"wp:term":[{"taxonomy":"product_brand","embeddable":true,"href":"https:\/\/rfid-laundry-tag.com\/de\/wp-json\/wp\/v2\/product_brand?post=306"},{"taxonomy":"product_cat","embeddable":true,"href":"https:\/\/rfid-laundry-tag.com\/de\/wp-json\/wp\/v2\/product_cat?post=306"},{"taxonomy":"product_tag","embeddable":true,"href":"https:\/\/rfid-laundry-tag.com\/de\/wp-json\/wp\/v2\/product_tag?post=306"}],"curies":[{"name":"wp","href":"https:\/\/api.w.org\/{rel}","templated":true}]}}