{"id":302,"date":"2024-06-26T16:45:35","date_gmt":"2024-06-26T16:45:35","guid":{"rendered":"https:\/\/rfid-laundry-tag.com\/?post_type=product&#038;p=302"},"modified":"2024-06-26T16:49:46","modified_gmt":"2024-06-26T16:49:46","slug":"on-duty-ntag213-nfc-patrol-tag","status":"publish","type":"product","link":"https:\/\/rfid-laundry-tag.com\/de\/on-duty-ntag213-nfc-patrol-tag\/","title":{"rendered":"Im Einsatz Ntag213 NFC Patrol Tag"},"content":{"rendered":"<p><strong>Im Einsatz Ntag213 NFC Patrol Tag<\/strong><\/p>\n<p>NTAG213, NTAG215 und NTAG216 wurden von NXP Semiconductors als Standard-NFC-Tag-ICs f\u00fcr den Einsatz in Massenmarktanwendungen wie Einzelhandel, Gaming und Unterhaltungselektronik in Kombination mit NFC-Ger\u00e4ten oder NFC-kompatiblen Proximity-Kopplungsger\u00e4ten entwickelt. NTAG213, NTAG215 und NTAG216 (von nun an allgemein als NTAG21x bezeichnet) sind so konzipiert, dass sie den Spezifikationen NFC Forum Type 2 Tag und ISO\/IEC14443 Type A vollst\u00e4ndig entsprechen.<\/p>\n<table class=\"hight-light-first-column all magic-11\">\n<tbody>\n<tr>\n<td colspan=\"1\" rowspan=\"1\">\n<div class=\"magic-12\" data-spm-anchor-id=\"a2700.details.0.i57.12287cd6Tl6d8d\">Gr\u00f6\u00dfe<\/div>\n<\/td>\n<td colspan=\"4\" rowspan=\"1\">\n<div class=\"magic-13\">Durchmesser 25 mm<\/div>\n<\/td>\n<\/tr>\n<tr>\n<td colspan=\"1\" rowspan=\"1\">\n<div class=\"magic-12\">Farbe<\/div>\n<\/td>\n<td colspan=\"4\" rowspan=\"1\">\n<div class=\"magic-16\">Schwarz, Wei\u00df, Gelb, Rot oder benutzerdefiniert<\/div>\n<\/td>\n<\/tr>\n<tr>\n<td colspan=\"1\" rowspan=\"1\">\n<div class=\"magic-12\">Chip<\/div>\n<\/td>\n<td colspan=\"4\" rowspan=\"1\">\n<div class=\"magic-13\">NTAG213, NTAG215, NTAG216<\/div>\n<\/td>\n<\/tr>\n<tr>\n<td colspan=\"1\" rowspan=\"1\">\n<div class=\"magic-12\">Frequenz<\/div>\n<\/td>\n<td colspan=\"4\" rowspan=\"1\">\n<div class=\"magic-13\">13,56 MHz<\/div>\n<\/td>\n<\/tr>\n<tr>\n<td colspan=\"1\" rowspan=\"1\">\n<div class=\"magic-12\">Protokoll<\/div>\n<\/td>\n<td colspan=\"4\" rowspan=\"1\">\n<div class=\"magic-13\">ISO14443A, NFC-Forum Typ 2<\/div>\n<\/td>\n<\/tr>\n<tr>\n<td colspan=\"1\" rowspan=\"1\">\n<div class=\"magic-12\">Material<\/div>\n<\/td>\n<td colspan=\"4\" rowspan=\"1\">\n<div class=\"magic-13\">ABS<\/div>\n<\/td>\n<\/tr>\n<tr>\n<td colspan=\"1\" rowspan=\"1\">\n<div class=\"magic-12\">Betriebstemperatur<\/div>\n<\/td>\n<td colspan=\"4\" rowspan=\"1\">\n<div class=\"magic-13\">-20 bis 85 Grad C<\/div>\n<\/td>\n<\/tr>\n<tr>\n<td colspan=\"1\" rowspan=\"1\">\n<div class=\"magic-12\">Anwendung<\/div>\n<\/td>\n<td colspan=\"4\" rowspan=\"1\">\n<div class=\"magic-16\">W\u00e4schekette, aggressive Chemikalien, Zahlungsger\u00e4t, Einsatz im Freien, Chemie, Industrie, Logistik, Streifendienst, Mitgliedschaft, Versandbeh\u00e4lter, Paletten usw.<\/div>\n<\/td>\n<\/tr>\n<tr>\n<td colspan=\"1\" rowspan=\"1\">\n<div class=\"magic-12\">Wasserdichtigkeit<\/div>\n<\/td>\n<td colspan=\"4\" rowspan=\"1\">\n<div class=\"magic-16\">IP67<\/div>\n<\/td>\n<\/tr>\n<tr>\n<td colspan=\"1\" rowspan=\"1\">\n<div class=\"magic-12\">Lesebereich<\/div>\n<\/td>\n<td colspan=\"4\" rowspan=\"1\">\n<div class=\"magic-16\">5-10cm, abh\u00e4ngig vom Leseger\u00e4t<\/div>\n<\/td>\n<\/tr>\n<tr>\n<td colspan=\"1\" rowspan=\"1\">\n<div class=\"magic-12\">Handwerk<\/div>\n<\/td>\n<td colspan=\"4\" rowspan=\"1\">\n<div class=\"magic-16\">Lasergravierte Seriennummer, Barcode usw.<\/div>\n<\/td>\n<\/tr>\n<tr>\n<td colspan=\"1\" rowspan=\"1\">\n<div class=\"magic-12\">Montage<\/div>\n<\/td>\n<td colspan=\"4\" rowspan=\"1\">\n<div class=\"magic-16\">Durch Kleben, Schrauben oder Nieten<\/div>\n<\/td>\n<\/tr>\n<\/tbody>\n<\/table>\n<h2>On Duty NTAG213 NFC Patrol Tag-Anwendungen<\/h2>\n<p>Der On Duty NTAG213 NFC Patrol Tag ist ein vielseitiges Tool zur Verbesserung von Sicherheit, Effizienz und Tracking in verschiedenen Anwendungen. Hier einige Beispiele:<\/p>\n<p><strong>Sicherheit und Zugangskontrolle:<\/strong><\/p>\n<ul>\n<li><strong>Streifenwache:<\/strong>\u00a0Den einzelnen Sicherheitsbeamten k\u00f6nnen Tags zugewiesen werden, sodass ihr Standort und ihre Aktivit\u00e4ten in Echtzeit verfolgt werden k\u00f6nnen. Dies hilft dabei, Patrouillenrouten zu \u00fcberwachen, zeitnahe Reaktionen sicherzustellen und an bestimmten Kontrollpunkten einen Anwesenheitsnachweis zu erbringen.<\/li>\n<li><strong>Zugriffskontrolle:<\/strong>\u00a0Integriert in ein NFC-Lesesystem k\u00f6nnen die Tags je nach Benutzeridentit\u00e4t und Autorisierungsstufen den Zugang zu bestimmten Bereichen oder Ressourcen gew\u00e4hren oder verweigern. Dies erh\u00f6ht die Sicherheit und verhindert unbefugten Zutritt.<\/li>\n<li><strong>Anlagenverfolgung:<\/strong>\u00a0Bringen Sie Tags an wertvollen Ger\u00e4ten oder Verm\u00f6genswerten an, um deren Standort, Bewegung und Nutzung zu \u00fcberwachen. Dies hilft, Diebstahl zu verhindern, die Bestandsverwaltung zu optimieren und Wartungspl\u00e4ne f\u00fcr Ger\u00e4te zu verfolgen.<\/li>\n<\/ul>\n<p><strong>Arbeitsablauf und Effizienz:<\/strong><\/p>\n<ul>\n<li><strong>Auftragsverfolgung:<\/strong>\u00a0Mithilfe von Tags k\u00f6nnen Arbeitsauftr\u00e4ge aufgezeichnet und verfolgt werden. Sie bieten Statusaktualisierungen in Echtzeit und erm\u00f6glichen ein effizientes Workflow-Management.<\/li>\n<li><strong>Zeiterfassung und Anwesenheit:<\/strong>\u00a0Integrieren Sie Tags mit NFC-f\u00e4higen Zeituhren, um die Ankunfts- und Abfahrtszeiten der Mitarbeiter aufzuzeichnen. So verbessern Sie die Genauigkeit und vermeiden manuelle Zeiterfassungsfehler.<\/li>\n<li><strong>Bestandsverwaltung:<\/strong>\u00a0Bringen Sie Etiketten an Lagergegenst\u00e4nden an, um die Lagerverwaltung zu automatisieren. So wird das manuelle Z\u00e4hlen reduziert und ein Echtzeit-\u00dcberblick \u00fcber die Lagerbest\u00e4nde gegeben.<\/li>\n<\/ul>\n<p><strong>Andere Anwendungen:<\/strong><\/p>\n<ul>\n<li><strong>Ticketverkauf f\u00fcr die Veranstaltung:<\/strong>\u00a0Tags k\u00f6nnen als Veranstaltungstickets dienen, f\u00fcr die Zugangskontrolle sorgen, den Teilnehmern Zugriff auf exklusive Inhalte gew\u00e4hren und reibungslose Transaktionen erm\u00f6glichen.<\/li>\n<li><strong>Treueprogramme:<\/strong>\u00a0Integrieren Sie Tags in Treueprogramme, um treuen Kunden personalisierte Pr\u00e4mien, Rabatte und exklusive Vorteile anzubieten.<\/li>\n<li><strong>Datenspeicherung:<\/strong>\u00a0Im Speicher des Tags k\u00f6nnen Informationen wie Produktspezifikationen, Wartungsaufzeichnungen oder Produktherkunft gespeichert werden. Dies erm\u00f6glicht einen einfachen Zugriff auf relevante Daten \u00fcber NFC-f\u00e4hige Ger\u00e4te.<\/li>\n<\/ul>\n<p><strong>Vorteile der Verwendung von NTAG213 NFC Patrol Tags:<\/strong><\/p>\n<ul>\n<li><strong>Verbesserte Sicherheit:<\/strong>\u00a0Verbesserte Kontrolle \u00fcber Zugriff, Anlagenverfolgung und Mitarbeiteraktivit\u00e4ten.<\/li>\n<li><strong>Verbesserte Effizienz:<\/strong>\u00a0Optimierte Arbeitsabl\u00e4ufe, automatisierte Datenerfassung und weniger manuelle Prozesse.<\/li>\n<li><strong>Echtzeit-Tracking:<\/strong>\u00a0St\u00e4ndige \u00dcberwachung von Verm\u00f6genswerten, Personal und Aktivit\u00e4ten.<\/li>\n<li><strong>Kosteneffizienz:<\/strong>\u00a0Reduziert die Abh\u00e4ngigkeit von manuellen Prozessen und spart potenziell Zeit und Ressourcen.<\/li>\n<li><strong>Benutzerfreundlich:<\/strong>\u00a0Einfache Integration in bestehende Systeme und benutzerfreundliche Interaktion \u00fcber NFC-f\u00e4hige Ger\u00e4te.<\/li>\n<\/ul>\n<p><strong>Insgesamt bietet der NTAG213 NFC Patrol Tag eine robuste und vielseitige L\u00f6sung f\u00fcr eine breite Palette von Anwendungen, die es Unternehmen erm\u00f6glicht, die Sicherheit zu verbessern, Arbeitsabl\u00e4ufe zu optimieren und die Betriebseffizienz zu steigern.<\/strong><\/p>","protected":false},"excerpt":{"rendered":"<p>Im Einsatz Ntag213 NFC Patrol Tag: Normale NFC-Tags funktionieren nicht gut auf Metalloberfl\u00e4chen. Dies liegt daran, dass Metall die elektromagnetischen Signale st\u00f6rt, die zur Kommunikation verwendet werden. Eine neue Generation von Tags, genannt <strong>On-Metal NFC-Tags<\/strong>, l\u00f6st dieses Problem. Diese Tags sind speziell daf\u00fcr entwickelt, auf Metall oder anderen leitf\u00e4higen Materialien einwandfrei zu funktionieren. Sie stellen einen Durchbruch f\u00fcr NFC-Anwendungen in Umgebungen dar, in denen viel Metall vorhanden ist.<\/p>","protected":false},"featured_media":303,"template":"","meta":{"_kad_post_transparent":"default","_kad_post_title":"","_kad_post_layout":"default","_kad_post_sidebar_id":"","_kad_post_content_style":"default","_kad_post_vertical_padding":"default","_kad_post_feature":"","_kad_post_feature_position":"","_kad_post_header":false,"_kad_post_footer":false,"_kad_post_classname":""},"product_brand":[],"product_cat":[54],"product_tag":[118,123],"class_list":{"0":"post-302","1":"product","2":"type-product","3":"status-publish","4":"has-post-thumbnail","6":"product_cat-hot-selling-rfid-tags","7":"product_tag-anti-metal-nfc-patrol-tag","8":"product_tag-on-duty-ntag213-nfc-patrol-tag","10":"first","11":"instock","12":"shipping-taxable","13":"product-type-simple","14":"entry","15":"content-bg","16":"loop-entry"},"_links":{"self":[{"href":"https:\/\/rfid-laundry-tag.com\/de\/wp-json\/wp\/v2\/product\/302","targetHints":{"allow":["GET"]}}],"collection":[{"href":"https:\/\/rfid-laundry-tag.com\/de\/wp-json\/wp\/v2\/product"}],"about":[{"href":"https:\/\/rfid-laundry-tag.com\/de\/wp-json\/wp\/v2\/types\/product"}],"version-history":[{"count":0,"href":"https:\/\/rfid-laundry-tag.com\/de\/wp-json\/wp\/v2\/product\/302\/revisions"}],"wp:featuredmedia":[{"embeddable":true,"href":"https:\/\/rfid-laundry-tag.com\/de\/wp-json\/wp\/v2\/media\/303"}],"wp:attachment":[{"href":"https:\/\/rfid-laundry-tag.com\/de\/wp-json\/wp\/v2\/media?parent=302"}],"wp:term":[{"taxonomy":"product_brand","embeddable":true,"href":"https:\/\/rfid-laundry-tag.com\/de\/wp-json\/wp\/v2\/product_brand?post=302"},{"taxonomy":"product_cat","embeddable":true,"href":"https:\/\/rfid-laundry-tag.com\/de\/wp-json\/wp\/v2\/product_cat?post=302"},{"taxonomy":"product_tag","embeddable":true,"href":"https:\/\/rfid-laundry-tag.com\/de\/wp-json\/wp\/v2\/product_tag?post=302"}],"curies":[{"name":"wp","href":"https:\/\/api.w.org\/{rel}","templated":true}]}}