{"id":299,"date":"2024-06-26T15:49:09","date_gmt":"2024-06-26T15:49:09","guid":{"rendered":"https:\/\/rfid-laundry-tag.com\/?post_type=product&#038;p=299"},"modified":"2024-06-26T15:49:09","modified_gmt":"2024-06-26T15:49:09","slug":"uhf-industrial-on-metal-rfid-tags","status":"publish","type":"product","link":"https:\/\/rfid-laundry-tag.com\/de\/uhf-industrial-on-metal-rfid-tags\/","title":{"rendered":"UHF-industrielle On-Metal-RFID-Tags"},"content":{"rendered":"<table class=\"has-title all magic-4\">\n<tbody>\n<tr>\n<td colspan=\"1\" rowspan=\"1\">\n<div class=\"magic-5\" data-spm-anchor-id=\"a2700.details.0.i63.6b4c1284UGSrnr\">Material<\/div>\n<\/td>\n<td colspan=\"1\" rowspan=\"1\">\n<div class=\"magic-6\">ABS<\/div>\n<\/td>\n<\/tr>\n<tr>\n<td colspan=\"1\" rowspan=\"1\">\n<div class=\"magic-5\">Gr\u00f6\u00dfe<\/div>\n<\/td>\n<td colspan=\"1\" rowspan=\"1\">\n<div class=\"magic-6\">78x31x10mm oder individuell<\/div>\n<\/td>\n<\/tr>\n<tr>\n<td colspan=\"1\" rowspan=\"1\">\n<div class=\"magic-5\">Frequenz<\/div>\n<\/td>\n<td colspan=\"1\" rowspan=\"1\">\n<div class=\"magic-6\">860-960 MHz<\/div>\n<\/td>\n<\/tr>\n<tr>\n<td colspan=\"1\" rowspan=\"1\">\n<div class=\"magic-5\">IC-Typ (Chip)<\/div>\n<\/td>\n<td colspan=\"1\" rowspan=\"1\">\n<div class=\"magic-6\">Impinj Monza R6P<\/div>\n<\/td>\n<\/tr>\n<tr>\n<td colspan=\"1\" rowspan=\"1\">\n<div class=\"magic-5\">Protokoll<\/div>\n<\/td>\n<td colspan=\"1\" rowspan=\"1\">\n<div class=\"magic-6\" data-spm-anchor-id=\"a2700.details.0.i64.6b4c1284UGSrnr\">EPC Global Klasse 1 Gen2 und ISO18000-6C<\/div>\n<\/td>\n<\/tr>\n<tr>\n<td colspan=\"1\" rowspan=\"1\">\n<div class=\"magic-7\">Erinnerung<\/div>\n<\/td>\n<td colspan=\"1\" rowspan=\"1\">\n<div class=\"magic-6\">EPC 128 Bit, Benutzer 32 Bit<\/div>\n<\/td>\n<\/tr>\n<tr>\n<td colspan=\"1\" rowspan=\"1\">\n<div class=\"magic-5\">Tag-Formfaktor<\/div>\n<\/td>\n<td colspan=\"1\" rowspan=\"1\">\n<div class=\"magic-6\">Hartes Tag<\/div>\n<\/td>\n<\/tr>\n<tr>\n<td colspan=\"1\" rowspan=\"1\">\n<div class=\"magic-5\">Befestigungsmethode<\/div>\n<\/td>\n<td colspan=\"1\" rowspan=\"1\">\n<div class=\"magic-6\">Schraubbefestigung, Folienklebung<\/div>\n<\/td>\n<\/tr>\n<tr>\n<td colspan=\"1\" rowspan=\"1\">\n<div class=\"magic-5\">Betriebstemperatur<\/div>\n<\/td>\n<td colspan=\"1\" rowspan=\"1\">\n<div class=\"magic-6\">-35 \u00b0C \/ +90 \u00b0C<\/div>\n<\/td>\n<\/tr>\n<tr>\n<td colspan=\"1\" rowspan=\"1\">\n<div class=\"magic-5\">Lesedistanz<\/div>\n<\/td>\n<td colspan=\"1\" rowspan=\"1\">\n<div class=\"magic-6\">Bis zu 10 m<\/div>\n<\/td>\n<\/tr>\n<tr>\n<td colspan=\"1\" rowspan=\"1\">\n<div class=\"magic-8\">Anwendbare Oberfl\u00e4chenmaterialien<\/div>\n<\/td>\n<td colspan=\"1\" rowspan=\"1\">\n<div class=\"magic-6\">Metallische und nichtmetallische Substrate<\/div>\n<\/td>\n<\/tr>\n<tr>\n<td colspan=\"1\" rowspan=\"1\">\n<div class=\"magic-7\">IP-Bewertung<\/div>\n<\/td>\n<td colspan=\"1\" rowspan=\"1\">\n<div class=\"magic-6\">IP68<\/div>\n<\/td>\n<\/tr>\n<tr>\n<td colspan=\"1\" rowspan=\"1\">\n<div class=\"magic-7\">Anwendung<\/div>\n<\/td>\n<td colspan=\"1\" rowspan=\"1\">\n<div class=\"magic-6\" data-spm-anchor-id=\"a2700.details.0.i62.6b4c1284UGSrnr\">F\u00fcr Anlagen, Schwerindustrie und den Au\u00dfeneinsatz<\/div>\n<\/td>\n<\/tr>\n<\/tbody>\n<\/table>\n<p>&nbsp;<\/p>\n<h2>UHF-RFID-Tags f\u00fcr industrielle Umgebungen<\/h2>\n<p><strong>Merkmale:<\/strong><\/p>\n<ul>\n<li><strong>Kompatibilit\u00e4t mit Industriestandard:<\/strong>\u00a0Entspricht dem Standard ISO18000-6C (EPC C1G2) und gew\u00e4hrleistet eine nahtlose Integration mit vorhandenen UHF-RFID-Systemen.<\/li>\n<li><strong>Universelle Oberfl\u00e4chenkompatibilit\u00e4t:<\/strong>\u00a0Sie k\u00f6nnen an unterschiedlichen Oberfl\u00e4chen wie Metall, Kunststoff und sogar Fl\u00fcssigkeiten befestigt werden und sind daher ideal f\u00fcr zahlreiche Anwendungen.<\/li>\n<li><strong>\u00dcberlegene Haltbarkeit:<\/strong>\u00a0Die Schutzart IP68 bietet au\u00dfergew\u00f6hnlichen Schutz gegen das Eindringen von Staub und Wasser und gew\u00e4hrleistet einen zuverl\u00e4ssigen Betrieb auch in anspruchsvollen Umgebungen.<\/li>\n<li><strong>Kompromisslose Leistung:<\/strong>\u00a0Das Ger\u00e4t ist wasserdicht und kollisionssicher und garantiert selbst unter anspruchsvollen Bedingungen genaue und konsistente Messwerte.<\/li>\n<\/ul>\n<p><strong>Anwendungen:<\/strong><\/p>\n<ul>\n<li><strong>Verm\u00f6gensverwaltung:<\/strong>\u00a0Verfolgen Sie den Standort und Status wertvoller Ger\u00e4te und Anlagen.<\/li>\n<li><strong>Optimierung der Lieferkette:<\/strong>\u00a0Optimieren Sie Logistik- und Automobilprozesse durch die effektive Verfolgung von Lagerbest\u00e4nden, Fahrzeugen und Teilen.<\/li>\n<li><strong>Produktionseffizienz:<\/strong>\u00a0Optimieren Sie Herstellungsprozesse und \u00fcberwachen Sie die Produktivit\u00e4t der Mitarbeiter, um die Effizienz zu steigern.<\/li>\n<li><strong>Ressourcenmanagement und Sicherheit:<\/strong>\u00a0Erm\u00f6glichen Sie eine zuverl\u00e4ssige Verfolgung von Ger\u00e4ten und Ressourcen in anspruchsvollen Umgebungen wie der \u00d6l- und Gasindustrie sowie dem Bergbau und erh\u00f6hen Sie gleichzeitig die Sicherheit der Arbeiter.<\/li>\n<\/ul>\n<p><strong>Vorteile:<\/strong><\/p>\n<ul>\n<li><strong>Genaue Daten in Echtzeit:<\/strong>\u00a0Erhalten Sie unmittelbare Einblicke in die Betriebsabl\u00e4ufe und treffen Sie so fundiertere Entscheidungen.<\/li>\n<li><strong>Verbesserte Bestandskontrolle:<\/strong>\u00a0Minimieren Sie Verluste und Abfall, indem Sie die umfassende Transparenz Ihrer Anlagen aufrechterhalten.<\/li>\n<li><strong>Optimierte Abl\u00e4ufe:<\/strong>\u00a0Optimieren Sie Arbeitsabl\u00e4ufe und minimieren Sie Ausfallzeiten f\u00fcr eine verbesserte Effizienz.<\/li>\n<li><strong>Erh\u00f6hte Sicherheit:<\/strong>\u00a0Identifizieren Sie potenzielle Risiken und sch\u00fctzen Sie Arbeitnehmer in anspruchsvollen Umgebungen.<\/li>\n<\/ul>","protected":false},"excerpt":{"rendered":"<p>Der ABS RFID-Tag ist ein passiver UHF-RFID-Tag mit gro\u00dfer Reichweite, der auf, von und in der N\u00e4he von Metalloberfl\u00e4chen gelesen werden kann. Er ist in einem kleinen Formfaktor konzipiert und verf\u00fcgt \u00fcber eine langlebige, wasserdichte Kapselung f\u00fcr den langfristigen Einsatz im Au\u00dfenbereich und in industriellen Umgebungen.<\/p>","protected":false},"featured_media":300,"template":"","meta":{"_kad_post_transparent":"default","_kad_post_title":"","_kad_post_layout":"default","_kad_post_sidebar_id":"","_kad_post_content_style":"default","_kad_post_vertical_padding":"default","_kad_post_feature":"","_kad_post_feature_position":"","_kad_post_header":false,"_kad_post_footer":false,"_kad_post_classname":""},"product_brand":[],"product_cat":[54],"product_tag":[122,121],"class_list":{"0":"post-299","1":"product","2":"type-product","3":"status-publish","4":"has-post-thumbnail","6":"product_cat-hot-selling-rfid-tags","7":"product_tag-on-metal-rfid-tags","8":"product_tag-uhf-industrial-on-metal-rfid-tags","10":"first","11":"instock","12":"shipping-taxable","13":"product-type-simple","14":"entry","15":"content-bg","16":"loop-entry"},"_links":{"self":[{"href":"https:\/\/rfid-laundry-tag.com\/de\/wp-json\/wp\/v2\/product\/299","targetHints":{"allow":["GET"]}}],"collection":[{"href":"https:\/\/rfid-laundry-tag.com\/de\/wp-json\/wp\/v2\/product"}],"about":[{"href":"https:\/\/rfid-laundry-tag.com\/de\/wp-json\/wp\/v2\/types\/product"}],"version-history":[{"count":0,"href":"https:\/\/rfid-laundry-tag.com\/de\/wp-json\/wp\/v2\/product\/299\/revisions"}],"wp:featuredmedia":[{"embeddable":true,"href":"https:\/\/rfid-laundry-tag.com\/de\/wp-json\/wp\/v2\/media\/300"}],"wp:attachment":[{"href":"https:\/\/rfid-laundry-tag.com\/de\/wp-json\/wp\/v2\/media?parent=299"}],"wp:term":[{"taxonomy":"product_brand","embeddable":true,"href":"https:\/\/rfid-laundry-tag.com\/de\/wp-json\/wp\/v2\/product_brand?post=299"},{"taxonomy":"product_cat","embeddable":true,"href":"https:\/\/rfid-laundry-tag.com\/de\/wp-json\/wp\/v2\/product_cat?post=299"},{"taxonomy":"product_tag","embeddable":true,"href":"https:\/\/rfid-laundry-tag.com\/de\/wp-json\/wp\/v2\/product_tag?post=299"}],"curies":[{"name":"wp","href":"https:\/\/api.w.org\/{rel}","templated":true}]}}