{"id":2961,"date":"2025-11-22T13:55:10","date_gmt":"2025-11-22T13:55:10","guid":{"rendered":"https:\/\/rfid-laundry-tag.com\/?post_type=product&#038;p=2961"},"modified":"2025-11-22T13:55:11","modified_gmt":"2025-11-22T13:55:11","slug":"laundry-rfid-tags-top-5-manufacturer","status":"publish","type":"product","link":"https:\/\/rfid-laundry-tag.com\/de\/laundry-rfid-tags-top-5-manufacturer\/","title":{"rendered":"RFID-Etiketten f\u00fcr W\u00e4schereien: Top 5 Hersteller"},"content":{"rendered":"<p><a href=\"https:\/\/rfid-laundry-tag.com\/de\/uhf-rfid-laundry-tags\/\"><strong>RFID-Tags f\u00fcr W\u00e4sche<\/strong><\/a>\u00a0Sie stellen eine innovative L\u00f6sung f\u00fcr die Verfolgung und Verwaltung von Textilien \u00fcber ihren gesamten Lebenszyklus dar. Diese robusten und flexiblen RFID-Transponder bestehen aus einem hitze-, druck- und dehnungsbest\u00e4ndigen Material und eignen sich daher ideal zur \u00dcberwachung von Artikeln wie Arbeitskleidung, Uniformen und Bettw\u00e4sche. Ausgestattet mit einer eindeutigen Kennung erm\u00f6glichen diese RFID-Transponder f\u00fcr Textilien eine ber\u00fchrungslose W\u00e4scheverwaltung und verbessern die digitale Transparenz. In Kombination mit IT-Managementsystemen erm\u00f6glicht die RFID-Technologie die l\u00fcckenlose Verfolgung von Textilien von der Schmutzannahme \u00fcber die W\u00e4sche bis hin zur Auslieferung.<\/p>\n<table class=\"has-title is-zebra hight-light-first-column all magic-19\">\n<tbody>\n<tr>\n<td colspan=\"1\" rowspan=\"1\">\n<div class=\"magic-20\"><strong><span class=\"magic-21\">Artikel<\/span><\/strong><\/div>\n<\/td>\n<td colspan=\"1\" rowspan=\"1\">\n<div class=\"magic-22\">\u00a0RFID-Tags f\u00fcr W\u00e4sche<\/div>\n<\/td>\n<\/tr>\n<tr>\n<td colspan=\"1\" rowspan=\"1\">\n<div class=\"magic-20\"><span class=\"magic-21\">Gr\u00f6\u00dfe<\/span><\/div>\n<\/td>\n<td colspan=\"1\" rowspan=\"1\">\n<div class=\"magic-22\"><span class=\"magic-21\">55 x 12 mm, 70 x 15 mm, 87 x 17 mm<\/span><\/div>\n<\/td>\n<\/tr>\n<tr>\n<td colspan=\"1\" rowspan=\"1\">\n<div class=\"magic-20\"><span class=\"magic-21\">Betriebsfrequenz<\/span><\/div>\n<\/td>\n<td colspan=\"1\" rowspan=\"1\">\n<div class=\"magic-22\"><span class=\"magic-21\" data-spm-anchor-id=\"a2700.details.0.i69.56bf53e8OmNXev\">865\u2013928 MHz<\/span><\/div>\n<\/td>\n<\/tr>\n<tr>\n<td colspan=\"1\" rowspan=\"1\">\n<div class=\"magic-20\"><span class=\"magic-21\">Etikettenmaterial<\/span><\/div>\n<\/td>\n<td colspan=\"1\" rowspan=\"1\">\n<div class=\"magic-22\"><span class=\"magic-21\">Polyester\u00a0<\/span><\/div>\n<\/td>\n<\/tr>\n<tr>\n<td colspan=\"1\" rowspan=\"1\">\n<div class=\"magic-20\"><span class=\"magic-21\">Chips<\/span><\/div>\n<\/td>\n<td colspan=\"1\" rowspan=\"1\">\n<div class=\"magic-22\"><span class=\"magic-21\">U8, U9 usw.<\/span><\/div>\n<\/td>\n<\/tr>\n<tr>\n<td colspan=\"1\" rowspan=\"1\">\n<div class=\"magic-20\"><span class=\"magic-21\">Tag-Garantie<\/span><\/div>\n<\/td>\n<td colspan=\"1\" rowspan=\"1\">\n<div class=\"magic-22\"><span class=\"magic-21\">Erster von 200 oder 300 Waschg\u00e4ngen oder 3 Jahre ab Versanddatum<\/span><\/div>\n<\/td>\n<\/tr>\n<tr>\n<td colspan=\"1\" rowspan=\"1\">\n<div class=\"magic-20\"><span class=\"magic-21\">Lesedistanz<\/span><\/div>\n<\/td>\n<td colspan=\"1\" rowspan=\"1\">\n<div class=\"magic-22\"><span class=\"magic-21\">Bis zu 8 Meter (bis zu 9 Fu\u00df), muss mit Ihrem Leseger\u00e4t getestet werden.<\/span><\/div>\n<\/td>\n<\/tr>\n<tr>\n<td colspan=\"1\" rowspan=\"1\">\n<div class=\"magic-20\"><span class=\"magic-21\">Lagertemperatur<\/span><\/div>\n<\/td>\n<td colspan=\"1\" rowspan=\"1\">\n<div class=\"magic-22\"><span class=\"magic-21\">-40\u2103 bis +120\u2103(-40\u2109 bis +248\u2109)<\/span><\/div>\n<\/td>\n<\/tr>\n<tr>\n<td colspan=\"1\" rowspan=\"1\">\n<div class=\"magic-20\"><span class=\"magic-21\">lorer<\/span><\/div>\n<\/td>\n<td colspan=\"1\" rowspan=\"1\">\n<div class=\"magic-22\"><span class=\"magic-21\">+195\u2103 (+383 \u00b0F) 30 Sekunden &lt;18 bar<\/span><\/div>\n<\/td>\n<\/tr>\n<tr>\n<td colspan=\"1\" rowspan=\"1\">\n<div class=\"magic-20\"><span class=\"magic-21\">Wasserentferner<\/span><\/div>\n<\/td>\n<td colspan=\"1\" rowspan=\"1\">\n<div class=\"magic-22\"><span class=\"magic-21\">60 Balken, 80 Sekunden<\/span><\/div>\n<\/td>\n<\/tr>\n<tr>\n<td colspan=\"1\" rowspan=\"1\">\n<div class=\"magic-20\"><span class=\"magic-21\">Autoklav<\/span><\/div>\n<\/td>\n<td colspan=\"1\" rowspan=\"1\">\n<div class=\"magic-22\"><span class=\"magic-21\">Luftentfernung: +100 \u00b0C (+212 \u00b0F), 5 Minuten, 0,1 bar,<\/span><\/div>\n<\/td>\n<\/tr>\n<tr>\n<td colspan=\"1\" rowspan=\"1\">\n<div class=\"magic-20\"><span class=\"magic-21\">Trocknen<\/span><\/div>\n<\/td>\n<td colspan=\"1\" rowspan=\"1\">\n<div class=\"magic-22\"><span class=\"magic-21\">+45 \u00b0C (+113 \u00b0F), 15 Minuten, 0,2 bar<\/span><\/div>\n<\/td>\n<\/tr>\n<tr>\n<td colspan=\"1\" rowspan=\"1\">\n<div class=\"magic-20\"><span class=\"magic-21\">Chemische Resistenz<\/span><\/div>\n<\/td>\n<td colspan=\"1\" rowspan=\"1\">\n<div class=\"magic-22\" data-spm-anchor-id=\"a2700.details.0.i68.56bf53e8OmNXev\"><span class=\"magic-21\">Alle im Waschprozess \u00fcblichen Chemikalien<\/span><\/div>\n<\/td>\n<\/tr>\n<\/tbody>\n<\/table>\n<div>\n<figure id=\"attachment_2928\" class=\"wp-caption alignnone\" aria-describedby=\"caption-attachment-2928\"><a href=\"https:\/\/rfid-laundry-tag.com\/de\/uhf-rfid-laundry-tags\/\"><img fetchpriority=\"high\" decoding=\"async\" class=\"size-full wp-image-2928\" title=\"RFID-Etiketten f\u00fcr W\u00e4schereien: Top 5 Hersteller 4\" src=\"https:\/\/www.rfidtaglaundry.com\/wp-content\/uploads\/2024\/11\/6_H39416607c5cf4905b542e69b55e844a5b.jpg\" sizes=\"(max-width: 800px) 100vw, 800px\" srcset=\"https:\/\/www.rfidtaglaundry.com\/wp-content\/uploads\/2024\/11\/6_H39416607c5cf4905b542e69b55e844a5b.jpg 800w, https:\/\/www.rfidtaglaundry.com\/wp-content\/uploads\/2024\/11\/6_H39416607c5cf4905b542e69b55e844a5b-300x300.jpg 300w, https:\/\/www.rfidtaglaundry.com\/wp-content\/uploads\/2024\/11\/6_H39416607c5cf4905b542e69b55e844a5b-150x150.jpg 150w, https:\/\/www.rfidtaglaundry.com\/wp-content\/uploads\/2024\/11\/6_H39416607c5cf4905b542e69b55e844a5b-768x768.jpg 768w, https:\/\/www.rfidtaglaundry.com\/wp-content\/uploads\/2024\/11\/6_H39416607c5cf4905b542e69b55e844a5b-12x12.jpg 12w, https:\/\/www.rfidtaglaundry.com\/wp-content\/uploads\/2024\/11\/6_H39416607c5cf4905b542e69b55e844a5b-600x600.jpg 600w, https:\/\/www.rfidtaglaundry.com\/wp-content\/uploads\/2024\/11\/6_H39416607c5cf4905b542e69b55e844a5b-100x100.jpg 100w\" alt=\"Laundry RFID Tags\" width=\"800\" height=\"800\" \/><\/a><figcaption id=\"caption-attachment-2928\" class=\"wp-caption-text\">RFID-Tags f\u00fcr W\u00e4sche<\/figcaption><\/figure>\n<\/div>\n<div>\n<h3>H\u00e4ufig gestellte Fragen (FAQ) zu RFID-Etiketten f\u00fcr W\u00e4schereien<\/h3>\n<p><strong>Frage 1: Welche Probleme l\u00f6sen RFID-Etiketten f\u00fcr W\u00e4schereien w\u00e4hrend des Waschvorgangs?<\/strong><br \/>\n<strong>A1:<\/strong>\u00a0Ein Hauptproblem besteht darin, dass Etiketten leicht besch\u00e4digt werden k\u00f6nnen, was zu Datenverlust f\u00fchrt. Unsere L\u00f6sung nutzt industrietaugliches Polyester und eine Hochtemperatur-H\u00e4rtungstechnologie. Dadurch sind die Etiketten b\u00fcgelfest bis 195 \u00b0C und best\u00e4ndig gegen einen Wasserdruck von 60 bar \u2013 ideal f\u00fcr die Sterilisation von Hotelw\u00e4sche. Unsere einzigartige chemikalienbest\u00e4ndige Beschichtung sch\u00fctzt vor Bleichmitteln und stark alkalischen Reinigungsmitteln und gew\u00e4hrleistet, dass der U8-Chip auch nach \u00fcber 300 W\u00e4schen nicht besch\u00e4digt wird. Daf\u00fcr sorgen 15 Jahre Erfahrung.<\/p>\n<p><strong>Frage 2: Wie verbessern Ihre Tags die Sortiereffizienz?<\/strong><br \/>\n<strong>Antwort:<\/strong>\u00a0Herk\u00f6mmliche RFID-Tags weisen oft geringe Lesereichweiten auf, was die Sortiereffizienz beeintr\u00e4chtigen kann. Unsere RFID-Technologie bietet eine beeindruckende Lesereichweite von 9 Metern, verglichen mit dem Branchendurchschnitt von 5 Metern. In Kombination mit Richtantennen optimiert dies das Scannen von W\u00e4schepaketen auf F\u00f6rderb\u00e4ndern und steigert die Sortiereffizienz um 60%. Unsere Tags unterst\u00fctzen zudem den gesamten Frequenzbereich von 865\u2013928 MHz und sind mit f\u00fchrenden RFID-Ger\u00e4ten weltweit kompatibel.<\/p>\n<p><strong>Frage 3: Wie reduzieren Ihre Etiketten die Betriebskosten?<\/strong><br \/>\n<strong>Antwort Nr. 3:<\/strong>\u00a0H\u00e4ufiger Etikettenwechsel treibt die Betriebskosten in die H\u00f6he. Wir bieten eine wegweisende Doppelgarantie von 3 Jahren oder 300 W\u00e4schen, wodurch die Lebenszykluskosten im Vergleich zu Standardetiketten um 421 TP3T gesenkt werden. Unser modulares Chipdesign erm\u00f6glicht nahtlose Upgrades von Version U8 auf U9 und macht so einen kompletten Etikettenwechsel bei Ger\u00e4te\u00e4nderungen \u00fcberfl\u00fcssig. Unsere Etiketten wurden in 2000 industriellen Waschtests zertifiziert und eignen sich daher ideal f\u00fcr den Einsatz in W\u00e4schevermietungsbetrieben mit hohem W\u00e4scheaufkommen.<\/p>\n<p><strong>Werksvorteil:<\/strong>\u00a0Als einer der f\u00fcnf weltweit f\u00fchrenden Hersteller von RFID-Etiketten f\u00fcr W\u00e4schereien mit 15 Jahren Erfahrung in der HF-Technologie bieten wir umfassende L\u00f6sungen von der Chipverpackung bis hin zu Szenariotests. Wir haben bereits \u00fcber 200 Millionen spezialisierte W\u00e4scheetiketten an Kunden wie Hilton und die Mayo Clinic geliefert und werden dabei von einem professionellen Team f\u00fcr kundenspezifische Entwicklungen unterst\u00fctzt.<\/p>\n<\/div>\n<div class=\"auto-hide-last-sibling-br paragraph_1252f paragraph-element\">\n<p>&nbsp;<\/p>\n<h2>Variable Daten f\u00fcr RFID-Etiketten f\u00fcr W\u00e4schereien<\/h2>\n<p>Jede<a href=\"https:\/\/rfid-laundry-tag.com\/de\/uhf-rfid-laundry-tags\/\">\u00a0RFID-Tag f\u00fcr W\u00e4sche<\/a>\u00a0ist mit variablen Daten ausgestattet, darunter:<\/p>\n<ul>\n<li><strong>Lasergedruckte Informationen<\/strong>Dies umfasst EPC-Codes, 1D- und 2D-Barcodes, QR-Codes und Logos.<\/li>\n<li><strong>RFID-Chip-Datenprogrammierung<\/strong>Tags k\u00f6nnen mit EPC-Codierung programmiert und mit einem Zugriffspasswort gesperrt werden.<\/li>\n<li><strong>Umfassende Pr\u00fcfung<\/strong>Alle Daten, einschlie\u00dflich EPC-Codierung und TID, werden gem\u00e4\u00df 100% getestet, um eine genaue Zuordnung f\u00fcr jedes einzelne Tag zu gew\u00e4hrleisten.<\/li>\n<\/ul>\n<h2>Installationsmethoden<\/h2>\n<ul>\n<li><strong>Stichmarkierung<\/strong>Ideal zum Einn\u00e4hen in den Saum von Textilien, um sicherzustellen, dass Etiketten nicht an Faltkanten anliegen und somit eine optimale Haltbarkeit gew\u00e4hrleistet ist.<\/li>\n<li><strong>Hei\u00dfsiegel<\/strong>Etiketten k\u00f6nnen bei +200\u00b0C (392\u00b0F) f\u00fcr 12 bis 14 Sekunden direkt auf Textilien hei\u00dfversiegelt werden.<\/li>\n<li><strong>Im Beutel<\/strong>\u00c4hnlich wie herk\u00f6mmliche Pflegeetiketten k\u00f6nnen diese Etiketten in einen Beutel eingen\u00e4ht werden, sodass sie sicher aufbewahrt und leicht zug\u00e4nglich sind.<\/li>\n<\/ul>\n<h2>Anwendungsbereiche von RFID-Tags f\u00fcr W\u00e4schereien<\/h2>\n<p>RFID-Etiketten f\u00fcr die W\u00e4scherei sind vielseitig einsetzbar und k\u00f6nnen in verschiedenen Branchen zur Verfolgung von Textilbest\u00e4nden genutzt werden, darunter:<\/p>\n<ul>\n<li><strong>Gesundheitspflege<\/strong>: \u00dcberwachung von Bettw\u00e4sche, Uniformen, Masken und Wischmopps.<\/li>\n<li><strong>Gastfreundschaft<\/strong>Verwaltung von Bettw\u00e4sche und Uniformen f\u00fcr Hotels und Restaurants.<\/li>\n<li><strong>Modebekleidung<\/strong>Verbesserung der Bestandsverwaltung und -verfolgung f\u00fcr Bekleidung und Accessoires.<\/li>\n<\/ul>\n<p>Mit der Weiterentwicklung der Mode- und Bekleidungsindustrie steigt auch der Bedarf an fortschrittlichen Technologiel\u00f6sungen. Die RFID-Technologie hat sich als unverzichtbares Werkzeug zur Steigerung der betrieblichen Effizienz, zur Verbesserung des Kundenerlebnisses und zur Unterst\u00fctzung von Nachhaltigkeitsinitiativen etabliert. Die Implementierung von\u00a0<strong>RFID-Tags f\u00fcr W\u00e4sche<\/strong>\u00a0Im Bereich des Bekleidungs- und Textilmanagements hat sich die Art und Weise, wie Unternehmen ihre W\u00e4schereiabl\u00e4ufe \u00fcberwachen, grundlegend ver\u00e4ndert. Dies erm\u00f6glicht Echtzeit-Tracking, ein verbessertes Bestandsmanagement, eine h\u00f6here Transparenz der Lieferkette und mehr Nachhaltigkeit.<\/p>\n<p>Durch die Anwendung dieser innovativen L\u00f6sungen k\u00f6nnen Unternehmen ihre Prozesse optimieren und den steigenden Anforderungen eines dynamischen Marktes gerecht werden.<\/p>\n<\/div>","protected":false},"excerpt":{"rendered":"<p>Als einer der weltweit f\u00fchrenden Hersteller von RFID-Tags sind wir spezialisiert auf <strong>RFID-Tags f\u00fcr W\u00e4sche<\/strong>, Wir bieten ma\u00dfgeschneiderte L\u00f6sungen, die auf 15 Jahren Erfahrung und \u00fcber 200 Millionen ausgelieferten Tags basieren.<\/p>","protected":false},"featured_media":2964,"template":"","meta":{"_kad_post_transparent":"default","_kad_post_title":"","_kad_post_layout":"default","_kad_post_sidebar_id":"","_kad_post_content_style":"default","_kad_post_vertical_padding":"default","_kad_post_feature":"","_kad_post_feature_position":"","_kad_post_header":false,"_kad_post_footer":false,"_kad_post_classname":""},"product_brand":[],"product_cat":[16,19],"product_tag":[24,367,342,339,65,30],"class_list":{"0":"post-2961","1":"product","2":"type-product","3":"status-publish","4":"has-post-thumbnail","6":"product_cat-uhf-rfid-laundry-tags","7":"product_cat-textile-rfid-laundry-tag","8":"product_tag-laundry-rfid-tags","9":"product_tag-laundry-rfid-tags-top-5-manufacturer","10":"product_tag-rfid-laundry-tags","11":"product_tag-rfid-washable-tags","12":"product_tag-textile-rfid-laundry-tags","13":"product_tag-uhf-rfid-laundry-tag","15":"first","16":"instock","17":"featured","18":"shipping-taxable","19":"product-type-simple","20":"entry","21":"content-bg","22":"loop-entry"},"_links":{"self":[{"href":"https:\/\/rfid-laundry-tag.com\/de\/wp-json\/wp\/v2\/product\/2961","targetHints":{"allow":["GET"]}}],"collection":[{"href":"https:\/\/rfid-laundry-tag.com\/de\/wp-json\/wp\/v2\/product"}],"about":[{"href":"https:\/\/rfid-laundry-tag.com\/de\/wp-json\/wp\/v2\/types\/product"}],"version-history":[{"count":1,"href":"https:\/\/rfid-laundry-tag.com\/de\/wp-json\/wp\/v2\/product\/2961\/revisions"}],"predecessor-version":[{"id":2966,"href":"https:\/\/rfid-laundry-tag.com\/de\/wp-json\/wp\/v2\/product\/2961\/revisions\/2966"}],"wp:featuredmedia":[{"embeddable":true,"href":"https:\/\/rfid-laundry-tag.com\/de\/wp-json\/wp\/v2\/media\/2964"}],"wp:attachment":[{"href":"https:\/\/rfid-laundry-tag.com\/de\/wp-json\/wp\/v2\/media?parent=2961"}],"wp:term":[{"taxonomy":"product_brand","embeddable":true,"href":"https:\/\/rfid-laundry-tag.com\/de\/wp-json\/wp\/v2\/product_brand?post=2961"},{"taxonomy":"product_cat","embeddable":true,"href":"https:\/\/rfid-laundry-tag.com\/de\/wp-json\/wp\/v2\/product_cat?post=2961"},{"taxonomy":"product_tag","embeddable":true,"href":"https:\/\/rfid-laundry-tag.com\/de\/wp-json\/wp\/v2\/product_tag?post=2961"}],"curies":[{"name":"wp","href":"https:\/\/api.w.org\/{rel}","templated":true}]}}