{"id":296,"date":"2024-06-26T15:26:44","date_gmt":"2024-06-26T15:26:44","guid":{"rendered":"https:\/\/rfid-laundry-tag.com\/?post_type=product&#038;p=296"},"modified":"2024-08-14T16:29:49","modified_gmt":"2024-08-14T16:29:49","slug":"on-metal-abs-uhf-rfid-tag","status":"publish","type":"product","link":"https:\/\/rfid-laundry-tag.com\/de\/on-metal-abs-uhf-rfid-tag\/","title":{"rendered":"Auf Metall ABS UHF RFID Tag"},"content":{"rendered":"<p><b class=\"magic-15\"><span class=\"magic-16\" data-spm-anchor-id=\"a2700.details.0.i71.6b4c1284vyugjJ\">Die folgenden Anpassungen sind verf\u00fcgbar:<\/span><\/b> * Drucken: Monochromdruck oder 4-Farben-Offsetdruck, ausgehend von einem vom Kunden erstellten Grafiklayout im Vektorformat. Drucken von EPC-Code, progressivem Seriencode aus Datenbank oder nicht, oder Datei .xls; Drucken von Barcodes, QRCode. Weitere Anpassungsoptionen sind auf Anfrage erh\u00e4ltlich. * Chipspeicherkodierung: Kodierung des EPC-Codes von RFID-UHF-Transpondern, Schreiben des UHF-Tagspeichers, auch aus der vom Kunden bereitgestellten Datenbank. Inhalte k\u00f6nnen vor\u00fcbergehend oder dauerhaft durch ein Passwort gesperrt werden. EPC-Code und TID-Code-Zuordnung in Datenbank. TID-Code und progressive\/Barcode-Zuordnung.<\/p>\n<p><img fetchpriority=\"high\" decoding=\"async\" class=\"alignnone wp-image-297\" src=\"https:\/\/rfid-laundry-tag.com\/wp-content\/uploads\/2024\/06\/on-metal-UHF-tag-235x300.png\" alt=\"\" width=\"486\" height=\"621\" srcset=\"https:\/\/rfid-laundry-tag.com\/wp-content\/uploads\/2024\/06\/on-metal-UHF-tag-235x300.png 235w, https:\/\/rfid-laundry-tag.com\/wp-content\/uploads\/2024\/06\/on-metal-UHF-tag-9x12.png 9w\" sizes=\"(max-width: 486px) 100vw, 486px\" \/><\/p>\n<table class=\"has-title all magic-4\">\n<tbody>\n<tr>\n<td colspan=\"1\" rowspan=\"1\">\n<div class=\"magic-5\" data-spm-anchor-id=\"a2700.details.0.i72.6b4c1284vyugjJ\">Material<\/div>\n<\/td>\n<td colspan=\"1\" rowspan=\"1\">\n<div class=\"magic-6\">ABS<\/div>\n<\/td>\n<\/tr>\n<tr>\n<td colspan=\"1\" rowspan=\"1\">\n<div class=\"magic-5\">Gr\u00f6\u00dfe<\/div>\n<\/td>\n<td colspan=\"1\" rowspan=\"1\">\n<div class=\"magic-6\">78x31x10mm oder individuell<\/div>\n<\/td>\n<\/tr>\n<tr>\n<td colspan=\"1\" rowspan=\"1\">\n<div class=\"magic-5\">Frequenz<\/div>\n<\/td>\n<td colspan=\"1\" rowspan=\"1\">\n<div class=\"magic-6\">860-960 MHz<\/div>\n<\/td>\n<\/tr>\n<tr>\n<td colspan=\"1\" rowspan=\"1\">\n<div class=\"magic-5\">IC-Typ (Chip)<\/div>\n<\/td>\n<td colspan=\"1\" rowspan=\"1\">\n<div class=\"magic-6\">Impinj Monza R6P<\/div>\n<\/td>\n<\/tr>\n<tr>\n<td colspan=\"1\" rowspan=\"1\">\n<div class=\"magic-5\">Protokoll<\/div>\n<\/td>\n<td colspan=\"1\" rowspan=\"1\">\n<div class=\"magic-6\">EPC Global Klasse 1 Gen2 und ISO18000-6C<\/div>\n<\/td>\n<\/tr>\n<tr>\n<td colspan=\"1\" rowspan=\"1\">\n<div class=\"magic-7\">Erinnerung<\/div>\n<\/td>\n<td colspan=\"1\" rowspan=\"1\">\n<div class=\"magic-6\">EPC 128 Bit, Benutzer 32 Bit<\/div>\n<\/td>\n<\/tr>\n<tr>\n<td colspan=\"1\" rowspan=\"1\">\n<div class=\"magic-5\">Tag-Formfaktor<\/div>\n<\/td>\n<td colspan=\"1\" rowspan=\"1\">\n<div class=\"magic-6\">Hartes Tag<\/div>\n<\/td>\n<\/tr>\n<tr>\n<td colspan=\"1\" rowspan=\"1\">\n<div class=\"magic-5\">Befestigungsmethode<\/div>\n<\/td>\n<td colspan=\"1\" rowspan=\"1\">\n<div class=\"magic-6\" data-spm-anchor-id=\"a2700.details.0.i73.6b4c1284vyugjJ\">Schraubbefestigung, Folienklebung<\/div>\n<\/td>\n<\/tr>\n<tr>\n<td colspan=\"1\" rowspan=\"1\">\n<div class=\"magic-5\">Betriebstemperatur<\/div>\n<\/td>\n<td colspan=\"1\" rowspan=\"1\">\n<div class=\"magic-6\">-35 \u00b0C \/ +90 \u00b0C<\/div>\n<\/td>\n<\/tr>\n<tr>\n<td colspan=\"1\" rowspan=\"1\">\n<div class=\"magic-5\">Lesedistanz<\/div>\n<\/td>\n<td colspan=\"1\" rowspan=\"1\">\n<div class=\"magic-6\" data-spm-anchor-id=\"a2700.details.0.i67.6b4c1284vyugjJ\">Bis zu 10 m<\/div>\n<\/td>\n<\/tr>\n<tr>\n<td colspan=\"1\" rowspan=\"1\">\n<div class=\"magic-8\">Anwendbare Oberfl\u00e4chenmaterialien<\/div>\n<\/td>\n<td colspan=\"1\" rowspan=\"1\">\n<div class=\"magic-6\">Metallische und nichtmetallische Substrate<\/div>\n<\/td>\n<\/tr>\n<tr>\n<td colspan=\"1\" rowspan=\"1\">\n<div class=\"magic-7\">IP-Bewertung<\/div>\n<\/td>\n<td colspan=\"1\" rowspan=\"1\">\n<div class=\"magic-6\">IP68<\/div>\n<\/td>\n<\/tr>\n<tr>\n<td colspan=\"1\" rowspan=\"1\">\n<div class=\"magic-7\">Anwendung<\/div>\n<\/td>\n<td colspan=\"1\" rowspan=\"1\">\n<div class=\"magic-6\">F\u00fcr Anlagen, Schwerindustrie und den Au\u00dfeneinsatz<\/div>\n<\/td>\n<\/tr>\n<\/tbody>\n<\/table>\n<p>&nbsp;<\/p>\n<ul>\n<li><strong>Chip-Speicherkodierung:<\/strong>\n<ul>\n<li><strong>EPC-Code-Kodierung:<\/strong>\u00a0Unterst\u00fctzt die Kodierung von EPC-Codes f\u00fcr UHF-Transponder.<\/li>\n<li><strong>UHF-Tag-Speicher schreiben:<\/strong>\u00a0Erm\u00f6glicht das Schreiben von Daten in den UHF-Tag-Speicher, einschlie\u00dflich Daten aus einer vom Kunden bereitgestellten Datenbank.<\/li>\n<li><strong>Passwortgesch\u00fctzte Daten:<\/strong>\u00a0Daten k\u00f6nnen durch ein Passwort vor\u00fcbergehend oder dauerhaft gesperrt werden.<\/li>\n<li><strong>Datenbankzuordnung:<\/strong>\u00a0Unterst\u00fctzt die Zuordnung von EPC-Code und TID-Code in Datenbanken sowie die Zuordnung von TID-Code und progressivem Code\/Barcode.<\/li>\n<\/ul>\n<\/li>\n<\/ul>\n<p><strong>Formeln:<\/strong><\/p>\n<ul>\n<li><strong>EPC-Code:<\/strong>\u00a0<span class=\"math math-inline\"><span class=\"katex\"><span class=\"katex-mathml\">\ud835\udc38\ud835\udc43\ud835\udc36={\ud835\udc48\ud835\udc3c\ud835\udc37,\ud835\udc34\ud835\udc5d\ud835\udc5d\ud835\udc59\ud835\udc56\ud835\udc50\ud835\udc4e\ud835\udc61\ud835\udc56\ud835\udc5c\ud835\udc5b\ud835\udc37\ud835\udc4e\ud835\udc61\ud835\udc4e}<\/span><span class=\"katex-html\" aria-hidden=\"true\"><span class=\"base\"><span class=\"mord mathnormal\">EP\u00dc<\/span><span class=\"mrel\">=<\/span><\/span><span class=\"base\"><span class=\"mopen\">{<\/span><span class=\"mord mathnormal\">U<\/span><span class=\"mord mathnormal\">ICH<\/span><span class=\"mord mathnormal\">D<\/span><span class=\"mpunct\">,<\/span><span class=\"mord mathnormal\">A<\/span><span class=\"mord mathnormal\">Leute<\/span><span class=\"mord mathnormal\">ich<\/span><span class=\"mord mathnormal\">C<\/span><span class=\"mord mathnormal\">A<\/span><span class=\"mord mathnormal\">T<\/span><span class=\"mord mathnormal\">ich<\/span><span class=\"mord mathnormal\">O<\/span><span class=\"mord mathnormal\">N<\/span><span class=\"mord mathnormal\">D<\/span><span class=\"mord mathnormal\">A<\/span><span class=\"mord mathnormal\">T<\/span><span class=\"mord mathnormal\">A<\/span><span class=\"mclose\">}<\/span><\/span><\/span><\/span><\/span><\/li>\n<li><strong>TID-Code:<\/strong>\u00a0<span class=\"math math-inline\"><span class=\"katex\"><span class=\"katex-mathml\">\ud835\udc47\ud835\udc3c\ud835\udc37={\ud835\udc47\ud835\udc4e\ud835\udc54\ud835\udc3c\ud835\udc37,\ud835\udc40\ud835\udc4e\ud835\udc5b\ud835\udc62\ud835\udc53\ud835\udc4e\ud835\udc50\ud835\udc61\ud835\udc62\ud835\udc5f\ud835\udc52\ud835\udc5f\ud835\udc37\ud835\udc4e\ud835\udc61\ud835\udc4e}<\/span><span class=\"katex-html\" aria-hidden=\"true\"><span class=\"base\"><span class=\"mord mathnormal\">T<\/span><span class=\"mord mathnormal\">ICH<\/span><span class=\"mord mathnormal\">D<\/span><span class=\"mrel\">=<\/span><\/span><span class=\"base\"><span class=\"mopen\">{<\/span><span class=\"mord mathnormal\">T<\/span><span class=\"mord mathnormal\">A<\/span><span class=\"mord mathnormal\">G<\/span><span class=\"mord mathnormal\">ICH<\/span><span class=\"mord mathnormal\">D<\/span><span class=\"mpunct\">,<\/span><span class=\"mord mathnormal\">M<\/span><span class=\"mord mathnormal\">ein<\/span><span class=\"mord mathnormal\">Sie<\/span><span class=\"mord mathnormal\">F<\/span><span class=\"mord mathnormal\">A<\/span><span class=\"mord mathnormal\">C<\/span><span class=\"mord mathnormal\">T<\/span><span class=\"mord mathnormal\">Sie<\/span><span class=\"mord mathnormal\">rerD<\/span><span class=\"mord mathnormal\">A<\/span><span class=\"mord mathnormal\">T<\/span><span class=\"mord mathnormal\">A<\/span><span class=\"mclose\">}<\/span><\/span><\/span><\/span><\/span><\/li>\n<\/ul>\n<p><strong>Wo:<\/strong><\/p>\n<ul>\n<li><strong>Benutzerkennung:<\/strong>\u00a0Eindeutige Kennung<\/li>\n<li><strong>Anwendungsdaten:<\/strong>\u00a0Anwendungsspezifische Daten<\/li>\n<li><strong>TagID:<\/strong>\u00a0Eindeutige Tag-ID<\/li>\n<li><strong>Herstellerdaten:<\/strong>\u00a0Angaben des Herstellers<\/li>\n<\/ul>\n<p><strong>Abschluss:<\/strong><\/p>\n<p>Der ABS RFID-Tag ist eine vielseitige und anpassbare L\u00f6sung f\u00fcr verschiedene Anwendungen und bietet eine Kombination aus robuster Leistung und flexiblen Optionen zur Erf\u00fcllung spezifischer Anforderungen.<\/p>","protected":false},"excerpt":{"rendered":"<p>Der On Metal ABS UHF-RFID-Tag ist ein leistungsstarker passiver UHF-RFID-Tag mit gro\u00dfer Reichweite, der f\u00fcr den Einsatz in anspruchsvollen Umgebungen konzipiert ist.<\/p>","protected":false},"featured_media":298,"template":"","meta":{"_kad_post_transparent":"default","_kad_post_title":"","_kad_post_layout":"default","_kad_post_sidebar_id":"","_kad_post_content_style":"default","_kad_post_vertical_padding":"default","_kad_post_feature":"","_kad_post_feature_position":"","_kad_post_header":false,"_kad_post_footer":false,"_kad_post_classname":""},"product_brand":[],"product_cat":[54],"product_tag":[120,119],"class_list":{"0":"post-296","1":"product","2":"type-product","3":"status-publish","4":"has-post-thumbnail","6":"product_cat-hot-selling-rfid-tags","7":"product_tag-on-metal-abs-rfid-tag","8":"product_tag-on-metal-abs-uhf-rfid-tag","10":"first","11":"instock","12":"shipping-taxable","13":"product-type-simple","14":"entry","15":"content-bg","16":"loop-entry"},"_links":{"self":[{"href":"https:\/\/rfid-laundry-tag.com\/de\/wp-json\/wp\/v2\/product\/296","targetHints":{"allow":["GET"]}}],"collection":[{"href":"https:\/\/rfid-laundry-tag.com\/de\/wp-json\/wp\/v2\/product"}],"about":[{"href":"https:\/\/rfid-laundry-tag.com\/de\/wp-json\/wp\/v2\/types\/product"}],"version-history":[{"count":1,"href":"https:\/\/rfid-laundry-tag.com\/de\/wp-json\/wp\/v2\/product\/296\/revisions"}],"predecessor-version":[{"id":1322,"href":"https:\/\/rfid-laundry-tag.com\/de\/wp-json\/wp\/v2\/product\/296\/revisions\/1322"}],"wp:featuredmedia":[{"embeddable":true,"href":"https:\/\/rfid-laundry-tag.com\/de\/wp-json\/wp\/v2\/media\/298"}],"wp:attachment":[{"href":"https:\/\/rfid-laundry-tag.com\/de\/wp-json\/wp\/v2\/media?parent=296"}],"wp:term":[{"taxonomy":"product_brand","embeddable":true,"href":"https:\/\/rfid-laundry-tag.com\/de\/wp-json\/wp\/v2\/product_brand?post=296"},{"taxonomy":"product_cat","embeddable":true,"href":"https:\/\/rfid-laundry-tag.com\/de\/wp-json\/wp\/v2\/product_cat?post=296"},{"taxonomy":"product_tag","embeddable":true,"href":"https:\/\/rfid-laundry-tag.com\/de\/wp-json\/wp\/v2\/product_tag?post=296"}],"curies":[{"name":"wp","href":"https:\/\/api.w.org\/{rel}","templated":true}]}}