{"id":2942,"date":"2025-10-27T13:54:59","date_gmt":"2025-10-27T13:54:59","guid":{"rendered":"https:\/\/rfid-laundry-tag.com\/?post_type=product&#038;p=2942"},"modified":"2025-10-27T14:13:32","modified_gmt":"2025-10-27T14:13:32","slug":"iron-heating-sealed-rfid-laundry-tag","status":"publish","type":"product","link":"https:\/\/rfid-laundry-tag.com\/de\/iron-heating-sealed-rfid-laundry-tag\/","title":{"rendered":"B\u00fcgeleisen-Heizversiegelter RFID-W\u00e4scheanh\u00e4nger"},"content":{"rendered":"<div>\n<div class=\"auto-hide-last-sibling-br paragraph_1252f paragraph-element\">\n<h2 data-start=\"0\" data-end=\"75\"><strong data-start=\"0\" data-end=\"75\">Durch B\u00fcgeleisenheizung versiegelter RFID-W\u00e4scheanh\u00e4nger \u2013 Langlebig, effizient und zuverl\u00e4ssig<\/strong><\/h2>\n<p data-start=\"77\" data-end=\"443\">Der <strong data-start=\"81\" data-end=\"121\">B\u00fcgeleisen-Heizversiegelter RFID-W\u00e4scheanh\u00e4nger<\/strong> ist eine Hochleistungsl\u00f6sung zur Textilidentifizierung und -verfolgung, speziell entwickelt f\u00fcr industrielle W\u00e4schereien, das Gesundheitswesen und die Berufsbekleidungsverwaltung. Dank ihrer \u00fcberlegenen Haltbarkeit bew\u00e4hrt sie sich selbst unter anspruchsvollen W\u00e4schebedingungen und gew\u00e4hrleistet die langfristige, l\u00fcckenlose Nachverfolgung von W\u00e4schest\u00fccken in ganz Europa, den USA und Kanada.<\/p>\n<h3 data-start=\"445\" data-end=\"462\">Hauptvorteile:<\/h3>\n<ul data-start=\"463\" data-end=\"937\">\n<li data-start=\"463\" data-end=\"616\">\n<p data-start=\"465\" data-end=\"616\"><strong data-start=\"465\" data-end=\"496\">Wasserdicht und hitzebest\u00e4ndig<\/strong>Widersteht der Einwirkung von Waschmitteln, Bleichmitteln und hohen Temperaturen und gew\u00e4hrleistet so die Langlebigkeit in industriellen W\u00e4schereiprozessen.<\/p>\n<\/li>\n<li data-start=\"617\" data-end=\"731\">\n<p data-start=\"619\" data-end=\"731\"><strong data-start=\"619\" data-end=\"647\">Langanhaltende Leistung<\/strong>H\u00e4lt bis zu <strong data-start=\"663\" data-end=\"685\">200 Waschg\u00e4nge<\/strong> oder <strong data-start=\"689\" data-end=\"703\">300 W\u00e4schen<\/strong>, wodurch eine verl\u00e4ngerte Nutzungsdauer gew\u00e4hrleistet wird.<\/p>\n<\/li>\n<li data-start=\"732\" data-end=\"829\">\n<p data-start=\"734\" data-end=\"829\"><strong data-start=\"734\" data-end=\"757\">\u00dcberragender Lesebereich<\/strong>Bietet eine Lesereichweite von <strong data-start=\"785\" data-end=\"800\">8-12 Meter<\/strong> f\u00fcr schnelles und pr\u00e4zises Scannen.<\/p>\n<\/li>\n<li data-start=\"830\" data-end=\"937\">\n<p data-start=\"832\" data-end=\"937\"><strong data-start=\"832\" data-end=\"852\">Schnelle Bearbeitungszeit<\/strong>Kurze Lieferzeit von nur <strong data-start=\"877\" data-end=\"887\">3 Tage<\/strong>, So stellen wir sicher, dass Sie bekommen, was Sie brauchen, wann Sie es brauchen.<\/p>\n<\/li>\n<\/ul>\n<h3 data-start=\"939\" data-end=\"956\">Hauptmerkmale:<\/h3>\n<ul data-start=\"957\" data-end=\"1499\">\n<li data-start=\"957\" data-end=\"1123\">\n<p data-start=\"959\" data-end=\"1123\"><strong data-start=\"959\" data-end=\"990\">Chemikalien- und Wasserbest\u00e4ndigkeit<\/strong>Dieser RFID-Tag wurde so konstruiert, dass er Reinigungsmitteln, Weichsp\u00fclern, Bleichmitteln und alkalischen Behandlungen widersteht und auch unter anspruchsvollen Bedingungen funktionsf\u00e4hig bleibt.<\/p>\n<\/li>\n<li data-start=\"1124\" data-end=\"1248\">\n<p data-start=\"1126\" data-end=\"1248\"><strong data-start=\"1126\" data-end=\"1152\">Hei\u00dfsiegeltechnologie<\/strong>L\u00e4sst sich problemlos in Hei\u00dfsiegelmaschinen integrieren und sorgt f\u00fcr eine feste, dauerhafte Verbindung mit Textilien.<\/p>\n<\/li>\n<li data-start=\"1249\" data-end=\"1388\">\n<p data-start=\"1251\" data-end=\"1388\"><strong data-start=\"1251\" data-end=\"1272\">Aufb\u00fcgelbar &amp; zum Aufn\u00e4hen<\/strong>Flexible Anwendung mittels Hei\u00dfpresse oder N\u00e4hverfahren, ideal zum Einbetten von Etiketten in Textilkanten oder Pflegeetiketten.<\/p>\n<\/li>\n<li data-start=\"1389\" data-end=\"1499\">\n<p data-start=\"1391\" data-end=\"1499\"><strong data-start=\"1391\" data-end=\"1421\">Hochtemperaturbest\u00e4ndig<\/strong>Entwickelt, um der intensiven Hitze industrieller W\u00e4schereien und mechanischer Belastung standzuhalten.<\/p>\n<\/li>\n<\/ul>\n<h3 data-start=\"1501\" data-end=\"1530\">Technische Daten:<\/h3>\n<ul data-start=\"1531\" data-end=\"2169\">\n<li data-start=\"1531\" data-end=\"1653\">\n<p data-start=\"1533\" data-end=\"1653\"><strong data-start=\"1533\" data-end=\"1549\">Gr\u00f6\u00dfenoptionen<\/strong>: 35 mm x 15 mm, 58 mm x 15 mm, 70 mm x 10 mm, 70 mm x 15 mm, 75 mm x 12 mm, 75 mm x 15 mm (Sondergr\u00f6\u00dfen auf Anfrage).<\/p>\n<\/li>\n<li data-start=\"1654\" data-end=\"1710\">\n<p data-start=\"1656\" data-end=\"1710\"><strong data-start=\"1656\" data-end=\"1674\">RFID-Standards<\/strong>: ISO\/IEC 18000-6 Typ C (EPC Gen2).<\/p>\n<\/li>\n<li data-start=\"1711\" data-end=\"1770\">\n<p data-start=\"1713\" data-end=\"1770\"><strong data-start=\"1713\" data-end=\"1729\">Chip-Optionen<\/strong>: NXP U CODE 9, Alien H9, etc.<\/p>\n<\/li>\n<li data-start=\"1771\" data-end=\"1813\">\n<p data-start=\"1773\" data-end=\"1813\"><strong data-start=\"1773\" data-end=\"1783\">Erinnerung<\/strong>EPC 128 Bit, Benutzer 512 Bit.<\/p>\n<\/li>\n<li data-start=\"1814\" data-end=\"1852\">\n<p data-start=\"1816\" data-end=\"1852\"><strong data-start=\"1816\" data-end=\"1830\">Lesebereich<\/strong>: 8M \u2013 10M (FCC\/ETSI).<\/p>\n<\/li>\n<li data-start=\"1853\" data-end=\"1927\">\n<p data-start=\"1855\" data-end=\"1927\"><strong data-start=\"1855\" data-end=\"1874\">Tagging-Methoden<\/strong>: Hei\u00dfsiegeln, Hei\u00dfpr\u00e4gen von Klebstoff oder Lochen.<\/p>\n<\/li>\n<li data-start=\"1928\" data-end=\"2042\">\n<p data-start=\"1930\" data-end=\"2042\"><strong data-start=\"1930\" data-end=\"1956\">Temperatur und Luftfeuchtigkeit<\/strong>: Funktioniert zwischen <strong data-start=\"1975\" data-end=\"1993\">-20 \u00b0C bis 110 \u00b0C<\/strong>; Lagerbereich <strong data-start=\"2009\" data-end=\"2027\">-40 \u00b0C bis 110 \u00b0C<\/strong> mit 8-95% RH.<\/p>\n<\/li>\n<li data-start=\"2043\" data-end=\"2169\">\n<p data-start=\"2045\" data-end=\"2169\"><strong data-start=\"2045\" data-end=\"2072\">Waschen &amp; Sterilisieren<\/strong>Vertr\u00e4gt Waschtemperaturen bis zu <strong data-start=\"2111\" data-end=\"2119\">90\u00b0C<\/strong> und Sterilisation bei <strong data-start=\"2141\" data-end=\"2168\">135 \u00b0C f\u00fcr 15-20 Minuten<\/strong>.<\/p>\n<\/li>\n<\/ul>\n<\/div>\n<\/div>\n<h2 data-start=\"2812\" data-end=\"3015\"><strong>Datenblatt<\/strong><\/h2>\n<div>\n<div class=\"auto-hide-last-sibling-br paragraph_1252f paragraph-element\">\n<div>\n<table width=\"637\">\n<tbody>\n<tr>\n<td width=\"328\">Artikelname:<\/td>\n<td width=\"309\">B\u00fcgeleisen-Heizversiegelter RFID-W\u00e4scheanh\u00e4nger<\/td>\n<\/tr>\n<tr>\n<td width=\"328\">RFID-Standard:<\/td>\n<td width=\"309\">ISO\/IEC 18000-6 TypC (EPC Gen2)<\/td>\n<\/tr>\n<tr>\n<td width=\"328\">Gr\u00f6\u00dfe Gewicht:<\/td>\n<td width=\"309\">\u00a035 mm x 15 mm; 58 mm x 15 mm; 70 mm x 10 mm; 70 mm x 15 mm; 75 mm x 12 mm; 75 mm x 15 mm oder kundenspezifisch<\/td>\n<\/tr>\n<tr>\n<td width=\"328\">Chip-Typ:<\/td>\n<td width=\"309\">Monza 4QT, NXP U CODE 9, Alien H9 usw.<\/td>\n<\/tr>\n<tr>\n<td width=\"328\">EPC-Speicher:<\/td>\n<td width=\"309\">128 Bit<\/td>\n<\/tr>\n<tr>\n<td width=\"328\">Benutzerspeicher:<\/td>\n<td width=\"309\">512 Bit<\/td>\n<\/tr>\n<tr>\n<td width=\"328\">Lesereichweite (2 W ERP FCC):<\/td>\n<td width=\"309\">8\u201310 m<\/td>\n<\/tr>\n<tr>\n<td width=\"328\">Lesereichweite (2 W ERP ETSI):<\/td>\n<td width=\"309\">8\u201310 m<\/td>\n<\/tr>\n<tr>\n<td width=\"328\">Tagging:<\/td>\n<td width=\"309\">Hei\u00dfpr\u00e4gekleber, Hei\u00dfsiegelung, Loch usw.<\/td>\n<\/tr>\n<tr>\n<td width=\"328\">Gesch\u00e4tzte Lebensdauer:<\/td>\n<td width=\"309\">200 Waschg\u00e4nge oder 300 Mal<\/td>\n<\/tr>\n<tr>\n<td width=\"328\">Waschmethode:<\/td>\n<td width=\"309\">W\u00e4scherei, chemische Reinigung<\/td>\n<\/tr>\n<tr>\n<td width=\"328\">Wasserentnahmedruck:<\/td>\n<td width=\"309\">60 bar<\/td>\n<\/tr>\n<tr>\n<td width=\"328\">Wasserbest\u00e4ndigkeit:<\/td>\n<td width=\"309\">Wasserfest<\/td>\n<\/tr>\n<tr>\n<td width=\"328\">Chemische Resistenz:<\/td>\n<td width=\"309\">Waschmittel, Weichsp\u00fcler, Bleichmittel (Sauerstoff\/Chlor), Alkali<\/td>\n<\/tr>\n<tr>\n<td width=\"328\">Vortrocknen im Tumbler:<\/td>\n<td width=\"309\">125 \u00baC f\u00fcr 15-20 Minuten<\/td>\n<\/tr>\n<tr>\n<td width=\"328\">Sterilisationstemperatur:<\/td>\n<td width=\"309\">135\u00b0C f\u00fcr 15-20 Minuten<\/td>\n<\/tr>\n<tr>\n<td width=\"328\">Waschtemperatur:<\/td>\n<td width=\"309\">90\u00b0C, Bis zu 15 Min.<\/td>\n<\/tr>\n<tr>\n<td width=\"328\">Luftfeuchtigkeit\/Temperatur-Betrieb:<\/td>\n<td width=\"309\">-20 bis 110 \u00b0C, 8 bis 95%RH<\/td>\n<\/tr>\n<tr>\n<td width=\"328\">Luftfeuchtigkeit\/ Temperatur-Lagerung:<\/td>\n<td width=\"309\">-40 bis 110 \u00b0C, 8 bis 95%RH<\/td>\n<\/tr>\n<\/tbody>\n<\/table>\n<\/div>\n<\/div>\n<\/div>\n<div><\/div>\n<div class=\"auto-hide-last-sibling-br paragraph_1252f paragraph-element\"><span class=\"AnswerParser_TextContainer__z_Iiv\" data-testid=\"youchat-text\"><strong>RFID-UHF-W\u00e4scheetiketten<\/strong> sind die ultimative L\u00f6sung f\u00fcr die effiziente Verwaltung von Arbeitskleidung, Hotelhandt\u00fcchern und Krankenhausbettw\u00e4sche. Diese langlebigen Etiketten sind so konzipiert, dass sie den hohen Temperaturen und aggressiven Chemikalien standhalten, die typischerweise in industriellen Waschprozessen verwendet werden. Ihre robuste Konstruktion stellt sicher, dass sie auch nach mehreren Waschg\u00e4ngen funktionsf\u00e4hig bleiben, was sie zu einem unsch\u00e4tzbaren Vorteil in jedem W\u00e4schereibetrieb macht.<\/span><span class=\"AnswerParser_TextContainer__z_Iiv\" data-testid=\"youchat-text\">Durch die Integration der RFID-Technologie in Ihr W\u00e4schemanagementsystem k\u00f6nnen Sie die Bearbeitungskosten erheblich senken. RFID-Gateways und -Z\u00e4hler optimieren den Tracking-Prozess und erm\u00f6glichen Ihnen die schnelle Ortung und Identifizierung von W\u00e4schest\u00fccken. Dies spart nicht nur Zeit, sondern verbessert auch die Bestandsgenauigkeit, sodass Sie die Waschzyklen problemlos verfolgen k\u00f6nnen. Mit RFID-UHF-W\u00e4scheetiketten verbessern Sie Ihre Betriebseffizienz und stellen sicher, dass Ihre W\u00e4schest\u00fccke immer erfasst sind.<\/span><\/div>\n<div><\/div>\n<div>\n<h3 data-start=\"2171\" data-end=\"2219\">Optimiert f\u00fcr industrielle W\u00e4schereibetriebe:<\/h3>\n<p data-start=\"2220\" data-end=\"2515\">RFID-UHF-W\u00e4scheetiketten erm\u00f6glichen ein effizientes Bestandsmanagement f\u00fcr Arbeitskleidung, Hotelw\u00e4sche, Krankenhaustextilien und vieles mehr. Dank ihrer Best\u00e4ndigkeit gegen\u00fcber hohen Temperaturen und aggressiven Chemikalien bleiben sie auch nach mehreren Waschg\u00e4ngen funktionsf\u00e4hig und gew\u00e4hrleisten so einen reibungslosen Ablauf in Ihrer W\u00e4scherei.<\/p>\n<p data-start=\"2517\" data-end=\"2583\">Durch die Integration von RFID in Ihr W\u00e4schereimanagementsystem profitieren Sie von Folgendem:<\/p>\n<ul data-start=\"2584\" data-end=\"2810\">\n<li data-start=\"2584\" data-end=\"2675\">\n<p data-start=\"2586\" data-end=\"2675\"><strong data-start=\"2586\" data-end=\"2609\">Verbesserte Effizienz<\/strong>Schnellere und genauere Bestandsverfolgung reduziert die Bearbeitungskosten.<\/p>\n<\/li>\n<li data-start=\"2676\" data-end=\"2810\">\n<p data-start=\"2678\" data-end=\"2810\"><strong data-start=\"2678\" data-end=\"2699\">Verbesserte Genauigkeit<\/strong>Die RFID-Technologie gew\u00e4hrleistet eine pr\u00e4zise Standortverfolgung, reduziert Fehler und stellt sicher, dass alle Artikel erfasst werden.<\/p>\n<\/li>\n<\/ul>\n<p data-start=\"2812\" data-end=\"3015\"><strong data-start=\"2812\" data-end=\"2853\">B\u00fcgeleisen-Heizung, versiegelte RFID-W\u00e4scheetiketten<\/strong> Machen Sie Ihren W\u00e4schereibetrieb schneller, zuverl\u00e4ssiger und kosteng\u00fcnstiger, optimieren Sie Ihre Arbeitsabl\u00e4ufe und stellen Sie sicher, dass Ihre W\u00e4schest\u00fccke bei jedem Waschgang r\u00fcckverfolgbar bleiben.<\/p>\n<\/div>\n<div data-spm-anchor-id=\"a2700.details.0.i57.23b419c7xXORP0\"><\/div>\n<div class=\"auto-hide-last-sibling-br paragraph_1252f paragraph-element\"><\/div>\n<div class=\"auto-hide-last-sibling-br paragraph_1252f paragraph-element\"><\/div>","protected":false},"excerpt":{"rendered":"<p>Wir geh\u00f6ren zu den Top 5 Herstellern von RFID-W\u00e4scheetiketten mit B\u00fcgeleisenversiegelung.<strong>.RFID-W\u00e4scheanh\u00e4nger<\/strong>\u00a0Gew\u00e4hrleistet dauerhafte Textilverfolgung im Gesundheitswesen, in W\u00e4schereien und bei Uniformen in ganz Europa, den USA und Kanada \u2013 best\u00e4ndig gegen aggressive Waschzyklen.<\/p>","protected":false},"featured_media":2943,"template":"","meta":{"_kad_post_transparent":"default","_kad_post_title":"","_kad_post_layout":"default","_kad_post_sidebar_id":"","_kad_post_content_style":"default","_kad_post_vertical_padding":"default","_kad_post_feature":"","_kad_post_feature_position":"","_kad_post_header":false,"_kad_post_footer":false,"_kad_post_classname":""},"product_brand":[],"product_cat":[16],"product_tag":[364,363,338,342,339,65,30],"class_list":{"0":"post-2942","1":"product","2":"type-product","3":"status-publish","4":"has-post-thumbnail","6":"product_cat-uhf-rfid-laundry-tags","7":"product_tag-heating-sealed-rfid-laundry-tag","8":"product_tag-iron-heating-sealed-rfid-laundry-tag","9":"product_tag-rfid-chips-for-uniforms","10":"product_tag-rfid-laundry-tags","11":"product_tag-rfid-washable-tags","12":"product_tag-textile-rfid-laundry-tags","13":"product_tag-uhf-rfid-laundry-tag","15":"first","16":"instock","17":"featured","18":"shipping-taxable","19":"product-type-simple","20":"entry","21":"content-bg","22":"loop-entry"},"_links":{"self":[{"href":"https:\/\/rfid-laundry-tag.com\/de\/wp-json\/wp\/v2\/product\/2942","targetHints":{"allow":["GET"]}}],"collection":[{"href":"https:\/\/rfid-laundry-tag.com\/de\/wp-json\/wp\/v2\/product"}],"about":[{"href":"https:\/\/rfid-laundry-tag.com\/de\/wp-json\/wp\/v2\/types\/product"}],"version-history":[{"count":2,"href":"https:\/\/rfid-laundry-tag.com\/de\/wp-json\/wp\/v2\/product\/2942\/revisions"}],"predecessor-version":[{"id":2948,"href":"https:\/\/rfid-laundry-tag.com\/de\/wp-json\/wp\/v2\/product\/2942\/revisions\/2948"}],"wp:featuredmedia":[{"embeddable":true,"href":"https:\/\/rfid-laundry-tag.com\/de\/wp-json\/wp\/v2\/media\/2943"}],"wp:attachment":[{"href":"https:\/\/rfid-laundry-tag.com\/de\/wp-json\/wp\/v2\/media?parent=2942"}],"wp:term":[{"taxonomy":"product_brand","embeddable":true,"href":"https:\/\/rfid-laundry-tag.com\/de\/wp-json\/wp\/v2\/product_brand?post=2942"},{"taxonomy":"product_cat","embeddable":true,"href":"https:\/\/rfid-laundry-tag.com\/de\/wp-json\/wp\/v2\/product_cat?post=2942"},{"taxonomy":"product_tag","embeddable":true,"href":"https:\/\/rfid-laundry-tag.com\/de\/wp-json\/wp\/v2\/product_tag?post=2942"}],"curies":[{"name":"wp","href":"https:\/\/api.w.org\/{rel}","templated":true}]}}