{"id":2860,"date":"2024-11-05T13:06:31","date_gmt":"2024-11-05T13:06:31","guid":{"rendered":"https:\/\/rfid-laundry-tag.com\/?post_type=product&#038;p=2860"},"modified":"2024-11-05T13:13:50","modified_gmt":"2024-11-05T13:13:50","slug":"rfid-keyfobs-abs-iso14443a","status":"publish","type":"product","link":"https:\/\/rfid-laundry-tag.com\/de\/rfid-keyfobs-abs-iso14443a\/","title":{"rendered":"RFID Schl\u00fcsselanh\u00e4nger ABS ISO14443A"},"content":{"rendered":"<h2>RFID Schl\u00fcsselanh\u00e4nger ABS ISO14443A<\/h2>\n<table class=\"has-title all magic-13\">\n<tbody>\n<tr>\n<td colspan=\"1\" rowspan=\"2\">\n<div class=\"magic-14\">Material<\/div>\n<\/td>\n<td colspan=\"1\" rowspan=\"1\">\n<div class=\"magic-15\">Antennenmaterial: Aluminiumfolie<\/div>\n<\/td>\n<\/tr>\n<tr>\n<td colspan=\"1\" rowspan=\"1\">\n<div class=\"magic-15\" data-spm-anchor-id=\"a2700.details.0.i43.3c939b1b0qFtg1\">Oberfl\u00e4chenmaterial: ABS\/Leder\/Holz<\/div>\n<\/td>\n<\/tr>\n<tr>\n<td colspan=\"1\" rowspan=\"1\">\n<div class=\"magic-17\">Gr\u00f6\u00dfe<\/div>\n<\/td>\n<td colspan=\"1\" rowspan=\"1\">\n<div class=\"magic-15\" data-spm-anchor-id=\"a2700.details.0.i41.3c939b1b0qFtg1\">40,38 * 31,5 mm, 35,5 * 28 mm, 51,5 * 32 mm oder individuell<\/div>\n<\/td>\n<\/tr>\n<tr>\n<td colspan=\"1\" rowspan=\"1\">\n<div class=\"magic-17\">Ma\u00dfgeschneidertes Kunsthandwerk<\/div>\n<\/td>\n<td colspan=\"1\" rowspan=\"1\">\n<div class=\"magic-15\">Logo Siebdruck\/UID-Code, Seriencode oder individuell<\/div>\n<\/td>\n<\/tr>\n<tr>\n<td colspan=\"1\" rowspan=\"1\">\n<div class=\"magic-17\">Betriebstemperatur<\/div>\n<\/td>\n<td colspan=\"1\" rowspan=\"1\">\n<div class=\"magic-15\">-20\u00b0C bis +90 \u00b0C<\/div>\n<\/td>\n<\/tr>\n<tr>\n<td colspan=\"1\" rowspan=\"1\">\n<div class=\"magic-17\">kodieren<\/div>\n<\/td>\n<td colspan=\"1\" rowspan=\"1\">\n<div class=\"magic-15\">beschreibbarer Chip Verf\u00fcgbar<\/div>\n<\/td>\n<\/tr>\n<tr>\n<td colspan=\"1\" rowspan=\"1\">\n<div class=\"magic-17\">Farboptionen<\/div>\n<\/td>\n<td colspan=\"1\" rowspan=\"1\">\n<div class=\"magic-15\" data-spm-anchor-id=\"a2700.details.0.i42.3c939b1b0qFtg1\">Rot, Blau, Schwarz, Lila, Orange, Gelb (kann angepasst werden)<\/div>\n<\/td>\n<\/tr>\n<tr>\n<td colspan=\"1\" rowspan=\"1\">\n<div class=\"magic-17\">Leseabstand<\/div>\n<\/td>\n<td colspan=\"1\" rowspan=\"1\">\n<div class=\"magic-15\">1\u201310\u00a0cm (abh\u00e4ngig vom Leser)<\/div>\n<\/td>\n<\/tr>\n<tr>\n<td colspan=\"1\" rowspan=\"1\">\n<div class=\"magic-17\">Anwendungen<\/div>\n<\/td>\n<td colspan=\"1\" rowspan=\"1\">\n<div class=\"magic-15\" data-spm-anchor-id=\"a2700.details.0.i40.3c939b1b0qFtg1\">Mitgliedersystem\/Fitnessstudio\/Zugangskontrolle\/Zahlung etc.<\/div>\n<\/td>\n<\/tr>\n<\/tbody>\n<\/table>\n<p><strong>RFID-Schl\u00fcsselanh\u00e4nger<\/strong> sind Vorreiter bei der sicheren und komfortablen Zugriffsverwaltung. Diese kleinen, leichten Ger\u00e4te verwenden <strong>Funkfrequenzidentifikation<\/strong> (RFID)-Technologie erm\u00f6glicht schnellen und reibungslosen Zutritt zu gesicherten Bereichen. Sie werden h\u00e4ufig in verschiedenen Branchen, darunter Gastronomie, B\u00fcrogeb\u00e4ude und Wohnimmobilien, f\u00fcr sichere Zugangskontrollsysteme eingesetzt.<\/p>\n<p>In dieser Produktbeschreibung werden wir die Funktionen und Vorteile von <strong>RFID-Schl\u00fcsselanh\u00e4nger<\/strong>, mit Schwerpunkt auf der <strong>ABS ISO14443A<\/strong> Spezifikation. Wir besprechen, warum diese Anh\u00e4nger sowohl f\u00fcr Unternehmen als auch f\u00fcr Privatpersonen die bevorzugte Wahl sind, die nach effizienten, sicheren und benutzerfreundlichen Zugangsl\u00f6sungen suchen.<\/p>\n<p><strong>RFID-Schl\u00fcsselanh\u00e4nger<\/strong> sind Vorreiter bei der sicheren und komfortablen Zugriffsverwaltung. Diese kleinen, leichten Ger\u00e4te verwenden <strong>Funkfrequenzidentifikation<\/strong> (RFID)-Technologie erm\u00f6glicht schnellen und reibungslosen Zutritt zu gesicherten Bereichen. Sie werden h\u00e4ufig in verschiedenen Branchen, darunter Gastronomie, B\u00fcrogeb\u00e4ude und Wohnimmobilien, f\u00fcr sichere Zugangskontrollsysteme eingesetzt.<\/p>\n<h2><strong>Was ist ein RFID-Schl\u00fcsselanh\u00e4nger?<\/strong><\/h2>\n<p>Ein <strong>RFID-Schl\u00fcsselanh\u00e4nger<\/strong> ist ein kompaktes, tragbares Ger\u00e4t, das mit einem <strong>RFID-Leseger\u00e4t<\/strong> um Zugang zu einem sicheren Bereich zu gew\u00e4hren. Es enth\u00e4lt normalerweise einen kleinen Mikrochip und eine Antenne, eingebettet in ein langlebiges <strong>ABS-Geh\u00e4use<\/strong>. Der <strong>13,56 MHz Frequenz<\/strong> Die von ISO14443A verwendeten RFID-Schl\u00fcsselanh\u00e4nger gew\u00e4hrleisten eine zuverl\u00e4ssige und schnelle Erkennung und machen sie zu einer \u00e4u\u00dferst effektiven L\u00f6sung f\u00fcr Zugangskontrollsysteme.<\/p>\n<p>Im Gegensatz zu herk\u00f6mmlichen Schl\u00fcsseln oder Karten kann ein <strong>RFID-Schl\u00fcsselanh\u00e4nger<\/strong> erfordert keinen physischen Kontakt mit dem Leser; es funktioniert auf <strong>kontaktlos<\/strong> Prinzipien, was es sowohl sicherer als auch bequemer macht. Benutzer k\u00f6nnen ihren Anh\u00e4nger einfach in die N\u00e4he eines Leseger\u00e4ts halten, um Zugang zu erhalten. Eine manuelle Entsperrung oder PIN-Codes sind nicht mehr erforderlich.<\/p>\n<hr \/>\n<h2><strong>Hauptmerkmale von RFID-Schl\u00fcsselanh\u00e4ngern<\/strong><\/h2>\n<h3><strong>1. Sichere Zugriffskontrolle<\/strong><\/h3>\n<p>Einer der gr\u00f6\u00dften Vorteile der Verwendung <strong>RFID-Schl\u00fcsselanh\u00e4nger<\/strong> ist eine verbesserte Sicherheit. Diese Ger\u00e4te bieten mehrere Schutzebenen, einschlie\u00dflich Verschl\u00fcsselungsprotokollen, die verhindern, dass unbefugte Benutzer Zugriff erhalten. Die <strong>13,56 MHz<\/strong> Frequenz verwendet von <strong>ISO14443A-Schl\u00fcsselanh\u00e4nger<\/strong> gew\u00e4hrleistet eine hohe Kompatibilit\u00e4t mit verschiedenen <strong>Zutrittskontrollsysteme<\/strong>, von Hotelschl\u00f6ssern bis zum B\u00fcrot\u00fcr\u00f6ffner.<\/p>\n<p>Durch den Einsatz von RFID-Technologie, <strong>RFID-Schl\u00fcsselanh\u00e4nger<\/strong> Angebot <strong>schl\u00fcsselloser Zugang<\/strong>, wodurch das Risiko von Schl\u00f6sserknacken oder unbefugter Vervielf\u00e4ltigung verringert wird. Bei der Integration in <strong>Zutrittskontrolle<\/strong> Systeme, diese Anh\u00e4nger dienen als sicheres Token, um Benutzer mit minimalem Aufwand zu verifizieren und zu authentifizieren.<\/p>\n<h3><strong>2. Robuste ABS-Konstruktion<\/strong><\/h3>\n<p>Der Bau von <strong>RFID-Schl\u00fcsselanh\u00e4nger<\/strong> ist ebenso wichtig wie ihre Funktionalit\u00e4t. Diese Anh\u00e4nger bestehen aus <strong>ABS-Kunststoff<\/strong>, ein langlebiges, leichtes Material, das verschiedenen Umweltbedingungen standh\u00e4lt. Egal, ob Sie sie im B\u00fcro verwenden oder an einem Schl\u00fcsselbund tragen, diese Schl\u00fcsselanh\u00e4nger sind auf Langlebigkeit ausgelegt.<\/p>\n<p>Der <strong>ABS-Geh\u00e4use<\/strong> sch\u00fctzt nicht nur die internen Komponenten, sondern sorgt auch daf\u00fcr, dass der Anh\u00e4nger auch nach l\u00e4ngerem Gebrauch funktionst\u00fcchtig bleibt. Ihre kompakte Gr\u00f6\u00dfe und ihr robustes Design machen sie verschlei\u00dffest und gew\u00e4hrleisten eine langlebige L\u00f6sung f\u00fcr Zugangskontrollanforderungen.<\/p>\n<h3><strong>3. Einfache Integration mit RFID-Systemen<\/strong><\/h3>\n<p><strong>RFID-Schl\u00fcsselanh\u00e4nger<\/strong> sind vollst\u00e4ndig kompatibel mit den meisten <strong>RFID-Systeme<\/strong>. Egal, ob Sie von herk\u00f6mmlichen Schl\u00fcsselkarten aufr\u00fcsten oder ein v\u00f6llig neues Zugangskontrollsystem installieren, diese Schl\u00fcsselanh\u00e4nger lassen sich nahtlos in die vorhandene Infrastruktur integrieren. Die <strong>ISO14443A<\/strong> Der Standard ist weithin anerkannt und wird in verschiedenen Branchen verwendet, wodurch die Kompatibilit\u00e4t mit Leseger\u00e4ten und Software gew\u00e4hrleistet wird.<\/p>\n<p>Dar\u00fcber hinaus <strong>RFID-Schl\u00fcsselanh\u00e4nger<\/strong> Sind <strong>wiederbeschreibbar<\/strong>, sodass Unternehmen die Zugangsdaten nach Bedarf \u00e4ndern k\u00f6nnen, ohne neue Schl\u00fcsselanh\u00e4nger kaufen zu m\u00fcssen. Dies <strong>Flexibilit\u00e4t<\/strong> macht RFID-Schl\u00fcsselanh\u00e4nger zu einer hervorragenden langfristigen Investition f\u00fcr Unternehmen, die nach skalierbaren Zugangsl\u00f6sungen suchen.<\/p>\n<hr \/>\n<h2><strong>Warum sollten Sie sich f\u00fcr ISO14443A RFID-Schl\u00fcsselanh\u00e4nger entscheiden?<\/strong><\/h2>\n<h3><strong>4. Hohe Frequenz f\u00fcr schnellere Reaktion<\/strong><\/h3>\n<p><strong>13,56 MHz RFID-Schl\u00fcsselanh\u00e4nger<\/strong>, wie die <strong>ISO14443A<\/strong>, bieten einen Hochfrequenzbereich, der es erm\u00f6glicht, <strong>schnelle Erkennung<\/strong> und Kommunikation mit dem RFID-Leseger\u00e4t. Dieser Hochfrequenzbereich sorgt daf\u00fcr, dass der Zugang schnell und effizient gew\u00e4hrt wird, was das Benutzererlebnis verbessert.<\/p>\n<p>Wenn Sie den Anh\u00e4nger an das Leseger\u00e4t halten, erkennt das System die im Anh\u00e4nger gespeicherten Zugangsdaten und gew\u00e4hrt in Sekundenbruchteilen Zutritt. Diese schnelle Reaktionszeit ist besonders in stark frequentierten Bereichen wichtig, da sie sicherstellt, dass sich keine Warteschlangen bilden und Personen ohne Verz\u00f6gerung ein- und ausgehen k\u00f6nnen.<\/p>\n<h3><strong>5. Vielseitigkeit f\u00fcr mehrere Anwendungen<\/strong><\/h3>\n<p><strong>RFID-Schl\u00fcsselanh\u00e4nger<\/strong> sind sehr vielseitig und k\u00f6nnen in einer Vielzahl von Anwendungen \u00fcber T\u00fcrschl\u00f6sser hinaus eingesetzt werden. Einige h\u00e4ufige Verwendungen f\u00fcr <strong>RFID-Schl\u00fcsselanh\u00e4nger<\/strong> enthalten:<\/p>\n<ul>\n<li><strong>Zugang zum Hotelzimmer:<\/strong> G\u00e4ste k\u00f6nnen die T\u00fcr ihres Hotelzimmers mit ihrem Schl\u00fcsselanh\u00e4nger aufschlie\u00dfen.<\/li>\n<li><strong>Sicherheit am Arbeitsplatz:<\/strong> Mit dem Anh\u00e4nger k\u00f6nnen Mitarbeiter auf B\u00fcros, Serverr\u00e4ume oder Sperrbereiche zugreifen.<\/li>\n<li><strong>Zahlung und Identifizierung:<\/strong> Bestimmt <strong>RFID-Schl\u00fcsselanh\u00e4nger<\/strong> kann auch f\u00fcr Zahlungen oder zur Identifizierung in Mitgliedschaftsprogrammen verwendet werden.<\/li>\n<\/ul>\n<p>Dank ihrer geringen Gr\u00f6\u00dfe und Tragbarkeit sind diese Anh\u00e4nger eine praktische L\u00f6sung f\u00fcr viele Branchen.<\/p>\n<h3><strong>6. Kontaktlose Technologie f\u00fcr Komfort und Hygiene<\/strong><\/h3>\n<p>In der heutigen Welt <strong>kontaktlose Technologie<\/strong> hat aufgrund der Hygienevorteile, die es bietet, erhebliche Aufmerksamkeit erlangt. <strong>RFID-Schl\u00fcsselanh\u00e4nger<\/strong> sind kontaktlos, d. h. Benutzer m\u00fcssen weder Schloss noch Leseger\u00e4t physisch ber\u00fchren. Dadurch wird das Risiko der \u00dcbertragung von Keimen und Bakterien verringert, was sie zur idealen Wahl f\u00fcr Umgebungen wie Krankenh\u00e4user, Schulen und B\u00fcros macht, in denen Hygiene von entscheidender Bedeutung ist.<\/p>\n<p>Dar\u00fcber hinaus <strong>schl\u00fcsselloser Zugang<\/strong> System sorgt f\u00fcr zus\u00e4tzlichen Komfort. Benutzer m\u00fcssen nicht nach Schl\u00fcsseln suchen oder sich PINs merken \u2013 sie k\u00f6nnen einfach ihre <strong>RFID-Schl\u00fcsselanh\u00e4nger<\/strong> am Schl\u00fcsselbund oder in der Tasche, jederzeit einsatzbereit.<\/p>\n<p>Diese <strong>RFID-Schl\u00fcsselanh\u00e4nger<\/strong> arbeiten bei einer <strong>13,56 MHz Frequenz<\/strong>, wodurch sie mit den meisten <strong>RFID-Leseger\u00e4te<\/strong> in modernen Zutrittskontrollsystemen eingesetzt. Die Anh\u00e4nger bestehen aus hochwertigem <strong>ABS-Kunststoff<\/strong>, wodurch ein robustes und leichtes Design gew\u00e4hrleistet wird, das sowohl tragbar als auch langlebig ist.<\/p>\n<hr \/>\n<h2><strong>Umweltauswirkungen und Nachhaltigkeit<\/strong><\/h2>\n<p>W\u00e4hrend sich Organisationen in Richtung <strong>kontaktloser Zugang<\/strong> und Sicherheitsl\u00f6sungen ist es wichtig, die Umweltauswirkungen dieser Produkte zu ber\u00fccksichtigen. Die <strong>ABS-Kunststoff<\/strong> verwendet in <strong>RFID-Schl\u00fcsselanh\u00e4nger<\/strong> ist ein gut recyclebares Material. Au\u00dferdem <strong>RFID-Systeme<\/strong> tragen dazu bei, den Bedarf an physischen Schl\u00fcsseln und herk\u00f6mmlichen Schl\u00f6ssern zu verringern, was wiederum den gesamten \u00f6kologischen Fu\u00dfabdruck verringert.<\/p>\n<p>Dar\u00fcber hinaus <strong>RFID-Schl\u00fcsselanh\u00e4nger<\/strong> kann sein <strong>umgeschrieben<\/strong>, was bedeutet, dass sie nicht st\u00e4ndig ausgetauscht werden m\u00fcssen. Dies reduziert den Elektroschrott und macht sie zu einer nachhaltigen Wahl f\u00fcr Unternehmen und Einzelpersonen, die nach umweltfreundlichen L\u00f6sungen suchen.<\/p>\n<hr \/>\n<h2><strong>Kundenbewertungen und Feedback<\/strong><\/h2>\n<p>Viele Kunden sch\u00e4tzen den Komfort und die Sicherheit, die <strong>RFID-Schl\u00fcsselanh\u00e4nger<\/strong> bieten. Hier ist eine kurze Zusammenfassung des h\u00e4ufigen Feedbacks:<\/p>\n<ul>\n<li><strong>\u201eBequemer und schneller Zugriff!\u201c<\/strong> \u2013 Viele Benutzer betonen die Geschwindigkeit und Effizienz von <strong>RFID-Schl\u00fcsselanh\u00e4nger<\/strong>. Die schnelle Reaktionszeit macht sie zur idealen Wahl f\u00fcr gesch\u00e4ftige Umgebungen wie B\u00fcrogeb\u00e4ude und Hotels.<\/li>\n<li><strong>\u201eLanglebig und zuverl\u00e4ssig\u201c<\/strong> \u2013 Kunden sch\u00e4tzen auch die <strong>langlebige Konstruktion<\/strong> der Anh\u00e4nger, und viele weisen darauf hin, dass sie monate- oder jahrelangem t\u00e4glichen Gebrauch standgehalten haben.<\/li>\n<li><strong>\u201eGro\u00dfartig f\u00fcr Hotels\u201c<\/strong> \u2013 Gastgewerbebetriebe sch\u00e4tzen die Benutzerfreundlichkeit <strong>RFID-Schl\u00fcsselanh\u00e4nger<\/strong> f\u00fcr den Gastzugang, wodurch herk\u00f6mmliche Zimmerschl\u00fcssel \u00fcberfl\u00fcssig werden.<\/li>\n<\/ul>\n<hr \/>\n<h2><strong>FAQs<\/strong><\/h2>\n<h3><strong>1. K\u00f6nnen RFID-Schl\u00fcsselanh\u00e4nger programmiert werden?<\/strong><\/h3>\n<p>Ja, viele <strong>RFID-Schl\u00fcsselanh\u00e4nger<\/strong> Sind <strong>wiederbeschreibbar<\/strong>, d.h. Sie k\u00f6nnen die darauf gespeicherten Daten, wie etwa Zugangsdaten, ver\u00e4ndern.<\/p>\n<h3><strong>2. Wie weit kann ein RFID-Schl\u00fcsselanh\u00e4nger senden?<\/strong><\/h3>\n<p>Die Reichweite eines <strong>RFID-Schl\u00fcsselanh\u00e4nger<\/strong> erstreckt sich typischerweise von <strong>0 bis 10 cm<\/strong> abh\u00e4ngig vom Leseger\u00e4t und den Umgebungsbedingungen.<\/p>\n<h3><strong>3. Sind RFID-Schl\u00fcsselanh\u00e4nger sicher?<\/strong><\/h3>\n<p>Ja, <strong>RFID-Schl\u00fcsselanh\u00e4nger<\/strong> sind sehr sicher. Sie verf\u00fcgen oft \u00fcber Verschl\u00fcsselung und andere Schutzfunktionen, um unbefugten Zugriff zu verhindern.<\/p>\n<h3><strong>4. Welche Branchen verwenden RFID-Schl\u00fcsselanh\u00e4nger?<\/strong><\/h3>\n<p><strong>RFID-Schl\u00fcsselanh\u00e4nger<\/strong> werden in zahlreichen Branchen verwendet, unter anderem im Gastgewerbe, im Gesundheitswesen, in Firmenb\u00fcros und sogar f\u00fcr Autoschl\u00fcssel.<\/p>\n<hr \/>\n<h2><strong>Fazit: Warum RFID-Schl\u00fcsselanh\u00e4nger kaufen?<\/strong><\/h2>\n<p>Investieren in <strong>RFID-Schl\u00fcsselanh\u00e4nger<\/strong> bietet verbesserte Sicherheit, Komfort und Haltbarkeit f\u00fcr Unternehmen und Privatpersonen gleicherma\u00dfen. Egal, ob Sie Ihre <strong>Zutrittskontrollsystem<\/strong>, implementieren <strong>schl\u00fcsselloser Zugang<\/strong> in Ihrem Hotel oder verbessern Sie die Sicherheit in Ihrem B\u00fcro, <strong>RFID-Schl\u00fcsselanh\u00e4nger<\/strong> sind eine praktische L\u00f6sung, die sowohl kosteng\u00fcnstig als auch zuverl\u00e4ssig ist.<\/p>\n<p>Mit ihrer fortschrittlichen Technologie, einfachen Integration mit <strong>RFID-Systeme<\/strong>und langlebige Konstruktion, <strong>RFID-Schl\u00fcsselanh\u00e4nger<\/strong> stellen eine zukunftsweisende L\u00f6sung f\u00fcr die heutigen Sicherheitsherausforderungen dar.<\/p>\n<p>&nbsp;<\/p>","protected":false},"excerpt":{"rendered":"<p><strong>RFID-Schl\u00fcsselanh\u00e4nger<\/strong> ABS ISO14443A bietet Dualfrequenzoptionen (13,56 MHz\/125 KHz), langlebiges Design, programmierbare UID und erweiterte Sicherheitsfunktionen wie Anti-Klonen und verschl\u00fcsselte Kommunikation.<\/p>","protected":false},"featured_media":2861,"template":"","meta":{"_kad_post_transparent":"default","_kad_post_title":"","_kad_post_layout":"default","_kad_post_sidebar_id":"","_kad_post_content_style":"default","_kad_post_vertical_padding":"default","_kad_post_feature":"","_kad_post_feature_position":"","_kad_post_header":false,"_kad_post_footer":false,"_kad_post_classname":""},"product_brand":[],"product_cat":[54],"product_tag":[346,344,345,343,351,350],"class_list":{"0":"post-2860","1":"product","2":"type-product","3":"status-publish","4":"has-post-thumbnail","6":"product_cat-hot-selling-rfid-tags","7":"product_tag-nfc-key-tag","8":"product_tag-nfc-keychain","9":"product_tag-rfid-fob","10":"product_tag-rfid-keyfobs","11":"product_tag-rfid-keyfobs-abs","12":"product_tag-rfid-keyfobs-iso14443a","14":"first","15":"instock","16":"shipping-taxable","17":"product-type-simple","18":"entry","19":"content-bg","20":"loop-entry"},"_links":{"self":[{"href":"https:\/\/rfid-laundry-tag.com\/de\/wp-json\/wp\/v2\/product\/2860","targetHints":{"allow":["GET"]}}],"collection":[{"href":"https:\/\/rfid-laundry-tag.com\/de\/wp-json\/wp\/v2\/product"}],"about":[{"href":"https:\/\/rfid-laundry-tag.com\/de\/wp-json\/wp\/v2\/types\/product"}],"version-history":[{"count":2,"href":"https:\/\/rfid-laundry-tag.com\/de\/wp-json\/wp\/v2\/product\/2860\/revisions"}],"predecessor-version":[{"id":2863,"href":"https:\/\/rfid-laundry-tag.com\/de\/wp-json\/wp\/v2\/product\/2860\/revisions\/2863"}],"wp:featuredmedia":[{"embeddable":true,"href":"https:\/\/rfid-laundry-tag.com\/de\/wp-json\/wp\/v2\/media\/2861"}],"wp:attachment":[{"href":"https:\/\/rfid-laundry-tag.com\/de\/wp-json\/wp\/v2\/media?parent=2860"}],"wp:term":[{"taxonomy":"product_brand","embeddable":true,"href":"https:\/\/rfid-laundry-tag.com\/de\/wp-json\/wp\/v2\/product_brand?post=2860"},{"taxonomy":"product_cat","embeddable":true,"href":"https:\/\/rfid-laundry-tag.com\/de\/wp-json\/wp\/v2\/product_cat?post=2860"},{"taxonomy":"product_tag","embeddable":true,"href":"https:\/\/rfid-laundry-tag.com\/de\/wp-json\/wp\/v2\/product_tag?post=2860"}],"curies":[{"name":"wp","href":"https:\/\/api.w.org\/{rel}","templated":true}]}}