{"id":2853,"date":"2024-11-05T12:54:13","date_gmt":"2024-11-05T12:54:13","guid":{"rendered":"https:\/\/rfid-laundry-tag.com\/?post_type=product&#038;p=2853"},"modified":"2024-11-05T13:04:21","modified_gmt":"2024-11-05T13:04:21","slug":"proximity-abs-tk4100-key-fob","status":"publish","type":"product","link":"https:\/\/rfid-laundry-tag.com\/de\/proximity-abs-tk4100-key-fob\/","title":{"rendered":"N\u00e4herungs-ABS-Schl\u00fcsselanh\u00e4nger TK4100"},"content":{"rendered":"<h2>N\u00e4herungs-ABS-Schl\u00fcsselanh\u00e4nger TK4100<\/h2>\n<table class=\"has-title all magic-13\">\n<tbody>\n<tr>\n<td colspan=\"1\" rowspan=\"2\">\n<div class=\"magic-14\">Material<\/div>\n<\/td>\n<td colspan=\"1\" rowspan=\"1\">\n<div class=\"magic-15\">Antennenmaterial: Aluminiumfolie<\/div>\n<\/td>\n<\/tr>\n<tr>\n<td colspan=\"1\" rowspan=\"1\">\n<div class=\"magic-15\">Oberfl\u00e4chenmaterial: ABS\/Leder\/Holz<\/div>\n<\/td>\n<\/tr>\n<tr>\n<td colspan=\"1\" rowspan=\"1\">\n<div class=\"magic-17\">Gr\u00f6\u00dfe<\/div>\n<\/td>\n<td colspan=\"1\" rowspan=\"1\">\n<div class=\"magic-15\" data-spm-anchor-id=\"a2700.details.0.i41.3c939b1b0qFtg1\">40,38 * 31,5 mm, 35,5 * 28 mm, 51,5 * 32 mm oder individuell<\/div>\n<\/td>\n<\/tr>\n<tr>\n<td colspan=\"1\" rowspan=\"1\">\n<div class=\"magic-17\">Ma\u00dfgeschneidertes Kunsthandwerk<\/div>\n<\/td>\n<td colspan=\"1\" rowspan=\"1\">\n<div class=\"magic-15\">Logo Siebdruck\/UID-Code, Seriencode oder individuell<\/div>\n<\/td>\n<\/tr>\n<tr>\n<td colspan=\"1\" rowspan=\"1\">\n<div class=\"magic-17\">Betriebstemperatur<\/div>\n<\/td>\n<td colspan=\"1\" rowspan=\"1\">\n<div class=\"magic-15\">-20\u00b0C bis +90 \u00b0C<\/div>\n<\/td>\n<\/tr>\n<tr>\n<td colspan=\"1\" rowspan=\"1\">\n<div class=\"magic-17\">kodieren<\/div>\n<\/td>\n<td colspan=\"1\" rowspan=\"1\">\n<div class=\"magic-15\">beschreibbarer Chip Verf\u00fcgbar<\/div>\n<\/td>\n<\/tr>\n<tr>\n<td colspan=\"1\" rowspan=\"1\">\n<div class=\"magic-17\">Farboptionen<\/div>\n<\/td>\n<td colspan=\"1\" rowspan=\"1\">\n<div class=\"magic-15\">Rot, Blau, Schwarz, Lila, Orange, Gelb (kann angepasst werden)<\/div>\n<\/td>\n<\/tr>\n<tr>\n<td colspan=\"1\" rowspan=\"1\">\n<div class=\"magic-17\">Leseabstand<\/div>\n<\/td>\n<td colspan=\"1\" rowspan=\"1\">\n<div class=\"magic-15\">1\u201310\u00a0cm (abh\u00e4ngig vom Leser)<\/div>\n<\/td>\n<\/tr>\n<tr>\n<td colspan=\"1\" rowspan=\"1\">\n<div class=\"magic-17\">Anwendungen<\/div>\n<\/td>\n<td colspan=\"1\" rowspan=\"1\">\n<div class=\"magic-15\" data-spm-anchor-id=\"a2700.details.0.i40.3c939b1b0qFtg1\">Mitgliedersystem\/Fitnessstudio\/Zugangskontrolle\/Zahlung etc.<\/div>\n<\/td>\n<\/tr>\n<\/tbody>\n<\/table>\n<p>&nbsp;<\/p>\n<p>Jede <strong>N\u00e4herungs-ABS-Schl\u00fcsselanh\u00e4nger TK4100<\/strong> ist mit einer eindeutigen ID-Nummer vorprogrammiert und somit ideal f\u00fcr den Einsatz in RFID <strong>N\u00e4herungs-Zugangskontrollsysteme<\/strong>. Diese Schl\u00fcsselanh\u00e4nger sind f\u00fcr die nahtlose Integration in Systeme zur Zugangskontrolle f\u00fcr T\u00fcren, elektrische Schl\u00f6sser und sogar Video-T\u00fcrsprechanlagen konzipiert und gew\u00e4hrleisten sichere und zuverl\u00e4ssige Entriegelungsfunktionen.<\/p>\n<p>Die Schl\u00fcsselanh\u00e4nger sind aus langlebigem <strong>ABS-Material<\/strong>, bietet <strong>wasserdicht<\/strong> Schutz, um eine dauerhafte Leistung in verschiedenen Umgebungen zu gew\u00e4hrleisten. Jeder Schl\u00fcsselanh\u00e4nger ist an einem <strong>Schl\u00fcsselanh\u00e4nger aus Metall<\/strong>, sodass sie leicht zu tragen und an Schl\u00fcsselanh\u00e4ngern oder Schl\u00fcsselb\u00e4ndern zu befestigen sind. Dies macht sie f\u00fcr Benutzer bequem und beh\u00e4lt gleichzeitig ihre Funktionalit\u00e4t unter rauen Bedingungen.<\/p>\n<p>Diese Schl\u00fcsselanh\u00e4nger werden h\u00e4ufig verwendet in <strong>Zutrittskontrollsysteme<\/strong>, die Funktionen wie T\u00fcrentriegelung, Passwortverwaltung und Zugangsberechtigungen erm\u00f6glichen. Sie sind <strong>kompatibel mit Standard-EM-ID-Zugangsger\u00e4ten<\/strong> oder <strong>ID-Leseger\u00e4te<\/strong>, wodurch sie \u00e4u\u00dferst vielseitig f\u00fcr verschiedene Anwendungen zur Zugangskontrolle sind.<\/p>","protected":false},"excerpt":{"rendered":"<p>Der <strong>N\u00e4herungs-ABS-Schl\u00fcsselanh\u00e4nger TK4100<\/strong> ist ein \u00e4u\u00dferst zuverl\u00e4ssiger, langlebiger und sicherer RFID-Schl\u00fcsselanh\u00e4nger, der f\u00fcr verschiedene Zugangskontrollsysteme geeignet ist. Er ist mit einer eindeutigen ID vorprogrammiert und wird h\u00e4ufig verwendet f\u00fcr <strong>T\u00fcren \u00f6ffnen<\/strong>, <strong>Passw\u00f6rter verwalten<\/strong>und mehr. Aus wasserdichtem ABS-Material mit einem Schl\u00fcsselring aus Metall gefertigt, ist es ideal f\u00fcr den Einsatz im Innen- und Au\u00dfenbereich.<\/p>","protected":false},"featured_media":2855,"template":"","meta":{"_kad_post_transparent":"default","_kad_post_title":"","_kad_post_layout":"default","_kad_post_sidebar_id":"","_kad_post_content_style":"default","_kad_post_vertical_padding":"default","_kad_post_feature":"","_kad_post_feature_position":"","_kad_post_header":false,"_kad_post_footer":false,"_kad_post_classname":""},"product_brand":[],"product_cat":[54],"product_tag":[348,346,349,344,345,343],"class_list":{"0":"post-2853","1":"product","2":"type-product","3":"status-publish","4":"has-post-thumbnail","6":"product_cat-hot-selling-rfid-tags","7":"product_tag-nfc-key-fobs-ntag213","8":"product_tag-nfc-key-tag","9":"product_tag-nfc-key-tags","10":"product_tag-nfc-keychain","11":"product_tag-rfid-fob","12":"product_tag-rfid-keyfobs","14":"first","15":"instock","16":"shipping-taxable","17":"product-type-simple","18":"entry","19":"content-bg","20":"loop-entry"},"_links":{"self":[{"href":"https:\/\/rfid-laundry-tag.com\/de\/wp-json\/wp\/v2\/product\/2853","targetHints":{"allow":["GET"]}}],"collection":[{"href":"https:\/\/rfid-laundry-tag.com\/de\/wp-json\/wp\/v2\/product"}],"about":[{"href":"https:\/\/rfid-laundry-tag.com\/de\/wp-json\/wp\/v2\/types\/product"}],"version-history":[{"count":2,"href":"https:\/\/rfid-laundry-tag.com\/de\/wp-json\/wp\/v2\/product\/2853\/revisions"}],"predecessor-version":[{"id":2859,"href":"https:\/\/rfid-laundry-tag.com\/de\/wp-json\/wp\/v2\/product\/2853\/revisions\/2859"}],"wp:featuredmedia":[{"embeddable":true,"href":"https:\/\/rfid-laundry-tag.com\/de\/wp-json\/wp\/v2\/media\/2855"}],"wp:attachment":[{"href":"https:\/\/rfid-laundry-tag.com\/de\/wp-json\/wp\/v2\/media?parent=2853"}],"wp:term":[{"taxonomy":"product_brand","embeddable":true,"href":"https:\/\/rfid-laundry-tag.com\/de\/wp-json\/wp\/v2\/product_brand?post=2853"},{"taxonomy":"product_cat","embeddable":true,"href":"https:\/\/rfid-laundry-tag.com\/de\/wp-json\/wp\/v2\/product_cat?post=2853"},{"taxonomy":"product_tag","embeddable":true,"href":"https:\/\/rfid-laundry-tag.com\/de\/wp-json\/wp\/v2\/product_tag?post=2853"}],"curies":[{"name":"wp","href":"https:\/\/api.w.org\/{rel}","templated":true}]}}