{"id":2850,"date":"2024-11-05T12:42:51","date_gmt":"2024-11-05T12:42:51","guid":{"rendered":"https:\/\/rfid-laundry-tag.com\/?post_type=product&#038;p=2850"},"modified":"2024-11-05T12:49:55","modified_gmt":"2024-11-05T12:49:55","slug":"nfc-key-fobs-ntag213","status":"publish","type":"product","link":"https:\/\/rfid-laundry-tag.com\/de\/nfc-key-fobs-ntag213\/","title":{"rendered":"NFC Schl\u00fcsselanh\u00e4nger Ntag213"},"content":{"rendered":"<h2>NFC Schl\u00fcsselanh\u00e4nger Ntag213<\/h2>\n<p>NFC-Schl\u00fcsselanh\u00e4nger wie der Ntag213 revolutionieren die Art und Weise, wie wir mit unserer Umgebung interagieren, und bieten sichere, kontaktlose L\u00f6sungen f\u00fcr Zugangskontrolle, Identifikation und mehr. Egal, ob Sie ein schl\u00fcsselloses Zugangssystem f\u00fcr Ihr B\u00fcro, Hotel oder Privatfahrzeug ben\u00f6tigen, der Ntag213 NFC-Schl\u00fcsselanh\u00e4nger bietet ein nahtloses und zuverl\u00e4ssiges Erlebnis. Diese Produktbeschreibung befasst sich eingehend mit den Vorteilen, Funktionen und Einsatzm\u00f6glichkeiten des Ntag213 NFC-Schl\u00fcsselanh\u00e4ngers und bietet umfassende Details f\u00fcr diejenigen, die diese fortschrittliche Technologie in Betracht ziehen.<\/p>\n<hr \/>\n<h2>Produkt\u00fcbersicht<\/h2>\n<p>Der <strong>NFC Schl\u00fcsselanh\u00e4nger Ntag213<\/strong> ist ein leistungsstarkes, kontaktloses Ger\u00e4t, das die Near Field Communication (NFC)-Technologie nutzt. Dieser Schl\u00fcsselanh\u00e4nger ist kompakt, sicher und benutzerfreundlich und erm\u00f6glicht eine breite Palette von Anwendungen, darunter Zugangskontrolle, Zahlungssysteme und Produktauthentifizierung. Mit einem Fokus auf Sicherheit, Benutzerfreundlichkeit und Effizienz bietet der Ntag213-Schl\u00fcsselanh\u00e4nger \u00fcberlegene Funktionalit\u00e4t f\u00fcr Unternehmen, Hotels, Privathaushalte und mehr.<\/p>\n<h3>Warum den Ntag213 NFC-Schl\u00fcsselanh\u00e4nger kaufen?<\/h3>\n<p>Der Ntag213 ist mehr als nur ein Schl\u00fcsselanh\u00e4nger \u2013 er ist eine zuverl\u00e4ssige und sichere Zugangsl\u00f6sung. Er bietet eine Kombination aus hochwertiger Leistung, einfacher Integration und Kompatibilit\u00e4t mit vorhandenen Systemen und ist die ideale Wahl f\u00fcr Unternehmen, die ihre Sicherheitsma\u00dfnahmen verbessern m\u00f6chten, oder f\u00fcr Einzelpersonen, die ihren Zugang effizienter verwalten m\u00f6chten. Aus diesen Gr\u00fcnden lohnt sich die Investition:<\/p>\n<ul>\n<li><strong>Zuverl\u00e4ssige Sicherheit:<\/strong> Dank integrierter Verschl\u00fcsselung und einer eindeutigen Kennung (UID) gew\u00e4hrleistet dieser Schl\u00fcsselanh\u00e4nger einen sicheren Zugriff ohne das Risiko einer Duplizierung oder unbefugten Verwendung.<\/li>\n<li><strong>Langlebige Haltbarkeit:<\/strong> Der f\u00fcr den allt\u00e4glichen Gebrauch konzipierte Ntag213 NFC-Schl\u00fcsselanh\u00e4nger verf\u00fcgt \u00fcber eine lange Lebensdauer mit bis zu 100.000 Schreibzyklen und einer Datenspeicherzeit von 10 Jahren.<\/li>\n<li><strong>Vielseitige Kompatibilit\u00e4t:<\/strong> Seine Kompatibilit\u00e4t mit beiden <strong>13,56 MHz RFID-Systeme<\/strong> Und <strong>NFC-f\u00e4hige Ger\u00e4te<\/strong> macht es zu einer vielseitigen L\u00f6sung f\u00fcr eine Vielzahl von Anwendungen.<\/li>\n<\/ul>\n<p>Lassen Sie uns tiefer in die Hauptfunktionen und Vorteile des Ntag213 NFC-Schl\u00fcsselanh\u00e4ngers eintauchen.<\/p>\n<hr \/>\n<h2>NFC-Technologie: Das R\u00fcckgrat moderner Sicherheitsl\u00f6sungen<\/h2>\n<p>Die NFC-Technologie (Near-Field Communication) ist die treibende Kraft hinter kontaktlosen Zugangssystemen. <strong>Ntag213<\/strong> ist einer der beliebtesten NFC-Tags von <strong>NXP\u00ae Halbleiter<\/strong>, unter Einhaltung der <strong>NFC-Forum Typ 2-Tag<\/strong> Standard. Diese Konformit\u00e4t stellt sicher, dass das Ger\u00e4t reibungslos mit NFC-f\u00e4higen Smartphones, Tablets und speziellen NFC-Leseger\u00e4ten funktioniert.<\/p>\n<h3>Nahtlose Integration mit Zugangskontrollsystemen<\/h3>\n<p>Ob es sich um ein <strong>Hotel-Zugangssystem<\/strong>, <strong>Schl\u00fcsselloser Zugang f\u00fcr B\u00fcros<\/strong>oder ein pers\u00f6nliches Zugangskontrollsystem, die NFC-Technologie vereinfacht den Vorgang. Die <strong>Ntag213 NFC-Schl\u00fcsselanh\u00e4nger<\/strong> ist eine entscheidende Komponente moderner Zugangsl\u00f6sungen und bietet eine <strong>sicheres, kontaktloses Verfahren<\/strong> zum \u00d6ffnen von T\u00fcren, zum Zutritt zu Sperrbereichen und sogar zum T\u00e4tigen von Zahlungen. Mit den intuitiven N\u00e4herungsfunktionen k\u00f6nnen Benutzer T\u00fcren \u00f6ffnen, indem sie den Anh\u00e4nger einfach in die N\u00e4he eines NFC-f\u00e4higen Leseger\u00e4ts halten.<\/p>\n<h3>Erh\u00f6hter Benutzerkomfort<\/h3>\n<p>Die NFC-Technologie macht herk\u00f6mmliche Schl\u00fcssel oder physische Karten \u00fcberfl\u00fcssig und erm\u00f6glicht einen schnelleren und effizienteren Zugang. <strong>Leseabstand<\/strong> von bis zu 100 mm (je nach Antennengeometrie) sorgt daf\u00fcr, dass der Schl\u00fcsselanh\u00e4nger problemlos gescannt werden kann, ohne dass direkter Kontakt erforderlich ist. Diese Funktion bietet sowohl Gesch\u00e4ftsinhabern als auch Benutzern zus\u00e4tzlichen Komfort.<\/p>\n<hr \/>\n<h2>Hauptmerkmale des Ntag213 NFC-Schl\u00fcsselanh\u00e4ngers<\/h2>\n<h3>1. <strong>Integrierte Sicherheitsfunktionen f\u00fcr sicheren Zugriff<\/strong><\/h3>\n<p>Sicherheit hat bei der Zugangskontrolle h\u00f6chste Priorit\u00e4t. <strong>Ntag213 NFC-Schl\u00fcsselanh\u00e4nger<\/strong> liefert genau das. Mit seiner <strong>eindeutige 7-Byte-UID<\/strong>, das Ger\u00e4t stellt sicher, dass jeder Schl\u00fcsselanh\u00e4nger einzigartig ist, und verhindert so eine unbefugte Vervielf\u00e4ltigung. <strong>Passwortschutz<\/strong> Und <strong>ECC-basierte Originalit\u00e4tssignatur<\/strong> Sch\u00fctzen Sie die Daten zus\u00e4tzlich und stellen Sie sicher, dass der Anh\u00e4nger nicht manipuliert werden kann.<\/p>\n<ul>\n<li><strong>Passwortschutz<\/strong>: Die M\u00f6glichkeit, ein 32-Bit-Passwort zu konfigurieren, stellt sicher, dass nur autorisierte Benutzer auf das System zugreifen k\u00f6nnen.<\/li>\n<li><strong>ECC-Signatur<\/strong>: Der <strong>ECC-basierte Originalit\u00e4tssignatur<\/strong> bietet eine zus\u00e4tzliche Sicherheitsebene und erschwert Betr\u00fcgern die F\u00e4lschung des Schl\u00fcsselanh\u00e4ngers.<\/li>\n<\/ul>\n<h3>2. <strong>Vielseitig einsetzbar<\/strong><\/h3>\n<p>Einer der gr\u00f6\u00dften Vorteile des <strong>Ntag213 NFC-Schl\u00fcsselanh\u00e4nger<\/strong> ist seine Vielseitigkeit. Es kann f\u00fcr verschiedene Anwendungen verwendet werden, darunter:<\/p>\n<ul>\n<li><strong>Zugriffskontrolle:<\/strong> Wird zum Aufschlie\u00dfen von T\u00fcren in B\u00fcros, Hotels oder Wohnungen verwendet.<\/li>\n<li><strong>Zahlungssysteme:<\/strong> Sicheres, kontaktloses Bezahlen durch mobile NFC-Integration.<\/li>\n<li><strong>Produktauthentifizierung:<\/strong> \u00dcberpr\u00fcfen Sie die Echtheit von hochwertigen Produkten oder Waren.<\/li>\n<li><strong>Intelligente Werbung:<\/strong> Verbessern Sie Out-of-Home-Marketingkampagnen durch in Printmedien eingebettete NFC-Tags.<\/li>\n<\/ul>\n<h3>3. <strong>Haltbarkeit und Langlebigkeit<\/strong><\/h3>\n<p>Mit einem <strong>Schreiblebensdauer von 100.000 Zyklen<\/strong> und ein <strong>Datenaufbewahrungszeit von 10 Jahren<\/strong>, Die <strong>Ntag213 NFC-Schl\u00fcsselanh\u00e4nger<\/strong> ist auf Langlebigkeit ausgelegt. Egal, ob Sie den Schl\u00fcsselanh\u00e4nger t\u00e4glich in einer gesch\u00e4ftigen B\u00fcroumgebung oder in einer Anwendung mit geringem Datenverkehr verwenden, dieser Schl\u00fcsselanh\u00e4nger h\u00e4lt einer langfristigen Nutzung ohne Leistungseinbu\u00dfen stand.<\/p>\n<h3>4. <strong>Kompaktes und leichtes Design<\/strong><\/h3>\n<p>Der Ntag213-Schl\u00fcsselanh\u00e4nger ist kompakt und leicht und l\u00e4sst sich daher leicht transportieren. Er ist <strong>kompatibel mit Schl\u00fcsselanh\u00e4ngern<\/strong>, sodass Benutzer es f\u00fcr einen bequemen Zugriff an ihren Schl\u00fcsseln befestigen k\u00f6nnen. Das <strong>geringer Platzbedarf<\/strong> macht es ideal f\u00fcr Anwendungen, die platzsparende L\u00f6sungen erfordern, wie z. B. eingebettete Tags in Produktetiketten oder Spielkarten.<\/p>\n<hr \/>\n<h2>Umweltauswirkungen und Nachhaltigkeit<\/h2>\n<p>Da Unternehmen und Verbraucher gleicherma\u00dfen weiterhin Wert auf Nachhaltigkeit legen, <strong>Ntag213 NFC-Schl\u00fcsselanh\u00e4nger<\/strong> wurde mit Blick auf die Umwelt entworfen. Seine <strong>geringer Energieverbrauch<\/strong> und die lange Haltbarkeit tragen dazu bei, dass weniger Abfall entsteht und im Laufe der Zeit weniger Ersatz ben\u00f6tigt wird. Dar\u00fcber hinaus <strong>passiver RFID-Tag<\/strong>, der Ntag213 ben\u00f6tigt f\u00fcr seinen Betrieb keine Batterie, was seinen \u00f6kologischen Fu\u00dfabdruck weiter minimiert.<\/p>\n<hr \/>\n<h2>So verwenden Sie den Ntag213 NFC-Schl\u00fcsselanh\u00e4nger<\/h2>\n<p>Mit dem <strong>Ntag213 NFC-Schl\u00fcsselanh\u00e4nger<\/strong> ist einfach und unkompliziert:<\/p>\n<ol>\n<li><strong>Programmierung<\/strong>: Verwenden Sie kompatible NFC-Software oder Leseger\u00e4te, um den Schl\u00fcsselanh\u00e4nger mit den erforderlichen Informationen wie Zugangsdaten oder Zahlungsinformationen zu programmieren.<\/li>\n<li><strong>Integration<\/strong>: Integrieren Sie den Anh\u00e4nger in ein NFC-f\u00e4higes Zugangskontrollsystem oder Zahlungsterminal.<\/li>\n<li><strong>Aktivierung<\/strong>: Halten Sie den Schl\u00fcsselanh\u00e4nger in die N\u00e4he eines NFC-Leseger\u00e4ts, um Zugang zu erhalten oder eine Transaktion abzuschlie\u00dfen. <strong>kontaktlos<\/strong> Interaktion gew\u00e4hrleistet eine reibungslose und effiziente Nutzung.<\/li>\n<\/ol>\n<hr \/>\n<h2>Kundenrezensionen<\/h2>\n<p>Viele Benutzer lobten die <strong>Ntag213 NFC-Schl\u00fcsselanh\u00e4nger<\/strong> f\u00fcr seine <strong>Benutzerfreundlichkeit<\/strong>, <strong>Sicherheit<\/strong>, Und <strong>Zuverl\u00e4ssigkeit<\/strong>Hier einige Erfahrungsberichte zufriedener Kunden:<\/p>\n<ul>\n<li><strong>John D., B\u00fcroleiter<\/strong>: \u201eMit dem Ntag213 ist der Zugang zu unserem B\u00fcrogeb\u00e4ude einfacher als je zuvor. Es ist sicher, einfach zu bedienen und ich muss mir keine Sorgen mehr \u00fcber verlorene Schl\u00fcssel machen.\u201c<\/li>\n<li><strong>Sarah T., Hotelbesitzerin<\/strong>: \u201eWir haben den Ntag213 f\u00fcr unser Hotelschl\u00fcsselsystem implementiert und die G\u00e4stezufriedenheit hat sich deutlich verbessert. Er ist schnell, sicher und sehr praktisch.\u201c<\/li>\n<\/ul>\n<hr \/>\n<h2>FAQs<\/h2>\n<h3>F1: Kann ich den Ntag213-Schl\u00fcsselanh\u00e4nger selbst programmieren?<\/h3>\n<p>Ja, Sie k\u00f6nnen den Ntag213-Schl\u00fcsselanh\u00e4nger mit kompatiblen NFC-Leseger\u00e4ten und Software programmieren. Dies erleichtert die Integration des Anh\u00e4ngers in Ihre vorhandenen Systeme.<\/p>\n<h3>F2: Wie lange h\u00e4lt die Batterie des Ntag213-Schl\u00fcsselanh\u00e4ngers?<\/h3>\n<p>Der Ntag213-Schl\u00fcsselanh\u00e4nger ben\u00f6tigt keine Batterie, da er mit <strong>passive RFID-Technologie<\/strong>, wobei bei unmittelbarer N\u00e4he Strom vom NFC-Leseger\u00e4t bezogen wird.<\/p>\n<h3>F3: Wie gro\u00df ist die Lesereichweite des Ntag213 NFC-Schl\u00fcsselanh\u00e4ngers?<\/h3>\n<p>Die typische Lesereichweite betr\u00e4gt bis zu 100 mm, abh\u00e4ngig von Faktoren wie <strong>Antennendesign des Lesers<\/strong> und Feldst\u00e4rke.<\/p>\n<hr \/>\n<h2>Fazit: Warum sollten Sie sich f\u00fcr den Ntag213 NFC-Schl\u00fcsselanh\u00e4nger entscheiden?<\/h2>\n<p>Der <strong>Ntag213 NFC-Schl\u00fcsselanh\u00e4nger<\/strong> bietet eine ideale Kombination aus Sicherheit, Zuverl\u00e4ssigkeit und Benutzerfreundlichkeit. <strong>kontaktlose Technologie<\/strong>, <strong>kompakte Bauweise<\/strong>, Und <strong>Vielseitige Anwendungsm\u00f6glichkeiten<\/strong> machen es zur perfekten Wahl f\u00fcr moderne Zugangskontrollsysteme, Zahlungen und Identifikation. Egal, ob Sie ein Unternehmen sind, das seine Sicherheitsinfrastruktur verbessern m\u00f6chte, oder ein Verbraucher, der eine bequeme, sichere L\u00f6sung f\u00fcr seine pers\u00f6nlichen Zugangsanforderungen sucht, der Ntag213 ist eine kluge Investition.<\/p>\n<p>Sichern Sie sich noch heute Ihren Zugang mit dem <strong>Ntag213 NFC-Schl\u00fcsselanh\u00e4nger<\/strong>\u2013 die Zukunft der kontaktlosen Sicherheit ist hier.<\/p>","protected":false},"excerpt":{"rendered":"<p><strong>Ntag213 NFC-Schl\u00fcsselanh\u00e4nger<\/strong> bietet eine ideale Kombination aus Sicherheit, Zuverl\u00e4ssigkeit und Benutzerfreundlichkeit. <strong>kontaktlose Technologie<\/strong>, <strong>kompakte Bauweise<\/strong>, Und <strong>Vielseitige Anwendungsm\u00f6glichkeiten<\/strong> machen es zur perfekten Wahl f\u00fcr moderne Zugangskontrollsysteme, Zahlungen und Identifizierung.<\/p>","protected":false},"featured_media":2845,"template":"","meta":{"_kad_post_transparent":"default","_kad_post_title":"","_kad_post_layout":"default","_kad_post_sidebar_id":"","_kad_post_content_style":"default","_kad_post_vertical_padding":"default","_kad_post_feature":"","_kad_post_feature_position":"","_kad_post_header":false,"_kad_post_footer":false,"_kad_post_classname":""},"product_brand":[],"product_cat":[54],"product_tag":[348,346,349,344,345,343],"class_list":{"0":"post-2850","1":"product","2":"type-product","3":"status-publish","4":"has-post-thumbnail","6":"product_cat-hot-selling-rfid-tags","7":"product_tag-nfc-key-fobs-ntag213","8":"product_tag-nfc-key-tag","9":"product_tag-nfc-key-tags","10":"product_tag-nfc-keychain","11":"product_tag-rfid-fob","12":"product_tag-rfid-keyfobs","14":"first","15":"instock","16":"shipping-taxable","17":"product-type-simple","18":"entry","19":"content-bg","20":"loop-entry"},"_links":{"self":[{"href":"https:\/\/rfid-laundry-tag.com\/de\/wp-json\/wp\/v2\/product\/2850","targetHints":{"allow":["GET"]}}],"collection":[{"href":"https:\/\/rfid-laundry-tag.com\/de\/wp-json\/wp\/v2\/product"}],"about":[{"href":"https:\/\/rfid-laundry-tag.com\/de\/wp-json\/wp\/v2\/types\/product"}],"version-history":[{"count":2,"href":"https:\/\/rfid-laundry-tag.com\/de\/wp-json\/wp\/v2\/product\/2850\/revisions"}],"predecessor-version":[{"id":2852,"href":"https:\/\/rfid-laundry-tag.com\/de\/wp-json\/wp\/v2\/product\/2850\/revisions\/2852"}],"wp:featuredmedia":[{"embeddable":true,"href":"https:\/\/rfid-laundry-tag.com\/de\/wp-json\/wp\/v2\/media\/2845"}],"wp:attachment":[{"href":"https:\/\/rfid-laundry-tag.com\/de\/wp-json\/wp\/v2\/media?parent=2850"}],"wp:term":[{"taxonomy":"product_brand","embeddable":true,"href":"https:\/\/rfid-laundry-tag.com\/de\/wp-json\/wp\/v2\/product_brand?post=2850"},{"taxonomy":"product_cat","embeddable":true,"href":"https:\/\/rfid-laundry-tag.com\/de\/wp-json\/wp\/v2\/product_cat?post=2850"},{"taxonomy":"product_tag","embeddable":true,"href":"https:\/\/rfid-laundry-tag.com\/de\/wp-json\/wp\/v2\/product_tag?post=2850"}],"curies":[{"name":"wp","href":"https:\/\/api.w.org\/{rel}","templated":true}]}}