{"id":2843,"date":"2024-11-05T12:37:22","date_gmt":"2024-11-05T12:37:22","guid":{"rendered":"https:\/\/rfid-laundry-tag.com\/?post_type=product&#038;p=2843"},"modified":"2024-11-05T12:37:24","modified_gmt":"2024-11-05T12:37:24","slug":"rfid-keyfobs-mifare-s50-1k","status":"publish","type":"product","link":"https:\/\/rfid-laundry-tag.com\/de\/rfid-keyfobs-mifare-s50-1k\/","title":{"rendered":"RFID Schl\u00fcsselanh\u00e4nger Mifare S50 1K"},"content":{"rendered":"<h2>RFID Schl\u00fcsselanh\u00e4nger Mifare S50 1K<\/h2>\n<p><span class=\"AnswerParser_TextContainer__z_Iiv\" data-testid=\"youchat-text\">Der Vielseitige <strong>RFID-Schl\u00fcsselanh\u00e4nger<\/strong> stellt die perfekte Mischung aus Komfort und Sicherheit f\u00fcr moderne Zugangskontrollsysteme dar. Diese kompakten Ger\u00e4te sind sowohl in den Frequenzen 13,56 MHz als auch 125 kHz erh\u00e4ltlich und bieten zuverl\u00e4ssige Identifizierung und nahtloses Zugangsmanagement f\u00fcr verschiedene Anwendungen.<\/span><\/p>\n<p>NXP<sup>\u00ae<\/sup>\u00a0hat das MIFARE<sup>\u00ae<\/sup>\u00a0MF1ICS50 zur Verwendung in einer kontaktlosen Chipkarte gem\u00e4\u00df ISO\/IEC 14443 Typ-A.<\/p>\n<p>Der MIFARE MF1ICS50 IC wird in Anwendungen wie dem Ticketverkauf im \u00f6ffentlichen Nahverkehr eingesetzt, wo Gro\u00dfst\u00e4dte MIFARE als bevorzugte E-Ticketing-L\u00f6sung eingef\u00fchrt haben.<\/p>\n<p>Eine intelligente Antikollisionsfunktion erm\u00f6glicht den gleichzeitigen Einsatz mehrerer Karten im Feld. Der Antikollisionsalgorithmus w\u00e4hlt jede Karte einzeln aus und stellt sicher, dass die Ausf\u00fchrung einer Transaktion mit einer ausgew\u00e4hlten Karte korrekt erfolgt, ohne dass es zu Datenverf\u00e4lschungen durch andere Karten im Feld kommt.<\/p>\n<p>Das MF1ICS50 ist auf einfache Integration und Benutzerfreundlichkeit ausgelegt. So k\u00f6nnen komplette Tickettransaktionen in weniger als 100 ms abgewickelt werden. Der Benutzer der MF1ICS50-Karte muss daher nicht am Leseger\u00e4t anhalten, was zu einem hohen Durchsatz an den Toren und k\u00fcrzeren Einstiegszeiten in Busse f\u00fchrt. Die auf MIFARE basierende Karte kann w\u00e4hrend der Transaktion auch in der Brieftasche verbleiben, selbst wenn sich M\u00fcnzen darin befinden.<\/p>\n<h3>Funktionen des Mifare S50 1K Chip<\/h3>\n<div id=\"featuresXsp\" class=\"features-list\">\n<div class=\"features-xsp\">\n<div class=\"collapse-mobile ste-list\">\n<h3>MIFARE, HF-Schnittstelle (ISO\/IEC 14443 A)<\/h3>\n<ul class=\"boxes\">\n<li>Kontaktlose Daten\u00fcbertragung und Energieversorgung (keine Batterie notwendig)<\/li>\n<li>Reichweite: Bis zu 100 mm (abh\u00e4ngig von der Antennengeometrie)<\/li>\n<li>Betriebsfrequenz: 13,56 MHz<\/li>\n<li>Daten\u00fcbertragung: 106 kbit\/s<\/li>\n<li>Datenintegrit\u00e4t: 16-Bit CRC, Parit\u00e4t, Bitcodierung, Bitz\u00e4hlung<\/li>\n<li>Antikollisions<\/li>\n<li>Typische Tickettransaktion: &lt; 100 ms (einschlie\u00dflich Backup-Management)<\/li>\n<\/ul>\n<\/div>\n<div class=\"collapse-mobile ste-list\">\n<h3>EEPROM<\/h3>\n<ul class=\"boxes\">\n<li>1 kB \u2013 4 kB, organisiert in 16 Sektoren mit 4 Bl\u00f6cken zu je 16 Byte (ein Block besteht aus 16 Byte)<\/li>\n<li>Benutzerdefinierbare Zugriffsbedingungen f\u00fcr jeden Speicherblock<\/li>\n<li>Datenaufbewahrung von 10 Jahren<\/li>\n<li>Schreiblebensdauer 100.000 \u2013 200.000 Zyklen<\/li>\n<\/ul>\n<\/div>\n<div class=\"collapse-mobile ste-list\">\n<h3>Sicherheit<\/h3>\n<ul class=\"boxes\">\n<li>Gegenseitige Drei-Pass-Authentifizierung (ISO\/IEC DIS 9798-2)<\/li>\n<li>Ein individueller Satz von zwei Schl\u00fcsseln pro Sektor (pro Anwendung) zur Unterst\u00fctzung mehrerer Anwendungen mit Schl\u00fcsselhierarchie<\/li>\n<li>Eine eindeutige Seriennummer f\u00fcr jedes Ger\u00e4t<\/li>\n<\/ul>\n<\/div>\n<div class=\"collapse-mobile ste-list\">\n<h3>Lieferoptionen<\/h3>\n<ul class=\"boxes\">\n<li>Chip auf Wafer<\/li>\n<li>Bumped Die auf Wafer<\/li>\n<li>Kontaktloses Kartenmodul MOA4 oder MOA2<\/li>\n<\/ul>\n<\/div>\n<\/div>\n<\/div>\n<h2 class=\"AnswerParser_AnswerParserH2__SIHnF\">Produkt\u00fcbersicht und technische Daten<\/h2>\n<p><span class=\"AnswerParser_TextContainer__z_Iiv\" data-testid=\"youchat-text\">Unsere RFID-Schl\u00fcsselanh\u00e4nger bieten:<\/span><\/p>\n<ul class=\"AnswerParser_AnswerParserUnorderedList__P_1FW\">\n<li class=\"AnswerParser_ListItem__XqLOV\" translate=\"yes\">Dualfrequenzoptionen: 13,56 MHz<\/li>\n<li class=\"AnswerParser_ListItem__XqLOV\" translate=\"yes\">Robuste ABS- oder Lederkonstruktion<\/li>\n<li class=\"AnswerParser_ListItem__XqLOV\" translate=\"yes\">Kompatibel mit den wichtigsten Zugangskontrollsystemen<\/li>\n<li class=\"AnswerParser_ListItem__XqLOV\" translate=\"yes\">Programmierbare UID<\/li>\n<li class=\"AnswerParser_ListItem__XqLOV\" translate=\"yes\">Wasserfestes Design<\/li>\n<li class=\"AnswerParser_ListItem__XqLOV\" translate=\"yes\">Signalblockierungsschutz<\/li>\n<\/ul>\n<h2 class=\"AnswerParser_AnswerParserH2__SIHnF\">Erweiterte Sicherheitsfunktionen<\/h2>\n<p><span class=\"AnswerParser_TextContainer__z_Iiv\" data-testid=\"youchat-text\">Sicherheit steht bei unserem Schl\u00fcsselanh\u00e4nger-Design an erster Stelle:<\/span><\/p>\n<ul class=\"AnswerParser_AnswerParserUnorderedList__P_1FW\">\n<li class=\"AnswerParser_ListItem__XqLOV\" translate=\"yes\"><strong>Anti-Klon-Technologie<\/strong>: Verhindert unerlaubte Duplizierung<\/li>\n<li class=\"AnswerParser_ListItem__XqLOV\" translate=\"yes\"><strong>Verschl\u00fcsselte Kommunikation<\/strong>: Sichere Daten\u00fcbertragung<\/li>\n<li class=\"AnswerParser_ListItem__XqLOV\" translate=\"yes\"><strong>Eindeutige Kennung<\/strong>: Jeder Schl\u00fcsselanh\u00e4nger hat eine eindeutige UID<\/li>\n<li class=\"AnswerParser_ListItem__XqLOV\" translate=\"yes\"><strong>Signalschutz<\/strong>: Optionale Faradaysche K\u00e4figtechnologie verf\u00fcgbar<\/li>\n<\/ul>\n<h2 class=\"AnswerParser_AnswerParserH2__SIHnF\">Anwendungen und Anwendungsf\u00e4lle<\/h2>\n<p><span class=\"AnswerParser_TextContainer__z_Iiv\" data-testid=\"youchat-text\">Diese vielseitigen <strong>RFID Schl\u00fcsselanh\u00e4nger Mifare S50 1K<\/strong> herausragend in:<\/span><\/p>\n<ul class=\"AnswerParser_AnswerParserUnorderedList__P_1FW\">\n<li class=\"AnswerParser_ListItem__XqLOV\" translate=\"yes\">T\u00fcrzugangskontrollsysteme<\/li>\n<li class=\"AnswerParser_ListItem__XqLOV\" translate=\"yes\">Zugang zum Hotelzimmer<\/li>\n<li class=\"AnswerParser_ListItem__XqLOV\" translate=\"yes\">Schl\u00fcsselloser Zugang zum Fahrzeug<\/li>\n<li class=\"AnswerParser_ListItem__XqLOV\" translate=\"yes\">Zeiterfassung<\/li>\n<li class=\"AnswerParser_ListItem__XqLOV\" translate=\"yes\">Zahlungssysteme<\/li>\n<li class=\"AnswerParser_ListItem__XqLOV\" translate=\"yes\">Club-\/SPA-Mitgliederverwaltung<\/li>\n<li class=\"AnswerParser_ListItem__XqLOV\" translate=\"yes\">Parkzugangskontrolle<\/li>\n<\/ul>\n<h2 class=\"AnswerParser_AnswerParserH2__SIHnF\">Design und Haltbarkeit<\/h2>\n<p><span class=\"AnswerParser_TextContainer__z_Iiv\" data-testid=\"youchat-text\">Unsere Schl\u00fcsselanh\u00e4nger sind auf Langlebigkeit ausgelegt:<\/span><\/p>\n<ul class=\"AnswerParser_AnswerParserUnorderedList__P_1FW\">\n<li class=\"AnswerParser_ListItem__XqLOV\" translate=\"yes\">Schlagfestes ABS-Geh\u00e4use<\/li>\n<li class=\"AnswerParser_ListItem__XqLOV\" translate=\"yes\">Auswahl an Premium-Lederoptionen<\/li>\n<li class=\"AnswerParser_ListItem__XqLOV\" translate=\"yes\">Verst\u00e4rkte Schl\u00fcsselringbefestigung<\/li>\n<li class=\"AnswerParser_ListItem__XqLOV\" translate=\"yes\">Wetterfeste Konstruktion<\/li>\n<li class=\"AnswerParser_ListItem__XqLOV\" translate=\"yes\">In mehreren Farben verf\u00fcgbar<\/li>\n<\/ul>\n<h2 class=\"AnswerParser_AnswerParserH2__SIHnF\">Tabelle \u201eTechnische Daten\u201c<\/h2>\n<div class=\"AnswerParser_TableContainer__Erb6v\" data-testid=\"table-container\">\n<table>\n<thead>\n<tr>\n<th style=\"text-align: left;\">Besonderheit<\/th>\n<th style=\"text-align: left;\">Spezifikation<\/th>\n<\/tr>\n<\/thead>\n<tbody>\n<tr>\n<td>Frequenzoptionen<\/td>\n<td>13,56 MHz<\/td>\n<\/tr>\n<tr>\n<td>Lesebereich<\/td>\n<td>Bis zu 5cm<\/td>\n<\/tr>\n<tr>\n<td>Erinnerung<\/td>\n<td>1K (Mifare S50)<\/td>\n<\/tr>\n<tr>\n<td>Material<\/td>\n<td>ABS oder Leder<\/td>\n<\/tr>\n<tr>\n<td>Gr\u00f6\u00dfe<\/td>\n<td>40 mm x 30 mm x 6 mm<\/td>\n<\/tr>\n<tr>\n<td>Betriebstemperatur<\/td>\n<td>-20\u00b0C bis +70\u00b0C<\/td>\n<\/tr>\n<\/tbody>\n<\/table>\n<\/div>\n<h2 class=\"AnswerParser_AnswerParserH2__SIHnF\">Anpassungsoptionen<\/h2>\n<p><span class=\"AnswerParser_TextContainer__z_Iiv\" data-testid=\"youchat-text\">Wir bieten umfassende Anpassungen an:<\/span><\/p>\n<ul class=\"AnswerParser_AnswerParserUnorderedList__P_1FW\">\n<li class=\"AnswerParser_ListItem__XqLOV\" translate=\"yes\">Logodruck<\/li>\n<li class=\"AnswerParser_ListItem__XqLOV\" translate=\"yes\">Benutzerdefinierte Farben<\/li>\n<li class=\"AnswerParser_ListItem__XqLOV\" translate=\"yes\">Seriennummernkodierung<\/li>\n<li class=\"AnswerParser_ListItem__XqLOV\" translate=\"yes\">Spezialverpackungen<\/li>\n<li class=\"AnswerParser_ListItem__XqLOV\" translate=\"yes\">Gro\u00dfe Mengen verf\u00fcgbar<\/li>\n<\/ul>\n<h3 class=\"AnswerParser_AnswerParserH3__Mpe4s\">Hauptvorteile:<\/h3>\n<ol class=\"AnswerParser_AnswerParserOrderedList__kl_2Y\">\n<li class=\"AnswerParser_ListItem__XqLOV\" translate=\"yes\"><strong>Bequemlichkeit<\/strong>: Einfach zu tragen und zu verwenden<\/li>\n<li class=\"AnswerParser_ListItem__XqLOV\" translate=\"yes\"><strong>Haltbarkeit<\/strong>: F\u00fcr die Ewigkeit gebaut<\/li>\n<li class=\"AnswerParser_ListItem__XqLOV\" translate=\"yes\"><strong>Vielseitigkeit<\/strong>: Vielf\u00e4ltige Einsatzm\u00f6glichkeiten<\/li>\n<li class=\"AnswerParser_ListItem__XqLOV\" translate=\"yes\"><strong>Sicherheit<\/strong>: Erweiterte Verschl\u00fcsselung<\/li>\n<li class=\"AnswerParser_ListItem__XqLOV\" translate=\"yes\"><strong>Anpassung<\/strong>: Flexible Optionen<\/li>\n<\/ol>\n<blockquote><p><span class=\"AnswerParser_TextContainer__z_Iiv\" data-testid=\"youchat-text\">\u201eUnsere RFID-Schl\u00fcsselanh\u00e4nger bieten die perfekte Balance aus Sicherheit und Komfort f\u00fcr moderne Zugangskontrollanforderungen.\u201c<\/span><\/p><\/blockquote>\n<h2 class=\"AnswerParser_AnswerParserH2__SIHnF\">Installation und Setup<\/h2>\n<p><span class=\"AnswerParser_TextContainer__z_Iiv\" data-testid=\"youchat-text\">Einfacher Implementierungsprozess:<\/span><\/p>\n<ol class=\"AnswerParser_AnswerParserOrderedList__kl_2Y\">\n<li class=\"AnswerParser_ListItem__XqLOV\" translate=\"yes\">W\u00e4hlen Sie den Frequenztyp<\/li>\n<li class=\"AnswerParser_ListItem__XqLOV\" translate=\"yes\">Eindeutige Programmkennungen<\/li>\n<li class=\"AnswerParser_ListItem__XqLOV\" translate=\"yes\">Anmeldung beim Zutrittskontrollsystem<\/li>\n<li class=\"AnswerParser_ListItem__XqLOV\" translate=\"yes\">Testfunktionalit\u00e4t<\/li>\n<li class=\"AnswerParser_ListItem__XqLOV\" translate=\"yes\">Bereitstellen f\u00fcr Benutzer<\/li>\n<\/ol>\n<h2 class=\"AnswerParser_AnswerParserH2__SIHnF\">Bestellinformationen<\/h2>\n<ul class=\"AnswerParser_AnswerParserUnorderedList__P_1FW\">\n<li class=\"AnswerParser_ListItem__XqLOV\" translate=\"yes\">Mindestbestellmenge: 200 St\u00fcck<\/li>\n<li class=\"AnswerParser_ListItem__XqLOV\" translate=\"yes\">Mengenrabatte verf\u00fcgbar<\/li>\n<li class=\"AnswerParser_ListItem__XqLOV\" translate=\"yes\">Musterbestellungen willkommen<\/li>\n<li class=\"AnswerParser_ListItem__XqLOV\" translate=\"yes\">Schnelle Lieferzeiten<\/li>\n<li class=\"AnswerParser_ListItem__XqLOV\" translate=\"yes\">Technischer Support inklusive<\/li>\n<\/ul>\n<p><span class=\"AnswerParser_TextContainer__z_Iiv\" data-testid=\"youchat-text\">Kontaktieren Sie uns noch heute, um Preise zu erfahren und zu besprechen, wie unsere RFID-Schl\u00fcsselanh\u00e4nger Ihr Zugangskontrollsystem verbessern k\u00f6nnen. Individuelle L\u00f6sungen und Mengenpreise auf Anfrage erh\u00e4ltlich.<\/span><\/p>","protected":false},"excerpt":{"rendered":"<p>RFID Schl\u00fcsselanh\u00e4nger Mifare S50 1K, unsere <strong>RFID-Schl\u00fcsselanh\u00e4nger<\/strong> bieten Dualfrequenzoptionen (13,56 MHz\/125 KHz), langlebiges Design, programmierbare UID und erweiterte Sicherheitsfunktionen wie Anti-Klonen und verschl\u00fcsselte Kommunikation.<\/p>","protected":false},"featured_media":2844,"template":"","meta":{"_kad_post_transparent":"default","_kad_post_title":"","_kad_post_layout":"default","_kad_post_sidebar_id":"","_kad_post_content_style":"default","_kad_post_vertical_padding":"default","_kad_post_feature":"","_kad_post_feature_position":"","_kad_post_header":false,"_kad_post_footer":false,"_kad_post_classname":""},"product_brand":[],"product_cat":[54],"product_tag":[347,346,344,345,343],"class_list":{"0":"post-2843","1":"product","2":"type-product","3":"status-publish","4":"has-post-thumbnail","6":"product_cat-hot-selling-rfid-tags","7":"product_tag-mifare-key-fobs","8":"product_tag-nfc-key-tag","9":"product_tag-nfc-keychain","10":"product_tag-rfid-fob","11":"product_tag-rfid-keyfobs","13":"first","14":"instock","15":"shipping-taxable","16":"product-type-simple","17":"entry","18":"content-bg","19":"loop-entry"},"_links":{"self":[{"href":"https:\/\/rfid-laundry-tag.com\/de\/wp-json\/wp\/v2\/product\/2843","targetHints":{"allow":["GET"]}}],"collection":[{"href":"https:\/\/rfid-laundry-tag.com\/de\/wp-json\/wp\/v2\/product"}],"about":[{"href":"https:\/\/rfid-laundry-tag.com\/de\/wp-json\/wp\/v2\/types\/product"}],"version-history":[{"count":2,"href":"https:\/\/rfid-laundry-tag.com\/de\/wp-json\/wp\/v2\/product\/2843\/revisions"}],"predecessor-version":[{"id":2849,"href":"https:\/\/rfid-laundry-tag.com\/de\/wp-json\/wp\/v2\/product\/2843\/revisions\/2849"}],"wp:featuredmedia":[{"embeddable":true,"href":"https:\/\/rfid-laundry-tag.com\/de\/wp-json\/wp\/v2\/media\/2844"}],"wp:attachment":[{"href":"https:\/\/rfid-laundry-tag.com\/de\/wp-json\/wp\/v2\/media?parent=2843"}],"wp:term":[{"taxonomy":"product_brand","embeddable":true,"href":"https:\/\/rfid-laundry-tag.com\/de\/wp-json\/wp\/v2\/product_brand?post=2843"},{"taxonomy":"product_cat","embeddable":true,"href":"https:\/\/rfid-laundry-tag.com\/de\/wp-json\/wp\/v2\/product_cat?post=2843"},{"taxonomy":"product_tag","embeddable":true,"href":"https:\/\/rfid-laundry-tag.com\/de\/wp-json\/wp\/v2\/product_tag?post=2843"}],"curies":[{"name":"wp","href":"https:\/\/api.w.org\/{rel}","templated":true}]}}