{"id":2830,"date":"2024-11-04T15:27:11","date_gmt":"2024-11-04T15:27:11","guid":{"rendered":"https:\/\/rfid-laundry-tag.com\/?post_type=product&#038;p=2830"},"modified":"2024-11-04T15:36:34","modified_gmt":"2024-11-04T15:36:34","slug":"washable-laundry-rfid-tags-manufacturer","status":"publish","type":"product","link":"https:\/\/rfid-laundry-tag.com\/de\/washable-laundry-rfid-tags-manufacturer\/","title":{"rendered":"Hersteller von waschbaren RFID-W\u00e4scheetiketten"},"content":{"rendered":"<div>\n<div class=\"auto-hide-last-sibling-br paragraph_1252f paragraph-element\">\n<h1 class=\"AnswerParser_AnswerParserH1__6UNv6\">Hersteller von waschbaren RFID-W\u00e4scheetiketten<\/h1>\n<h1 class=\"AnswerParser_AnswerParserH1__6UNv6\">Waschbare W\u00e4sche-RFID-Tags<\/h1>\n<table width=\"637\">\n<tbody>\n<tr>\n<td width=\"328\">Artikelname:<\/td>\n<td width=\"309\">Waschbare W\u00e4sche-RFID-Tags<\/td>\n<\/tr>\n<tr>\n<td width=\"328\">RFID-Standard:<\/td>\n<td width=\"309\">ISO\/IEC 18000-6 TypC (EPC Gen2)<\/td>\n<\/tr>\n<tr>\n<td width=\"328\">Gr\u00f6\u00dfe Gewicht:<\/td>\n<td width=\"309\">70\u00d715 mm, 0,6 g<\/td>\n<\/tr>\n<tr>\n<td width=\"328\">Chip-Typ:<\/td>\n<td width=\"309\">Impinj Monza 4QT, NXP U CODE 8, NXP U CODE 9<\/td>\n<\/tr>\n<tr>\n<td width=\"328\">EPC-Speicher:<\/td>\n<td width=\"309\">128 Bit<\/td>\n<\/tr>\n<tr>\n<td width=\"328\">Benutzerspeicher:<\/td>\n<td width=\"309\">512 Bit<\/td>\n<\/tr>\n<tr>\n<td width=\"328\">Lesereichweite (2 W ERP FCC):<\/td>\n<td width=\"309\">8 m<\/td>\n<\/tr>\n<tr>\n<td width=\"328\">Lesereichweite (2 W ERP ETSI):<\/td>\n<td width=\"309\">8 m<\/td>\n<\/tr>\n<tr>\n<td width=\"328\">Tagging:<\/td>\n<td width=\"309\">N\u00e4hen, Hei\u00dfpr\u00e4gekleber<\/td>\n<\/tr>\n<tr>\n<td width=\"328\">Gesch\u00e4tzte Lebensdauer:<\/td>\n<td width=\"309\">200 Waschzyklen oder 3 Jahre, je nachdem, was zuerst eintritt<\/td>\n<\/tr>\n<tr>\n<td width=\"328\">Waschmethode:<\/td>\n<td width=\"309\">W\u00e4scherei, chemische Reinigung<\/td>\n<\/tr>\n<tr>\n<td width=\"328\">Wasserentnahmedruck:<\/td>\n<td width=\"309\">60 bar<\/td>\n<\/tr>\n<tr>\n<td width=\"328\">Wasserbest\u00e4ndigkeit:<\/td>\n<td width=\"309\">Wasserfest<\/td>\n<\/tr>\n<tr>\n<td width=\"328\">Chemische Resistenz:<\/td>\n<td width=\"309\">Waschmittel, Weichsp\u00fcler, Bleichmittel (Sauerstoff\/Chlor), Alkali<\/td>\n<\/tr>\n<tr>\n<td width=\"328\">Vortrocknen im Tumbler:<\/td>\n<td width=\"309\">125 \u00baC f\u00fcr 15-20 Minuten<\/td>\n<\/tr>\n<tr>\n<td width=\"328\">Sterilisationstemperatur:<\/td>\n<td width=\"309\">135\u00b0C f\u00fcr 15-20 Minuten<\/td>\n<\/tr>\n<tr>\n<td width=\"328\">Waschtemperatur:<\/td>\n<td width=\"309\">90\u00b0C, Bis zu 15 Min.<\/td>\n<\/tr>\n<tr>\n<td width=\"328\">Luftfeuchtigkeit\/Temperatur-Betrieb:<\/td>\n<td width=\"309\">-20 bis 110 \u00b0C, 8 bis 95%RH<\/td>\n<\/tr>\n<tr>\n<td width=\"328\">Luftfeuchtigkeit\/ Temperatur-Lagerung:<\/td>\n<td width=\"309\">-40 bis 110 \u00b0C, 8 bis 95%RH<\/td>\n<\/tr>\n<\/tbody>\n<\/table>\n<\/div>\n<div class=\"auto-hide-last-sibling-br paragraph_1252f paragraph-element\"><\/div>\n<\/div>\n<div class=\"auto-hide-last-sibling-br paragraph_1252f paragraph-element\">\n<div data-spm-anchor-id=\"a2700.details.0.i57.23b419c7xXORP0\"><span class=\"AnswerParser_TextContainer__z_Iiv\" data-testid=\"youchat-text\"><strong>Waschbare W\u00e4sche-RFID-Tags<\/strong>\u00a0revolutionieren die Art und Weise, wie diese Organisationen ihre W\u00e4sche, Uniformen und andere Kleidungsst\u00fccke verfolgen und verwalten. Als f\u00fchrender Hersteller dieser innovativen Etiketten bieten wir hochwertige, langlebige und zuverl\u00e4ssige L\u00f6sungen, die die Betriebseffizienz steigern und Kosten senken.<\/span><span class=\"AnswerParser_TextContainer__z_Iiv\" data-testid=\"youchat-text\">Unser\u00a0<strong>wasserdichte waschbare RFID-W\u00e4scheetiketten<\/strong> sind so konzipiert, dass sie den Belastungen industrieller W\u00e4schereiprozesse standhalten und sicherstellen, dass Ihre Tracking- und Verwaltungssysteme auch nach mehreren Waschg\u00e4ngen wirksam bleiben. Mit einer Lebensdauer von bis zu 200 W\u00e4schen oder drei Jahren sind diese Etiketten eine kluge Investition f\u00fcr jeden W\u00e4schereibetrieb.<\/span><\/div>\n<\/div>\n<div data-spm-anchor-id=\"a2700.details.0.i57.23b419c7xXORP0\"><\/div>\n<div class=\"auto-hide-last-sibling-br paragraph_1252f paragraph-element\">\n<h2 class=\"AnswerParser_AnswerParserH2__SIHnF\">Produkt\u00fcbersicht<\/h2>\n<h3 class=\"AnswerParser_AnswerParserH3__Mpe4s\">1. Was sind waschbare W\u00e4sche-RFID-Tags?<\/h3>\n<p><span class=\"AnswerParser_TextContainer__z_Iiv\" data-testid=\"youchat-text\">Waschbare RFID-Tags f\u00fcr W\u00e4sche sind spezielle Tags, die f\u00fcr die Verfolgung von Textilien in W\u00e4schereibetrieben entwickelt wurden. Sie nutzen RFID-Technologie, um Daten an RFID-Leseger\u00e4te zu \u00fcbertragen und erm\u00f6glichen so die automatische Verfolgung und Verwaltung von W\u00e4schest\u00fccken. Diese Tags sind f\u00fcr Branchen unverzichtbar, die eine pr\u00e4zise Bestandskontrolle und ein effizientes Kleidungsmanagement erfordern.<\/span><\/p>\n<h3 class=\"AnswerParser_AnswerParserH3__Mpe4s\">2. Hauptmerkmale unserer waschbaren W\u00e4sche-RFID-Tags<\/h3>\n<p><span class=\"AnswerParser_TextContainer__z_Iiv\" data-testid=\"youchat-text\">Unsere RFID-W\u00e4scheetiketten verf\u00fcgen \u00fcber mehrere Funktionen, die sie ideal f\u00fcr verschiedene W\u00e4schereianwendungen machen. Sie bestehen aus langlebigen Materialien, die hohen Temperaturen und aggressiven Chemikalien standhalten und so Langlebigkeit und Zuverl\u00e4ssigkeit gew\u00e4hrleisten. Die Etiketten sind auch zum Aufn\u00e4hen oder Aufkleben auf Kleidungsst\u00fccke konzipiert und bieten so Flexibilit\u00e4t bei der Verwendung.<\/span><\/p>\n<h3 class=\"AnswerParser_AnswerParserH3__Mpe4s\">3. Vorteile der Verwendung von waschbaren W\u00e4sche-RFID-Tags<\/h3>\n<p><span class=\"AnswerParser_TextContainer__z_Iiv\" data-testid=\"youchat-text\">Die Implementierung von RFID-W\u00e4scheetiketten in Ihrem Betrieb kann erhebliche Vorteile mit sich bringen, darunter eine verbesserte Bestandsgenauigkeit, geringere Arbeitskosten und verbesserte Sicherheit. Durch die Automatisierung des Tracking-Prozesses k\u00f6nnen Unternehmen ihr W\u00e4schemanagement optimieren und sich darauf konzentrieren, ihren Kunden einen besseren Service zu bieten.<\/span><\/p>\n<h3 class=\"AnswerParser_AnswerParserH3__Mpe4s\">4. Technische Daten<\/h3>\n<p><span class=\"AnswerParser_TextContainer__z_Iiv\" data-testid=\"youchat-text\">Unsere wasserdichten, waschbaren RFID-W\u00e4scheetiketten erf\u00fcllen den Standard ISO\/IEC 18000-6 Typ C (EPC Gen2). Hier sind einige wichtige Spezifikationen:<\/span><\/p>\n<ul class=\"AnswerParser_AnswerParserUnorderedList__P_1FW\">\n<li class=\"AnswerParser_ListItem__XqLOV\" translate=\"yes\"><strong>Gr\u00f6\u00dfe und Gewicht<\/strong>: 70\u00d715 mm, 0,6g<\/li>\n<li class=\"AnswerParser_ListItem__XqLOV\" translate=\"yes\"><strong>Chiptyp<\/strong>: Impinj Monza 4QT, NXP U CODE 8, NXP U CODE 9<\/li>\n<li class=\"AnswerParser_ListItem__XqLOV\" translate=\"yes\"><strong>EPC-Speicher<\/strong>: 128 Bit<\/li>\n<li class=\"AnswerParser_ListItem__XqLOV\" translate=\"yes\"><strong>Benutzerspeicher<\/strong>: 512 Bit<\/li>\n<li class=\"AnswerParser_ListItem__XqLOV\" translate=\"yes\"><strong>Lesebereich<\/strong>: Bis zu 8 Meter<\/li>\n<li class=\"AnswerParser_ListItem__XqLOV\" translate=\"yes\"><strong>Gesch\u00e4tzte Lebensdauer<\/strong>: 200 Waschzyklen oder 3 Jahre<\/li>\n<\/ul>\n<h3 class=\"AnswerParser_AnswerParserH3__Mpe4s\">5. Gebrauchsanweisung<\/h3>\n<p><span class=\"AnswerParser_TextContainer__z_Iiv\" data-testid=\"youchat-text\">Um eine optimale Leistung Ihrer waschbaren W\u00e4sche-RFID-Tags sicherzustellen, befolgen Sie diese Gebrauchsanweisungen:<\/span><\/p>\n<ul class=\"AnswerParser_AnswerParserUnorderedList__P_1FW\">\n<li class=\"AnswerParser_ListItem__XqLOV\" translate=\"yes\"><strong>Tagging<\/strong>: Etiketten k\u00f6nnen in Kleidungsst\u00fccke eingen\u00e4ht oder mit Hei\u00dfpr\u00e4gekleber befestigt werden.<\/li>\n<li class=\"AnswerParser_ListItem__XqLOV\" translate=\"yes\"><strong>Waschen<\/strong>: Geeignet f\u00fcr W\u00e4sche- und Trockenreinigungsprozesse.<\/li>\n<li class=\"AnswerParser_ListItem__XqLOV\" translate=\"yes\"><strong>Wasserbest\u00e4ndigkeit<\/strong>: Konstruiert, um einem Wasserentnahmedruck von bis zu 60 Bar standzuhalten.<\/li>\n<\/ul>\n<h3 class=\"AnswerParser_AnswerParserH3__Mpe4s\">6. Umweltauswirkungen<\/h3>\n<p><span class=\"AnswerParser_TextContainer__z_Iiv\" data-testid=\"youchat-text\">Unsere RFID-W\u00e4scheetiketten sind auf Nachhaltigkeit ausgelegt. Sie bestehen aus Materialien, die gegen g\u00e4ngige Waschchemikalien best\u00e4ndig sind, sodass sie nicht so oft ausgetauscht werden m\u00fcssen. Dies reduziert nicht nur den Abfall, sondern tr\u00e4gt auch zu einem nachhaltigeren W\u00e4schereibetrieb bei.<\/span><\/p>\n<h3 class=\"AnswerParser_AnswerParserH3__Mpe4s\">7. Kundenbewertungen<\/h3>\n<p><span class=\"AnswerParser_TextContainer__z_Iiv\" data-testid=\"youchat-text\">Unsere Kunden loben unsere waschbaren RFID-W\u00e4scheetiketten immer wieder f\u00fcr ihre Haltbarkeit und Wirksamkeit. Viele haben von erheblichen Verbesserungen ihrer W\u00e4schemanagementprozesse berichtet und dabei geringere Verluste und eine h\u00f6here Effizienz erw\u00e4hnt. Hier ist, was einer unserer Kunden zu sagen hatte:<\/span><\/p>\n<blockquote><p><span class=\"AnswerParser_TextContainer__z_Iiv\" data-testid=\"youchat-text\">\u201eSeit wir diese RFID-Tags verwenden, hat sich unsere Bestandsgenauigkeit dramatisch verbessert. Wir k\u00f6nnen jetzt jedes Kleidungsst\u00fcck problemlos verfolgen!\u201c<\/span><\/p><\/blockquote>\n<h3 class=\"AnswerParser_AnswerParserH3__Mpe4s\">8. H\u00e4ufig gestellte Fragen<\/h3>\n<p><span class=\"AnswerParser_TextContainer__z_Iiv\" data-testid=\"youchat-text\"><strong>F: Wie lange halten die RFID-W\u00e4scheetiketten?<\/strong><br \/>\nA: Unsere Etiketten sind f\u00fcr eine Lebensdauer von bis zu 200 Waschzyklen oder drei Jahren ausgelegt, je nachdem, was zuerst eintritt.<\/span><\/p>\n<p><span class=\"AnswerParser_TextContainer__z_Iiv\" data-testid=\"youchat-text\"><strong>F: K\u00f6nnen diese Etiketten hohen Temperaturen standhalten?<\/strong><br \/>\nA: Ja, unsere RFID-W\u00e4scheetiketten k\u00f6nnen w\u00e4hrend des Wasch- und Trockenvorgangs hohen Temperaturen standhalten.<\/span><\/p>\n<p><span class=\"AnswerParser_TextContainer__z_Iiv\" data-testid=\"youchat-text\"><strong>F: Wie bestelle ich diese Tags?<\/strong><br \/>\nA: Bitte f\u00fcllen Sie das untenstehende Anfrageformular aus und teilen Sie uns mit, welche Art von RFID-Leseger\u00e4t oder Antennenkonfiguration Sie ben\u00f6tigen.<\/span><\/p>\n<h3 class=\"AnswerParser_AnswerParserH3__Mpe4s\">9. Verwandte Produkte<\/h3>\n<p><span class=\"AnswerParser_TextContainer__z_Iiv\" data-testid=\"youchat-text\">Zus\u00e4tzlich zu unseren waschbaren RFID-W\u00e4scheetiketten bieten wir eine Reihe zugeh\u00f6riger Produkte an, darunter RFID-Leseger\u00e4te und Antennen, um Ihr W\u00e4schemanagementsystem zu vervollst\u00e4ndigen. Unsere L\u00f6sungen sind so konzipiert, dass sie nahtlos zusammenarbeiten und Ihnen ein umfassendes Tracking- und Managementsystem bieten.<\/span><\/p>\n<h3 class=\"AnswerParser_AnswerParserH3__Mpe4s\">10. Kontaktieren Sie uns<\/h3>\n<p><span class=\"AnswerParser_TextContainer__z_Iiv\" data-testid=\"youchat-text\">F\u00fcr weitere Informationen zu unseren waschbaren RFID-W\u00e4scheetiketten oder um Ihre spezifischen Anforderungen zu besprechen,\u00a0<strong>kontaktiere uns<\/strong>. Unser Team ist bereit, Sie bei der Suche nach der besten L\u00f6sung f\u00fcr Ihren W\u00e4schereibetrieb zu unterst\u00fctzen.<\/span><\/p>\n<hr \/>\n<p><span class=\"AnswerParser_TextContainer__z_Iiv\" data-testid=\"youchat-text\">Durch die Wahl unserer\u00a0<strong>waschbare W\u00e4sche-RFID-Tags<\/strong>investieren Sie in eine L\u00f6sung, die nicht nur Ihre Betriebseffizienz steigert, sondern auch zu einer nachhaltigeren Zukunft beitr\u00e4gt. Mit unserem Engagement f\u00fcr Qualit\u00e4t und Kundenzufriedenheit k\u00f6nnen Sie darauf vertrauen, dass wir die besten RFID-L\u00f6sungen f\u00fcr Ihre W\u00e4schereimanagementanforderungen bieten. Z\u00f6gern Sie nicht, uns zu kontaktieren und herauszufinden, wie unsere Produkte Ihren W\u00e4schereibetrieb noch heute ver\u00e4ndern k\u00f6nnen!<\/span><\/p>\n<p>&nbsp;<\/p>\n<\/div>\n<div class=\"auto-hide-last-sibling-br paragraph_1252f paragraph-element\"><\/div>","protected":false},"excerpt":{"rendered":"<p>Entdecken Sie unsere <strong>Waschbare RFID-W\u00e4scheetiketten<\/strong>! Perfekt f\u00fcr die Nachverfolgung von W\u00e4sche und Uniformen, langlebig, wasserdicht und f\u00fcr eine nahtlose W\u00e4scheverwaltung konzipiert.<\/p>","protected":false},"featured_media":2825,"template":"","meta":{"_kad_post_transparent":"default","_kad_post_title":"","_kad_post_layout":"default","_kad_post_sidebar_id":"","_kad_post_content_style":"default","_kad_post_vertical_padding":"default","_kad_post_feature":"","_kad_post_feature_position":"","_kad_post_header":false,"_kad_post_footer":false,"_kad_post_classname":""},"product_brand":[],"product_cat":[16],"product_tag":[340,31,65,30,341],"class_list":{"0":"post-2830","1":"product","2":"type-product","3":"status-publish","4":"has-post-thumbnail","6":"product_cat-uhf-rfid-laundry-tags","7":"product_tag-rfid-chips","8":"product_tag-rfid-tag-for-linen-laundry","9":"product_tag-textile-rfid-laundry-tags","10":"product_tag-uhf-rfid-laundry-tag","11":"product_tag-washable-laundry-rfid-tags-manufacturer","13":"first","14":"instock","15":"featured","16":"shipping-taxable","17":"product-type-simple","18":"entry","19":"content-bg","20":"loop-entry"},"_links":{"self":[{"href":"https:\/\/rfid-laundry-tag.com\/de\/wp-json\/wp\/v2\/product\/2830","targetHints":{"allow":["GET"]}}],"collection":[{"href":"https:\/\/rfid-laundry-tag.com\/de\/wp-json\/wp\/v2\/product"}],"about":[{"href":"https:\/\/rfid-laundry-tag.com\/de\/wp-json\/wp\/v2\/types\/product"}],"version-history":[{"count":2,"href":"https:\/\/rfid-laundry-tag.com\/de\/wp-json\/wp\/v2\/product\/2830\/revisions"}],"predecessor-version":[{"id":2832,"href":"https:\/\/rfid-laundry-tag.com\/de\/wp-json\/wp\/v2\/product\/2830\/revisions\/2832"}],"wp:featuredmedia":[{"embeddable":true,"href":"https:\/\/rfid-laundry-tag.com\/de\/wp-json\/wp\/v2\/media\/2825"}],"wp:attachment":[{"href":"https:\/\/rfid-laundry-tag.com\/de\/wp-json\/wp\/v2\/media?parent=2830"}],"wp:term":[{"taxonomy":"product_brand","embeddable":true,"href":"https:\/\/rfid-laundry-tag.com\/de\/wp-json\/wp\/v2\/product_brand?post=2830"},{"taxonomy":"product_cat","embeddable":true,"href":"https:\/\/rfid-laundry-tag.com\/de\/wp-json\/wp\/v2\/product_cat?post=2830"},{"taxonomy":"product_tag","embeddable":true,"href":"https:\/\/rfid-laundry-tag.com\/de\/wp-json\/wp\/v2\/product_tag?post=2830"}],"curies":[{"name":"wp","href":"https:\/\/api.w.org\/{rel}","templated":true}]}}