{"id":283,"date":"2024-06-26T10:23:21","date_gmt":"2024-06-26T10:23:21","guid":{"rendered":"https:\/\/rfid-laundry-tag.com\/?post_type=product&#038;p=283"},"modified":"2024-07-16T16:23:55","modified_gmt":"2024-07-16T16:23:55","slug":"uhf-rfid-inlay","status":"publish","type":"product","link":"https:\/\/rfid-laundry-tag.com\/de\/uhf-rfid-inlay\/","title":{"rendered":"UHF-RFID-Inlay"},"content":{"rendered":"<div class=\"J_module\">\n<div class=\"ife-detail-decorate-table\">\n<table class=\"has-title is-zebra all magic-13\">\n<tbody>\n<tr>\n<td colspan=\"2\" rowspan=\"1\">\n<div class=\"magic-23\">\n<div class=\"magic-15\" data-spm-anchor-id=\"a2700.pc-decorate.0.i151.408c3333ouNNMP\"><span class=\"magic-24\" style=\"color: #2196ed;\"><b class=\"magic-25\" data-spm-anchor-id=\"a2700.pc-decorate.0.i28.5f51333385WVJq\">Mechanische Spezifikation<\/b><\/span><\/div>\n<\/div>\n<\/td>\n<\/tr>\n<tr>\n<td colspan=\"1\" rowspan=\"1\">\n<div class=\"magic-28\">Grundmaterial<\/div>\n<\/td>\n<td colspan=\"1\" rowspan=\"1\">\n<div class=\"magic-29\">HAUSTIER<\/div>\n<\/td>\n<\/tr>\n<tr>\n<td colspan=\"1\" rowspan=\"1\">\n<div class=\"magic-28\">Liner-Material<\/div>\n<\/td>\n<td colspan=\"1\" rowspan=\"1\">\n<div class=\"magic-29\">80g beschichtetes Papier<\/div>\n<\/td>\n<\/tr>\n<tr>\n<td colspan=\"1\" rowspan=\"1\">\n<div class=\"magic-28\">Bodenmaterial<\/div>\n<\/td>\n<td colspan=\"1\" rowspan=\"1\">\n<div class=\"magic-29\">Trennpapier<\/div>\n<\/td>\n<\/tr>\n<tr>\n<td colspan=\"1\" rowspan=\"1\">\n<div class=\"magic-28\">Menge<\/div>\n<\/td>\n<td colspan=\"1\" rowspan=\"1\">\n<div class=\"magic-29\">2500 St\u00fcck\/Rolle (kann angepasst werden)<\/div>\n<\/td>\n<\/tr>\n<tr>\n<td colspan=\"1\" rowspan=\"1\">\n<div class=\"magic-28\">Innendurchmesser der Rolle<\/div>\n<\/td>\n<td colspan=\"1\" rowspan=\"1\">\n<div class=\"magic-29\">76,2 mm<\/div>\n<\/td>\n<\/tr>\n<tr>\n<td colspan=\"1\" rowspan=\"1\">\n<div class=\"magic-28\">Tag-Abmessungen<\/div>\n<\/td>\n<td colspan=\"1\" rowspan=\"1\">\n<div class=\"magic-29\">98 * 15 mm<\/div>\n<\/td>\n<\/tr>\n<tr>\n<td colspan=\"1\" rowspan=\"1\">\n<div class=\"magic-28\">Antennenabmessungen<\/div>\n<\/td>\n<td colspan=\"1\" rowspan=\"1\">\n<div class=\"magic-29\">95 * 8 mm<\/div>\n<\/td>\n<\/tr>\n<tr>\n<td colspan=\"2\" rowspan=\"1\">\n<div class=\"magic-23\">\n<div class=\"magic-15\" data-spm-anchor-id=\"a2700.pc-decorate.0.i158.408c3333ouNNMP\"><span class=\"magic-24\" style=\"color: #2196ed;\"><b data-spm-anchor-id=\"a2700.pc-decorate.0.i11.562b3333nh3oh1\">Elektrische Spezifikation<\/b><\/span><\/div>\n<\/div>\n<\/td>\n<\/tr>\n<tr>\n<td colspan=\"1\" rowspan=\"1\">\n<div class=\"magic-28\">Luftschnittstellenprotokoll<\/div>\n<\/td>\n<td colspan=\"1\" rowspan=\"1\">\n<div class=\"magic-29\">EPC Global Klasse1 Gen2 ISO18000-6C<\/div>\n<\/td>\n<\/tr>\n<tr>\n<td colspan=\"1\" rowspan=\"1\">\n<div class=\"magic-28\">Frequenz<\/div>\n<\/td>\n<td colspan=\"1\" rowspan=\"1\">\n<div class=\"magic-29\">Global 860-960 MHz<\/div>\n<\/td>\n<\/tr>\n<tr>\n<td colspan=\"1\" rowspan=\"1\">\n<div class=\"magic-28\">IC-Typ<\/div>\n<\/td>\n<td colspan=\"1\" rowspan=\"1\">\n<div class=\"magic-29\">NXP UCODE-Serie (Chipparameter pr\u00fcfen)<\/div>\n<\/td>\n<\/tr>\n<tr>\n<td colspan=\"1\" rowspan=\"1\">\n<div class=\"magic-28\">lC Leben<\/div>\n<\/td>\n<td colspan=\"1\" rowspan=\"1\">\n<div class=\"magic-29\">100.000 Mal<\/div>\n<\/td>\n<\/tr>\n<tr>\n<td colspan=\"1\" rowspan=\"1\">\n<div class=\"magic-28\">Datenaufbewahrung<\/div>\n<\/td>\n<td colspan=\"1\" rowspan=\"1\">\n<div class=\"magic-29\">10 Jahre<\/div>\n<\/td>\n<\/tr>\n<tr>\n<td colspan=\"1\" rowspan=\"1\">\n<div class=\"magic-28\">Anwendungsfl\u00e4che<\/div>\n<\/td>\n<td colspan=\"1\" rowspan=\"1\">\n<div class=\"magic-29\">Nichtmetallische Oberfl\u00e4che<\/div>\n<\/td>\n<\/tr>\n<tr>\n<td colspan=\"1\" rowspan=\"1\">\n<div class=\"magic-28\">Lesebereich<\/div>\n<\/td>\n<td colspan=\"1\" rowspan=\"1\">\n<div class=\"magic-29\">Etwa 12 m (US-Standard, Handger\u00e4t 1 W)<\/div>\n<\/td>\n<\/tr>\n<tr>\n<td colspan=\"2\" rowspan=\"1\">\n<div class=\"magic-23\">\n<div class=\"magic-15\" data-spm-anchor-id=\"a2700.pc-decorate.0.i165.408c3333ouNNMP\"><span class=\"magic-24\" style=\"color: #2196ed;\"><b data-spm-anchor-id=\"a2700.pc-decorate.0.i24.42813333eBT2Nf\">Umweltbest\u00e4ndigkeit<\/b><\/span><\/div>\n<\/div>\n<\/td>\n<\/tr>\n<tr>\n<td colspan=\"1\" rowspan=\"1\">\n<div class=\"magic-28\">Betriebstemperatur<\/div>\n<\/td>\n<td colspan=\"1\" rowspan=\"1\">\n<div class=\"magic-29\">-20\u2103~80\u2103<\/div>\n<\/td>\n<\/tr>\n<tr>\n<td colspan=\"1\" rowspan=\"1\">\n<div class=\"magic-28\">Lagertemperatur<\/div>\n<\/td>\n<td colspan=\"1\" rowspan=\"1\">\n<div class=\"magic-29\">-20\u00b0C bis 100\u00b0C<\/div>\n<\/td>\n<\/tr>\n<tr>\n<td colspan=\"1\" rowspan=\"1\">\n<div class=\"magic-28\">Luftfeuchtigkeit bei Lagerung<\/div>\n<\/td>\n<td colspan=\"1\" rowspan=\"1\">\n<div class=\"magic-29\">20~90 % Relative Luftfeuchtigkeit<\/div>\n<\/td>\n<\/tr>\n<tr>\n<td colspan=\"1\" rowspan=\"1\">\n<div class=\"magic-28\">Haltbarkeit<\/div>\n<\/td>\n<td colspan=\"1\" rowspan=\"1\">\n<div class=\"magic-29\">20 \u00b0C bis 30 \u00b0C, 40 bis 60 % relative Luftfeuchtigkeit, mehr als 2 Jahre;<\/div>\n<\/td>\n<\/tr>\n<\/tbody>\n<\/table>\n<\/div>\n<\/div>\n<div class=\"J_module\">\n<div class=\"ife-detail-decorate-table\">\n<table class=\"has-title is-zebra all magic-13\">\n<tbody>\n<tr>\n<td colspan=\"5\" rowspan=\"1\">\n<div class=\"magic-23\">\n<div class=\"magic-15\" data-spm-anchor-id=\"a2700.pc-decorate.0.i50.42813333eBT2Nf\"><b><span class=\"magic-24\" style=\"color: #2196ed;\">Chip-Parameter:\u00a0<\/span><span class=\"magic-24\" style=\"color: #2196ed;\">NXP UCODE<\/span><span class=\"magic-8\" style=\"color: #2196ed;\"><span class=\"magic-24\" data-spm-anchor-id=\"a2700.pc-decorate.0.i51.27d333338zw2ok\">Serie Chip<\/span><\/span><\/b><\/div>\n<\/div>\n<\/td>\n<\/tr>\n<tr>\n<td colspan=\"1\" rowspan=\"1\">\n<div class=\"magic-34\">\n<div class=\"magic-15\">Chip-Parameter<\/div>\n<\/div>\n<\/td>\n<td colspan=\"1\" rowspan=\"1\">\n<div class=\"magic-30\">\n<div class=\"magic-15\" data-spm-anchor-id=\"a2700.pc-decorate.0.i11.4fe73333sMMc4J\">UCODE8<\/div>\n<\/div>\n<\/td>\n<td colspan=\"1\" rowspan=\"1\">\n<div class=\"magic-31\">\n<div class=\"magic-15\" data-spm-anchor-id=\"a2700.pc-decorate.0.i12.4fe73333sMMc4J\">UCODE 9<\/div>\n<\/div>\n<\/td>\n<td colspan=\"1\" rowspan=\"1\">\n<div class=\"magic-32\">\n<div class=\"magic-15\" data-spm-anchor-id=\"0.0.0.i9.20624f05xIYcLw\">UCODE 9xe<\/div>\n<\/div>\n<\/td>\n<td colspan=\"1\" rowspan=\"1\">\n<div class=\"magic-32\">\n<div class=\"magic-15\" data-spm-anchor-id=\"0.0.0.i11.20624f05xIYcLw\">UCODE 9xm<\/div>\n<\/div>\n<\/td>\n<\/tr>\n<tr>\n<td colspan=\"1\" rowspan=\"1\">\n<div class=\"magic-34\">\n<div class=\"magic-15\">EP\u00dc<\/div>\n<\/div>\n<\/td>\n<td colspan=\"1\" rowspan=\"1\">\n<div class=\"magic-30\">\n<div class=\"magic-15\">128 Bit<\/div>\n<\/div>\n<\/td>\n<td colspan=\"1\" rowspan=\"1\">\n<div class=\"magic-31\">\n<div class=\"magic-15\">96 Bit<\/div>\n<\/div>\n<\/td>\n<td colspan=\"1\" rowspan=\"1\">\n<div class=\"magic-32\">\n<div class=\"magic-15\">128 Bit<\/div>\n<\/div>\n<\/td>\n<td colspan=\"1\" rowspan=\"1\">\n<div class=\"magic-32\">\n<div class=\"magic-15\" data-spm-anchor-id=\"a2700.pc-decorate.0.i22.4fe73333sMMc4J\">Maximal 496 Bit<\/div>\n<\/div>\n<\/td>\n<\/tr>\n<tr>\n<td colspan=\"1\" rowspan=\"1\">\n<div class=\"magic-34\">\n<div class=\"magic-15\">TID<\/div>\n<\/div>\n<\/td>\n<td colspan=\"1\" rowspan=\"1\">\n<div class=\"magic-30\">\n<div class=\"magic-15\">96 Bit<\/div>\n<\/div>\n<\/td>\n<td colspan=\"1\" rowspan=\"1\">\n<div class=\"magic-31\">\n<div class=\"magic-15\">96 Bit<\/div>\n<\/div>\n<\/td>\n<td colspan=\"1\" rowspan=\"1\">\n<div class=\"magic-32\">\n<div class=\"magic-15\">96 Bit<\/div>\n<\/div>\n<\/td>\n<td colspan=\"1\" rowspan=\"1\">\n<div class=\"magic-32\">\n<div class=\"magic-15\">96 Bit<\/div>\n<\/div>\n<\/td>\n<\/tr>\n<tr>\n<td colspan=\"1\" rowspan=\"1\">\n<div class=\"magic-34\">\n<div class=\"magic-15\">Benutzerbereich<\/div>\n<\/div>\n<\/td>\n<td colspan=\"1\" rowspan=\"1\">\n<div class=\"magic-30\">\n<div class=\"magic-15\">0<\/div>\n<\/div>\n<\/td>\n<td colspan=\"1\" rowspan=\"1\">\n<div class=\"magic-31\">\n<div class=\"magic-15\" data-spm-anchor-id=\"a2700.pc-decorate.0.i18.4fe73333sMMc4J\">0<\/div>\n<\/div>\n<\/td>\n<td colspan=\"1\" rowspan=\"1\">\n<div class=\"magic-32\">\n<div class=\"magic-15\" data-spm-anchor-id=\"a2700.pc-decorate.0.i20.4fe73333sMMc4J\">0<\/div>\n<\/div>\n<\/td>\n<td colspan=\"1\" rowspan=\"1\">\n<div class=\"magic-32\">\n<div class=\"magic-15\" data-spm-anchor-id=\"a2700.pc-decorate.0.i21.4fe73333sMMc4J\">Maximal 752 Bit<\/div>\n<\/div>\n<\/td>\n<\/tr>\n<\/tbody>\n<\/table>\n<\/div>\n<div><\/div>\n<div class=\"auto-hide-last-sibling-br paragraph_9dc5f paragraph-element\">UHF-RFID-Nasseinlage-Tags sind vielseitige Werkzeuge mit Anwendungsm\u00f6glichkeiten in zahlreichen Branchen, darunter:<\/div>\n<ol class=\"auto-hide-last-sibling-br\">\n<li>\n<div class=\"auto-hide-last-sibling-br paragraph_9dc5f paragraph-element\">Bestandsverwaltungssysteme: Diese in PET- oder Thermopapieraufkleber eingebetteten Einlagen k\u00f6nnen Verm\u00f6genswerte kennzeichnen, um eine Verfolgung und Verwaltung in Echtzeit zu erm\u00f6glichen.<\/div>\n<\/li>\n<li>\n<div class=\"auto-hide-last-sibling-br paragraph_9dc5f paragraph-element\">Supply Chain Management: Mithilfe von RFID-Scannern erm\u00f6glichen diese an Verm\u00f6genswerten angebrachten Tags eine Echtzeitverfolgung von Waren entlang der gesamten Lieferkette, von der Produktion \u00fcber die Verteilung bis hin zum Einzelhandel, und verbessern so die Transparenz und Betriebseffizienz.<\/div>\n<\/li>\n<li>\n<div class=\"auto-hide-last-sibling-br paragraph_9dc5f paragraph-element\">Anlagenverfolgung: Geeignet f\u00fcr Branchen wie Bau, Fertigung und Logistik, erm\u00f6glichen sie die Verfolgung von Anlagen wie Ger\u00e4ten, Fahrzeugen und Werkzeugen, optimieren Ressourcen und minimieren Verluste.<\/div>\n<\/li>\n<li>\n<div class=\"auto-hide-last-sibling-br paragraph_9dc5f paragraph-element\">Einzelhandel: Diese Tags werden auf die Verpackung geklebt und erm\u00f6glichen es RFID-Leseger\u00e4ten in Lagern, die Daten jedes Artikels sofort zu erfassen. In ein Bestandsverwaltungssystem integriert k\u00f6nnen diese Tags dazu beitragen, die Bestandsgenauigkeit zu verbessern, Lagerbest\u00e4nde zu reduzieren und das Einkaufserlebnis f\u00fcr Kunden zu verbessern.<\/div>\n<\/li>\n<li>\n<div class=\"auto-hide-last-sibling-br paragraph_9dc5f paragraph-element\">Zugangskontrolle: Diese Tags sind ideal, um den sicheren Zugang zu Geb\u00e4uden, Parkpl\u00e4tzen, Veranstaltungen und verschiedenen Umgebungen zu gew\u00e4hrleisten und tragen zu einem effizienten und sicheren Zugangsverwaltungssystem bei.<\/div>\n<\/li>\n<li>\n<div class=\"auto-hide-last-sibling-br paragraph_9dc5f paragraph-element\">Medizin und Gesundheitswesen: Diese Tags werden auch h\u00e4ufig zur Verfolgung von medizinischer Ausr\u00fcstung, Patientenakten und Medikamenten in Krankenh\u00e4usern und Gesundheitseinrichtungen eingesetzt, was zu einer verbesserten Patientenversorgung und einem besseren Krankenhausmanagement f\u00fchrt.<\/div>\n<\/li>\n<\/ol>\n<div class=\"auto-hide-last-sibling-br paragraph_9dc5f paragraph-element\">Zusammenfassend l\u00e4sst sich sagen, dass UHF-RFID-Nasseinlagen eine verbesserte Betriebseffizienz, Genauigkeit und Sicherheit in unterschiedlichsten Branchen und Umgebungen bewirken.<\/div>\n<\/div>","protected":false},"excerpt":{"rendered":"<div class=\"auto-hide-last-sibling-br paragraph_9dc5f paragraph-element\">UHF-RFID-Inlays sind eine Art RFID-Tag, der im Ultrahochfrequenzspektrum arbeitet. Sie bestehen normalerweise aus zwei Teilen:<\/div>\n<ol class=\"auto-hide-last-sibling-br\">\n<li>Ein integrierter Schaltkreis (auch Chip genannt), in dem Daten gespeichert werden.<\/li>\n<li>Eine Antenne, mit der diese Daten an ein RFID-Leseger\u00e4t \u00fcbertragen werden.<\/li>\n<\/ol>","protected":false},"featured_media":284,"template":"","meta":{"_kad_post_transparent":"default","_kad_post_title":"","_kad_post_layout":"default","_kad_post_sidebar_id":"","_kad_post_content_style":"default","_kad_post_vertical_padding":"default","_kad_post_feature":"","_kad_post_feature_position":"","_kad_post_header":false,"_kad_post_footer":false,"_kad_post_classname":""},"product_brand":[],"product_cat":[54,189],"product_tag":[108,109],"class_list":{"0":"post-283","1":"product","2":"type-product","3":"status-publish","4":"has-post-thumbnail","6":"product_cat-hot-selling-rfid-tags","7":"product_cat-rfid-inlay","8":"product_tag-rfid-inlay","9":"product_tag-uhf-rfid-inlay","11":"first","12":"instock","13":"shipping-taxable","14":"product-type-simple","15":"entry","16":"content-bg","17":"loop-entry"},"_links":{"self":[{"href":"https:\/\/rfid-laundry-tag.com\/de\/wp-json\/wp\/v2\/product\/283","targetHints":{"allow":["GET"]}}],"collection":[{"href":"https:\/\/rfid-laundry-tag.com\/de\/wp-json\/wp\/v2\/product"}],"about":[{"href":"https:\/\/rfid-laundry-tag.com\/de\/wp-json\/wp\/v2\/types\/product"}],"version-history":[{"count":1,"href":"https:\/\/rfid-laundry-tag.com\/de\/wp-json\/wp\/v2\/product\/283\/revisions"}],"predecessor-version":[{"id":720,"href":"https:\/\/rfid-laundry-tag.com\/de\/wp-json\/wp\/v2\/product\/283\/revisions\/720"}],"wp:featuredmedia":[{"embeddable":true,"href":"https:\/\/rfid-laundry-tag.com\/de\/wp-json\/wp\/v2\/media\/284"}],"wp:attachment":[{"href":"https:\/\/rfid-laundry-tag.com\/de\/wp-json\/wp\/v2\/media?parent=283"}],"wp:term":[{"taxonomy":"product_brand","embeddable":true,"href":"https:\/\/rfid-laundry-tag.com\/de\/wp-json\/wp\/v2\/product_brand?post=283"},{"taxonomy":"product_cat","embeddable":true,"href":"https:\/\/rfid-laundry-tag.com\/de\/wp-json\/wp\/v2\/product_cat?post=283"},{"taxonomy":"product_tag","embeddable":true,"href":"https:\/\/rfid-laundry-tag.com\/de\/wp-json\/wp\/v2\/product_tag?post=283"}],"curies":[{"name":"wp","href":"https:\/\/api.w.org\/{rel}","templated":true}]}}