{"id":2822,"date":"2024-11-04T14:49:24","date_gmt":"2024-11-04T14:49:24","guid":{"rendered":"https:\/\/rfid-laundry-tag.com\/?post_type=product&#038;p=2822"},"modified":"2024-11-04T15:12:28","modified_gmt":"2024-11-04T15:12:28","slug":"waterproof-washable-rfid-laundry-tag","status":"publish","type":"product","link":"https:\/\/rfid-laundry-tag.com\/de\/waterproof-washable-rfid-laundry-tag\/","title":{"rendered":"Wasserdichter waschbarer RFID-W\u00e4scheanh\u00e4nger"},"content":{"rendered":"<div>\n<div class=\"auto-hide-last-sibling-br paragraph_1252f paragraph-element\">\n<h2>Wasserdichter waschbarer RFID-W\u00e4scheanh\u00e4nger<\/h2>\n<table width=\"637\">\n<tbody>\n<tr>\n<td width=\"328\">Artikelname:<\/td>\n<td width=\"309\">Wasserdichter waschbarer RFID-W\u00e4scheanh\u00e4nger<\/td>\n<\/tr>\n<tr>\n<td width=\"328\">RFID-Standard:<\/td>\n<td width=\"309\">ISO\/IEC 18000-6 TypC (EPC Gen2)<\/td>\n<\/tr>\n<tr>\n<td width=\"328\">Gr\u00f6\u00dfe Gewicht:<\/td>\n<td width=\"309\">70\u00d715 mm, 0,6 g<\/td>\n<\/tr>\n<tr>\n<td width=\"328\">Chip-Typ:<\/td>\n<td width=\"309\">Impinj Monza 4QT, NXP U CODE 8, NXP U CODE 9<\/td>\n<\/tr>\n<tr>\n<td width=\"328\">EPC-Speicher:<\/td>\n<td width=\"309\">128 Bit<\/td>\n<\/tr>\n<tr>\n<td width=\"328\">Benutzerspeicher:<\/td>\n<td width=\"309\">512 Bit<\/td>\n<\/tr>\n<tr>\n<td width=\"328\">Lesereichweite (2 W ERP FCC):<\/td>\n<td width=\"309\">8 m<\/td>\n<\/tr>\n<tr>\n<td width=\"328\">Lesereichweite (2 W ERP ETSI):<\/td>\n<td width=\"309\">8 m<\/td>\n<\/tr>\n<tr>\n<td width=\"328\">Tagging:<\/td>\n<td width=\"309\">N\u00e4hen, Hei\u00dfpr\u00e4gekleber<\/td>\n<\/tr>\n<tr>\n<td width=\"328\">Gesch\u00e4tzte Lebensdauer:<\/td>\n<td width=\"309\">200 Waschzyklen oder 3 Jahre, je nachdem, was zuerst eintritt<\/td>\n<\/tr>\n<tr>\n<td width=\"328\">Waschmethode:<\/td>\n<td width=\"309\">W\u00e4scherei, chemische Reinigung<\/td>\n<\/tr>\n<tr>\n<td width=\"328\">Wasserentnahmedruck:<\/td>\n<td width=\"309\">60 bar<\/td>\n<\/tr>\n<tr>\n<td width=\"328\">Wasserbest\u00e4ndigkeit:<\/td>\n<td width=\"309\">Wasserfest<\/td>\n<\/tr>\n<tr>\n<td width=\"328\">Chemische Resistenz:<\/td>\n<td width=\"309\">Waschmittel, Weichsp\u00fcler, Bleichmittel (Sauerstoff\/Chlor), Alkali<\/td>\n<\/tr>\n<tr>\n<td width=\"328\">Vortrocknen im Tumbler:<\/td>\n<td width=\"309\">125 \u00baC f\u00fcr 15-20 Minuten<\/td>\n<\/tr>\n<tr>\n<td width=\"328\">Sterilisationstemperatur:<\/td>\n<td width=\"309\">135\u00b0C f\u00fcr 15-20 Minuten<\/td>\n<\/tr>\n<tr>\n<td width=\"328\">Waschtemperatur:<\/td>\n<td width=\"309\">90\u00b0C, Bis zu 15 Min.<\/td>\n<\/tr>\n<tr>\n<td width=\"328\">Luftfeuchtigkeit\/Temperatur-Betrieb:<\/td>\n<td width=\"309\">-20 bis 110 \u00b0C, 8 bis 95%RH<\/td>\n<\/tr>\n<tr>\n<td width=\"328\">Luftfeuchtigkeit\/ Temperatur-Lagerung:<\/td>\n<td width=\"309\">-40 bis 110 \u00b0C, 8 bis 95%RH<\/td>\n<\/tr>\n<\/tbody>\n<\/table>\n<\/div>\n<div class=\"auto-hide-last-sibling-br paragraph_1252f paragraph-element\"><\/div>\n<\/div>\n<div class=\"auto-hide-last-sibling-br paragraph_1252f paragraph-element\">\n<div data-spm-anchor-id=\"a2700.details.0.i57.23b419c7xXORP0\"><span data-spm-anchor-id=\"a2700.details.0.i75.23b419c7xXORP0\"><b>Besonderheit:<\/b><br \/>\n1) UHF-Technologie zum gleichzeitigen Lesen von Hunderten von Tags.<br \/>\n2) Mehr als 2,44 m Leseabstand.<br \/>\n3) Neues mechanisches Design f\u00fcr verbesserte Leistung bei Flachw\u00e4sche.<br \/>\n4) Geeignet f\u00fcr Hochdrucksauger bis 60 bar.<br \/>\n5) Geeignet f\u00fcr die Sterilisation im Autoklav.<br \/>\n6) Kleines, weiches, flexibles Material, ideal f\u00fcr Textilien, Bettw\u00e4sche, Kleidungsst\u00fccke und Accessoires.<\/span><\/div>\n<\/div>\n<div data-spm-anchor-id=\"a2700.details.0.i57.23b419c7xXORP0\"><\/div>\n<div data-spm-anchor-id=\"a2700.details.0.i57.23b419c7xXORP0\"><span class=\"AnswerParser_TextContainer__z_Iiv\" data-testid=\"youchat-text\">Der\u00a0<strong>Wasserdichter waschbarer RFID-W\u00e4scheanh\u00e4nger<\/strong>\u00a0ist eine revolution\u00e4re L\u00f6sung zur Optimierung der Nachverfolgung und Verwaltung von Kleidungsst\u00fccken, W\u00e4sche und Uniformen. Diese Etiketten steigern nicht nur die Betriebseffizienz, sondern erm\u00f6glichen auch erhebliche Kosteneinsparungen und eine verbesserte Bestandskontrolle. Mit ihrem langlebigen und waschbaren Design sind sie ideal f\u00fcr Waschzyklen bei hohen Temperaturen und somit eine kluge Investition f\u00fcr jeden W\u00e4schereibetrieb.<\/span><\/p>\n<h2 class=\"AnswerParser_AnswerParserH2__SIHnF\">Warum sollten Sie sich f\u00fcr wasserdichte, waschbare RFID-W\u00e4scheetiketten entscheiden?<\/h2>\n<p><span class=\"AnswerParser_TextContainer__z_Iiv\" data-testid=\"youchat-text\">Die Vorteile der Verwendung\u00a0<strong>RFID-W\u00e4scheetiketten<\/strong>\u00a0sind zahlreich. Sie erm\u00f6glichen die automatische Nachverfolgung von W\u00e4schest\u00fccken, reduzieren die manuelle Arbeit und minimieren Fehler. Diese Technologie erm\u00f6glicht eine Bestandsverwaltung in Echtzeit und stellt sicher, dass jedes Kleidungsst\u00fcck erfasst ist. Dar\u00fcber hinaus gew\u00e4hrleisten die wasserdichten und waschbaren Eigenschaften dieser Etiketten Langlebigkeit und Zuverl\u00e4ssigkeit, selbst in den anspruchsvollsten W\u00e4schereiumgebungen. Durch die Investition in\u00a0<strong>RFID-W\u00e4scheetiketten<\/strong>k\u00f6nnen Unternehmen ihre Betriebseffizienz steigern, die Kundenzufriedenheit verbessern und letztendlich ihre Rentabilit\u00e4t erh\u00f6hen.<\/span><\/div>\n<h3 class=\"wp-block-heading\">Installation<\/h3>\n<p><strong>Stichmarkierung<\/strong>: Zum Einn\u00e4hen in den Saum eines Textils. N\u00e4hen Sie das W\u00e4scheetikett abseits der Faltlinien.<br \/>\n<strong>Hei\u00dfsiegel<\/strong>: Wird bei +200 \u00b0C (392 \u00b0F) f\u00fcr 12\u201314 s direkt auf dem Textil hei\u00dfversiegelt.<br \/>\n<strong>Im Beutel<\/strong>: Wird wie ein normales Pflegeetikett aufgen\u00e4ht. N\u00e4hen Sie das W\u00e4scheetikett abseits der Faltlinien auf.<\/p>\n<div class=\"auto-hide-last-sibling-br paragraph_1252f paragraph-element\">\n<div><\/div>\n<p style=\"font-weight: 400;\"><span style=\"font-style: inherit; font-weight: inherit;\" data-spm-anchor-id=\"a2700.details.0.i52.7e74253fSAfL7T\">Wie <\/span><b><strong style=\"font-style: inherit;\">STARK<\/strong><\/b><span style=\"font-style: inherit; font-weight: inherit;\"> sie sind ?<\/span><\/p>\n<p><b><strong>\u2460<\/strong><\/b>.Werden die RFID-Chips durch hohe Temperaturen besch\u00e4digt?<span style=\"font-style: inherit; font-weight: inherit;\"> \u2013<\/span><b><strong>\u2714 Unsere RFID-Textilw\u00e4scheetiketten sind f\u00fcr den Einsatz bei 200 \u00b0C ausgelegt<\/strong><\/b><span style=\"font-style: inherit; font-weight: inherit;\">.<\/span><\/p>\n<p style=\"font-weight: 400;\"><b><strong>\u2461<\/strong><\/b>Wie oft k\u00f6nnen wir die an Uniformtextilien angebrachten Etiketten waschen? <b><strong>\u2013\u2714Unser RFID-Textilw\u00e4scheetikett kann mit einer Garantie von 2 Jahren nach dem Versand mehr als 200 Mal gewaschen werden.<\/strong><\/b><\/p>\n<p style=\"font-weight: 400;\"><b><strong>\u2462<\/strong><\/b>Werden wir f\u00fcr die prestigetr\u00e4chtigen Uniformtextilien Geld ausgeben und weiterhin an der Verarbeitung von Chips arbeiten? <b><strong>\u2013\u2714Wir haben unser Textilw\u00e4scheetikett so konzipiert, dass es beim Pressen Ihrer Textilprodukte einem Druck von 60 Bar standh\u00e4lt.<\/strong><\/b><\/p>\n<p style=\"font-weight: 400;\"><b><strong>\u2463<\/strong><\/b>Wo platzieren Sie RFID-Textilw\u00e4scheetiketten auf Uniformtextilien? <b><strong>\u2013 \u2714RFID-Textilw\u00e4scheetiketten werden je nach Verf\u00fcgbarkeit der Uniformen angebracht.<\/strong><\/b><\/p>\n<h3 class=\"AnswerParser_AnswerParserH3__Mpe4s\">Merkmale der wasserdichten waschbaren RFID-W\u00e4scheetiketten<\/h3>\n<p><span class=\"AnswerParser_TextContainer__z_Iiv\" data-testid=\"youchat-text\">Der\u00a0<strong>Wasserdichter waschbarer RFID-W\u00e4scheanh\u00e4nger<\/strong>\u00a0ist mit mehreren wichtigen Funktionen ausgestattet, die es zu einem unverzichtbaren Werkzeug f\u00fcr das W\u00e4schemanagement machen. Diese Etiketten bestehen aus langlebigen Materialien, die hohen Temperaturen und rauen Waschbedingungen standhalten. Sie sind mit UHF-RFID-Technologie ausgestattet, die eine Lesereichweite von bis zu 6 Metern erm\u00f6glicht, was ideal f\u00fcr die gleichzeitige Verfolgung mehrerer Artikel ist.<\/span><span class=\"AnswerParser_TextContainer__z_Iiv\" data-testid=\"youchat-text\">Dar\u00fcber hinaus sind diese Etiketten leicht, wiegen nur 0,6 Gramm und haben eine kompakte Gr\u00f6\u00dfe von 70\u00d715 mm, sodass sie sich leicht an verschiedenen Textilien anbringen lassen, ohne dass sie auftragen. Die Etiketten k\u00f6nnen in Kleidungsst\u00fccke eingen\u00e4ht oder mit Klebstoff befestigt werden, was eine flexible Anwendung erm\u00f6glicht.<\/span><\/p>\n<h3 class=\"AnswerParser_AnswerParserH3__Mpe4s\">Technische Spezifikationen<\/h3>\n<p><span class=\"AnswerParser_TextContainer__z_Iiv\" data-testid=\"youchat-text\">Verstehen der technischen Spezifikationen des\u00a0<strong>RFID-W\u00e4scheetikett<\/strong>\u00a0ist f\u00fcr Unternehmen, die diese Technologie implementieren m\u00f6chten, von entscheidender Bedeutung. Die Tags entsprechen dem Standard ISO\/IEC 18000-6 Typ C (EPC Gen2) und sind somit mit einer Vielzahl von RFID-Leseger\u00e4ten kompatibel.<\/span><\/p>\n<ul class=\"AnswerParser_AnswerParserUnorderedList__P_1FW\">\n<li class=\"AnswerParser_ListItem__XqLOV\" translate=\"yes\"><strong>Chiptyp<\/strong>: Impinj Monza 4QT, NXP U CODE 8, NXP U CODE 9<\/li>\n<li class=\"AnswerParser_ListItem__XqLOV\" translate=\"yes\"><strong>EPC-Speicher<\/strong>: 128 Bit<\/li>\n<li class=\"AnswerParser_ListItem__XqLOV\" translate=\"yes\"><strong>Benutzerspeicher<\/strong>: 512 Bit<\/li>\n<li class=\"AnswerParser_ListItem__XqLOV\" translate=\"yes\"><strong>Waschzyklen<\/strong>: Entwickelt, um \u00fcber 200 Waschzyklen ohne Funktionsverlust zu \u00fcberstehen.<\/li>\n<\/ul>\n<p><span class=\"AnswerParser_TextContainer__z_Iiv\" data-testid=\"youchat-text\">Diese Spezifikationen unterstreichen die Haltbarkeit und Zuverl\u00e4ssigkeit des Etiketts und machen es f\u00fcr verschiedene W\u00e4scherei-Anwendungen geeignet.<\/span><\/p>\n<h3 class=\"AnswerParser_AnswerParserH3__Mpe4s\">Vorteile der Verwendung von RFID-W\u00e4scheetiketten<\/h3>\n<p><span class=\"AnswerParser_TextContainer__z_Iiv\" data-testid=\"youchat-text\">Die Umsetzung von\u00a0<strong>RFID-W\u00e4scheetiketten<\/strong>\u00a0bietet Unternehmen zahlreiche Vorteile. Erstens wird der Zeitaufwand f\u00fcr die Bestandsverwaltung erheblich reduziert. Durch die automatische Nachverfolgung kann das Personal W\u00e4schest\u00fccke schnell finden und verwalten, was zu einer h\u00f6heren Produktivit\u00e4t f\u00fchrt.<\/span><span class=\"AnswerParser_TextContainer__z_Iiv\" data-testid=\"youchat-text\">Zweitens erh\u00f6hen diese Etiketten die Sicherheit, indem sie den Verlust und Diebstahl von Kleidungsst\u00fccken verhindern. Die M\u00f6glichkeit, jedes Kleidungsst\u00fcck in Echtzeit zu verfolgen, stellt sicher, dass Unternehmen genaue Aufzeichnungen \u00fcber ihren Bestand f\u00fchren k\u00f6nnen. Schlie\u00dflich k\u00f6nnen die von RFID-Systemen gesammelten Daten wertvolle Einblicke in den W\u00e4schereibetrieb liefern und Unternehmen dabei helfen, ihre Prozesse zu optimieren und Kosten zu senken.<\/span><\/p>\n<h3 class=\"AnswerParser_AnswerParserH3__Mpe4s\">Umweltauswirkungen<\/h3>\n<p><span class=\"AnswerParser_TextContainer__z_Iiv\" data-testid=\"youchat-text\">Der\u00a0<strong>Wasserdichter waschbarer RFID-W\u00e4scheanh\u00e4nger<\/strong>\u00a0ist nicht nur f\u00fcr Unternehmen von Vorteil, sondern auch f\u00fcr die Umwelt. Indem sie den Bedarf an manueller Nachverfolgung verringern und Fehler minimieren, tragen diese Etiketten zu effizienteren W\u00e4schereiabl\u00e4ufen bei, was zu einem geringeren Wasser- und Energieverbrauch f\u00fchren kann.<\/span><span class=\"AnswerParser_TextContainer__z_Iiv\" data-testid=\"youchat-text\">Dar\u00fcber hinaus m\u00fcssen diese Etiketten aufgrund ihrer Langlebigkeit nicht so oft ausgetauscht werden, was zu weniger Abfall f\u00fchrt. Unternehmen k\u00f6nnen sich auch f\u00fcr die Implementierung umweltfreundlicher RFID-Systeme entscheiden und so ihre Nachhaltigkeitsbem\u00fchungen weiter verbessern.<\/span><\/p>\n<h3 class=\"AnswerParser_AnswerParserH3__Mpe4s\">Gebrauchsanweisung<\/h3>\n<p><span class=\"AnswerParser_TextContainer__z_Iiv\" data-testid=\"youchat-text\">Um die Wirksamkeit von\u00a0<strong>RFID-W\u00e4scheetiketten<\/strong>, ist die richtige Anwendung von entscheidender Bedeutung. Hier sind einige wichtige Schritte zur Implementierung:<\/span><\/p>\n<ol class=\"AnswerParser_AnswerParserOrderedList__kl_2Y\">\n<li class=\"AnswerParser_ListItem__XqLOV\" translate=\"yes\"><span class=\"AnswerParser_TextContainer__z_Iiv\" data-testid=\"youchat-text\"><strong>Tagging<\/strong>: Befestigen Sie die RFID-Tags durch N\u00e4hen oder Kleben an Kleidungsst\u00fccken oder W\u00e4sche. Stellen Sie sicher, dass die Tags sicher befestigt sind und dem Waschen standhalten.<\/span><\/li>\n<li class=\"AnswerParser_ListItem__XqLOV\" translate=\"yes\"><span class=\"AnswerParser_TextContainer__z_Iiv\" data-testid=\"youchat-text\"><strong>Scannen<\/strong>: Verwenden Sie ein RFID-Leseger\u00e4t, um die Etiketten w\u00e4hrend des W\u00e4schevorgangs zu scannen. Dies kann an verschiedenen Stellen erfolgen, einschlie\u00dflich Abgabe, Waschen und Abholen.<\/span><\/li>\n<li class=\"AnswerParser_ListItem__XqLOV\" translate=\"yes\"><span class=\"AnswerParser_TextContainer__z_Iiv\" data-testid=\"youchat-text\"><strong>Datenmanagement<\/strong>: Nutzen Sie RFID-Software, um die von den Tags erfassten Daten zu verwalten und zu analysieren. Dies hilft bei der Verfolgung des Lagerbestands und der Identifizierung etwaiger Abweichungen.<\/span><\/li>\n<\/ol>\n<h3 class=\"AnswerParser_AnswerParserH3__Mpe4s\">Kundenrezensionen<\/h3>\n<p><span class=\"AnswerParser_TextContainer__z_Iiv\" data-testid=\"youchat-text\">Kundenfeedback ist ein wesentlicher Aspekt zum Verst\u00e4ndnis der Wirksamkeit von\u00a0<strong>RFID-W\u00e4scheetiketten<\/strong>. Viele Benutzer haben von erheblichen Verbesserungen bei ihren W\u00e4schereiabl\u00e4ufen berichtet, nachdem sie diese Tags implementiert hatten.<\/span><span class=\"AnswerParser_TextContainer__z_Iiv\" data-testid=\"youchat-text\">Ein Hotelmanager bemerkte beispielsweise: \u201eSeit wir RFID-W\u00e4scheetiketten verwenden, l\u00e4uft unsere Bestandsverwaltung reibungslos. Wir k\u00f6nnen unsere W\u00e4sche und Uniformen m\u00fchelos verfolgen, was uns sowohl Zeit als auch Geld spart.\u201c<\/span><span class=\"AnswerParser_TextContainer__z_Iiv\" data-testid=\"youchat-text\">Ein anderer Kunde aus einer Gesundheitseinrichtung meinte: \u201eDie Haltbarkeit dieser Etiketten ist beeindruckend. Sie \u00fcberstehen problemlos mehrere Waschg\u00e4nge und stellen sicher, dass wir unsere strengen Hygienestandards einhalten k\u00f6nnen.\u201c<\/span><\/p>\n<h3 class=\"AnswerParser_AnswerParserH3__Mpe4s\">Verwandte Produkte<\/h3>\n<p><span class=\"AnswerParser_TextContainer__z_Iiv\" data-testid=\"youchat-text\">Neben der\u00a0<strong>Wasserdichter waschbarer RFID-W\u00e4scheanh\u00e4nger<\/strong>gibt es mehrere verwandte Produkte, die W\u00e4schemanagementsysteme verbessern k\u00f6nnen. Dazu geh\u00f6ren:<\/span><\/p>\n<ul class=\"AnswerParser_AnswerParserUnorderedList__P_1FW\">\n<li class=\"AnswerParser_ListItem__XqLOV\" translate=\"yes\"><strong>RFID-Etiketten<\/strong>: Ideal f\u00fcr kleinere Artikel oder spezielle Anwendungen.<\/li>\n<li class=\"AnswerParser_ListItem__XqLOV\" translate=\"yes\"><strong>RFID-Aufkleber<\/strong>: Vielseitig und einfach auf verschiedenen Oberfl\u00e4chen anzuwenden.<\/li>\n<li class=\"AnswerParser_ListItem__XqLOV\" translate=\"yes\"><strong>RFID-Leseger\u00e4te<\/strong>: Unverzichtbar f\u00fcr das effiziente Scannen und Verwalten markierter Artikel.<\/li>\n<\/ul>\n<h3 class=\"AnswerParser_AnswerParserH3__Mpe4s\">\u00a0H\u00e4ufig gestellte Fragen (FAQs)<\/h3>\n<p><span class=\"AnswerParser_TextContainer__z_Iiv\" data-testid=\"youchat-text\"><strong>F: Wie lange halten RFID-W\u00e4scheetiketten?<\/strong><br \/>\nA: Unsere\u00a0<strong>RFID-W\u00e4scheetiketten<\/strong>\u00a0sind f\u00fcr mehr als 200 Waschzyklen ausgelegt und gew\u00e4hrleisten so eine lang anhaltende Leistung.<\/span><\/p>\n<p><span class=\"AnswerParser_TextContainer__z_Iiv\" data-testid=\"youchat-text\"><strong>F: K\u00f6nnen diese Etiketten bei hohen Waschtemperaturen verwendet werden?<\/strong><br \/>\nA: Ja, diese Etiketten sind speziell daf\u00fcr ausgelegt, hohen Temperaturen standzuhalten und eignen sich daher f\u00fcr den Einsatz in industriellen W\u00e4schereien.<\/span><\/p>\n<p><span class=\"AnswerParser_TextContainer__z_Iiv\" data-testid=\"youchat-text\"><strong>F: Wie bestelle ich RFID-W\u00e4scheetiketten?<\/strong><br \/>\nA: Um eine Bestellung aufzugeben oder sich nach Anpassungsoptionen zu erkundigen, f\u00fcllen Sie bitte das Kontaktformular auf unserer Website aus und unser Team wird Ihnen umgehend weiterhelfen.<\/span><\/p>\n<h3 class=\"AnswerParser_AnswerParserH3__Mpe4s\">Abschluss<\/h3>\n<p><span class=\"AnswerParser_TextContainer__z_Iiv\" data-testid=\"youchat-text\">Der\u00a0<strong>Wasserdichter waschbarer RFID-W\u00e4scheanh\u00e4nger<\/strong>\u00a0ist ein Wendepunkt f\u00fcr Unternehmen, die ihre W\u00e4schereimanagementprozesse verbessern m\u00f6chten. Mit seinem langlebigen Design, seiner fortschrittlichen Technologie und seinen zahlreichen Vorteilen ist es eine Investition, die sich in Effizienz und Kosteneinsparungen auszahlt.<\/span><span class=\"AnswerParser_TextContainer__z_Iiv\" data-testid=\"youchat-text\">Durch den Einsatz von RFID-Technologie k\u00f6nnen Unternehmen ihre Betriebsabl\u00e4ufe optimieren, die Bestandsgenauigkeit verbessern und ihren Kunden letztlich einen besseren Service bieten. Verpassen Sie nicht die Chance, Ihr W\u00e4schemanagement zu revolutionieren\u2014<strong>kontaktiere uns<\/strong>\u00a0Melden Sie sich noch heute an, um mehr \u00fcber unsere RFID-L\u00f6sungen und deren Vorteile f\u00fcr Ihr Unternehmen zu erfahren.<\/span><\/p>\n<p>&nbsp;<\/p>\n<\/div>\n<div class=\"auto-hide-last-sibling-br paragraph_1252f paragraph-element\"><\/div>","protected":false},"excerpt":{"rendered":"<p><strong>Wasserdichter waschbarer RFID-W\u00e4scheanh\u00e4nger<\/strong>\u00a0ist ein Wendepunkt f\u00fcr Unternehmen, die ihre W\u00e4schereimanagementprozesse verbessern m\u00f6chten. Mit seinem langlebigen Design, seiner fortschrittlichen Technologie und seinen zahlreichen Vorteilen ist es eine Investition, die sich in Effizienz und Kosteneinsparungen auszahlt.<\/p>","protected":false},"featured_media":2827,"template":"","meta":{"_kad_post_transparent":"default","_kad_post_title":"","_kad_post_layout":"default","_kad_post_sidebar_id":"","_kad_post_content_style":"default","_kad_post_vertical_padding":"default","_kad_post_feature":"","_kad_post_feature_position":"","_kad_post_header":false,"_kad_post_footer":false,"_kad_post_classname":""},"product_brand":[],"product_cat":[16],"product_tag":[340,31,65,30,325],"class_list":{"0":"post-2822","1":"product","2":"type-product","3":"status-publish","4":"has-post-thumbnail","6":"product_cat-uhf-rfid-laundry-tags","7":"product_tag-rfid-chips","8":"product_tag-rfid-tag-for-linen-laundry","9":"product_tag-textile-rfid-laundry-tags","10":"product_tag-uhf-rfid-laundry-tag","11":"product_tag-washable-rfid-laundry-tag","13":"first","14":"instock","15":"featured","16":"shipping-taxable","17":"product-type-simple","18":"entry","19":"content-bg","20":"loop-entry"},"_links":{"self":[{"href":"https:\/\/rfid-laundry-tag.com\/de\/wp-json\/wp\/v2\/product\/2822","targetHints":{"allow":["GET"]}}],"collection":[{"href":"https:\/\/rfid-laundry-tag.com\/de\/wp-json\/wp\/v2\/product"}],"about":[{"href":"https:\/\/rfid-laundry-tag.com\/de\/wp-json\/wp\/v2\/types\/product"}],"version-history":[{"count":2,"href":"https:\/\/rfid-laundry-tag.com\/de\/wp-json\/wp\/v2\/product\/2822\/revisions"}],"predecessor-version":[{"id":2829,"href":"https:\/\/rfid-laundry-tag.com\/de\/wp-json\/wp\/v2\/product\/2822\/revisions\/2829"}],"wp:featuredmedia":[{"embeddable":true,"href":"https:\/\/rfid-laundry-tag.com\/de\/wp-json\/wp\/v2\/media\/2827"}],"wp:attachment":[{"href":"https:\/\/rfid-laundry-tag.com\/de\/wp-json\/wp\/v2\/media?parent=2822"}],"wp:term":[{"taxonomy":"product_brand","embeddable":true,"href":"https:\/\/rfid-laundry-tag.com\/de\/wp-json\/wp\/v2\/product_brand?post=2822"},{"taxonomy":"product_cat","embeddable":true,"href":"https:\/\/rfid-laundry-tag.com\/de\/wp-json\/wp\/v2\/product_cat?post=2822"},{"taxonomy":"product_tag","embeddable":true,"href":"https:\/\/rfid-laundry-tag.com\/de\/wp-json\/wp\/v2\/product_tag?post=2822"}],"curies":[{"name":"wp","href":"https:\/\/api.w.org\/{rel}","templated":true}]}}