{"id":2792,"date":"2024-10-29T11:28:05","date_gmt":"2024-10-29T11:28:05","guid":{"rendered":"https:\/\/rfid-laundry-tag.com\/?post_type=product&#038;p=2792"},"modified":"2024-10-29T13:03:05","modified_gmt":"2024-10-29T13:03:05","slug":"fdx-b-134-2khz-rfid-animal-id-glass-tag-syringe-transponder","status":"publish","type":"product","link":"https:\/\/rfid-laundry-tag.com\/de\/fdx-b-134-2khz-rfid-animal-id-glass-tag-syringe-transponder\/","title":{"rendered":"FDX-B 134,2 kHz RFID-Tier-ID-Glas-Tag-Spritzentransponder"},"content":{"rendered":"<h2>FDX-B 134,2 kHz RFID-Tier-ID-Glas-Tag-Spritzentransponder<\/h2>\n<p><span class=\"AnswerParser_TextContainer__z_Iiv\" data-testid=\"youchat-text\"><strong>FDX-B 134,2 kHz RFID-Tier-ID-Glas-Tag-Spritzentransponder<\/strong>\u00a0ist eine hochmoderne L\u00f6sung zur Identifizierung und Verwaltung von Tieren. Dieser RFID-Glasanh\u00e4nger wurde speziell f\u00fcr Haustiere und Nutztiere entwickelt und gew\u00e4hrleistet eine genaue Verfolgung und Identifizierung. Damit ist er ein unverzichtbares Werkzeug f\u00fcr Tier\u00e4rzte, Z\u00fcchter und Tierbesitzer. Mit seinen robusten Funktionen und seiner zuverl\u00e4ssigen Leistung ist dieses Produkt eine lohnende Investition f\u00fcr alle, die in der Tierpflege und -verwaltung t\u00e4tig sind.<\/span><\/p>\n<h2 class=\"AnswerParser_AnswerParserH2__SIHnF\">Warum sollten Sie sich f\u00fcr das FDX-B 134,2 kHz RFID-Tier-ID-Glasetikett entscheiden?<\/h2>\n<p><span class=\"AnswerParser_TextContainer__z_Iiv\" data-testid=\"youchat-text\">Der FDX-B RFID-Glasanh\u00e4nger ist nicht nur ein einfaches Identifikationsinstrument; er bietet zahlreiche Vorteile, die das Tiermanagement verbessern. Seine\u00a0<strong>Bioglas<\/strong>\u00a0Konstruktion sorgt f\u00fcr Haltbarkeit und Biokompatibilit\u00e4t, so dass es sicher f\u00fcr die Implantation ist. Das Etikett arbeitet mit einer Frequenz von\u00a0<strong>134,2 kHz<\/strong>, das den internationalen Standards (ISO11784\/785, ISO14443A) entspricht und eine zuverl\u00e4ssige Leistung in verschiedenen Anwendungen gew\u00e4hrleistet. Dar\u00fcber hinaus ist das\u00a0<strong>100% Sterilisation in medizinischer Qualit\u00e4t<\/strong>\u00a0garantiert, dass der Anh\u00e4nger sicher bei Tieren verwendet werden kann und minimiert das Risiko einer Infektion oder von Komplikationen nach der Implantation.<\/span><\/p>\n<h3 class=\"AnswerParser_AnswerParserH3__Mpe4s\">Produkt\u00fcbersicht<\/h3>\n<h4 class=\"AnswerParser_AnswerParserH4__ghxg8\">1. Produktmerkmale<\/h4>\n<p><span class=\"AnswerParser_TextContainer__z_Iiv\" data-testid=\"youchat-text\">Der FDX-B RFID-Glastag ist in verschiedenen Gr\u00f6\u00dfen erh\u00e4ltlich, darunter\u00a0<strong>1,25 x 7 mm<\/strong>,\u00a0<strong>1,4 x 8 mm<\/strong>,\u00a0<strong>2 x 8 mm<\/strong>,\u00a0<strong>2 x 12 mm<\/strong>, Und\u00a0<strong>3 x 15 mm<\/strong>. Diese Auswahl erm\u00f6glicht eine flexible Anwendung f\u00fcr verschiedene Tiergr\u00f6\u00dfen, von kleinen Haustieren bis hin zu Gro\u00dfvieh.\u00a0<strong>antibakteriell, antiallergisch und gegen Absto\u00dfung<\/strong>\u00a0Funktionen stellen sicher, dass es f\u00fcr alle Tierarten sicher ist und geben Tierbesitzern und Tier\u00e4rzten ein beruhigendes Gef\u00fchl.<\/span><\/p>\n<h4 class=\"AnswerParser_AnswerParserH4__ghxg8\">2. Technische Daten<\/h4>\n<table class=\"hight-light-first-column all magic-18\">\n<tbody>\n<tr>\n<td colspan=\"1\" rowspan=\"1\">\n<div class=\"magic-19\">Artikel<\/div>\n<\/td>\n<td colspan=\"1\" rowspan=\"1\">\n<div class=\"magic-20\">RFID-Glasetikett<\/div>\n<\/td>\n<\/tr>\n<tr>\n<td colspan=\"1\" rowspan=\"1\">\n<div class=\"magic-19\">Material<\/div>\n<\/td>\n<td colspan=\"1\" rowspan=\"1\">\n<div class=\"magic-20\">Bioglas<\/div>\n<\/td>\n<\/tr>\n<tr>\n<td colspan=\"1\" rowspan=\"1\">\n<div class=\"magic-19\">Verf\u00fcgbare Gr\u00f6\u00dfe<\/div>\n<\/td>\n<td colspan=\"1\" rowspan=\"1\">\n<div class=\"magic-20\">1,25 x 7 mm, 1,4 x 8 mm, 2 x 8 mm, 2 x 12 mm, 3 x 15 mm usw.<\/div>\n<\/td>\n<\/tr>\n<tr>\n<td colspan=\"1\" rowspan=\"1\">\n<div class=\"magic-19\">Arbeitsfrequenz<\/div>\n<\/td>\n<td colspan=\"1\" rowspan=\"1\">\n<div class=\"magic-20\" data-spm-anchor-id=\"a2700.details.0.i46.2ffc6c8dJHsoYV\">134,2 kHz, 125 kHz, 13,56 MHz<\/div>\n<\/td>\n<\/tr>\n<tr>\n<td colspan=\"1\" rowspan=\"1\">\n<div class=\"magic-19\">Protokoll<\/div>\n<\/td>\n<td colspan=\"1\" rowspan=\"1\">\n<div class=\"magic-20\">ISO11784\/785, IS014443A<\/div>\n<\/td>\n<\/tr>\n<tr>\n<td colspan=\"1\" rowspan=\"1\">\n<div class=\"magic-19\">Kunsthandwerk<\/div>\n<\/td>\n<td colspan=\"1\" rowspan=\"1\">\n<div class=\"magic-20\">ID-Nummern-Programmierung<\/div>\n<\/td>\n<\/tr>\n<tr>\n<td colspan=\"1\" rowspan=\"1\">\n<div class=\"magic-19\">Sterilisation<\/div>\n<\/td>\n<td colspan=\"1\" rowspan=\"1\">\n<div class=\"magic-20\">100% Sterilisation in medizinischer Qualit\u00e4t<\/div>\n<\/td>\n<\/tr>\n<tr>\n<td colspan=\"1\" rowspan=\"1\">\n<div class=\"magic-19\">Chip-Funktion<\/div>\n<\/td>\n<td colspan=\"1\" rowspan=\"1\">\n<div class=\"magic-20\">Antibakteriell, antiallergisch, gegen Absto\u00dfung<\/div>\n<\/td>\n<\/tr>\n<tr>\n<td colspan=\"1\" rowspan=\"1\">\n<div class=\"magic-19\">Anwendung<\/div>\n<\/td>\n<td colspan=\"1\" rowspan=\"1\">\n<div class=\"magic-20\" data-spm-anchor-id=\"a2700.details.0.i45.2ffc6c8dJHsoYV\">Tier- und Haustierverwaltung usw.<\/div>\n<\/td>\n<\/tr>\n<\/tbody>\n<\/table>\n<p><span class=\"AnswerParser_TextContainer__z_Iiv\" data-testid=\"youchat-text\">Diese Spezifikationen unterstreichen die Vielseitigkeit und Zuverl\u00e4ssigkeit des Tags und machen es f\u00fcr verschiedene Zwecke der Tieridentifizierung geeignet.<\/span><\/p>\n<h4 class=\"AnswerParser_AnswerParserH4__ghxg8\">3. Gebrauchsanweisung<\/h4>\n<p><span class=\"AnswerParser_TextContainer__z_Iiv\" data-testid=\"youchat-text\">Der FDX-B RFID-Glas-Tag ist f\u00fcr eine einfache Implantation mit einer speziellen Spritze konzipiert. Der Vorgang ist unkompliziert:<\/span><\/p>\n<ol class=\"AnswerParser_AnswerParserOrderedList__kl_2Y\">\n<li class=\"AnswerParser_ListItem__XqLOV\" translate=\"yes\"><strong>Bereiten Sie die Spritze vor<\/strong>\u00a0mit dem RFID-Glas-Tag.<\/li>\n<li class=\"AnswerParser_ListItem__XqLOV\" translate=\"yes\"><strong>Lokalisieren Sie die Implantationsstelle<\/strong>\u00a0am Tier, typischerweise zwischen den Schulterbl\u00e4ttern.<\/li>\n<li class=\"AnswerParser_ListItem__XqLOV\" translate=\"yes\"><strong>Injizieren Sie das Tag<\/strong>\u00a0Verwenden Sie die Spritze und achten Sie darauf, dass sie unter die Haut gelangt.<\/li>\n<\/ol>\n<p><span class=\"AnswerParser_TextContainer__z_Iiv\" data-testid=\"youchat-text\">Dieses einfache Verfahren erm\u00f6glicht eine schnelle und effiziente Markierung der Tiere und minimiert den Stress sowohl f\u00fcr das Tier als auch f\u00fcr den Tierf\u00fchrer.<\/span><\/p>\n<h4 class=\"AnswerParser_AnswerParserH4__ghxg8\">4. Umweltauswirkungen<\/h4>\n<p><span class=\"AnswerParser_TextContainer__z_Iiv\" data-testid=\"youchat-text\">Der FDX-B RFID-Glastag wurde im Hinblick auf Nachhaltigkeit entwickelt. Das Bioglasmaterial ist umweltfreundlich und kann sicher entsorgt werden, ohne das \u00d6kosystem zu sch\u00e4digen. Dar\u00fcber hinaus entspricht der Herstellungsprozess strengen Umweltstandards, wodurch Abfall und Energieverbrauch auf ein Minimum reduziert werden.<\/span><\/p>\n<h4 class=\"AnswerParser_AnswerParserH4__ghxg8\">5. Kundenbewertungen<\/h4>\n<p><span class=\"AnswerParser_TextContainer__z_Iiv\" data-testid=\"youchat-text\">Kunden loben den FDX-B RFID-Glasanh\u00e4nger f\u00fcr seine Zuverl\u00e4ssigkeit und Benutzerfreundlichkeit. Viele Tier\u00e4rzte berichten, dass die Anh\u00e4nger ihre F\u00e4higkeit, Tiere zu verfolgen und zu verwalten, erheblich verbessert haben, was zu besseren Gesundheitsergebnissen gef\u00fchrt hat. Tierbesitzer sch\u00e4tzen die Gewissheit, dass ihre Haustiere leicht identifiziert werden k\u00f6nnen, wenn sie verloren gehen.<\/span><\/p>\n<h4 class=\"AnswerParser_AnswerParserH4__ghxg8\">6. H\u00e4ufig gestellte Fragen<\/h4>\n<p><span class=\"AnswerParser_TextContainer__z_Iiv\" data-testid=\"youchat-text\"><strong>F: Wie lange h\u00e4lt der RFID-Tag nach der Implantation?<\/strong><br \/>\nA: Der FDX-B RFID-Glasanh\u00e4nger ist so konzipiert, dass er ein Leben lang h\u00e4lt und eine dauerhafte Identifizierung des Tieres erm\u00f6glicht.<\/span><span class=\"AnswerParser_TextContainer__z_Iiv\" data-testid=\"youchat-text\"><strong>F: Ist der Implantationsvorgang f\u00fcr das Tier schmerzhaft?<\/strong><br \/>\nA: Der Implantationsvorgang ist schnell und minimalinvasiv und verursacht nur geringe Beschwerden, \u00e4hnlich einer Impfung.<\/span><span class=\"AnswerParser_TextContainer__z_Iiv\" data-testid=\"youchat-text\"><strong>F: Kann das Etikett aus der Ferne gelesen werden?<\/strong><br \/>\nA: Ja, der Tag kann, abh\u00e4ngig vom verwendeten Leseger\u00e4t, aus einer Entfernung von mehreren Zentimetern gelesen werden.<\/span><\/p>\n<h4 class=\"AnswerParser_AnswerParserH4__ghxg8\">7. Verwandte Produkte<\/h4>\n<p><span class=\"AnswerParser_TextContainer__z_Iiv\" data-testid=\"youchat-text\">Zus\u00e4tzlich zum FDX-B RFID-Glasanh\u00e4nger bieten wir eine Reihe zugeh\u00f6riger Produkte an, darunter RFID-Leseger\u00e4te und Softwarel\u00f6sungen f\u00fcr die Tierverwaltung. Diese Produkte k\u00f6nnen Ihre Tracking-Funktionen verbessern und Ihre Betriebsabl\u00e4ufe optimieren.<\/span><\/p>\n<h4 class=\"AnswerParser_AnswerParserH4__ghxg8\">8. Qualit\u00e4tssicherung<\/h4>\n<p><span class=\"AnswerParser_TextContainer__z_Iiv\" data-testid=\"youchat-text\">Der FDX-B RFID-Glastag wird unter strengen Qualit\u00e4tskontrollma\u00dfnahmen hergestellt, um gleichbleibende Qualit\u00e4t und Leistung zu gew\u00e4hrleisten. Er ist nach verschiedenen internationalen Standards zertifiziert, darunter ISO 9001, ISO 14001 und ISO 45001, was seine Zuverl\u00e4ssigkeit und Sicherheit gew\u00e4hrleistet.<\/span><\/p>\n<h4 class=\"AnswerParser_AnswerParserH4__ghxg8\">9. Fazit<\/h4>\n<p><span class=\"AnswerParser_TextContainer__z_Iiv\" data-testid=\"youchat-text\">Investieren in die\u00a0<strong>FDX-B 134,2 kHz RFID-Tier-ID-Glas-Tag-Spritzentransponder<\/strong>\u00a0ist eine kluge Wahl f\u00fcr alle, die sich mit der Tierpflege besch\u00e4ftigen. Seine fortschrittlichen Funktionen, seine Benutzerfreundlichkeit und sein Engagement f\u00fcr Sicherheit machen es zu einem unsch\u00e4tzbaren Werkzeug f\u00fcr eine effektive Tierhaltung. Egal, ob Sie Tierarzt, Z\u00fcchter oder Tierbesitzer sind, dieser RFID-Glasanh\u00e4nger verbessert Ihre M\u00f6glichkeiten, Tiere effizient zu verfolgen und zu identifizieren.<\/span><\/p>\n<h4 class=\"AnswerParser_AnswerParserH4__ghxg8\">10. Handlungsaufforderung<\/h4>\n<p><span class=\"AnswerParser_TextContainer__z_Iiv\" data-testid=\"youchat-text\">Sind Sie bereit, Ihre Tierhaltungspraktiken zu verbessern?\u00a0<strong>Kontaktieren Sie uns noch heute<\/strong>\u00a0um mehr \u00fcber den FDX-B RFID-Glasanh\u00e4nger zu erfahren und unser Angebot an RFID-L\u00f6sungen zu erkunden. F\u00fcllen Sie unser Anfrageformular aus, um ein kostenloses Muster zu erhalten oder Ihre spezifischen Anforderungen mit unseren Experten zu besprechen!<\/span><\/p>","protected":false},"excerpt":{"rendered":"<p>Der FDX-B 134,2 kHz RFID-Tieridentifikations-Glasanh\u00e4nger-Spritzentransponder ist eine innovative L\u00f6sung zur Identifizierung und Verwaltung von Tieren.<\/p>","protected":false},"featured_media":2793,"template":"","meta":{"_kad_post_transparent":"default","_kad_post_title":"","_kad_post_layout":"default","_kad_post_sidebar_id":"","_kad_post_content_style":"default","_kad_post_vertical_padding":"default","_kad_post_feature":"","_kad_post_feature_position":"","_kad_post_header":false,"_kad_post_footer":false,"_kad_post_classname":""},"product_brand":[],"product_cat":[54],"product_tag":[327,330,329,328],"class_list":{"0":"post-2792","1":"product","2":"type-product","3":"status-publish","4":"has-post-thumbnail","6":"product_cat-hot-selling-rfid-tags","7":"product_tag-fdx-b-134-2khz-rfid-animal-tag","8":"product_tag-rfid-animal-id-glass-tag-syringe","9":"product_tag-rfid-glass-tag-syringe-animal-microchip","10":"product_tag-rfid-pet-microchip-implant-capsule","12":"first","13":"instock","14":"shipping-taxable","15":"product-type-simple","16":"entry","17":"content-bg","18":"loop-entry"},"_links":{"self":[{"href":"https:\/\/rfid-laundry-tag.com\/de\/wp-json\/wp\/v2\/product\/2792","targetHints":{"allow":["GET"]}}],"collection":[{"href":"https:\/\/rfid-laundry-tag.com\/de\/wp-json\/wp\/v2\/product"}],"about":[{"href":"https:\/\/rfid-laundry-tag.com\/de\/wp-json\/wp\/v2\/types\/product"}],"version-history":[{"count":2,"href":"https:\/\/rfid-laundry-tag.com\/de\/wp-json\/wp\/v2\/product\/2792\/revisions"}],"predecessor-version":[{"id":2797,"href":"https:\/\/rfid-laundry-tag.com\/de\/wp-json\/wp\/v2\/product\/2792\/revisions\/2797"}],"wp:featuredmedia":[{"embeddable":true,"href":"https:\/\/rfid-laundry-tag.com\/de\/wp-json\/wp\/v2\/media\/2793"}],"wp:attachment":[{"href":"https:\/\/rfid-laundry-tag.com\/de\/wp-json\/wp\/v2\/media?parent=2792"}],"wp:term":[{"taxonomy":"product_brand","embeddable":true,"href":"https:\/\/rfid-laundry-tag.com\/de\/wp-json\/wp\/v2\/product_brand?post=2792"},{"taxonomy":"product_cat","embeddable":true,"href":"https:\/\/rfid-laundry-tag.com\/de\/wp-json\/wp\/v2\/product_cat?post=2792"},{"taxonomy":"product_tag","embeddable":true,"href":"https:\/\/rfid-laundry-tag.com\/de\/wp-json\/wp\/v2\/product_tag?post=2792"}],"curies":[{"name":"wp","href":"https:\/\/api.w.org\/{rel}","templated":true}]}}