{"id":2790,"date":"2024-10-29T10:34:39","date_gmt":"2024-10-29T10:34:39","guid":{"rendered":"https:\/\/rfid-laundry-tag.com\/?post_type=product&#038;p=2790"},"modified":"2024-10-29T10:49:45","modified_gmt":"2024-10-29T10:49:45","slug":"rfid-pet-microchip-implant-capsule","status":"publish","type":"product","link":"https:\/\/rfid-laundry-tag.com\/de\/rfid-pet-microchip-implant-capsule\/","title":{"rendered":"RFID-Mikrochip-Implantatkapsel f\u00fcr Haustiere"},"content":{"rendered":"<p><span class=\"AnswerParser_TextContainer__z_Iiv\" data-testid=\"youchat-text\"><strong>RFID-Mikrochip-Implantatkapsel f\u00fcr Haustiere<\/strong>\u00a0bietet eine zuverl\u00e4ssige und effiziente L\u00f6sung f\u00fcr Tierbesitzer, die den \u00dcberblick \u00fcber ihre Tiere behalten m\u00f6chten. Dieses innovative Produkt wurde entwickelt, um eine dauerhafte Identifizierungsmethode zu bieten, die sowohl sicher als auch effektiv ist. Mit seiner fortschrittlichen Technologie und den Materialien in medizinischer Qualit\u00e4t ist dieser Mikrochip ein Muss f\u00fcr verantwortungsbewusste Tierhalter.<\/span><\/p>\n<h2 class=\"AnswerParser_AnswerParserH2__SIHnF\">Warum sollten Sie sich f\u00fcr eine RFID-Mikrochip-Implantatkapsel f\u00fcr Haustiere entscheiden?<\/h2>\n<p><span class=\"AnswerParser_TextContainer__z_Iiv\" data-testid=\"youchat-text\">Die RFID Pet Microchip Implant Capsule ist nicht nur ein Produkt, sondern eine Verpflichtung zur Sicherheit Ihres Haustieres. Durch die Implantation dieses Mikrochips stellen Sie sicher, dass Ihr Haustier leicht identifiziert werden kann, falls es jemals verloren geht. Der Mikrochip ist klein, langlebig und besteht aus\u00a0<strong>Bioglas<\/strong>, wodurch es sicher f\u00fcr die Implantation ist. Es ist in verschiedenen Gr\u00f6\u00dfen erh\u00e4ltlich, darunter\u00a0<strong>1,25 x 7 mm<\/strong>,\u00a0<strong>2 x 12 mm<\/strong>, und mehr, es kann f\u00fcr Haustiere aller Gr\u00f6\u00dfen verwendet werden, vom kleinen Fisch bis zum gro\u00dfen Hund.<\/span><\/p>\n<h3 class=\"AnswerParser_AnswerParserH3__Mpe4s\">Hauptvorteile:<\/h3>\n<ul class=\"AnswerParser_AnswerParserUnorderedList__P_1FW\">\n<li class=\"AnswerParser_ListItem__XqLOV\" translate=\"yes\"><strong>Dauerhafte Identifikation<\/strong>: Im Gegensatz zu Halsb\u00e4ndern oder Anh\u00e4ngern kann der Mikrochip nicht verloren gehen oder entfernt werden.<\/li>\n<li class=\"AnswerParser_ListItem__XqLOV\" translate=\"yes\"><strong>Sterilisation in medizinischer Qualit\u00e4t<\/strong>: Jede Kapsel durchl\u00e4uft\u00a0<strong>100% Sterilisation in medizinischer Qualit\u00e4t<\/strong>, wodurch die Sicherheit w\u00e4hrend der Implantation gew\u00e4hrleistet wird.<\/li>\n<li class=\"AnswerParser_ListItem__XqLOV\" translate=\"yes\"><strong>Antibakterielle und antiallergische Eigenschaften<\/strong>: Der Chip soll das Risiko von Infektionen und allergischen Reaktionen minimieren.<\/li>\n<\/ul>\n<h2 class=\"AnswerParser_AnswerParserH2__SIHnF\">Produkteigenschaften<\/h2>\n<h3 class=\"AnswerParser_AnswerParserH3__Mpe4s\">1. Fortschrittliche Technologie<\/h3>\n<p><span class=\"AnswerParser_TextContainer__z_Iiv\" data-testid=\"youchat-text\">Die RFID Pet Microchip Implant Capsule arbeitet mit einer Frequenz von\u00a0<strong>134,2 kHz<\/strong>, unter Einhaltung der\u00a0<strong>ISO11784\/785<\/strong>\u00a0Und\u00a0<strong>ISO14443A<\/strong>\u00a0Protokolle. Dies gew\u00e4hrleistet die Kompatibilit\u00e4t mit verschiedenen RFID-Leseger\u00e4ten und erleichtert das Scannen und Abrufen der Informationen Ihres Haustiers.<\/span><\/p>\n<h3 class=\"AnswerParser_AnswerParserH3__Mpe4s\">2. Langlebiges und sicheres Material<\/h3>\n<p><span class=\"AnswerParser_TextContainer__z_Iiv\" data-testid=\"youchat-text\">Hergestellt aus\u00a0<strong>Bioglas<\/strong>Der Mikrochip ist so konzipiert, dass er den Strapazen des Lebens eines Tieres standh\u00e4lt.\u00a0<strong>Parylenbeschichtung<\/strong>\u00a0verhindert eine Migration nach der Implantation und stellt sicher, dass der Chip sicher an seinem Platz bleibt.<\/span><\/p>\n<h3 class=\"AnswerParser_AnswerParserH3__Mpe4s\">3. Gr\u00f6\u00dfenoptionen<\/h3>\n<p><span class=\"AnswerParser_TextContainer__z_Iiv\" data-testid=\"youchat-text\">Die RFID-Mikrochip-Implantatkapsel f\u00fcr Haustiere ist in mehreren Gr\u00f6\u00dfen erh\u00e4ltlich und eignet sich f\u00fcr unterschiedliche Tiere:<\/span><\/p>\n<ul class=\"AnswerParser_AnswerParserUnorderedList__P_1FW\">\n<li class=\"AnswerParser_ListItem__XqLOV\" translate=\"yes\"><strong>1,25 x 7 mm<\/strong>: Ideal f\u00fcr kleine Haustiere wie Fische und M\u00e4use.<\/li>\n<li class=\"AnswerParser_ListItem__XqLOV\" translate=\"yes\"><strong>2 x 12 mm<\/strong>: Wird h\u00e4ufig f\u00fcr Hunde, Katzen und gr\u00f6\u00dfere Tiere verwendet.<\/li>\n<\/ul>\n<h3 class=\"AnswerParser_AnswerParserH3__Mpe4s\">4. Einfache Implantation<\/h3>\n<p><span class=\"AnswerParser_TextContainer__z_Iiv\" data-testid=\"youchat-text\">Der Mikrochip kann einfach mit einer Spritze implantiert werden, sodass der Vorgang f\u00fcr Ihr Haustier schnell und schmerzlos ist.\u00a0<strong>Injektor<\/strong>\u00a0ist auf Pr\u00e4zision ausgelegt und stellt sicher, dass der Chip richtig platziert wird.<\/span><\/p>\n<h3 class=\"AnswerParser_AnswerParserH3__Mpe4s\">5. Programmierbare ID-Nummer<\/h3>\n<p><span class=\"AnswerParser_TextContainer__z_Iiv\" data-testid=\"youchat-text\">Jeder Mikrochip verf\u00fcgt \u00fcber eine einzigartige ID-Nummer, die so programmiert werden kann, dass sie mit den Informationen Ihres Haustiers verkn\u00fcpft wird, einschlie\u00dflich der Krankengeschichte und den Besitzerdaten. Diese Funktion erh\u00f6ht die Chancen auf eine erfolgreiche Wiedervereinigung, wenn Ihr Haustier verloren geht.<\/span><\/p>\n<h2 class=\"AnswerParser_AnswerParserH2__SIHnF\">Umweltauswirkungen<\/h2>\n<p><span class=\"AnswerParser_TextContainer__z_Iiv\" data-testid=\"youchat-text\">Die RFID Pet Microchip Implant Capsule wurde unter dem Gesichtspunkt der Nachhaltigkeit entwickelt. Die verwendeten Materialien sind umweltfreundlich und der Herstellungsprozess unterliegt strengen\u00a0<strong>ISO 9001<\/strong>\u00a0Und\u00a0<strong>Zertifizierung nach ISO 14001<\/strong>\u00a0Standards. Dieses Engagement f\u00fcr Qualit\u00e4t und Nachhaltigkeit stellt sicher, dass Sie eine verantwortungsvolle Wahl f\u00fcr Ihr Haustier und den Planeten treffen.<\/span><\/p>\n<h2 class=\"AnswerParser_AnswerParserH2__SIHnF\">Kundenrezensionen<\/h2>\n<p><span class=\"AnswerParser_TextContainer__z_Iiv\" data-testid=\"youchat-text\">Viele Tierbesitzer haben nach der Implantation der RFID-Mikrochipkapsel f\u00fcr Haustiere in ihre Haustiere Seelenfrieden gefunden. Hier sind einige Erfahrungsberichte:<\/span><\/p>\n<ul class=\"AnswerParser_AnswerParserUnorderedList__P_1FW\">\n<li class=\"AnswerParser_ListItem__XqLOV\" translate=\"yes\"><strong>Sarah T.<\/strong>: \u201eIch hatte Angst, dass meine Katze verloren geht, aber jetzt f\u00fchle ich mich viel besser, da ich wei\u00df, dass sie einen Mikrochip hat. Das ist ein kleiner Preis f\u00fcr ihre Sicherheit!\u201c<\/li>\n<li class=\"AnswerParser_ListItem__XqLOV\" translate=\"yes\"><strong>John D.<\/strong>: \u201eDie Implantation verlief schnell und problemlos. Ich kann dieses Produkt allen Tierbesitzern w\u00e4rmstens empfehlen.\u201c<\/li>\n<\/ul>\n<h2 class=\"AnswerParser_AnswerParserH2__SIHnF\">FAQs<\/h2>\n<h3 class=\"AnswerParser_AnswerParserH3__Mpe4s\">Wie funktioniert der RFID-Mikrochip f\u00fcr Haustiere?<\/h3>\n<p><span class=\"AnswerParser_TextContainer__z_Iiv\" data-testid=\"youchat-text\">Der Mikrochip verwendet eine Funkfrequenz-Identifikationstechnologie, um die einzigartige ID-Nummer Ihres Haustiers an einen Scanner zu \u00fcbermitteln. Diese Informationen k\u00f6nnen dann mit Ihren Kontaktdaten verkn\u00fcpft werden.<\/span><\/p>\n<h3 class=\"AnswerParser_AnswerParserH3__Mpe4s\">Ist die Implantation f\u00fcr mein Haustier schmerzhaft?<\/h3>\n<p><span class=\"AnswerParser_TextContainer__z_Iiv\" data-testid=\"youchat-text\">Die Implantation \u00e4hnelt einer Routineimpfung und ist im Allgemeinen schnell und schmerzlos. Die meisten Haustiere versp\u00fcren nur minimale Beschwerden.<\/span><\/p>\n<h3 class=\"AnswerParser_AnswerParserH3__Mpe4s\">Kann der Mikrochip entfernt werden?<\/h3>\n<p><span class=\"AnswerParser_TextContainer__z_Iiv\" data-testid=\"youchat-text\">Nein, der RFID-Mikrochip f\u00fcr Haustiere ist als dauerhafte Identifikationsform konzipiert. Nach der Implantation kann er nicht mehr entfernt werden.<\/span><\/p>\n<h3 class=\"AnswerParser_AnswerParserH3__Mpe4s\">Was passiert, wenn mein Haustier verloren geht?<\/h3>\n<p><span class=\"AnswerParser_TextContainer__z_Iiv\" data-testid=\"youchat-text\">Wenn Ihr Haustier gefunden und gescannt wird, erhalten Sie \u00fcber die eindeutige ID-Nummer Zugriff auf Ihre Kontaktinformationen, sodass eine schnelle Wiederzusammenf\u00fchrung m\u00f6glich ist.<\/span><\/p>\n<h2 class=\"AnswerParser_AnswerParserH2__SIHnF\">Abschluss<\/h2>\n<p><span class=\"AnswerParser_TextContainer__z_Iiv\" data-testid=\"youchat-text\">Investieren in die\u00a0<strong>RFID-Mikrochip-Implantatkapsel f\u00fcr Haustiere<\/strong>\u00a0ist ein proaktiver Schritt zur Gew\u00e4hrleistung der Sicherheit und des Wohlbefindens Ihres Haustiers. Mit seiner fortschrittlichen Technologie, den langlebigen Materialien und der Benutzerfreundlichkeit ist dieser Mikrochip ein unverzichtbares Instrument f\u00fcr verantwortungsbewusste Haustierbesitzer. Warten Sie nicht, bis es zu sp\u00e4t ist \u2013 sichern Sie die Zukunft Ihres Haustiers noch heute mit dieser zuverl\u00e4ssigen Identifikationsl\u00f6sung.<\/span><span class=\"AnswerParser_TextContainer__z_Iiv\" data-testid=\"youchat-text\">F\u00fcr weitere Informationen oder um eine Bestellung aufzugeben, f\u00fcllen Sie bitte unser Anfrageformular aus. Ihr Haustier verdient das Beste!<\/span><\/p>","protected":false},"excerpt":{"rendered":"<p>Die RFID-Mikrochip-Implantatkapsel f\u00fcr Haustiere bietet eine zuverl\u00e4ssige, humane Tieridentifizierung mit langlebigem Bioglasdesign und gew\u00e4hrleistet Sicherheit und Genauigkeit f\u00fcr verschiedene Arten.<\/p>","protected":false},"featured_media":2787,"template":"","meta":{"_kad_post_transparent":"default","_kad_post_title":"","_kad_post_layout":"default","_kad_post_sidebar_id":"","_kad_post_content_style":"default","_kad_post_vertical_padding":"default","_kad_post_feature":"","_kad_post_feature_position":"","_kad_post_header":false,"_kad_post_footer":false,"_kad_post_classname":""},"product_brand":[],"product_cat":[54],"product_tag":[327,326,329,328],"class_list":{"0":"post-2790","1":"product","2":"type-product","3":"status-publish","4":"has-post-thumbnail","6":"product_cat-hot-selling-rfid-tags","7":"product_tag-fdx-b-134-2khz-rfid-animal-tag","8":"product_tag-rfid-animal-id-glass-tag","9":"product_tag-rfid-glass-tag-syringe-animal-microchip","10":"product_tag-rfid-pet-microchip-implant-capsule","12":"first","13":"instock","14":"shipping-taxable","15":"product-type-simple","16":"entry","17":"content-bg","18":"loop-entry"},"_links":{"self":[{"href":"https:\/\/rfid-laundry-tag.com\/de\/wp-json\/wp\/v2\/product\/2790","targetHints":{"allow":["GET"]}}],"collection":[{"href":"https:\/\/rfid-laundry-tag.com\/de\/wp-json\/wp\/v2\/product"}],"about":[{"href":"https:\/\/rfid-laundry-tag.com\/de\/wp-json\/wp\/v2\/types\/product"}],"version-history":[{"count":1,"href":"https:\/\/rfid-laundry-tag.com\/de\/wp-json\/wp\/v2\/product\/2790\/revisions"}],"predecessor-version":[{"id":2791,"href":"https:\/\/rfid-laundry-tag.com\/de\/wp-json\/wp\/v2\/product\/2790\/revisions\/2791"}],"wp:featuredmedia":[{"embeddable":true,"href":"https:\/\/rfid-laundry-tag.com\/de\/wp-json\/wp\/v2\/media\/2787"}],"wp:attachment":[{"href":"https:\/\/rfid-laundry-tag.com\/de\/wp-json\/wp\/v2\/media?parent=2790"}],"wp:term":[{"taxonomy":"product_brand","embeddable":true,"href":"https:\/\/rfid-laundry-tag.com\/de\/wp-json\/wp\/v2\/product_brand?post=2790"},{"taxonomy":"product_cat","embeddable":true,"href":"https:\/\/rfid-laundry-tag.com\/de\/wp-json\/wp\/v2\/product_cat?post=2790"},{"taxonomy":"product_tag","embeddable":true,"href":"https:\/\/rfid-laundry-tag.com\/de\/wp-json\/wp\/v2\/product_tag?post=2790"}],"curies":[{"name":"wp","href":"https:\/\/api.w.org\/{rel}","templated":true}]}}