{"id":279,"date":"2024-06-26T08:08:27","date_gmt":"2024-06-26T08:08:27","guid":{"rendered":"https:\/\/rfid-laundry-tag.com\/?post_type=product&#038;p=279"},"modified":"2024-06-26T09:06:58","modified_gmt":"2024-06-26T09:06:58","slug":"uhf-rfid-flexible-anti-metal-tag","status":"publish","type":"product","link":"https:\/\/rfid-laundry-tag.com\/de\/uhf-rfid-flexible-anti-metal-tag\/","title":{"rendered":"Flexibler UHF-RFID-Anti-Metall-Tag"},"content":{"rendered":"<table style=\"border-collapse: collapse; width: 370.82pt;\" border=\"0\" width=\"618\" cellspacing=\"0\" cellpadding=\"0\">\n<tbody>\n<tr style=\"height: 17.40pt;\">\n<td class=\"et2\" style=\"height: 17.40pt; width: 127.80pt;\" width=\"213\" height=\"29\">Artikelname<\/td>\n<td class=\"et3\" style=\"width: 243.00pt;\" width=\"405\">Flexibler UHF-RFID-Anti-Metall-Tag<\/td>\n<\/tr>\n<tr style=\"height: 41.00pt;\">\n<td class=\"et4\" style=\"height: 41.00pt; width: 127.80pt;\" width=\"213\" height=\"68\">Material<\/td>\n<td class=\"et5\" style=\"width: 243.00pt;\" width=\"405\">Beschichtetes Papier + EFVA-Schaum<\/td>\n<\/tr>\n<tr style=\"height: 25.00pt;\">\n<td class=\"et4\" style=\"height: 25.00pt; width: 127.80pt;\" width=\"213\" height=\"41\">Gr\u00f6\u00dfe<\/td>\n<td class=\"et5\" style=\"width: 243.00pt;\" width=\"405\">90 * 25 * 1,2 mm, 60 * 25 * 1,2 mm, 70 * 30 usw.<\/td>\n<\/tr>\n<tr style=\"height: 17.40pt;\">\n<td class=\"et4\" style=\"height: 17.40pt; width: 127.80pt;\" width=\"213\" height=\"29\">Chip<\/td>\n<td class=\"et5\" style=\"width: 243.00pt;\" width=\"405\">Monza R6, U9 usw.<\/td>\n<\/tr>\n<tr style=\"height: 40.00pt;\">\n<td class=\"et4\" style=\"height: 40.00pt; width: 127.80pt;\" width=\"213\" height=\"66\">Protokoll<\/td>\n<td class=\"et5\" style=\"width: 243.00pt;\" width=\"405\">ISO\/IEC18000-6C<\/td>\n<\/tr>\n<tr style=\"height: 17.40pt;\">\n<td class=\"et4\" style=\"height: 17.40pt; width: 127.80pt;\" width=\"213\" height=\"29\">Frequenz<\/td>\n<td class=\"et5\" style=\"width: 243.00pt;\" width=\"405\">902-928 MHz<\/td>\n<\/tr>\n<tr style=\"height: 63.00pt;\">\n<td class=\"et4\" style=\"height: 63.00pt; width: 127.80pt;\" width=\"213\" height=\"105\">Personalisierung<\/td>\n<td class=\"et5\" style=\"width: 243.00pt;\" width=\"405\">Logodruck, Kodierung<\/td>\n<\/tr>\n<tr style=\"height: 60.00pt;\">\n<td class=\"et6\" style=\"height: 60.00pt; width: 127.80pt;\" width=\"213\" height=\"100\">Anwendung<\/td>\n<td class=\"et7\" style=\"width: 243.00pt;\" width=\"405\">Lagerregal, IT-Anlagen\/Metallbeh\u00e4lter\/Ausr\u00fcstungs- und Ger\u00e4teverfolgung<\/td>\n<\/tr>\n<\/tbody>\n<\/table>\n<div><\/div>\n<div class=\"auto-hide-last-sibling-br paragraph_9dc5f paragraph-element\">\n<div class=\"auto-hide-last-sibling-br paragraph_9dc5f paragraph-element\">Der Printable On Metal RFID-Tag bietet zahlreiche bemerkenswerte Funktionen, die ihn zur idealen Wahl f\u00fcr verschiedene Anwendungen machen:<\/div>\n<p><br class=\"container_21264 wrapper_661ac undefined\" \/><\/p>\n<ol class=\"auto-hide-last-sibling-br\">\n<li>\n<div class=\"auto-hide-last-sibling-br paragraph_9dc5f paragraph-element\">Perfekte RFID-Leistung auf Metalloberfl\u00e4chen: Das Etikett ist speziell daf\u00fcr ausgelegt, optimale Leistung zu bieten, wenn es an Metallobjekten angebracht wird.<\/div>\n<\/li>\n<li>\n<div class=\"auto-hide-last-sibling-br paragraph_9dc5f paragraph-element\">Ultraklein und ultrad\u00fcnn: Mit einer Dicke von nur 1 mm ist der RFID-Tag unglaublich kompakt und daher ideal f\u00fcr den Thermotransferdruck.<\/div>\n<\/li>\n<li>\n<div class=\"auto-hide-last-sibling-br paragraph_9dc5f paragraph-element\">Flexibilit\u00e4t: Das Etikett ist flexibel gestaltet, das hei\u00dft, es passt sich problemlos gew\u00f6lbten Oberfl\u00e4chen an.<\/div>\n<\/li>\n<li>\n<div class=\"auto-hide-last-sibling-br paragraph_9dc5f paragraph-element\">Gro\u00dfe Lesereichweite: Sobald das Etikett an einer Metalloberfl\u00e4che angebracht ist, verf\u00fcgt es \u00fcber eine beeindruckende Lesereichweite von bis zu 8 Metern und bietet somit eine hervorragende R\u00fcckverfolgbarkeit.<\/div>\n<\/li>\n<li>\n<div class=\"auto-hide-last-sibling-br paragraph_9dc5f paragraph-element\">Frequenzunterst\u00fctzung: Der Tag unterst\u00fctzt sowohl FCC- (Federal Communications Commission) als auch ETSI-Frequenzen (European Telecommunications Standards Institute) und kann daher f\u00fcr den Einsatz in verschiedenen Regionen angepasst werden.<\/div>\n<\/li>\n<li>\n<div class=\"auto-hide-last-sibling-br paragraph_9dc5f paragraph-element\">\u00dcberlegener Schutz: Mit der Schutzart IP68 ist der RFID-Tag staubdicht und \u00fcbersteht das Eintauchen in Wasser. Damit ist er eine ausgezeichnete Wahl f\u00fcr raue Umgebungen oder Anwendungen, bei denen Widerstandsf\u00e4higkeit gegen\u00fcber rauen Bedingungen erforderlich ist.<\/div>\n<\/li>\n<\/ol>\n<div class=\"auto-hide-last-sibling-br paragraph_9dc5f paragraph-element\">Die Kombination dieser Funktionen macht den Printable On Metal RFID-Tag zu einem leistungsstarken und vielseitigen Werkzeug zum Verfolgen und Verwalten von Verm\u00f6genswerten auf Metalloberfl\u00e4chen.<\/div>\n<\/div>","protected":false},"excerpt":{"rendered":"<p>Die flexiblen UHF-RFID-Antimetall-Tags sind speziell f\u00fcr den effektiven Einsatz in anspruchsvollen Umgebungen und auf metallischen Oberfl\u00e4chen konzipiert. Die Tags sind f\u00fcr den Betrieb auf UHF-Frequenzen von 865 MHz bis 867 MHz ausgelegt und resistent gegen Wasser, Staub und extreme Temperaturen.<\/p>","protected":false},"featured_media":280,"template":"","meta":{"_kad_post_transparent":"default","_kad_post_title":"","_kad_post_layout":"default","_kad_post_sidebar_id":"","_kad_post_content_style":"default","_kad_post_vertical_padding":"default","_kad_post_feature":"","_kad_post_feature_position":"","_kad_post_header":false,"_kad_post_footer":false,"_kad_post_classname":""},"product_brand":[],"product_cat":[54],"product_tag":[106],"class_list":{"0":"post-279","1":"product","2":"type-product","3":"status-publish","4":"has-post-thumbnail","6":"product_cat-hot-selling-rfid-tags","7":"product_tag-uhf-rfid-flexible-anti-metal-tag","9":"first","10":"instock","11":"shipping-taxable","12":"product-type-simple","13":"entry","14":"content-bg","15":"loop-entry"},"_links":{"self":[{"href":"https:\/\/rfid-laundry-tag.com\/de\/wp-json\/wp\/v2\/product\/279","targetHints":{"allow":["GET"]}}],"collection":[{"href":"https:\/\/rfid-laundry-tag.com\/de\/wp-json\/wp\/v2\/product"}],"about":[{"href":"https:\/\/rfid-laundry-tag.com\/de\/wp-json\/wp\/v2\/types\/product"}],"version-history":[{"count":0,"href":"https:\/\/rfid-laundry-tag.com\/de\/wp-json\/wp\/v2\/product\/279\/revisions"}],"wp:featuredmedia":[{"embeddable":true,"href":"https:\/\/rfid-laundry-tag.com\/de\/wp-json\/wp\/v2\/media\/280"}],"wp:attachment":[{"href":"https:\/\/rfid-laundry-tag.com\/de\/wp-json\/wp\/v2\/media?parent=279"}],"wp:term":[{"taxonomy":"product_brand","embeddable":true,"href":"https:\/\/rfid-laundry-tag.com\/de\/wp-json\/wp\/v2\/product_brand?post=279"},{"taxonomy":"product_cat","embeddable":true,"href":"https:\/\/rfid-laundry-tag.com\/de\/wp-json\/wp\/v2\/product_cat?post=279"},{"taxonomy":"product_tag","embeddable":true,"href":"https:\/\/rfid-laundry-tag.com\/de\/wp-json\/wp\/v2\/product_tag?post=279"}],"curies":[{"name":"wp","href":"https:\/\/api.w.org\/{rel}","templated":true}]}}