{"id":2775,"date":"2024-10-24T16:17:52","date_gmt":"2024-10-24T16:17:52","guid":{"rendered":"https:\/\/rfid-laundry-tag.com\/?post_type=product&#038;p=2775"},"modified":"2024-10-29T09:32:48","modified_gmt":"2024-10-29T09:32:48","slug":"waterproof-washable-uhf-textile-rfid-laundry-tag-with-hole","status":"publish","type":"product","link":"https:\/\/rfid-laundry-tag.com\/de\/waterproof-washable-uhf-textile-rfid-laundry-tag-with-hole\/","title":{"rendered":"Wasserdichter waschbarer UHF-Textil-RFID-W\u00e4scheanh\u00e4nger mit Loch"},"content":{"rendered":"<h1><strong>Wasserdichter waschbarer UHF-Textil-RFID-W\u00e4scheanh\u00e4nger mit Loch<\/strong><\/h1>\n<p><strong>Wasserdicht Waschbar UHF Textil RFID W\u00e4sche Tag mit Loch,<\/strong>ein revolution\u00e4res Produkt, das darauf ausgelegt ist, die Nachverfolgung und Verwaltung von W\u00e4schest\u00fccken zu verbessern. Dieses RFID-Tag ist auf Langlebigkeit und Benutzerfreundlichkeit ausgelegt und ist f\u00fcr die Aufrechterhaltung der Betriebseffizienz in verschiedenen Umgebungen von industriellen W\u00e4schereien bis hin zu Krankenh\u00e4usern und Hotels von entscheidender Bedeutung. Lesen Sie weiter, um die zahlreichen Vorteile der Integration dieser Tags in Ihren W\u00e4schereibetrieb zu entdecken.<\/p>\n<table class=\"all magic-7\">\n<tbody>\n<tr>\n<td colspan=\"1\" rowspan=\"1\">\n<div class=\"magic-8\" data-spm-anchor-id=\"a2700.details.0.i41.3a7a13dayRHcNe\">RFID-Standard:<\/div>\n<\/td>\n<td colspan=\"1\" rowspan=\"1\">\n<div class=\"magic-9\">ISO\/IEC 18000-6 TypC (EPC Gen2)<\/div>\n<\/td>\n<\/tr>\n<tr>\n<td colspan=\"1\" rowspan=\"1\">\n<div class=\"magic-8\">Gr\u00f6\u00dfe Gewicht:<\/div>\n<\/td>\n<td colspan=\"1\" rowspan=\"1\">\n<div class=\"magic-9\">70\u00d715 mm, 0,7 g<\/div>\n<\/td>\n<\/tr>\n<tr>\n<td colspan=\"1\" rowspan=\"1\">\n<div class=\"magic-8\">Chip-Typ:<\/div>\n<\/td>\n<td colspan=\"1\" rowspan=\"1\">\n<div class=\"magic-9\">NXP Ucode 9<\/div>\n<\/td>\n<\/tr>\n<tr>\n<td colspan=\"1\" rowspan=\"1\">\n<div class=\"magic-8\">EPC-Speicher:<\/div>\n<\/td>\n<td colspan=\"1\" rowspan=\"1\">\n<div class=\"magic-9\">128 Bit<\/div>\n<\/td>\n<\/tr>\n<tr>\n<td colspan=\"1\" rowspan=\"1\">\n<div class=\"magic-8\">Benutzerspeicher:<\/div>\n<\/td>\n<td colspan=\"1\" rowspan=\"1\">\n<div class=\"magic-9\">96 Bit<\/div>\n<\/td>\n<\/tr>\n<tr>\n<td colspan=\"1\" rowspan=\"1\">\n<div class=\"magic-8\">Lesereichweite (festes Leseger\u00e4t):<\/div>\n<\/td>\n<td colspan=\"1\" rowspan=\"1\">\n<div class=\"magic-9\">10 m<\/div>\n<\/td>\n<\/tr>\n<tr>\n<td colspan=\"1\" rowspan=\"1\">\n<div class=\"magic-8\">Lesereichweite (Handleseger\u00e4t):<\/div>\n<\/td>\n<td colspan=\"1\" rowspan=\"1\">\n<div class=\"magic-9\">8 m<\/div>\n<\/td>\n<\/tr>\n<tr>\n<td colspan=\"1\" rowspan=\"1\">\n<div class=\"magic-8\">Tagging:<\/div>\n<\/td>\n<td colspan=\"1\" rowspan=\"1\">\n<div class=\"magic-9\">N\u00e4hen, Hei\u00dfsiegeln<\/div>\n<\/td>\n<\/tr>\n<tr>\n<td colspan=\"1\" rowspan=\"1\">\n<div class=\"magic-8\">Gesch\u00e4tzte Lebensdauer:<\/div>\n<\/td>\n<td colspan=\"1\" rowspan=\"1\">\n<div class=\"magic-9\">200 Waschzyklen oder 3 Jahre, je nachdem, was zuerst eintritt<\/div>\n<\/td>\n<\/tr>\n<tr>\n<td colspan=\"1\" rowspan=\"1\">\n<div class=\"magic-8\">Waschmethode:<\/div>\n<\/td>\n<td colspan=\"1\" rowspan=\"1\">\n<div class=\"magic-9\">W\u00e4scherei, chemische Reinigung<\/div>\n<\/td>\n<\/tr>\n<tr>\n<td colspan=\"1\" rowspan=\"1\">\n<div class=\"magic-8\">Wasserentnahmedruck:<\/div>\n<\/td>\n<td colspan=\"1\" rowspan=\"1\">\n<div class=\"magic-9\">60 bar<\/div>\n<\/td>\n<\/tr>\n<tr>\n<td colspan=\"1\" rowspan=\"1\">\n<div class=\"magic-8\">Wasserbest\u00e4ndigkeit:<\/div>\n<\/td>\n<td colspan=\"1\" rowspan=\"1\">\n<div class=\"magic-9\">Wasserfest<\/div>\n<\/td>\n<\/tr>\n<tr>\n<td colspan=\"1\" rowspan=\"1\">\n<div class=\"magic-8\">Chemische Resistenz:<\/div>\n<\/td>\n<td colspan=\"1\" rowspan=\"1\">\n<div class=\"magic-9\">Waschmittel, Weichsp\u00fcler, Bleichmittel (Sauerstoff\/Chlor), Alkali<\/div>\n<\/td>\n<\/tr>\n<tr>\n<td colspan=\"1\" rowspan=\"1\">\n<div class=\"magic-8\">Vortrocknen im Tumbler:<\/div>\n<\/td>\n<td colspan=\"1\" rowspan=\"1\">\n<div class=\"magic-9\">125 \u00baC f\u00fcr 15-20 Minuten<\/div>\n<\/td>\n<\/tr>\n<tr>\n<td colspan=\"1\" rowspan=\"1\">\n<div class=\"magic-8\" data-spm-anchor-id=\"a2700.details.0.i43.3a7a13dayRHcNe\">Sterilisationstemperatur:<\/div>\n<\/td>\n<td colspan=\"1\" rowspan=\"1\">\n<div class=\"magic-9\">135\u00b0C f\u00fcr 15-20 Minuten<\/div>\n<\/td>\n<\/tr>\n<tr>\n<td colspan=\"1\" rowspan=\"1\">\n<div class=\"magic-8\">Waschtemperatur:<\/div>\n<\/td>\n<td colspan=\"1\" rowspan=\"1\">\n<div class=\"magic-9\">90\u00b0C, Bis zu 15 Min.<\/div>\n<\/td>\n<\/tr>\n<tr>\n<td colspan=\"1\" rowspan=\"1\">\n<div class=\"magic-8\">Luftfeuchtigkeit\/Temperatur-Betrieb:<\/div>\n<\/td>\n<td colspan=\"1\" rowspan=\"1\">\n<div class=\"magic-9\" data-spm-anchor-id=\"a2700.details.0.i42.3a7a13dayRHcNe\">-20 bis 110 \u00b0C, 8 bis 95%RH<\/div>\n<\/td>\n<\/tr>\n<tr>\n<td colspan=\"1\" rowspan=\"1\">\n<div class=\"magic-8\">Luftfeuchtigkeit\/ Temperatur-Lagerung:<\/div>\n<\/td>\n<td colspan=\"1\" rowspan=\"1\">\n<div class=\"magic-9\">-40 bis 110 \u00b0C, 8 bis 95%RH<\/div>\n<\/td>\n<\/tr>\n<\/tbody>\n<\/table>\n<h3>Warum sollten Sie sich f\u00fcr wasserdichte, waschbare UHF-Textil-RFID-W\u00e4scheetiketten entscheiden?<\/h3>\n<p>Die Investition in RFID-W\u00e4scheetiketten bietet eine Vielzahl von Vorteilen und erm\u00f6glicht es Unternehmen, ihre Prozesse zu optimieren. Hier sind einige \u00fcberzeugende Gr\u00fcnde, die f\u00fcr die Investition in die\u00a0<strong>RFID-W\u00e4scheetikett<\/strong>\u00a0f\u00fcr Ihren W\u00e4schereibetrieb:<\/p>\n<ul>\n<li><strong>Verbesserte Nachverfolgung und Verwaltung:<\/strong>\u00a0Verlieren oder verlegte Artikel geh\u00f6ren der Vergangenheit an. Die UHF-Technologie stellt sicher, dass jedes Kleidungsst\u00fcck oder jede W\u00e4sche genau verfolgt werden kann, wodurch manuelle Fehler reduziert und die Bestandsverwaltung verbessert wird.<\/li>\n<li><strong>Haltbarkeit und Zuverl\u00e4ssigkeit:<\/strong>\u00a0Diese RFID-Tags sind f\u00fcr die h\u00e4rtesten W\u00e4schebedingungen ausgelegt und vertragen hohe Temperaturen und mehrere Waschzyklen (bis zu 200). Damit sind sie eine ideale L\u00f6sung f\u00fcr gewerbliche und industrielle W\u00e4schereianwendungen.<\/li>\n<li><strong>Vielseitig einsetzbar:<\/strong>\u00a0Diese k\u00f6nnen auf verschiedene Textilien gen\u00e4ht oder hei\u00dfversiegelt werden.\u00a0<strong>waschbare RFID-Tags<\/strong>\u00a0sind perfekt f\u00fcr Hotels, Krankenh\u00e4user und alle Einrichtungen, in denen eine strenge W\u00e4scheverwaltung erforderlich ist.<\/li>\n<\/ul>\n<h3>Hauptmerkmale des wasserdichten, waschbaren UHF-Textil-RFID-W\u00e4scheetiketts<\/h3>\n<h4>1. Fortschrittliche RFID-Technologie<\/h4>\n<p>Unser\u00a0<strong>RFID-W\u00e4scheetiketten<\/strong>\u00a0sind konform mit ISO\/IEC 18000-6 Typ C (EPC Gen2) und erf\u00fcllen damit die Industriestandards f\u00fcr Leistung und Zuverl\u00e4ssigkeit. Die Integration modernster UHF-Technologie erm\u00f6glicht eine schnelle Daten\u00fcbertragung und effiziente Tracking-Prozesse.<\/p>\n<h4>2. Gr\u00f6\u00dfe und Gewicht<\/h4>\n<p>Mit Abmessungen von\u00a0<strong>70\u00d715 mm<\/strong>\u00a0und eine Leichtbauweise von nur\u00a0<strong>0,7 g<\/strong>, diese Etiketten lassen sich leicht in jedes Kleidungsst\u00fcck integrieren, ohne dass es auftr\u00e4gt oder unbequem wird. Die kompakte Gr\u00f6\u00dfe erm\u00f6glicht eine nahtlose Integration in verschiedene Textilien, ob f\u00fcr\u00a0<strong>Uniformen, Bettw\u00e4sche oder andere W\u00e4schest\u00fccke<\/strong>.<\/p>\n<h4>3. Hohe Lesereichweite<\/h4>\n<p>Der\u00a0<strong>Lesereichweite<\/strong>\u00a0ist ein entscheidender Faktor f\u00fcr effektive RFID-Systeme. Unsere Tags erreichen eine\u00a0<strong>Lesereichweite bis zu 10 Meter mit fest installierten Lesern<\/strong>\u00a0Und\u00a0<strong>8 Z\u00e4hler mit Handleseger\u00e4ten<\/strong>. Diese erweiterte Reichweite optimiert den Tracking-Prozess und erm\u00f6glicht effiziente Bestandskontrollen und Arbeitsablaufmanagement in gesch\u00e4ftigen W\u00e4schereiumgebungen.<\/p>\n<h4>4. Langlebig unter rauen Bedingungen<\/h4>\n<p>Diese auf Langlebigkeit ausgelegten\u00a0<strong>wasserdichte RFID-Tags<\/strong>\u00a0h\u00e4lt strengen Reinigungsprozessen stand, einschlie\u00dflich:<\/p>\n<ul>\n<li><strong>Waschtemperatur:<\/strong>\u00a0Bis zu\u00a0<strong>90\u00b0C<\/strong>\u00a015 Minuten lang, um eine gr\u00fcndliche Reinigung zu gew\u00e4hrleisten.<\/li>\n<li><strong>Sterilisationstemperatur:<\/strong>\u00a0H\u00e4lt Sterilisationsprozessen stand bei\u00a0<strong>135\u00b0C<\/strong>\u00a0f\u00fcr 15\u201320 Minuten und sind daher f\u00fcr den Einsatz in medizinischen Umgebungen geeignet.<\/li>\n<li><strong>Chemische Resistenz:<\/strong>\u00a0Best\u00e4ndig gegen \u00fcbliche Waschchemikalien wie Waschmittel, Weichsp\u00fcler und Bleichmittel, was eine lange Lebensdauer und gleichbleibende Leistung gew\u00e4hrleistet.<\/li>\n<\/ul>\n<h4>5. Umweltaspekte<\/h4>\n<p>Diese Tags sind so konzipiert, dass sie\u00a0<strong>Hohe Wasserentnahmedr\u00fccke<\/strong>\u00a0von bis zu\u00a0<strong>60 bar<\/strong>, sodass sie auch unter den anspruchsvollsten Waschbedingungen funktionsf\u00e4hig bleiben. Die verwendeten Materialien sind umweltfreundlich, was ihren Wert zus\u00e4tzlich steigert.<\/p>\n<h4>6. Lebensdauer und Nutzungshinweise<\/h4>\n<p>Mit einer gesch\u00e4tzten Lebensdauer von\u00a0<strong>200 Waschzyklen oder 3 Jahre<\/strong>\u00a0(je nachdem, was zuerst eintritt), unsere RFID-W\u00e4scheetiketten sind auf Langlebigkeit ausgelegt. Sie k\u00f6nnen nahtlos von der W\u00e4scherei in die chemische Reinigung umgestellt werden und sind somit vielseitig f\u00fcr verschiedene betriebliche Anforderungen geeignet.<\/p>\n<h3>Verwandte Produkte<\/h3>\n<p>Als Erg\u00e4nzung zu unserem\u00a0<strong>wasserdichte waschbare UHF-Textil-RFID-W\u00e4scheetiketten<\/strong>, sollten Sie sich diese verwandten Produkte ansehen:<\/p>\n<ul>\n<li><strong>RFID-Leseger\u00e4te:<\/strong>\u00a0Unverzichtbare Tools zum effizienten Lesen und Verfolgen von RFID-Tags in Ihrem Betrieb.<\/li>\n<li><strong>Kennzeichnungszubeh\u00f6r:<\/strong>\u00a0M\u00f6glichkeiten zum Aufn\u00e4hen, Hei\u00dfsiegeln oder Anbringen von RFID-Tags auf verschiedenen Textilien.<\/li>\n<li><strong>Softwarel\u00f6sungen:<\/strong>\u00a0RFID-Verwaltungssoftware zur Bestandsverfolgung und Verbesserung Ihres W\u00e4scheverwaltungssystems.<\/li>\n<\/ul>\n<h3>Umweltauswirkungen und Vorteile f\u00fcr die Industrie<\/h3>\n<ol>\n<li><strong>Weniger Abfall:<\/strong>\u00a0Durch die effektive Verfolgung von W\u00e4sche und Kleidungsst\u00fccken tragen diese Etiketten dazu bei, den Abfall durch verlorene oder verlegte Gegenst\u00e4nde zu reduzieren und tragen so zu nachhaltigeren Praktiken in der W\u00e4schereibranche bei.<\/li>\n<li><strong>Optimiertes Ressourcenmanagement:<\/strong>\u00a0Eine effiziente Nachverfolgung f\u00fchrt zu optimierten W\u00e4schereiabl\u00e4ufen und stellt sicher, dass die Qualit\u00e4t aller W\u00e4schest\u00fccke und Kleidungsst\u00fccke in Topform bleibt. Dies verl\u00e4ngert letztendlich ihre Lebensdauer und senkt die Ersatzkosten.<\/li>\n<li><strong>Verbesserte Kundenzufriedenheit:<\/strong>\u00a0Eine effektive Bestandsverwaltung sorgt daf\u00fcr, dass die Kunden ihre W\u00e4sche rechtzeitig und geordnet erhalten, was in Branchen wie dem Gastgewerbe und dem Gesundheitswesen zu einem verbesserten Kundenerlebnis f\u00fchrt.<\/li>\n<\/ol>\n<h3>Kundenrezensionen und Erfahrungen<\/h3>\n<p>Unsere Kunden berichten von deutlichen Verbesserungen in ihren W\u00e4schereiabl\u00e4ufen nach der Einf\u00fchrung unserer wasserdichten, waschbaren UHF-Textil-RFID-W\u00e4scheetiketten. Hier einige Erfahrungsberichte:<\/p>\n<ul>\n<li><strong>\u201eSeit wir diese RFID-W\u00e4scheetiketten verwenden, m\u00fcssen wir viel weniger nach verlegter W\u00e4sche suchen. Unsere Effizienz hat sich verbessert und unsere Mitarbeiter k\u00f6nnen sich auf die Bereitstellung eines qualitativ hochwertigen Services konzentrieren\u201c,<\/strong>\u00a0sagt Linda, Managerin eines \u00f6rtlichen Hotels.<\/li>\n<li><strong>\u201eDie Haltbarkeit dieser Etiketten ist beeindruckend. Sie halten unseren strengen Waschzyklen stand und funktionieren trotzdem einwandfrei. Ich kann sie jedem gewerblichen W\u00e4scheservice w\u00e4rmstens empfehlen\u201c,<\/strong>\u00a0sagt Mark, Betriebsleiter einer industriellen W\u00e4scherei.<\/li>\n<\/ul>\n<h3>H\u00e4ufig gestellte Fragen (FAQs)<\/h3>\n<h4>1. Was ist der Betriebstemperaturbereich f\u00fcr diese RFID-Tags?<\/h4>\n<p>Die RFID-Tags k\u00f6nnen in einem Temperaturbereich von\u00a0<strong>-20 bis 110 \u00b0C<\/strong>\u00a0und tolerieren\u00a0<strong>8 bis 95% relative Luftfeuchtigkeit<\/strong>, um sicherzustellen, dass sie in verschiedenen Umgebungen funktionieren k\u00f6nnen.<\/p>\n<h4>2. Wie befestige ich die RFID-W\u00e4scheetiketten an Kleidungsst\u00fccken?<\/h4>\n<p>Die Tags k\u00f6nnen angebracht werden durch\u00a0<strong>N\u00e4hen oder Hei\u00dfsiegeln<\/strong>und bietet Flexibilit\u00e4t basierend auf Ihren betrieblichen Anforderungen und Kleidungsarten.<\/p>\n<h4>3. K\u00f6nnen diese Etiketten f\u00fcr die chemische Reinigung verwendet werden?<\/h4>\n<p>Ja, diese RFID-Tags sind vielseitig genug f\u00fcr den Einsatz in beiden\u00a0<strong>W\u00e4sche- und Trockenreinigungseinstellungen<\/strong>.<\/p>\n<h4>4. Wie maximiere ich die Lebensdauer meiner RFID-W\u00e4scheetiketten?<\/h4>\n<p>Um eine lange Lebensdauer zu gew\u00e4hrleisten, halten Sie sich an die Wasch- und Trockenanweisungen und vermeiden Sie den Kontakt mit extremen Chemikalien, au\u00dfer mit Standardwaschmitteln und Weichsp\u00fclern.<\/p>\n<h3>Fazit: Transformieren Sie Ihr W\u00e4schemanagement mit RFID-Technologie<\/h3>\n<p>Der\u00a0<strong>Wasserdichter waschbarer UHF-Textil-RFID-W\u00e4scheanh\u00e4nger mit Loch<\/strong>\u00a0ist mehr als nur ein W\u00e4schezubeh\u00f6r; es ist ein unverzichtbares Werkzeug f\u00fcr moderne\u00a0<strong>W\u00e4schemanagement<\/strong>. Durch die Investition in langlebige, zuverl\u00e4ssige und benutzerfreundliche Etiketten k\u00f6nnen Sie Abl\u00e4ufe optimieren, Verluste reduzieren und die Gesamteffizienz Ihres W\u00e4scheservices steigern.<\/p>","protected":false},"excerpt":{"rendered":"<p>Wasserdichter, waschbarer UHF-Textil-RFID-W\u00e4scheanh\u00e4nger mit Loch, konzipiert f\u00fcr Langlebigkeit und effiziente Nachverfolgung in industriellen W\u00e4schereianwendungen.<\/p>","protected":false},"featured_media":2776,"template":"","meta":{"_kad_post_transparent":"default","_kad_post_title":"","_kad_post_layout":"default","_kad_post_sidebar_id":"","_kad_post_content_style":"default","_kad_post_vertical_padding":"default","_kad_post_feature":"","_kad_post_feature_position":"","_kad_post_header":false,"_kad_post_footer":false,"_kad_post_classname":""},"product_brand":[],"product_cat":[19],"product_tag":[324,65,30,325],"class_list":{"0":"post-2775","1":"product","2":"type-product","3":"status-publish","4":"has-post-thumbnail","6":"product_cat-textile-rfid-laundry-tag","7":"product_tag-rfid-laundry-tag","8":"product_tag-textile-rfid-laundry-tags","9":"product_tag-uhf-rfid-laundry-tag","10":"product_tag-washable-rfid-laundry-tag","12":"first","13":"instock","14":"featured","15":"shipping-taxable","16":"product-type-simple","17":"entry","18":"content-bg","19":"loop-entry"},"_links":{"self":[{"href":"https:\/\/rfid-laundry-tag.com\/de\/wp-json\/wp\/v2\/product\/2775","targetHints":{"allow":["GET"]}}],"collection":[{"href":"https:\/\/rfid-laundry-tag.com\/de\/wp-json\/wp\/v2\/product"}],"about":[{"href":"https:\/\/rfid-laundry-tag.com\/de\/wp-json\/wp\/v2\/types\/product"}],"version-history":[{"count":3,"href":"https:\/\/rfid-laundry-tag.com\/de\/wp-json\/wp\/v2\/product\/2775\/revisions"}],"predecessor-version":[{"id":2782,"href":"https:\/\/rfid-laundry-tag.com\/de\/wp-json\/wp\/v2\/product\/2775\/revisions\/2782"}],"wp:featuredmedia":[{"embeddable":true,"href":"https:\/\/rfid-laundry-tag.com\/de\/wp-json\/wp\/v2\/media\/2776"}],"wp:attachment":[{"href":"https:\/\/rfid-laundry-tag.com\/de\/wp-json\/wp\/v2\/media?parent=2775"}],"wp:term":[{"taxonomy":"product_brand","embeddable":true,"href":"https:\/\/rfid-laundry-tag.com\/de\/wp-json\/wp\/v2\/product_brand?post=2775"},{"taxonomy":"product_cat","embeddable":true,"href":"https:\/\/rfid-laundry-tag.com\/de\/wp-json\/wp\/v2\/product_cat?post=2775"},{"taxonomy":"product_tag","embeddable":true,"href":"https:\/\/rfid-laundry-tag.com\/de\/wp-json\/wp\/v2\/product_tag?post=2775"}],"curies":[{"name":"wp","href":"https:\/\/api.w.org\/{rel}","templated":true}]}}