{"id":2761,"date":"2024-10-21T16:41:28","date_gmt":"2024-10-21T16:41:28","guid":{"rendered":"https:\/\/rfid-laundry-tag.com\/?post_type=product&#038;p=2761"},"modified":"2024-10-21T16:54:52","modified_gmt":"2024-10-21T16:54:52","slug":"iso15693-i-code-slix-patrol-nfc-tag","status":"publish","type":"product","link":"https:\/\/rfid-laundry-tag.com\/de\/iso15693-i-code-slix-patrol-nfc-tag\/","title":{"rendered":"ISO15693 I CODE SLIX Patrol NFC-Tag"},"content":{"rendered":"<h1>ISO15693 I CODE SLIX Patrol NFC-Tag<\/h1>\n<p>Der\u00a0<strong>ICODE SLI X Patrol NFC-Tag<\/strong>\u00a0wurde f\u00fcr diejenigen entwickelt, die Zuverl\u00e4ssigkeit und Leistung in anspruchsvollen Umgebungen verlangen. Dieses fortschrittliche\u00a0<strong>NFC-Tag<\/strong>\u00a0ist perfekt f\u00fcr Patrouillenanwendungen und erm\u00f6glicht eine nahtlose Kommunikation mit NFC-f\u00e4higen Ger\u00e4ten. Es wurde entwickelt, um dem Test der Zeit und rauen Bedingungen standzuhalten und bietet eine unglaubliche\u00a0<strong>IP65<\/strong>\u00a0Die Schutzklasse ICODE SLI X gew\u00e4hrleistet, dass es auch bei Feuchtigkeit und Staub funktionsf\u00e4hig bleibt. Dank seiner Anpassungsoptionen und seiner hohen Haltbarkeit ist das ICODE SLI X ein unverzichtbares Werkzeug f\u00fcr Sicherheitspersonal, die Anlagenverfolgung und verschiedene industrielle Anwendungen.<\/p>\n<h2 class=\"AnswerParser_AnswerParserH2__SIHnF\">Funktionen und Vorteile des ICODE SLI X NFC-Tags<\/h2>\n<ul class=\"AnswerParser_AnswerParserUnorderedList__P_1FW\">\n<li class=\"AnswerParser_ListItem__XqLOV\" translate=\"yes\"><strong>Langlebige Konstruktion<\/strong>: Hergestellt aus\u00a0<strong>ABS<\/strong>\u00a0Material ist der ICODE SLI X widerstandsf\u00e4hig gegen physische Sch\u00e4den und Umwelteinfl\u00fcsse.<\/li>\n<li class=\"AnswerParser_ListItem__XqLOV\" translate=\"yes\"><strong>Vielseitige Gr\u00f6\u00dfen<\/strong>: Verf\u00fcgbar in\u00a0<strong>25 mm, 30 mm und 52 mm<\/strong>\u00a0Durchmesseroptionen: Dieses Etikett kann an spezifische Anwendungsanforderungen angepasst werden.<\/li>\n<li class=\"AnswerParser_ListItem__XqLOV\" translate=\"yes\"><strong>Hohe Leistung<\/strong>: Betrieb bei\u00a0<strong>13,56 MHz<\/strong>Der Tag bietet eine \u00fcberragende Leistung bei der Daten\u00fcbertragung und erm\u00f6glicht so eine schnelle und zuverl\u00e4ssige Kommunikation.<\/li>\n<\/ul>\n<table class=\"all magic-8\">\n<tbody>\n<tr>\n<td colspan=\"1\" rowspan=\"1\">\n<div class=\"magic-9\" data-spm-anchor-id=\"a2700.details.0.i71.50be21afmO5Aid\">Chip<\/div>\n<\/td>\n<td colspan=\"1\" rowspan=\"1\">\n<div class=\"magic-10\">ICODE SLI X (angepasst)<\/div>\n<\/td>\n<\/tr>\n<tr>\n<td colspan=\"1\" rowspan=\"1\">\n<div class=\"magic-9\">Ma\u00dfe<\/div>\n<\/td>\n<td colspan=\"1\" rowspan=\"1\">\n<div class=\"magic-10\" data-spm-anchor-id=\"a2700.details.0.i73.50be21afmO5Aid\">25 mm, 30 mm, 52 mm Durchmesser (kundenspezifisch)<\/div>\n<\/td>\n<\/tr>\n<tr>\n<td colspan=\"1\" rowspan=\"1\">\n<div class=\"magic-9\">Dicke<\/div>\n<\/td>\n<td colspan=\"1\" rowspan=\"1\">\n<div class=\"magic-10\">3mm, Lochgr\u00f6\u00dfe: 5mm Durchmesser<\/div>\n<\/td>\n<\/tr>\n<tr>\n<td colspan=\"1\" rowspan=\"1\">\n<div class=\"magic-9\">Material<\/div>\n<\/td>\n<td colspan=\"1\" rowspan=\"1\">\n<div class=\"magic-10\">ABS<\/div>\n<\/td>\n<\/tr>\n<tr>\n<td colspan=\"1\" rowspan=\"1\">\n<div class=\"magic-9\">IP-Schutzart<\/div>\n<\/td>\n<td colspan=\"1\" rowspan=\"1\">\n<div class=\"magic-10\">Schutzart: IP 65<\/div>\n<\/td>\n<\/tr>\n<tr>\n<td colspan=\"1\" rowspan=\"1\">\n<div class=\"magic-9\">Anwendungstemperatur<\/div>\n<\/td>\n<td colspan=\"1\" rowspan=\"1\">\n<div class=\"magic-10\">-40 ~ 80 \u00b0<\/div>\n<\/td>\n<\/tr>\n<tr>\n<td colspan=\"1\" rowspan=\"1\">\n<div class=\"magic-9\">Betriebstemperatur<\/div>\n<\/td>\n<td colspan=\"1\" rowspan=\"1\">\n<div class=\"magic-10\" data-spm-anchor-id=\"a2700.details.0.i72.50be21afmO5Aid\">-40~70\u00b0C<\/div>\n<\/td>\n<\/tr>\n<tr>\n<td colspan=\"1\" rowspan=\"1\">\n<div class=\"magic-9\">Erinnerung<\/div>\n<\/td>\n<td colspan=\"1\" rowspan=\"1\">\n<div class=\"magic-10\">1K Bit (Abh\u00e4ngig vom Chip)<\/div>\n<\/td>\n<\/tr>\n<tr>\n<td colspan=\"1\" rowspan=\"1\">\n<div class=\"magic-9\">Frequenzbereich mit der besten Leistung<\/div>\n<\/td>\n<td colspan=\"1\" rowspan=\"1\">\n<div class=\"magic-10\">13,56 MHz<\/div>\n<\/td>\n<\/tr>\n<tr>\n<td colspan=\"1\" rowspan=\"1\">\n<div class=\"magic-9\">IC Leben<\/div>\n<\/td>\n<td colspan=\"1\" rowspan=\"1\">\n<div class=\"magic-10\">Schreiblebensdauer von 100.000 ZyklenDatenspeicherung<\/div>\n<\/td>\n<\/tr>\n<\/tbody>\n<\/table>\n<p>&nbsp;<\/p>\n<h3 class=\"AnswerParser_AnswerParserH3__Mpe4s\">1. Kompatibilit\u00e4t und Funktionalit\u00e4t von NFC-Tags<\/h3>\n<p><span class=\"AnswerParser_TextContainer__z_Iiv\" data-testid=\"youchat-text\">Der\u00a0<strong>ICODE SLI X NFC Tag<\/strong>\u00a0ist kompatibel mit einer Vielzahl von\u00a0<strong>NFC-f\u00e4hige Ger\u00e4te<\/strong>, einschlie\u00dflich Smartphones und Tablets. Diese Kompatibilit\u00e4t erm\u00f6glicht es Benutzern, problemlos\u00a0<strong>NFC lesen<\/strong>\u00a0Tags mit ihren Ger\u00e4ten, egal ob sie ein\u00a0<strong>iPhone<\/strong>\u00a0oder ein\u00a0<strong>Android<\/strong>\u00a0Telefon. Die Integration von\u00a0<strong>NFC-Technologie<\/strong>\u00a0bedeutet, dass Benutzer ihre Ger\u00e4te schnell an das Etikett halten k\u00f6nnen, um sofort auf die Daten zuzugreifen. Dadurch ist es ideal f\u00fcr Visitenkarten, sichere Zugangssysteme oder den Informationsaustausch.<\/span><span class=\"AnswerParser_TextContainer__z_Iiv\" data-testid=\"youchat-text\">Das Tag ist f\u00fcr den Einsatz in verschiedenen Anwendungen konzipiert und erm\u00f6glicht es Unternehmen, Abl\u00e4ufe zu rationalisieren und die Kommunikation zu verbessern. Ob Sie es als Teil eines\u00a0<strong>Patrouillensystem<\/strong>\u00a0oder zur Anlagenverfolgung bietet der ICODE SLI X eine zuverl\u00e4ssige L\u00f6sung, die sich im t\u00e4glichen Betrieb als unsch\u00e4tzbar wertvoll erweisen kann.<\/span><\/p>\n<h3 class=\"AnswerParser_AnswerParserH3__Mpe4s\">2. Leistung von On-Metal NFC-Tags<\/h3>\n<p><span class=\"AnswerParser_TextContainer__z_Iiv\" data-testid=\"youchat-text\">Eines der herausragenden Merkmale des ICODE SLI X ist seine F\u00e4higkeit, effektiv zu funktionieren als\u00a0<strong>On-Metal NFC-Tag<\/strong>. Herk\u00f6mmliche NFC-Tags haben aufgrund von Interferenzen oft Probleme mit Metalloberfl\u00e4chen, aber dieser Tag nutzt fortschrittliche\u00a0<strong>Anti-Metall-Technologie<\/strong>\u00a0um eine zuverl\u00e4ssige Leistung zu gew\u00e4hrleisten. Das bedeutet, dass Sie es ohne Funktionsverlust sicher an Metalloberfl\u00e4chen befestigen k\u00f6nnen, was es perfekt f\u00fcr industrielle Umgebungen oder Sicherheitskontrollpunkte macht.<\/span><span class=\"AnswerParser_TextContainer__z_Iiv\" data-testid=\"youchat-text\">Wenn der ICODE SLI X an Metall befestigt wird, bleibt er mit NFC-Ger\u00e4ten verbunden und erm\u00f6glicht so eine nahtlose Daten\u00fcbertragung ohne zus\u00e4tzliche Ger\u00e4te. Diese Funktion ist besonders n\u00fctzlich f\u00fcr Unternehmen, die Folgendes implementieren m\u00f6chten:\u00a0<strong>kontaktlose L\u00f6sungen<\/strong>\u00a0in rauen Umgebungen.<\/span><\/p>\n<h3 class=\"AnswerParser_AnswerParserH3__Mpe4s\">3. Anpassungsoptionen f\u00fcr verschiedene Anwendungen<\/h3>\n<p><span class=\"AnswerParser_TextContainer__z_Iiv\" data-testid=\"youchat-text\">Bei der Implementierung der NFC-Technologie in verschiedenen Branchen ist die Anpassung entscheidend. Der ICODE SLI X kann an spezifische Anforderungen wie Gr\u00f6\u00dfe und Speicherkapazit\u00e4t angepasst werden. Mit Optionen f\u00fcr\u00a0<strong>25 mm, 30 mm und 52 mm<\/strong>\u00a0Durchmesser k\u00f6nnen Unternehmen die perfekte Gr\u00f6\u00dfe f\u00fcr ihren Bedarf ausw\u00e4hlen.<\/span><span class=\"AnswerParser_TextContainer__z_Iiv\" data-testid=\"youchat-text\">Dar\u00fcber hinaus kann die Speicherkapazit\u00e4t angepasst werden, um unterschiedliche Datenspeicheranforderungen zu erf\u00fcllen. Ob Sie eine einfache\u00a0<strong>NFC-Aufkleber<\/strong>\u00a0F\u00fcr eine Visitenkarte oder eine komplexere L\u00f6sung zur Anlagenverfolgung kann der ICODE SLI X individuell angepasst werden, um die richtige Funktionalit\u00e4t bereitzustellen.<\/span><\/p>\n<h3 class=\"AnswerParser_AnswerParserH3__Mpe4s\">4. Umweltfreundliches Design<\/h3>\n<p><span class=\"AnswerParser_TextContainer__z_Iiv\" data-testid=\"youchat-text\">Mit einem\u00a0<strong>IP65<\/strong>\u00a0Der ICODE SLI X ist so konzipiert, dass er Staub und Feuchtigkeit standh\u00e4lt und sich daher f\u00fcr den Einsatz im Freien und in der Industrie eignet. Der Tag kann bei Temperaturen von\u00a0<strong>-40 \u00b0C bis 80 \u00b0C<\/strong>, und gew\u00e4hrleistet eine gleichbleibende Leistung unter extremen Bedingungen.<\/span><span class=\"AnswerParser_TextContainer__z_Iiv\" data-testid=\"youchat-text\">Dank dieser Robustheit k\u00f6nnen sich Unternehmen auf den ICODE SLI X verlassen f\u00fcr\u00a0<strong>Langzeitanwendung<\/strong>, wodurch der Bedarf an h\u00e4ufigen Austauschvorg\u00e4ngen verringert und letztendlich Kosten gespart werden. Die Haltbarkeit des Tags stellt sicher, dass es den h\u00e4rtesten Umgebungen standh\u00e4lt, was es zu einer intelligenten Investition f\u00fcr jeden Betrieb macht.<\/span><\/p>\n<h3 class=\"AnswerParser_AnswerParserH3__Mpe4s\">5. Einfache Installation und Verwendung<\/h3>\n<p><span class=\"AnswerParser_TextContainer__z_Iiv\" data-testid=\"youchat-text\">Die Installation des ICODE SLI X ist unkompliziert, dank seines Designs mit einem\u00a0<strong>Schraubenloch<\/strong>\u00a0f\u00fcr eine sichere Befestigung. Ob Sie es mit einem\u00a0<strong>NFC-Kleber<\/strong>\u00a0Durch Anbringen an der Unterlage oder Festschrauben ist die Installation einfach und effizient.<\/span><span class=\"AnswerParser_TextContainer__z_Iiv\" data-testid=\"youchat-text\">Nach der Installation ist die Verwendung des Tags ebenso einfach. Benutzer k\u00f6nnen einfach\u00a0<strong>Tippen Sie auf das Tag<\/strong>\u00a0mit ihren\u00a0<strong>NFC-f\u00e4higes Telefon<\/strong>\u00a0um auf Informationen zuzugreifen oder Befehle auszuf\u00fchren. Diese Benutzerfreundlichkeit macht den ICODE SLI X zur idealen Wahl f\u00fcr Unternehmen, die\u00a0<strong>drahtlose Kommunikation<\/strong>\u00a0ohne die Komplexit\u00e4t herk\u00f6mmlicher Systeme.<\/span><\/p>\n<h3 class=\"AnswerParser_AnswerParserH3__Mpe4s\">6. H\u00e4ufig gestellte Fragen zum ICODE SLI X NFC-Tag<\/h3>\n<p><span class=\"AnswerParser_TextContainer__z_Iiv\" data-testid=\"youchat-text\"><strong>F: Kann der ICODE SLI X f\u00fcr kontaktlose Zahlungen verwendet werden?<\/strong><br \/>\nA: Obwohl der ICODE SLI X f\u00fcr die Daten\u00fcbertragung und Kommunikation konzipiert ist, kann er in Systeme integriert werden, die kontaktlose Zahlungen unterst\u00fctzen, er ist jedoch selbst kein Ger\u00e4t zur Zahlungsverarbeitung.<\/span><\/p>\n<p><span class=\"AnswerParser_TextContainer__z_Iiv\" data-testid=\"youchat-text\"><strong>F: Ist das ICODE SLI X wasserdicht?<\/strong><br \/>\nA: Der ICODE SLI X hat die Schutzklasse IP65 und ist somit staub- und spritzwassergesch\u00fctzt, aber nicht vollst\u00e4ndig wasserdicht. Er ist f\u00fcr den Einsatz im Freien bei unterschiedlichen Wetterbedingungen geeignet.<\/span><\/p>\n<p><span class=\"AnswerParser_TextContainer__z_Iiv\" data-testid=\"youchat-text\"><strong>F: Wie lange h\u00e4lt die Batterie?<\/strong><br \/>\nA: NFC-Tags wie der ICODE SLI X haben keine Batterie; sie beziehen Strom vom NFC-f\u00e4higen Ger\u00e4t, wenn sie antippen, und gew\u00e4hrleisten so eine lang anhaltende Funktionalit\u00e4t bei minimalem Wartungsaufwand.<\/span><\/p>","protected":false},"excerpt":{"rendered":"<p>Der <strong>ICODE SLI X Patrol NFC-Tag<\/strong> zeichnet sich als zuverl\u00e4ssige und vielseitige RFID-L\u00f6sung f\u00fcr Dienst- und Patrouillendienste f\u00fcr die On-Metal-Kommunikation aus.<\/p>","protected":false},"featured_media":2763,"template":"","meta":{"_kad_post_transparent":"default","_kad_post_title":"","_kad_post_layout":"default","_kad_post_sidebar_id":"","_kad_post_content_style":"default","_kad_post_vertical_padding":"default","_kad_post_feature":"","_kad_post_feature_position":"","_kad_post_header":false,"_kad_post_footer":false,"_kad_post_classname":""},"product_brand":[],"product_cat":[54],"product_tag":[133,320,321],"class_list":{"0":"post-2761","1":"product","2":"type-product","3":"status-publish","4":"has-post-thumbnail","6":"product_cat-hot-selling-rfid-tags","7":"product_tag-i-code-slix-nfc-tag","8":"product_tag-iso15693-nfc-tag","9":"product_tag-patrol-nfc-tag","11":"first","12":"instock","13":"shipping-taxable","14":"product-type-simple","15":"entry","16":"content-bg","17":"loop-entry"},"_links":{"self":[{"href":"https:\/\/rfid-laundry-tag.com\/de\/wp-json\/wp\/v2\/product\/2761","targetHints":{"allow":["GET"]}}],"collection":[{"href":"https:\/\/rfid-laundry-tag.com\/de\/wp-json\/wp\/v2\/product"}],"about":[{"href":"https:\/\/rfid-laundry-tag.com\/de\/wp-json\/wp\/v2\/types\/product"}],"version-history":[{"count":1,"href":"https:\/\/rfid-laundry-tag.com\/de\/wp-json\/wp\/v2\/product\/2761\/revisions"}],"predecessor-version":[{"id":2765,"href":"https:\/\/rfid-laundry-tag.com\/de\/wp-json\/wp\/v2\/product\/2761\/revisions\/2765"}],"wp:featuredmedia":[{"embeddable":true,"href":"https:\/\/rfid-laundry-tag.com\/de\/wp-json\/wp\/v2\/media\/2763"}],"wp:attachment":[{"href":"https:\/\/rfid-laundry-tag.com\/de\/wp-json\/wp\/v2\/media?parent=2761"}],"wp:term":[{"taxonomy":"product_brand","embeddable":true,"href":"https:\/\/rfid-laundry-tag.com\/de\/wp-json\/wp\/v2\/product_brand?post=2761"},{"taxonomy":"product_cat","embeddable":true,"href":"https:\/\/rfid-laundry-tag.com\/de\/wp-json\/wp\/v2\/product_cat?post=2761"},{"taxonomy":"product_tag","embeddable":true,"href":"https:\/\/rfid-laundry-tag.com\/de\/wp-json\/wp\/v2\/product_tag?post=2761"}],"curies":[{"name":"wp","href":"https:\/\/api.w.org\/{rel}","templated":true}]}}