{"id":275,"date":"2024-06-21T16:36:22","date_gmt":"2024-06-21T16:36:22","guid":{"rendered":"https:\/\/rfid-laundry-tag.com\/?post_type=product&#038;p=275"},"modified":"2024-08-14T15:51:48","modified_gmt":"2024-08-14T15:51:48","slug":"arc-uhf-rfid-label-for-retail-inventory","status":"publish","type":"product","link":"https:\/\/rfid-laundry-tag.com\/de\/arc-uhf-rfid-label-for-retail-inventory\/","title":{"rendered":"ARC UHF RFID-Etikett f\u00fcr Einzelhandelsinventar"},"content":{"rendered":"<table class=\"is-zebra all magic-8\">\n<tbody>\n<tr>\n<td colspan=\"1\" rowspan=\"1\">\n<div class=\"magic-9\">Spezifikation:<\/div>\n<\/td>\n<td colspan=\"1\" rowspan=\"1\">\n<div class=\"magic-10\" data-spm-anchor-id=\"a2700.details.0.i56.7f4b711d2WlIPD\">80 mm x 20 mm, 70 x 14,5 mm, 30 x 50 mm (anpassbar)<\/div>\n<\/td>\n<\/tr>\n<tr>\n<td colspan=\"1\" rowspan=\"1\">\n<div class=\"magic-9\">Verpackungsmaterialien:<\/div>\n<\/td>\n<td colspan=\"1\" rowspan=\"1\">\n<div class=\"magic-10\">Beschichtetes Papier\/PVC\/PET usw.<\/div>\n<\/td>\n<\/tr>\n<tr>\n<td colspan=\"1\" rowspan=\"1\">\n<div class=\"magic-9\">Anwendungsbereich:<\/div>\n<\/td>\n<td colspan=\"1\" rowspan=\"1\">\n<div class=\"magic-10\">Supermarkteinzelhandel, Bekleidung, Schuhe und H\u00fcte, R\u00fcckverfolgbarkeit gegen F\u00e4lschungen, Lagerverwaltung usw.<\/div>\n<\/td>\n<\/tr>\n<tr>\n<td colspan=\"1\" rowspan=\"1\">\n<div class=\"magic-9\">Neuschreibzyklus:<\/div>\n<\/td>\n<td colspan=\"1\" rowspan=\"1\">\n<div class=\"magic-10\">10W mal<\/div>\n<\/td>\n<\/tr>\n<tr>\n<td colspan=\"1\" rowspan=\"1\">\n<div class=\"magic-11\">Reichweite:<\/div>\n<\/td>\n<td colspan=\"1\" rowspan=\"1\">\n<div class=\"magic-12\">\u00a015 Min.<\/div>\n<\/td>\n<\/tr>\n<tr>\n<td colspan=\"1\" rowspan=\"1\">\n<div class=\"magic-11\">Chip:<\/div>\n<\/td>\n<td colspan=\"1\" rowspan=\"1\">\n<div class=\"magic-12\">Au\u00dferirdisches Higgs 3, H9, H10, U9, U10 usw.<\/div>\n<\/td>\n<\/tr>\n<tr>\n<td colspan=\"1\" rowspan=\"1\">\n<div class=\"magic-11\">Merkmale:<\/div>\n<\/td>\n<td colspan=\"1\" rowspan=\"1\">\n<div class=\"magic-12\">ARC-zertifiziert, bedruckbar und mit Druckern verschiedener Marken kompatibel<\/div>\n<\/td>\n<\/tr>\n<tr>\n<td colspan=\"1\" rowspan=\"1\">\n<div class=\"magic-13\">Arbeitsfrequenz:<\/div>\n<\/td>\n<td colspan=\"1\" rowspan=\"1\">\n<div class=\"magic-14\" data-spm-anchor-id=\"a2700.details.0.i55.7f4b711d2WlIPD\">860-960 MHz<\/div>\n<\/td>\n<\/tr>\n<\/tbody>\n<\/table>\n<p>&nbsp;<\/p>\n<p><b>RFID-Aufkleber<\/b> werden im Allgemeinen durch RFID-Aufkleben und einfache Verwendung und Aufkleben verwaltet. Es ist eine relativ einfache Entit\u00e4tsschicht, Schicht\u00f6konomie und Montage. RFID-Aufkleben ist eine Art Anwendung, die auf der Zieloberfl\u00e4che praktisch sein muss und auch leicht auf Kleidung angewendet werden kann. Wird f\u00fcr Supermarktmanagement\/-kasse, Transportmanagement, Verm\u00f6gensverwaltung usw. angewendet.<\/p>\n<p><b>Druckhandwerk:<\/b> 1. Druckverfahren wie Rollendruck, Digitaldruck, Bogendruck, Siebdruck, zweidimensionaler Codeaufdruck, Barcodeaufdruck, Barcode variable Menge usw. 2. Die bedruckbaren Materialien sind: beschichtetes Papier, PVC, PET wei\u00df, synthetisches Papier, Thermopapier, transparentes Drachenpapier, doppelseitig klebendes Papier.<\/p>\n<div><b>Optionals: <\/b><\/div>\n<div data-spm-anchor-id=\"a2700.details.0.i77.2a8f6864Jckp2O\">Personalisierte Anpassung; Siebdruck, aufgespr\u00fchte Nummern (UID-Code, EPC-Code, Barcode usw.). Klebeoption verf\u00fcgbar. Kodierungsservice. Andere Services auf Anfrage.<\/div>\n<div data-spm-anchor-id=\"a2700.details.0.i77.2a8f6864Jckp2O\"><\/div>\n<div data-spm-anchor-id=\"a2700.details.0.i77.2a8f6864Jckp2O\">\n<div class=\"J_module\">\n<div id=\"ali-anchor-AliMagic-o3qbn0\" class=\"magic-12\" data-section=\"AliMagic-o3qbn0\" data-section-title=\"Avaliable Chip\" data-spm-anchor-id=\"a2700.details.0.i50.22492d905vHxQE\">Verf\u00fcgbarer Chip<\/div>\n<\/div>\n<div class=\"J_module\">\n<div class=\"ife-detail-decorate-table\">\n<table class=\"all magic-23\">\n<tbody>\n<tr>\n<td colspan=\"1\" rowspan=\"3\">\n<div class=\"magic-24\">\n<div class=\"magic-2\" data-spm-anchor-id=\"a2700.custom-template.0.i380.a89a33331THEnR\"><b class=\"magic-25\">\u00a0<\/b><\/div>\n<div class=\"magic-2\" data-spm-anchor-id=\"a2700.custom-template.0.i380.a89a33331THEnR\"><b class=\"magic-25\">Chiptyp<\/b><\/div>\n<\/div>\n<\/td>\n<td colspan=\"2\" rowspan=\"1\">\n<div class=\"magic-26\">\n<div class=\"magic-2\" data-spm-anchor-id=\"a2700.custom-template.0.i9.4058333366sJMP\"><b class=\"magic-25\">Reserviert<\/b><\/div>\n<\/div>\n<\/td>\n<td colspan=\"1\" rowspan=\"1\">\n<div class=\"magic-29\">\n<div class=\"magic-2\"><b class=\"magic-25\" data-spm-anchor-id=\"a2700.custom-template.0.i425.a89a33331THEnR\">EP\u00dc<\/b><\/div>\n<\/div>\n<\/td>\n<td colspan=\"1\" rowspan=\"1\">\n<div class=\"magic-30\">\n<div class=\"magic-2\"><b>Benutzer<\/b><\/div>\n<\/div>\n<\/td>\n<td colspan=\"1\" rowspan=\"3\">\n<div class=\"magic-31\">\n<div class=\"magic-2\"><b>\u00a0<\/b><\/div>\n<div class=\"magic-2\"><b>Protokoll<\/b><\/div>\n<\/div>\n<\/td>\n<td colspan=\"1\" rowspan=\"3\">\n<div class=\"magic-32\">\n<div class=\"magic-2\"><b>\u00a0<\/b><\/div>\n<div class=\"magic-2\"><b>Frequenz<\/b><\/div>\n<\/div>\n<\/td>\n<\/tr>\n<tr>\n<td colspan=\"1\" rowspan=\"2\">\n<div class=\"magic-34\">\n<div class=\"magic-2\" data-spm-anchor-id=\"a2700.custom-template.0.i437.a89a33331THEnR\">Zugang<\/div>\n<div class=\"magic-2\">(St\u00fccke)<\/div>\n<\/div>\n<\/td>\n<td colspan=\"1\" rowspan=\"2\">\n<div class=\"magic-35\">\n<div class=\"magic-2\">T\u00f6ten<\/div>\n<div class=\"magic-2\" data-spm-anchor-id=\"a2700.details.0.i51.22492d905vHxQE\">(St\u00fccke)<\/div>\n<\/div>\n<\/td>\n<td colspan=\"1\" rowspan=\"2\">\n<div class=\"magic-34\">\n<div class=\"magic-2\">EP\u00dc<\/div>\n<div class=\"magic-2\">(St\u00fccke)<\/div>\n<\/div>\n<\/td>\n<td colspan=\"1\" rowspan=\"2\">\n<div class=\"magic-36\">\n<div class=\"magic-2\">Benutzer<\/div>\n<div class=\"magic-2\">(St\u00fccke)<\/div>\n<\/div>\n<\/td>\n<\/tr>\n<tr>\n<td colspan=\"7\" rowspan=\"1\">\n<div class=\"magic-39\">\n<div class=\"magic-2\" data-spm-anchor-id=\"a2700.custom-template.0.i20.a89a3333ytXRbS\"><b data-spm-anchor-id=\"a2700.custom-template.0.i12.4058333366sJMP\"><span class=\"magic-40\">NXP<\/span><\/b><\/div>\n<\/div>\n<\/td>\n<\/tr>\n<tr>\n<td colspan=\"1\" rowspan=\"1\">\n<div class=\"magic-33\">UCODE\u00ae 9<\/div>\n<\/td>\n<td colspan=\"1\" rowspan=\"1\">\n<div class=\"magic-29\">\n<div class=\"magic-2\">32<\/div>\n<\/div>\n<\/td>\n<td colspan=\"1\" rowspan=\"1\">\n<div class=\"magic-28\">\n<div class=\"magic-2\">32<\/div>\n<\/div>\n<\/td>\n<td colspan=\"1\" rowspan=\"1\">\n<div class=\"magic-29\">\n<div class=\"magic-2\" data-spm-anchor-id=\"a2700.custom-template.0.i5.a89a3333hCDHmj\">96<\/div>\n<\/div>\n<\/td>\n<td colspan=\"1\" rowspan=\"1\">\n<div class=\"magic-30\">\n<div class=\"magic-2\">\u2013<\/div>\n<\/div>\n<\/td>\n<td colspan=\"1\" rowspan=\"4\">\n<div class=\"magic-31\">\n<div class=\"magic-2\" data-spm-anchor-id=\"a2700.custom-template.0.i472.a89a33331THEnR\"><\/div>\n<div class=\"magic-2\" data-spm-anchor-id=\"a2700.custom-template.0.i473.a89a33331THEnR\"><\/div>\n<div class=\"magic-2\" data-spm-anchor-id=\"a2700.custom-template.0.i473.a89a33331THEnR\">ISO18000-6C<\/div>\n<div class=\"magic-2\" data-spm-anchor-id=\"a2700.custom-template.0.i466.a89a33331THEnR\">Klasse 1 Gen 2<\/div>\n<\/div>\n<\/td>\n<td colspan=\"1\" rowspan=\"4\">\n<div class=\"magic-32\">\n<div class=\"magic-2\"><\/div>\n<div class=\"magic-2\"><\/div>\n<div class=\"magic-2\">860~960MHz<\/div>\n<\/div>\n<\/td>\n<\/tr>\n<tr>\n<td colspan=\"1\" rowspan=\"1\">\n<div class=\"magic-33\">UCODE\u00ae 8\/8m<\/div>\n<\/td>\n<td colspan=\"1\" rowspan=\"1\">\n<div class=\"magic-29\">\n<div class=\"magic-2\">32<\/div>\n<\/div>\n<\/td>\n<td colspan=\"1\" rowspan=\"1\">\n<div class=\"magic-28\">\n<div class=\"magic-2\">32<\/div>\n<\/div>\n<\/td>\n<td colspan=\"1\" rowspan=\"1\">\n<div class=\"magic-29\">\n<div class=\"magic-2\">128\/96<\/div>\n<\/div>\n<\/td>\n<td colspan=\"1\" rowspan=\"1\">\n<div class=\"magic-41\">\n<div class=\"magic-2\">0\/32<\/div>\n<\/div>\n<\/td>\n<\/tr>\n<tr>\n<td colspan=\"1\" rowspan=\"1\">\n<div class=\"magic-33\">UCODE\u00ae 7m<\/div>\n<\/td>\n<td colspan=\"1\" rowspan=\"1\">\n<div class=\"magic-29\">\n<div class=\"magic-2\">32<\/div>\n<\/div>\n<\/td>\n<td colspan=\"1\" rowspan=\"1\">\n<div class=\"magic-28\">\n<div class=\"magic-2\">0<\/div>\n<\/div>\n<\/td>\n<td colspan=\"1\" rowspan=\"1\">\n<div class=\"magic-29\">\n<div class=\"magic-2\">128<\/div>\n<\/div>\n<\/td>\n<td colspan=\"1\" rowspan=\"1\">\n<div class=\"magic-41\">\n<div class=\"magic-2\">32<\/div>\n<\/div>\n<\/td>\n<\/tr>\n<tr>\n<td colspan=\"1\" rowspan=\"1\">\n<div class=\"magic-33\">UCODE\u00ae 7<\/div>\n<\/td>\n<td colspan=\"1\" rowspan=\"1\">\n<div class=\"magic-29\">\n<div class=\"magic-2\">32<\/div>\n<\/div>\n<\/td>\n<td colspan=\"1\" rowspan=\"1\">\n<div class=\"magic-28\">\n<div class=\"magic-2\">32<\/div>\n<\/div>\n<\/td>\n<td colspan=\"1\" rowspan=\"1\">\n<div class=\"magic-29\">\n<div class=\"magic-2\">128<\/div>\n<\/div>\n<\/td>\n<td colspan=\"1\" rowspan=\"1\">\n<div class=\"magic-41\">\n<div class=\"magic-2\">0<\/div>\n<\/div>\n<\/td>\n<\/tr>\n<tr>\n<td colspan=\"7\" rowspan=\"1\">\n<div class=\"magic-42\"><b data-spm-anchor-id=\"a2700.custom-template.0.i92.a89a3333ytXRbS\">UCODE sind eingetragene Marken von NXP BV und werden unter Lizenz verwendet.<\/b><\/div>\n<\/td>\n<\/tr>\n<\/tbody>\n<\/table>\n<\/div>\n<\/div>\n<\/div>","protected":false},"excerpt":{"rendered":"<p><span data-spm-anchor-id=\"a2700.details.0.i75.2a8f6864Jckp2O\">Walmart nutzt RFID, um die Kundenzufriedenheit und Effizienz zu steigern, indem die Genauigkeit der Abholung verbessert und das Auftreten unbefriedigender Artikel reduziert wird.<\/span><\/p>","protected":false},"featured_media":276,"template":"","meta":{"_kad_post_transparent":"default","_kad_post_title":"","_kad_post_layout":"default","_kad_post_sidebar_id":"","_kad_post_content_style":"default","_kad_post_vertical_padding":"default","_kad_post_feature":"","_kad_post_feature_position":"","_kad_post_header":false,"_kad_post_footer":false,"_kad_post_classname":""},"product_brand":[],"product_cat":[54],"product_tag":[104,103,98],"class_list":{"0":"post-275","1":"product","2":"type-product","3":"status-publish","4":"has-post-thumbnail","6":"product_cat-hot-selling-rfid-tags","7":"product_tag-arc-uhf-rfid-label","8":"product_tag-arc-uhf-rfid-label-for-retail-inventory","9":"product_tag-uhf-rfid-label","11":"first","12":"instock","13":"shipping-taxable","14":"product-type-simple","15":"entry","16":"content-bg","17":"loop-entry"},"_links":{"self":[{"href":"https:\/\/rfid-laundry-tag.com\/de\/wp-json\/wp\/v2\/product\/275","targetHints":{"allow":["GET"]}}],"collection":[{"href":"https:\/\/rfid-laundry-tag.com\/de\/wp-json\/wp\/v2\/product"}],"about":[{"href":"https:\/\/rfid-laundry-tag.com\/de\/wp-json\/wp\/v2\/types\/product"}],"version-history":[{"count":1,"href":"https:\/\/rfid-laundry-tag.com\/de\/wp-json\/wp\/v2\/product\/275\/revisions"}],"predecessor-version":[{"id":1302,"href":"https:\/\/rfid-laundry-tag.com\/de\/wp-json\/wp\/v2\/product\/275\/revisions\/1302"}],"wp:featuredmedia":[{"embeddable":true,"href":"https:\/\/rfid-laundry-tag.com\/de\/wp-json\/wp\/v2\/media\/276"}],"wp:attachment":[{"href":"https:\/\/rfid-laundry-tag.com\/de\/wp-json\/wp\/v2\/media?parent=275"}],"wp:term":[{"taxonomy":"product_brand","embeddable":true,"href":"https:\/\/rfid-laundry-tag.com\/de\/wp-json\/wp\/v2\/product_brand?post=275"},{"taxonomy":"product_cat","embeddable":true,"href":"https:\/\/rfid-laundry-tag.com\/de\/wp-json\/wp\/v2\/product_cat?post=275"},{"taxonomy":"product_tag","embeddable":true,"href":"https:\/\/rfid-laundry-tag.com\/de\/wp-json\/wp\/v2\/product_tag?post=275"}],"curies":[{"name":"wp","href":"https:\/\/api.w.org\/{rel}","templated":true}]}}