{"id":2742,"date":"2024-10-11T16:12:50","date_gmt":"2024-10-11T16:12:50","guid":{"rendered":"https:\/\/rfid-laundry-tag.com\/?post_type=product&#038;p=2742"},"modified":"2024-10-29T14:33:03","modified_gmt":"2024-10-29T14:33:03","slug":"epoxy-menu-nfc-tags","status":"publish","type":"product","link":"https:\/\/rfid-laundry-tag.com\/de\/epoxy-menu-nfc-tags\/","title":{"rendered":"Epoxy Men\u00fc NFC Tags"},"content":{"rendered":"<p><span class=\"AnswerParser_TextContainer__z_Iiv\" data-testid=\"youchat-text\"><strong>Epoxy Men\u00fc NFC Tags<\/strong>\u00a0Nutzen Sie modernste NFC- und QR-Code-Technologie, um die Interaktion der G\u00e4ste mit Men\u00fcs zu ver\u00e4ndern. Diese innovativen Tags erm\u00f6glichen es den Kunden, schnell direkt von ihrem Smartphone aus zu st\u00f6bern und zu bestellen. Das verbessert ihr kulinarisches Erlebnis und optimiert gleichzeitig den Betrieb in Restaurants, Caf\u00e9s und Bars. Mit anpassbaren Designs und robusten Funktionen sind diese Tags ein Muss f\u00fcr jedes moderne Lokal.<\/span><\/p>\n<h2 class=\"AnswerParser_AnswerParserH2__SIHnF\">Produkt\u00fcbersicht<\/h2>\n<h3 class=\"AnswerParser_AnswerParserH3__Mpe4s\">1. Was sind Epoxy Menu NFC-Tags?<\/h3>\n<p><span class=\"AnswerParser_TextContainer__z_Iiv\" data-testid=\"youchat-text\">Epoxy Menu NFC-Tags sind fortschrittliche digitale Tools, die einen nahtlosen Men\u00fczugriff und eine reibungslose Bestellung erm\u00f6glichen. Diese Tags werden aus langlebigen Materialien wie PVC hergestellt und mit NFC-Chips ausgestattet. Sie k\u00f6nnen mit Logos, Seriennummern und sogar dynamischen QR-Codes personalisiert werden. Ihre Epoxidkleberoberfl\u00e4che sorgt f\u00fcr Langlebigkeit und Widerstandsf\u00e4higkeit, sodass sie f\u00fcr verschiedene Umgebungen geeignet sind.<\/span><\/p>\n<h3 class=\"AnswerParser_AnswerParserH3__Mpe4s\">2. Hauptmerkmale der Epoxy Menu NFC-Tags<\/h3>\n<ul class=\"AnswerParser_AnswerParserUnorderedList__P_1FW\">\n<li class=\"AnswerParser_ListItem__XqLOV\" translate=\"yes\"><strong>Haltbarkeit<\/strong>: Die Epoxidharzoberfl\u00e4che bietet au\u00dfergew\u00f6hnlichen Schutz vor \u00d6l, Wasser, Kratzern und UV-Strahlen und stellt sicher, dass die Etiketten im Laufe der Zeit funktionsf\u00e4hig und optisch ansprechend bleiben.<\/li>\n<li class=\"AnswerParser_ListItem__XqLOV\" translate=\"yes\"><strong>Vielseitigkeit<\/strong>: Mit den verf\u00fcgbaren Gr\u00f6\u00dfen rund (\u042460\u00a0mm, \u042475\u00a0mm, \u0424100\u00a0mm) und quadratisch (80\u00a0x\u00a080\u00a0mm) k\u00f6nnen diese Etiketten an jedes \u00e4sthetische Design oder jede Markenanforderung angepasst werden.<\/li>\n<li class=\"AnswerParser_ListItem__XqLOV\" translate=\"yes\"><strong>Kompatibilit\u00e4t<\/strong>: Dank der Anti-Metall-Schicht funktionieren diese Tags sowohl auf metallischen als auch auf nichtmetallischen Oberfl\u00e4chen effektiv und sind daher ideal f\u00fcr vielf\u00e4ltige Anwendungen.<\/li>\n<\/ul>\n<h3 class=\"AnswerParser_AnswerParserH3__Mpe4s\">3. Technische Daten<\/h3>\n<table class=\"has-title all magic-15\">\n<tbody>\n<tr>\n<td colspan=\"1\" rowspan=\"1\">\n<div class=\"magic-16\" data-spm-anchor-id=\"a2700.details.0.i39.7beebf0eKrXqHT\"><span class=\"magic-17\">Artikel<\/span><\/div>\n<\/td>\n<td colspan=\"1\" rowspan=\"1\">\n<div class=\"magic-18\"><span class=\"magic-17\">Epoxy Men\u00fc NFC Tags <\/span><\/div>\n<\/td>\n<\/tr>\n<tr>\n<td colspan=\"1\" rowspan=\"1\">\n<div class=\"magic-16\"><span class=\"magic-17\">Besondere Merkmale<\/span><\/div>\n<\/td>\n<td colspan=\"1\" rowspan=\"1\">\n<div class=\"magic-18\"><span class=\"magic-17\">Wasserdicht \/ Wetterfest<\/span><\/div>\n<\/td>\n<\/tr>\n<tr>\n<td colspan=\"1\" rowspan=\"1\">\n<div class=\"magic-16\"><span class=\"magic-17\">Kommunikationsschnittstelle<\/span><\/div>\n<\/td>\n<td colspan=\"1\" rowspan=\"1\">\n<div class=\"magic-18\"><span class=\"magic-17\">NFC<\/span><\/div>\n<\/td>\n<\/tr>\n<tr>\n<td colspan=\"1\" rowspan=\"1\">\n<div class=\"magic-16\"><span class=\"magic-17\">Frequenz<\/span><\/div>\n<\/td>\n<td colspan=\"1\" rowspan=\"1\">\n<div class=\"magic-18\"><span class=\"magic-17\">13,56 MHz<\/span><\/div>\n<\/td>\n<\/tr>\n<tr>\n<td colspan=\"1\" rowspan=\"1\">\n<div class=\"magic-16\"><span class=\"magic-17\">Material<\/span><\/div>\n<\/td>\n<td colspan=\"1\" rowspan=\"1\">\n<div class=\"magic-18\">Epoxid + PET\/PVC + NFC-Inlay + Anti-Metall-Schicht + 3M-Kleber<\/div>\n<\/td>\n<\/tr>\n<tr>\n<td colspan=\"1\" rowspan=\"1\">\n<div class=\"magic-16\">Gr\u00f6\u00dfe<\/div>\n<\/td>\n<td colspan=\"1\" rowspan=\"1\">\n<div class=\"magic-18\">Rund: \u042460mm, \u042475mm, \u0424100mm; Quadrat: 80x80mm oder individuell<\/div>\n<\/td>\n<\/tr>\n<tr>\n<td colspan=\"1\" rowspan=\"1\">\n<div class=\"magic-16\"><span class=\"magic-17\">Protokoll<\/span><\/div>\n<\/td>\n<td colspan=\"1\" rowspan=\"1\">\n<div class=\"magic-18\"><span class=\"magic-17\">ISO 14443A<\/span><\/div>\n<\/td>\n<\/tr>\n<tr>\n<td colspan=\"1\" rowspan=\"1\">\n<div class=\"magic-16\"><span class=\"magic-17\">Chip<\/span><\/div>\n<\/td>\n<td colspan=\"1\" rowspan=\"1\">\n<div class=\"magic-18\">NTAG213, NTAG215, NTAG216 (andere Chips verf\u00fcgbar)<\/div>\n<\/td>\n<\/tr>\n<tr>\n<td colspan=\"1\" rowspan=\"1\">\n<div class=\"magic-16\"><span class=\"magic-17\">Erinnerung<\/span><\/div>\n<\/td>\n<td colspan=\"1\" rowspan=\"1\">\n<div class=\"magic-18\"><span class=\"magic-17\">144 Byte, 504 Byte, 888 Byte usw.<\/span><\/div>\n<\/td>\n<\/tr>\n<tr>\n<td colspan=\"1\" rowspan=\"1\">\n<div class=\"magic-16\"><span class=\"magic-17\">Leseabstand<\/span><\/div>\n<\/td>\n<td colspan=\"1\" rowspan=\"1\">\n<div class=\"magic-18\"><span class=\"magic-17\">3\u201315 cm, abh\u00e4ngig von Leser und Tag-Gr\u00f6\u00dfe<\/span><\/div>\n<\/td>\n<\/tr>\n<tr>\n<td colspan=\"1\" rowspan=\"1\">\n<div class=\"magic-16\"><span class=\"magic-17\">Drucken<\/span><\/div>\n<\/td>\n<td colspan=\"1\" rowspan=\"1\">\n<div class=\"magic-18\"><span class=\"magic-17\">CMYK 4C Druck\/Offsetdruck\/Siebdruck<\/span><\/div>\n<\/td>\n<\/tr>\n<tr>\n<td colspan=\"1\" rowspan=\"1\">\n<div class=\"magic-16\"><span class=\"magic-17\">Handwerk<\/span><\/div>\n<\/td>\n<td colspan=\"1\" rowspan=\"1\">\n<div class=\"magic-18\"><span class=\"magic-17\">Lasercode\\UV-Tinte\\Seriennummer\\Pr\u00e4gung\\Thermodruck<\/span><\/div>\n<\/td>\n<\/tr>\n<tr>\n<td colspan=\"1\" rowspan=\"1\">\n<div class=\"magic-16\"><span class=\"magic-17\">Oberfl\u00e4che<\/span><\/div>\n<\/td>\n<td colspan=\"1\" rowspan=\"1\">\n<div class=\"magic-18\"><span class=\"magic-17\">Gl\u00e4nzend\/Matt\/Frosted\/Transparent<\/span><\/div>\n<\/td>\n<\/tr>\n<tr>\n<td colspan=\"1\" rowspan=\"1\">\n<div class=\"magic-16\"><span class=\"magic-17\">Funktion<\/span><\/div>\n<\/td>\n<td colspan=\"1\" rowspan=\"1\">\n<div class=\"magic-18\"><span class=\"magic-17\" data-spm-anchor-id=\"a2700.details.0.i40.7beebf0eKrXqHT\">NFC-Social-Media, Logistikmanagement, Anlagenverwaltung, Lieferkettenmanagement, Fahrzeugverwaltung, Produktionskontrolle, Lagerverwaltung, Produktmanagement, Produktverifizierung, Anlagenverfolgung, Gep\u00e4ckabfertigungsverfolgung, Bestandsverwaltung, Zahlung, Armband usw. Laminierung, zuverl\u00e4ssige, glatte Druckoberfl\u00e4che.<\/span><\/div>\n<\/td>\n<\/tr>\n<tr>\n<td colspan=\"1\" rowspan=\"1\">\n<div class=\"magic-16\"><span class=\"magic-17\">Kartengewicht in Standardgr\u00f6\u00dfe<\/span><\/div>\n<\/td>\n<td colspan=\"1\" rowspan=\"1\">\n<div class=\"magic-18\"><span class=\"magic-17\">120*120*4mm 0,058 kg\/Stck.\u00a0 \u00a0<\/span><\/p>\n<div data-spm-anchor-id=\"a2700.pc-decorate.0.i47.51c0333312LtHT\"><span class=\"magic-17\">Jedes Aufkleberpaket mit transparenter Opp-Tasche,\u00a0\u00a0<\/span><\/div>\n<div data-spm-anchor-id=\"a2700.pc-decorate.0.i114.51c0333312LtHT\"><span class=\"magic-17\">320 St\u00fcck\/Karton<\/span><\/div>\n<\/div>\n<\/td>\n<\/tr>\n<\/tbody>\n<\/table>\n<h3 class=\"AnswerParser_AnswerParserH3__Mpe4s\">4. Anpassungsoptionen<\/h3>\n<p><span class=\"AnswerParser_TextContainer__z_Iiv\" data-testid=\"youchat-text\">Eines der herausragenden Merkmale von Epoxy Menu NFC-Tags ist ihre Anpassungsf\u00e4higkeit. Unternehmen k\u00f6nnen ihre Logos, eindeutige Kennungen und sogar dynamische QR-Codes aufdrucken, die auf bestimmte Werbeaktionen oder Men\u00fcs verweisen. Dieser Grad der Personalisierung erh\u00f6ht nicht nur die Markensichtbarkeit, sondern bindet Kunden auch auf einzigartige Weise ein.<\/span><\/p>\n<h3 class=\"AnswerParser_AnswerParserH3__Mpe4s\">5. Anwendungen in der Hotellerie<\/h3>\n<p><span class=\"AnswerParser_TextContainer__z_Iiv\" data-testid=\"youchat-text\">Epoxy Menu NFC-Tags eignen sich perfekt f\u00fcr verschiedene Anwendungen, darunter:<\/span><\/p>\n<ul class=\"AnswerParser_AnswerParserUnorderedList__P_1FW\">\n<li class=\"AnswerParser_ListItem__XqLOV\" translate=\"yes\"><strong>Digitale Men\u00fcs<\/strong>: G\u00e4ste k\u00f6nnen auf das Men\u00fc zugreifen, indem sie einfach ihr Smartphone an das Etikett halten oder den QR-Code scannen, wodurch der Bedarf an physischen Men\u00fcs reduziert wird.<\/li>\n<li class=\"AnswerParser_ListItem__XqLOV\" translate=\"yes\"><strong>Schnelle Kaufabwicklung<\/strong>: Optimieren Sie den Zahlungsvorgang, indem Sie Zahlungslinks direkt in die NFC-Tags integrieren.<\/li>\n<li class=\"AnswerParser_ListItem__XqLOV\" translate=\"yes\"><strong>Links zu sozialen Medien<\/strong>: Ermutigen Sie Kunden, ihre Erfahrungen zu teilen, indem Sie auf Social-Media-Seiten oder Bewertungsplattformen verlinken.<\/li>\n<\/ul>\n<h3 class=\"AnswerParser_AnswerParserH3__Mpe4s\">6. Umweltauswirkungen<\/h3>\n<p><span class=\"AnswerParser_TextContainer__z_Iiv\" data-testid=\"youchat-text\">Durch die Verwendung von Epoxy Menu NFC-Tags kann der Papierm\u00fcll, der mit herk\u00f6mmlichen Men\u00fcs einhergeht, erheblich reduziert werden. Durch die Entscheidung f\u00fcr digitale L\u00f6sungen tragen Unternehmen zur \u00f6kologischen Nachhaltigkeit bei und erh\u00f6hen gleichzeitig den Kundenkomfort.<\/span><\/p>\n<h3 class=\"AnswerParser_AnswerParserH3__Mpe4s\">7. Kundenbewertungen und Feedback<\/h3>\n<p><span class=\"AnswerParser_TextContainer__z_Iiv\" data-testid=\"youchat-text\">Kunden loben die\u00a0<strong>Epoxy Men\u00fc NFC Tags<\/strong>\u00a0f\u00fcr ihre Haltbarkeit und Benutzerfreundlichkeit. Viele haben festgestellt, dass die Etiketten ihr Speiseerlebnis verbessert haben, da sie schnellen Zugriff auf Men\u00fcs erm\u00f6glichen und Wartezeiten verk\u00fcrzen. Die M\u00f6glichkeit, Men\u00fcpunkte in Echtzeit zu aktualisieren, wurde ebenfalls als wesentlicher Vorteil hervorgehoben.<\/span><\/p>\n<h3 class=\"AnswerParser_AnswerParserH3__Mpe4s\">8. H\u00e4ufig gestellte Fragen<\/h3>\n<p><span class=\"AnswerParser_TextContainer__z_Iiv\" data-testid=\"youchat-text\"><strong>F: Wie installiere ich die Epoxy Menu NFC-Tags?<\/strong><br \/>\nA: Ziehen Sie einfach die Schutzfolie des 3M-Klebers ab und kleben Sie das Etikett auf eine saubere, trockene Oberfl\u00e4che. Stellen Sie sicher, dass es so platziert wird, dass Kunden leicht darauf zugreifen k\u00f6nnen.<\/span><span class=\"AnswerParser_TextContainer__z_Iiv\" data-testid=\"youchat-text\"><strong>F: Kann ich die Informationen auf den NFC-Tags aktualisieren?<\/strong><br \/>\nA: Ja! Die Informationen k\u00f6nnen jederzeit aktualisiert werden, sodass Sie Ihr Men\u00fc aktuell halten k\u00f6nnen, ohne neue Tags zu ben\u00f6tigen.<\/span><span class=\"AnswerParser_TextContainer__z_Iiv\" data-testid=\"youchat-text\"><strong>F: Wie hoch ist die Mindestbestellmenge?<\/strong><br \/>\nA: Die Mindestbestellmenge betr\u00e4gt 100 St\u00fcck. Bei Bestellungen ab 500 St\u00fcck sind g\u00fcnstigere Preise m\u00f6glich.<\/span><\/p>\n<h3 class=\"AnswerParser_AnswerParserH3__Mpe4s\">9. Warum sollten Sie sich f\u00fcr Epoxy-Men\u00fc-NFC-Tags entscheiden?<\/h3>\n<p><span class=\"AnswerParser_TextContainer__z_Iiv\" data-testid=\"youchat-text\">Investieren in\u00a0<strong>Epoxy Men\u00fc NFC Tags<\/strong>\u00a0bedeutet, in eine Zukunft zu investieren, in der das Kundenerlebnis im Vordergrund steht. Diese Tags steigern nicht nur die Betriebseffizienz, sondern verleihen auch traditionellen Speiseerlebnissen eine moderne Note. Mit ihren robusten Funktionen und anpassbaren Optionen sind sie ein unverzichtbares Werkzeug f\u00fcr jedes Unternehmen, das auf dem wettbewerbsintensiven Gastronomiemarkt die Nase vorn behalten m\u00f6chte.<\/span><\/p>\n<h3 class=\"AnswerParser_AnswerParserH3__Mpe4s\">10. Beginnen Sie noch heute!<\/h3>\n<p><span class=\"AnswerParser_TextContainer__z_Iiv\" data-testid=\"youchat-text\">Bereit, Ihr kulinarisches Erlebnis zu verbessern?\u00a0<strong>Kontaktieren Sie uns noch heute<\/strong>\u00a0um ein kostenloses Muster unserer Epoxy Menu NFC-Tags anzufordern und den Unterschied selbst zu erleben. Mit unserem Engagement f\u00fcr Qualit\u00e4t und Kundenzufriedenheit sind wir hier, um Sie bei jedem Schritt zu unterst\u00fctzen.<\/span><\/p>","protected":false},"excerpt":{"rendered":"<p>Bringen Sie mit Epoxy Menu NFC-Tags frischen Wind in Ihr Restaurantgesch\u00e4ft! Erm\u00f6glichen Sie schnellen Men\u00fczugriff und Bestellungen \u00fcber Smartphones, verbessern Sie das G\u00e4steerlebnis und optimieren Sie den Restaurantbetrieb.<\/p>","protected":false},"featured_media":2800,"template":"","meta":{"_kad_post_transparent":"default","_kad_post_title":"","_kad_post_layout":"default","_kad_post_sidebar_id":"","_kad_post_content_style":"default","_kad_post_vertical_padding":"default","_kad_post_feature":"","_kad_post_feature_position":"","_kad_post_header":false,"_kad_post_footer":false,"_kad_post_classname":""},"product_brand":[],"product_cat":[54],"product_tag":[277,333,217,332,331],"class_list":{"0":"post-2742","1":"product","2":"type-product","3":"status-publish","4":"has-post-thumbnail","6":"product_cat-hot-selling-rfid-tags","7":"product_tag-menu-nfc-tags","8":"product_tag-nfc-epoxy-sticker","9":"product_tag-nfc-tags","10":"product_tag-restaurant-desk-nfc-menu-tag","11":"product_tag-table-nfc-tags","13":"first","14":"instock","15":"shipping-taxable","16":"product-type-simple","17":"entry","18":"content-bg","19":"loop-entry"},"_links":{"self":[{"href":"https:\/\/rfid-laundry-tag.com\/de\/wp-json\/wp\/v2\/product\/2742","targetHints":{"allow":["GET"]}}],"collection":[{"href":"https:\/\/rfid-laundry-tag.com\/de\/wp-json\/wp\/v2\/product"}],"about":[{"href":"https:\/\/rfid-laundry-tag.com\/de\/wp-json\/wp\/v2\/types\/product"}],"version-history":[{"count":1,"href":"https:\/\/rfid-laundry-tag.com\/de\/wp-json\/wp\/v2\/product\/2742\/revisions"}],"predecessor-version":[{"id":2801,"href":"https:\/\/rfid-laundry-tag.com\/de\/wp-json\/wp\/v2\/product\/2742\/revisions\/2801"}],"wp:featuredmedia":[{"embeddable":true,"href":"https:\/\/rfid-laundry-tag.com\/de\/wp-json\/wp\/v2\/media\/2800"}],"wp:attachment":[{"href":"https:\/\/rfid-laundry-tag.com\/de\/wp-json\/wp\/v2\/media?parent=2742"}],"wp:term":[{"taxonomy":"product_brand","embeddable":true,"href":"https:\/\/rfid-laundry-tag.com\/de\/wp-json\/wp\/v2\/product_brand?post=2742"},{"taxonomy":"product_cat","embeddable":true,"href":"https:\/\/rfid-laundry-tag.com\/de\/wp-json\/wp\/v2\/product_cat?post=2742"},{"taxonomy":"product_tag","embeddable":true,"href":"https:\/\/rfid-laundry-tag.com\/de\/wp-json\/wp\/v2\/product_tag?post=2742"}],"curies":[{"name":"wp","href":"https:\/\/api.w.org\/{rel}","templated":true}]}}