{"id":268,"date":"2024-06-21T15:32:44","date_gmt":"2024-06-21T15:32:44","guid":{"rendered":"https:\/\/rfid-laundry-tag.com\/?post_type=product&#038;p=268"},"modified":"2024-06-28T10:04:38","modified_gmt":"2024-06-28T10:04:38","slug":"uhf-rfid-label-alien-h9","status":"publish","type":"product","link":"https:\/\/rfid-laundry-tag.com\/de\/uhf-rfid-label-alien-h9\/","title":{"rendered":"UHF-RFID-Etikett Alien H9"},"content":{"rendered":"<h2>UHF-RFID-Etikett Alien H9<\/h2>\n<p><span style=\"font-family: inherit; font-size: 24px; font-weight: bold;\">UHF-RFID-Etikett zur Bestandsverfolgung<\/span><\/p>\n<div class=\"J_module\">\n<div class=\"ife-detail-decorate-table\">\n<table class=\"all magic-10\">\n<tbody>\n<tr>\n<td colspan=\"1\" rowspan=\"1\">\n<div class=\"magic-11\">Chip<\/div>\n<\/td>\n<td colspan=\"1\" rowspan=\"1\">\n<div class=\"magic-12\">Au\u00dferirdischer H9<\/div>\n<\/td>\n<\/tr>\n<tr>\n<td colspan=\"1\" rowspan=\"1\">\n<div class=\"magic-11\">Frequenz<\/div>\n<\/td>\n<td colspan=\"1\" rowspan=\"1\">\n<div class=\"magic-12\">860\uff5e960MHz<\/div>\n<\/td>\n<\/tr>\n<tr>\n<td colspan=\"1\" rowspan=\"1\">\n<div class=\"magic-11\">Material<\/div>\n<\/td>\n<td colspan=\"1\" rowspan=\"1\">\n<div class=\"magic-12\">Beschichtetes Papier\/PET\/Synthetisches Papier\/Thermopapier\/Anpassung<\/div>\n<\/td>\n<\/tr>\n<tr>\n<td colspan=\"1\" rowspan=\"1\">\n<div class=\"magic-11\">Arbeitsweise<\/div>\n<\/td>\n<td colspan=\"1\" rowspan=\"1\">\n<div class=\"magic-12\">Passiv<\/div>\n<\/td>\n<\/tr>\n<tr>\n<td colspan=\"1\" rowspan=\"1\">\n<div class=\"magic-11\">IC Leben<\/div>\n<\/td>\n<td colspan=\"1\" rowspan=\"1\">\n<div class=\"magic-12\">100.000 Programmierzyklen, 10 Jahre Datenerhaltung<\/div>\n<\/td>\n<\/tr>\n<tr>\n<td colspan=\"1\" rowspan=\"1\">\n<div class=\"magic-11\">Betriebstemperatur\/Luftfeuchtigkeit<\/div>\n<\/td>\n<td colspan=\"1\" rowspan=\"1\">\n<div class=\"magic-12\">-25 bis 50 \u00b0C\/201 TP3T bis 801 TP3T relative Luftfeuchtigkeit<\/div>\n<\/td>\n<\/tr>\n<tr>\n<td colspan=\"1\" rowspan=\"1\">\n<div class=\"magic-11\">Lagertemperatur\/Luftfeuchtigkeit<\/div>\n<\/td>\n<td colspan=\"1\" rowspan=\"1\">\n<div class=\"magic-12\">+23 \u00b0C \u00b1 5 \u00b0C\/50% \u00b1 10% RH (ohne Kondensation).<\/div>\n<\/td>\n<\/tr>\n<tr>\n<td colspan=\"1\" rowspan=\"1\">\n<div class=\"magic-11\">Antenne<\/div>\n<\/td>\n<td colspan=\"1\" rowspan=\"1\">\n<div class=\"magic-12\">Aluminium-\u00c4tzung, 94,8 x 8,1 mm<\/div>\n<\/td>\n<\/tr>\n<tr>\n<td colspan=\"1\" rowspan=\"1\">\n<div class=\"magic-11\">Nasseinlage\/Etikettengr\u00f6\u00dfe<\/div>\n<\/td>\n<td colspan=\"1\" rowspan=\"1\">\n<div class=\"magic-12\">98*15mm oder Anpassung<\/div>\n<\/td>\n<\/tr>\n<tr>\n<td colspan=\"1\" rowspan=\"1\">\n<div class=\"magic-11\">Drucken<\/div>\n<\/td>\n<td colspan=\"1\" rowspan=\"1\">\n<div class=\"magic-12\">Vollfarbdruck, Logo, Barcode, QR-Code usw.<\/div>\n<\/td>\n<\/tr>\n<tr>\n<td colspan=\"1\" rowspan=\"1\">\n<div class=\"magic-11\">Probe<\/div>\n<\/td>\n<td colspan=\"1\" rowspan=\"1\">\n<div class=\"magic-12\">Eine Probe ist f\u00fcr Ihren Qualit\u00e4tstest kostenlos<\/div>\n<\/td>\n<\/tr>\n<tr>\n<td colspan=\"1\" rowspan=\"1\">\n<div class=\"magic-11\">Protokoll<\/div>\n<\/td>\n<td colspan=\"1\" rowspan=\"1\">\n<div class=\"magic-12\">ISO\/IEC 18000-6C EPC Klasse 1 Gen2<\/div>\n<\/td>\n<\/tr>\n<tr>\n<td colspan=\"1\" rowspan=\"1\">\n<div class=\"magic-11\">Verpackung<\/div>\n<\/td>\n<td colspan=\"1\" rowspan=\"1\">\n<div class=\"magic-12\">1000-5000 St\u00fcck\/Rolle, 4 Rollen\/Karton<\/div>\n<\/td>\n<\/tr>\n<tr>\n<td colspan=\"1\" rowspan=\"1\">\n<div class=\"magic-11\">Herkunftsort<\/div>\n<\/td>\n<td colspan=\"1\" rowspan=\"1\">\n<div class=\"magic-12\">Chengdu, China<\/div>\n<\/td>\n<\/tr>\n<tr>\n<td colspan=\"1\" rowspan=\"4\">\n<div class=\"magic-11\">Anwendung\/L\u00f6sung<\/div>\n<\/td>\n<td colspan=\"1\" rowspan=\"1\">\n<div class=\"magic-12\">Sichere Zutrittskontrolle\/Bargeldloses Bezahlen Mitgliedschafts- und Treueprogramme<\/div>\n<\/td>\n<\/tr>\n<tr>\n<td colspan=\"1\" rowspan=\"1\">\n<div class=\"magic-12\" data-spm-anchor-id=\"a2700.details.0.i80.59c943e8HVzkHD\">Eventzugang und Branding\/Social Media\/Einzelhandel<\/div>\n<\/td>\n<\/tr>\n<tr>\n<td colspan=\"1\" rowspan=\"1\">\n<div class=\"magic-12\">Umwelt\/Spiele &amp; Spielzeug Standort\/Elektronik\/Messen<\/div>\n<\/td>\n<\/tr>\n<tr>\n<td colspan=\"1\" rowspan=\"1\">\n<div class=\"magic-12\">Events\/Anrufanfrage\/Visitenkarten<\/div>\n<\/td>\n<\/tr>\n<\/tbody>\n<\/table>\n<p>&nbsp;<\/p>\n<\/div>\n<\/div>\n<div class=\"J_module\">\n<div><\/div>\n<div class=\"auto-hide-last-sibling-br paragraph_9dc5f paragraph-element\">UHF-RFID-Etiketten (Ultra High Frequency Radio Frequency Identification Labels) sind in der Tat vielseitige Werkzeuge mit umfangreichen Anwendungsm\u00f6glichkeiten in verschiedenen Sektoren.<\/div>\n<div class=\"auto-hide-last-sibling-br paragraph_9dc5f paragraph-element\">Identifizierung: Auf diesen Etiketten k\u00f6nnen problemlos pers\u00f6nliche Daten gespeichert werden, was bei der Identit\u00e4ts\u00fcberpr\u00fcfung n\u00fctzlich ist. Daher sind sie eine zuverl\u00e4ssige Wahl f\u00fcr verschiedene Institutionen, die sichere und effiziente Identifizierungsmethoden ben\u00f6tigen.<\/div>\n<div><\/div>\n<div class=\"auto-hide-last-sibling-br paragraph_9dc5f paragraph-element\">\u00d6ffentliche Verkehrsmittel und Veranstaltungstickets: UHF-RFID-Etiketten werden h\u00e4ufig in automatisierten Ticketsystemen wie U-Bahn- oder Busfahrkarten sowie im Veranstaltungsticketbereich verwendet, wo sie einen schnellen und effizienten Zutritt erm\u00f6glichen.<\/div>\n<div><\/div>\n<div class=\"auto-hide-last-sibling-br paragraph_9dc5f paragraph-element\">Elektronische Mauterhebung: Der Einsatz von UHF-RFID-Etiketten erm\u00f6glicht hier eine schnelle Mautzahlung, ohne dass die Fahrzeuge anhalten m\u00fcssen, was den Verkehr deutlich reduziert und den Benutzerkomfort erh\u00f6ht.<\/div>\n<div><\/div>\n<div class=\"auto-hide-last-sibling-br paragraph_9dc5f paragraph-element\">Anlagenverwaltung: Die Etiketten k\u00f6nnen an Anlagen angebracht werden und erm\u00f6glichen so die Verfolgung, Ortung und Aktualisierung von Informationen in Echtzeit. Dies verbessert die Bestandsverwaltung und verringert Verlust oder Diebstahl.<\/div>\n<div><\/div>\n<div class=\"auto-hide-last-sibling-br paragraph_9dc5f paragraph-element\">Bibliotheken und Verleih: Sie werden zur Nachverfolgung von B\u00fcchern oder anderen Artikeln verwendet, die in eine Bibliothek ein- und ausgehen, wodurch der Ausleih- und R\u00fcckgabeprozess effizienter wird. Sie k\u00f6nnen auch in Verleihdiensten zur besseren Verwaltung gemieteter Artikel eingesetzt werden.<\/div>\n<div><\/div>\n<div class=\"auto-hide-last-sibling-br paragraph_9dc5f paragraph-element\">Treuesystem: UHF-RFID-Etiketten k\u00f6nnen in Treue- oder Pr\u00e4mienkarten f\u00fcr Unternehmen verwendet werden, verbessern die Kundenbindung und bieten ein gro\u00dfartiges Benutzererlebnis.<\/div>\n<div><\/div>\n<div class=\"auto-hide-last-sibling-br paragraph_9dc5f paragraph-element\">Zugangskontrollverwaltung: An Orten, an denen ein sicherer Zugang erforderlich ist, wie etwa in B\u00fcros, Wohngebieten oder bestimmten \u00f6ffentlichen Bereichen, k\u00f6nnen diese Tags f\u00fcr eine effiziente Zugangskontrolle verwendet werden und so f\u00fcr zus\u00e4tzliche Sicherheit sorgen.<\/div>\n<div><\/div>\n<div class=\"auto-hide-last-sibling-br paragraph_9dc5f paragraph-element\">Dar\u00fcber hinaus k\u00f6nnen unsere individuellen Programmier- und Kodierungsdienste den speziellen Anforderungen des Kunden gerecht werden, sodass UHF-RFID-Etiketten f\u00fcr viele Unternehmen und Dienste eine \u00e4u\u00dferst kosteng\u00fcnstige und praktische L\u00f6sung darstellen.<\/div>\n<div><\/div>\n<\/div>\n<div><\/div>\n<div><strong>Warum uns w\u00e4hlen?<\/strong><\/div>\n<div><\/div>\n<div>Wir sind der f\u00fchrende Anbieter von RFID-Technologie mit \u00fcber 11 Jahren Erfahrung und bringen mit branchenf\u00fchrenden Produkten, L\u00f6sungen und Technologien fortschrittliche Effizienz, Zuverl\u00e4ssigkeit und Genauigkeit in die globalen Lieferketten unserer Kunden. Als Hersteller auf globaler Ebene bieten wir unseren Kunden eine Plattform mit grundlegenden Technologien, darunter Zugangskontrolle, Tierkennzeichnung, Near Field Communication (NFC), verschiedene RFID-Leseger\u00e4te und -L\u00f6sungen. Unsere L\u00f6sungen bieten hochkonfigurierbare Anwendungsframeworks und elegante Benutzeroberfl\u00e4chen mit fortschrittlicher Analyse, die durchg\u00e4ngige Business Intelligence und Datentransparenz in mehreren Branchen erm\u00f6glichen.<\/div>","protected":false},"excerpt":{"rendered":"<p>UHF-RFID-Etiketten k\u00f6nnen vielf\u00e4ltig eingesetzt werden in den Bereichen Identifikation, \u00f6ffentlicher Nahverkehr, Ticketverkauf, elektronische Mauterhebung, Verm\u00f6gensverwaltung, Bibliotheken und Vermietung, Treuesysteme und Zugangskontrollverwaltung usw. Wir bieten Programmier- und Kodierungsdienste an, die genau auf die Programmier- oder Kodierungsanforderungen des Kunden zugeschnitten sind.<\/p>","protected":false},"featured_media":270,"template":"","meta":{"_kad_post_transparent":"default","_kad_post_title":"","_kad_post_layout":"default","_kad_post_sidebar_id":"","_kad_post_content_style":"default","_kad_post_vertical_padding":"default","_kad_post_feature":"","_kad_post_feature_position":"","_kad_post_header":false,"_kad_post_footer":false,"_kad_post_classname":""},"product_brand":[],"product_cat":[54],"product_tag":[102,100,98],"class_list":{"0":"post-268","1":"product","2":"type-product","3":"status-publish","4":"has-post-thumbnail","6":"product_cat-hot-selling-rfid-tags","7":"product_tag-paper-uhf-rfid-sticker","8":"product_tag-rfid-label","9":"product_tag-uhf-rfid-label","11":"first","12":"instock","13":"shipping-taxable","14":"product-type-simple","15":"entry","16":"content-bg","17":"loop-entry"},"_links":{"self":[{"href":"https:\/\/rfid-laundry-tag.com\/de\/wp-json\/wp\/v2\/product\/268","targetHints":{"allow":["GET"]}}],"collection":[{"href":"https:\/\/rfid-laundry-tag.com\/de\/wp-json\/wp\/v2\/product"}],"about":[{"href":"https:\/\/rfid-laundry-tag.com\/de\/wp-json\/wp\/v2\/types\/product"}],"version-history":[{"count":0,"href":"https:\/\/rfid-laundry-tag.com\/de\/wp-json\/wp\/v2\/product\/268\/revisions"}],"wp:featuredmedia":[{"embeddable":true,"href":"https:\/\/rfid-laundry-tag.com\/de\/wp-json\/wp\/v2\/media\/270"}],"wp:attachment":[{"href":"https:\/\/rfid-laundry-tag.com\/de\/wp-json\/wp\/v2\/media?parent=268"}],"wp:term":[{"taxonomy":"product_brand","embeddable":true,"href":"https:\/\/rfid-laundry-tag.com\/de\/wp-json\/wp\/v2\/product_brand?post=268"},{"taxonomy":"product_cat","embeddable":true,"href":"https:\/\/rfid-laundry-tag.com\/de\/wp-json\/wp\/v2\/product_cat?post=268"},{"taxonomy":"product_tag","embeddable":true,"href":"https:\/\/rfid-laundry-tag.com\/de\/wp-json\/wp\/v2\/product_tag?post=268"}],"curies":[{"name":"wp","href":"https:\/\/api.w.org\/{rel}","templated":true}]}}