{"id":2641,"date":"2024-09-22T15:06:11","date_gmt":"2024-09-22T15:06:11","guid":{"rendered":"https:\/\/rfid-laundry-tag.com\/?post_type=product&#038;p=2641"},"modified":"2024-09-22T15:36:05","modified_gmt":"2024-09-22T15:36:05","slug":"on-heavy-duty-nfc-tag-for-patrol","status":"publish","type":"product","link":"https:\/\/rfid-laundry-tag.com\/de\/on-heavy-duty-nfc-tag-for-patrol\/","title":{"rendered":"\u00dcber Heavy Duty NFC Tag f\u00fcr Patrol"},"content":{"rendered":"<p>Ein effizientes Patrouillenmanagement ist f\u00fcr die Sicherheit und den effizienten Betrieb in verschiedenen Branchen wie Geb\u00e4uden, Fabriken und Lagerhallen von entscheidender Bedeutung. Die\u00a0<strong>\u00dcber Heavy Duty NFC Tag f\u00fcr Patrol<\/strong>\u00a0wurde entwickelt, um die \u00dcberwachungsprozesse des Streifenpersonals zu verbessern und umfassende Aufzeichnungen und beispiellose Rechenschaftspflicht zu gew\u00e4hrleisten. Diese innovative Technologie vereinfacht nicht nur die Verfolgung von Streifen, sondern schafft auch eine Umgebung, die Sicherheit und betriebliche Effizienz f\u00f6rdert.<\/p>\n<h2>\u00a0Einf\u00fchrung in On Heavy Duty NFC-Tags<\/h2>\n<p>In einer Umgebung, die st\u00e4ndig Verantwortlichkeit und Pr\u00e4zision verlangt,\u00a0<strong>\u00dcber Heavy Duty NFC-Tags<\/strong>\u00a0bieten eine zuverl\u00e4ssige L\u00f6sung f\u00fcr das Patrouillenmanagement. Mit diesen Tags k\u00f6nnen Manager und Leiter die Patrouillenaktivit\u00e4ten im Auge behalten und sicherstellen, dass jeder Schritt genau \u00fcberwacht und protokolliert wird. Durch die Nutzung\u00a0<strong>Metall NFC<\/strong>\u00a0Diese Etiketten wurden mit der neuen 3D-Technologie entwickelt und sind f\u00fcr die Haftung auf Oberfl\u00e4chen in den anspruchsvollsten Umgebungen konzipiert.<\/p>\n<p>Der\u00a0<strong>NFC-Tag<\/strong>\u00a0bedient mehrere Branchen und hilft, die L\u00fccke zwischen manuellen Tracking-Systemen und automatisierten, effizienten \u00dcberwachungsprozessen zu schlie\u00dfen. Durch die Integration dieser fortschrittlichen Technologie in Ihre Sicherheitsabl\u00e4ufe k\u00f6nnen Sie ein beispielloses Ma\u00df an Service und Effizienz erwarten.<\/p>\n<h2>Hauptmerkmale von NFC-Tags<\/h2>\n<p><strong>\u00dcber Heavy Duty NFC-Tags<\/strong>\u00a0verf\u00fcgen \u00fcber mehrere wesentliche Merkmale, die sie auf dem Markt hervorstechen lassen:<\/p>\n<ul>\n<li><strong>Langlebige Konstruktion:<\/strong>\u00a0Diese Tags sind f\u00fcr den Dauereinsatz konzipiert, halten rauen Bedingungen stand und k\u00f6nnen an jeder Metalloberfl\u00e4che angebracht werden. Ihr robustes Design ist verschlei\u00dffest und gew\u00e4hrleistet eine lang anhaltende Leistung.<\/li>\n<li><strong>Fortschrittliche NTAG-Technologie:<\/strong>\u00a0Die Eingliederung der\u00a0<strong>ntag213<\/strong>\u00a0Chip garantiert schnelle Daten\u00fcbertragungsraten und effizienten Betrieb. Mit einer Speicherkapazit\u00e4t von 180 Bytes ist der Tag in der Lage, die notwendigen Daten f\u00fcr eine effiziente Nachverfolgung zu speichern.<\/li>\n<li><strong>Kompatibilit\u00e4t mit Metalloberfl\u00e4chen:<\/strong>\u00a0Der\u00a0<strong>Anti-Metall<\/strong>\u00a0Dank dieser Funktion funktionieren diese Tags auch auf metallischen Oberfl\u00e4chen effektiv und gew\u00e4hrleisten so Zuverl\u00e4ssigkeit in verschiedenen Betriebsumgebungen.<\/li>\n<\/ul>\n<h2>Vorteile der Verwendung von NFC-Tags im Streifendienst<\/h2>\n<p>Umsetzung\u00a0<strong>NFC<\/strong>\u00a0Technologie im Streifendienst bringt zahlreiche Vorteile:<\/p>\n<ul>\n<li><strong>Echtzeit-Tracking:<\/strong>\u00a0Manager k\u00f6nnen Patrouillenrouten und -zeiten in Echtzeit verfolgen, was erheblich zur Verbesserung der Sicherheitsprotokolle beitr\u00e4gt und gew\u00e4hrleistet, dass jede Patrouille wie geplant durchgef\u00fchrt wird.<\/li>\n<li><strong>Effiziente Datenhaltung:<\/strong>\u00a0Der\u00a0<strong>NFC-Tag<\/strong>\u00a0erm\u00f6glicht die einfache Protokollierung von Patrouillenaktivit\u00e4ten und tr\u00e4gt so dazu bei, menschliche Fehler zu minimieren und die mit der Berichterstattung verbundenen Verwaltungsaufgaben zu rationalisieren.<\/li>\n<\/ul>\n<p>Investieren in\u00a0<strong>NFC auf Metall<\/strong>\u00a0Tags f\u00fchren zu einer besseren Ressourcenverwaltung und verbesserten Sicherheitsma\u00dfnahmen.<\/p>\n<h2>So installieren Sie NFC-Tags<\/h2>\n<p>Installieren der\u00a0<strong>\u00dcber Heavy Duty NFC-Tags<\/strong>\u00a0ist unkompliziert. So geht&#039;s:<\/p>\n<ol>\n<li><strong>Oberfl\u00e4chenvorbereitung:<\/strong>\u00a0Stellen Sie sicher, dass die gew\u00e4hlte Metalloberfl\u00e4che sauber und frei von Staub oder Feuchtigkeit ist, um einen starken Klebehalt zu erreichen.<\/li>\n<li><strong>Positionierung des Tags:<\/strong>\u00a0Bestimmen Sie den optimalen Ort f\u00fcr das Tag. Verwenden Sie ein\u00a0<strong>Schraubenloch<\/strong>\u00a0wenn n\u00f6tig f\u00fcr eine dauerhaftere L\u00f6sung, oder nutzen Sie die selbstklebende R\u00fcckseite f\u00fcr eine einfache Anwendung.<\/li>\n<li><strong>Testen des Tags:<\/strong>\u00a0Nach der Anwendung unbedingt die Lesereichweite und Funktionalit\u00e4t \u00fcberpr\u00fcfen, um einen ordnungsgem\u00e4\u00dfen Betrieb zu gew\u00e4hrleisten.<\/li>\n<\/ol>\n<p>Eine ordnungsgem\u00e4\u00dfe Installation gew\u00e4hrleistet eine lange Lebensdauer und verbessert die Effizienz Ihres Patrouillenmanagementsystems.<\/p>\n<p><img fetchpriority=\"high\" decoding=\"async\" class=\"alignnone wp-image-2646\" src=\"https:\/\/rfid-laundry-tag.com\/wp-content\/uploads\/2024\/09\/7_H17fee47b9eae43d5a80c5a2bc6771f13t-300x300.jpg\" alt=\"NFC-TAGS\" width=\"489\" height=\"489\" srcset=\"https:\/\/rfid-laundry-tag.com\/wp-content\/uploads\/2024\/09\/7_H17fee47b9eae43d5a80c5a2bc6771f13t-300x300.jpg 300w, https:\/\/rfid-laundry-tag.com\/wp-content\/uploads\/2024\/09\/7_H17fee47b9eae43d5a80c5a2bc6771f13t-150x150.jpg 150w, https:\/\/rfid-laundry-tag.com\/wp-content\/uploads\/2024\/09\/7_H17fee47b9eae43d5a80c5a2bc6771f13t-768x768.jpg 768w, https:\/\/rfid-laundry-tag.com\/wp-content\/uploads\/2024\/09\/7_H17fee47b9eae43d5a80c5a2bc6771f13t-12x12.jpg 12w, https:\/\/rfid-laundry-tag.com\/wp-content\/uploads\/2024\/09\/7_H17fee47b9eae43d5a80c5a2bc6771f13t-600x600.jpg 600w, https:\/\/rfid-laundry-tag.com\/wp-content\/uploads\/2024\/09\/7_H17fee47b9eae43d5a80c5a2bc6771f13t-100x100.jpg 100w, https:\/\/rfid-laundry-tag.com\/wp-content\/uploads\/2024\/09\/7_H17fee47b9eae43d5a80c5a2bc6771f13t.jpg 1000w\" sizes=\"(max-width: 489px) 100vw, 489px\" \/><\/p>\n<h2>Technische Daten der On Heavy Duty NFC-Tags<\/h2>\n<p>Nachfolgend finden Sie die wichtigen technischen Daten f\u00fcr das\u00a0<strong>\u00dcber Heavy Duty NFC-Tags<\/strong>:<\/p>\n<div>\n<div class=\"overflow-x-auto custom-scrollbar custom-scrollbar-wide mb-2\">\n<table class=\"w-fit !mb-2 !max-w-none\">\n<thead>\n<tr>\n<th style=\"text-align: left;\">Besonderheit<\/th>\n<th style=\"text-align: left;\">Spezifikation<\/th>\n<\/tr>\n<\/thead>\n<tbody>\n<tr>\n<td>Gr\u00f6\u00dfe<\/td>\n<td>25 mm, 30 mm<\/td>\n<\/tr>\n<tr>\n<td>Chip<\/td>\n<td>NTAG213<\/td>\n<\/tr>\n<tr>\n<td>Frequenz<\/td>\n<td>13,56 MHz<\/td>\n<\/tr>\n<tr>\n<td>Protokoll<\/td>\n<td>ISO\/IEC 14443A<\/td>\n<\/tr>\n<tr>\n<td>Erinnerung<\/td>\n<td>180 Byte<\/td>\n<\/tr>\n<tr>\n<td>Betriebstemperatur<\/td>\n<td>-20 bis 65 Grad C<\/td>\n<\/tr>\n<tr>\n<td>Vorlaufzeit<\/td>\n<td>7 Arbeitstage<\/td>\n<\/tr>\n<tr>\n<td>Datenaufbewahrung<\/td>\n<td>\u226510 Jahre<\/td>\n<\/tr>\n<tr>\n<td>Lesebereich<\/td>\n<td>0-10 cm<\/td>\n<\/tr>\n<\/tbody>\n<\/table>\n<\/div>\n<\/div>\n<p>Das Verst\u00e4ndnis dieser Spezifikationen hilft Benutzern dabei, das beste Tag f\u00fcr ihre spezifischen Anforderungen zu bestimmen.<\/p>\n<h2>Umweltauswirkungen von NFC-Tags<\/h2>\n<p>Die Umweltauswirkungen der Verwendung\u00a0<strong>NFC-Technologie<\/strong>\u00a0ist ein wachsendes Problem. Gl\u00fccklicherweise werden diese Tags unter Ber\u00fccksichtigung nachhaltiger Praktiken entwickelt:<\/p>\n<ul>\n<li><strong>Verwendete Materialien:<\/strong>\u00a0Die bei der Herstellung verwendeten Materialien\u00a0<strong>Metall NFC<\/strong>\u00a0Etiketten werden aufgrund ihrer Langlebigkeit und Recyclingf\u00e4higkeit ausgew\u00e4hlt.<\/li>\n<li><strong>Weniger Abfall:<\/strong>\u00a0Durch den Verzicht auf Papierprotokolle und manuelle Datenerfassung k\u00f6nnen Unternehmen ihren Papierm\u00fcll deutlich reduzieren.<\/li>\n<\/ul>\n<p>Umarmen\u00a0<strong>NFC-Tags<\/strong>\u00a0verbessert nicht nur die Sicherheit, sondern entspricht auch umweltfreundlichen Betriebspraktiken.<\/p>\n<h3>Kundenerfahrungen und Bewertungen<\/h3>\n<p>Reale Anwendungen der\u00a0<strong>NFC-Tag<\/strong>\u00a0k\u00f6nnen Kaufentscheidungen beeinflussen. Hier gehen wir auf Kundenberichte und -erfahrungen ein.<\/p>\n<h2>H\u00e4ufig gestellte Fragen zu On Heavy Duty NFC-Tags<\/h2>\n<p><strong>F: K\u00f6nnen diese NFC-Tags bei sehr hei\u00dfen oder kalten Bedingungen verwendet werden?<\/strong><br \/>\nA: Ja, der Betriebstemperaturbereich von -20 bis 65 Grad Celsius macht sie f\u00fcr verschiedene Umgebungen geeignet.<\/p>\n<p><strong>F: Wie lange bleiben die Daten auf dem Tag erhalten?<\/strong><br \/>\nA: Die Datenaufbewahrungsfrist betr\u00e4gt mindestens 10 Jahre, um eine langfristige Zuverl\u00e4ssigkeit zu gew\u00e4hrleisten.<\/p>\n<p>Wenn Sie weitere Fragen haben, k\u00f6nnen Sie sich gerne an uns wenden, um eine Kl\u00e4rung zu erhalten.<\/p>\n<p>Zusammenfassend l\u00e4sst sich sagen,\u00a0<strong>\u00dcber Heavy Duty NFC-Tags f\u00fcr Patrouillen<\/strong>\u00a0sind ein unverzichtbares Werkzeug f\u00fcr moderne Organisationen, die ihre Sicherheits- und Verwaltungspraktiken verbessern m\u00f6chten. Dank ihrer fortschrittlichen Technologie, Haltbarkeit und Anpassungsf\u00e4higkeit sorgen diese Tags f\u00fcr erhebliche betriebliche Verbesserungen.<\/p>","protected":false},"excerpt":{"rendered":"<p>Steigern Sie die Effizienz Ihrer Patrouillen mit unserem On Heavy Duty NFC-Tag, der f\u00fcr Metalloberfl\u00e4chen entwickelt wurde. Langlebig, zuverl\u00e4ssig und perfekt f\u00fcr ein optimiertes Sicherheitsmanagement.<\/p>","protected":false},"featured_media":2642,"template":"","meta":{"_kad_post_transparent":"default","_kad_post_title":"","_kad_post_layout":"default","_kad_post_sidebar_id":"","_kad_post_content_style":"default","_kad_post_vertical_padding":"default","_kad_post_feature":"","_kad_post_feature_position":"","_kad_post_header":false,"_kad_post_footer":false,"_kad_post_classname":""},"product_brand":[],"product_cat":[54],"product_tag":[305,216,290],"class_list":{"0":"post-2641","1":"product","2":"type-product","3":"status-publish","4":"has-post-thumbnail","6":"product_cat-hot-selling-rfid-tags","7":"product_tag-heavy-duty-nfc-tags","8":"product_tag-nfc-patrol-tag","9":"product_tag-nfc-tag","11":"first","12":"instock","13":"shipping-taxable","14":"product-type-simple","15":"entry","16":"content-bg","17":"loop-entry"},"_links":{"self":[{"href":"https:\/\/rfid-laundry-tag.com\/de\/wp-json\/wp\/v2\/product\/2641","targetHints":{"allow":["GET"]}}],"collection":[{"href":"https:\/\/rfid-laundry-tag.com\/de\/wp-json\/wp\/v2\/product"}],"about":[{"href":"https:\/\/rfid-laundry-tag.com\/de\/wp-json\/wp\/v2\/types\/product"}],"version-history":[{"count":1,"href":"https:\/\/rfid-laundry-tag.com\/de\/wp-json\/wp\/v2\/product\/2641\/revisions"}],"predecessor-version":[{"id":2647,"href":"https:\/\/rfid-laundry-tag.com\/de\/wp-json\/wp\/v2\/product\/2641\/revisions\/2647"}],"wp:featuredmedia":[{"embeddable":true,"href":"https:\/\/rfid-laundry-tag.com\/de\/wp-json\/wp\/v2\/media\/2642"}],"wp:attachment":[{"href":"https:\/\/rfid-laundry-tag.com\/de\/wp-json\/wp\/v2\/media?parent=2641"}],"wp:term":[{"taxonomy":"product_brand","embeddable":true,"href":"https:\/\/rfid-laundry-tag.com\/de\/wp-json\/wp\/v2\/product_brand?post=2641"},{"taxonomy":"product_cat","embeddable":true,"href":"https:\/\/rfid-laundry-tag.com\/de\/wp-json\/wp\/v2\/product_cat?post=2641"},{"taxonomy":"product_tag","embeddable":true,"href":"https:\/\/rfid-laundry-tag.com\/de\/wp-json\/wp\/v2\/product_tag?post=2641"}],"curies":[{"name":"wp","href":"https:\/\/api.w.org\/{rel}","templated":true}]}}