{"id":2638,"date":"2024-09-22T14:53:50","date_gmt":"2024-09-22T14:53:50","guid":{"rendered":"https:\/\/rfid-laundry-tag.com\/?post_type=product&#038;p=2638"},"modified":"2024-09-22T14:53:51","modified_gmt":"2024-09-22T14:53:51","slug":"on-metal-nfc-screw-tag-for-checkpoint-security","status":"publish","type":"product","link":"https:\/\/rfid-laundry-tag.com\/de\/on-metal-nfc-screw-tag-for-checkpoint-security\/","title":{"rendered":"On-Metal NFC-Schraubetikett f\u00fcr Checkpoint-Sicherheit"},"content":{"rendered":"<p><strong>On-Metal NFC-Schraubetikett f\u00fcr Checkpoint-Sicherheit:<\/strong>\u00a0Sorgen Sie mit unserem langlebigen On-Metal NFC-Schraubetikett f\u00fcr robuste Kontrollpunktsicherheit. Es ist mit NTAG213 f\u00fcr die zuverl\u00e4ssige Daten\u00fcbertragung auf Metalloberfl\u00e4chen ausgestattet und l\u00e4sst sich nahtlos in Ihre Sicherheitsprotokolle integrieren. Es bietet schnellen Zugriff und Echtzeit-Tracking zur Verbesserung von Sicherheit und Effizienz.<\/p>\n<h2>Merkmale des On-Metal NFC-Schraubetiketts<\/h2>\n<p>Der\u00a0<strong>On-Metal NFC-Schraubetikett<\/strong>\u00a0ist mit mehreren bemerkenswerten Funktionen ausgestattet, die es zu einer vielseitigen L\u00f6sung machen:<\/p>\n<ul>\n<li><strong>Haltbarkeit<\/strong>: Konstruiert mit einem\u00a0<strong>ABS-Schale<\/strong>\u00a0Das Etikett ist resistent gegen Staub, Wasser und chemische Korrosion und erreicht eine\u00a0<strong>IP67<\/strong>\u00a0Schutzniveau.<\/li>\n<li><strong>Hohe Leistung<\/strong>: Das Tag verwendet\u00a0<strong>NTAG213<\/strong>\u00a0Technologie f\u00fcr schnelle Lesegeschwindigkeiten mit Daten\u00fcbertragungsraten von bis zu\u00a0<strong>106 kbit\/s<\/strong>, was einen effizienten Betrieb in gesch\u00e4ftigen Umgebungen erm\u00f6glicht.<\/li>\n<li><strong>Anti-Metall-Technologie<\/strong>: Der\u00a0<strong>Anti-Metall<\/strong>\u00a0Die Funktion stellt sicher, dass das Tag auch dann einwandfrei funktioniert, wenn es auf metallischen Oberfl\u00e4chen angebracht ist, die normalerweise die NFC-Signale st\u00f6ren w\u00fcrden.<\/li>\n<\/ul>\n<p>Dank dieser Funktionen eignet sich der On-Metal NFC-Schraubenanh\u00e4nger ideal f\u00fcr Anwendungen in der Logistik, der Anwesenheitskontrolle und anderen Branchen, in denen Haltbarkeit und Leistung von gr\u00f6\u00dfter Bedeutung sind.<\/p>\n<h2>Technische Spezifikationen<\/h2>\n<div>\n<div class=\"overflow-x-auto custom-scrollbar custom-scrollbar-wide mb-2\">\n<table class=\"w-fit !mb-2 !max-w-none\">\n<thead>\n<tr>\n<th>Spezifikation<\/th>\n<th>Details<\/th>\n<\/tr>\n<\/thead>\n<tbody>\n<tr>\n<td><strong>Chip<\/strong><\/td>\n<td>NTAG213<\/td>\n<\/tr>\n<tr>\n<td><strong>Erinnerung<\/strong><\/td>\n<td>144\/504\/888\/1 KBytes<\/td>\n<\/tr>\n<tr>\n<td><strong>Protokoll<\/strong><\/td>\n<td>ISO 14443A<\/td>\n<\/tr>\n<tr>\n<td><strong>Frequenz<\/strong><\/td>\n<td>13,56 MHz<\/td>\n<\/tr>\n<tr>\n<td><strong>Farboptionen<\/strong><\/td>\n<td>Schwarz, Wei\u00df, Gelb<\/td>\n<\/tr>\n<tr>\n<td><strong>Durchmesser<\/strong><\/td>\n<td>25\/30\/35\/40\/52 mm (Sondergr\u00f6\u00dfen m\u00f6glich)<\/td>\n<\/tr>\n<tr>\n<td><strong>Dicke<\/strong><\/td>\n<td>5 mm<\/td>\n<\/tr>\n<tr>\n<td><strong>Gewicht<\/strong><\/td>\n<td>3 g<\/td>\n<\/tr>\n<tr>\n<td><strong>Betriebstemperatur<\/strong><\/td>\n<td>-25 \u00b0C bis 70 \u00b0C<\/td>\n<\/tr>\n<tr>\n<td><strong>L\u00f6schbarkeit<\/strong><\/td>\n<td>&gt; 100.000 L\u00f6schungen<\/td>\n<\/tr>\n<tr>\n<td><strong>Leseabstand<\/strong><\/td>\n<td>2-20 cm (je nach Umgebung)<\/td>\n<\/tr>\n<\/tbody>\n<\/table>\n<\/div>\n<\/div>\n<p>Ausgestattet mit diesen F\u00e4higkeiten ist der On-Metal NFC Screw Tag ein leistungsstarkes Werkzeug f\u00fcr verschiedene\u00a0<strong>NFC-Anwendungen<\/strong>.<\/p>\n<h2>Anwendungen in verschiedenen Branchen<\/h2>\n<p>Die Vielseitigkeit des On-Metal NFC-Schraubetiketts erm\u00f6glicht seinen Einsatz in zahlreichen Branchen:<\/p>\n<ul>\n<li><strong>Zugriffskontrolle<\/strong>: Einfache Verwaltung von Einstiegspunkten an sicheren Standorten durch Anbringen\u00a0<strong>NFC-Tags<\/strong>\u00a0an T\u00fcren oder Toren. Die Tags k\u00f6nnen zur nahtlosen Authentifizierung mit Benutzerprofilen verkn\u00fcpft werden.<\/li>\n<li><strong>Logistik und Bestandsverwaltung<\/strong>: Vereinfachen Sie die Sendungsverfolgung, indem Sie Etiketten an Metallbeh\u00e4ltern anbringen. Die Haltbarkeit dieser Etiketten stellt sicher, dass sie den Belastungen bei Herstellung und Versand standhalten.<\/li>\n<li><strong>\u00d6ffentliche Verkehrsmittel<\/strong>: Verbessern Sie das Benutzererlebnis durch den Einsatz von On-Metal-NFC-Tags f\u00fcr Ticketsysteme, sodass Fahrg\u00e4ste einfach ihren Status \u00fcberpr\u00fcfen oder ihr Konto aufladen k\u00f6nnen.<\/li>\n<\/ul>\n<p>Durch die Implementierung dieser Tags k\u00f6nnen Unternehmen ihre Abl\u00e4ufe optimieren und ihre Servicebereitstellung deutlich verbessern.<\/p>\n<h2>Vorteile der Verwendung von NTAG213, NTAG215 und NTAG216<\/h2>\n<p>Die Chips NTAG213, NTAG215 und NTAG216 von NXP Semiconductors bieten entscheidende Vorteile:<\/p>\n<ol>\n<li><strong>Segmentierung<\/strong>: Benutzer k\u00f6nnen den Speicher f\u00fcr mehrere Anwendungen segmentieren, wodurch die Tags eine flexible Funktionalit\u00e4t erhalten.<\/li>\n<li><strong>Sicherheitsfunktionen<\/strong>: Ausgestattet mit\u00a0<em><strong>ECC-basierte Originalit\u00e4tssignaturen<\/strong><\/em>\u00a0Und\u00a0<strong>Passwortschutz<\/strong>, diese Tags sch\u00fctzen die Daten vor unberechtigtem Zugriff und gew\u00e4hrleisten ihre Integrit\u00e4t.<\/li>\n<li><strong>Hohe Kapazit\u00e4t und Leistung<\/strong>: Durch die erweiterten Speicheroptionen ist es f\u00fcr Anwendungen geeignet, die einen gro\u00dfen Datenspeicher erfordern und gleichzeitig schnelle Lesefunktionen erfordern.<\/li>\n<\/ol>\n<p>Diese Vorteile erm\u00f6glichen es Unternehmen, ihre L\u00f6sungen an ihre spezifischen Betriebsanforderungen anzupassen.<\/p>\n<h2>Installations- und Gebrauchsanweisungen<\/h2>\n<p>Die Installation des On-Metal NFC-Schraubetiketts ist unkompliziert:<\/p>\n<ol>\n<li><strong>W\u00e4hle einen Standort<\/strong>: W\u00e4hlen Sie eine flache Oberfl\u00e4che auf dem Metallgegenstand, auf der das Etikett angebracht werden soll. Stellen Sie sicher, dass die\u00a0<strong>Oberfl\u00e4che<\/strong>\u00a0ist sauber und trocken.<\/li>\n<li><strong>Mit Schrauben befestigen<\/strong>: Verwenden Sie Schrauben durch die mitgelieferten\u00a0<em>Schraubenl\u00f6cher<\/em>\u00a0auf dem Etikett f\u00fcr eine dauerhafte Befestigung.<\/li>\n<li><strong>Klebeoption<\/strong>: Alternativ kann das Etikett auf Wunsch auch mit einem starken Kleber befestigt werden.<\/li>\n<\/ol>\n<p>Nach der Installation k\u00f6nnen die Tags problemlos mit kompatiblen NFC-f\u00e4higen Ger\u00e4ten gescannt werden und erm\u00f6glichen so sofortigen Zugriff auf die auf dem Tag gespeicherten Informationen.<\/p>\n<h2>H\u00e4ufig gestellte Fragen zu On-Metal NFC-Tags<\/h2>\n<p><strong>F: Funktioniert der On-Metal NFC-Schraubenanh\u00e4nger auf allen Metalloberfl\u00e4chen?<\/strong><br \/>\nA: Ja, dank seiner spezialisierten\u00a0<strong>Anti-Metall-Technologie<\/strong>, der Tag funktioniert effektiv und st\u00f6rungsfrei auf verschiedenen Metalloberfl\u00e4chen.<\/p>\n<p><strong>F: Wie programmiere oder schreibe ich Daten auf das NTAG213-Tag?<\/strong><br \/>\nA: Die Programmierung kann mit kompatiblen NFC-f\u00e4higen Ger\u00e4ten und der entsprechenden App erfolgen. F\u00fcr komplexere Anwendungen sollten Sie eine spezielle NFC-Schreibsoftware verwenden.<\/p>\n<p><strong>F: Was ist der Betriebstemperaturbereich f\u00fcr diese Tags?<\/strong><br \/>\nA: Die Tags funktionieren effektiv bei Temperaturen von\u00a0<strong>-25 \u00b0C bis 70 \u00b0C<\/strong>.<\/p>\n<h2>Umweltaspekte<\/h2>\n<p>Der\u00a0<strong>On-Metal NFC-Schraubetikett<\/strong>\u00a0wurde im Hinblick auf Nachhaltigkeit entwickelt. Seine robuste Konstruktion minimiert den Bedarf an Ersatzprodukten und reduziert so den Abfall. Dar\u00fcber hinaus sind die zur Herstellung dieser Etiketten verwendeten Elemente bei ordnungsgem\u00e4\u00dfer Entsorgung recycelbar.<\/p>","protected":false},"excerpt":{"rendered":"<p>Verbessern Sie Ihre Abl\u00e4ufe mit dem On-Metal NFC-Schraubetikett. Langlebig, vielseitig und mit NFC-Technologie f\u00fcr die nahtlose Daten\u00fcbertragung auf Metalloberfl\u00e4chen ausgestattet.<\/p>","protected":false},"featured_media":2639,"template":"","meta":{"_kad_post_transparent":"default","_kad_post_title":"","_kad_post_layout":"default","_kad_post_sidebar_id":"","_kad_post_content_style":"default","_kad_post_vertical_padding":"default","_kad_post_feature":"","_kad_post_feature_position":"","_kad_post_header":false,"_kad_post_footer":false,"_kad_post_classname":""},"product_brand":[],"product_cat":[54],"product_tag":[305,216,304],"class_list":{"0":"post-2638","1":"product","2":"type-product","3":"status-publish","4":"has-post-thumbnail","6":"product_cat-hot-selling-rfid-tags","7":"product_tag-heavy-duty-nfc-tags","8":"product_tag-nfc-patrol-tag","9":"product_tag-nfc-screw-tag","11":"first","12":"instock","13":"shipping-taxable","14":"product-type-simple","15":"entry","16":"content-bg","17":"loop-entry"},"_links":{"self":[{"href":"https:\/\/rfid-laundry-tag.com\/de\/wp-json\/wp\/v2\/product\/2638","targetHints":{"allow":["GET"]}}],"collection":[{"href":"https:\/\/rfid-laundry-tag.com\/de\/wp-json\/wp\/v2\/product"}],"about":[{"href":"https:\/\/rfid-laundry-tag.com\/de\/wp-json\/wp\/v2\/types\/product"}],"version-history":[{"count":1,"href":"https:\/\/rfid-laundry-tag.com\/de\/wp-json\/wp\/v2\/product\/2638\/revisions"}],"predecessor-version":[{"id":2640,"href":"https:\/\/rfid-laundry-tag.com\/de\/wp-json\/wp\/v2\/product\/2638\/revisions\/2640"}],"wp:featuredmedia":[{"embeddable":true,"href":"https:\/\/rfid-laundry-tag.com\/de\/wp-json\/wp\/v2\/media\/2639"}],"wp:attachment":[{"href":"https:\/\/rfid-laundry-tag.com\/de\/wp-json\/wp\/v2\/media?parent=2638"}],"wp:term":[{"taxonomy":"product_brand","embeddable":true,"href":"https:\/\/rfid-laundry-tag.com\/de\/wp-json\/wp\/v2\/product_brand?post=2638"},{"taxonomy":"product_cat","embeddable":true,"href":"https:\/\/rfid-laundry-tag.com\/de\/wp-json\/wp\/v2\/product_cat?post=2638"},{"taxonomy":"product_tag","embeddable":true,"href":"https:\/\/rfid-laundry-tag.com\/de\/wp-json\/wp\/v2\/product_tag?post=2638"}],"curies":[{"name":"wp","href":"https:\/\/api.w.org\/{rel}","templated":true}]}}