{"id":2581,"date":"2024-09-19T13:02:28","date_gmt":"2024-09-19T13:02:28","guid":{"rendered":"https:\/\/rfid-laundry-tag.com\/?post_type=product&#038;p=2581"},"modified":"2024-09-19T13:40:21","modified_gmt":"2024-09-19T13:40:21","slug":"on-metal-nfc-screw-tag-ntag213","status":"publish","type":"product","link":"https:\/\/rfid-laundry-tag.com\/de\/on-metal-nfc-screw-tag-ntag213\/","title":{"rendered":"On-Metal NFC Schraubetikett Ntag213"},"content":{"rendered":"<p>Der <strong>On-Metal NFC-Schraubetikett<\/strong> ist ein \u00e4u\u00dferst langlebiger NFC-Tag, der speziell f\u00fcr den industriellen Einsatz entwickelt wurde. <strong>ABS- oder PVC-Konstruktion<\/strong> stellt sicher, dass es <strong>wasserdicht<\/strong> Und <strong>hitzebest\u00e4ndig<\/strong>, wodurch es f\u00fcr anspruchsvolle Umgebungen wie hohe Luftfeuchtigkeit oder extreme Temperaturen geeignet ist.<\/p>\n<h3>Hauptmerkmale:<\/h3>\n<ul>\n<li><strong>Chiptyp<\/strong>: NXP NTAG213 (kompatibel mit allen Mobilger\u00e4ten)<\/li>\n<li><strong>Form<\/strong>: Rund<\/li>\n<li><strong>Gr\u00f6\u00dfe<\/strong>: 30 mm Durchmesser plus 2,5 mm Dicke<\/li>\n<li><strong>Antennengr\u00f6\u00dfe<\/strong>: 25 mm<\/li>\n<li><strong>Gesamtspeicher<\/strong>: 144 Byte<\/li>\n<li><strong>Formatierter Speicher<\/strong>: 137 Byte<\/li>\n<li><strong>Betriebsfrequenz<\/strong>: 13,56 MHz<\/li>\n<\/ul>\n<h3>Ideal f\u00fcr:<\/h3>\n<ul>\n<li>St\u00f6rungsfreier Einsatz auf Metalloberfl\u00e4chen.<\/li>\n<li>Gro\u00dfe Lesereichweite auch im rauen Industrieumfeld.<\/li>\n<li>Kompatibilit\u00e4t mit allen NFC-f\u00e4higen Ger\u00e4ten (zB Smartphones, Tablets).<\/li>\n<\/ul>\n<p>Dieses Etikett ist auch anpassbar und bietet verschiedene Chiptypen und <strong>ID-Druckoptionen<\/strong>Die Befestigung erfolgt per Schraube oder Kleber und gew\u00e4hrleistet somit einen sicheren Halt an metallischen Gegenst\u00e4nden.<\/p>\n<h3 class=\"AnswerParser_AnswerParserH3__Mpe4s\">Technische Spezifikationen<\/h3>\n<div class=\"AnswerParser_TableContainer__Erb6v\" data-testid=\"table-container\">\n<table>\n<thead>\n<tr>\n<th>Besonderheit<\/th>\n<th>Spezifikation<\/th>\n<\/tr>\n<\/thead>\n<tbody>\n<tr>\n<td>Durchmesser<\/td>\n<td>30 mm<\/td>\n<\/tr>\n<tr>\n<td>Dicke<\/td>\n<td>3 mm<\/td>\n<\/tr>\n<tr>\n<td>Schraubenloch<\/td>\n<td>3 mm<\/td>\n<\/tr>\n<tr>\n<td>Chiptyp<\/td>\n<td>NTAG213<\/td>\n<\/tr>\n<tr>\n<td>Erinnerung<\/td>\n<td>144 Byte<\/td>\n<\/tr>\n<tr>\n<td>Frequenz<\/td>\n<td>13,56 MHz (HF)<\/td>\n<\/tr>\n<\/tbody>\n<\/table>\n<\/div>\n<h2 class=\"AnswerParser_AnswerParserH2__SIHnF\">Ntag213-Chip: NFC-Technologie der Spitzenklasse<\/h2>\n<p><span class=\"AnswerParser_TextContainer__z_Iiv\" data-testid=\"youchat-text\">Das Herzst\u00fcck unseres On-Metal NFC-Schraubenetiketts ist der leistungsstarke Ntag213-Chip, der Folgendes bietet:<\/span><\/p>\n<ul class=\"AnswerParser_AnswerParserUnorderedList__P_1FW\">\n<li class=\"AnswerParser_ListItem__XqLOV\" translate=\"yes\">144 Byte Benutzerspeicher<\/li>\n<li class=\"AnswerParser_ListItem__XqLOV\" translate=\"yes\">Schnelle Lese- und Schreibgeschwindigkeiten<\/li>\n<li class=\"AnswerParser_ListItem__XqLOV\" translate=\"yes\">Kompatibilit\u00e4t mit allen NFC-f\u00e4higen Ger\u00e4ten<\/li>\n<\/ul>\n<p><span class=\"AnswerParser_TextContainer__z_Iiv\" data-testid=\"youchat-text\">Dieser fortschrittliche Chip sorgt f\u00fcr eine schnelle und zuverl\u00e4ssige \u00dcbertragung Ihrer Daten und eignet sich daher perfekt f\u00fcr zahlreiche NFC-Anwendungen.<\/span><\/p>\n<h2 class=\"AnswerParser_AnswerParserH2__SIHnF\">On-Metal-Performance: \u00dcberwindung von Interferenzproblemen<\/h2>\n<p><span class=\"AnswerParser_TextContainer__z_Iiv\" data-testid=\"youchat-text\">Herk\u00f6mmliche NFC-Tags haben aufgrund von Signalst\u00f6rungen oft Probleme, wenn sie auf Metalloberfl\u00e4chen angebracht werden. Unsere On-Metal NFC-Schraub-Tags sind speziell daf\u00fcr konzipiert:<\/span><\/p>\n<ul class=\"AnswerParser_AnswerParserUnorderedList__P_1FW\">\n<li class=\"AnswerParser_ListItem__XqLOV\" translate=\"yes\">Behalten Sie die optimale Leistung auf Metalloberfl\u00e4chen bei<\/li>\n<li class=\"AnswerParser_ListItem__XqLOV\" translate=\"yes\">Sorgen Sie f\u00fcr konsistente Lesereichweiten<\/li>\n<li class=\"AnswerParser_ListItem__XqLOV\" translate=\"yes\">Keine Notwendigkeit f\u00fcr Abstandshalter oder zus\u00e4tzlichen Klebstoff<\/li>\n<\/ul>\n<p><span class=\"AnswerParser_TextContainer__z_Iiv\" data-testid=\"youchat-text\">Durch die Nutzung fortschrittlicher Anti-Metall-Technologie gew\u00e4hrleisten diese Tags eine zuverl\u00e4ssige Kommunikation, selbst wenn sie direkt an Metallobjekten angebracht sind.<\/span><\/p>\n<h2 class=\"AnswerParser_AnswerParserH2__SIHnF\">Einfache Integration: Kompatibel mit Ihrer vorhandenen NFC-Infrastruktur<\/h2>\n<p><span class=\"AnswerParser_TextContainer__z_Iiv\" data-testid=\"youchat-text\">Unsere On-Metal NFC-Schraubetiketten sind so konzipiert, dass sie sich nahtlos in Ihr aktuelles NFC-\u00d6kosystem integrieren lassen. Sie sind:<\/span><\/p>\n<ul class=\"AnswerParser_AnswerParserUnorderedList__P_1FW\">\n<li class=\"AnswerParser_ListItem__XqLOV\" translate=\"yes\">Kompatibel mit allen g\u00e4ngigen NFC-Leseger\u00e4ten<\/li>\n<li class=\"AnswerParser_ListItem__XqLOV\" translate=\"yes\">Einfache Programmierung \u00fcber NFC-f\u00e4hige Smartphones<\/li>\n<li class=\"AnswerParser_ListItem__XqLOV\" translate=\"yes\">Geeignet f\u00fcr Android- und iOS-Ger\u00e4te<\/li>\n<\/ul>\n<p><span class=\"AnswerParser_TextContainer__z_Iiv\" data-testid=\"youchat-text\">Diese Vielseitigkeit stellt sicher, dass Sie diese Tags implementieren k\u00f6nnen, ohne dass kostspielige Infrastruktur-Upgrades erforderlich sind.<\/span><\/p>\n<h2 class=\"AnswerParser_AnswerParserH2__SIHnF\">Anpassungsoptionen: Passen Sie Ihre Tags an Ihre Bed\u00fcrfnisse an<\/h2>\n<p><span class=\"AnswerParser_TextContainer__z_Iiv\" data-testid=\"youchat-text\">Wir wissen, dass jedes Unternehmen einzigartige Anforderungen hat. Deshalb bieten wir eine Reihe von Anpassungsoptionen f\u00fcr unsere On-Metal NFC-Schraubetiketten an:<\/span><\/p>\n<ul class=\"AnswerParser_AnswerParserUnorderedList__P_1FW\">\n<li class=\"AnswerParser_ListItem__XqLOV\" translate=\"yes\">Individueller Druck mit Ihrem Logo oder Ihrer Marke<\/li>\n<li class=\"AnswerParser_ListItem__XqLOV\" translate=\"yes\">Verschiedene Farboptionen passend zu Ihrem Geschmack<\/li>\n<li class=\"AnswerParser_ListItem__XqLOV\" translate=\"yes\">Personalisierte Kodierung mit Ihren spezifischen Daten<\/li>\n<\/ul>\n<p><span class=\"AnswerParser_TextContainer__z_Iiv\" data-testid=\"youchat-text\">Unser Expertenteam unterst\u00fctzt Sie gerne bei der Entwicklung der perfekten NFC-L\u00f6sung f\u00fcr Ihre Gesch\u00e4ftsanforderungen.<\/span><\/p>\n<h2 class=\"AnswerParser_AnswerParserH2__SIHnF\">Umweltauswirkungen: Nachhaltige NFC-L\u00f6sungen<\/h2>\n<p><span class=\"AnswerParser_TextContainer__z_Iiv\" data-testid=\"youchat-text\">In der heutigen umweltbewussten Welt haben wir uns der Bereitstellung nachhaltiger NFC-L\u00f6sungen verschrieben. Unsere On-Metal NFC-Schraubetiketten:<\/span><\/p>\n<ul class=\"AnswerParser_AnswerParserUnorderedList__P_1FW\">\n<li class=\"AnswerParser_ListItem__XqLOV\" translate=\"yes\">Sind aus wiederverwertbaren Materialien hergestellt<\/li>\n<li class=\"AnswerParser_ListItem__XqLOV\" translate=\"yes\">Haben eine lange Lebensdauer und reduzieren den Abfall<\/li>\n<li class=\"AnswerParser_ListItem__XqLOV\" translate=\"yes\">Tragen Sie zu papierlosen Systemen bei und reduzieren Sie so die Gesamtbelastung der Umwelt<\/li>\n<\/ul>\n<p><span class=\"AnswerParser_TextContainer__z_Iiv\" data-testid=\"youchat-text\">Wenn Sie sich f\u00fcr unsere Tags entscheiden, investieren Sie nicht nur in Spitzentechnologie, sondern auch in eine nachhaltigere Zukunft.<\/span><\/p>\n<h2 class=\"AnswerParser_AnswerParserH2__SIHnF\">Kosteng\u00fcnstige L\u00f6sung: Maximieren Sie Ihren ROI<\/h2>\n<p><span class=\"AnswerParser_TextContainer__z_Iiv\" data-testid=\"youchat-text\">Die Anschaffungskosten von On-Metal NFC-Schraubetiketten k\u00f6nnen zwar h\u00f6her sein als die von herk\u00f6mmlichen Etiketten, langfristig bieten sie jedoch erhebliche Vorteile:<\/span><\/p>\n<ul class=\"AnswerParser_AnswerParserUnorderedList__P_1FW\">\n<li class=\"AnswerParser_ListItem__XqLOV\" translate=\"yes\">Reduzierte Ersatzteilkosten dank \u00fcberlegener Haltbarkeit<\/li>\n<li class=\"AnswerParser_ListItem__XqLOV\" translate=\"yes\">Verbesserte Effizienz bei der Anlagenverfolgung und -verwaltung<\/li>\n<li class=\"AnswerParser_ListItem__XqLOV\" translate=\"yes\">Potenzial f\u00fcr optimierte Abl\u00e4ufe und Kosteneinsparungen<\/li>\n<\/ul>\n<p><span class=\"AnswerParser_TextContainer__z_Iiv\" data-testid=\"youchat-text\">Die Investition in unsere hochwertigen NFC-Tags kann im Laufe der Zeit zu erheblichen Kapitalrenditen f\u00fchren.<\/span><\/p>\n<h2 class=\"AnswerParser_AnswerParserH2__SIHnF\">Einfache Installations- und Gebrauchsanweisungen<\/h2>\n<p><span class=\"AnswerParser_TextContainer__z_Iiv\" data-testid=\"youchat-text\">Der Einstieg in die Nutzung unserer On-Metal NFC-Schraubetiketten ist ganz einfach:<\/span><\/p>\n<ol class=\"AnswerParser_AnswerParserOrderedList__kl_2Y\">\n<li class=\"AnswerParser_ListItem__XqLOV\" translate=\"yes\">Reinigen Sie die Metalloberfl\u00e4che, an der Sie das Etikett anbringen m\u00f6chten<\/li>\n<li class=\"AnswerParser_ListItem__XqLOV\" translate=\"yes\">Verwenden Sie das 3-mm-Schraubenloch, um das Etikett sicher zu befestigen<\/li>\n<li class=\"AnswerParser_ListItem__XqLOV\" translate=\"yes\">Programmieren Sie das Tag mit Ihrem NFC-f\u00e4higen Ger\u00e4t<\/li>\n<li class=\"AnswerParser_ListItem__XqLOV\" translate=\"yes\">Beginnen Sie mit der Verwendung Ihres neu installierten NFC-Tags!<\/li>\n<\/ol>\n<p><span class=\"AnswerParser_TextContainer__z_Iiv\" data-testid=\"youchat-text\">Detaillierte Anweisungen und Programmieranleitungen finden Sie in unserem umfassenden Benutzerhandbuch, das Sie nach dem Kauf in Ihrem Posteingang finden.<\/span><\/p>\n<h2 class=\"AnswerParser_AnswerParserH2__SIHnF\">H\u00e4ufig gestellte Fragen<\/h2>\n<p><span class=\"AnswerParser_TextContainer__z_Iiv\" data-testid=\"youchat-text\"><strong>F: K\u00f6nnen diese Tags auf nichtmetallischen Oberfl\u00e4chen verwendet werden?<\/strong>\u00a0<\/span><\/p>\n<p><span class=\"AnswerParser_TextContainer__z_Iiv\" data-testid=\"youchat-text\">A: Ja, obwohl sie f\u00fcr Metalloberfl\u00e4chen optimiert sind, funktionieren unsere Tags genauso gut auf nichtmetallischen Materialien.<\/span><\/p>\n<p><span class=\"AnswerParser_TextContainer__z_Iiv\" data-testid=\"youchat-text\"><strong>F: Wie gro\u00df ist die Lesereichweite dieser NFC-Tags?<\/strong>\u00a0<\/span><\/p>\n<p><span class=\"AnswerParser_TextContainer__z_Iiv\" data-testid=\"youchat-text\">A: Die typische Lesereichweite betr\u00e4gt je nach verwendetem Leseger\u00e4t bis zu 5 cm.<\/span><\/p>\n<p><span class=\"AnswerParser_TextContainer__z_Iiv\" data-testid=\"youchat-text\"><strong>F: Sind diese Etiketten wasserdicht?<\/strong>\u00a0<\/span><\/p>\n<p><span class=\"AnswerParser_TextContainer__z_Iiv\" data-testid=\"youchat-text\">A: Ja, die Metallkonstruktion macht sie sehr widerstandsf\u00e4hig gegen Wasser und andere Fl\u00fcssigkeiten.<\/span><\/p>","protected":false},"excerpt":{"rendered":"<p>Der <strong>On-Metal NFC-Schraubetikett<\/strong> ist ein \u00e4u\u00dferst langlebiger NFC-Tag, der speziell f\u00fcr den industriellen Einsatz entwickelt wurde.<\/p>","protected":false},"featured_media":2582,"template":"","meta":{"_kad_post_transparent":"default","_kad_post_title":"","_kad_post_layout":"default","_kad_post_sidebar_id":"","_kad_post_content_style":"default","_kad_post_vertical_padding":"default","_kad_post_feature":"","_kad_post_feature_position":"","_kad_post_header":false,"_kad_post_footer":false,"_kad_post_classname":""},"product_brand":[],"product_cat":[54],"product_tag":[295,216,290,294],"class_list":{"0":"post-2581","1":"product","2":"type-product","3":"status-publish","4":"has-post-thumbnail","6":"product_cat-hot-selling-rfid-tags","7":"product_tag-nfc-disc-tag","8":"product_tag-nfc-patrol-tag","9":"product_tag-nfc-tag","10":"product_tag-on-metal-nfc-screw-tag","12":"first","13":"instock","14":"shipping-taxable","15":"product-type-simple","16":"entry","17":"content-bg","18":"loop-entry"},"_links":{"self":[{"href":"https:\/\/rfid-laundry-tag.com\/de\/wp-json\/wp\/v2\/product\/2581","targetHints":{"allow":["GET"]}}],"collection":[{"href":"https:\/\/rfid-laundry-tag.com\/de\/wp-json\/wp\/v2\/product"}],"about":[{"href":"https:\/\/rfid-laundry-tag.com\/de\/wp-json\/wp\/v2\/types\/product"}],"version-history":[{"count":1,"href":"https:\/\/rfid-laundry-tag.com\/de\/wp-json\/wp\/v2\/product\/2581\/revisions"}],"predecessor-version":[{"id":2586,"href":"https:\/\/rfid-laundry-tag.com\/de\/wp-json\/wp\/v2\/product\/2581\/revisions\/2586"}],"wp:featuredmedia":[{"embeddable":true,"href":"https:\/\/rfid-laundry-tag.com\/de\/wp-json\/wp\/v2\/media\/2582"}],"wp:attachment":[{"href":"https:\/\/rfid-laundry-tag.com\/de\/wp-json\/wp\/v2\/media?parent=2581"}],"wp:term":[{"taxonomy":"product_brand","embeddable":true,"href":"https:\/\/rfid-laundry-tag.com\/de\/wp-json\/wp\/v2\/product_brand?post=2581"},{"taxonomy":"product_cat","embeddable":true,"href":"https:\/\/rfid-laundry-tag.com\/de\/wp-json\/wp\/v2\/product_cat?post=2581"},{"taxonomy":"product_tag","embeddable":true,"href":"https:\/\/rfid-laundry-tag.com\/de\/wp-json\/wp\/v2\/product_tag?post=2581"}],"curies":[{"name":"wp","href":"https:\/\/api.w.org\/{rel}","templated":true}]}}