{"id":2576,"date":"2024-09-17T14:08:34","date_gmt":"2024-09-17T14:08:34","guid":{"rendered":"https:\/\/rfid-laundry-tag.com\/?post_type=product&#038;p=2576"},"modified":"2024-09-17T14:08:35","modified_gmt":"2024-09-17T14:08:35","slug":"custom-anti-metal-nfc-coin-tag","status":"publish","type":"product","link":"https:\/\/rfid-laundry-tag.com\/de\/custom-anti-metal-nfc-coin-tag\/","title":{"rendered":"Benutzerdefinierter Anti-Metall-NFC-M\u00fcnzanh\u00e4nger"},"content":{"rendered":"<h3>Benutzerdefinierter Anti-Metall-NFC-M\u00fcnzanh\u00e4nger<\/h3>\n<h2 class=\"AnswerParser_AnswerParserH2__SIHnF\">Was sind benutzerdefinierte Anti-Metall-NFC-M\u00fcnzetiketten?<\/h2>\n<p><span class=\"AnswerParser_TextContainer__z_Iiv\" data-testid=\"youchat-text\"><strong>Benutzerdefinierte Anti-Metall-NFC-M\u00fcnzanh\u00e4nger<\/strong>\u00a0sind speziell entwickelte NFC-Tags, die in verschiedene Produkte oder Werbematerialien eingebettet werden k\u00f6nnen. Im Gegensatz zu Standard-NFC-Tags sind diese Tags so konzipiert, dass sie auf Metalloberfl\u00e4chen effektiv funktionieren, was sie f\u00fcr zahlreiche Anwendungen vielseitig macht. Die Tags k\u00f6nnen in Gr\u00f6\u00dfe und Design angepasst werden, sodass Unternehmen einzigartige L\u00f6sungen erstellen k\u00f6nnen, die die Kundeninteraktion verbessern.<\/span><span class=\"AnswerParser_TextContainer__z_Iiv\" data-testid=\"youchat-text\">Diese NFC-M\u00fcnzetiketten k\u00f6nnen in intelligente Poster, Schaufensterauslagen und sogar direkt in Produkte integriert werden. So k\u00f6nnen Verbraucher durch Antippen ihrer NFC-f\u00e4higen Smartphones sofort auf relevante Informationen oder Kampagnen zugreifen.<\/span><\/p>\n<h2 class=\"AnswerParser_AnswerParserH2__SIHnF\">Wie funktioniert die NFC-Technologie?<\/h2>\n<p><span class=\"AnswerParser_TextContainer__z_Iiv\" data-testid=\"youchat-text\">NFC-Technologie erm\u00f6glicht die Kommunikation zwischen Ger\u00e4ten \u00fcber kurze Distanzen. So funktioniert es, wenn ein Verbraucher mit einem NFC-Tag interagiert:<\/span><\/p>\n<ol class=\"AnswerParser_AnswerParserOrderedList__kl_2Y\">\n<li class=\"AnswerParser_ListItem__XqLOV\" translate=\"yes\"><strong>Tippen Sie auf Interaktion<\/strong>: Wenn ein Verbraucher sein NFC-f\u00e4higes Smartphone an den NFC-Tag h\u00e4lt, erkennt das Telefon die eindeutige Kennung des Tags.<\/li>\n<li class=\"AnswerParser_ListItem__XqLOV\" translate=\"yes\"><strong>URL-Erkennung<\/strong>: Der NFC-Tag enth\u00e4lt eine URL, die mit einer bestimmten Kampagne oder Information verkn\u00fcpft ist.<\/li>\n<li class=\"AnswerParser_ListItem__XqLOV\" translate=\"yes\"><strong>Datenaustausch<\/strong>: Das Smartphone sendet die URL an einen Cloud-Server, der die mit dieser URL verkn\u00fcpften Kampagnendaten abruft.<\/li>\n<li class=\"AnswerParser_ListItem__XqLOV\" translate=\"yes\"><strong>Anzeige auf dem Smartphone<\/strong>: Die abgerufenen Kampagneninformationen werden dann auf dem Smartphone des Verbrauchers angezeigt und erm\u00f6glichen sofortigen Zugriff auf Inhalte wie Werbeangebote, Produktdetails oder interaktive Erlebnisse.<\/li>\n<\/ol>\n<p><span class=\"AnswerParser_TextContainer__z_Iiv\" data-testid=\"youchat-text\">Dieser nahtlose Informationsaustausch steigert das Engagement der Benutzer und vereinfacht die Art und Weise, wie Marken mit ihrem Publikum in Kontakt treten.<\/span><\/p>\n<h2 class=\"AnswerParser_AnswerParserH2__SIHnF\">Vorteile der Verwendung benutzerdefinierter NFC-M\u00fcnz-Tags<\/h2>\n<p><span class=\"AnswerParser_TextContainer__z_Iiv\" data-testid=\"youchat-text\">Die Verwendung individueller NFC-M\u00fcnzetiketten bietet zahlreiche Vorteile:<\/span><\/p>\n<ul class=\"AnswerParser_AnswerParserUnorderedList__P_1FW\">\n<li class=\"AnswerParser_ListItem__XqLOV\" translate=\"yes\"><strong>Nahtlose Interaktion<\/strong>: Anders als beim WiFi-Marketing m\u00fcssen Verbraucher bei NFC ihre Smartphones nicht konfigurieren. Benutzer k\u00f6nnen mit einem einfachen Fingertipp schnell auf Informationen zugreifen, was eine benutzerfreundliche Erfahrung darstellt.<\/li>\n<li class=\"AnswerParser_ListItem__XqLOV\" translate=\"yes\"><strong>Verbessertes Engagement<\/strong>: Mit NFC-M\u00fcnztags k\u00f6nnen Marken interaktive und dynamische Marketingkampagnen erstellen, die die Aufmerksamkeit der Verbraucher auf sich ziehen und die Markentreue f\u00f6rdern.<\/li>\n<li class=\"AnswerParser_ListItem__XqLOV\" translate=\"yes\"><strong>Vielseitigkeit<\/strong>: Diese Etiketten k\u00f6nnen auf verschiedenen Oberfl\u00e4chen, einschlie\u00dflich Metall, angebracht werden, sodass sie f\u00fcr eine breite Palette von Produkten und Werbematerialien geeignet sind.<\/li>\n<\/ul>\n<p><span class=\"AnswerParser_TextContainer__z_Iiv\" data-testid=\"youchat-text\">Diese Vorteile positionieren NFC-M\u00fcnzetiketten als leistungsstarkes Werkzeug f\u00fcr moderne Marketingstrategien.<\/span><\/p>\n<h2 class=\"AnswerParser_AnswerParserH2__SIHnF\">Material- und Designoptionen f\u00fcr NFC-M\u00fcnzetiketten<\/h2>\n<p><span class=\"AnswerParser_TextContainer__z_Iiv\" data-testid=\"youchat-text\">Benutzerdefinierte NFC-M\u00fcnzetiketten werden aus langlebigen Materialien hergestellt, die Langlebigkeit und Funktionalit\u00e4t gew\u00e4hrleisten:<\/span><\/p>\n<ul class=\"AnswerParser_AnswerParserUnorderedList__P_1FW\">\n<li class=\"AnswerParser_ListItem__XqLOV\" translate=\"yes\"><strong>PVC\/PET<\/strong>: Diese Materialien werden h\u00e4ufig aufgrund ihrer Festigkeit und Flexibilit\u00e4t verwendet und sind daher ideal f\u00fcr den t\u00e4glichen Gebrauch.<\/li>\n<li class=\"AnswerParser_ListItem__XqLOV\" translate=\"yes\"><strong>Anti-Metall-Material<\/strong>: Das einzigartige Anti-Metall-Design erm\u00f6glicht die st\u00f6rungsfreie Verwendung von NFC-Tags auf metallischen Oberfl\u00e4chen und gew\u00e4hrleistet so eine zuverl\u00e4ssige Leistung.<\/li>\n<\/ul>\n<p><span class=\"AnswerParser_TextContainer__z_Iiv\" data-testid=\"youchat-text\">Dar\u00fcber hinaus kann die Gr\u00f6\u00dfe der NFC-M\u00fcnzetiketten an spezielle Anforderungen angepasst werden, was Flexibilit\u00e4t bei Design und Anwendung bietet.<\/span><\/p>\n<h2 class=\"AnswerParser_AnswerParserH2__SIHnF\">Druck- und Basteltechniken<\/h2>\n<p><span class=\"AnswerParser_TextContainer__z_Iiv\" data-testid=\"youchat-text\">Zu den verf\u00fcgbaren Druck- und Herstellungsoptionen f\u00fcr benutzerdefinierte NFC-M\u00fcnzanh\u00e4nger geh\u00f6ren:<\/span><\/p>\n<ul class=\"AnswerParser_AnswerParserUnorderedList__P_1FW\">\n<li class=\"AnswerParser_ListItem__XqLOV\" translate=\"yes\"><strong>CMYK-Offsetdruck\/Digitaldruck<\/strong>: Diese Techniken erm\u00f6glichen hochwertige, farbenfrohe Designs, die Logos, Marken und andere visuelle Elemente enthalten k\u00f6nnen.<\/li>\n<li class=\"AnswerParser_ListItem__XqLOV\" translate=\"yes\"><strong>Herstellungstechniken<\/strong>: Jedes Etikett kann mit einzigartigen Merkmalen wie Nummerierung oder Kodierung versehen werden, um Funktionalit\u00e4t und Branding zu verbessern.<\/li>\n<\/ul>\n<p><span class=\"AnswerParser_TextContainer__z_Iiv\" data-testid=\"youchat-text\">Diese Optionen stellen sicher, dass jeder NFC-M\u00fcnztag so angepasst werden kann, dass er die Identit\u00e4t der Marke widerspiegelt und gleichzeitig hohe Qualit\u00e4tsstandards einh\u00e4lt.<\/span><\/p>\n<h2 class=\"AnswerParser_AnswerParserH2__SIHnF\">Anwendungen von NFC-Coin-Tags im Marketing<\/h2>\n<p><span class=\"AnswerParser_TextContainer__z_Iiv\" data-testid=\"youchat-text\">NFC-M\u00fcnzetiketten k\u00f6nnen in verschiedenen Marketinganwendungen eingesetzt werden, darunter:<\/span><\/p>\n<ul class=\"AnswerParser_AnswerParserUnorderedList__P_1FW\">\n<li class=\"AnswerParser_ListItem__XqLOV\" translate=\"yes\"><strong>Smart Poster<\/strong>: Marken k\u00f6nnen NFC-M\u00fcnz-Tags in Poster einbetten, um Verbraucher mit interaktiven Inhalten wie Videos oder Werbeangeboten anzusprechen.<\/li>\n<li class=\"AnswerParser_ListItem__XqLOV\" translate=\"yes\"><strong>Produktverpackung<\/strong>: Durch die Integration von NFC-Tags in Produktverpackungen k\u00f6nnen Unternehmen ihren Kunden einfachen Zugriff auf Informationen zum Produkt erm\u00f6glichen, darunter Anleitungen, Anwendungstipps und Sonderangebote.<\/li>\n<li class=\"AnswerParser_ListItem__XqLOV\" translate=\"yes\"><strong>Event-Kampagnen<\/strong>: NFC-M\u00fcnzetiketten k\u00f6nnen bei Veranstaltungen verwendet werden, um einen schnellen Zugriff auf Veranstaltungsinformationen, Zeitpl\u00e4ne und Werbematerialien zu erm\u00f6glichen.<\/li>\n<\/ul>\n<p><span class=\"AnswerParser_TextContainer__z_Iiv\" data-testid=\"youchat-text\">Diese Anwendungen demonstrieren die Vielseitigkeit von NFC-M\u00fcnzetiketten bei der Verbesserung von Marketingbem\u00fchungen und der Kundeneinbindung.<\/span><\/p>\n<h2 class=\"AnswerParser_AnswerParserH2__SIHnF\">Mindestbestellmenge und Musterverf\u00fcgbarkeit<\/h2>\n<p><span class=\"AnswerParser_TextContainer__z_Iiv\" data-testid=\"youchat-text\">Bei der Anschaffung individueller NFC-M\u00fcnzetiketten ist Folgendes zu beachten:<\/span><\/p>\n<ul class=\"AnswerParser_AnswerParserUnorderedList__P_1FW\">\n<li class=\"AnswerParser_ListItem__XqLOV\" translate=\"yes\"><strong>Mindestbestellmenge (MOQ)<\/strong>: Die Mindestbestellmenge f\u00fcr benutzerdefinierte NFC-M\u00fcnzetiketten betr\u00e4gt\u00a0<strong>500<\/strong>\u00a0Einheiten, wodurch sichergestellt wird, dass Unternehmen ihre Werbema\u00dfnahmen effektiv skalieren k\u00f6nnen.<\/li>\n<li class=\"AnswerParser_ListItem__XqLOV\" translate=\"yes\"><strong>Probenverf\u00fcgbarkeit<\/strong>: Auf Anfrage sind kostenlose Muster erh\u00e4ltlich, sodass Unternehmen die Qualit\u00e4t und Funktionalit\u00e4t der NFC-Tags beurteilen k\u00f6nnen, bevor sie gr\u00f6\u00dfere Bestellungen aufgeben.<\/li>\n<\/ul>\n<p><span class=\"AnswerParser_TextContainer__z_Iiv\" data-testid=\"youchat-text\">Diese Flexibilit\u00e4t erleichtert Unternehmen die Einbindung der NFC-Technologie in ihre Marketingstrategien.<\/span><\/p>\n<h2 class=\"AnswerParser_AnswerParserH2__SIHnF\">Sicherheitsmerkmale der NFC-Technologie<\/h2>\n<p><span class=\"AnswerParser_TextContainer__z_Iiv\" data-testid=\"youchat-text\">Die NFC-Technologie umfasst mehrere Sicherheitsfunktionen zum Schutz von Daten und Transaktionen:<\/span><\/p>\n<ul class=\"AnswerParser_AnswerParserUnorderedList__P_1FW\">\n<li class=\"AnswerParser_ListItem__XqLOV\" translate=\"yes\"><strong>Verschl\u00fcsselung<\/strong>: Der Datenaustausch zwischen NFC-Tag und Smartphone kann verschl\u00fcsselt werden, sodass vertrauliche Informationen gesch\u00fctzt bleiben.<\/li>\n<li class=\"AnswerParser_ListItem__XqLOV\" translate=\"yes\"><strong>Manipulationssicherheit<\/strong>: Viele NFC-Tags sind manipulationssicher und bieten Marken und Verbrauchern eine zus\u00e4tzliche Sicherheitsebene.<\/li>\n<\/ul>\n<p><span class=\"AnswerParser_TextContainer__z_Iiv\" data-testid=\"youchat-text\">Diese Sicherheitsfunktionen machen die NFC-Technologie zu einer zuverl\u00e4ssigen Wahl f\u00fcr Unternehmen, die ihre Kunden ansprechen und gleichzeitig deren Daten sch\u00fctzen m\u00f6chten.<\/span><\/p>\n<h2 class=\"AnswerParser_AnswerParserH2__SIHnF\">H\u00e4ufig gestellte Fragen zu benutzerdefinierten Anti-Metall-NFC-M\u00fcnzanh\u00e4ngern<\/h2>\n<p><span class=\"AnswerParser_TextContainer__z_Iiv\" data-testid=\"youchat-text\"><strong>F: K\u00f6nnen NFC-M\u00fcnzetiketten wiederverwendet werden?<\/strong><br \/>\nA: NFC-M\u00fcnzetiketten k\u00f6nnen in der Regel mehrfach verwendet werden, abh\u00e4ngig vom Chiptyp und davon, ob sie f\u00fcr die Speicherung neuer Daten programmiert wurden.<\/span><\/p>\n<p><span class=\"AnswerParser_TextContainer__z_Iiv\" data-testid=\"youchat-text\"><strong>F: Welche Ger\u00e4te sind mit NFC-M\u00fcnzetiketten kompatibel?<\/strong><br \/>\nA: NFC-M\u00fcnzetiketten sind mit den meisten NFC-f\u00e4higen Smartphones kompatibel, einschlie\u00dflich Android-Ger\u00e4ten und iPhones.<\/span><\/p>\n<p><span class=\"AnswerParser_TextContainer__z_Iiv\" data-testid=\"youchat-text\"><strong>F: Sind NFC-M\u00fcnzetiketten wasserdicht?<\/strong><br \/>\nA: NFC-M\u00fcnzetiketten sind zwar auf Langlebigkeit ausgelegt, ihre Wasserbest\u00e4ndigkeit kann jedoch je nach verwendetem Material variieren. Weitere Einzelheiten entnehmen Sie bitte den Spezifikationen.<\/span><\/p>","protected":false},"excerpt":{"rendered":"<p>Benutzerdefinierte Anti-Metall-NFC-M\u00fcnz-Tags erm\u00f6glichen eine nahtlose Kundenbindung. Tippen Sie, um sofort auf Informationen zuzugreifen \u2013 perfekt f\u00fcr Marketing auf Metalloberfl\u00e4chen.<\/p>","protected":false},"featured_media":2577,"template":"","meta":{"_kad_post_transparent":"default","_kad_post_title":"","_kad_post_layout":"default","_kad_post_sidebar_id":"","_kad_post_content_style":"default","_kad_post_vertical_padding":"default","_kad_post_feature":"","_kad_post_feature_position":"","_kad_post_header":false,"_kad_post_footer":false,"_kad_post_classname":""},"product_brand":[],"product_cat":[54],"product_tag":[292,290,293],"class_list":{"0":"post-2576","1":"product","2":"type-product","3":"status-publish","4":"has-post-thumbnail","6":"product_cat-hot-selling-rfid-tags","7":"product_tag-anti-metal-nfc-coin-tag","8":"product_tag-nfc-tag","9":"product_tag-nfc-token","11":"first","12":"instock","13":"shipping-taxable","14":"product-type-simple","15":"entry","16":"content-bg","17":"loop-entry"},"_links":{"self":[{"href":"https:\/\/rfid-laundry-tag.com\/de\/wp-json\/wp\/v2\/product\/2576","targetHints":{"allow":["GET"]}}],"collection":[{"href":"https:\/\/rfid-laundry-tag.com\/de\/wp-json\/wp\/v2\/product"}],"about":[{"href":"https:\/\/rfid-laundry-tag.com\/de\/wp-json\/wp\/v2\/types\/product"}],"version-history":[{"count":1,"href":"https:\/\/rfid-laundry-tag.com\/de\/wp-json\/wp\/v2\/product\/2576\/revisions"}],"predecessor-version":[{"id":2580,"href":"https:\/\/rfid-laundry-tag.com\/de\/wp-json\/wp\/v2\/product\/2576\/revisions\/2580"}],"wp:featuredmedia":[{"embeddable":true,"href":"https:\/\/rfid-laundry-tag.com\/de\/wp-json\/wp\/v2\/media\/2577"}],"wp:attachment":[{"href":"https:\/\/rfid-laundry-tag.com\/de\/wp-json\/wp\/v2\/media?parent=2576"}],"wp:term":[{"taxonomy":"product_brand","embeddable":true,"href":"https:\/\/rfid-laundry-tag.com\/de\/wp-json\/wp\/v2\/product_brand?post=2576"},{"taxonomy":"product_cat","embeddable":true,"href":"https:\/\/rfid-laundry-tag.com\/de\/wp-json\/wp\/v2\/product_cat?post=2576"},{"taxonomy":"product_tag","embeddable":true,"href":"https:\/\/rfid-laundry-tag.com\/de\/wp-json\/wp\/v2\/product_tag?post=2576"}],"curies":[{"name":"wp","href":"https:\/\/api.w.org\/{rel}","templated":true}]}}