{"id":2571,"date":"2024-09-17T13:42:59","date_gmt":"2024-09-17T13:42:59","guid":{"rendered":"https:\/\/rfid-laundry-tag.com\/?post_type=product&#038;p=2571"},"modified":"2024-09-17T13:43:00","modified_gmt":"2024-09-17T13:43:00","slug":"custom-guard-nfc-token-on-metal","status":"publish","type":"product","link":"https:\/\/rfid-laundry-tag.com\/de\/custom-guard-nfc-token-on-metal\/","title":{"rendered":"Benutzerdefinierter Guard NFC-Token ON-METAL"},"content":{"rendered":"<h3>Benutzerdefinierter Guard NFC-Token ON-METAL<\/h3>\n<h3>Hauptmerkmale:<\/h3>\n<ul>\n<li><strong>Chiptyp<\/strong>: NTAG213, bekannt f\u00fcr seine gro\u00dfe Speicherkapazit\u00e4t, geeignet f\u00fcr eine Vielzahl von Anwendungen.<\/li>\n<li><strong>On-Metal-Funktionalit\u00e4t<\/strong>: Ausgestattet mit einer 0,2 mm dicken Anti-Metall-Isolationsschicht, die einen zuverl\u00e4ssigen NFC-Betrieb auf Metalloberfl\u00e4chen erm\u00f6glicht.<\/li>\n<li><strong>Material<\/strong>: Hergestellt aus glattem, robustem PVC-Kunststoff, wasserabweisend und speziell mit Logos oder Bildern personalisierbar; auch in Schwarz erh\u00e4ltlich.<\/li>\n<li><strong>Klebstoff<\/strong>: Wird mit 3M 9448A Gewebeband geliefert, einem leichten Acrylkleber, der eine starke Haftung auf verschiedenen Oberfl\u00e4chen bietet; eine Option ohne Kleber ist ebenfalls verf\u00fcgbar.<\/li>\n<li><strong>Gr\u00f6\u00dfenoptionen<\/strong>: Erh\u00e4ltlich in verschiedenen Formen wie rund (25 mm, 30 mm, 35 mm) und quadratisch (30 mm x 30 mm), Sondergr\u00f6\u00dfen sind m\u00f6glich.<\/li>\n<li><strong>Arbeitsmodi<\/strong>: Unterst\u00fctzt sowohl Lese- als auch Schreibfunktionen zum Speichern und Abrufen von Daten.<\/li>\n<li><strong>Lesedistanz<\/strong>: Kann je nach den spezifischen Nutzungsbedingungen aus Entfernungen von 1\u201330 cm lesen.<\/li>\n<li><strong>Herstellungsoptionen<\/strong>: Anpassbare Oberfl\u00e4chen, einschlie\u00dflich gl\u00e4nzend, matt, Hologramm und Optionen f\u00fcr Lasernummerierung oder QR-Codes.<\/li>\n<\/ul>\n<h3>Anwendungen:<\/h3>\n<ul>\n<li><strong>Zugriffskontrolle<\/strong>: Ideal zur \u00dcberwachung und Kontrolle des Zugriffs in verschiedenen Umgebungen.<\/li>\n<li><strong>Automatisierung<\/strong>: Kann in automatisierten Systemen zu Tracking- und Identifikationszwecken verwendet werden.<\/li>\n<li><strong>Bestandsverwaltung<\/strong>: N\u00fctzlich f\u00fcr die Lager- und Bestandsverwaltung mit Echtzeitidentifizierung gekennzeichneter Artikel.<\/li>\n<li><strong>Wachrundg\u00e4nge<\/strong>: Speziell f\u00fcr den Einsatz in W\u00e4chterkontrollsystemen konzipiert und gew\u00e4hrleistet eine effektive Verfolgung des Sicherheitspersonals.<\/li>\n<\/ul>\n<p>Dieser NFC-Token-Typ kombiniert nahtlos Funktionalit\u00e4t und Benutzerfreundlichkeit und ist daher eine ausgezeichnete Wahl f\u00fcr verschiedene NFC-Anwendungen im Bereich Sicherheit und Asset Management.<\/p>","protected":false},"excerpt":{"rendered":"<p>On-Metal-NFC-Token haben unsere Interaktion mit Technologie revolutioniert, insbesondere im Bereich Sicherheit und Verm\u00f6gensverwaltung.<\/p>","protected":false},"featured_media":2572,"template":"","meta":{"_kad_post_transparent":"default","_kad_post_title":"","_kad_post_layout":"default","_kad_post_sidebar_id":"","_kad_post_content_style":"default","_kad_post_vertical_padding":"default","_kad_post_feature":"","_kad_post_feature_position":"","_kad_post_header":false,"_kad_post_footer":false,"_kad_post_classname":""},"product_brand":[],"product_cat":[54],"product_tag":[],"class_list":{"0":"post-2571","1":"product","2":"type-product","3":"status-publish","4":"has-post-thumbnail","6":"product_cat-hot-selling-rfid-tags","8":"first","9":"instock","10":"shipping-taxable","11":"product-type-simple","12":"entry","13":"content-bg","14":"loop-entry"},"_links":{"self":[{"href":"https:\/\/rfid-laundry-tag.com\/de\/wp-json\/wp\/v2\/product\/2571","targetHints":{"allow":["GET"]}}],"collection":[{"href":"https:\/\/rfid-laundry-tag.com\/de\/wp-json\/wp\/v2\/product"}],"about":[{"href":"https:\/\/rfid-laundry-tag.com\/de\/wp-json\/wp\/v2\/types\/product"}],"version-history":[{"count":2,"href":"https:\/\/rfid-laundry-tag.com\/de\/wp-json\/wp\/v2\/product\/2571\/revisions"}],"predecessor-version":[{"id":2575,"href":"https:\/\/rfid-laundry-tag.com\/de\/wp-json\/wp\/v2\/product\/2571\/revisions\/2575"}],"wp:featuredmedia":[{"embeddable":true,"href":"https:\/\/rfid-laundry-tag.com\/de\/wp-json\/wp\/v2\/media\/2572"}],"wp:attachment":[{"href":"https:\/\/rfid-laundry-tag.com\/de\/wp-json\/wp\/v2\/media?parent=2571"}],"wp:term":[{"taxonomy":"product_brand","embeddable":true,"href":"https:\/\/rfid-laundry-tag.com\/de\/wp-json\/wp\/v2\/product_brand?post=2571"},{"taxonomy":"product_cat","embeddable":true,"href":"https:\/\/rfid-laundry-tag.com\/de\/wp-json\/wp\/v2\/product_cat?post=2571"},{"taxonomy":"product_tag","embeddable":true,"href":"https:\/\/rfid-laundry-tag.com\/de\/wp-json\/wp\/v2\/product_tag?post=2571"}],"curies":[{"name":"wp","href":"https:\/\/api.w.org\/{rel}","templated":true}]}}