{"id":2543,"date":"2024-09-15T11:34:50","date_gmt":"2024-09-15T11:34:50","guid":{"rendered":"https:\/\/rfid-laundry-tag.com\/?post_type=product&#038;p=2543"},"modified":"2024-09-15T11:53:19","modified_gmt":"2024-09-15T11:53:19","slug":"uhf-rfid-sticker-for-car","status":"publish","type":"product","link":"https:\/\/rfid-laundry-tag.com\/de\/uhf-rfid-sticker-for-car\/","title":{"rendered":"UHF-RFID-Aufkleber f\u00fcrs Auto"},"content":{"rendered":"<div data-elementor-type=\"product-post\" data-elementor-id=\"2543\" class=\"elementor elementor-2543\" data-elementor-settings=\"{&quot;ha_cmc_init_switcher&quot;:&quot;no&quot;}\" data-elementor-post-type=\"product\">\n\t\t\t\t<div class=\"elementor-element elementor-element-71a1224 e-flex e-con-boxed e-con e-parent\" data-id=\"71a1224\" data-element_type=\"container\" data-e-type=\"container\" data-settings=\"{&quot;_ha_eqh_enable&quot;:false}\">\n\t\t\t\t\t<div class=\"e-con-inner\">\n\t\t\t\t<div class=\"elementor-element elementor-element-7f470072 elementor-widget elementor-widget-text-editor\" data-id=\"7f470072\" data-element_type=\"widget\" data-e-type=\"widget\" data-widget_type=\"text-editor.default\">\n\t\t\t\t<div class=\"elementor-widget-container\">\n\t\t\t\t\t\t\t\t\t<h2 class=\"AnswerParser_AnswerParserH2__SIHnF\"><span style=\"color: #000000;\">Was sind UHF-RFID-Aufkleber?<\/span><\/h2><p><span style=\"color: #000000;\"><span class=\"AnswerParser_TextContainer__z_Iiv\" data-testid=\"youchat-text\"><strong>UHF-RFID-Aufkleber<\/strong>\u00a0sind spezielle Etiketten zur Fahrzeugidentifikation und -verfolgung. Diese Aufkleber enthalten einen UHF-RFID-Tag, der im Frequenzbereich von\u00a0<strong>860-960 MHz<\/strong>, was eine Kommunikation \u00fcber gro\u00dfe Entfernungen mit RFID-Leseger\u00e4ten erm\u00f6glicht. Die Aufkleber haben normalerweise eine haltbare Kleber\u00fcckseite, sodass sie sich leicht auf verschiedenen Oberfl\u00e4chen anbringen lassen, darunter Windschutzscheiben und Nummernschilder.<\/span><span class=\"AnswerParser_TextContainer__z_Iiv\" data-testid=\"youchat-text\">Diese RFID-Aufkleber sind so konzipiert, dass sie Umwelteinfl\u00fcssen standhalten und unter verschiedenen Bedingungen zuverl\u00e4ssig funktionieren. Durch ihre kompakte Gr\u00f6\u00dfe und ihr leichtes Design sind sie ideal f\u00fcr den Einsatz an Fahrzeugen, ohne unn\u00f6tige Masse hinzuzuf\u00fcgen.<\/span><\/span><\/p><h2 class=\"AnswerParser_AnswerParserH2__SIHnF\"><span style=\"color: #000000;\"><a href=\"https:\/\/rfid-laundry-tag.com\/de\/hot-selling-rfid-tags\/page\/2\/\"><img fetchpriority=\"high\" decoding=\"async\" class=\"alignnone wp-image-2547 size-full\" src=\"https:\/\/rfid-laundry-tag.com\/wp-content\/uploads\/2024\/09\/OIP-C-4.jpg\" alt=\"\" width=\"474\" height=\"274\" srcset=\"https:\/\/rfid-laundry-tag.com\/wp-content\/uploads\/2024\/09\/OIP-C-4.jpg 474w, https:\/\/rfid-laundry-tag.com\/wp-content\/uploads\/2024\/09\/OIP-C-4-300x173.jpg 300w, https:\/\/rfid-laundry-tag.com\/wp-content\/uploads\/2024\/09\/OIP-C-4-18x10.jpg 18w\" sizes=\"(max-width: 474px) 100vw, 474px\" \/><\/a>Wie funktionieren UHF-RFID-Aufkleber?<\/span><\/h2><p><span style=\"color: #000000;\"><span class=\"AnswerParser_TextContainer__z_Iiv\" data-testid=\"youchat-text\">UHF-RFID-Aufkleber funktionieren mithilfe der Funkfrequenz-Identifikationstechnologie. Jeder Aufkleber enth\u00e4lt eine eindeutige Kennung, die im RFID-Tag gespeichert ist. Wenn das mit dem Aufkleber versehene Fahrzeug in Reichweite eines RFID-Leseger\u00e4ts kommt, sendet das Leseger\u00e4t Funkwellen aus, die den Tag aktivieren. Der Tag \u00fcbertr\u00e4gt dann seine eindeutige Kennung zur\u00fcck an das Leseger\u00e4t und erm\u00f6glicht so eine automatische Identifizierung und Verfolgung des Fahrzeugs.<\/span><span class=\"AnswerParser_TextContainer__z_Iiv\" data-testid=\"youchat-text\">Dieser Prozess erm\u00f6glicht die Datenerfassung und -\u00fcberwachung in Echtzeit und erleichtert Unternehmen und Privatpersonen die effiziente Verwaltung ihrer Fahrzeuge. Die gro\u00dfe Reichweite der UHF-RFID-Technologie erm\u00f6glicht die Erkennung aus mehreren Metern Entfernung und erh\u00f6ht so den Komfort und die Benutzerfreundlichkeit.<\/span><\/span><\/p><h2 class=\"AnswerParser_AnswerParserH2__SIHnF\"><span style=\"color: #000000;\">Vorteile der Verwendung von UHF-RFID-Aufklebern f\u00fcr Fahrzeuge<\/span><\/h2><p><span class=\"AnswerParser_TextContainer__z_Iiv\" style=\"color: #000000;\" data-testid=\"youchat-text\">Der Einsatz von UHF-RFID-Aufklebern f\u00fcr Fahrzeuge bietet zahlreiche Vorteile:<\/span><\/p><ul class=\"AnswerParser_AnswerParserUnorderedList__P_1FW\"><li class=\"AnswerParser_ListItem__XqLOV\" translate=\"yes\"><span style=\"color: #000000;\"><strong>Verbessertes Tracking<\/strong>: RFID-Aufkleber erm\u00f6glichen eine genaue Echtzeitverfolgung von Fahrzeugen und erleichtern so die \u00dcberwachung ihres Standorts und Status.<\/span><\/li><li class=\"AnswerParser_ListItem__XqLOV\" translate=\"yes\"><span style=\"color: #000000;\"><strong>Verbesserte Zugriffskontrolle<\/strong>: Diese Aufkleber k\u00f6nnen in Zugangskontrollsysteme integriert werden und erm\u00f6glichen so einen reibungslosen Zugang zu Sperrbereichen wie Parkpl\u00e4tzen und geschlossenen Wohnanlagen.<\/span><\/li><li class=\"AnswerParser_ListItem__XqLOV\" translate=\"yes\"><span style=\"color: #000000;\"><strong>Kosteng\u00fcnstige L\u00f6sung<\/strong>: UHF-RFID-Aufkleber sind eine kosteng\u00fcnstige M\u00f6glichkeit zur Implementierung von Fahrzeugverfolgungs- und -verwaltungssystemen, wodurch der Bedarf an manuellen Kontrollen reduziert und die Betriebseffizienz verbessert wird.<\/span><\/li><\/ul><p><span class=\"AnswerParser_TextContainer__z_Iiv\" style=\"color: #000000;\" data-testid=\"youchat-text\">Diese Vorteile machen UHF-RFID-Aufkleber zu einer intelligenten Investition f\u00fcr Unternehmen und Privatpersonen, die ihre Fahrzeugverwaltungsprozesse verbessern m\u00f6chten.<\/span><\/p><p><a href=\"https:\/\/rfid-laundry-tag.com\/de\/hot-selling-rfid-tags\/page\/2\/\"><img decoding=\"async\" class=\"alignnone size-full wp-image-2549\" src=\"https:\/\/rfid-laundry-tag.com\/wp-content\/uploads\/2024\/09\/uhf-rfid-windshield-sticker-tagS.jpg\" alt=\"UHF RFID Stickers for Cars\" width=\"1000\" height=\"437\" srcset=\"https:\/\/rfid-laundry-tag.com\/wp-content\/uploads\/2024\/09\/uhf-rfid-windshield-sticker-tagS.jpg 1000w, https:\/\/rfid-laundry-tag.com\/wp-content\/uploads\/2024\/09\/uhf-rfid-windshield-sticker-tagS-300x131.jpg 300w, https:\/\/rfid-laundry-tag.com\/wp-content\/uploads\/2024\/09\/uhf-rfid-windshield-sticker-tagS-768x336.jpg 768w, https:\/\/rfid-laundry-tag.com\/wp-content\/uploads\/2024\/09\/uhf-rfid-windshield-sticker-tagS-18x8.jpg 18w, https:\/\/rfid-laundry-tag.com\/wp-content\/uploads\/2024\/09\/uhf-rfid-windshield-sticker-tagS-600x262.jpg 600w\" sizes=\"(max-width: 1000px) 100vw, 1000px\" \/><\/a><\/p><h2 class=\"AnswerParser_AnswerParserH2__SIHnF\"><span style=\"color: #000000;\">Anwendungen von UHF-RFID-Aufklebern im Fahrzeugmanagement<\/span><\/h2><p><span class=\"AnswerParser_TextContainer__z_Iiv\" style=\"color: #000000;\" data-testid=\"youchat-text\">UHF-RFID-Aufkleber haben ein breites Anwendungsspektrum im Fahrzeugmanagement, darunter:<\/span><\/p><ul class=\"AnswerParser_AnswerParserUnorderedList__P_1FW\"><li class=\"AnswerParser_ListItem__XqLOV\" translate=\"yes\"><span style=\"color: #000000;\"><strong>Flottenmanagement<\/strong>: Unternehmen k\u00f6nnen RFID-Aufkleber verwenden, um ihre Flottenfahrzeuge zu verfolgen, die Nutzung zu \u00fcberwachen und Routen f\u00fcr mehr Effizienz zu optimieren.<\/span><\/li><li class=\"AnswerParser_ListItem__XqLOV\" translate=\"yes\"><span style=\"color: #000000;\"><strong>Parkzugangskontrolle<\/strong>: RFID-Aufkleber k\u00f6nnen f\u00fcr automatisierte Parksysteme verwendet werden und erm\u00f6glichen Fahrzeugen die Ein- und Ausfahrt ohne physische Tickets oder Ausweise.<\/span><\/li><li class=\"AnswerParser_ListItem__XqLOV\" translate=\"yes\"><span style=\"color: #000000;\"><strong>Bestandsverwaltung<\/strong>: In Lagern und in der Logistik helfen RFID-Aufkleber dabei, Fahrzeuge und Verm\u00f6genswerte zu verfolgen, genaue Bestandsaufzeichnungen zu gew\u00e4hrleisten und Verluste zu reduzieren.<\/span><\/li><\/ul><p><span class=\"AnswerParser_TextContainer__z_Iiv\" style=\"color: #000000;\" data-testid=\"youchat-text\">Diese Anwendungen demonstrieren die Vielseitigkeit und Wirksamkeit von UHF-RFID-Aufklebern in verschiedenen Fahrzeugmanagement-Szenarien.<\/span><\/p><h2 class=\"AnswerParser_AnswerParserH2__SIHnF\"><span style=\"color: #000000;\">Technische Daten von UHF-RFID-Aufklebern<\/span><\/h2><div class=\"AnswerParser_TableContainer__Erb6v\" data-testid=\"table-container\"><table><thead><tr><th style=\"text-align: left;\"><span style=\"color: #000000;\">Besonderheit<\/span><\/th><th style=\"text-align: left;\"><span style=\"color: #000000;\">Spezifikation<\/span><\/th><\/tr><\/thead><tbody><tr><td style=\"text-align: left;\"><span style=\"color: #000000;\">Frequenz<\/span><\/td><td style=\"text-align: left;\"><span style=\"color: #000000;\">860-960 MHz<\/span><\/td><\/tr><tr><td><span style=\"color: #000000;\">Chips<\/span><\/td><td><span style=\"color: #000000;\">U-Code 9, Alien H3, Alien 9 usw.<\/span><\/td><\/tr><tr><td><span style=\"color: #000000;\">Klebstoff<\/span><\/td><td><span style=\"color: #000000;\">Langlebig, witterungsbest\u00e4ndig<\/span><\/td><\/tr><tr><td><span style=\"color: #000000;\">Lesebereich<\/span><\/td><td><span style=\"color: #000000;\">Bis zu mehreren Metern<\/span><\/td><\/tr><tr><td><span style=\"color: #000000;\">Kompatibilit\u00e4t<\/span><\/td><td><span style=\"color: #000000;\">Funktioniert mit UHF-RFID-Leseger\u00e4ten<\/span><\/td><\/tr><tr><td><span style=\"color: #000000;\">Ma\u00dfe<\/span><\/td><td><span style=\"color: #000000;\">Anpassbare Gr\u00f6\u00dfen verf\u00fcgbar<\/span><\/td><\/tr><\/tbody><\/table><h2 class=\"AnswerParser_AnswerParserH2__SIHnF\"><span style=\"color: #000000;\">Umweltauswirkungen von UHF-RFID-Aufklebern<\/span><\/h2><p><span class=\"AnswerParser_TextContainer__z_Iiv\" style=\"color: #000000;\" data-testid=\"youchat-text\">UHF-RFID-Aufkleber werden im Hinblick auf Nachhaltigkeit entwickelt. Die bei ihrer Herstellung verwendeten Materialien sind h\u00e4ufig recycelbar und die Aufkleber selbst sind langlebig, sodass sie nicht so oft ausgetauscht werden m\u00fcssen. Durch die Implementierung der RFID-Technologie k\u00f6nnen Unternehmen au\u00dferdem den Papierm\u00fcll reduzieren, der mit herk\u00f6mmlichen Methoden zur Fahrzeugverfolgung verbunden ist, und so zu einem nachhaltigeren Betrieb beitragen.<\/span><\/p><h2 class=\"AnswerParser_AnswerParserH2__SIHnF\"><span style=\"color: #000000;\">Kundenbewertungen und Feedback<\/span><\/h2><p><span style=\"color: #000000;\"><span class=\"AnswerParser_TextContainer__z_Iiv\" data-testid=\"youchat-text\">Kunden, die UHF-RFID-Aufkleber f\u00fcr ihre Fahrzeuge verwendet haben, berichten von hoher Zufriedenheit. Viele sch\u00e4tzen die einfache Installation und den Komfort der automatischen Nachverfolgung. Benutzer haben festgestellt, dass die Aufkleber bei verschiedenen Wetterbedingungen gut funktionieren und eine zuverl\u00e4ssige Zugangskontrolle f\u00fcr Parkeinrichtungen bieten.<\/span><span class=\"AnswerParser_TextContainer__z_Iiv\" data-testid=\"youchat-text\">Positives Feedback unterstreicht die Wirksamkeit von UHF-RFID-Aufklebern bei der Verbesserung von Fahrzeugmanagementprozessen und macht sie sowohl bei Unternehmen als auch bei Privatpersonen zu einer beliebten Wahl.<\/span><\/span><\/p><h2 class=\"AnswerParser_AnswerParserH2__SIHnF\"><span style=\"color: #000000;\">H\u00e4ufig gestellte Fragen zu UHF-RFID-Aufklebern f\u00fcr Autos<\/span><\/h2><p><span style=\"color: #000000;\"><span class=\"AnswerParser_TextContainer__z_Iiv\" data-testid=\"youchat-text\"><strong>F: K\u00f6nnen UHF-RFID-Aufkleber entfernt und wiederverwendet werden?<\/strong><br \/>A: UHF-RFID-Aufkleber sind zwar auf Langlebigkeit ausgelegt, sind jedoch normalerweise f\u00fcr den Einmalgebrauch vorgesehen. Durch das Entfernen k\u00f6nnen ihre Klebeeigenschaften beeintr\u00e4chtigt werden.\u00a0 \u00a0 \u00a0 \u00a0 \u00a0<\/span><\/span><\/p><p><span style=\"color: #000000;\"><span class=\"AnswerParser_TextContainer__z_Iiv\" data-testid=\"youchat-text\"><strong>F: Wie lange halten UHF-RFID-Aufkleber?<\/strong><br \/>A: Bei ordnungsgem\u00e4\u00dfer Installation und Pflege k\u00f6nnen UHF-RFID-Aufkleber mehrere Jahre halten, selbst unter rauen Umgebungsbedingungen.\u00a0<\/span><\/span><\/p><p><span style=\"color: #000000;\"><span class=\"AnswerParser_TextContainer__z_Iiv\" data-testid=\"youchat-text\"> \u00a0<\/span><span class=\"AnswerParser_TextContainer__z_Iiv\" data-testid=\"youchat-text\"><strong>F: Sind UHF-RFID-Aufkleber wasserdicht?<\/strong><br \/>A: Ja, die meisten UHF-RFID-Aufkleber sind wetterbest\u00e4ndig und daher f\u00fcr den Einsatz im Freien geeignet.<\/span><\/span><\/p><\/div>\t\t\t\t\t\t\t\t<\/div>\n\t\t\t\t<\/div>\n\t\t\t\t\t<\/div>\n\t\t\t\t<\/div>\n\t\t\t\t<\/div>","protected":false},"excerpt":{"rendered":"<p>UHF-RFID-Aufkleber erm\u00f6glichen eine zuverl\u00e4ssige Fahrzeugidentifikation f\u00fcr die Zugangskontrolle und Bestandsverwaltung und verbessern so die Flotten\u00fcbersicht und die Parkeffizienz.<\/p>","protected":false},"featured_media":2544,"template":"","meta":{"_kad_post_transparent":"default","_kad_post_title":"","_kad_post_layout":"default","_kad_post_sidebar_id":"","_kad_post_content_style":"default","_kad_post_vertical_padding":"default","_kad_post_feature":"","_kad_post_feature_position":"","_kad_post_header":false,"_kad_post_footer":false,"_kad_post_classname":""},"product_brand":[],"product_cat":[54],"product_tag":[100,285,284],"class_list":{"0":"post-2543","1":"product","2":"type-product","3":"status-publish","4":"has-post-thumbnail","6":"product_cat-hot-selling-rfid-tags","7":"product_tag-rfid-label","8":"product_tag-rfid-tag","9":"product_tag-uhf-rfid-sticker","11":"first","12":"instock","13":"shipping-taxable","14":"product-type-simple","15":"entry","16":"content-bg","17":"loop-entry"},"_links":{"self":[{"href":"https:\/\/rfid-laundry-tag.com\/de\/wp-json\/wp\/v2\/product\/2543","targetHints":{"allow":["GET"]}}],"collection":[{"href":"https:\/\/rfid-laundry-tag.com\/de\/wp-json\/wp\/v2\/product"}],"about":[{"href":"https:\/\/rfid-laundry-tag.com\/de\/wp-json\/wp\/v2\/types\/product"}],"version-history":[{"count":5,"href":"https:\/\/rfid-laundry-tag.com\/de\/wp-json\/wp\/v2\/product\/2543\/revisions"}],"predecessor-version":[{"id":2558,"href":"https:\/\/rfid-laundry-tag.com\/de\/wp-json\/wp\/v2\/product\/2543\/revisions\/2558"}],"wp:featuredmedia":[{"embeddable":true,"href":"https:\/\/rfid-laundry-tag.com\/de\/wp-json\/wp\/v2\/media\/2544"}],"wp:attachment":[{"href":"https:\/\/rfid-laundry-tag.com\/de\/wp-json\/wp\/v2\/media?parent=2543"}],"wp:term":[{"taxonomy":"product_brand","embeddable":true,"href":"https:\/\/rfid-laundry-tag.com\/de\/wp-json\/wp\/v2\/product_brand?post=2543"},{"taxonomy":"product_cat","embeddable":true,"href":"https:\/\/rfid-laundry-tag.com\/de\/wp-json\/wp\/v2\/product_cat?post=2543"},{"taxonomy":"product_tag","embeddable":true,"href":"https:\/\/rfid-laundry-tag.com\/de\/wp-json\/wp\/v2\/product_tag?post=2543"}],"curies":[{"name":"wp","href":"https:\/\/api.w.org\/{rel}","templated":true}]}}