{"id":204,"date":"2024-06-18T09:26:05","date_gmt":"2024-06-18T09:26:05","guid":{"rendered":"https:\/\/rfid-laundry-tag.com\/?post_type=product&#038;p=204"},"modified":"2024-09-26T03:20:13","modified_gmt":"2024-09-26T03:20:13","slug":"textile-fabric-rfid-laundry-tags","status":"publish","type":"product","link":"https:\/\/rfid-laundry-tag.com\/de\/textile-fabric-rfid-laundry-tags\/","title":{"rendered":"RFID-W\u00e4scheetiketten aus Textilgewebe"},"content":{"rendered":"<div>\n<div class=\"auto-hide-last-sibling-br paragraph_1252f paragraph-element\">\n<table width=\"637\">\n<tbody>\n<tr>\n<td width=\"328\">Artikelname:<\/td>\n<td width=\"309\"><strong>RFID-W\u00e4scheetiketten aus Textilgewebe<\/strong><\/td>\n<\/tr>\n<tr>\n<td width=\"328\">RFID-Standard:<\/td>\n<td width=\"309\">ISO\/IEC 18000-6 TypC (EPC Gen2)<\/td>\n<\/tr>\n<tr>\n<td width=\"328\">Gr\u00f6\u00dfe Gewicht:<\/td>\n<td width=\"309\">70\u00d715 mm, 0,6 g<\/td>\n<\/tr>\n<tr>\n<td width=\"328\">Chip-Typ:<\/td>\n<td width=\"309\">Impinj Monza 4QT, NXP U CODE 8, NXP U CODE 9<\/td>\n<\/tr>\n<tr>\n<td width=\"328\">EPC-Speicher:<\/td>\n<td width=\"309\">128 Bit<\/td>\n<\/tr>\n<tr>\n<td width=\"328\">Benutzerspeicher:<\/td>\n<td width=\"309\">512 Bit<\/td>\n<\/tr>\n<tr>\n<td width=\"328\">Lesereichweite (2 W ERP FCC):<\/td>\n<td width=\"309\">8 m<\/td>\n<\/tr>\n<tr>\n<td width=\"328\">Lesereichweite (2 W ERP ETSI):<\/td>\n<td width=\"309\">8 m<\/td>\n<\/tr>\n<tr>\n<td width=\"328\">Tagging:<\/td>\n<td width=\"309\">N\u00e4hen, Hei\u00dfpr\u00e4gekleber<\/td>\n<\/tr>\n<tr>\n<td width=\"328\">Gesch\u00e4tzte Lebensdauer:<\/td>\n<td width=\"309\">200 Waschzyklen oder 3 Jahre, je nachdem, was zuerst eintritt<\/td>\n<\/tr>\n<tr>\n<td width=\"328\">Waschmethode:<\/td>\n<td width=\"309\">W\u00e4scherei, chemische Reinigung<\/td>\n<\/tr>\n<tr>\n<td width=\"328\">Wasserentnahmedruck:<\/td>\n<td width=\"309\">60 bar<\/td>\n<\/tr>\n<tr>\n<td width=\"328\">Wasserbest\u00e4ndigkeit:<\/td>\n<td width=\"309\">Wasserfest<\/td>\n<\/tr>\n<tr>\n<td width=\"328\">Chemische Resistenz:<\/td>\n<td width=\"309\">Waschmittel, Weichsp\u00fcler, Bleichmittel (Sauerstoff\/Chlor), Alkali<\/td>\n<\/tr>\n<tr>\n<td width=\"328\">Vortrocknen im Tumbler:<\/td>\n<td width=\"309\">125 \u00baC f\u00fcr 15-20 Minuten<\/td>\n<\/tr>\n<tr>\n<td width=\"328\">Sterilisationstemperatur:<\/td>\n<td width=\"309\">135\u00b0C f\u00fcr 15-20 Minuten<\/td>\n<\/tr>\n<tr>\n<td width=\"328\">Waschtemperatur:<\/td>\n<td width=\"309\">90\u00b0C, Bis zu 15 Min.<\/td>\n<\/tr>\n<tr>\n<td width=\"328\">Luftfeuchtigkeit\/Temperatur-Betrieb:<\/td>\n<td width=\"309\">-20 bis 110 \u00b0C, 8 bis 95%RH<\/td>\n<\/tr>\n<tr>\n<td width=\"328\">Luftfeuchtigkeit\/ Temperatur-Lagerung:<\/td>\n<td width=\"309\">-40 bis 110 \u00b0C, 8 bis 95%RH<\/td>\n<\/tr>\n<\/tbody>\n<\/table>\n<\/div>\n<div class=\"auto-hide-last-sibling-br paragraph_1252f paragraph-element\"><\/div>\n<\/div>\n<div data-spm-anchor-id=\"a2700.details.0.i57.23b419c7xXORP0\">\n<div class=\"auto-hide-last-sibling-br paragraph_1252f paragraph-element\">\n<h2>Merkmale von RFID-W\u00e4scheetiketten aus Textilgewebe<\/h2>\n<h3>1. Langlebig und waschbar<\/h3>\n<p>Unser\u00a0<strong>waschbare RFID-Tags<\/strong>\u00a0sind sorgf\u00e4ltig entworfen, um den harten Waschbedingungen standzuhalten. Sie halten bis zu\u00a0<strong>200 Waschzyklen<\/strong>, die hohen Temperaturen beim Waschen und Trocknen standhalten. Die langlebigen Materialien und die verwendete Technologie sorgen daf\u00fcr, dass diese\u00a0<strong>Etiketten k\u00f6nnen angen\u00e4ht werden<\/strong>\u00a0in verschiedene Artikel, einschlie\u00dflich Bettw\u00e4sche und Kleidungsst\u00fccke, ohne deren Integrit\u00e4t zu beeintr\u00e4chtigen. Ob es sich um hei\u00dfes Waschen bei\u00a0<strong>90\u00b0C<\/strong>\u00a0oder Sterilisation bei\u00a0<strong>135\u00b0C<\/strong>, diese Etiketten sind f\u00fcr die Anforderungen industrieller W\u00e4schereien geeignet.<\/p>\n<h3>2. Nahtlose Integration mit RFID-Systemen<\/h3>\n<p>Der\u00a0<strong>UHF-RFID-Technologie<\/strong>\u00a0eingebettet in die W\u00e4scheetiketten erm\u00f6glicht eine nahtlose Integration in bestehende W\u00e4schemanagementsysteme. Egal, ob Sie\u00a0<strong>RFID-Leseger\u00e4te<\/strong>\u00a0f\u00fcr die automatisierte Nachverfolgung oder die Einbindung in eine umfangreichere\u00a0<strong>Bestandsverwaltung<\/strong>\u00a0System bieten diese Tags die notwendige Kompatibilit\u00e4t f\u00fcr optimierte Abl\u00e4ufe. Die zuverl\u00e4ssige Lesereichweite von bis zu\u00a0<strong>8 Meter<\/strong>\u00a0sorgt f\u00fcr eine genaue Nachverfolgung und h\u00e4lt Ihren W\u00e4schebestand unter Kontrolle.<\/p>\n<h3>3. Erweiterte Tracking- und Verwaltungsfunktionen<\/h3>\n<p>Mit\u00a0<strong>RFID-W\u00e4scheetiketten<\/strong>k\u00f6nnen Sie jedes W\u00e4schest\u00fcck durch jede Phase des\u00a0<strong>Waschvorgang<\/strong>. Eine effiziente Identifizierung und Bestandsverfolgung f\u00fchrt zu umsetzbaren Erkenntnissen und verbessert die allgemeine Bestandskontrolle. Sie k\u00f6nnen die Bewegung jedes\u00a0<strong>Textilartikel<\/strong>, um sicherzustellen, dass sie umgehend an die richtigen Personen oder Orte zur\u00fcckgegeben werden. Diese Transparenz ist f\u00fcr die Aufrechterhaltung der Kundenzufriedenheit in Branchen wie dem Gastgewerbe und dem Gesundheitswesen von entscheidender Bedeutung.<\/p>\n<h3>4. Robuste chemische Best\u00e4ndigkeit<\/h3>\n<p>Unser\u00a0<strong>W\u00e4scheetiketten aus Stoff<\/strong>\u00a0sind so konstruiert, dass sie verschiedene Chemikalien vertragen, die typischerweise in industriellen W\u00e4schereien verwendet werden. Sie sind best\u00e4ndig gegen Waschmittel, Weichsp\u00fcler und Bleichmittel, einschlie\u00dflich Sauerstoff- und Chlorvarianten. Diese chemische Widerstandsf\u00e4higkeit verl\u00e4ngert die Lebensdauer der Etiketten und gew\u00e4hrleistet eine zuverl\u00e4ssige Leistung, selbst in den h\u00e4rtesten Waschumgebungen.<\/p>\n<h3>5. Mehrere Tagging-Optionen<\/h3>\n<p>Textile RFID W\u00e4scheetiketten bieten vielseitige\u00a0<strong>Tagging-Optionen<\/strong>Kunden k\u00f6nnen w\u00e4hlen zwischen\u00a0<strong>N\u00e4hen<\/strong>\u00a0die Etiketten direkt in Kleidungsst\u00fccke einarbeiten oder\u00a0<strong>Hei\u00dfpr\u00e4gekleber<\/strong>\u00a0zur sicheren Befestigung. Diese Anpassungsf\u00e4higkeit erm\u00f6glicht eine einfache Integration in bestehende Textilien, ohne deren Funktion oder Optik zu beeintr\u00e4chtigen.<\/p>\n<h3 class=\"wp-block-heading\">Installation von RFID-W\u00e4scheetiketten aus Textilgewebe<\/h3>\n<p><strong>Stichmarkierung<\/strong>: Zum Einn\u00e4hen in den Saum eines Textils. N\u00e4hen Sie das W\u00e4scheetikett abseits der Faltlinien.<br \/>\n<strong>Hei\u00dfsiegel<\/strong>: Wird bei +200 \u00b0C (392 \u00b0F) f\u00fcr 12\u201314 s direkt auf dem Textil hei\u00dfversiegelt.<br \/>\n<strong>Im Beutel<\/strong>: Wird wie ein normales Pflegeetikett aufgen\u00e4ht. N\u00e4hen Sie das W\u00e4scheetikett abseits der Faltlinien auf.<\/p>\n<h2>Vorteile des RFID-W\u00e4schemanagements<\/h2>\n<h3>Verbesserte Betriebseffizienz<\/h3>\n<p>Eingliederung\u00a0<strong>RFID-Tags<\/strong>\u00a0in Ihre\u00a0<strong>W\u00e4schemanagement<\/strong>\u00a0Prozesse verbessern die betriebliche Effizienz erheblich. Automatisierte Tracking-Systeme machen arbeitsintensive manuelle Prozesse \u00fcberfl\u00fcssig und reduzieren den Personalaufwand und die Kosten f\u00fcr die Artikelverfolgung. So k\u00f6nnen sich die Mitarbeiter auf Kernaufgaben konzentrieren, die dem Unternehmen einen Mehrwert bieten, was die Gesamtproduktivit\u00e4t steigert.<\/p>\n<h3>\u00dcberlegenes Asset Tracking<\/h3>\n<p>Mithilfe der RFID-Technologie k\u00f6nnen Sie jedes W\u00e4schest\u00fcck \u00fcber seinen gesamten Lebenszyklus hinweg verfolgen, von der ersten Verarbeitung bis zur R\u00fcckgabe an den Service. Diese hervorragende M\u00f6glichkeit zur Nachverfolgung von Verm\u00f6genswerten hilft, Verluste zu vermeiden und stellt sicher, dass alle Artikel erfasst werden, was insbesondere in Umgebungen mit hohem W\u00e4scheaufkommen wie Krankenh\u00e4usern und Hotels wichtig ist.<\/p>\n<h3>Konformit\u00e4t mit Industriestandards<\/h3>\n<p>Die RFID-W\u00e4scheetiketten sind so konzipiert, dass sie strenge Industriestandards hinsichtlich Haltbarkeit und Leistung erf\u00fcllen. Ihr robustes Design eignet sich f\u00fcr anspruchsvolle Umgebungen und macht sie ideal f\u00fcr gewerbliche Anwendungen. Wenn Sie sich f\u00fcr unsere textilen RFID-Etiketten entscheiden, richten Sie Ihre W\u00e4schereiabl\u00e4ufe nach f\u00fchrenden Praktiken aus und stellen sicher, dass Ihr Unternehmen wettbewerbsf\u00e4hig bleibt.<\/p>\n<hr \/>\n<h2>Kundenstimmen<\/h2>\n<blockquote><p>\u201eSeit wir die RFID-W\u00e4scheetiketten eingef\u00fchrt haben, ist der W\u00e4scheverlust deutlich zur\u00fcckgegangen. Das Trackingsystem hat unser W\u00e4schemanagement grundlegend ver\u00e4ndert!\u201c \u2014\u00a0<em>Mary T., Facility Manager<\/em><\/p><\/blockquote>\n<blockquote><p>\u201eDie RFID-Tags halten nicht nur den Waschvorg\u00e4ngen stand, sie haben unsere Durchlaufzeiten auch erheblich verbessert.\u201c \u2014\u00a0<em>John D., Betriebsleiter<\/em><\/p><\/blockquote>\n<hr \/>\n<h2>H\u00e4ufig gestellte Fragen (FAQs)<\/h2>\n<p><strong>F: Wie lange sind RFID-W\u00e4scheetiketten haltbar?<\/strong><br \/>\nA: Unsere\u00a0<strong>RFID-W\u00e4scheetiketten<\/strong>\u00a0haben eine gesch\u00e4tzte Lebensdauer von\u00a0<strong>200 Waschzyklen oder 3 Jahre<\/strong>, abh\u00e4ngig von den Nutzungsbedingungen.<\/p>\n<p><strong>F: K\u00f6nnen diese Etiketten hohen Temperaturen standhalten?<\/strong><br \/>\nA: Ja, diese Etiketten sind f\u00fcr Waschtemperaturen bis zu\u00a0<strong>90\u00b0C<\/strong>, Sterilisation bei\u00a0<strong>135\u00b0C<\/strong>, und Vortrocknungsbedingungen, wodurch sie perfekt f\u00fcr industrielle W\u00e4schereien geeignet sind.<\/p>\n<p><strong>F: Sind die Etiketten chemikalienbest\u00e4ndig?<\/strong><br \/>\nA: Auf jeden Fall. Diese Etiketten sind best\u00e4ndig gegen \u00fcbliche Waschmittel wie Waschmittel, Weichsp\u00fcler und Bleichmittel.<\/p>\n<h3>Abschluss<\/h3>\n<div class=\"auto-hide-last-sibling-br paragraph_1252f paragraph-element\"><strong>RFID-W\u00e4scheetiketten aus Textilgewebe<\/strong> sind speziell entwickelte RFID-Tags f\u00fcr Textilien, die umfangreichen industriellen Waschprozessen, einschlie\u00dflich Sterilisation und B\u00fcgeln, unterzogen werden.<\/div>\n<div class=\"auto-hide-last-sibling-br paragraph_1252f paragraph-element\">Diese <strong>RFID-W\u00e4scheetiketten aus Textilgewebe<\/strong> sind f\u00fcr die effektive Identifizierung, R\u00fcckverfolgung und Verwaltung von W\u00e4sche und Textilien von grundlegender Bedeutung. F\u00fcr Unternehmen, die auf einen kontinuierlichen Umlauf sauberer Textilien, Uniformen, Arbeitskleidung, medizinischer Kleidung oder Reinigungsartikel angewiesen sind, k\u00f6nnen diese W\u00e4scheetiketten die Leistung automatisierter Systeme erheblich steigern. Sie erm\u00f6glichen eine schnellere und genauere Verfolgung einer gro\u00dfen Anzahl einzelner Artikel und verbessern so die Bestandskontrolle und reduzieren Verluste. Dies f\u00fchrt zu erheblichen Zeit- und Kosteneinsparungen sowie einer gesteigerten Produktivit\u00e4t f\u00fcr solche Unternehmen.<\/div>\n<\/div>\n<\/div>\n<div class=\"auto-hide-last-sibling-br paragraph_1252f paragraph-element\">\n<div class=\"auto-hide-last-sibling-br paragraph_1252f paragraph-element\"><strong>RFID-Textiletikett<\/strong> f\u00fcr die W\u00e4sche von Uniformen und Leinen sind in einer Vielzahl von Branchen unverzichtbar, da sie eine effiziente Anlagenverfolgung, Bestandsverwaltung und Steigerung der allgemeinen Betriebseffizienz entscheidend vorantreiben. Hier ein Einblick in ihre Anwendung in verschiedenen Sektoren:<\/div>\n<div><\/div>\n<p>&nbsp;<\/p>\n<\/div>\n<div class=\"auto-hide-last-sibling-br paragraph_1252f paragraph-element\"><\/div>","protected":false},"excerpt":{"rendered":"<p>Textile RFID-W\u00e4scheetiketten aus Stoff, hergestellt mit fortschrittlicher UHF-Technologie (860-960 MHz), entsprechen globalen Standards wie EPC Class1 Gen2 und ISO 18000. Diese UHF-Textilw\u00e4scheetiketten aus Stoff bieten eine Kombination aus Flexibilit\u00e4t und Robustheit, die \u00fcber 200 Waschzyklen und einem Druck von bis zu 60 Bar standhalten. Das bemerkenswerte Merkmal des UHF-RFID-Stoffw\u00e4scheetiketts ist sein Potenzial, Massenlesungen aus einigen Metern Entfernung zu erm\u00f6glichen, wodurch es als hocheffizientes Instrument f\u00fcr das W\u00e4schemanagement dient.<\/p>","protected":false},"featured_media":2675,"template":"","meta":{"_kad_post_transparent":"default","_kad_post_title":"","_kad_post_layout":"default","_kad_post_sidebar_id":"","_kad_post_content_style":"default","_kad_post_vertical_padding":"default","_kad_post_feature":"","_kad_post_feature_position":"","_kad_post_header":false,"_kad_post_footer":false,"_kad_post_classname":""},"product_brand":[],"product_cat":[19],"product_tag":[297,31,65,30],"class_list":{"0":"post-204","1":"product","2":"type-product","3":"status-publish","4":"has-post-thumbnail","6":"product_cat-textile-rfid-laundry-tag","7":"product_tag-rfid-chips-for-uniform","8":"product_tag-rfid-tag-for-linen-laundry","9":"product_tag-textile-rfid-laundry-tags","10":"product_tag-uhf-rfid-laundry-tag","12":"first","13":"instock","14":"featured","15":"shipping-taxable","16":"product-type-simple","17":"entry","18":"content-bg","19":"loop-entry"},"_links":{"self":[{"href":"https:\/\/rfid-laundry-tag.com\/de\/wp-json\/wp\/v2\/product\/204","targetHints":{"allow":["GET"]}}],"collection":[{"href":"https:\/\/rfid-laundry-tag.com\/de\/wp-json\/wp\/v2\/product"}],"about":[{"href":"https:\/\/rfid-laundry-tag.com\/de\/wp-json\/wp\/v2\/types\/product"}],"version-history":[{"count":3,"href":"https:\/\/rfid-laundry-tag.com\/de\/wp-json\/wp\/v2\/product\/204\/revisions"}],"predecessor-version":[{"id":2678,"href":"https:\/\/rfid-laundry-tag.com\/de\/wp-json\/wp\/v2\/product\/204\/revisions\/2678"}],"wp:featuredmedia":[{"embeddable":true,"href":"https:\/\/rfid-laundry-tag.com\/de\/wp-json\/wp\/v2\/media\/2675"}],"wp:attachment":[{"href":"https:\/\/rfid-laundry-tag.com\/de\/wp-json\/wp\/v2\/media?parent=204"}],"wp:term":[{"taxonomy":"product_brand","embeddable":true,"href":"https:\/\/rfid-laundry-tag.com\/de\/wp-json\/wp\/v2\/product_brand?post=204"},{"taxonomy":"product_cat","embeddable":true,"href":"https:\/\/rfid-laundry-tag.com\/de\/wp-json\/wp\/v2\/product_cat?post=204"},{"taxonomy":"product_tag","embeddable":true,"href":"https:\/\/rfid-laundry-tag.com\/de\/wp-json\/wp\/v2\/product_tag?post=204"}],"curies":[{"name":"wp","href":"https:\/\/api.w.org\/{rel}","templated":true}]}}