{"id":193,"date":"2024-06-16T05:59:05","date_gmt":"2024-06-16T05:59:05","guid":{"rendered":"https:\/\/rfid-laundry-tag.com\/?post_type=product&#038;p=193"},"modified":"2024-09-23T09:29:31","modified_gmt":"2024-09-23T09:29:31","slug":"rfid-chips-in-clothing","status":"publish","type":"product","link":"https:\/\/rfid-laundry-tag.com\/de\/rfid-chips-in-clothing\/","title":{"rendered":"RFID-Chips in Kleidung"},"content":{"rendered":"<div class=\"J_module\">\n<div class=\"ife-detail-decorate-table\">\n<table class=\"hight-light-first-column all magic-14\">\n<tbody>\n<tr>\n<td colspan=\"1\" rowspan=\"1\">\n<div class=\"magic-15\" data-spm-anchor-id=\"a2700.details.0.i95.236a58c1ycsfva\">Produktionsname:<\/div>\n<\/td>\n<td colspan=\"1\" rowspan=\"1\">\n<div class=\"magic-16\"><strong>RFID-Chips in Kleidung<\/strong><\/div>\n<\/td>\n<\/tr>\n<tr>\n<td colspan=\"1\" rowspan=\"1\">\n<div class=\"magic-15\"><span class=\"magic-17\">Material:<\/span><\/div>\n<\/td>\n<td colspan=\"1\" rowspan=\"1\">\n<div class=\"magic-16\">Polyester\/Zusammensetzung\/Satin\/Baumwolle\/Vlies\/PET usw.<\/div>\n<\/td>\n<\/tr>\n<tr>\n<td colspan=\"1\" rowspan=\"1\">\n<div class=\"magic-15\"><span class=\"magic-17\">Gr\u00f6\u00dfe:<\/span><\/div>\n<\/td>\n<td colspan=\"1\" rowspan=\"1\">\n<div class=\"magic-16\"><span class=\"magic-17\">80*38mm\/60*30mm oder individuell<\/span><\/div>\n<\/td>\n<\/tr>\n<tr>\n<td colspan=\"1\" rowspan=\"1\">\n<div class=\"magic-15\"><span class=\"magic-17\">Typ:<\/span><\/div>\n<\/td>\n<td colspan=\"1\" rowspan=\"1\">\n<div class=\"magic-16\"><span class=\"magic-17\">Passiv, RFID<\/span><\/div>\n<\/td>\n<\/tr>\n<tr>\n<td colspan=\"1\" rowspan=\"1\">\n<div class=\"magic-15\">RF-Protokoll:<\/div>\n<\/td>\n<td colspan=\"1\" rowspan=\"1\">\n<div class=\"magic-16\">ISO 18000-6C; EPC Klasse 1 Gen 2<\/div>\n<\/td>\n<\/tr>\n<tr>\n<td colspan=\"1\" rowspan=\"1\">\n<div class=\"magic-15\"><span class=\"magic-17\">Frequenz:<\/span><\/div>\n<\/td>\n<td colspan=\"1\" rowspan=\"1\">\n<div class=\"magic-16\"><span class=\"magic-17\">860~960MHz<\/span><\/div>\n<\/td>\n<\/tr>\n<tr>\n<td colspan=\"1\" rowspan=\"1\">\n<div class=\"magic-15\">Chip<\/div>\n<\/td>\n<td colspan=\"1\" rowspan=\"1\">\n<div class=\"magic-16\">Alien Higgs, Monza 3, Monza 4D, Monza 4QT, Monza R6, Monza R6-P, Impinj M730, Impinj M750 usw.<\/div>\n<\/td>\n<\/tr>\n<tr>\n<td colspan=\"1\" rowspan=\"1\">\n<div class=\"magic-15\"><span class=\"magic-17\">Leseentfernung:<\/span><\/div>\n<\/td>\n<td colspan=\"1\" rowspan=\"1\">\n<div class=\"magic-16\"><span class=\"magic-17\">UHF: 1~10\u00a0m (abh\u00e4ngig vom Leseger\u00e4t und der Antenne)<\/span><\/div>\n<\/td>\n<\/tr>\n<tr>\n<td colspan=\"1\" rowspan=\"1\">\n<div class=\"magic-15\"><span class=\"magic-17\">Fester Weg:<\/span><\/div>\n<\/td>\n<td colspan=\"1\" rowspan=\"1\">\n<div class=\"magic-16\"><span class=\"magic-17\">N\u00e4hen \/ B\u00fcgeln<\/span><\/div>\n<\/td>\n<\/tr>\n<tr>\n<td colspan=\"1\" rowspan=\"1\">\n<div class=\"magic-15\"><span class=\"magic-17\">Drucken:<\/span><\/div>\n<\/td>\n<td colspan=\"1\" rowspan=\"1\">\n<div class=\"magic-16\"><span class=\"magic-17\">Aufdruck, Kodierung, Seriennummer, Design etc.<\/span><\/div>\n<\/td>\n<\/tr>\n<tr>\n<td colspan=\"1\" rowspan=\"1\">\n<div class=\"magic-15\"><span class=\"magic-17\">IC-Lebensdauer:<\/span><\/div>\n<\/td>\n<td colspan=\"1\" rowspan=\"1\">\n<div class=\"magic-16\" data-spm-anchor-id=\"a2700.details.0.i94.236a58c1ycsfva\"><span class=\"magic-17\">100.000 Programmierzyklen<br \/>\n10 Jahre Datenaufbewahrung<\/span><\/div>\n<\/td>\n<\/tr>\n<tr>\n<td colspan=\"1\" rowspan=\"1\">\n<div class=\"magic-15\"><span class=\"magic-17\">Probenverf\u00fcgbarkeit:<\/span><\/div>\n<\/td>\n<td colspan=\"1\" rowspan=\"1\">\n<div class=\"magic-16\"><span class=\"magic-17\">Kostenlose Muster sind auf Anfrage erh\u00e4ltlich<\/span><\/div>\n<\/td>\n<\/tr>\n<tr>\n<td colspan=\"1\" rowspan=\"1\">\n<div class=\"magic-15\"><span class=\"magic-17\">Anwendungen:\u00a0<\/span><\/div>\n<\/td>\n<td colspan=\"1\" rowspan=\"1\">\n<div class=\"magic-16\"><span class=\"magic-17\">\u00b7 Bestandsverwaltung<br \/>\n\u00b7 Lieferkette<br \/>\n\u00b7 Einzelhandel<\/span><\/div>\n<\/td>\n<\/tr>\n<tr>\n<td colspan=\"1\" rowspan=\"1\">\n<div class=\"magic-15\"><span class=\"magic-17\">Verwenden<\/span><\/div>\n<\/td>\n<td colspan=\"1\" rowspan=\"1\">\n<div class=\"magic-16\"><span class=\"magic-17\">Kleidung, Bekleidung, Taschen, Schuhe usw.<\/span><\/div>\n<\/td>\n<\/tr>\n<\/tbody>\n<\/table>\n<\/div>\n<\/div>\n<div class=\"J_module\">\n<div class=\"detail-decorate-json-renderer-container\">\n<div class=\"magic-1\">\n<div class=\"magic-5\">\n<div class=\"magic-6\">\n<div>\n<h2 class=\"AnswerParser_AnswerParserH2__SIHnF\">Die Leistungsf\u00e4higkeit der RFID-Technologie bei der Verfolgung von Kleidungsst\u00fccken<\/h2>\n<p><span class=\"AnswerParser_TextContainer__z_Iiv\" data-testid=\"youchat-text\">Die RFID-Technologie (Radio Frequency Identification) hat die Bestandsverwaltung in zahlreichen Branchen revolutioniert und schl\u00e4gt nun auch in der Bekleidungsbranche hohe Wellen. Unsere UHF-RFID-Waschpflegeetiketten nutzen diese leistungsstarke Technologie, um beispiellose Tracking-Funktionen f\u00fcr Ihre Kleidungsst\u00fccke bereitzustellen.<\/span><span class=\"AnswerParser_TextContainer__z_Iiv\" data-testid=\"youchat-text\">Diese Etiketten kommunizieren \u00fcber Hochfrequenzsignale mit RFID-Leseger\u00e4ten und erm\u00f6glichen so eine schnelle und genaue Identifizierung von Kleidungsst\u00fccken, ohne dass ein Sichtscan erforderlich ist. So k\u00f6nnen Sie problemlos mehrere Artikel gleichzeitig verfolgen, was den Zeit- und Arbeitsaufwand f\u00fcr Bestandspr\u00fcfungen erheblich reduziert.<\/span><\/div>\n<\/div>\n<div>\n<div class=\"auto-hide-last-sibling-br paragraph_1252f paragraph-element\">\n<div class=\"auto-hide-last-sibling-br paragraph_1252f paragraph-element\">\n<div class=\"auto-hide-last-sibling-br paragraph_1252f paragraph-element\">\n<div class=\"auto-hide-last-sibling-br paragraph_1252f paragraph-element\">Sich von der Masse abzuheben und den Lagerbestand effizient zu verwalten, sind die wichtigsten Herausforderungen f\u00fcr Bekleidungsmarken. Die Einf\u00fchrung von RFID-Bekleidungsetiketten kann diese Probleme l\u00f6sen und Unternehmen dabei helfen, nicht nur ihr Markenimage und ihren Wert zu verbessern, sondern auch ihre globalen Lieferkettenabl\u00e4ufe zu beschleunigen.<\/div>\n<p>&nbsp;<\/p>\n<div class=\"auto-hide-last-sibling-br paragraph_1252f paragraph-element\">Unser Produktangebot reicht von grafisch verzierten Etiketten bis hin zu umweltschonenden Verpackungen mit RFID-Technologie (Radio Frequency Identification). Diese Angebote steigern die Attraktivit\u00e4t von Bekleidung f\u00fcr den Verbraucher und optimieren Inventar- und Lagerprozesse. Gleichzeitig erh\u00f6hen sie die Produktsicherheit und erm\u00f6glichen es Einzelh\u00e4ndlern, ihren Kunden mehr Zeit zu widmen.<\/div>\n<p>&nbsp;<\/p>\n<div class=\"auto-hide-last-sibling-br paragraph_1252f paragraph-element\">Auf diese Weise dienen RFID-Bekleidungsetiketten als Werkzeug mit doppeltem Nutzen: Sie steigern die Attraktivit\u00e4t der Marke und gew\u00e4hrleisten die Betriebseffizienz.<\/div>\n<\/div>\n<\/div>\n<div>\n<h2 class=\"AnswerParser_AnswerParserH2__SIHnF\">Anwendungen im gesamten Einzelhandel und dar\u00fcber hinaus<\/h2>\n<p><span class=\"AnswerParser_TextContainer__z_Iiv\" data-testid=\"youchat-text\">Aufgrund ihrer Vielseitigkeit eignen sich unsere RFID-Waschpflegeetiketten f\u00fcr zahlreiche Einsatzzwecke:<\/span><\/p>\n<ol class=\"AnswerParser_AnswerParserOrderedList__kl_2Y\">\n<li class=\"AnswerParser_ListItem__XqLOV\" translate=\"yes\"><strong>Einzelhandelsgesch\u00e4fte<\/strong>: Optimieren Sie die Bestandsverwaltung und verbessern Sie die Produktsichtbarkeit.<\/li>\n<li class=\"AnswerParser_ListItem__XqLOV\" translate=\"yes\"><strong>W\u00e4scheservice<\/strong>: Verfolgen Sie einzelne Kleidungsst\u00fccke m\u00fchelos durch die Waschzyklen.<\/li>\n<li class=\"AnswerParser_ListItem__XqLOV\" translate=\"yes\"><strong>Uniformen und Berufsbekleidung<\/strong>: Gro\u00dfe Mengen \u00e4hnlicher Artikel effizient verwalten.<\/li>\n<li class=\"AnswerParser_ListItem__XqLOV\" translate=\"yes\"><strong>Gastgewerbe<\/strong>: Behalten Sie Bettw\u00e4sche, Handt\u00fccher und Personaluniformen im Auge.<\/li>\n<li class=\"AnswerParser_ListItem__XqLOV\" translate=\"yes\"><strong>Medizinische Kittel<\/strong>: Sorgen Sie f\u00fcr die ordnungsgem\u00e4\u00dfe Reinigung und Verteilung der Gesundheitskleidung.<\/li>\n<li class=\"AnswerParser_ListItem__XqLOV\" translate=\"yes\"><strong>Kost\u00fcmverleih<\/strong>: Vereinfachen Sie den Ausleih- und R\u00fcckgabeprozess f\u00fcr Vermietungsunternehmen.<\/li>\n<\/ol>\n<\/div>\n<div class=\"auto-hide-last-sibling-br paragraph_1252f paragraph-element\">\n<div class=\"auto-hide-last-sibling-br paragraph_1252f paragraph-element\">\n<h2 class=\"AnswerParser_AnswerParserH2__SIHnF\">Verbessern Sie die Transparenz Ihrer Lieferkette<\/h2>\n<p><span class=\"AnswerParser_TextContainer__z_Iiv\" data-testid=\"youchat-text\">Durch die Integration unserer RFID-Waschpflegeetiketten in Ihre Kleidungsst\u00fccke erhalten Sie beispiellose Transparenz in Ihrer Lieferkette. Verfolgen Sie Ihre Kleidung von der Herstellung bis zum Verkauf und sogar durch mehrere Waschzyklen in industriellen W\u00e4schereien.<\/span><span class=\"AnswerParser_TextContainer__z_Iiv\" data-testid=\"youchat-text\">Diese verbesserte Sichtbarkeit erm\u00f6glicht Ihnen:<\/span><\/p>\n<ul class=\"AnswerParser_AnswerParserUnorderedList__P_1FW\">\n<li class=\"AnswerParser_ListItem__XqLOV\" translate=\"yes\">Reduzieren Sie Schrumpfung und Verlust<\/li>\n<li class=\"AnswerParser_ListItem__XqLOV\" translate=\"yes\">Verbessern Sie die Effizienz des Produktaustauschs<\/li>\n<li class=\"AnswerParser_ListItem__XqLOV\" translate=\"yes\">Optimieren Sie Lagerbest\u00e4nde<\/li>\n<li class=\"AnswerParser_ListItem__XqLOV\" translate=\"yes\">Steigern Sie die Kundenzufriedenheit durch bessere Produktverf\u00fcgbarkeit<\/li>\n<\/ul>\n<h2 class=\"AnswerParser_AnswerParserH2__SIHnF\">Einfache Installation und Verwendung<\/h2>\n<p><span class=\"AnswerParser_TextContainer__z_Iiv\" data-testid=\"youchat-text\">Unsere RFID-Waschpflegeetiketten sind f\u00fcr die nahtlose Integration in Ihre Kleidungsst\u00fccke konzipiert:<\/span><\/p>\n<ol class=\"AnswerParser_AnswerParserOrderedList__kl_2Y\">\n<li class=\"AnswerParser_ListItem__XqLOV\" translate=\"yes\"><strong>Einn\u00e4hoption<\/strong>: Traditionelle Befestigungsmethode f\u00fcr Langlebigkeit.<\/li>\n<li class=\"AnswerParser_ListItem__XqLOV\" translate=\"yes\"><strong>Aufb\u00fcgelbare Applikation<\/strong>: Schnelle und einfache Installation durch W\u00e4rme\u00fcbertragungstechnologie.<\/li>\n<\/ol>\n<p><span class=\"AnswerParser_TextContainer__z_Iiv\" data-testid=\"youchat-text\">Beide Methoden stellen sicher, dass das Etikett w\u00e4hrend der gesamten Lebensdauer des Kleidungsst\u00fccks sicher befestigt bleibt.<\/span><\/p>\n<div class=\"auto-hide-last-sibling-br paragraph_1252f paragraph-element\"><strong>Hier sind einige Beispiele, wie erstklassige Bekleidungsmarken RFID-UHF-Tags erfolgreich implementiert haben:<\/strong><\/div>\n<ol class=\"auto-hide-last-sibling-br\">\n<li>\n<div class=\"auto-hide-last-sibling-br paragraph_1252f paragraph-element\"><strong>Prada<\/strong>: Diese ber\u00fchmte italienische Luxusmarke f\u00fchrte 2001 RFID-Tags ein, die eine detaillierte Aufzeichnung von Informationen wie Stil, Gr\u00f6\u00dfe, Farbe und Preis erm\u00f6glichen. Interessanterweise werden den Prada-Kunden, wenn sie durch ihre Gesch\u00e4fte gehen, entsprechende Outfits an den Models im Laden angezeigt, was einem High-Fashion-Laufsteg in Mailand \u00e4hnelt. Dieser innovative Einsatz der RFID-Technologie erh\u00f6ht die Zufriedenheit der Prada-Kunden nach dem Kauf.<\/div>\n<\/li>\n<li>\n<div class=\"auto-hide-last-sibling-br paragraph_1252f paragraph-element\"><strong>HM<\/strong>: Diese internationale Marke nutzt seit 2014 die RFID-Technologie. In geplanten 1.800 Gesch\u00e4ften erm\u00f6glicht die RFID-Technologie die automatische Verfolgung von Produktkategorien, Mengen und Verbrauch.<\/div>\n<\/li>\n<li>\n<div class=\"auto-hide-last-sibling-br paragraph_1252f paragraph-element\"><strong>ZARA<\/strong>: Im ersten Halbjahr 2016 erkl\u00e4rte ZARAs Mutterkonzern Inditex, dass der Einsatz von RFID-Technologie das Bestands- und Liefermanagement f\u00fcr rund 70 % seiner Marken verbessert habe. Diese Implementierung f\u00fchrte zu einer Umsatzsteigerung von 11,1 % und einem Gewinnanstieg von 7,5 % in H\u00f6he von 1,26 Milliarden Euro.<\/div>\n<\/li>\n<li>\n<div class=\"auto-hide-last-sibling-br paragraph_1252f paragraph-element\"><strong>Uniqlo<\/strong>: Im Jahr 2017 k\u00fcndigte Uniqlo seinen Plan an, RFID-UHF-Tags in 3.000 Gesch\u00e4ften weltweit einzuf\u00fchren und war damit der erste japanische Einzelh\u00e4ndler, der weltweit elektronische Tags einsetzt.<\/div>\n<\/li>\n<\/ol>\n<div class=\"auto-hide-last-sibling-br paragraph_1252f paragraph-element\">Dies sind nur einige Einblicke in die Art und Weise, wie f\u00fchrende Bekleidungsmarken RFID-Tags nutzen. Seit 2019 hat praktisch jede Weltklassemarke ihre Kleidungsst\u00fccke mit RFID-Tags versehen, was zu \u00fcber 20 Milliarden markierten Kleidungsst\u00fccken gef\u00fchrt hat \u2013 eine Zahl, die weiterhin deutlich w\u00e4chst. Andere namhafte Marken, die diese Technologie \u00fcbernommen haben, sind NIKE und Walmart.<\/div>\n<\/div>\n<\/div>\n<\/div>\n<h2 class=\"AnswerParser_AnswerParserH2__SIHnF\">Kontaktieren Sie uns f\u00fcr eine individuelle L\u00f6sung<\/h2>\n<p><span class=\"AnswerParser_TextContainer__z_Iiv\" data-testid=\"youchat-text\">Sind Sie bereit, Ihr W\u00e4schemanagement mit unseren UHF-RFID-Waschpflegeetiketten zu revolutionieren? Wir helfen Ihnen, die perfekte L\u00f6sung f\u00fcr Ihre Bed\u00fcrfnisse zu finden.<\/span><\/p>\n<ul class=\"AnswerParser_AnswerParserUnorderedList__P_1FW\">\n<li class=\"AnswerParser_ListItem__XqLOV\" translate=\"yes\"><strong>Kostenlose Proben<\/strong>: Fordern Sie kostenlose Muster zum Testen in Ihrer Umgebung an.<\/li>\n<li class=\"AnswerParser_ListItem__XqLOV\" translate=\"yes\"><strong>Anpassung<\/strong>: Teilen Sie uns Ihre spezifischen Anforderungen f\u00fcr eine ma\u00dfgeschneiderte L\u00f6sung mit.<\/li>\n<li class=\"AnswerParser_ListItem__XqLOV\" translate=\"yes\"><strong>Fachberatung<\/strong>: Unser Team aus RFID-Spezialisten beantwortet gerne Ihre Fragen.<\/li>\n<\/ul>\n<p><span class=\"AnswerParser_TextContainer__z_Iiv\" data-testid=\"youchat-text\">Lassen Sie nicht zu, dass ineffizientes Bestandsmanagement Ihr Unternehmen bremst. Nutzen Sie die Zukunft der Kleiderverfolgung mit unseren innovativen RFID-Waschpflegeetiketten. F\u00fcllen Sie noch heute unser Anfrageformular aus und starten Sie Ihre Reise zu einem intelligenteren, effizienteren Kleidermanagement.<\/span><span class=\"AnswerParser_TextContainer__z_Iiv\" data-testid=\"youchat-text\">Verwandte Produkte:<\/span><\/p>\n<ul class=\"AnswerParser_AnswerParserUnorderedList__P_1FW\">\n<li class=\"AnswerParser_ListItem__XqLOV\" translate=\"yes\">RFID-H\u00e4ngeetiketten f\u00fcr den Einzelhandel<\/li>\n<li class=\"AnswerParser_ListItem__XqLOV\" translate=\"yes\">NFC-f\u00e4hige Pflegeetiketten<\/li>\n<li class=\"AnswerParser_ListItem__XqLOV\" translate=\"yes\">Bluetooth Low Energy (BLE)-Asset-Tracker<\/li>\n<\/ul>\n<p><span class=\"AnswerParser_TextContainer__z_Iiv\" data-testid=\"youchat-text\">Erleben Sie die Leistungsf\u00e4higkeit der RFID-Technologie in Ihrem Bekleidungsgesch\u00e4ft. Kontaktieren Sie uns jetzt, um zu erfahren, wie unsere waschbaren RFID-Tags Ihren Betrieb ver\u00e4ndern und Ihnen einen Wettbewerbsvorteil in der schnelllebigen Welt der Mode und Textilien verschaffen k\u00f6nnen.<\/span><\/p>\n<\/div>\n<div class=\"magic-6\">\n<div><\/div>\n<\/div>\n<\/div>\n<\/div>\n<\/div>\n<\/div>","protected":false},"excerpt":{"rendered":"<p>Der Prozess beginnt mit der Anbringung von RFID-Chips in der Kleidung an einzelnen Kleidungsst\u00fccken. Diese Tags k\u00f6nnen an verschiedenen Stellen in der Lieferkette gescannt werden und erm\u00f6glichen so eine Echtzeit-Bestandsverfolgung, Standort\u00fcberpr\u00fcfung und Bewegungsverfolgung von Komponenten und Fertigprodukten. Dieses System bietet einen umfassenden, sofortigen Mechanismus zur Verwaltung und \u00dcberwachung von Best\u00e4nden und Produkten.<\/p>","protected":false},"featured_media":177,"template":"","meta":{"_kad_post_transparent":"default","_kad_post_title":"","_kad_post_layout":"default","_kad_post_sidebar_id":"","_kad_post_content_style":"default","_kad_post_vertical_padding":"default","_kad_post_feature":"","_kad_post_feature_position":"","_kad_post_header":false,"_kad_post_footer":false,"_kad_post_classname":""},"product_brand":[],"product_cat":[81,53],"product_tag":[87,93,83],"class_list":{"0":"post-193","1":"product","2":"type-product","3":"status-publish","4":"has-post-thumbnail","6":"product_cat-rfid-wash-care-clothing-label","7":"product_cat-rfid-clothes-tag","8":"product_tag-fabric-uhf-rfid-wash-care-tag","9":"product_tag-rfid-chips-in-clothing","10":"product_tag-rfid-wash-care-label","12":"first","13":"instock","14":"shipping-taxable","15":"product-type-simple","16":"entry","17":"content-bg","18":"loop-entry"},"_links":{"self":[{"href":"https:\/\/rfid-laundry-tag.com\/de\/wp-json\/wp\/v2\/product\/193","targetHints":{"allow":["GET"]}}],"collection":[{"href":"https:\/\/rfid-laundry-tag.com\/de\/wp-json\/wp\/v2\/product"}],"about":[{"href":"https:\/\/rfid-laundry-tag.com\/de\/wp-json\/wp\/v2\/types\/product"}],"version-history":[{"count":2,"href":"https:\/\/rfid-laundry-tag.com\/de\/wp-json\/wp\/v2\/product\/193\/revisions"}],"predecessor-version":[{"id":2652,"href":"https:\/\/rfid-laundry-tag.com\/de\/wp-json\/wp\/v2\/product\/193\/revisions\/2652"}],"wp:featuredmedia":[{"embeddable":true,"href":"https:\/\/rfid-laundry-tag.com\/de\/wp-json\/wp\/v2\/media\/177"}],"wp:attachment":[{"href":"https:\/\/rfid-laundry-tag.com\/de\/wp-json\/wp\/v2\/media?parent=193"}],"wp:term":[{"taxonomy":"product_brand","embeddable":true,"href":"https:\/\/rfid-laundry-tag.com\/de\/wp-json\/wp\/v2\/product_brand?post=193"},{"taxonomy":"product_cat","embeddable":true,"href":"https:\/\/rfid-laundry-tag.com\/de\/wp-json\/wp\/v2\/product_cat?post=193"},{"taxonomy":"product_tag","embeddable":true,"href":"https:\/\/rfid-laundry-tag.com\/de\/wp-json\/wp\/v2\/product_tag?post=193"}],"curies":[{"name":"wp","href":"https:\/\/api.w.org\/{rel}","templated":true}]}}