{"id":190,"date":"2024-06-16T05:17:47","date_gmt":"2024-06-16T05:17:47","guid":{"rendered":"https:\/\/rfid-laundry-tag.com\/?post_type=product&#038;p=190"},"modified":"2024-07-06T08:07:23","modified_gmt":"2024-07-06T08:07:23","slug":"paper-rfid-clothes-tag","status":"publish","type":"product","link":"https:\/\/rfid-laundry-tag.com\/de\/paper-rfid-clothes-tag\/","title":{"rendered":"RFID-Kleideretikett aus Papier"},"content":{"rendered":"<table class=\"has-title all magic-1\">\n<tbody>\n<tr>\n<td colspan=\"1\" rowspan=\"1\">\n<div class=\"magic-2\" data-spm-anchor-id=\"a2700.details.0.i84.7cea6afbA2IkLB\">Artikelname<\/div>\n<\/td>\n<td colspan=\"1\" rowspan=\"1\">\n<div class=\"magic-3\">RFID-Kleideretikett aus Papier<\/div>\n<\/td>\n<\/tr>\n<tr>\n<td colspan=\"1\" rowspan=\"1\">\n<div class=\"magic-2\">Gr\u00f6\u00dfe<\/div>\n<\/td>\n<td colspan=\"1\" rowspan=\"1\">\n<div class=\"magic-3\">90x40mm oder individuell<\/div>\n<\/td>\n<\/tr>\n<tr>\n<td colspan=\"1\" rowspan=\"1\">\n<div class=\"magic-2\">Frequenz<\/div>\n<\/td>\n<td colspan=\"1\" rowspan=\"1\">\n<div class=\"magic-3\">860-960 MHz<\/div>\n<\/td>\n<\/tr>\n<tr>\n<td colspan=\"1\" rowspan=\"1\">\n<div class=\"magic-2\">IC-Typ (Chip)<\/div>\n<\/td>\n<td colspan=\"1\" rowspan=\"1\">\n<div class=\"magic-3\">NXP Ucode 8 oder 9<\/div>\n<\/td>\n<\/tr>\n<tr>\n<td colspan=\"1\" rowspan=\"1\">\n<div class=\"magic-2\">Protokoll<\/div>\n<\/td>\n<td colspan=\"1\" rowspan=\"1\">\n<div class=\"magic-3\">ISO18000 6C<\/div>\n<\/td>\n<\/tr>\n<tr>\n<td colspan=\"1\" rowspan=\"1\">\n<div class=\"magic-4\">Erinnerung<\/div>\n<\/td>\n<td colspan=\"1\" rowspan=\"1\">\n<div class=\"magic-3\">EPC 96 Bit<\/div>\n<\/td>\n<\/tr>\n<tr>\n<td colspan=\"1\" rowspan=\"1\">\n<div class=\"magic-2\">Material<\/div>\n<\/td>\n<td colspan=\"1\" rowspan=\"1\">\n<div class=\"magic-3\">Papier, PET usw.<\/div>\n<\/td>\n<\/tr>\n<tr>\n<td colspan=\"1\" rowspan=\"1\">\n<div class=\"magic-2\">Drucken<\/div>\n<\/td>\n<td colspan=\"1\" rowspan=\"1\">\n<div class=\"magic-3\" data-spm-anchor-id=\"a2700.details.0.i85.7cea6afbA2IkLB\">Logo, QR-Code, Barcode, Seriennummer<\/div>\n<\/td>\n<\/tr>\n<tr>\n<td colspan=\"1\" rowspan=\"1\">\n<div class=\"magic-2\">Betriebstemperatur<\/div>\n<\/td>\n<td colspan=\"1\" rowspan=\"1\">\n<div class=\"magic-3\">-30 \u00b0C \u2013 +80 \u00b0C<\/div>\n<\/td>\n<\/tr>\n<tr>\n<td colspan=\"1\" rowspan=\"1\">\n<div class=\"magic-2\">Lesedistanz<\/div>\n<\/td>\n<td colspan=\"1\" rowspan=\"1\">\n<div class=\"magic-3\">Bis zu 15 m<\/div>\n<\/td>\n<\/tr>\n<tr>\n<td colspan=\"1\" rowspan=\"1\">\n<div class=\"magic-5\">Wird angebracht an<\/div>\n<\/td>\n<td colspan=\"1\" rowspan=\"1\">\n<div class=\"magic-3\">Bettw\u00e4sche und Kleidungsst\u00fccke<\/div>\n<\/td>\n<\/tr>\n<tr>\n<td colspan=\"1\" rowspan=\"1\">\n<div class=\"magic-4\">IP-Bewertung<\/div>\n<\/td>\n<td colspan=\"1\" rowspan=\"1\">\n<div class=\"magic-3\">IP67<\/div>\n<\/td>\n<\/tr>\n<tr>\n<td colspan=\"1\" rowspan=\"1\">\n<div class=\"magic-4\">Farbe<\/div>\n<\/td>\n<td colspan=\"1\" rowspan=\"1\">\n<div class=\"magic-3\">Wei\u00df<\/div>\n<\/td>\n<\/tr>\n<\/tbody>\n<\/table>\n<div><\/div>\n<div>Diese Tags bestehen aus Papier mit einem zentralen UHF-RFID-Chip und erm\u00f6glichen das Fernscannen. Unsere RFID-Tags sind derzeit in einer Reihe von Designs und Gr\u00f6\u00dfen erh\u00e4ltlich und k\u00f6nnen auch mit personalisierten Grafiken versehen werden. Dank dieser Funktion k\u00f6nnen die Tags als Branding-Vehikel dienen, ohne ihren Hauptzweck zu beeintr\u00e4chtigen.<\/div>\n<div><\/div>\n<div class=\"auto-hide-last-sibling-br paragraph_1252f paragraph-element\">RFID-Kleidungsetiketten spielen im Einzelhandel eine entscheidende Rolle und erf\u00fcllen zahlreiche Funktionen, von der Bestandsverwaltung und Diebstahlpr\u00e4vention bis hin zur Optimierung der Lieferkette.<\/div>\n<p>&nbsp;<\/p>\n<div class=\"auto-hide-last-sibling-br paragraph_1252f paragraph-element\">Um ihren Bestand effizienter zu verwalten, befestigen Einzelh\u00e4ndler an jedem Kleidungsst\u00fcck einen RFID-Tag. Diese Tags k\u00f6nnen mit RFID-Leseger\u00e4ten schnell und pr\u00e4zise gescannt werden, was die Geschwindigkeit und Effizienz der Bestandsaufnahme deutlich verbessert.<\/div>\n<p>&nbsp;<\/p>\n<div class=\"auto-hide-last-sibling-br paragraph_1252f paragraph-element\">Hier sind einige bemerkenswerte Vorteile der Verwendung von RFID-Kleidungsetiketten:<\/div>\n<div class=\"auto-hide-last-sibling-br paragraph_1252f paragraph-element\">Verlustpr\u00e4vention: Diese Tags stellen eine robuste Diebstahlpr\u00e4ventionsma\u00dfnahme dar. Wenn ein markierter Artikel ohne Deaktivierung einen Ausgang passiert, wird ein Alarm ausgel\u00f6st, der das Ladenpersonal \u00fcber einen m\u00f6glichen Diebstahlvorfall informiert.<\/div>\n<p>&nbsp;<\/p>\n<div class=\"auto-hide-last-sibling-br paragraph_1252f paragraph-element\">Optimierung der Lieferkette: Eine bessere Sichtbarkeit und Nachverfolgung von Kleidungsst\u00fccken in der gesamten Lieferkette wird durch RFID-Tags erreicht. Diese Echtzeit\u00fcberwachung erm\u00f6glicht Herstellern, H\u00e4ndlern und Einzelh\u00e4ndlern, die Logistik und Bestandskontrolle zu verbessern.<\/div>\n<div class=\"auto-hide-last-sibling-br paragraph_1252f paragraph-element\">Platzierung der Tags: Die Vielseitigkeit ist ein gro\u00dfes Plus von RFID-Tags. Sie k\u00f6nnen in das Kleidungsst\u00fcck eingen\u00e4ht, in ein Etikett oder H\u00e4ngeetikett eingef\u00fcgt oder in spezielle Sicherheitsetiketten integriert werden.<\/div>\n<div class=\"auto-hide-last-sibling-br paragraph_1252f paragraph-element\">Tag-Varianten: RFID-Tags gibt es in verschiedenen Varianten, darunter passive und aktive Tags. Passive Tags sind f\u00fcr die Daten\u00fcbertragung auf Energie vom RFID-Leseger\u00e4t angewiesen. Aktive Tags verf\u00fcgen dagegen \u00fcber eine eigene Stromquelle, sodass sie Daten \u00fcber gr\u00f6\u00dfere Entfernungen \u00fcbertragen k\u00f6nnen.<\/div>\n<div class=\"auto-hide-last-sibling-br paragraph_1252f paragraph-element\">Datensicherheit: Bei RFID-Systemen hat die Privatsph\u00e4re der Kunden h\u00f6chste Priorit\u00e4t. Um unbefugten Zugriff auf vertrauliche Informationen zu verhindern, werden h\u00e4ufig Verschl\u00fcsselungs- und Authentifizierungsprotokolle eingesetzt.<\/div>\n<div><\/div>\n<div>\n<div class=\"auto-hide-last-sibling-br paragraph_1252f paragraph-element\">UHF-RFID-Papieranh\u00e4nger bergen das gro\u00dfe Potenzial, Abl\u00e4ufe in Branchen wie dem Bekleidungseinzelhandelsmanagement, der Bekleidungsbestandsverwaltung und dem Bekleidungsversorgungskettenmanagement zu revolutionieren.<\/div>\n<p>&nbsp;<\/p>\n<div class=\"auto-hide-last-sibling-br paragraph_1252f paragraph-element\">Die Implementierung dieser Tags steigert die Effizienz enorm \u2013 Sie m\u00fcssen keine manuellen Stunden mehr f\u00fcr die Bestandsz\u00e4hlung oder Sendungsverfolgung aufwenden. Die RFID-Technologie erledigt das pr\u00e4zise und schnell f\u00fcr Sie, sodass sich Ihr Team auf andere wichtige Aufgaben konzentrieren kann.<\/div>\n<p>&nbsp;<\/p>\n<div class=\"auto-hide-last-sibling-br paragraph_1252f paragraph-element\">Ein weiterer wesentlicher Vorteil unserer RFID-Tags ist ihre h\u00f6here Genauigkeit. Das Risiko menschlicher Fehler bei der manuellen Nachverfolgung und Dateneingabe wird mit diesen automatisierten Tags effizient einged\u00e4mmt. Diese h\u00f6here Genauigkeit bei der Datenerfassung f\u00fchrt zu pr\u00e4ziseren Erkenntnissen und unterst\u00fctzt eine effektive Entscheidungsfindung in Ihrem Gesch\u00e4ftsbetrieb.<\/div>\n<p>&nbsp;<\/p>\n<div class=\"auto-hide-last-sibling-br paragraph_1252f paragraph-element\">H\u00f6here Effizienz und Genauigkeit optimieren gemeinsam Ihre Abl\u00e4ufe und f\u00fchren zu einer h\u00f6heren Rentabilit\u00e4t. Durch die Investition in unsere UHF-RFID-Papieranh\u00e4nger verbessern Sie nicht nur Ihre aktuelle Betriebseffizienz, sondern sorgen auch langfristig f\u00fcr ein nachhaltiges, profitables Wachstum Ihres Unternehmens.<\/div>\n<\/div>\n<p>&nbsp;<\/p>\n<p>&nbsp;<\/p>","protected":false},"excerpt":{"rendered":"<div class=\"auto-hide-last-sibling-br paragraph_1252f paragraph-element\">\n<div class=\"auto-hide-last-sibling-br paragraph_1252f paragraph-element\">\u00a0RFID-Papieretiketten f\u00fcr Kleidung bieten eine dynamische L\u00f6sung zur \u00dcberwachung und Kontrolle des Lagerbestands im Bekleidungssektor. Diese Etiketten werden haupts\u00e4chlich in Einzelhandelsgesch\u00e4ften und Bekleidungsfabriken eingesetzt und erm\u00f6glichen eine effiziente R\u00fcckverfolgung von Kleidungsst\u00fccken.<\/div>\n<p>&nbsp;<\/p>\n<div class=\"auto-hide-last-sibling-br paragraph_1252f paragraph-element\"><\/div>\n<\/div>","protected":false},"featured_media":191,"template":"","meta":{"_kad_post_transparent":"default","_kad_post_title":"","_kad_post_layout":"default","_kad_post_sidebar_id":"","_kad_post_content_style":"default","_kad_post_vertical_padding":"default","_kad_post_feature":"","_kad_post_feature_position":"","_kad_post_header":false,"_kad_post_footer":false,"_kad_post_classname":""},"product_brand":[],"product_cat":[53],"product_tag":[92,89,91],"class_list":{"0":"post-190","1":"product","2":"type-product","3":"status-publish","4":"has-post-thumbnail","6":"product_cat-rfid-clothes-tag","7":"product_tag-paper-rfid-clothes-tag","8":"product_tag-rfid-clothing-tags","9":"product_tag-uhf-rfid-paper-hang-tags","11":"first","12":"instock","13":"shipping-taxable","14":"product-type-simple","15":"entry","16":"content-bg","17":"loop-entry"},"_links":{"self":[{"href":"https:\/\/rfid-laundry-tag.com\/de\/wp-json\/wp\/v2\/product\/190","targetHints":{"allow":["GET"]}}],"collection":[{"href":"https:\/\/rfid-laundry-tag.com\/de\/wp-json\/wp\/v2\/product"}],"about":[{"href":"https:\/\/rfid-laundry-tag.com\/de\/wp-json\/wp\/v2\/types\/product"}],"version-history":[{"count":0,"href":"https:\/\/rfid-laundry-tag.com\/de\/wp-json\/wp\/v2\/product\/190\/revisions"}],"wp:featuredmedia":[{"embeddable":true,"href":"https:\/\/rfid-laundry-tag.com\/de\/wp-json\/wp\/v2\/media\/191"}],"wp:attachment":[{"href":"https:\/\/rfid-laundry-tag.com\/de\/wp-json\/wp\/v2\/media?parent=190"}],"wp:term":[{"taxonomy":"product_brand","embeddable":true,"href":"https:\/\/rfid-laundry-tag.com\/de\/wp-json\/wp\/v2\/product_brand?post=190"},{"taxonomy":"product_cat","embeddable":true,"href":"https:\/\/rfid-laundry-tag.com\/de\/wp-json\/wp\/v2\/product_cat?post=190"},{"taxonomy":"product_tag","embeddable":true,"href":"https:\/\/rfid-laundry-tag.com\/de\/wp-json\/wp\/v2\/product_tag?post=190"}],"curies":[{"name":"wp","href":"https:\/\/api.w.org\/{rel}","templated":true}]}}